{"id":12119,"date":"2021-05-11T13:36:33","date_gmt":"2021-09-21T12:55:08","guid":{"rendered":"https:\/\/naturalpoland.pl\/produkty\/Ei-luokiteltu\/l-sitrulliini-alfa-ketoglutaraatti-2-1\/"},"modified":"2021-09-21T14:55:08","modified_gmt":"2021-09-21T12:55:08","slug":"alfa-ketoglutaraatti-1-sitrulliini-21","status":"publish","type":"product","link":"https:\/\/naturalpoland.com\/fi\/tuotteet\/laaketeollisuuden-tuotteet\/aminohapot\/alfa-ketoglutaraatti-1-sitrulliini-21\/","title":{"rendered":"L-sitrulliini-alfa-ketoglutaraatti 2: 1"},"content":{"rendered":"<p>L-sitrulliini 2: 1 alfa-ketoglutaraatti on t\u00e4rke\u00e4 typen kuljetuksessa kehossa. Sen ansiosta urean muodossa oleva ammoniakki poistetaan tehokkaasti lihaksista. Lis\u00e4aineiden k\u00e4ytt\u00f6 t\u00e4m\u00e4n aineen avulla voit toipua nopeammin intensiivisen liikunnan j\u00e4lkeen ja mahdollistaa pidempien ja raskaampien harjoitusten suorittamisen. T\u00e4m\u00e4 toimenpide s\u00e4\u00e4telee my\u00f6s verenkiertoa.<\/p>\n","protected":false},"excerpt":{"rendered":"<p>L-sitrulliini-alfa-ketoglutaraatti 2: 1 on molekyyli, joka on luotu laboratoriossa glutaarihappomolekyylin tai sitrulliinin johdannaisesta, joka on toisen aminohapon-ornitiinin-johdannainen. T\u00e4ss\u00e4 valmisteessa on yksi sitrulliinimolekyyli kahdelle glutaarihappomolekyylille. Sit\u00e4 k\u00e4ytet\u00e4\u00e4n ennen ja j\u00e4lkeen treenin lis\u00e4ravinteiden valmistuksessa.<\/p>\n","protected":false},"featured_media":7717,"template":"","meta":{"_acf_changed":false},"product_brand":[],"product_cat":[534],"product_tag":[1642],"class_list":{"0":"post-12119","1":"product","2":"type-product","3":"status-publish","4":"has-post-thumbnail","6":"product_cat-aminohapot","7":"product_tag-tuote-ei-saatavilla","9":"first","10":"instock","11":"shipping-taxable","12":"product-type-simple"},"acf":[],"yoast_head":"<!-- This site is optimized with the Yoast SEO plugin v27.5 - https:\/\/yoast.com\/product\/yoast-seo-wordpress\/ -->\n<title>L-sitrulliini-alfa-ketoglutaraatti 2: 1 - Tukkudistribuutio<\/title>\n<meta name=\"robots\" content=\"index, follow, max-snippet:-1, max-image-preview:large, max-video-preview:-1\" \/>\n<link rel=\"canonical\" href=\"https:\/\/naturalpoland.com\/fi\/tuotteet\/laaketeollisuuden-tuotteet\/aminohapot\/alfa-ketoglutaraatti-1-sitrulliini-21\/\" \/>\n<meta property=\"og:locale\" content=\"fi_FI\" \/>\n<meta property=\"og:type\" content=\"article\" \/>\n<meta property=\"og:title\" content=\"L-sitrulliini-alfa-ketoglutaraatti 2: 1 - Tukkudistribuutio\" \/>\n<meta property=\"og:description\" content=\"L-sitrulliini-alfa-ketoglutaraatti 2: 1 on molekyyli, joka on luotu laboratoriossa glutaarihappomolekyylin tai sitrulliinin johdannaisesta, joka on toisen aminohapon-ornitiinin-johdannainen. T\u00e4ss\u00e4 valmisteessa on yksi sitrulliinimolekyyli kahdelle glutaarihappomolekyylille. Sit\u00e4 k\u00e4ytet\u00e4\u00e4n ennen ja j\u00e4lkeen treenin lis\u00e4ravinteiden valmistuksessa.\" \/>\n<meta property=\"og:url\" content=\"https:\/\/naturalpoland.com\/fi\/tuotteet\/laaketeollisuuden-tuotteet\/aminohapot\/alfa-ketoglutaraatti-1-sitrulliini-21\/\" \/>\n<meta property=\"og:site_name\" content=\"NATURAL POLAND - RAAKA-AINEIDEN TUKKUJAKELIJA\" \/>\n<meta property=\"article:publisher\" content=\"https:\/\/www.facebook.com\/naturalpoland.b2b\" \/>\n<meta property=\"og:image\" content=\"https:\/\/naturalpoland.com\/wp-content\/uploads\/2021\/05\/l-citrulline-alpha-ketoglutarate-2-1-e1683622451356.png\" \/>\n\t<meta property=\"og:image:width\" content=\"800\" \/>\n\t<meta property=\"og:image:height\" content=\"477\" \/>\n\t<meta property=\"og:image:type\" content=\"image\/png\" \/>\n<script type=\"application\/ld+json\" class=\"yoast-schema-graph\">{\"@context\":\"https:\\\/\\\/schema.org\",\"@graph\":[{\"@type\":\"WebPage\",\"@id\":\"https:\\\/\\\/naturalpoland.com\\\/fi\\\/tuotteet\\\/laaketeollisuuden-tuotteet\\\/aminohapot\\\/alfa-ketoglutaraatti-1-sitrulliini-21\\\/\",\"url\":\"https:\\\/\\\/naturalpoland.com\\\/fi\\\/tuotteet\\\/laaketeollisuuden-tuotteet\\\/aminohapot\\\/alfa-ketoglutaraatti-1-sitrulliini-21\\\/\",\"name\":\"L-sitrulliini-alfa-ketoglutaraatti 2: 1 - Tukkudistribuutio\",\"isPartOf\":{\"@id\":\"https:\\\/\\\/naturalpoland.com\\\/fi\\\/#website\"},\"primaryImageOfPage\":{\"@id\":\"https:\\\/\\\/naturalpoland.com\\\/fi\\\/tuotteet\\\/laaketeollisuuden-tuotteet\\\/aminohapot\\\/alfa-ketoglutaraatti-1-sitrulliini-21\\\/#primaryimage\"},\"image\":{\"@id\":\"https:\\\/\\\/naturalpoland.com\\\/fi\\\/tuotteet\\\/laaketeollisuuden-tuotteet\\\/aminohapot\\\/alfa-ketoglutaraatti-1-sitrulliini-21\\\/#primaryimage\"},\"thumbnailUrl\":\"https:\\\/\\\/naturalpoland.com\\\/wp-content\\\/uploads\\\/2021\\\/05\\\/l-citrulline-alpha-ketoglutarate-2-1-e1683622451356.png\",\"datePublished\":\"2021-09-21T12:55:08+00:00\",\"breadcrumb\":{\"@id\":\"https:\\\/\\\/naturalpoland.com\\\/fi\\\/tuotteet\\\/laaketeollisuuden-tuotteet\\\/aminohapot\\\/alfa-ketoglutaraatti-1-sitrulliini-21\\\/#breadcrumb\"},\"inLanguage\":\"fi\",\"potentialAction\":[{\"@type\":\"ReadAction\",\"target\":[\"https:\\\/\\\/naturalpoland.com\\\/fi\\\/tuotteet\\\/laaketeollisuuden-tuotteet\\\/aminohapot\\\/alfa-ketoglutaraatti-1-sitrulliini-21\\\/\"]}]},{\"@type\":\"ImageObject\",\"inLanguage\":\"fi\",\"@id\":\"https:\\\/\\\/naturalpoland.com\\\/fi\\\/tuotteet\\\/laaketeollisuuden-tuotteet\\\/aminohapot\\\/alfa-ketoglutaraatti-1-sitrulliini-21\\\/#primaryimage\",\"url\":\"https:\\\/\\\/naturalpoland.com\\\/wp-content\\\/uploads\\\/2021\\\/05\\\/l-citrulline-alpha-ketoglutarate-2-1-e1683622451356.png\",\"contentUrl\":\"https:\\\/\\\/naturalpoland.com\\\/wp-content\\\/uploads\\\/2021\\\/05\\\/l-citrulline-alpha-ketoglutarate-2-1-e1683622451356.png\",\"width\":800,\"height\":477},{\"@type\":\"BreadcrumbList\",\"@id\":\"https:\\\/\\\/naturalpoland.com\\\/fi\\\/tuotteet\\\/laaketeollisuuden-tuotteet\\\/aminohapot\\\/alfa-ketoglutaraatti-1-sitrulliini-21\\\/#breadcrumb\",\"itemListElement\":[{\"@type\":\"ListItem\",\"position\":1,\"name\":\"Etusivu\",\"item\":\"https:\\\/\\\/naturalpoland.com\\\/fi\\\/\"},{\"@type\":\"ListItem\",\"position\":2,\"name\":\"Tuotteet\",\"item\":\"https:\\\/\\\/naturalpoland.com\\\/fi\\\/tuotteet\\\/\"},{\"@type\":\"ListItem\",\"position\":3,\"name\":\"L-sitrulliini-alfa-ketoglutaraatti 2: 1\"}]},{\"@type\":\"WebSite\",\"@id\":\"https:\\\/\\\/naturalpoland.com\\\/fi\\\/#website\",\"url\":\"https:\\\/\\\/naturalpoland.com\\\/fi\\\/\",\"name\":\"NATURAL POLAND - RAAKA-AINEIDEN TUKKUJAKELIJA\",\"description\":\"Surowce dla przemys\u0142u spo\u017cywczego, kosmetycznego i farmaceutycznego\",\"publisher\":{\"@id\":\"https:\\\/\\\/naturalpoland.com\\\/fi\\\/#organization\"},\"potentialAction\":[{\"@type\":\"SearchAction\",\"target\":{\"@type\":\"EntryPoint\",\"urlTemplate\":\"https:\\\/\\\/naturalpoland.com\\\/fi\\\/?s={search_term_string}\"},\"query-input\":{\"@type\":\"PropertyValueSpecification\",\"valueRequired\":true,\"valueName\":\"search_term_string\"}}],\"inLanguage\":\"fi\"},{\"@type\":\"Organization\",\"@id\":\"https:\\\/\\\/naturalpoland.com\\\/fi\\\/#organization\",\"name\":\"Natural Poland\",\"url\":\"https:\\\/\\\/naturalpoland.com\\\/fi\\\/\",\"logo\":{\"@type\":\"ImageObject\",\"inLanguage\":\"fi\",\"@id\":\"https:\\\/\\\/naturalpoland.com\\\/fi\\\/#\\\/schema\\\/logo\\\/image\\\/\",\"url\":\"https:\\\/\\\/naturalpoland.com\\\/wp-content\\\/uploads\\\/2021\\\/05\\\/natural-poland-icon.png\",\"contentUrl\":\"https:\\\/\\\/naturalpoland.com\\\/wp-content\\\/uploads\\\/2021\\\/05\\\/natural-poland-icon.png\",\"width\":512,\"height\":512,\"caption\":\"Natural Poland\"},\"image\":{\"@id\":\"https:\\\/\\\/naturalpoland.com\\\/fi\\\/#\\\/schema\\\/logo\\\/image\\\/\"},\"sameAs\":[\"https:\\\/\\\/www.facebook.com\\\/naturalpoland.b2b\",\"https:\\\/\\\/pl.linkedin.com\\\/company\\\/natural-poland\",\"https:\\\/\\\/www.youtube.com\\\/channel\\\/UCgeGGkvOMahZo-xu_MSEWxg\"]}]}<\/script>\n<!-- \/ Yoast SEO plugin. -->","yoast_head_json":{"title":"L-sitrulliini-alfa-ketoglutaraatti 2: 1 - Tukkudistribuutio","robots":{"index":"index","follow":"follow","max-snippet":"max-snippet:-1","max-image-preview":"max-image-preview:large","max-video-preview":"max-video-preview:-1"},"canonical":"https:\/\/naturalpoland.com\/fi\/tuotteet\/laaketeollisuuden-tuotteet\/aminohapot\/alfa-ketoglutaraatti-1-sitrulliini-21\/","og_locale":"fi_FI","og_type":"article","og_title":"L-sitrulliini-alfa-ketoglutaraatti 2: 1 - Tukkudistribuutio","og_description":"L-sitrulliini-alfa-ketoglutaraatti 2: 1 on molekyyli, joka on luotu laboratoriossa glutaarihappomolekyylin tai sitrulliinin johdannaisesta, joka on toisen aminohapon-ornitiinin-johdannainen. T\u00e4ss\u00e4 valmisteessa on yksi sitrulliinimolekyyli kahdelle glutaarihappomolekyylille. Sit\u00e4 k\u00e4ytet\u00e4\u00e4n ennen ja j\u00e4lkeen treenin lis\u00e4ravinteiden valmistuksessa.","og_url":"https:\/\/naturalpoland.com\/fi\/tuotteet\/laaketeollisuuden-tuotteet\/aminohapot\/alfa-ketoglutaraatti-1-sitrulliini-21\/","og_site_name":"NATURAL POLAND - RAAKA-AINEIDEN TUKKUJAKELIJA","article_publisher":"https:\/\/www.facebook.com\/naturalpoland.b2b","og_image":[{"width":800,"height":477,"url":"https:\/\/naturalpoland.com\/wp-content\/uploads\/2021\/05\/l-citrulline-alpha-ketoglutarate-2-1-e1683622451356.png","type":"image\/png"}],"schema":{"@context":"https:\/\/schema.org","@graph":[{"@type":"WebPage","@id":"https:\/\/naturalpoland.com\/fi\/tuotteet\/laaketeollisuuden-tuotteet\/aminohapot\/alfa-ketoglutaraatti-1-sitrulliini-21\/","url":"https:\/\/naturalpoland.com\/fi\/tuotteet\/laaketeollisuuden-tuotteet\/aminohapot\/alfa-ketoglutaraatti-1-sitrulliini-21\/","name":"L-sitrulliini-alfa-ketoglutaraatti 2: 1 - Tukkudistribuutio","isPartOf":{"@id":"https:\/\/naturalpoland.com\/fi\/#website"},"primaryImageOfPage":{"@id":"https:\/\/naturalpoland.com\/fi\/tuotteet\/laaketeollisuuden-tuotteet\/aminohapot\/alfa-ketoglutaraatti-1-sitrulliini-21\/#primaryimage"},"image":{"@id":"https:\/\/naturalpoland.com\/fi\/tuotteet\/laaketeollisuuden-tuotteet\/aminohapot\/alfa-ketoglutaraatti-1-sitrulliini-21\/#primaryimage"},"thumbnailUrl":"https:\/\/naturalpoland.com\/wp-content\/uploads\/2021\/05\/l-citrulline-alpha-ketoglutarate-2-1-e1683622451356.png","datePublished":"2021-09-21T12:55:08+00:00","breadcrumb":{"@id":"https:\/\/naturalpoland.com\/fi\/tuotteet\/laaketeollisuuden-tuotteet\/aminohapot\/alfa-ketoglutaraatti-1-sitrulliini-21\/#breadcrumb"},"inLanguage":"fi","potentialAction":[{"@type":"ReadAction","target":["https:\/\/naturalpoland.com\/fi\/tuotteet\/laaketeollisuuden-tuotteet\/aminohapot\/alfa-ketoglutaraatti-1-sitrulliini-21\/"]}]},{"@type":"ImageObject","inLanguage":"fi","@id":"https:\/\/naturalpoland.com\/fi\/tuotteet\/laaketeollisuuden-tuotteet\/aminohapot\/alfa-ketoglutaraatti-1-sitrulliini-21\/#primaryimage","url":"https:\/\/naturalpoland.com\/wp-content\/uploads\/2021\/05\/l-citrulline-alpha-ketoglutarate-2-1-e1683622451356.png","contentUrl":"https:\/\/naturalpoland.com\/wp-content\/uploads\/2021\/05\/l-citrulline-alpha-ketoglutarate-2-1-e1683622451356.png","width":800,"height":477},{"@type":"BreadcrumbList","@id":"https:\/\/naturalpoland.com\/fi\/tuotteet\/laaketeollisuuden-tuotteet\/aminohapot\/alfa-ketoglutaraatti-1-sitrulliini-21\/#breadcrumb","itemListElement":[{"@type":"ListItem","position":1,"name":"Etusivu","item":"https:\/\/naturalpoland.com\/fi\/"},{"@type":"ListItem","position":2,"name":"Tuotteet","item":"https:\/\/naturalpoland.com\/fi\/tuotteet\/"},{"@type":"ListItem","position":3,"name":"L-sitrulliini-alfa-ketoglutaraatti 2: 1"}]},{"@type":"WebSite","@id":"https:\/\/naturalpoland.com\/fi\/#website","url":"https:\/\/naturalpoland.com\/fi\/","name":"NATURAL POLAND - RAAKA-AINEIDEN TUKKUJAKELIJA","description":"Surowce dla przemys\u0142u spo\u017cywczego, kosmetycznego i farmaceutycznego","publisher":{"@id":"https:\/\/naturalpoland.com\/fi\/#organization"},"potentialAction":[{"@type":"SearchAction","target":{"@type":"EntryPoint","urlTemplate":"https:\/\/naturalpoland.com\/fi\/?s={search_term_string}"},"query-input":{"@type":"PropertyValueSpecification","valueRequired":true,"valueName":"search_term_string"}}],"inLanguage":"fi"},{"@type":"Organization","@id":"https:\/\/naturalpoland.com\/fi\/#organization","name":"Natural Poland","url":"https:\/\/naturalpoland.com\/fi\/","logo":{"@type":"ImageObject","inLanguage":"fi","@id":"https:\/\/naturalpoland.com\/fi\/#\/schema\/logo\/image\/","url":"https:\/\/naturalpoland.com\/wp-content\/uploads\/2021\/05\/natural-poland-icon.png","contentUrl":"https:\/\/naturalpoland.com\/wp-content\/uploads\/2021\/05\/natural-poland-icon.png","width":512,"height":512,"caption":"Natural Poland"},"image":{"@id":"https:\/\/naturalpoland.com\/fi\/#\/schema\/logo\/image\/"},"sameAs":["https:\/\/www.facebook.com\/naturalpoland.b2b","https:\/\/pl.linkedin.com\/company\/natural-poland","https:\/\/www.youtube.com\/channel\/UCgeGGkvOMahZo-xu_MSEWxg"]}]}},"_links":{"self":[{"href":"https:\/\/naturalpoland.com\/fi\/wp-json\/wp\/v2\/product\/12119","targetHints":{"allow":["GET"]}}],"collection":[{"href":"https:\/\/naturalpoland.com\/fi\/wp-json\/wp\/v2\/product"}],"about":[{"href":"https:\/\/naturalpoland.com\/fi\/wp-json\/wp\/v2\/types\/product"}],"wp:featuredmedia":[{"embeddable":true,"href":"https:\/\/naturalpoland.com\/fi\/wp-json\/wp\/v2\/media\/7717"}],"wp:attachment":[{"href":"https:\/\/naturalpoland.com\/fi\/wp-json\/wp\/v2\/media?parent=12119"}],"wp:term":[{"taxonomy":"product_brand","embeddable":true,"href":"https:\/\/naturalpoland.com\/fi\/wp-json\/wp\/v2\/product_brand?post=12119"},{"taxonomy":"product_cat","embeddable":true,"href":"https:\/\/naturalpoland.com\/fi\/wp-json\/wp\/v2\/product_cat?post=12119"},{"taxonomy":"product_tag","embeddable":true,"href":"https:\/\/naturalpoland.com\/fi\/wp-json\/wp\/v2\/product_tag?post=12119"}],"curies":[{"name":"wp","href":"https:\/\/api.w.org\/{rel}","templated":true}]}}