{"id":17243,"date":"2022-01-13T14:59:16","date_gmt":"2022-01-13T13:59:16","guid":{"rendered":"https:\/\/naturalpoland.pl\/produkty\/Ei-luokiteltu\/kuolleenmeren-suola\/"},"modified":"2025-10-22T10:30:01","modified_gmt":"2025-10-22T08:30:01","slug":"kuolleenmeren-suola","status":"publish","type":"product","link":"https:\/\/naturalpoland.com\/fi\/tuotteet\/kosmetiikkateollisuuden-tuotteet\/kosmetiikan-raaka-aineet\/kuolleenmeren-suola\/","title":{"rendered":"Kuolleenmeren suola"},"content":{"rendered":"<h2>Kuolleenmeren suolan ominaisuudet ja k\u00e4ytt\u00f6:<\/h2>\n<ol>\n<li>Suolassa olevat mineraalit vaikuttavat <strong>terapeuttisesti iholle<\/strong>. Ne edist\u00e4v\u00e4t ihon uudistumista ja kosteutusta, lievitt\u00e4v\u00e4t kuivuuden ja punoituksen oireita sek\u00e4 tukevat uudistumisprosesseja. Suolakylvyt auttavat v\u00e4hent\u00e4m\u00e4\u00e4n tulehdusta ja tukevat psoriaasin ja ekseeman hoitoa.  <\/li>\n<li><strong>Suolalis\u00e4yksell\u00e4 varustetut kylvyt edist\u00e4v\u00e4t rentoutumista<\/strong>, auttavat lihaskipuihin, reumaan ja turvotukseen. Liuottamalla suolaa kylpyammeeseen saadaan mineraalirikas liuos, joka rentouttaa kehoa, alentaa verenpainetta ja tukee palautumista fyysisen rasituksen j\u00e4lkeen. <\/li>\n<li>Kuolleenmeren suola, jota k\u00e4ytet\u00e4\u00e4n <strong>hiustenhoidossa<\/strong>, v\u00e4hent\u00e4\u00e4 p\u00e4\u00e4nahan liiallista rasvoittumista, auttaa poistamaan kuollutta ihosolukkoa ja ep\u00e4puhtauksia sek\u00e4 vahvistaa hiustuppia.<\/li>\n<li>Suolaa voidaan k\u00e4ytt\u00e4\u00e4 luonnollisena <strong>kasvojen ja vartalon kuorintana<\/strong>. Se auttaa kuorimaan kuolleita ihosoluja, avaamaan ihohuokosia ja antamaan iholle sileytt\u00e4 ja hehkua. <\/li>\n<li><strong>Jalkakylvyt<\/strong> suolalis\u00e4yksell\u00e4 ovat sieni\u00e4 ehk\u00e4isevi\u00e4, antiseptisi\u00e4 ja kynsi\u00e4 vahvistavia. Lis\u00e4ksi t\u00e4llaiset kylvyt tuovat helpotusta v\u00e4syneille jaloille. <\/li>\n<\/ol>\n<p>Luonnollinen Kuolleenmeren suola sis\u00e4lt\u00e4\u00e4 53 % magnesiumkloridia ja 37 % kaliumkloridia sek\u00e4 bromideja, jotka rauhoittavat hermostoa ja parantavat yleist\u00e4 hyvinvointia. Tutkimuksissa on vahvistettu, ett\u00e4 suolakylvyt vahvistavat ihon suojakerrosta ja lis\u00e4\u00e4v\u00e4t sen sarveiskerroksen kosteutta. <\/p>\n","protected":false},"excerpt":{"rendered":"<p><strong>Kuolleenmeren suola<\/strong> on luonnollinen, puhdistamaton tuote, joka sis\u00e4lt\u00e4\u00e4 runsaasti arvokkaita mineraaleja, kuten kalsiumia, magnesiumia, kaliumia, rautaa, mangaania ja sinkki\u00e4. N\u00e4m\u00e4 mineraalit auttavat vahvistamaan orvaskett\u00e4 ja lievitt\u00e4v\u00e4t dermatologisia ongelmia, kuten psoriaasia, ekseemaa, aknea tai ihon liiallista rasvoittumista. Kuolleenmeren suolan korkea magnesiumkloridipitoisuus antaa sille voimakkaita puhdistavia ja antibakteerisia ominaisuuksia.  <\/p>\n","protected":false},"featured_media":17095,"template":"","meta":{"_acf_changed":false},"product_brand":[],"product_cat":[544,939],"product_tag":[],"class_list":{"0":"post-17243","1":"product","2":"type-product","3":"status-publish","4":"has-post-thumbnail","6":"product_cat-kosmetiikan-raaka-aineet","7":"product_cat-valmistuneet-tuotteet","9":"first","10":"instock","11":"shipping-taxable","12":"product-type-simple"},"acf":[],"yoast_head":"<!-- This site is optimized with the Yoast SEO plugin v27.6 - https:\/\/yoast.com\/product\/yoast-seo-wordpress\/ -->\n<title>Kuolleenmeren suola - NATURAL POLAND - RAAKA-AINEIDEN TUKKUJAKELIJA<\/title>\n<meta name=\"description\" content=\"Kuolleenmeren suola on tarkoitettu k\u00e4ytett\u00e4v\u00e4ksi rentouttavien kylpyjen, kosmetiikan ja ongelmaihon hoidon ainesosana.\" \/>\n<meta name=\"robots\" content=\"index, follow, max-snippet:-1, max-image-preview:large, max-video-preview:-1\" \/>\n<link rel=\"canonical\" href=\"https:\/\/naturalpoland.com\/fi\/tuotteet\/kosmetiikkateollisuuden-tuotteet\/kosmetiikan-raaka-aineet\/kuolleenmeren-suola\/\" \/>\n<meta property=\"og:locale\" content=\"fi_FI\" \/>\n<meta property=\"og:type\" content=\"article\" \/>\n<meta property=\"og:title\" content=\"Kuolleenmeren suola - NATURAL POLAND - RAAKA-AINEIDEN TUKKUJAKELIJA\" \/>\n<meta property=\"og:description\" content=\"Kuolleenmeren suola on tarkoitettu k\u00e4ytett\u00e4v\u00e4ksi rentouttavien kylpyjen, kosmetiikan ja ongelmaihon hoidon ainesosana.\" \/>\n<meta property=\"og:url\" content=\"https:\/\/naturalpoland.com\/fi\/tuotteet\/kosmetiikkateollisuuden-tuotteet\/kosmetiikan-raaka-aineet\/kuolleenmeren-suola\/\" \/>\n<meta property=\"og:site_name\" content=\"NATURAL POLAND - RAAKA-AINEIDEN TUKKUJAKELIJA\" \/>\n<meta property=\"article:publisher\" content=\"https:\/\/www.facebook.com\/naturalpoland.b2b\" \/>\n<meta property=\"article:modified_time\" content=\"2025-10-22T08:30:01+00:00\" \/>\n<meta property=\"og:image\" content=\"https:\/\/naturalpoland.com\/wp-content\/uploads\/sol-z-morza-martwego.jpg\" \/>\n\t<meta property=\"og:image:width\" content=\"650\" \/>\n\t<meta property=\"og:image:height\" content=\"650\" \/>\n\t<meta property=\"og:image:type\" content=\"image\/jpeg\" \/>\n<script type=\"application\/ld+json\" class=\"yoast-schema-graph\">{\"@context\":\"https:\\\/\\\/schema.org\",\"@graph\":[{\"@type\":\"WebPage\",\"@id\":\"https:\\\/\\\/naturalpoland.com\\\/fi\\\/tuotteet\\\/kosmetiikkateollisuuden-tuotteet\\\/kosmetiikan-raaka-aineet\\\/kuolleenmeren-suola\\\/\",\"url\":\"https:\\\/\\\/naturalpoland.com\\\/fi\\\/tuotteet\\\/kosmetiikkateollisuuden-tuotteet\\\/kosmetiikan-raaka-aineet\\\/kuolleenmeren-suola\\\/\",\"name\":\"Kuolleenmeren suola - NATURAL POLAND - RAAKA-AINEIDEN TUKKUJAKELIJA\",\"isPartOf\":{\"@id\":\"https:\\\/\\\/naturalpoland.com\\\/fi\\\/#website\"},\"primaryImageOfPage\":{\"@id\":\"https:\\\/\\\/naturalpoland.com\\\/fi\\\/tuotteet\\\/kosmetiikkateollisuuden-tuotteet\\\/kosmetiikan-raaka-aineet\\\/kuolleenmeren-suola\\\/#primaryimage\"},\"image\":{\"@id\":\"https:\\\/\\\/naturalpoland.com\\\/fi\\\/tuotteet\\\/kosmetiikkateollisuuden-tuotteet\\\/kosmetiikan-raaka-aineet\\\/kuolleenmeren-suola\\\/#primaryimage\"},\"thumbnailUrl\":\"https:\\\/\\\/naturalpoland.com\\\/wp-content\\\/uploads\\\/sol-z-morza-martwego.jpg\",\"datePublished\":\"2022-01-13T13:59:16+00:00\",\"dateModified\":\"2025-10-22T08:30:01+00:00\",\"description\":\"Kuolleenmeren suola on tarkoitettu k\u00e4ytett\u00e4v\u00e4ksi rentouttavien kylpyjen, kosmetiikan ja ongelmaihon hoidon ainesosana.\",\"breadcrumb\":{\"@id\":\"https:\\\/\\\/naturalpoland.com\\\/fi\\\/tuotteet\\\/kosmetiikkateollisuuden-tuotteet\\\/kosmetiikan-raaka-aineet\\\/kuolleenmeren-suola\\\/#breadcrumb\"},\"inLanguage\":\"fi\",\"potentialAction\":[{\"@type\":\"ReadAction\",\"target\":[\"https:\\\/\\\/naturalpoland.com\\\/fi\\\/tuotteet\\\/kosmetiikkateollisuuden-tuotteet\\\/kosmetiikan-raaka-aineet\\\/kuolleenmeren-suola\\\/\"]}]},{\"@type\":\"ImageObject\",\"inLanguage\":\"fi\",\"@id\":\"https:\\\/\\\/naturalpoland.com\\\/fi\\\/tuotteet\\\/kosmetiikkateollisuuden-tuotteet\\\/kosmetiikan-raaka-aineet\\\/kuolleenmeren-suola\\\/#primaryimage\",\"url\":\"https:\\\/\\\/naturalpoland.com\\\/wp-content\\\/uploads\\\/sol-z-morza-martwego.jpg\",\"contentUrl\":\"https:\\\/\\\/naturalpoland.com\\\/wp-content\\\/uploads\\\/sol-z-morza-martwego.jpg\",\"width\":650,\"height\":650,\"caption\":\"Kuolleenmeren suolaa\"},{\"@type\":\"BreadcrumbList\",\"@id\":\"https:\\\/\\\/naturalpoland.com\\\/fi\\\/tuotteet\\\/kosmetiikkateollisuuden-tuotteet\\\/kosmetiikan-raaka-aineet\\\/kuolleenmeren-suola\\\/#breadcrumb\",\"itemListElement\":[{\"@type\":\"ListItem\",\"position\":1,\"name\":\"Etusivu\",\"item\":\"https:\\\/\\\/naturalpoland.com\\\/fi\\\/\"},{\"@type\":\"ListItem\",\"position\":2,\"name\":\"Tuotteet\",\"item\":\"https:\\\/\\\/naturalpoland.com\\\/fi\\\/tuotteet\\\/\"},{\"@type\":\"ListItem\",\"position\":3,\"name\":\"Kuolleenmeren suola\"}]},{\"@type\":\"WebSite\",\"@id\":\"https:\\\/\\\/naturalpoland.com\\\/fi\\\/#website\",\"url\":\"https:\\\/\\\/naturalpoland.com\\\/fi\\\/\",\"name\":\"NATURAL POLAND - RAAKA-AINEIDEN TUKKUJAKELIJA\",\"description\":\"Surowce dla przemys\u0142u spo\u017cywczego, kosmetycznego i farmaceutycznego\",\"publisher\":{\"@id\":\"https:\\\/\\\/naturalpoland.com\\\/fi\\\/#organization\"},\"potentialAction\":[{\"@type\":\"SearchAction\",\"target\":{\"@type\":\"EntryPoint\",\"urlTemplate\":\"https:\\\/\\\/naturalpoland.com\\\/fi\\\/?s={search_term_string}\"},\"query-input\":{\"@type\":\"PropertyValueSpecification\",\"valueRequired\":true,\"valueName\":\"search_term_string\"}}],\"inLanguage\":\"fi\"},{\"@type\":\"Organization\",\"@id\":\"https:\\\/\\\/naturalpoland.com\\\/fi\\\/#organization\",\"name\":\"Natural Poland\",\"url\":\"https:\\\/\\\/naturalpoland.com\\\/fi\\\/\",\"logo\":{\"@type\":\"ImageObject\",\"inLanguage\":\"fi\",\"@id\":\"https:\\\/\\\/naturalpoland.com\\\/fi\\\/#\\\/schema\\\/logo\\\/image\\\/\",\"url\":\"https:\\\/\\\/naturalpoland.com\\\/wp-content\\\/uploads\\\/2021\\\/05\\\/natural-poland-icon.png\",\"contentUrl\":\"https:\\\/\\\/naturalpoland.com\\\/wp-content\\\/uploads\\\/2021\\\/05\\\/natural-poland-icon.png\",\"width\":512,\"height\":512,\"caption\":\"Natural Poland\"},\"image\":{\"@id\":\"https:\\\/\\\/naturalpoland.com\\\/fi\\\/#\\\/schema\\\/logo\\\/image\\\/\"},\"sameAs\":[\"https:\\\/\\\/www.facebook.com\\\/naturalpoland.b2b\",\"https:\\\/\\\/pl.linkedin.com\\\/company\\\/natural-poland\",\"https:\\\/\\\/www.youtube.com\\\/channel\\\/UCgeGGkvOMahZo-xu_MSEWxg\"]}]}<\/script>\n<!-- \/ Yoast SEO plugin. -->","yoast_head_json":{"title":"Kuolleenmeren suola - NATURAL POLAND - RAAKA-AINEIDEN TUKKUJAKELIJA","description":"Kuolleenmeren suola on tarkoitettu k\u00e4ytett\u00e4v\u00e4ksi rentouttavien kylpyjen, kosmetiikan ja ongelmaihon hoidon ainesosana.","robots":{"index":"index","follow":"follow","max-snippet":"max-snippet:-1","max-image-preview":"max-image-preview:large","max-video-preview":"max-video-preview:-1"},"canonical":"https:\/\/naturalpoland.com\/fi\/tuotteet\/kosmetiikkateollisuuden-tuotteet\/kosmetiikan-raaka-aineet\/kuolleenmeren-suola\/","og_locale":"fi_FI","og_type":"article","og_title":"Kuolleenmeren suola - NATURAL POLAND - RAAKA-AINEIDEN TUKKUJAKELIJA","og_description":"Kuolleenmeren suola on tarkoitettu k\u00e4ytett\u00e4v\u00e4ksi rentouttavien kylpyjen, kosmetiikan ja ongelmaihon hoidon ainesosana.","og_url":"https:\/\/naturalpoland.com\/fi\/tuotteet\/kosmetiikkateollisuuden-tuotteet\/kosmetiikan-raaka-aineet\/kuolleenmeren-suola\/","og_site_name":"NATURAL POLAND - RAAKA-AINEIDEN TUKKUJAKELIJA","article_publisher":"https:\/\/www.facebook.com\/naturalpoland.b2b","article_modified_time":"2025-10-22T08:30:01+00:00","og_image":[{"width":650,"height":650,"url":"https:\/\/naturalpoland.com\/wp-content\/uploads\/sol-z-morza-martwego.jpg","type":"image\/jpeg"}],"schema":{"@context":"https:\/\/schema.org","@graph":[{"@type":"WebPage","@id":"https:\/\/naturalpoland.com\/fi\/tuotteet\/kosmetiikkateollisuuden-tuotteet\/kosmetiikan-raaka-aineet\/kuolleenmeren-suola\/","url":"https:\/\/naturalpoland.com\/fi\/tuotteet\/kosmetiikkateollisuuden-tuotteet\/kosmetiikan-raaka-aineet\/kuolleenmeren-suola\/","name":"Kuolleenmeren suola - NATURAL POLAND - RAAKA-AINEIDEN TUKKUJAKELIJA","isPartOf":{"@id":"https:\/\/naturalpoland.com\/fi\/#website"},"primaryImageOfPage":{"@id":"https:\/\/naturalpoland.com\/fi\/tuotteet\/kosmetiikkateollisuuden-tuotteet\/kosmetiikan-raaka-aineet\/kuolleenmeren-suola\/#primaryimage"},"image":{"@id":"https:\/\/naturalpoland.com\/fi\/tuotteet\/kosmetiikkateollisuuden-tuotteet\/kosmetiikan-raaka-aineet\/kuolleenmeren-suola\/#primaryimage"},"thumbnailUrl":"https:\/\/naturalpoland.com\/wp-content\/uploads\/sol-z-morza-martwego.jpg","datePublished":"2022-01-13T13:59:16+00:00","dateModified":"2025-10-22T08:30:01+00:00","description":"Kuolleenmeren suola on tarkoitettu k\u00e4ytett\u00e4v\u00e4ksi rentouttavien kylpyjen, kosmetiikan ja ongelmaihon hoidon ainesosana.","breadcrumb":{"@id":"https:\/\/naturalpoland.com\/fi\/tuotteet\/kosmetiikkateollisuuden-tuotteet\/kosmetiikan-raaka-aineet\/kuolleenmeren-suola\/#breadcrumb"},"inLanguage":"fi","potentialAction":[{"@type":"ReadAction","target":["https:\/\/naturalpoland.com\/fi\/tuotteet\/kosmetiikkateollisuuden-tuotteet\/kosmetiikan-raaka-aineet\/kuolleenmeren-suola\/"]}]},{"@type":"ImageObject","inLanguage":"fi","@id":"https:\/\/naturalpoland.com\/fi\/tuotteet\/kosmetiikkateollisuuden-tuotteet\/kosmetiikan-raaka-aineet\/kuolleenmeren-suola\/#primaryimage","url":"https:\/\/naturalpoland.com\/wp-content\/uploads\/sol-z-morza-martwego.jpg","contentUrl":"https:\/\/naturalpoland.com\/wp-content\/uploads\/sol-z-morza-martwego.jpg","width":650,"height":650,"caption":"Kuolleenmeren suolaa"},{"@type":"BreadcrumbList","@id":"https:\/\/naturalpoland.com\/fi\/tuotteet\/kosmetiikkateollisuuden-tuotteet\/kosmetiikan-raaka-aineet\/kuolleenmeren-suola\/#breadcrumb","itemListElement":[{"@type":"ListItem","position":1,"name":"Etusivu","item":"https:\/\/naturalpoland.com\/fi\/"},{"@type":"ListItem","position":2,"name":"Tuotteet","item":"https:\/\/naturalpoland.com\/fi\/tuotteet\/"},{"@type":"ListItem","position":3,"name":"Kuolleenmeren suola"}]},{"@type":"WebSite","@id":"https:\/\/naturalpoland.com\/fi\/#website","url":"https:\/\/naturalpoland.com\/fi\/","name":"NATURAL POLAND - RAAKA-AINEIDEN TUKKUJAKELIJA","description":"Surowce dla przemys\u0142u spo\u017cywczego, kosmetycznego i farmaceutycznego","publisher":{"@id":"https:\/\/naturalpoland.com\/fi\/#organization"},"potentialAction":[{"@type":"SearchAction","target":{"@type":"EntryPoint","urlTemplate":"https:\/\/naturalpoland.com\/fi\/?s={search_term_string}"},"query-input":{"@type":"PropertyValueSpecification","valueRequired":true,"valueName":"search_term_string"}}],"inLanguage":"fi"},{"@type":"Organization","@id":"https:\/\/naturalpoland.com\/fi\/#organization","name":"Natural Poland","url":"https:\/\/naturalpoland.com\/fi\/","logo":{"@type":"ImageObject","inLanguage":"fi","@id":"https:\/\/naturalpoland.com\/fi\/#\/schema\/logo\/image\/","url":"https:\/\/naturalpoland.com\/wp-content\/uploads\/2021\/05\/natural-poland-icon.png","contentUrl":"https:\/\/naturalpoland.com\/wp-content\/uploads\/2021\/05\/natural-poland-icon.png","width":512,"height":512,"caption":"Natural Poland"},"image":{"@id":"https:\/\/naturalpoland.com\/fi\/#\/schema\/logo\/image\/"},"sameAs":["https:\/\/www.facebook.com\/naturalpoland.b2b","https:\/\/pl.linkedin.com\/company\/natural-poland","https:\/\/www.youtube.com\/channel\/UCgeGGkvOMahZo-xu_MSEWxg"]}]}},"_links":{"self":[{"href":"https:\/\/naturalpoland.com\/fi\/wp-json\/wp\/v2\/product\/17243","targetHints":{"allow":["GET"]}}],"collection":[{"href":"https:\/\/naturalpoland.com\/fi\/wp-json\/wp\/v2\/product"}],"about":[{"href":"https:\/\/naturalpoland.com\/fi\/wp-json\/wp\/v2\/types\/product"}],"wp:featuredmedia":[{"embeddable":true,"href":"https:\/\/naturalpoland.com\/fi\/wp-json\/wp\/v2\/media\/17095"}],"wp:attachment":[{"href":"https:\/\/naturalpoland.com\/fi\/wp-json\/wp\/v2\/media?parent=17243"}],"wp:term":[{"taxonomy":"product_brand","embeddable":true,"href":"https:\/\/naturalpoland.com\/fi\/wp-json\/wp\/v2\/product_brand?post=17243"},{"taxonomy":"product_cat","embeddable":true,"href":"https:\/\/naturalpoland.com\/fi\/wp-json\/wp\/v2\/product_cat?post=17243"},{"taxonomy":"product_tag","embeddable":true,"href":"https:\/\/naturalpoland.com\/fi\/wp-json\/wp\/v2\/product_tag?post=17243"}],"curies":[{"name":"wp","href":"https:\/\/api.w.org\/{rel}","templated":true}]}}