{"id":20147,"date":"2022-10-03T10:54:20","date_gmt":"2022-10-19T14:03:06","guid":{"rendered":"https:\/\/naturalpoland.pl\/produkty\/Ei-luokiteltu\/pinaatin-siemenoljy\/"},"modified":"2025-02-04T14:35:29","modified_gmt":"2025-02-04T13:35:29","slug":"mantyoljy","status":"publish","type":"product","link":"https:\/\/naturalpoland.com\/fi\/tuotteet\/elintarviketeollisuuden-tuotteet\/elintarvikeoljyt\/mantyoljy\/","title":{"rendered":"Pinaatin siemen\u00f6ljy"},"content":{"rendered":"<h2>Pinaatin siemen\u00f6ljyn ominaisuudet ja koostumus<\/h2>\n<p>Pinaatin siemen\u00f6ljy sis\u00e4lt\u00e4\u00e4 poikkeuksellisen paljon kertatyydyttym\u00e4tt\u00f6mi\u00e4 rasvahappoja, kuten <strong>\u00f6ljyhappoa (n. 64 %)<\/strong> ja <strong>linolihappoa (n. 28 %)<\/strong>, sek\u00e4 seuraavia aineita <a href=\"https:\/\/naturalpoland.com\/produkty\/produkty-dla-przemyslu-kosmetycznego\/surowce-kosmetyczne\/witamina-a\/\"><strong>A-vitamiinia<\/strong><\/a>. N\u00e4m\u00e4 ainesosat antavat \u00f6ljylle ominaisuuksia, jotka parantavat ihon luonnollista suojaa vesih\u00e4vi\u00f6t\u00e4 vastaan, parantavat sen kimmoisuutta ja v\u00e4hent\u00e4v\u00e4t arpia ja v\u00e4rimuutoksia. <\/p>\n<p>Huomattavat m\u00e4\u00e4r\u00e4t <strong>C-, E- <\/strong>ja <strong>K-vitamiinia <\/strong>puolestaan <strong>vaikuttavat <\/strong>antioksidanttisesti ja suojaavat ihoa ennenaikaiselta vanhenemiselta. Pinaatti\u00f6ljyn sis\u00e4lt\u00e4m\u00e4n <strong>luteiinin<\/strong>, joka on luonnollinen aurinkosuoja-aine, ansiosta se auttaa neutraloimaan haitallista UV-s\u00e4teily\u00e4 ja tietokoneiden ja puhelimien n\u00e4yt\u00f6ilt\u00e4 tulevaa sinist\u00e4 valoa. <\/p>\n<h2>Pinaatin siemen\u00f6ljy iholle<\/h2>\n<p>Pinaatin siemen\u00f6ljy\u00e4 suositellaan kuivalle, kyps\u00e4lle ja herk\u00e4lle iholle. S\u00e4\u00e4nn\u00f6llisesti k\u00e4ytettyn\u00e4 se auttaa <strong>vaalentamaan v\u00e4rj\u00e4ytymi\u00e4, v\u00e4hent\u00e4m\u00e4\u00e4n ryppyj\u00e4 ja tasoittamaan ihon s\u00e4vy\u00e4<\/strong>, mik\u00e4 antaa terveen ja s\u00e4teilev\u00e4n ulkon\u00e4\u00f6n. Sen anti-inflammatoriset ominaisuudet rauhoittavat \u00e4rsytyst\u00e4, v\u00e4hent\u00e4v\u00e4t punoitusta ja tukevat aknen ja ekseeman torjuntaa.  <\/p>\n<p>Antioksidanttisten ominaisuuksiensa ansiosta \u00f6ljy\u00e4 voidaan k\u00e4ytt\u00e4\u00e4 ryppyj\u00e4 ehk\u00e4isev\u00e4n\u00e4 seerumina, suojaavana huulirasvana tai uudistavana y\u00f6voiteena.<\/p>\n<h2>Pinaatin siemen\u00f6ljy hiuksille<\/h2>\n<p>Runsaan vitamiini- ja rasvahappopitoisuutensa ansiosta \u00f6ljy stimuloi hiuspohjan verenkiertoa, stimuloi karvatupen kasvua, vahvistaa hiusten rakennetta ja ehk\u00e4isee hiustenl\u00e4ht\u00f6\u00e4. Sit\u00e4 voidaan k\u00e4ytt\u00e4\u00e4 naamioiden, seerumien ja shampoiden lis\u00e4aineena sek\u00e4 suoraan p\u00e4\u00e4nahkaan. <\/p>\n<h2>Pinaatti\u00f6ljyn k\u00e4ytt\u00f6 kosmetiikassa<\/h2>\n<p>Pinaatin siemen\u00f6ljy\u00e4 voidaan k\u00e4ytt\u00e4\u00e4 erilaisissa kosmeettisissa koostumuksissa kasvojen, vartalon ja hiustenhoitotuotteissa. Esimerkkej\u00e4 pinaatin siemen\u00f6ljyn k\u00e4yt\u00f6st\u00e4: <\/p>\n<ul>\n<li>Kosteuttavia ja uudistavia <strong>kasvovoiteita ja seerumeita<\/strong>,<\/li>\n<li><strong>Vartalovoiteet ja voiteet<\/strong>, jotka vahvistavat ihoa ja suojaavat sit\u00e4 kuivumiselta,<\/li>\n<li><strong>Hieronta\u00f6ljyt<\/strong> parantavat ihon kimmoisuutta ja s\u00e4vy\u00e4,<\/li>\n<li><strong>Hiusshampoot ja hoitoaineet<\/strong>, jotka stimuloivat hiusten kasvua ja uudistumista.<\/li>\n<\/ul>\n<h2>K\u00e4ytt\u00f6 elintarviketeollisuudessa<\/h2>\n<p>Ruokavaliossa pinaatin siemen\u00f6ljy\u00e4 k\u00e4ytet\u00e4\u00e4n terveellisen\u00e4 lis\u00e4n\u00e4 salaatteihin, kastikkeisiin ja tahnoihin. Korkean omega-3- ja omega-6-rasvahappopitoisuutensa ansiosta se auttaa <strong>s\u00e4\u00e4telem\u00e4\u00e4n kolesterolitasoja<\/strong> ja tukee syd\u00e4men ja hermoston toimintaa. Se on helposti sulavaa, ja sen hento, hieman p\u00e4hkin\u00e4inen maku sopii hyvin vihannesten ja kylmien ruokien kanssa.  <\/p>\n","protected":false},"excerpt":{"rendered":"<p>Kylm\u00e4puristettu<em>Spinacia Oleracean siemen\u00f6ljy (Spinacia Oleracea Seed Oil<\/em>) on kasvattamassa suosiotaan luonnonkosmetiikan ja terveysruokien valmistajien keskuudessa. Se erottuu muista runsaasti ravintoaineita sis\u00e4lt\u00e4v\u00e4st\u00e4 \u00f6ljyst\u00e4 ja sen kevyest\u00e4, nopeasti imeytyv\u00e4st\u00e4 koostumuksesta. <\/p>\n","protected":false},"featured_media":19646,"template":"","meta":{"_acf_changed":false},"product_brand":[],"product_cat":[531,546],"product_tag":[],"class_list":{"0":"post-20147","1":"product","2":"type-product","3":"status-publish","4":"has-post-thumbnail","6":"product_cat-ruokaoljyt-ja-kosmeettiset-oljyt","7":"product_cat-elintarvikeoljyt","9":"first","10":"instock","11":"shipping-taxable","12":"product-type-simple"},"acf":[],"yoast_head":"<!-- This site is optimized with the Yoast SEO plugin v27.4 - https:\/\/yoast.com\/product\/yoast-seo-wordpress\/ -->\n<title>Pinaatin siemen\u00f6ljy - Tukkudistribuutio<\/title>\n<meta name=\"description\" content=\"Kylm\u00e4puristettu pinaatin siemen\u00f6ljy on monipuolinen ainesosa, jota k\u00e4ytet\u00e4\u00e4n sek\u00e4 kosmetiikka- ett\u00e4 elintarviketeollisuudessa.\" \/>\n<meta name=\"robots\" content=\"index, follow, max-snippet:-1, max-image-preview:large, max-video-preview:-1\" \/>\n<link rel=\"canonical\" href=\"https:\/\/naturalpoland.com\/fi\/tuotteet\/elintarviketeollisuuden-tuotteet\/elintarvikeoljyt\/mantyoljy\/\" \/>\n<meta property=\"og:locale\" content=\"fi_FI\" \/>\n<meta property=\"og:type\" content=\"article\" \/>\n<meta property=\"og:title\" content=\"Pinaatin siemen\u00f6ljy - Tukkudistribuutio\" \/>\n<meta property=\"og:description\" content=\"Kylm\u00e4puristettu pinaatin siemen\u00f6ljy on monipuolinen ainesosa, jota k\u00e4ytet\u00e4\u00e4n sek\u00e4 kosmetiikka- ett\u00e4 elintarviketeollisuudessa.\" \/>\n<meta property=\"og:url\" content=\"https:\/\/naturalpoland.com\/fi\/tuotteet\/elintarviketeollisuuden-tuotteet\/elintarvikeoljyt\/mantyoljy\/\" \/>\n<meta property=\"og:site_name\" content=\"NATURAL POLAND - RAAKA-AINEIDEN TUKKUJAKELIJA\" \/>\n<meta property=\"article:publisher\" content=\"https:\/\/www.facebook.com\/naturalpoland.b2b\" \/>\n<meta property=\"article:modified_time\" content=\"2025-02-04T13:35:29+00:00\" \/>\n<meta property=\"og:image\" content=\"https:\/\/naturalpoland.com\/wp-content\/uploads\/2022\/10\/olej-z-nasion-szpinaku.jpg\" \/>\n\t<meta property=\"og:image:width\" content=\"800\" \/>\n\t<meta property=\"og:image:height\" content=\"800\" \/>\n\t<meta property=\"og:image:type\" content=\"image\/jpeg\" \/>\n<script type=\"application\/ld+json\" class=\"yoast-schema-graph\">{\"@context\":\"https:\\\/\\\/schema.org\",\"@graph\":[{\"@type\":\"WebPage\",\"@id\":\"https:\\\/\\\/naturalpoland.com\\\/fi\\\/tuotteet\\\/elintarviketeollisuuden-tuotteet\\\/elintarvikeoljyt\\\/mantyoljy\\\/\",\"url\":\"https:\\\/\\\/naturalpoland.com\\\/fi\\\/tuotteet\\\/elintarviketeollisuuden-tuotteet\\\/elintarvikeoljyt\\\/mantyoljy\\\/\",\"name\":\"Pinaatin siemen\u00f6ljy - Tukkudistribuutio\",\"isPartOf\":{\"@id\":\"https:\\\/\\\/naturalpoland.com\\\/fi\\\/#website\"},\"primaryImageOfPage\":{\"@id\":\"https:\\\/\\\/naturalpoland.com\\\/fi\\\/tuotteet\\\/elintarviketeollisuuden-tuotteet\\\/elintarvikeoljyt\\\/mantyoljy\\\/#primaryimage\"},\"image\":{\"@id\":\"https:\\\/\\\/naturalpoland.com\\\/fi\\\/tuotteet\\\/elintarviketeollisuuden-tuotteet\\\/elintarvikeoljyt\\\/mantyoljy\\\/#primaryimage\"},\"thumbnailUrl\":\"https:\\\/\\\/naturalpoland.com\\\/wp-content\\\/uploads\\\/2022\\\/10\\\/olej-z-nasion-szpinaku.jpg\",\"datePublished\":\"2022-10-19T14:03:06+00:00\",\"dateModified\":\"2025-02-04T13:35:29+00:00\",\"description\":\"Kylm\u00e4puristettu pinaatin siemen\u00f6ljy on monipuolinen ainesosa, jota k\u00e4ytet\u00e4\u00e4n sek\u00e4 kosmetiikka- ett\u00e4 elintarviketeollisuudessa.\",\"breadcrumb\":{\"@id\":\"https:\\\/\\\/naturalpoland.com\\\/fi\\\/tuotteet\\\/elintarviketeollisuuden-tuotteet\\\/elintarvikeoljyt\\\/mantyoljy\\\/#breadcrumb\"},\"inLanguage\":\"fi\",\"potentialAction\":[{\"@type\":\"ReadAction\",\"target\":[\"https:\\\/\\\/naturalpoland.com\\\/fi\\\/tuotteet\\\/elintarviketeollisuuden-tuotteet\\\/elintarvikeoljyt\\\/mantyoljy\\\/\"]}]},{\"@type\":\"ImageObject\",\"inLanguage\":\"fi\",\"@id\":\"https:\\\/\\\/naturalpoland.com\\\/fi\\\/tuotteet\\\/elintarviketeollisuuden-tuotteet\\\/elintarvikeoljyt\\\/mantyoljy\\\/#primaryimage\",\"url\":\"https:\\\/\\\/naturalpoland.com\\\/wp-content\\\/uploads\\\/2022\\\/10\\\/olej-z-nasion-szpinaku.jpg\",\"contentUrl\":\"https:\\\/\\\/naturalpoland.com\\\/wp-content\\\/uploads\\\/2022\\\/10\\\/olej-z-nasion-szpinaku.jpg\",\"width\":800,\"height\":800,\"caption\":\"pinaatin siemen\u00f6ljy\"},{\"@type\":\"BreadcrumbList\",\"@id\":\"https:\\\/\\\/naturalpoland.com\\\/fi\\\/tuotteet\\\/elintarviketeollisuuden-tuotteet\\\/elintarvikeoljyt\\\/mantyoljy\\\/#breadcrumb\",\"itemListElement\":[{\"@type\":\"ListItem\",\"position\":1,\"name\":\"Etusivu\",\"item\":\"https:\\\/\\\/naturalpoland.com\\\/fi\\\/\"},{\"@type\":\"ListItem\",\"position\":2,\"name\":\"Tuotteet\",\"item\":\"https:\\\/\\\/naturalpoland.com\\\/fi\\\/tuotteet\\\/\"},{\"@type\":\"ListItem\",\"position\":3,\"name\":\"Pinaatin siemen\u00f6ljy\"}]},{\"@type\":\"WebSite\",\"@id\":\"https:\\\/\\\/naturalpoland.com\\\/fi\\\/#website\",\"url\":\"https:\\\/\\\/naturalpoland.com\\\/fi\\\/\",\"name\":\"NATURAL POLAND - RAAKA-AINEIDEN TUKKUJAKELIJA\",\"description\":\"Surowce dla przemys\u0142u spo\u017cywczego, kosmetycznego i farmaceutycznego\",\"publisher\":{\"@id\":\"https:\\\/\\\/naturalpoland.com\\\/fi\\\/#organization\"},\"potentialAction\":[{\"@type\":\"SearchAction\",\"target\":{\"@type\":\"EntryPoint\",\"urlTemplate\":\"https:\\\/\\\/naturalpoland.com\\\/fi\\\/?s={search_term_string}\"},\"query-input\":{\"@type\":\"PropertyValueSpecification\",\"valueRequired\":true,\"valueName\":\"search_term_string\"}}],\"inLanguage\":\"fi\"},{\"@type\":\"Organization\",\"@id\":\"https:\\\/\\\/naturalpoland.com\\\/fi\\\/#organization\",\"name\":\"Natural Poland\",\"url\":\"https:\\\/\\\/naturalpoland.com\\\/fi\\\/\",\"logo\":{\"@type\":\"ImageObject\",\"inLanguage\":\"fi\",\"@id\":\"https:\\\/\\\/naturalpoland.com\\\/fi\\\/#\\\/schema\\\/logo\\\/image\\\/\",\"url\":\"https:\\\/\\\/naturalpoland.com\\\/wp-content\\\/uploads\\\/2021\\\/05\\\/natural-poland-icon.png\",\"contentUrl\":\"https:\\\/\\\/naturalpoland.com\\\/wp-content\\\/uploads\\\/2021\\\/05\\\/natural-poland-icon.png\",\"width\":512,\"height\":512,\"caption\":\"Natural Poland\"},\"image\":{\"@id\":\"https:\\\/\\\/naturalpoland.com\\\/fi\\\/#\\\/schema\\\/logo\\\/image\\\/\"},\"sameAs\":[\"https:\\\/\\\/www.facebook.com\\\/naturalpoland.b2b\",\"https:\\\/\\\/pl.linkedin.com\\\/company\\\/natural-poland\",\"https:\\\/\\\/www.youtube.com\\\/channel\\\/UCgeGGkvOMahZo-xu_MSEWxg\"]}]}<\/script>\n<!-- \/ Yoast SEO plugin. -->","yoast_head_json":{"title":"Pinaatin siemen\u00f6ljy - Tukkudistribuutio","description":"Kylm\u00e4puristettu pinaatin siemen\u00f6ljy on monipuolinen ainesosa, jota k\u00e4ytet\u00e4\u00e4n sek\u00e4 kosmetiikka- ett\u00e4 elintarviketeollisuudessa.","robots":{"index":"index","follow":"follow","max-snippet":"max-snippet:-1","max-image-preview":"max-image-preview:large","max-video-preview":"max-video-preview:-1"},"canonical":"https:\/\/naturalpoland.com\/fi\/tuotteet\/elintarviketeollisuuden-tuotteet\/elintarvikeoljyt\/mantyoljy\/","og_locale":"fi_FI","og_type":"article","og_title":"Pinaatin siemen\u00f6ljy - Tukkudistribuutio","og_description":"Kylm\u00e4puristettu pinaatin siemen\u00f6ljy on monipuolinen ainesosa, jota k\u00e4ytet\u00e4\u00e4n sek\u00e4 kosmetiikka- ett\u00e4 elintarviketeollisuudessa.","og_url":"https:\/\/naturalpoland.com\/fi\/tuotteet\/elintarviketeollisuuden-tuotteet\/elintarvikeoljyt\/mantyoljy\/","og_site_name":"NATURAL POLAND - RAAKA-AINEIDEN TUKKUJAKELIJA","article_publisher":"https:\/\/www.facebook.com\/naturalpoland.b2b","article_modified_time":"2025-02-04T13:35:29+00:00","og_image":[{"width":800,"height":800,"url":"https:\/\/naturalpoland.com\/wp-content\/uploads\/2022\/10\/olej-z-nasion-szpinaku.jpg","type":"image\/jpeg"}],"schema":{"@context":"https:\/\/schema.org","@graph":[{"@type":"WebPage","@id":"https:\/\/naturalpoland.com\/fi\/tuotteet\/elintarviketeollisuuden-tuotteet\/elintarvikeoljyt\/mantyoljy\/","url":"https:\/\/naturalpoland.com\/fi\/tuotteet\/elintarviketeollisuuden-tuotteet\/elintarvikeoljyt\/mantyoljy\/","name":"Pinaatin siemen\u00f6ljy - Tukkudistribuutio","isPartOf":{"@id":"https:\/\/naturalpoland.com\/fi\/#website"},"primaryImageOfPage":{"@id":"https:\/\/naturalpoland.com\/fi\/tuotteet\/elintarviketeollisuuden-tuotteet\/elintarvikeoljyt\/mantyoljy\/#primaryimage"},"image":{"@id":"https:\/\/naturalpoland.com\/fi\/tuotteet\/elintarviketeollisuuden-tuotteet\/elintarvikeoljyt\/mantyoljy\/#primaryimage"},"thumbnailUrl":"https:\/\/naturalpoland.com\/wp-content\/uploads\/2022\/10\/olej-z-nasion-szpinaku.jpg","datePublished":"2022-10-19T14:03:06+00:00","dateModified":"2025-02-04T13:35:29+00:00","description":"Kylm\u00e4puristettu pinaatin siemen\u00f6ljy on monipuolinen ainesosa, jota k\u00e4ytet\u00e4\u00e4n sek\u00e4 kosmetiikka- ett\u00e4 elintarviketeollisuudessa.","breadcrumb":{"@id":"https:\/\/naturalpoland.com\/fi\/tuotteet\/elintarviketeollisuuden-tuotteet\/elintarvikeoljyt\/mantyoljy\/#breadcrumb"},"inLanguage":"fi","potentialAction":[{"@type":"ReadAction","target":["https:\/\/naturalpoland.com\/fi\/tuotteet\/elintarviketeollisuuden-tuotteet\/elintarvikeoljyt\/mantyoljy\/"]}]},{"@type":"ImageObject","inLanguage":"fi","@id":"https:\/\/naturalpoland.com\/fi\/tuotteet\/elintarviketeollisuuden-tuotteet\/elintarvikeoljyt\/mantyoljy\/#primaryimage","url":"https:\/\/naturalpoland.com\/wp-content\/uploads\/2022\/10\/olej-z-nasion-szpinaku.jpg","contentUrl":"https:\/\/naturalpoland.com\/wp-content\/uploads\/2022\/10\/olej-z-nasion-szpinaku.jpg","width":800,"height":800,"caption":"pinaatin siemen\u00f6ljy"},{"@type":"BreadcrumbList","@id":"https:\/\/naturalpoland.com\/fi\/tuotteet\/elintarviketeollisuuden-tuotteet\/elintarvikeoljyt\/mantyoljy\/#breadcrumb","itemListElement":[{"@type":"ListItem","position":1,"name":"Etusivu","item":"https:\/\/naturalpoland.com\/fi\/"},{"@type":"ListItem","position":2,"name":"Tuotteet","item":"https:\/\/naturalpoland.com\/fi\/tuotteet\/"},{"@type":"ListItem","position":3,"name":"Pinaatin siemen\u00f6ljy"}]},{"@type":"WebSite","@id":"https:\/\/naturalpoland.com\/fi\/#website","url":"https:\/\/naturalpoland.com\/fi\/","name":"NATURAL POLAND - RAAKA-AINEIDEN TUKKUJAKELIJA","description":"Surowce dla przemys\u0142u spo\u017cywczego, kosmetycznego i farmaceutycznego","publisher":{"@id":"https:\/\/naturalpoland.com\/fi\/#organization"},"potentialAction":[{"@type":"SearchAction","target":{"@type":"EntryPoint","urlTemplate":"https:\/\/naturalpoland.com\/fi\/?s={search_term_string}"},"query-input":{"@type":"PropertyValueSpecification","valueRequired":true,"valueName":"search_term_string"}}],"inLanguage":"fi"},{"@type":"Organization","@id":"https:\/\/naturalpoland.com\/fi\/#organization","name":"Natural Poland","url":"https:\/\/naturalpoland.com\/fi\/","logo":{"@type":"ImageObject","inLanguage":"fi","@id":"https:\/\/naturalpoland.com\/fi\/#\/schema\/logo\/image\/","url":"https:\/\/naturalpoland.com\/wp-content\/uploads\/2021\/05\/natural-poland-icon.png","contentUrl":"https:\/\/naturalpoland.com\/wp-content\/uploads\/2021\/05\/natural-poland-icon.png","width":512,"height":512,"caption":"Natural Poland"},"image":{"@id":"https:\/\/naturalpoland.com\/fi\/#\/schema\/logo\/image\/"},"sameAs":["https:\/\/www.facebook.com\/naturalpoland.b2b","https:\/\/pl.linkedin.com\/company\/natural-poland","https:\/\/www.youtube.com\/channel\/UCgeGGkvOMahZo-xu_MSEWxg"]}]}},"_links":{"self":[{"href":"https:\/\/naturalpoland.com\/fi\/wp-json\/wp\/v2\/product\/20147","targetHints":{"allow":["GET"]}}],"collection":[{"href":"https:\/\/naturalpoland.com\/fi\/wp-json\/wp\/v2\/product"}],"about":[{"href":"https:\/\/naturalpoland.com\/fi\/wp-json\/wp\/v2\/types\/product"}],"wp:featuredmedia":[{"embeddable":true,"href":"https:\/\/naturalpoland.com\/fi\/wp-json\/wp\/v2\/media\/19646"}],"wp:attachment":[{"href":"https:\/\/naturalpoland.com\/fi\/wp-json\/wp\/v2\/media?parent=20147"}],"wp:term":[{"taxonomy":"product_brand","embeddable":true,"href":"https:\/\/naturalpoland.com\/fi\/wp-json\/wp\/v2\/product_brand?post=20147"},{"taxonomy":"product_cat","embeddable":true,"href":"https:\/\/naturalpoland.com\/fi\/wp-json\/wp\/v2\/product_cat?post=20147"},{"taxonomy":"product_tag","embeddable":true,"href":"https:\/\/naturalpoland.com\/fi\/wp-json\/wp\/v2\/product_tag?post=20147"}],"curies":[{"name":"wp","href":"https:\/\/api.w.org\/{rel}","templated":true}]}}