{"id":20202,"date":"2022-10-10T14:17:20","date_gmt":"2022-10-10T12:17:20","guid":{"rendered":"https:\/\/naturalpoland.pl\/produkty\/Ei-luokiteltu\/cyclocaria\/"},"modified":"2023-01-20T12:41:59","modified_gmt":"2023-01-20T11:41:59","slug":"cyclocaria","status":"publish","type":"product","link":"https:\/\/naturalpoland.com\/fi\/tuotteet\/elintarviketeollisuuden-tuotteet\/raaka-aineet-tuotantoon\/cyclocaria\/","title":{"rendered":"Cyclocaria"},"content":{"rendered":"<h2>Cyclocaria &#8211; ominaisuudet<\/h2>\n<p>Cyclocaria on ravintokasveihin kuuluva laji. Sit\u00e4 tavataan Manner-Kiinan ja Taiwanin kosteissa vuoristometsiss\u00e4. Sen lehdet k\u00e4ytet\u00e4\u00e4n yleisimmin kuivattuina. Niill\u00e4 on <strong>verensokeria alentava<\/strong> vaikutus, joten ne voivat sopia painonnousun kanssa kamppaileville ja diabeteksen tai insuliiniresistenssin kanssa kamppaileville.<\/p>\n<p>Mielenkiintoista on, ett\u00e4 niill\u00e4 voi olla my\u00f6s<strong> verenpainetta alentava<\/strong> vaikutus, mink\u00e4 vuoksi kannattaa harkita niiden lis\u00e4\u00e4mist\u00e4 ruokavalioon my\u00f6s syd\u00e4men ja verisuonten terveyden parantamiseksi. Niiden tervehdytt\u00e4vi\u00e4 vaikutuksia on k\u00e4ytetty kiinalaisessa l\u00e4\u00e4ketieteess\u00e4 jo vuosia.<\/p>\n","protected":false},"excerpt":{"rendered":"<p>Cyclocaria<em>(Cyclocarya Paliurus<\/em>) s\u00e4\u00e4telee verensokeria ja alentaa verenpainetta.<\/p>\n","protected":false},"featured_media":19706,"template":"","meta":{"_acf_changed":false},"product_brand":[],"product_cat":[547],"product_tag":[],"class_list":{"0":"post-20202","1":"product","2":"type-product","3":"status-publish","4":"has-post-thumbnail","6":"product_cat-raaka-aineet-tuotantoon","8":"first","9":"instock","10":"shipping-taxable","11":"product-type-simple"},"acf":[],"yoast_head":"<!-- This site is optimized with the Yoast SEO plugin v27.4 - https:\/\/yoast.com\/product\/yoast-seo-wordpress\/ -->\n<title>Cyclocaria - Tukkudistribuutio<\/title>\n<meta name=\"robots\" content=\"index, follow, max-snippet:-1, max-image-preview:large, max-video-preview:-1\" \/>\n<link rel=\"canonical\" href=\"https:\/\/naturalpoland.com\/fi\/tuotteet\/elintarviketeollisuuden-tuotteet\/raaka-aineet-tuotantoon\/cyclocaria\/\" \/>\n<meta property=\"og:locale\" content=\"fi_FI\" \/>\n<meta property=\"og:type\" content=\"article\" \/>\n<meta property=\"og:title\" content=\"Cyclocaria - Tukkudistribuutio\" \/>\n<meta property=\"og:description\" content=\"Cyclocaria(Cyclocarya Paliurus) s\u00e4\u00e4telee verensokeria ja alentaa verenpainetta.\" \/>\n<meta property=\"og:url\" content=\"https:\/\/naturalpoland.com\/fi\/tuotteet\/elintarviketeollisuuden-tuotteet\/raaka-aineet-tuotantoon\/cyclocaria\/\" \/>\n<meta property=\"og:site_name\" content=\"NATURAL POLAND - RAAKA-AINEIDEN TUKKUJAKELIJA\" \/>\n<meta property=\"article:publisher\" content=\"https:\/\/www.facebook.com\/naturalpoland.b2b\" \/>\n<meta property=\"article:modified_time\" content=\"2023-01-20T11:41:59+00:00\" \/>\n<meta property=\"og:image\" content=\"https:\/\/naturalpoland.com\/wp-content\/uploads\/2022\/10\/Cyclocaria-2.jpg\" \/>\n\t<meta property=\"og:image:width\" content=\"640\" \/>\n\t<meta property=\"og:image:height\" content=\"640\" \/>\n\t<meta property=\"og:image:type\" content=\"image\/jpeg\" \/>\n<script type=\"application\/ld+json\" class=\"yoast-schema-graph\">{\"@context\":\"https:\\\/\\\/schema.org\",\"@graph\":[{\"@type\":\"WebPage\",\"@id\":\"https:\\\/\\\/naturalpoland.com\\\/fi\\\/tuotteet\\\/elintarviketeollisuuden-tuotteet\\\/raaka-aineet-tuotantoon\\\/cyclocaria\\\/\",\"url\":\"https:\\\/\\\/naturalpoland.com\\\/fi\\\/tuotteet\\\/elintarviketeollisuuden-tuotteet\\\/raaka-aineet-tuotantoon\\\/cyclocaria\\\/\",\"name\":\"Cyclocaria - Tukkudistribuutio\",\"isPartOf\":{\"@id\":\"https:\\\/\\\/naturalpoland.com\\\/fi\\\/#website\"},\"primaryImageOfPage\":{\"@id\":\"https:\\\/\\\/naturalpoland.com\\\/fi\\\/tuotteet\\\/elintarviketeollisuuden-tuotteet\\\/raaka-aineet-tuotantoon\\\/cyclocaria\\\/#primaryimage\"},\"image\":{\"@id\":\"https:\\\/\\\/naturalpoland.com\\\/fi\\\/tuotteet\\\/elintarviketeollisuuden-tuotteet\\\/raaka-aineet-tuotantoon\\\/cyclocaria\\\/#primaryimage\"},\"thumbnailUrl\":\"https:\\\/\\\/naturalpoland.com\\\/wp-content\\\/uploads\\\/2022\\\/10\\\/Cyclocaria-2.jpg\",\"datePublished\":\"2022-10-10T12:17:20+00:00\",\"dateModified\":\"2023-01-20T11:41:59+00:00\",\"breadcrumb\":{\"@id\":\"https:\\\/\\\/naturalpoland.com\\\/fi\\\/tuotteet\\\/elintarviketeollisuuden-tuotteet\\\/raaka-aineet-tuotantoon\\\/cyclocaria\\\/#breadcrumb\"},\"inLanguage\":\"fi\",\"potentialAction\":[{\"@type\":\"ReadAction\",\"target\":[\"https:\\\/\\\/naturalpoland.com\\\/fi\\\/tuotteet\\\/elintarviketeollisuuden-tuotteet\\\/raaka-aineet-tuotantoon\\\/cyclocaria\\\/\"]}]},{\"@type\":\"ImageObject\",\"inLanguage\":\"fi\",\"@id\":\"https:\\\/\\\/naturalpoland.com\\\/fi\\\/tuotteet\\\/elintarviketeollisuuden-tuotteet\\\/raaka-aineet-tuotantoon\\\/cyclocaria\\\/#primaryimage\",\"url\":\"https:\\\/\\\/naturalpoland.com\\\/wp-content\\\/uploads\\\/2022\\\/10\\\/Cyclocaria-2.jpg\",\"contentUrl\":\"https:\\\/\\\/naturalpoland.com\\\/wp-content\\\/uploads\\\/2022\\\/10\\\/Cyclocaria-2.jpg\",\"width\":640,\"height\":640,\"caption\":\"cyclocaria\"},{\"@type\":\"BreadcrumbList\",\"@id\":\"https:\\\/\\\/naturalpoland.com\\\/fi\\\/tuotteet\\\/elintarviketeollisuuden-tuotteet\\\/raaka-aineet-tuotantoon\\\/cyclocaria\\\/#breadcrumb\",\"itemListElement\":[{\"@type\":\"ListItem\",\"position\":1,\"name\":\"Etusivu\",\"item\":\"https:\\\/\\\/naturalpoland.com\\\/fi\\\/\"},{\"@type\":\"ListItem\",\"position\":2,\"name\":\"Tuotteet\",\"item\":\"https:\\\/\\\/naturalpoland.com\\\/fi\\\/tuotteet\\\/\"},{\"@type\":\"ListItem\",\"position\":3,\"name\":\"Cyclocaria\"}]},{\"@type\":\"WebSite\",\"@id\":\"https:\\\/\\\/naturalpoland.com\\\/fi\\\/#website\",\"url\":\"https:\\\/\\\/naturalpoland.com\\\/fi\\\/\",\"name\":\"NATURAL POLAND - RAAKA-AINEIDEN TUKKUJAKELIJA\",\"description\":\"Surowce dla przemys\u0142u spo\u017cywczego, kosmetycznego i farmaceutycznego\",\"publisher\":{\"@id\":\"https:\\\/\\\/naturalpoland.com\\\/fi\\\/#organization\"},\"potentialAction\":[{\"@type\":\"SearchAction\",\"target\":{\"@type\":\"EntryPoint\",\"urlTemplate\":\"https:\\\/\\\/naturalpoland.com\\\/fi\\\/?s={search_term_string}\"},\"query-input\":{\"@type\":\"PropertyValueSpecification\",\"valueRequired\":true,\"valueName\":\"search_term_string\"}}],\"inLanguage\":\"fi\"},{\"@type\":\"Organization\",\"@id\":\"https:\\\/\\\/naturalpoland.com\\\/fi\\\/#organization\",\"name\":\"Natural Poland\",\"url\":\"https:\\\/\\\/naturalpoland.com\\\/fi\\\/\",\"logo\":{\"@type\":\"ImageObject\",\"inLanguage\":\"fi\",\"@id\":\"https:\\\/\\\/naturalpoland.com\\\/fi\\\/#\\\/schema\\\/logo\\\/image\\\/\",\"url\":\"https:\\\/\\\/naturalpoland.com\\\/wp-content\\\/uploads\\\/2021\\\/05\\\/natural-poland-icon.png\",\"contentUrl\":\"https:\\\/\\\/naturalpoland.com\\\/wp-content\\\/uploads\\\/2021\\\/05\\\/natural-poland-icon.png\",\"width\":512,\"height\":512,\"caption\":\"Natural Poland\"},\"image\":{\"@id\":\"https:\\\/\\\/naturalpoland.com\\\/fi\\\/#\\\/schema\\\/logo\\\/image\\\/\"},\"sameAs\":[\"https:\\\/\\\/www.facebook.com\\\/naturalpoland.b2b\",\"https:\\\/\\\/pl.linkedin.com\\\/company\\\/natural-poland\",\"https:\\\/\\\/www.youtube.com\\\/channel\\\/UCgeGGkvOMahZo-xu_MSEWxg\"]}]}<\/script>\n<!-- \/ Yoast SEO plugin. -->","yoast_head_json":{"title":"Cyclocaria - Tukkudistribuutio","robots":{"index":"index","follow":"follow","max-snippet":"max-snippet:-1","max-image-preview":"max-image-preview:large","max-video-preview":"max-video-preview:-1"},"canonical":"https:\/\/naturalpoland.com\/fi\/tuotteet\/elintarviketeollisuuden-tuotteet\/raaka-aineet-tuotantoon\/cyclocaria\/","og_locale":"fi_FI","og_type":"article","og_title":"Cyclocaria - Tukkudistribuutio","og_description":"Cyclocaria(Cyclocarya Paliurus) s\u00e4\u00e4telee verensokeria ja alentaa verenpainetta.","og_url":"https:\/\/naturalpoland.com\/fi\/tuotteet\/elintarviketeollisuuden-tuotteet\/raaka-aineet-tuotantoon\/cyclocaria\/","og_site_name":"NATURAL POLAND - RAAKA-AINEIDEN TUKKUJAKELIJA","article_publisher":"https:\/\/www.facebook.com\/naturalpoland.b2b","article_modified_time":"2023-01-20T11:41:59+00:00","og_image":[{"width":640,"height":640,"url":"https:\/\/naturalpoland.com\/wp-content\/uploads\/2022\/10\/Cyclocaria-2.jpg","type":"image\/jpeg"}],"schema":{"@context":"https:\/\/schema.org","@graph":[{"@type":"WebPage","@id":"https:\/\/naturalpoland.com\/fi\/tuotteet\/elintarviketeollisuuden-tuotteet\/raaka-aineet-tuotantoon\/cyclocaria\/","url":"https:\/\/naturalpoland.com\/fi\/tuotteet\/elintarviketeollisuuden-tuotteet\/raaka-aineet-tuotantoon\/cyclocaria\/","name":"Cyclocaria - Tukkudistribuutio","isPartOf":{"@id":"https:\/\/naturalpoland.com\/fi\/#website"},"primaryImageOfPage":{"@id":"https:\/\/naturalpoland.com\/fi\/tuotteet\/elintarviketeollisuuden-tuotteet\/raaka-aineet-tuotantoon\/cyclocaria\/#primaryimage"},"image":{"@id":"https:\/\/naturalpoland.com\/fi\/tuotteet\/elintarviketeollisuuden-tuotteet\/raaka-aineet-tuotantoon\/cyclocaria\/#primaryimage"},"thumbnailUrl":"https:\/\/naturalpoland.com\/wp-content\/uploads\/2022\/10\/Cyclocaria-2.jpg","datePublished":"2022-10-10T12:17:20+00:00","dateModified":"2023-01-20T11:41:59+00:00","breadcrumb":{"@id":"https:\/\/naturalpoland.com\/fi\/tuotteet\/elintarviketeollisuuden-tuotteet\/raaka-aineet-tuotantoon\/cyclocaria\/#breadcrumb"},"inLanguage":"fi","potentialAction":[{"@type":"ReadAction","target":["https:\/\/naturalpoland.com\/fi\/tuotteet\/elintarviketeollisuuden-tuotteet\/raaka-aineet-tuotantoon\/cyclocaria\/"]}]},{"@type":"ImageObject","inLanguage":"fi","@id":"https:\/\/naturalpoland.com\/fi\/tuotteet\/elintarviketeollisuuden-tuotteet\/raaka-aineet-tuotantoon\/cyclocaria\/#primaryimage","url":"https:\/\/naturalpoland.com\/wp-content\/uploads\/2022\/10\/Cyclocaria-2.jpg","contentUrl":"https:\/\/naturalpoland.com\/wp-content\/uploads\/2022\/10\/Cyclocaria-2.jpg","width":640,"height":640,"caption":"cyclocaria"},{"@type":"BreadcrumbList","@id":"https:\/\/naturalpoland.com\/fi\/tuotteet\/elintarviketeollisuuden-tuotteet\/raaka-aineet-tuotantoon\/cyclocaria\/#breadcrumb","itemListElement":[{"@type":"ListItem","position":1,"name":"Etusivu","item":"https:\/\/naturalpoland.com\/fi\/"},{"@type":"ListItem","position":2,"name":"Tuotteet","item":"https:\/\/naturalpoland.com\/fi\/tuotteet\/"},{"@type":"ListItem","position":3,"name":"Cyclocaria"}]},{"@type":"WebSite","@id":"https:\/\/naturalpoland.com\/fi\/#website","url":"https:\/\/naturalpoland.com\/fi\/","name":"NATURAL POLAND - RAAKA-AINEIDEN TUKKUJAKELIJA","description":"Surowce dla przemys\u0142u spo\u017cywczego, kosmetycznego i farmaceutycznego","publisher":{"@id":"https:\/\/naturalpoland.com\/fi\/#organization"},"potentialAction":[{"@type":"SearchAction","target":{"@type":"EntryPoint","urlTemplate":"https:\/\/naturalpoland.com\/fi\/?s={search_term_string}"},"query-input":{"@type":"PropertyValueSpecification","valueRequired":true,"valueName":"search_term_string"}}],"inLanguage":"fi"},{"@type":"Organization","@id":"https:\/\/naturalpoland.com\/fi\/#organization","name":"Natural Poland","url":"https:\/\/naturalpoland.com\/fi\/","logo":{"@type":"ImageObject","inLanguage":"fi","@id":"https:\/\/naturalpoland.com\/fi\/#\/schema\/logo\/image\/","url":"https:\/\/naturalpoland.com\/wp-content\/uploads\/2021\/05\/natural-poland-icon.png","contentUrl":"https:\/\/naturalpoland.com\/wp-content\/uploads\/2021\/05\/natural-poland-icon.png","width":512,"height":512,"caption":"Natural Poland"},"image":{"@id":"https:\/\/naturalpoland.com\/fi\/#\/schema\/logo\/image\/"},"sameAs":["https:\/\/www.facebook.com\/naturalpoland.b2b","https:\/\/pl.linkedin.com\/company\/natural-poland","https:\/\/www.youtube.com\/channel\/UCgeGGkvOMahZo-xu_MSEWxg"]}]}},"_links":{"self":[{"href":"https:\/\/naturalpoland.com\/fi\/wp-json\/wp\/v2\/product\/20202","targetHints":{"allow":["GET"]}}],"collection":[{"href":"https:\/\/naturalpoland.com\/fi\/wp-json\/wp\/v2\/product"}],"about":[{"href":"https:\/\/naturalpoland.com\/fi\/wp-json\/wp\/v2\/types\/product"}],"wp:featuredmedia":[{"embeddable":true,"href":"https:\/\/naturalpoland.com\/fi\/wp-json\/wp\/v2\/media\/19706"}],"wp:attachment":[{"href":"https:\/\/naturalpoland.com\/fi\/wp-json\/wp\/v2\/media?parent=20202"}],"wp:term":[{"taxonomy":"product_brand","embeddable":true,"href":"https:\/\/naturalpoland.com\/fi\/wp-json\/wp\/v2\/product_brand?post=20202"},{"taxonomy":"product_cat","embeddable":true,"href":"https:\/\/naturalpoland.com\/fi\/wp-json\/wp\/v2\/product_cat?post=20202"},{"taxonomy":"product_tag","embeddable":true,"href":"https:\/\/naturalpoland.com\/fi\/wp-json\/wp\/v2\/product_tag?post=20202"}],"curies":[{"name":"wp","href":"https:\/\/api.w.org\/{rel}","templated":true}]}}