{"id":20269,"date":"2022-10-11T15:10:33","date_gmt":"2022-10-20T08:33:04","guid":{"rendered":"https:\/\/naturalpoland.pl\/produkty\/Ei-luokiteltu\/valerian\/"},"modified":"2023-01-20T14:08:11","modified_gmt":"2023-01-20T13:08:11","slug":"valerian","status":"publish","type":"product","link":"https:\/\/naturalpoland.com\/fi\/tuotteet\/elintarviketeollisuuden-tuotteet\/raaka-aineet-tuotantoon\/valerian\/","title":{"rendered":"Valerian"},"content":{"rendered":"<h2>Valerian &#8211; ominaisuudet<\/h2>\n<p>Valerian eli valerian on yksi yleisimmin k\u00e4ytetyist\u00e4 kasveista kansanl\u00e4\u00e4kinn\u00e4ss\u00e4. Hippokrates kuvaili t\u00e4m\u00e4n yrtin vaikutuksia, mik\u00e4 osoittaa, ett\u00e4 sit\u00e4 arvostettiin jo antiikin aikana. Valeriaania k\u00e4ytet\u00e4\u00e4n yleisimmin hermojen rauhoittamiseen. Sit\u00e4 k\u00e4ytet\u00e4\u00e4n yleisimmin rauhoittamiseen ja nukahtamisen helpottamiseen.<\/p>\n<h2>Valerian &#8211; vaikutukset<\/h2>\n<p>Sill\u00e4 on liev\u00e4 mutta tehokas vaikutus. V\u00e4hent\u00e4\u00e4 kuukautisia edelt\u00e4v\u00e4\u00e4 j\u00e4nnityst\u00e4 ja vatsakipuja kuukautisten aikana. Sit\u00e4 voidaan k\u00e4ytt\u00e4\u00e4 my\u00f6s tukevasti koliikin, mahaneuroosin ja vaikeiden kramppien hoitoon.<\/p>\n","protected":false},"excerpt":{"rendered":"<p>Valerianalla<em>(Valeriana officinalis<\/em>) on rauhoittava vaikutus, se helpottaa unta ja lievitt\u00e4\u00e4 sileiden lihasten kouristuksia.<br \/>\nSit\u00e4 k\u00e4ytet\u00e4\u00e4n hermostuneisuuden, p\u00e4\u00e4ns\u00e4ryn ja syd\u00e4mentykytyksen hoitoon. <\/p>\n","protected":false},"featured_media":19986,"template":"","meta":{"_acf_changed":false},"product_brand":[],"product_cat":[547],"product_tag":[],"class_list":{"0":"post-20269","1":"product","2":"type-product","3":"status-publish","4":"has-post-thumbnail","6":"product_cat-raaka-aineet-tuotantoon","8":"first","9":"instock","10":"shipping-taxable","11":"product-type-simple"},"acf":[],"yoast_head":"<!-- This site is optimized with the Yoast SEO plugin v27.5 - https:\/\/yoast.com\/product\/yoast-seo-wordpress\/ -->\n<title>Valerian - Tukkudistribuutio<\/title>\n<meta name=\"robots\" content=\"index, follow, max-snippet:-1, max-image-preview:large, max-video-preview:-1\" \/>\n<link rel=\"canonical\" href=\"https:\/\/naturalpoland.com\/fi\/tuotteet\/elintarviketeollisuuden-tuotteet\/raaka-aineet-tuotantoon\/valerian\/\" \/>\n<meta property=\"og:locale\" content=\"fi_FI\" \/>\n<meta property=\"og:type\" content=\"article\" \/>\n<meta property=\"og:title\" content=\"Valerian - Tukkudistribuutio\" \/>\n<meta property=\"og:description\" content=\"Valerianalla(Valeriana officinalis) on rauhoittava vaikutus, se helpottaa unta ja lievitt\u00e4\u00e4 sileiden lihasten kouristuksia. Sit\u00e4 k\u00e4ytet\u00e4\u00e4n hermostuneisuuden, p\u00e4\u00e4ns\u00e4ryn ja syd\u00e4mentykytyksen hoitoon.\" \/>\n<meta property=\"og:url\" content=\"https:\/\/naturalpoland.com\/fi\/tuotteet\/elintarviketeollisuuden-tuotteet\/raaka-aineet-tuotantoon\/valerian\/\" \/>\n<meta property=\"og:site_name\" content=\"NATURAL POLAND - RAAKA-AINEIDEN TUKKUJAKELIJA\" \/>\n<meta property=\"article:publisher\" content=\"https:\/\/www.facebook.com\/naturalpoland.b2b\" \/>\n<meta property=\"article:modified_time\" content=\"2023-01-20T13:08:11+00:00\" \/>\n<meta property=\"og:image\" content=\"https:\/\/naturalpoland.com\/wp-content\/uploads\/2022\/10\/Valerian-2.jpg\" \/>\n\t<meta property=\"og:image:width\" content=\"1080\" \/>\n\t<meta property=\"og:image:height\" content=\"1026\" \/>\n\t<meta property=\"og:image:type\" content=\"image\/jpeg\" \/>\n<script type=\"application\/ld+json\" class=\"yoast-schema-graph\">{\"@context\":\"https:\\\/\\\/schema.org\",\"@graph\":[{\"@type\":\"WebPage\",\"@id\":\"https:\\\/\\\/naturalpoland.com\\\/fi\\\/tuotteet\\\/elintarviketeollisuuden-tuotteet\\\/raaka-aineet-tuotantoon\\\/valerian\\\/\",\"url\":\"https:\\\/\\\/naturalpoland.com\\\/fi\\\/tuotteet\\\/elintarviketeollisuuden-tuotteet\\\/raaka-aineet-tuotantoon\\\/valerian\\\/\",\"name\":\"Valerian - Tukkudistribuutio\",\"isPartOf\":{\"@id\":\"https:\\\/\\\/naturalpoland.com\\\/fi\\\/#website\"},\"primaryImageOfPage\":{\"@id\":\"https:\\\/\\\/naturalpoland.com\\\/fi\\\/tuotteet\\\/elintarviketeollisuuden-tuotteet\\\/raaka-aineet-tuotantoon\\\/valerian\\\/#primaryimage\"},\"image\":{\"@id\":\"https:\\\/\\\/naturalpoland.com\\\/fi\\\/tuotteet\\\/elintarviketeollisuuden-tuotteet\\\/raaka-aineet-tuotantoon\\\/valerian\\\/#primaryimage\"},\"thumbnailUrl\":\"https:\\\/\\\/naturalpoland.com\\\/wp-content\\\/uploads\\\/2022\\\/10\\\/Valerian-2.jpg\",\"datePublished\":\"2022-10-20T08:33:04+00:00\",\"dateModified\":\"2023-01-20T13:08:11+00:00\",\"breadcrumb\":{\"@id\":\"https:\\\/\\\/naturalpoland.com\\\/fi\\\/tuotteet\\\/elintarviketeollisuuden-tuotteet\\\/raaka-aineet-tuotantoon\\\/valerian\\\/#breadcrumb\"},\"inLanguage\":\"fi\",\"potentialAction\":[{\"@type\":\"ReadAction\",\"target\":[\"https:\\\/\\\/naturalpoland.com\\\/fi\\\/tuotteet\\\/elintarviketeollisuuden-tuotteet\\\/raaka-aineet-tuotantoon\\\/valerian\\\/\"]}]},{\"@type\":\"ImageObject\",\"inLanguage\":\"fi\",\"@id\":\"https:\\\/\\\/naturalpoland.com\\\/fi\\\/tuotteet\\\/elintarviketeollisuuden-tuotteet\\\/raaka-aineet-tuotantoon\\\/valerian\\\/#primaryimage\",\"url\":\"https:\\\/\\\/naturalpoland.com\\\/wp-content\\\/uploads\\\/2022\\\/10\\\/Valerian-2.jpg\",\"contentUrl\":\"https:\\\/\\\/naturalpoland.com\\\/wp-content\\\/uploads\\\/2022\\\/10\\\/Valerian-2.jpg\",\"width\":1080,\"height\":1026,\"caption\":\"Valerian\"},{\"@type\":\"BreadcrumbList\",\"@id\":\"https:\\\/\\\/naturalpoland.com\\\/fi\\\/tuotteet\\\/elintarviketeollisuuden-tuotteet\\\/raaka-aineet-tuotantoon\\\/valerian\\\/#breadcrumb\",\"itemListElement\":[{\"@type\":\"ListItem\",\"position\":1,\"name\":\"Etusivu\",\"item\":\"https:\\\/\\\/naturalpoland.com\\\/fi\\\/\"},{\"@type\":\"ListItem\",\"position\":2,\"name\":\"Tuotteet\",\"item\":\"https:\\\/\\\/naturalpoland.com\\\/fi\\\/tuotteet\\\/\"},{\"@type\":\"ListItem\",\"position\":3,\"name\":\"Valerian\"}]},{\"@type\":\"WebSite\",\"@id\":\"https:\\\/\\\/naturalpoland.com\\\/fi\\\/#website\",\"url\":\"https:\\\/\\\/naturalpoland.com\\\/fi\\\/\",\"name\":\"NATURAL POLAND - RAAKA-AINEIDEN TUKKUJAKELIJA\",\"description\":\"Surowce dla przemys\u0142u spo\u017cywczego, kosmetycznego i farmaceutycznego\",\"publisher\":{\"@id\":\"https:\\\/\\\/naturalpoland.com\\\/fi\\\/#organization\"},\"potentialAction\":[{\"@type\":\"SearchAction\",\"target\":{\"@type\":\"EntryPoint\",\"urlTemplate\":\"https:\\\/\\\/naturalpoland.com\\\/fi\\\/?s={search_term_string}\"},\"query-input\":{\"@type\":\"PropertyValueSpecification\",\"valueRequired\":true,\"valueName\":\"search_term_string\"}}],\"inLanguage\":\"fi\"},{\"@type\":\"Organization\",\"@id\":\"https:\\\/\\\/naturalpoland.com\\\/fi\\\/#organization\",\"name\":\"Natural Poland\",\"url\":\"https:\\\/\\\/naturalpoland.com\\\/fi\\\/\",\"logo\":{\"@type\":\"ImageObject\",\"inLanguage\":\"fi\",\"@id\":\"https:\\\/\\\/naturalpoland.com\\\/fi\\\/#\\\/schema\\\/logo\\\/image\\\/\",\"url\":\"https:\\\/\\\/naturalpoland.com\\\/wp-content\\\/uploads\\\/2021\\\/05\\\/natural-poland-icon.png\",\"contentUrl\":\"https:\\\/\\\/naturalpoland.com\\\/wp-content\\\/uploads\\\/2021\\\/05\\\/natural-poland-icon.png\",\"width\":512,\"height\":512,\"caption\":\"Natural Poland\"},\"image\":{\"@id\":\"https:\\\/\\\/naturalpoland.com\\\/fi\\\/#\\\/schema\\\/logo\\\/image\\\/\"},\"sameAs\":[\"https:\\\/\\\/www.facebook.com\\\/naturalpoland.b2b\",\"https:\\\/\\\/pl.linkedin.com\\\/company\\\/natural-poland\",\"https:\\\/\\\/www.youtube.com\\\/channel\\\/UCgeGGkvOMahZo-xu_MSEWxg\"]}]}<\/script>\n<!-- \/ Yoast SEO plugin. -->","yoast_head_json":{"title":"Valerian - Tukkudistribuutio","robots":{"index":"index","follow":"follow","max-snippet":"max-snippet:-1","max-image-preview":"max-image-preview:large","max-video-preview":"max-video-preview:-1"},"canonical":"https:\/\/naturalpoland.com\/fi\/tuotteet\/elintarviketeollisuuden-tuotteet\/raaka-aineet-tuotantoon\/valerian\/","og_locale":"fi_FI","og_type":"article","og_title":"Valerian - Tukkudistribuutio","og_description":"Valerianalla(Valeriana officinalis) on rauhoittava vaikutus, se helpottaa unta ja lievitt\u00e4\u00e4 sileiden lihasten kouristuksia. Sit\u00e4 k\u00e4ytet\u00e4\u00e4n hermostuneisuuden, p\u00e4\u00e4ns\u00e4ryn ja syd\u00e4mentykytyksen hoitoon.","og_url":"https:\/\/naturalpoland.com\/fi\/tuotteet\/elintarviketeollisuuden-tuotteet\/raaka-aineet-tuotantoon\/valerian\/","og_site_name":"NATURAL POLAND - RAAKA-AINEIDEN TUKKUJAKELIJA","article_publisher":"https:\/\/www.facebook.com\/naturalpoland.b2b","article_modified_time":"2023-01-20T13:08:11+00:00","og_image":[{"width":1080,"height":1026,"url":"https:\/\/naturalpoland.com\/wp-content\/uploads\/2022\/10\/Valerian-2.jpg","type":"image\/jpeg"}],"schema":{"@context":"https:\/\/schema.org","@graph":[{"@type":"WebPage","@id":"https:\/\/naturalpoland.com\/fi\/tuotteet\/elintarviketeollisuuden-tuotteet\/raaka-aineet-tuotantoon\/valerian\/","url":"https:\/\/naturalpoland.com\/fi\/tuotteet\/elintarviketeollisuuden-tuotteet\/raaka-aineet-tuotantoon\/valerian\/","name":"Valerian - Tukkudistribuutio","isPartOf":{"@id":"https:\/\/naturalpoland.com\/fi\/#website"},"primaryImageOfPage":{"@id":"https:\/\/naturalpoland.com\/fi\/tuotteet\/elintarviketeollisuuden-tuotteet\/raaka-aineet-tuotantoon\/valerian\/#primaryimage"},"image":{"@id":"https:\/\/naturalpoland.com\/fi\/tuotteet\/elintarviketeollisuuden-tuotteet\/raaka-aineet-tuotantoon\/valerian\/#primaryimage"},"thumbnailUrl":"https:\/\/naturalpoland.com\/wp-content\/uploads\/2022\/10\/Valerian-2.jpg","datePublished":"2022-10-20T08:33:04+00:00","dateModified":"2023-01-20T13:08:11+00:00","breadcrumb":{"@id":"https:\/\/naturalpoland.com\/fi\/tuotteet\/elintarviketeollisuuden-tuotteet\/raaka-aineet-tuotantoon\/valerian\/#breadcrumb"},"inLanguage":"fi","potentialAction":[{"@type":"ReadAction","target":["https:\/\/naturalpoland.com\/fi\/tuotteet\/elintarviketeollisuuden-tuotteet\/raaka-aineet-tuotantoon\/valerian\/"]}]},{"@type":"ImageObject","inLanguage":"fi","@id":"https:\/\/naturalpoland.com\/fi\/tuotteet\/elintarviketeollisuuden-tuotteet\/raaka-aineet-tuotantoon\/valerian\/#primaryimage","url":"https:\/\/naturalpoland.com\/wp-content\/uploads\/2022\/10\/Valerian-2.jpg","contentUrl":"https:\/\/naturalpoland.com\/wp-content\/uploads\/2022\/10\/Valerian-2.jpg","width":1080,"height":1026,"caption":"Valerian"},{"@type":"BreadcrumbList","@id":"https:\/\/naturalpoland.com\/fi\/tuotteet\/elintarviketeollisuuden-tuotteet\/raaka-aineet-tuotantoon\/valerian\/#breadcrumb","itemListElement":[{"@type":"ListItem","position":1,"name":"Etusivu","item":"https:\/\/naturalpoland.com\/fi\/"},{"@type":"ListItem","position":2,"name":"Tuotteet","item":"https:\/\/naturalpoland.com\/fi\/tuotteet\/"},{"@type":"ListItem","position":3,"name":"Valerian"}]},{"@type":"WebSite","@id":"https:\/\/naturalpoland.com\/fi\/#website","url":"https:\/\/naturalpoland.com\/fi\/","name":"NATURAL POLAND - RAAKA-AINEIDEN TUKKUJAKELIJA","description":"Surowce dla przemys\u0142u spo\u017cywczego, kosmetycznego i farmaceutycznego","publisher":{"@id":"https:\/\/naturalpoland.com\/fi\/#organization"},"potentialAction":[{"@type":"SearchAction","target":{"@type":"EntryPoint","urlTemplate":"https:\/\/naturalpoland.com\/fi\/?s={search_term_string}"},"query-input":{"@type":"PropertyValueSpecification","valueRequired":true,"valueName":"search_term_string"}}],"inLanguage":"fi"},{"@type":"Organization","@id":"https:\/\/naturalpoland.com\/fi\/#organization","name":"Natural Poland","url":"https:\/\/naturalpoland.com\/fi\/","logo":{"@type":"ImageObject","inLanguage":"fi","@id":"https:\/\/naturalpoland.com\/fi\/#\/schema\/logo\/image\/","url":"https:\/\/naturalpoland.com\/wp-content\/uploads\/2021\/05\/natural-poland-icon.png","contentUrl":"https:\/\/naturalpoland.com\/wp-content\/uploads\/2021\/05\/natural-poland-icon.png","width":512,"height":512,"caption":"Natural Poland"},"image":{"@id":"https:\/\/naturalpoland.com\/fi\/#\/schema\/logo\/image\/"},"sameAs":["https:\/\/www.facebook.com\/naturalpoland.b2b","https:\/\/pl.linkedin.com\/company\/natural-poland","https:\/\/www.youtube.com\/channel\/UCgeGGkvOMahZo-xu_MSEWxg"]}]}},"_links":{"self":[{"href":"https:\/\/naturalpoland.com\/fi\/wp-json\/wp\/v2\/product\/20269","targetHints":{"allow":["GET"]}}],"collection":[{"href":"https:\/\/naturalpoland.com\/fi\/wp-json\/wp\/v2\/product"}],"about":[{"href":"https:\/\/naturalpoland.com\/fi\/wp-json\/wp\/v2\/types\/product"}],"wp:featuredmedia":[{"embeddable":true,"href":"https:\/\/naturalpoland.com\/fi\/wp-json\/wp\/v2\/media\/19986"}],"wp:attachment":[{"href":"https:\/\/naturalpoland.com\/fi\/wp-json\/wp\/v2\/media?parent=20269"}],"wp:term":[{"taxonomy":"product_brand","embeddable":true,"href":"https:\/\/naturalpoland.com\/fi\/wp-json\/wp\/v2\/product_brand?post=20269"},{"taxonomy":"product_cat","embeddable":true,"href":"https:\/\/naturalpoland.com\/fi\/wp-json\/wp\/v2\/product_cat?post=20269"},{"taxonomy":"product_tag","embeddable":true,"href":"https:\/\/naturalpoland.com\/fi\/wp-json\/wp\/v2\/product_tag?post=20269"}],"curies":[{"name":"wp","href":"https:\/\/api.w.org\/{rel}","templated":true}]}}