{"id":21121,"date":"2023-03-16T11:45:33","date_gmt":"2023-03-23T14:26:36","guid":{"rendered":"https:\/\/naturalpoland.pl\/produkty\/Ei-luokiteltu\/tremella-sieni-tremella-fuciformis-scrapie\/"},"modified":"2023-03-23T15:26:36","modified_gmt":"2023-03-23T14:26:36","slug":"fungus-tremella-tremella-fuciformis-fungus-tremella-fuciformis","status":"publish","type":"product","link":"https:\/\/naturalpoland.com\/fi\/tuotteet\/laaketeollisuuden-tuotteet\/sieniuutteet\/fungus-tremella-tremella-fuciformis-fungus-tremella-fuciformis\/","title":{"rendered":"Tremella-sieni &#8211; Tremella fuciformis, scrapie"},"content":{"rendered":"<p>Sen t\u00e4rkeimpi\u00e4 vahvuuksia ovat sen vahvat antioksidantti- ja anti-ageing-ominaisuudet sek\u00e4 kosteuttavat ominaisuudet. Tremella-sient\u00e4 pidet\u00e4\u00e4n parhaana luonnollisena, kasviper\u00e4isen\u00e4 vaihtoehtona hyaluronihapolle, ja tutkimusten mukaan se voi jopa ylitt\u00e4\u00e4 sen ihon kosteutuksessa. Se sopii erinomaisesti anti-ageing- ja ryppyj\u00e4 ehk\u00e4iseviin tuotteisiin, sill\u00e4 se ravitsee ja kosteuttaa ihoa tehokkaasti ja tekee siit\u00e4 pehme\u00e4n ja silkkisen.<\/p>\n<p>Tremella-sieni on my\u00f6s tehokas adaptogeeni. Se vaikuttaa my\u00f6nteisesti aivojen toimintaan, lis\u00e4\u00e4 elimist\u00f6n vastustuskyky\u00e4 stressitekij\u00f6it\u00e4 vastaan ja tukee muistia ja keskittymiskyky\u00e4. Samalla se sis\u00e4lt\u00e4\u00e4 runsaasti yhdisteit\u00e4, jotka tukevat immuniteettia ja elimist\u00f6n toimintaa &#8211; sill\u00e4 on suotuisa vaikutus kolesteroli- ja verensokeritasoihin, se tukee suoliston terveytt\u00e4 ja vieroitusprosesseja. Siksi se voi olla arvokas ainesosa ravintolisiss\u00e4, joilla on adaptogeenisi\u00e4 vaikutuksia ja jotka v\u00e4hent\u00e4v\u00e4t elintapasairauksien riski\u00e4.<\/p>\n","protected":false},"excerpt":{"rendered":"<p>Alun perin Aasiasta kotoisin oleva tremellasieni<em>(Tremella fuciformis<\/em>, merikvartsi) on ollut arvossaan perinteisess\u00e4 kiinalaisessa l\u00e4\u00e4ketieteess\u00e4 jo tuhansien vuosien ajan, ja nyt se kiinnostaa yh\u00e4 enemm\u00e4n my\u00f6s kosmetiikka- ja l\u00e4\u00e4keteollisuutta.<\/p>\n","protected":false},"featured_media":21071,"template":"","meta":[],"product_brand":[],"product_cat":[2049],"product_tag":[],"class_list":{"0":"post-21121","1":"product","2":"type-product","3":"status-publish","4":"has-post-thumbnail","6":"product_cat-sieniuutteet","7":"pa_czesc-rosliny-hedelmorakenne","9":"first","10":"instock","11":"shipping-taxable","12":"product-type-simple"},"yoast_head":"<!-- This site is optimized with the Yoast SEO plugin v27.3 - https:\/\/yoast.com\/product\/yoast-seo-wordpress\/ -->\n<title>Tremella-sieni - Tremella fuciformis, scrapie - Tukkudistribuutio<\/title>\n<meta name=\"robots\" content=\"index, follow, max-snippet:-1, max-image-preview:large, max-video-preview:-1\" \/>\n<link rel=\"canonical\" href=\"https:\/\/naturalpoland.com\/fi\/tuotteet\/laaketeollisuuden-tuotteet\/sieniuutteet\/fungus-tremella-tremella-fuciformis-fungus-tremella-fuciformis\/\" \/>\n<meta property=\"og:locale\" content=\"fi_FI\" \/>\n<meta property=\"og:type\" content=\"article\" \/>\n<meta property=\"og:title\" content=\"Tremella-sieni - Tremella fuciformis, scrapie - Tukkudistribuutio\" \/>\n<meta property=\"og:description\" content=\"Alun perin Aasiasta kotoisin oleva tremellasieni(Tremella fuciformis, merikvartsi) on ollut arvossaan perinteisess\u00e4 kiinalaisessa l\u00e4\u00e4ketieteess\u00e4 jo tuhansien vuosien ajan, ja nyt se kiinnostaa yh\u00e4 enemm\u00e4n my\u00f6s kosmetiikka- ja l\u00e4\u00e4keteollisuutta.\" \/>\n<meta property=\"og:url\" content=\"https:\/\/naturalpoland.com\/fi\/tuotteet\/laaketeollisuuden-tuotteet\/sieniuutteet\/fungus-tremella-tremella-fuciformis-fungus-tremella-fuciformis\/\" \/>\n<meta property=\"og:site_name\" content=\"NATURAL POLAND - RAAKA-AINEIDEN TUKKUJAKELIJA\" \/>\n<meta property=\"article:publisher\" content=\"https:\/\/www.facebook.com\/naturalpoland.b2b\" \/>\n<meta property=\"og:image\" content=\"https:\/\/naturalpoland.com\/wp-content\/uploads\/grzyb-tremella.jpg\" \/>\n\t<meta property=\"og:image:width\" content=\"600\" \/>\n\t<meta property=\"og:image:height\" content=\"600\" \/>\n\t<meta property=\"og:image:type\" content=\"image\/jpeg\" \/>\n<script type=\"application\/ld+json\" class=\"yoast-schema-graph\">{\"@context\":\"https:\\\/\\\/schema.org\",\"@graph\":[{\"@type\":\"WebPage\",\"@id\":\"https:\\\/\\\/naturalpoland.com\\\/fi\\\/tuotteet\\\/laaketeollisuuden-tuotteet\\\/sieniuutteet\\\/fungus-tremella-tremella-fuciformis-fungus-tremella-fuciformis\\\/\",\"url\":\"https:\\\/\\\/naturalpoland.com\\\/fi\\\/tuotteet\\\/laaketeollisuuden-tuotteet\\\/sieniuutteet\\\/fungus-tremella-tremella-fuciformis-fungus-tremella-fuciformis\\\/\",\"name\":\"Tremella-sieni - Tremella fuciformis, scrapie - Tukkudistribuutio\",\"isPartOf\":{\"@id\":\"https:\\\/\\\/naturalpoland.com\\\/fi\\\/#website\"},\"primaryImageOfPage\":{\"@id\":\"https:\\\/\\\/naturalpoland.com\\\/fi\\\/tuotteet\\\/laaketeollisuuden-tuotteet\\\/sieniuutteet\\\/fungus-tremella-tremella-fuciformis-fungus-tremella-fuciformis\\\/#primaryimage\"},\"image\":{\"@id\":\"https:\\\/\\\/naturalpoland.com\\\/fi\\\/tuotteet\\\/laaketeollisuuden-tuotteet\\\/sieniuutteet\\\/fungus-tremella-tremella-fuciformis-fungus-tremella-fuciformis\\\/#primaryimage\"},\"thumbnailUrl\":\"https:\\\/\\\/naturalpoland.com\\\/wp-content\\\/uploads\\\/grzyb-tremella.jpg\",\"datePublished\":\"2023-03-23T14:26:36+00:00\",\"breadcrumb\":{\"@id\":\"https:\\\/\\\/naturalpoland.com\\\/fi\\\/tuotteet\\\/laaketeollisuuden-tuotteet\\\/sieniuutteet\\\/fungus-tremella-tremella-fuciformis-fungus-tremella-fuciformis\\\/#breadcrumb\"},\"inLanguage\":\"fi\",\"potentialAction\":[{\"@type\":\"ReadAction\",\"target\":[\"https:\\\/\\\/naturalpoland.com\\\/fi\\\/tuotteet\\\/laaketeollisuuden-tuotteet\\\/sieniuutteet\\\/fungus-tremella-tremella-fuciformis-fungus-tremella-fuciformis\\\/\"]}]},{\"@type\":\"ImageObject\",\"inLanguage\":\"fi\",\"@id\":\"https:\\\/\\\/naturalpoland.com\\\/fi\\\/tuotteet\\\/laaketeollisuuden-tuotteet\\\/sieniuutteet\\\/fungus-tremella-tremella-fuciformis-fungus-tremella-fuciformis\\\/#primaryimage\",\"url\":\"https:\\\/\\\/naturalpoland.com\\\/wp-content\\\/uploads\\\/grzyb-tremella.jpg\",\"contentUrl\":\"https:\\\/\\\/naturalpoland.com\\\/wp-content\\\/uploads\\\/grzyb-tremella.jpg\",\"width\":600,\"height\":600,\"caption\":\"tremella-sieni\"},{\"@type\":\"BreadcrumbList\",\"@id\":\"https:\\\/\\\/naturalpoland.com\\\/fi\\\/tuotteet\\\/laaketeollisuuden-tuotteet\\\/sieniuutteet\\\/fungus-tremella-tremella-fuciformis-fungus-tremella-fuciformis\\\/#breadcrumb\",\"itemListElement\":[{\"@type\":\"ListItem\",\"position\":1,\"name\":\"Etusivu\",\"item\":\"https:\\\/\\\/naturalpoland.com\\\/fi\\\/\"},{\"@type\":\"ListItem\",\"position\":2,\"name\":\"Tuotteet\",\"item\":\"https:\\\/\\\/naturalpoland.com\\\/fi\\\/tuotteet\\\/\"},{\"@type\":\"ListItem\",\"position\":3,\"name\":\"Tremella-sieni &#8211; Tremella fuciformis, scrapie\"}]},{\"@type\":\"WebSite\",\"@id\":\"https:\\\/\\\/naturalpoland.com\\\/fi\\\/#website\",\"url\":\"https:\\\/\\\/naturalpoland.com\\\/fi\\\/\",\"name\":\"NATURAL POLAND - RAAKA-AINEIDEN TUKKUJAKELIJA\",\"description\":\"Surowce dla przemys\u0142u spo\u017cywczego, kosmetycznego i farmaceutycznego\",\"publisher\":{\"@id\":\"https:\\\/\\\/naturalpoland.com\\\/fi\\\/#organization\"},\"potentialAction\":[{\"@type\":\"SearchAction\",\"target\":{\"@type\":\"EntryPoint\",\"urlTemplate\":\"https:\\\/\\\/naturalpoland.com\\\/fi\\\/?s={search_term_string}\"},\"query-input\":{\"@type\":\"PropertyValueSpecification\",\"valueRequired\":true,\"valueName\":\"search_term_string\"}}],\"inLanguage\":\"fi\"},{\"@type\":\"Organization\",\"@id\":\"https:\\\/\\\/naturalpoland.com\\\/fi\\\/#organization\",\"name\":\"Natural Poland\",\"url\":\"https:\\\/\\\/naturalpoland.com\\\/fi\\\/\",\"logo\":{\"@type\":\"ImageObject\",\"inLanguage\":\"fi\",\"@id\":\"https:\\\/\\\/naturalpoland.com\\\/fi\\\/#\\\/schema\\\/logo\\\/image\\\/\",\"url\":\"https:\\\/\\\/naturalpoland.com\\\/wp-content\\\/uploads\\\/2021\\\/05\\\/natural-poland-icon.png\",\"contentUrl\":\"https:\\\/\\\/naturalpoland.com\\\/wp-content\\\/uploads\\\/2021\\\/05\\\/natural-poland-icon.png\",\"width\":512,\"height\":512,\"caption\":\"Natural Poland\"},\"image\":{\"@id\":\"https:\\\/\\\/naturalpoland.com\\\/fi\\\/#\\\/schema\\\/logo\\\/image\\\/\"},\"sameAs\":[\"https:\\\/\\\/www.facebook.com\\\/naturalpoland.b2b\",\"https:\\\/\\\/pl.linkedin.com\\\/company\\\/natural-poland\",\"https:\\\/\\\/www.youtube.com\\\/channel\\\/UCgeGGkvOMahZo-xu_MSEWxg\"]}]}<\/script>\n<!-- \/ Yoast SEO plugin. -->","yoast_head_json":{"title":"Tremella-sieni - Tremella fuciformis, scrapie - Tukkudistribuutio","robots":{"index":"index","follow":"follow","max-snippet":"max-snippet:-1","max-image-preview":"max-image-preview:large","max-video-preview":"max-video-preview:-1"},"canonical":"https:\/\/naturalpoland.com\/fi\/tuotteet\/laaketeollisuuden-tuotteet\/sieniuutteet\/fungus-tremella-tremella-fuciformis-fungus-tremella-fuciformis\/","og_locale":"fi_FI","og_type":"article","og_title":"Tremella-sieni - Tremella fuciformis, scrapie - Tukkudistribuutio","og_description":"Alun perin Aasiasta kotoisin oleva tremellasieni(Tremella fuciformis, merikvartsi) on ollut arvossaan perinteisess\u00e4 kiinalaisessa l\u00e4\u00e4ketieteess\u00e4 jo tuhansien vuosien ajan, ja nyt se kiinnostaa yh\u00e4 enemm\u00e4n my\u00f6s kosmetiikka- ja l\u00e4\u00e4keteollisuutta.","og_url":"https:\/\/naturalpoland.com\/fi\/tuotteet\/laaketeollisuuden-tuotteet\/sieniuutteet\/fungus-tremella-tremella-fuciformis-fungus-tremella-fuciformis\/","og_site_name":"NATURAL POLAND - RAAKA-AINEIDEN TUKKUJAKELIJA","article_publisher":"https:\/\/www.facebook.com\/naturalpoland.b2b","og_image":[{"width":600,"height":600,"url":"https:\/\/naturalpoland.com\/wp-content\/uploads\/grzyb-tremella.jpg","type":"image\/jpeg"}],"schema":{"@context":"https:\/\/schema.org","@graph":[{"@type":"WebPage","@id":"https:\/\/naturalpoland.com\/fi\/tuotteet\/laaketeollisuuden-tuotteet\/sieniuutteet\/fungus-tremella-tremella-fuciformis-fungus-tremella-fuciformis\/","url":"https:\/\/naturalpoland.com\/fi\/tuotteet\/laaketeollisuuden-tuotteet\/sieniuutteet\/fungus-tremella-tremella-fuciformis-fungus-tremella-fuciformis\/","name":"Tremella-sieni - Tremella fuciformis, scrapie - Tukkudistribuutio","isPartOf":{"@id":"https:\/\/naturalpoland.com\/fi\/#website"},"primaryImageOfPage":{"@id":"https:\/\/naturalpoland.com\/fi\/tuotteet\/laaketeollisuuden-tuotteet\/sieniuutteet\/fungus-tremella-tremella-fuciformis-fungus-tremella-fuciformis\/#primaryimage"},"image":{"@id":"https:\/\/naturalpoland.com\/fi\/tuotteet\/laaketeollisuuden-tuotteet\/sieniuutteet\/fungus-tremella-tremella-fuciformis-fungus-tremella-fuciformis\/#primaryimage"},"thumbnailUrl":"https:\/\/naturalpoland.com\/wp-content\/uploads\/grzyb-tremella.jpg","datePublished":"2023-03-23T14:26:36+00:00","breadcrumb":{"@id":"https:\/\/naturalpoland.com\/fi\/tuotteet\/laaketeollisuuden-tuotteet\/sieniuutteet\/fungus-tremella-tremella-fuciformis-fungus-tremella-fuciformis\/#breadcrumb"},"inLanguage":"fi","potentialAction":[{"@type":"ReadAction","target":["https:\/\/naturalpoland.com\/fi\/tuotteet\/laaketeollisuuden-tuotteet\/sieniuutteet\/fungus-tremella-tremella-fuciformis-fungus-tremella-fuciformis\/"]}]},{"@type":"ImageObject","inLanguage":"fi","@id":"https:\/\/naturalpoland.com\/fi\/tuotteet\/laaketeollisuuden-tuotteet\/sieniuutteet\/fungus-tremella-tremella-fuciformis-fungus-tremella-fuciformis\/#primaryimage","url":"https:\/\/naturalpoland.com\/wp-content\/uploads\/grzyb-tremella.jpg","contentUrl":"https:\/\/naturalpoland.com\/wp-content\/uploads\/grzyb-tremella.jpg","width":600,"height":600,"caption":"tremella-sieni"},{"@type":"BreadcrumbList","@id":"https:\/\/naturalpoland.com\/fi\/tuotteet\/laaketeollisuuden-tuotteet\/sieniuutteet\/fungus-tremella-tremella-fuciformis-fungus-tremella-fuciformis\/#breadcrumb","itemListElement":[{"@type":"ListItem","position":1,"name":"Etusivu","item":"https:\/\/naturalpoland.com\/fi\/"},{"@type":"ListItem","position":2,"name":"Tuotteet","item":"https:\/\/naturalpoland.com\/fi\/tuotteet\/"},{"@type":"ListItem","position":3,"name":"Tremella-sieni &#8211; Tremella fuciformis, scrapie"}]},{"@type":"WebSite","@id":"https:\/\/naturalpoland.com\/fi\/#website","url":"https:\/\/naturalpoland.com\/fi\/","name":"NATURAL POLAND - RAAKA-AINEIDEN TUKKUJAKELIJA","description":"Surowce dla przemys\u0142u spo\u017cywczego, kosmetycznego i farmaceutycznego","publisher":{"@id":"https:\/\/naturalpoland.com\/fi\/#organization"},"potentialAction":[{"@type":"SearchAction","target":{"@type":"EntryPoint","urlTemplate":"https:\/\/naturalpoland.com\/fi\/?s={search_term_string}"},"query-input":{"@type":"PropertyValueSpecification","valueRequired":true,"valueName":"search_term_string"}}],"inLanguage":"fi"},{"@type":"Organization","@id":"https:\/\/naturalpoland.com\/fi\/#organization","name":"Natural Poland","url":"https:\/\/naturalpoland.com\/fi\/","logo":{"@type":"ImageObject","inLanguage":"fi","@id":"https:\/\/naturalpoland.com\/fi\/#\/schema\/logo\/image\/","url":"https:\/\/naturalpoland.com\/wp-content\/uploads\/2021\/05\/natural-poland-icon.png","contentUrl":"https:\/\/naturalpoland.com\/wp-content\/uploads\/2021\/05\/natural-poland-icon.png","width":512,"height":512,"caption":"Natural Poland"},"image":{"@id":"https:\/\/naturalpoland.com\/fi\/#\/schema\/logo\/image\/"},"sameAs":["https:\/\/www.facebook.com\/naturalpoland.b2b","https:\/\/pl.linkedin.com\/company\/natural-poland","https:\/\/www.youtube.com\/channel\/UCgeGGkvOMahZo-xu_MSEWxg"]}]}},"_links":{"self":[{"href":"https:\/\/naturalpoland.com\/fi\/wp-json\/wp\/v2\/product\/21121","targetHints":{"allow":["GET"]}}],"collection":[{"href":"https:\/\/naturalpoland.com\/fi\/wp-json\/wp\/v2\/product"}],"about":[{"href":"https:\/\/naturalpoland.com\/fi\/wp-json\/wp\/v2\/types\/product"}],"wp:featuredmedia":[{"embeddable":true,"href":"https:\/\/naturalpoland.com\/fi\/wp-json\/wp\/v2\/media\/21071"}],"wp:attachment":[{"href":"https:\/\/naturalpoland.com\/fi\/wp-json\/wp\/v2\/media?parent=21121"}],"wp:term":[{"taxonomy":"product_brand","embeddable":true,"href":"https:\/\/naturalpoland.com\/fi\/wp-json\/wp\/v2\/product_brand?post=21121"},{"taxonomy":"product_cat","embeddable":true,"href":"https:\/\/naturalpoland.com\/fi\/wp-json\/wp\/v2\/product_cat?post=21121"},{"taxonomy":"product_tag","embeddable":true,"href":"https:\/\/naturalpoland.com\/fi\/wp-json\/wp\/v2\/product_tag?post=21121"}],"curies":[{"name":"wp","href":"https:\/\/api.w.org\/{rel}","templated":true}]}}