{"id":21132,"date":"2023-03-20T16:01:12","date_gmt":"2023-03-23T14:26:39","guid":{"rendered":"https:\/\/naturalpoland.pl\/produkty\/Ei-luokiteltu\/argireline\/"},"modified":"2025-01-16T15:35:46","modified_gmt":"2025-01-16T14:35:46","slug":"argireline","status":"publish","type":"product","link":"https:\/\/naturalpoland.com\/fi\/tuotteet\/kosmetiikkateollisuuden-tuotteet\/peptidit\/argireline\/","title":{"rendered":"Asetyyliheksapeptidi-8"},"content":{"rendered":"<p>Asetyyliheksapeptidi-8, kuten Botox,<strong> on<\/strong> <strong>v\u00e4litt\u00e4j\u00e4aineen est\u00e4j\u00e4<\/strong> &#8211; se v\u00e4hent\u00e4\u00e4 asetyylikoliinin tuotantoa, mik\u00e4 johtaa tiettyjen kasvolihasten supistumisen pys\u00e4htymiseen ja halvaantumiseen. N\u00e4in ollen se v\u00e4hent\u00e4\u00e4 uusien ryppyjen muodostumista ja olemassa olevien ryppyjen syvenemist\u00e4 iholla. Toisin kuin Botox, sen toiminta on kuitenkin <strong>ei-invasiivista<\/strong> &#8211; asetyyliheksapeptidi-8:lla on kyky tunkeutua syv\u00e4lle ihoon, ja injektioiden sijasta sit\u00e4 voidaan <strong>k\u00e4ytt\u00e4\u00e4 dermokosmetiikan muodossa<\/strong> (yleens\u00e4 voiteet, joiden pitoisuus on 10 %). Asetyyliheksapeptidi-8:n k\u00e4ytt\u00f6\u00e4 tukee my\u00f6s sen <strong>turvallisuus<\/strong> ja<strong> myrkyllisyyden puuttuminen<\/strong>.<\/p>\n<p> Siksi se on erinomainen vaihtoehto ihmisille, jotka etsiv\u00e4t ei-invasiivista, turvallista ja kivutonta menetelm\u00e4\u00e4 ryppyjen poistamiseksi iholta. Valitettavasti saavutetut vaikutukset eiv\u00e4t ole pitk\u00e4kestoisia, ja asetyyliheksapeptidi-8:aa sis\u00e4lt\u00e4v\u00e4\u00e4 kosmetiikkaa on k\u00e4ytett\u00e4v\u00e4 p\u00e4ivitt\u00e4in tai muutaman p\u00e4iv\u00e4n v\u00e4lein.<\/p>\n","protected":false},"excerpt":{"rendered":"<p><strong>Asetyyliheksapeptidi-8<\/strong> on kuudesta aminohaposta koostuva synteettinen <strong>peptidi<\/strong>, jota kutsutaan joskus &#8221;liev\u00e4ksi Botoxiksi&#8221; tai &#8221;Botoxiksi ilman injektioita&#8221;. Se on saanut nimens\u00e4 kosmetiikkatuotteiden joukossa ainutlaatuisesta <strong>ik\u00e4\u00e4ntymist\u00e4 ehk\u00e4isev\u00e4st\u00e4<\/strong> vaikutuksestaan, jonka vaikutusmekanismi muistuttaa botuliinitoksiinin &#8211; suositun Botoxin &#8211; vaikutusmekanismia.<\/p>\n","protected":false},"featured_media":21083,"template":"","meta":{"_acf_changed":false},"product_brand":[],"product_cat":[2490],"product_tag":[],"class_list":{"0":"post-21132","1":"product","2":"type-product","3":"status-publish","4":"has-post-thumbnail","6":"product_cat-peptidit","8":"first","9":"instock","10":"shipping-taxable","11":"product-type-simple"},"acf":[],"yoast_head":"<!-- This site is optimized with the Yoast SEO plugin v27.5 - https:\/\/yoast.com\/product\/yoast-seo-wordpress\/ -->\n<title>Asetyyliheksapeptidi-8 - Raaka-aineiden tukkukauppias NATURAL POLAND - RAAKA-AINEIDEN TUKKUJAKELIJA<\/title>\n<meta name=\"description\" content=\"Asetyyliheksapeptidi-8 on kuudesta aminohaposta koostuva synteettinen peptidi, jota kutsutaan joskus &quot;miedoksi Botoxiksi&quot; ja jolla on anti-ageing-vaikutuksia.\" \/>\n<meta name=\"robots\" content=\"index, follow, max-snippet:-1, max-image-preview:large, max-video-preview:-1\" \/>\n<link rel=\"canonical\" href=\"https:\/\/naturalpoland.com\/fi\/tuotteet\/kosmetiikkateollisuuden-tuotteet\/peptidit\/argireline\/\" \/>\n<meta property=\"og:locale\" content=\"fi_FI\" \/>\n<meta property=\"og:type\" content=\"article\" \/>\n<meta property=\"og:title\" content=\"Asetyyliheksapeptidi-8 - Raaka-aineiden tukkukauppias NATURAL POLAND - RAAKA-AINEIDEN TUKKUJAKELIJA\" \/>\n<meta property=\"og:description\" content=\"Asetyyliheksapeptidi-8 on kuudesta aminohaposta koostuva synteettinen peptidi, jota kutsutaan joskus &quot;miedoksi Botoxiksi&quot; ja jolla on anti-ageing-vaikutuksia.\" \/>\n<meta property=\"og:url\" content=\"https:\/\/naturalpoland.com\/fi\/tuotteet\/kosmetiikkateollisuuden-tuotteet\/peptidit\/argireline\/\" \/>\n<meta property=\"og:site_name\" content=\"NATURAL POLAND - RAAKA-AINEIDEN TUKKUJAKELIJA\" \/>\n<meta property=\"article:publisher\" content=\"https:\/\/www.facebook.com\/naturalpoland.b2b\" \/>\n<meta property=\"article:modified_time\" content=\"2025-01-16T14:35:46+00:00\" \/>\n<meta property=\"og:image\" content=\"https:\/\/naturalpoland.com\/wp-content\/uploads\/Argirelina.jpg\" \/>\n\t<meta property=\"og:image:width\" content=\"600\" \/>\n\t<meta property=\"og:image:height\" content=\"600\" \/>\n\t<meta property=\"og:image:type\" content=\"image\/jpeg\" \/>\n<script type=\"application\/ld+json\" class=\"yoast-schema-graph\">{\"@context\":\"https:\\\/\\\/schema.org\",\"@graph\":[{\"@type\":\"WebPage\",\"@id\":\"https:\\\/\\\/naturalpoland.com\\\/fi\\\/tuotteet\\\/kosmetiikkateollisuuden-tuotteet\\\/peptidit\\\/argireline\\\/\",\"url\":\"https:\\\/\\\/naturalpoland.com\\\/fi\\\/tuotteet\\\/kosmetiikkateollisuuden-tuotteet\\\/peptidit\\\/argireline\\\/\",\"name\":\"Asetyyliheksapeptidi-8 - Raaka-aineiden tukkukauppias NATURAL POLAND - RAAKA-AINEIDEN TUKKUJAKELIJA\",\"isPartOf\":{\"@id\":\"https:\\\/\\\/naturalpoland.com\\\/fi\\\/#website\"},\"primaryImageOfPage\":{\"@id\":\"https:\\\/\\\/naturalpoland.com\\\/fi\\\/tuotteet\\\/kosmetiikkateollisuuden-tuotteet\\\/peptidit\\\/argireline\\\/#primaryimage\"},\"image\":{\"@id\":\"https:\\\/\\\/naturalpoland.com\\\/fi\\\/tuotteet\\\/kosmetiikkateollisuuden-tuotteet\\\/peptidit\\\/argireline\\\/#primaryimage\"},\"thumbnailUrl\":\"https:\\\/\\\/naturalpoland.com\\\/wp-content\\\/uploads\\\/Argirelina.jpg\",\"datePublished\":\"2023-03-23T14:26:39+00:00\",\"dateModified\":\"2025-01-16T14:35:46+00:00\",\"description\":\"Asetyyliheksapeptidi-8 on kuudesta aminohaposta koostuva synteettinen peptidi, jota kutsutaan joskus \\\"miedoksi Botoxiksi\\\" ja jolla on anti-ageing-vaikutuksia.\",\"breadcrumb\":{\"@id\":\"https:\\\/\\\/naturalpoland.com\\\/fi\\\/tuotteet\\\/kosmetiikkateollisuuden-tuotteet\\\/peptidit\\\/argireline\\\/#breadcrumb\"},\"inLanguage\":\"fi\",\"potentialAction\":[{\"@type\":\"ReadAction\",\"target\":[\"https:\\\/\\\/naturalpoland.com\\\/fi\\\/tuotteet\\\/kosmetiikkateollisuuden-tuotteet\\\/peptidit\\\/argireline\\\/\"]}]},{\"@type\":\"ImageObject\",\"inLanguage\":\"fi\",\"@id\":\"https:\\\/\\\/naturalpoland.com\\\/fi\\\/tuotteet\\\/kosmetiikkateollisuuden-tuotteet\\\/peptidit\\\/argireline\\\/#primaryimage\",\"url\":\"https:\\\/\\\/naturalpoland.com\\\/wp-content\\\/uploads\\\/Argirelina.jpg\",\"contentUrl\":\"https:\\\/\\\/naturalpoland.com\\\/wp-content\\\/uploads\\\/Argirelina.jpg\",\"width\":600,\"height\":600,\"caption\":\"Argireline\"},{\"@type\":\"BreadcrumbList\",\"@id\":\"https:\\\/\\\/naturalpoland.com\\\/fi\\\/tuotteet\\\/kosmetiikkateollisuuden-tuotteet\\\/peptidit\\\/argireline\\\/#breadcrumb\",\"itemListElement\":[{\"@type\":\"ListItem\",\"position\":1,\"name\":\"Etusivu\",\"item\":\"https:\\\/\\\/naturalpoland.com\\\/fi\\\/\"},{\"@type\":\"ListItem\",\"position\":2,\"name\":\"Tuotteet\",\"item\":\"https:\\\/\\\/naturalpoland.com\\\/fi\\\/tuotteet\\\/\"},{\"@type\":\"ListItem\",\"position\":3,\"name\":\"Asetyyliheksapeptidi-8\"}]},{\"@type\":\"WebSite\",\"@id\":\"https:\\\/\\\/naturalpoland.com\\\/fi\\\/#website\",\"url\":\"https:\\\/\\\/naturalpoland.com\\\/fi\\\/\",\"name\":\"NATURAL POLAND - RAAKA-AINEIDEN TUKKUJAKELIJA\",\"description\":\"Surowce dla przemys\u0142u spo\u017cywczego, kosmetycznego i farmaceutycznego\",\"publisher\":{\"@id\":\"https:\\\/\\\/naturalpoland.com\\\/fi\\\/#organization\"},\"potentialAction\":[{\"@type\":\"SearchAction\",\"target\":{\"@type\":\"EntryPoint\",\"urlTemplate\":\"https:\\\/\\\/naturalpoland.com\\\/fi\\\/?s={search_term_string}\"},\"query-input\":{\"@type\":\"PropertyValueSpecification\",\"valueRequired\":true,\"valueName\":\"search_term_string\"}}],\"inLanguage\":\"fi\"},{\"@type\":\"Organization\",\"@id\":\"https:\\\/\\\/naturalpoland.com\\\/fi\\\/#organization\",\"name\":\"Natural Poland\",\"url\":\"https:\\\/\\\/naturalpoland.com\\\/fi\\\/\",\"logo\":{\"@type\":\"ImageObject\",\"inLanguage\":\"fi\",\"@id\":\"https:\\\/\\\/naturalpoland.com\\\/fi\\\/#\\\/schema\\\/logo\\\/image\\\/\",\"url\":\"https:\\\/\\\/naturalpoland.com\\\/wp-content\\\/uploads\\\/2021\\\/05\\\/natural-poland-icon.png\",\"contentUrl\":\"https:\\\/\\\/naturalpoland.com\\\/wp-content\\\/uploads\\\/2021\\\/05\\\/natural-poland-icon.png\",\"width\":512,\"height\":512,\"caption\":\"Natural Poland\"},\"image\":{\"@id\":\"https:\\\/\\\/naturalpoland.com\\\/fi\\\/#\\\/schema\\\/logo\\\/image\\\/\"},\"sameAs\":[\"https:\\\/\\\/www.facebook.com\\\/naturalpoland.b2b\",\"https:\\\/\\\/pl.linkedin.com\\\/company\\\/natural-poland\",\"https:\\\/\\\/www.youtube.com\\\/channel\\\/UCgeGGkvOMahZo-xu_MSEWxg\"]}]}<\/script>\n<!-- \/ Yoast SEO plugin. -->","yoast_head_json":{"title":"Asetyyliheksapeptidi-8 - Raaka-aineiden tukkukauppias NATURAL POLAND - RAAKA-AINEIDEN TUKKUJAKELIJA","description":"Asetyyliheksapeptidi-8 on kuudesta aminohaposta koostuva synteettinen peptidi, jota kutsutaan joskus \"miedoksi Botoxiksi\" ja jolla on anti-ageing-vaikutuksia.","robots":{"index":"index","follow":"follow","max-snippet":"max-snippet:-1","max-image-preview":"max-image-preview:large","max-video-preview":"max-video-preview:-1"},"canonical":"https:\/\/naturalpoland.com\/fi\/tuotteet\/kosmetiikkateollisuuden-tuotteet\/peptidit\/argireline\/","og_locale":"fi_FI","og_type":"article","og_title":"Asetyyliheksapeptidi-8 - Raaka-aineiden tukkukauppias NATURAL POLAND - RAAKA-AINEIDEN TUKKUJAKELIJA","og_description":"Asetyyliheksapeptidi-8 on kuudesta aminohaposta koostuva synteettinen peptidi, jota kutsutaan joskus \"miedoksi Botoxiksi\" ja jolla on anti-ageing-vaikutuksia.","og_url":"https:\/\/naturalpoland.com\/fi\/tuotteet\/kosmetiikkateollisuuden-tuotteet\/peptidit\/argireline\/","og_site_name":"NATURAL POLAND - RAAKA-AINEIDEN TUKKUJAKELIJA","article_publisher":"https:\/\/www.facebook.com\/naturalpoland.b2b","article_modified_time":"2025-01-16T14:35:46+00:00","og_image":[{"width":600,"height":600,"url":"https:\/\/naturalpoland.com\/wp-content\/uploads\/Argirelina.jpg","type":"image\/jpeg"}],"schema":{"@context":"https:\/\/schema.org","@graph":[{"@type":"WebPage","@id":"https:\/\/naturalpoland.com\/fi\/tuotteet\/kosmetiikkateollisuuden-tuotteet\/peptidit\/argireline\/","url":"https:\/\/naturalpoland.com\/fi\/tuotteet\/kosmetiikkateollisuuden-tuotteet\/peptidit\/argireline\/","name":"Asetyyliheksapeptidi-8 - Raaka-aineiden tukkukauppias NATURAL POLAND - RAAKA-AINEIDEN TUKKUJAKELIJA","isPartOf":{"@id":"https:\/\/naturalpoland.com\/fi\/#website"},"primaryImageOfPage":{"@id":"https:\/\/naturalpoland.com\/fi\/tuotteet\/kosmetiikkateollisuuden-tuotteet\/peptidit\/argireline\/#primaryimage"},"image":{"@id":"https:\/\/naturalpoland.com\/fi\/tuotteet\/kosmetiikkateollisuuden-tuotteet\/peptidit\/argireline\/#primaryimage"},"thumbnailUrl":"https:\/\/naturalpoland.com\/wp-content\/uploads\/Argirelina.jpg","datePublished":"2023-03-23T14:26:39+00:00","dateModified":"2025-01-16T14:35:46+00:00","description":"Asetyyliheksapeptidi-8 on kuudesta aminohaposta koostuva synteettinen peptidi, jota kutsutaan joskus \"miedoksi Botoxiksi\" ja jolla on anti-ageing-vaikutuksia.","breadcrumb":{"@id":"https:\/\/naturalpoland.com\/fi\/tuotteet\/kosmetiikkateollisuuden-tuotteet\/peptidit\/argireline\/#breadcrumb"},"inLanguage":"fi","potentialAction":[{"@type":"ReadAction","target":["https:\/\/naturalpoland.com\/fi\/tuotteet\/kosmetiikkateollisuuden-tuotteet\/peptidit\/argireline\/"]}]},{"@type":"ImageObject","inLanguage":"fi","@id":"https:\/\/naturalpoland.com\/fi\/tuotteet\/kosmetiikkateollisuuden-tuotteet\/peptidit\/argireline\/#primaryimage","url":"https:\/\/naturalpoland.com\/wp-content\/uploads\/Argirelina.jpg","contentUrl":"https:\/\/naturalpoland.com\/wp-content\/uploads\/Argirelina.jpg","width":600,"height":600,"caption":"Argireline"},{"@type":"BreadcrumbList","@id":"https:\/\/naturalpoland.com\/fi\/tuotteet\/kosmetiikkateollisuuden-tuotteet\/peptidit\/argireline\/#breadcrumb","itemListElement":[{"@type":"ListItem","position":1,"name":"Etusivu","item":"https:\/\/naturalpoland.com\/fi\/"},{"@type":"ListItem","position":2,"name":"Tuotteet","item":"https:\/\/naturalpoland.com\/fi\/tuotteet\/"},{"@type":"ListItem","position":3,"name":"Asetyyliheksapeptidi-8"}]},{"@type":"WebSite","@id":"https:\/\/naturalpoland.com\/fi\/#website","url":"https:\/\/naturalpoland.com\/fi\/","name":"NATURAL POLAND - RAAKA-AINEIDEN TUKKUJAKELIJA","description":"Surowce dla przemys\u0142u spo\u017cywczego, kosmetycznego i farmaceutycznego","publisher":{"@id":"https:\/\/naturalpoland.com\/fi\/#organization"},"potentialAction":[{"@type":"SearchAction","target":{"@type":"EntryPoint","urlTemplate":"https:\/\/naturalpoland.com\/fi\/?s={search_term_string}"},"query-input":{"@type":"PropertyValueSpecification","valueRequired":true,"valueName":"search_term_string"}}],"inLanguage":"fi"},{"@type":"Organization","@id":"https:\/\/naturalpoland.com\/fi\/#organization","name":"Natural Poland","url":"https:\/\/naturalpoland.com\/fi\/","logo":{"@type":"ImageObject","inLanguage":"fi","@id":"https:\/\/naturalpoland.com\/fi\/#\/schema\/logo\/image\/","url":"https:\/\/naturalpoland.com\/wp-content\/uploads\/2021\/05\/natural-poland-icon.png","contentUrl":"https:\/\/naturalpoland.com\/wp-content\/uploads\/2021\/05\/natural-poland-icon.png","width":512,"height":512,"caption":"Natural Poland"},"image":{"@id":"https:\/\/naturalpoland.com\/fi\/#\/schema\/logo\/image\/"},"sameAs":["https:\/\/www.facebook.com\/naturalpoland.b2b","https:\/\/pl.linkedin.com\/company\/natural-poland","https:\/\/www.youtube.com\/channel\/UCgeGGkvOMahZo-xu_MSEWxg"]}]}},"_links":{"self":[{"href":"https:\/\/naturalpoland.com\/fi\/wp-json\/wp\/v2\/product\/21132","targetHints":{"allow":["GET"]}}],"collection":[{"href":"https:\/\/naturalpoland.com\/fi\/wp-json\/wp\/v2\/product"}],"about":[{"href":"https:\/\/naturalpoland.com\/fi\/wp-json\/wp\/v2\/types\/product"}],"wp:featuredmedia":[{"embeddable":true,"href":"https:\/\/naturalpoland.com\/fi\/wp-json\/wp\/v2\/media\/21083"}],"wp:attachment":[{"href":"https:\/\/naturalpoland.com\/fi\/wp-json\/wp\/v2\/media?parent=21132"}],"wp:term":[{"taxonomy":"product_brand","embeddable":true,"href":"https:\/\/naturalpoland.com\/fi\/wp-json\/wp\/v2\/product_brand?post=21132"},{"taxonomy":"product_cat","embeddable":true,"href":"https:\/\/naturalpoland.com\/fi\/wp-json\/wp\/v2\/product_cat?post=21132"},{"taxonomy":"product_tag","embeddable":true,"href":"https:\/\/naturalpoland.com\/fi\/wp-json\/wp\/v2\/product_tag?post=21132"}],"curies":[{"name":"wp","href":"https:\/\/api.w.org\/{rel}","templated":true}]}}