{"id":21151,"date":"2023-03-06T13:00:15","date_gmt":"2023-03-23T15:27:33","guid":{"rendered":"https:\/\/naturalpoland.pl\/produkty\/Ei-luokiteltu\/cordyceps\/"},"modified":"2023-03-23T16:27:33","modified_gmt":"2023-03-23T15:27:33","slug":"cordyceps","status":"publish","type":"product","link":"https:\/\/naturalpoland.com\/fi\/tuotteet\/laaketeollisuuden-tuotteet\/sieniuutteet\/cordyceps\/","title":{"rendered":"Cordyceps"},"content":{"rendered":"<p><em>Cordyceps-sieniss\u00e4 <\/em>on monia vaikuttavia aineita, kuten mannitolia, kordycepiini\u00e4, nukleosideja, ergosterolia, aminofenolia ja hivenaineita. N\u00e4ill\u00e4 sienill\u00e4 on monenlaisia l\u00e4\u00e4kinn\u00e4llisi\u00e4 vaikutuksia, ja niiden kyvyll\u00e4 s\u00e4\u00e4dell\u00e4 immuniteettia on t\u00e4rke\u00e4 rooli sy\u00f6v\u00e4n ehk\u00e4isyss\u00e4 sek\u00e4 munuais-, maksa- ja syd\u00e4nsairauksien ehk\u00e4isyss\u00e4.<\/p>\n<p>Kiinan farmakopeassa (2005) todetaan, ett\u00e4 <em>Cordyceps-sienill\u00e4<\/em>on my\u00f6nteinen vaikutus munuaisten ja keuhkojen toimintaan. Niit\u00e4 voidaan k\u00e4ytt\u00e4\u00e4 astman aiheuttaman jatkuvan ysk\u00e4n hoitoon.<\/p>\n<p>Luonnossa <strong><br \/>\n  <em>Cordyceps sinensis<\/em><br \/>\n<\/strong> kasvaa toukkien loissienen\u00e4 (Zhu, Halpern ja Jones, 1998a; Zhu et al., 1998b), joten se on hyvin harvinainen. Samanlaisia ominaisuuksia kuin<em> Cordyceps sinensis <\/em>ovat seuraavat <strong><br \/>\n  <em>Cordyceps militaris<\/em><br \/>\n<\/strong>jota urheilijat k\u00e4ytt\u00e4v\u00e4t mielell\u00e4\u00e4n &#8211; se lis\u00e4\u00e4 verenkiertoa ja hapettaa paremmin kehon soluja, mik\u00e4 lis\u00e4\u00e4 kest\u00e4vyytt\u00e4 urheilussa. Se toimii my\u00f6s luonnollisena antioksidanttina.<\/p>\n","protected":false},"excerpt":{"rendered":"<p><strong>Cordyceps-sieniuute <\/strong>voi lis\u00e4t\u00e4 voimaa ja fyysist\u00e4 suorituskyky\u00e4 lis\u00e4\u00e4m\u00e4ll\u00e4 ATP:n tuotantoa ja kuljetusta sek\u00e4 maitohappokynnyst\u00e4. Sill\u00e4 on antiviraalisia, antimikrobisia ja antioksidanttisia vaikutuksia. Se s\u00e4\u00e4telee veren glukoosipitoisuutta ja on sy\u00f6v\u00e4n ennaltaehk\u00e4isev\u00e4 aine. Ote sis\u00e4lt\u00e4\u00e4 arvokkaita vitamiineja ja kivenn\u00e4isaineita &#8211; B-vitamiineja, C- ja D-vitamiineja, magnesiumia, kalsiumia ja kaliumia.<\/p>\n","protected":false},"featured_media":37206,"template":"","meta":{"_acf_changed":false},"product_brand":[],"product_cat":[2049],"product_tag":[],"class_list":{"0":"post-21151","1":"product","2":"type-product","3":"status-publish","4":"has-post-thumbnail","6":"product_cat-sieniuutteet","7":"pa_czesc-rosliny-hedelmorakenne","8":"pa_skladnik-aktywny-polysakkaridit","10":"first","11":"instock","12":"shipping-taxable","13":"product-type-simple"},"acf":[],"yoast_head":"<!-- This site is optimized with the Yoast SEO plugin v27.5 - https:\/\/yoast.com\/product\/yoast-seo-wordpress\/ -->\n<title>Cordyceps - Tukkudistribuutio<\/title>\n<meta name=\"robots\" content=\"index, follow, max-snippet:-1, max-image-preview:large, max-video-preview:-1\" \/>\n<link rel=\"canonical\" href=\"https:\/\/naturalpoland.com\/fi\/tuotteet\/laaketeollisuuden-tuotteet\/sieniuutteet\/cordyceps\/\" \/>\n<meta property=\"og:locale\" content=\"fi_FI\" \/>\n<meta property=\"og:type\" content=\"article\" \/>\n<meta property=\"og:title\" content=\"Cordyceps - Tukkudistribuutio\" \/>\n<meta property=\"og:description\" content=\"Cordyceps-sieniuute voi lis\u00e4t\u00e4 voimaa ja fyysist\u00e4 suorituskyky\u00e4 lis\u00e4\u00e4m\u00e4ll\u00e4 ATP:n tuotantoa ja kuljetusta sek\u00e4 maitohappokynnyst\u00e4. Sill\u00e4 on antiviraalisia, antimikrobisia ja antioksidanttisia vaikutuksia. Se s\u00e4\u00e4telee veren glukoosipitoisuutta ja on sy\u00f6v\u00e4n ennaltaehk\u00e4isev\u00e4 aine. Ote sis\u00e4lt\u00e4\u00e4 arvokkaita vitamiineja ja kivenn\u00e4isaineita - B-vitamiineja, C- ja D-vitamiineja, magnesiumia, kalsiumia ja kaliumia.\" \/>\n<meta property=\"og:url\" content=\"https:\/\/naturalpoland.com\/fi\/tuotteet\/laaketeollisuuden-tuotteet\/sieniuutteet\/cordyceps\/\" \/>\n<meta property=\"og:site_name\" content=\"NATURAL POLAND - RAAKA-AINEIDEN TUKKUJAKELIJA\" \/>\n<meta property=\"article:publisher\" content=\"https:\/\/www.facebook.com\/naturalpoland.b2b\" \/>\n<meta property=\"og:image\" content=\"https:\/\/naturalpoland.com\/wp-content\/uploads\/ekstrakt-z-cordyceps-sinensis.webp\" \/>\n\t<meta property=\"og:image:width\" content=\"614\" \/>\n\t<meta property=\"og:image:height\" content=\"614\" \/>\n\t<meta property=\"og:image:type\" content=\"image\/webp\" \/>\n<script type=\"application\/ld+json\" class=\"yoast-schema-graph\">{\"@context\":\"https:\\\/\\\/schema.org\",\"@graph\":[{\"@type\":\"WebPage\",\"@id\":\"https:\\\/\\\/naturalpoland.com\\\/fi\\\/tuotteet\\\/laaketeollisuuden-tuotteet\\\/sieniuutteet\\\/cordyceps\\\/\",\"url\":\"https:\\\/\\\/naturalpoland.com\\\/fi\\\/tuotteet\\\/laaketeollisuuden-tuotteet\\\/sieniuutteet\\\/cordyceps\\\/\",\"name\":\"Cordyceps - Tukkudistribuutio\",\"isPartOf\":{\"@id\":\"https:\\\/\\\/naturalpoland.com\\\/fi\\\/#website\"},\"primaryImageOfPage\":{\"@id\":\"https:\\\/\\\/naturalpoland.com\\\/fi\\\/tuotteet\\\/laaketeollisuuden-tuotteet\\\/sieniuutteet\\\/cordyceps\\\/#primaryimage\"},\"image\":{\"@id\":\"https:\\\/\\\/naturalpoland.com\\\/fi\\\/tuotteet\\\/laaketeollisuuden-tuotteet\\\/sieniuutteet\\\/cordyceps\\\/#primaryimage\"},\"thumbnailUrl\":\"https:\\\/\\\/naturalpoland.com\\\/wp-content\\\/uploads\\\/ekstrakt-z-cordyceps-sinensis.webp\",\"datePublished\":\"2023-03-23T15:27:33+00:00\",\"breadcrumb\":{\"@id\":\"https:\\\/\\\/naturalpoland.com\\\/fi\\\/tuotteet\\\/laaketeollisuuden-tuotteet\\\/sieniuutteet\\\/cordyceps\\\/#breadcrumb\"},\"inLanguage\":\"fi\",\"potentialAction\":[{\"@type\":\"ReadAction\",\"target\":[\"https:\\\/\\\/naturalpoland.com\\\/fi\\\/tuotteet\\\/laaketeollisuuden-tuotteet\\\/sieniuutteet\\\/cordyceps\\\/\"]}]},{\"@type\":\"ImageObject\",\"inLanguage\":\"fi\",\"@id\":\"https:\\\/\\\/naturalpoland.com\\\/fi\\\/tuotteet\\\/laaketeollisuuden-tuotteet\\\/sieniuutteet\\\/cordyceps\\\/#primaryimage\",\"url\":\"https:\\\/\\\/naturalpoland.com\\\/wp-content\\\/uploads\\\/ekstrakt-z-cordyceps-sinensis.webp\",\"contentUrl\":\"https:\\\/\\\/naturalpoland.com\\\/wp-content\\\/uploads\\\/ekstrakt-z-cordyceps-sinensis.webp\",\"width\":614,\"height\":614,\"caption\":\"ekstrakt z Cordyceps Sinensis\"},{\"@type\":\"BreadcrumbList\",\"@id\":\"https:\\\/\\\/naturalpoland.com\\\/fi\\\/tuotteet\\\/laaketeollisuuden-tuotteet\\\/sieniuutteet\\\/cordyceps\\\/#breadcrumb\",\"itemListElement\":[{\"@type\":\"ListItem\",\"position\":1,\"name\":\"Etusivu\",\"item\":\"https:\\\/\\\/naturalpoland.com\\\/fi\\\/\"},{\"@type\":\"ListItem\",\"position\":2,\"name\":\"Tuotteet\",\"item\":\"https:\\\/\\\/naturalpoland.com\\\/fi\\\/tuotteet\\\/\"},{\"@type\":\"ListItem\",\"position\":3,\"name\":\"Cordyceps\"}]},{\"@type\":\"WebSite\",\"@id\":\"https:\\\/\\\/naturalpoland.com\\\/fi\\\/#website\",\"url\":\"https:\\\/\\\/naturalpoland.com\\\/fi\\\/\",\"name\":\"NATURAL POLAND - RAAKA-AINEIDEN TUKKUJAKELIJA\",\"description\":\"Surowce dla przemys\u0142u spo\u017cywczego, kosmetycznego i farmaceutycznego\",\"publisher\":{\"@id\":\"https:\\\/\\\/naturalpoland.com\\\/fi\\\/#organization\"},\"potentialAction\":[{\"@type\":\"SearchAction\",\"target\":{\"@type\":\"EntryPoint\",\"urlTemplate\":\"https:\\\/\\\/naturalpoland.com\\\/fi\\\/?s={search_term_string}\"},\"query-input\":{\"@type\":\"PropertyValueSpecification\",\"valueRequired\":true,\"valueName\":\"search_term_string\"}}],\"inLanguage\":\"fi\"},{\"@type\":\"Organization\",\"@id\":\"https:\\\/\\\/naturalpoland.com\\\/fi\\\/#organization\",\"name\":\"Natural Poland\",\"url\":\"https:\\\/\\\/naturalpoland.com\\\/fi\\\/\",\"logo\":{\"@type\":\"ImageObject\",\"inLanguage\":\"fi\",\"@id\":\"https:\\\/\\\/naturalpoland.com\\\/fi\\\/#\\\/schema\\\/logo\\\/image\\\/\",\"url\":\"https:\\\/\\\/naturalpoland.com\\\/wp-content\\\/uploads\\\/2021\\\/05\\\/natural-poland-icon.png\",\"contentUrl\":\"https:\\\/\\\/naturalpoland.com\\\/wp-content\\\/uploads\\\/2021\\\/05\\\/natural-poland-icon.png\",\"width\":512,\"height\":512,\"caption\":\"Natural Poland\"},\"image\":{\"@id\":\"https:\\\/\\\/naturalpoland.com\\\/fi\\\/#\\\/schema\\\/logo\\\/image\\\/\"},\"sameAs\":[\"https:\\\/\\\/www.facebook.com\\\/naturalpoland.b2b\",\"https:\\\/\\\/pl.linkedin.com\\\/company\\\/natural-poland\",\"https:\\\/\\\/www.youtube.com\\\/channel\\\/UCgeGGkvOMahZo-xu_MSEWxg\"]}]}<\/script>\n<!-- \/ Yoast SEO plugin. -->","yoast_head_json":{"title":"Cordyceps - Tukkudistribuutio","robots":{"index":"index","follow":"follow","max-snippet":"max-snippet:-1","max-image-preview":"max-image-preview:large","max-video-preview":"max-video-preview:-1"},"canonical":"https:\/\/naturalpoland.com\/fi\/tuotteet\/laaketeollisuuden-tuotteet\/sieniuutteet\/cordyceps\/","og_locale":"fi_FI","og_type":"article","og_title":"Cordyceps - Tukkudistribuutio","og_description":"Cordyceps-sieniuute voi lis\u00e4t\u00e4 voimaa ja fyysist\u00e4 suorituskyky\u00e4 lis\u00e4\u00e4m\u00e4ll\u00e4 ATP:n tuotantoa ja kuljetusta sek\u00e4 maitohappokynnyst\u00e4. Sill\u00e4 on antiviraalisia, antimikrobisia ja antioksidanttisia vaikutuksia. Se s\u00e4\u00e4telee veren glukoosipitoisuutta ja on sy\u00f6v\u00e4n ennaltaehk\u00e4isev\u00e4 aine. Ote sis\u00e4lt\u00e4\u00e4 arvokkaita vitamiineja ja kivenn\u00e4isaineita - B-vitamiineja, C- ja D-vitamiineja, magnesiumia, kalsiumia ja kaliumia.","og_url":"https:\/\/naturalpoland.com\/fi\/tuotteet\/laaketeollisuuden-tuotteet\/sieniuutteet\/cordyceps\/","og_site_name":"NATURAL POLAND - RAAKA-AINEIDEN TUKKUJAKELIJA","article_publisher":"https:\/\/www.facebook.com\/naturalpoland.b2b","og_image":[{"width":614,"height":614,"url":"https:\/\/naturalpoland.com\/wp-content\/uploads\/ekstrakt-z-cordyceps-sinensis.webp","type":"image\/webp"}],"schema":{"@context":"https:\/\/schema.org","@graph":[{"@type":"WebPage","@id":"https:\/\/naturalpoland.com\/fi\/tuotteet\/laaketeollisuuden-tuotteet\/sieniuutteet\/cordyceps\/","url":"https:\/\/naturalpoland.com\/fi\/tuotteet\/laaketeollisuuden-tuotteet\/sieniuutteet\/cordyceps\/","name":"Cordyceps - Tukkudistribuutio","isPartOf":{"@id":"https:\/\/naturalpoland.com\/fi\/#website"},"primaryImageOfPage":{"@id":"https:\/\/naturalpoland.com\/fi\/tuotteet\/laaketeollisuuden-tuotteet\/sieniuutteet\/cordyceps\/#primaryimage"},"image":{"@id":"https:\/\/naturalpoland.com\/fi\/tuotteet\/laaketeollisuuden-tuotteet\/sieniuutteet\/cordyceps\/#primaryimage"},"thumbnailUrl":"https:\/\/naturalpoland.com\/wp-content\/uploads\/ekstrakt-z-cordyceps-sinensis.webp","datePublished":"2023-03-23T15:27:33+00:00","breadcrumb":{"@id":"https:\/\/naturalpoland.com\/fi\/tuotteet\/laaketeollisuuden-tuotteet\/sieniuutteet\/cordyceps\/#breadcrumb"},"inLanguage":"fi","potentialAction":[{"@type":"ReadAction","target":["https:\/\/naturalpoland.com\/fi\/tuotteet\/laaketeollisuuden-tuotteet\/sieniuutteet\/cordyceps\/"]}]},{"@type":"ImageObject","inLanguage":"fi","@id":"https:\/\/naturalpoland.com\/fi\/tuotteet\/laaketeollisuuden-tuotteet\/sieniuutteet\/cordyceps\/#primaryimage","url":"https:\/\/naturalpoland.com\/wp-content\/uploads\/ekstrakt-z-cordyceps-sinensis.webp","contentUrl":"https:\/\/naturalpoland.com\/wp-content\/uploads\/ekstrakt-z-cordyceps-sinensis.webp","width":614,"height":614,"caption":"ekstrakt z Cordyceps Sinensis"},{"@type":"BreadcrumbList","@id":"https:\/\/naturalpoland.com\/fi\/tuotteet\/laaketeollisuuden-tuotteet\/sieniuutteet\/cordyceps\/#breadcrumb","itemListElement":[{"@type":"ListItem","position":1,"name":"Etusivu","item":"https:\/\/naturalpoland.com\/fi\/"},{"@type":"ListItem","position":2,"name":"Tuotteet","item":"https:\/\/naturalpoland.com\/fi\/tuotteet\/"},{"@type":"ListItem","position":3,"name":"Cordyceps"}]},{"@type":"WebSite","@id":"https:\/\/naturalpoland.com\/fi\/#website","url":"https:\/\/naturalpoland.com\/fi\/","name":"NATURAL POLAND - RAAKA-AINEIDEN TUKKUJAKELIJA","description":"Surowce dla przemys\u0142u spo\u017cywczego, kosmetycznego i farmaceutycznego","publisher":{"@id":"https:\/\/naturalpoland.com\/fi\/#organization"},"potentialAction":[{"@type":"SearchAction","target":{"@type":"EntryPoint","urlTemplate":"https:\/\/naturalpoland.com\/fi\/?s={search_term_string}"},"query-input":{"@type":"PropertyValueSpecification","valueRequired":true,"valueName":"search_term_string"}}],"inLanguage":"fi"},{"@type":"Organization","@id":"https:\/\/naturalpoland.com\/fi\/#organization","name":"Natural Poland","url":"https:\/\/naturalpoland.com\/fi\/","logo":{"@type":"ImageObject","inLanguage":"fi","@id":"https:\/\/naturalpoland.com\/fi\/#\/schema\/logo\/image\/","url":"https:\/\/naturalpoland.com\/wp-content\/uploads\/2021\/05\/natural-poland-icon.png","contentUrl":"https:\/\/naturalpoland.com\/wp-content\/uploads\/2021\/05\/natural-poland-icon.png","width":512,"height":512,"caption":"Natural Poland"},"image":{"@id":"https:\/\/naturalpoland.com\/fi\/#\/schema\/logo\/image\/"},"sameAs":["https:\/\/www.facebook.com\/naturalpoland.b2b","https:\/\/pl.linkedin.com\/company\/natural-poland","https:\/\/www.youtube.com\/channel\/UCgeGGkvOMahZo-xu_MSEWxg"]}]}},"_links":{"self":[{"href":"https:\/\/naturalpoland.com\/fi\/wp-json\/wp\/v2\/product\/21151","targetHints":{"allow":["GET"]}}],"collection":[{"href":"https:\/\/naturalpoland.com\/fi\/wp-json\/wp\/v2\/product"}],"about":[{"href":"https:\/\/naturalpoland.com\/fi\/wp-json\/wp\/v2\/types\/product"}],"wp:featuredmedia":[{"embeddable":true,"href":"https:\/\/naturalpoland.com\/fi\/wp-json\/wp\/v2\/media\/37206"}],"wp:attachment":[{"href":"https:\/\/naturalpoland.com\/fi\/wp-json\/wp\/v2\/media?parent=21151"}],"wp:term":[{"taxonomy":"product_brand","embeddable":true,"href":"https:\/\/naturalpoland.com\/fi\/wp-json\/wp\/v2\/product_brand?post=21151"},{"taxonomy":"product_cat","embeddable":true,"href":"https:\/\/naturalpoland.com\/fi\/wp-json\/wp\/v2\/product_cat?post=21151"},{"taxonomy":"product_tag","embeddable":true,"href":"https:\/\/naturalpoland.com\/fi\/wp-json\/wp\/v2\/product_tag?post=21151"}],"curies":[{"name":"wp","href":"https:\/\/api.w.org\/{rel}","templated":true}]}}