{"id":21166,"date":"2023-03-16T10:43:26","date_gmt":"2023-03-23T15:27:59","guid":{"rendered":"https:\/\/naturalpoland.pl\/produkty\/Ei-luokiteltu\/bemt-tinosorb-s\/"},"modified":"2023-03-24T08:39:13","modified_gmt":"2023-03-24T07:39:13","slug":"bis-etyyliheksyylioksifenolimetoksifenyylitriatsiini-bemt-tinosorb-s","status":"publish","type":"product","link":"https:\/\/naturalpoland.com\/fi\/tuotteet\/kosmetiikkateollisuuden-tuotteet\/kosmetiikan-raaka-aineet\/bis-etyyliheksyylioksifenolimetoksifenyylitriatsiini-bemt-tinosorb-s\/","title":{"rendered":"BEMT \/ Tinosorb S"},"content":{"rendered":"<p>BEMT:n ominaispiirteisiin kuuluvat korkea <strong>fotostabiilisuus<\/strong> ja laaja vaikutusspektri sek\u00e4 UVA- ett\u00e4 UVA-s\u00e4teit\u00e4 vastaan. Sen lis\u00e4etuna on sen hyv\u00e4 yhteensopivuus sek\u00e4 mineraalisten ett\u00e4 kemiallisten suodattimien kanssa.<\/p>\n<p>BEMT:ll\u00e4 on my\u00f6s alhainen ymp\u00e4rist\u00f6myrkyllisyys, ja se on yksi yleisimmin valituista UV-suodattimista lapsille tarkoitetuissa valonsuoja-aineissa.<\/p>\n","protected":false},"excerpt":{"rendered":"<p>BEMT eli <strong>bis-etyyliheksyylioksifenolimetoksifenyylitriatsiini<\/strong>, joka tunnetaan my\u00f6s nimell\u00e4 <strong>Tinosorb S<\/strong>, on kemiallinen suodatin, joka tunnetaan &#8221;uuden sukupolven&#8221; suodattimena. Sen vaikutusmekanismi perustuu UVR-s\u00e4teiden absorptioon, jolloin ne siirtyv\u00e4t virittyneille energiatasoille. T\u00e4m\u00e4n j\u00e4lkeen energia vapautuu ja kemiallinen molekyyli palaa alkuper\u00e4iselle energiatasolleen.<\/p>\n","protected":false},"featured_media":21035,"template":"","meta":{"_acf_changed":false},"product_brand":[],"product_cat":[544],"product_tag":[],"class_list":{"0":"post-21166","1":"product","2":"type-product","3":"status-publish","4":"has-post-thumbnail","6":"product_cat-kosmetiikan-raaka-aineet","8":"first","9":"instock","10":"shipping-taxable","11":"product-type-simple"},"acf":[],"yoast_head":"<!-- This site is optimized with the Yoast SEO plugin v27.5 - https:\/\/yoast.com\/product\/yoast-seo-wordpress\/ -->\n<title>BEMT \/ Tinosorb S - Tukkudistribuutio<\/title>\n<meta name=\"robots\" content=\"index, follow, max-snippet:-1, max-image-preview:large, max-video-preview:-1\" \/>\n<link rel=\"canonical\" href=\"https:\/\/naturalpoland.com\/fi\/tuotteet\/kosmetiikkateollisuuden-tuotteet\/kosmetiikan-raaka-aineet\/bis-etyyliheksyylioksifenolimetoksifenyylitriatsiini-bemt-tinosorb-s\/\" \/>\n<meta property=\"og:locale\" content=\"fi_FI\" \/>\n<meta property=\"og:type\" content=\"article\" \/>\n<meta property=\"og:title\" content=\"BEMT \/ Tinosorb S - Tukkudistribuutio\" \/>\n<meta property=\"og:description\" content=\"BEMT eli bis-etyyliheksyylioksifenolimetoksifenyylitriatsiini, joka tunnetaan my\u00f6s nimell\u00e4 Tinosorb S, on kemiallinen suodatin, joka tunnetaan &quot;uuden sukupolven&quot; suodattimena. Sen vaikutusmekanismi perustuu UVR-s\u00e4teiden absorptioon, jolloin ne siirtyv\u00e4t virittyneille energiatasoille. T\u00e4m\u00e4n j\u00e4lkeen energia vapautuu ja kemiallinen molekyyli palaa alkuper\u00e4iselle energiatasolleen.\" \/>\n<meta property=\"og:url\" content=\"https:\/\/naturalpoland.com\/fi\/tuotteet\/kosmetiikkateollisuuden-tuotteet\/kosmetiikan-raaka-aineet\/bis-etyyliheksyylioksifenolimetoksifenyylitriatsiini-bemt-tinosorb-s\/\" \/>\n<meta property=\"og:site_name\" content=\"NATURAL POLAND - RAAKA-AINEIDEN TUKKUJAKELIJA\" \/>\n<meta property=\"article:publisher\" content=\"https:\/\/www.facebook.com\/naturalpoland.b2b\" \/>\n<meta property=\"article:modified_time\" content=\"2023-03-24T07:39:13+00:00\" \/>\n<meta property=\"og:image\" content=\"https:\/\/naturalpoland.com\/wp-content\/uploads\/bemt-Tinosorb-s.jpg\" \/>\n\t<meta property=\"og:image:width\" content=\"600\" \/>\n\t<meta property=\"og:image:height\" content=\"600\" \/>\n\t<meta property=\"og:image:type\" content=\"image\/jpeg\" \/>\n<script type=\"application\/ld+json\" class=\"yoast-schema-graph\">{\"@context\":\"https:\\\/\\\/schema.org\",\"@graph\":[{\"@type\":\"WebPage\",\"@id\":\"https:\\\/\\\/naturalpoland.com\\\/fi\\\/tuotteet\\\/kosmetiikkateollisuuden-tuotteet\\\/kosmetiikan-raaka-aineet\\\/bis-etyyliheksyylioksifenolimetoksifenyylitriatsiini-bemt-tinosorb-s\\\/\",\"url\":\"https:\\\/\\\/naturalpoland.com\\\/fi\\\/tuotteet\\\/kosmetiikkateollisuuden-tuotteet\\\/kosmetiikan-raaka-aineet\\\/bis-etyyliheksyylioksifenolimetoksifenyylitriatsiini-bemt-tinosorb-s\\\/\",\"name\":\"BEMT \\\/ Tinosorb S - Tukkudistribuutio\",\"isPartOf\":{\"@id\":\"https:\\\/\\\/naturalpoland.com\\\/fi\\\/#website\"},\"primaryImageOfPage\":{\"@id\":\"https:\\\/\\\/naturalpoland.com\\\/fi\\\/tuotteet\\\/kosmetiikkateollisuuden-tuotteet\\\/kosmetiikan-raaka-aineet\\\/bis-etyyliheksyylioksifenolimetoksifenyylitriatsiini-bemt-tinosorb-s\\\/#primaryimage\"},\"image\":{\"@id\":\"https:\\\/\\\/naturalpoland.com\\\/fi\\\/tuotteet\\\/kosmetiikkateollisuuden-tuotteet\\\/kosmetiikan-raaka-aineet\\\/bis-etyyliheksyylioksifenolimetoksifenyylitriatsiini-bemt-tinosorb-s\\\/#primaryimage\"},\"thumbnailUrl\":\"https:\\\/\\\/naturalpoland.com\\\/wp-content\\\/uploads\\\/bemt-Tinosorb-s.jpg\",\"datePublished\":\"2023-03-23T15:27:59+00:00\",\"dateModified\":\"2023-03-24T07:39:13+00:00\",\"breadcrumb\":{\"@id\":\"https:\\\/\\\/naturalpoland.com\\\/fi\\\/tuotteet\\\/kosmetiikkateollisuuden-tuotteet\\\/kosmetiikan-raaka-aineet\\\/bis-etyyliheksyylioksifenolimetoksifenyylitriatsiini-bemt-tinosorb-s\\\/#breadcrumb\"},\"inLanguage\":\"fi\",\"potentialAction\":[{\"@type\":\"ReadAction\",\"target\":[\"https:\\\/\\\/naturalpoland.com\\\/fi\\\/tuotteet\\\/kosmetiikkateollisuuden-tuotteet\\\/kosmetiikan-raaka-aineet\\\/bis-etyyliheksyylioksifenolimetoksifenyylitriatsiini-bemt-tinosorb-s\\\/\"]}]},{\"@type\":\"ImageObject\",\"inLanguage\":\"fi\",\"@id\":\"https:\\\/\\\/naturalpoland.com\\\/fi\\\/tuotteet\\\/kosmetiikkateollisuuden-tuotteet\\\/kosmetiikan-raaka-aineet\\\/bis-etyyliheksyylioksifenolimetoksifenyylitriatsiini-bemt-tinosorb-s\\\/#primaryimage\",\"url\":\"https:\\\/\\\/naturalpoland.com\\\/wp-content\\\/uploads\\\/bemt-Tinosorb-s.jpg\",\"contentUrl\":\"https:\\\/\\\/naturalpoland.com\\\/wp-content\\\/uploads\\\/bemt-Tinosorb-s.jpg\",\"width\":600,\"height\":600,\"caption\":\"mebt \\\/ tinosorb s\"},{\"@type\":\"BreadcrumbList\",\"@id\":\"https:\\\/\\\/naturalpoland.com\\\/fi\\\/tuotteet\\\/kosmetiikkateollisuuden-tuotteet\\\/kosmetiikan-raaka-aineet\\\/bis-etyyliheksyylioksifenolimetoksifenyylitriatsiini-bemt-tinosorb-s\\\/#breadcrumb\",\"itemListElement\":[{\"@type\":\"ListItem\",\"position\":1,\"name\":\"Etusivu\",\"item\":\"https:\\\/\\\/naturalpoland.com\\\/fi\\\/\"},{\"@type\":\"ListItem\",\"position\":2,\"name\":\"Tuotteet\",\"item\":\"https:\\\/\\\/naturalpoland.com\\\/fi\\\/tuotteet\\\/\"},{\"@type\":\"ListItem\",\"position\":3,\"name\":\"BEMT \\\/ Tinosorb S\"}]},{\"@type\":\"WebSite\",\"@id\":\"https:\\\/\\\/naturalpoland.com\\\/fi\\\/#website\",\"url\":\"https:\\\/\\\/naturalpoland.com\\\/fi\\\/\",\"name\":\"NATURAL POLAND - RAAKA-AINEIDEN TUKKUJAKELIJA\",\"description\":\"Surowce dla przemys\u0142u spo\u017cywczego, kosmetycznego i farmaceutycznego\",\"publisher\":{\"@id\":\"https:\\\/\\\/naturalpoland.com\\\/fi\\\/#organization\"},\"potentialAction\":[{\"@type\":\"SearchAction\",\"target\":{\"@type\":\"EntryPoint\",\"urlTemplate\":\"https:\\\/\\\/naturalpoland.com\\\/fi\\\/?s={search_term_string}\"},\"query-input\":{\"@type\":\"PropertyValueSpecification\",\"valueRequired\":true,\"valueName\":\"search_term_string\"}}],\"inLanguage\":\"fi\"},{\"@type\":\"Organization\",\"@id\":\"https:\\\/\\\/naturalpoland.com\\\/fi\\\/#organization\",\"name\":\"Natural Poland\",\"url\":\"https:\\\/\\\/naturalpoland.com\\\/fi\\\/\",\"logo\":{\"@type\":\"ImageObject\",\"inLanguage\":\"fi\",\"@id\":\"https:\\\/\\\/naturalpoland.com\\\/fi\\\/#\\\/schema\\\/logo\\\/image\\\/\",\"url\":\"https:\\\/\\\/naturalpoland.com\\\/wp-content\\\/uploads\\\/2021\\\/05\\\/natural-poland-icon.png\",\"contentUrl\":\"https:\\\/\\\/naturalpoland.com\\\/wp-content\\\/uploads\\\/2021\\\/05\\\/natural-poland-icon.png\",\"width\":512,\"height\":512,\"caption\":\"Natural Poland\"},\"image\":{\"@id\":\"https:\\\/\\\/naturalpoland.com\\\/fi\\\/#\\\/schema\\\/logo\\\/image\\\/\"},\"sameAs\":[\"https:\\\/\\\/www.facebook.com\\\/naturalpoland.b2b\",\"https:\\\/\\\/pl.linkedin.com\\\/company\\\/natural-poland\",\"https:\\\/\\\/www.youtube.com\\\/channel\\\/UCgeGGkvOMahZo-xu_MSEWxg\"]}]}<\/script>\n<!-- \/ Yoast SEO plugin. -->","yoast_head_json":{"title":"BEMT \/ Tinosorb S - Tukkudistribuutio","robots":{"index":"index","follow":"follow","max-snippet":"max-snippet:-1","max-image-preview":"max-image-preview:large","max-video-preview":"max-video-preview:-1"},"canonical":"https:\/\/naturalpoland.com\/fi\/tuotteet\/kosmetiikkateollisuuden-tuotteet\/kosmetiikan-raaka-aineet\/bis-etyyliheksyylioksifenolimetoksifenyylitriatsiini-bemt-tinosorb-s\/","og_locale":"fi_FI","og_type":"article","og_title":"BEMT \/ Tinosorb S - Tukkudistribuutio","og_description":"BEMT eli bis-etyyliheksyylioksifenolimetoksifenyylitriatsiini, joka tunnetaan my\u00f6s nimell\u00e4 Tinosorb S, on kemiallinen suodatin, joka tunnetaan \"uuden sukupolven\" suodattimena. Sen vaikutusmekanismi perustuu UVR-s\u00e4teiden absorptioon, jolloin ne siirtyv\u00e4t virittyneille energiatasoille. T\u00e4m\u00e4n j\u00e4lkeen energia vapautuu ja kemiallinen molekyyli palaa alkuper\u00e4iselle energiatasolleen.","og_url":"https:\/\/naturalpoland.com\/fi\/tuotteet\/kosmetiikkateollisuuden-tuotteet\/kosmetiikan-raaka-aineet\/bis-etyyliheksyylioksifenolimetoksifenyylitriatsiini-bemt-tinosorb-s\/","og_site_name":"NATURAL POLAND - RAAKA-AINEIDEN TUKKUJAKELIJA","article_publisher":"https:\/\/www.facebook.com\/naturalpoland.b2b","article_modified_time":"2023-03-24T07:39:13+00:00","og_image":[{"width":600,"height":600,"url":"https:\/\/naturalpoland.com\/wp-content\/uploads\/bemt-Tinosorb-s.jpg","type":"image\/jpeg"}],"schema":{"@context":"https:\/\/schema.org","@graph":[{"@type":"WebPage","@id":"https:\/\/naturalpoland.com\/fi\/tuotteet\/kosmetiikkateollisuuden-tuotteet\/kosmetiikan-raaka-aineet\/bis-etyyliheksyylioksifenolimetoksifenyylitriatsiini-bemt-tinosorb-s\/","url":"https:\/\/naturalpoland.com\/fi\/tuotteet\/kosmetiikkateollisuuden-tuotteet\/kosmetiikan-raaka-aineet\/bis-etyyliheksyylioksifenolimetoksifenyylitriatsiini-bemt-tinosorb-s\/","name":"BEMT \/ Tinosorb S - Tukkudistribuutio","isPartOf":{"@id":"https:\/\/naturalpoland.com\/fi\/#website"},"primaryImageOfPage":{"@id":"https:\/\/naturalpoland.com\/fi\/tuotteet\/kosmetiikkateollisuuden-tuotteet\/kosmetiikan-raaka-aineet\/bis-etyyliheksyylioksifenolimetoksifenyylitriatsiini-bemt-tinosorb-s\/#primaryimage"},"image":{"@id":"https:\/\/naturalpoland.com\/fi\/tuotteet\/kosmetiikkateollisuuden-tuotteet\/kosmetiikan-raaka-aineet\/bis-etyyliheksyylioksifenolimetoksifenyylitriatsiini-bemt-tinosorb-s\/#primaryimage"},"thumbnailUrl":"https:\/\/naturalpoland.com\/wp-content\/uploads\/bemt-Tinosorb-s.jpg","datePublished":"2023-03-23T15:27:59+00:00","dateModified":"2023-03-24T07:39:13+00:00","breadcrumb":{"@id":"https:\/\/naturalpoland.com\/fi\/tuotteet\/kosmetiikkateollisuuden-tuotteet\/kosmetiikan-raaka-aineet\/bis-etyyliheksyylioksifenolimetoksifenyylitriatsiini-bemt-tinosorb-s\/#breadcrumb"},"inLanguage":"fi","potentialAction":[{"@type":"ReadAction","target":["https:\/\/naturalpoland.com\/fi\/tuotteet\/kosmetiikkateollisuuden-tuotteet\/kosmetiikan-raaka-aineet\/bis-etyyliheksyylioksifenolimetoksifenyylitriatsiini-bemt-tinosorb-s\/"]}]},{"@type":"ImageObject","inLanguage":"fi","@id":"https:\/\/naturalpoland.com\/fi\/tuotteet\/kosmetiikkateollisuuden-tuotteet\/kosmetiikan-raaka-aineet\/bis-etyyliheksyylioksifenolimetoksifenyylitriatsiini-bemt-tinosorb-s\/#primaryimage","url":"https:\/\/naturalpoland.com\/wp-content\/uploads\/bemt-Tinosorb-s.jpg","contentUrl":"https:\/\/naturalpoland.com\/wp-content\/uploads\/bemt-Tinosorb-s.jpg","width":600,"height":600,"caption":"mebt \/ tinosorb s"},{"@type":"BreadcrumbList","@id":"https:\/\/naturalpoland.com\/fi\/tuotteet\/kosmetiikkateollisuuden-tuotteet\/kosmetiikan-raaka-aineet\/bis-etyyliheksyylioksifenolimetoksifenyylitriatsiini-bemt-tinosorb-s\/#breadcrumb","itemListElement":[{"@type":"ListItem","position":1,"name":"Etusivu","item":"https:\/\/naturalpoland.com\/fi\/"},{"@type":"ListItem","position":2,"name":"Tuotteet","item":"https:\/\/naturalpoland.com\/fi\/tuotteet\/"},{"@type":"ListItem","position":3,"name":"BEMT \/ Tinosorb S"}]},{"@type":"WebSite","@id":"https:\/\/naturalpoland.com\/fi\/#website","url":"https:\/\/naturalpoland.com\/fi\/","name":"NATURAL POLAND - RAAKA-AINEIDEN TUKKUJAKELIJA","description":"Surowce dla przemys\u0142u spo\u017cywczego, kosmetycznego i farmaceutycznego","publisher":{"@id":"https:\/\/naturalpoland.com\/fi\/#organization"},"potentialAction":[{"@type":"SearchAction","target":{"@type":"EntryPoint","urlTemplate":"https:\/\/naturalpoland.com\/fi\/?s={search_term_string}"},"query-input":{"@type":"PropertyValueSpecification","valueRequired":true,"valueName":"search_term_string"}}],"inLanguage":"fi"},{"@type":"Organization","@id":"https:\/\/naturalpoland.com\/fi\/#organization","name":"Natural Poland","url":"https:\/\/naturalpoland.com\/fi\/","logo":{"@type":"ImageObject","inLanguage":"fi","@id":"https:\/\/naturalpoland.com\/fi\/#\/schema\/logo\/image\/","url":"https:\/\/naturalpoland.com\/wp-content\/uploads\/2021\/05\/natural-poland-icon.png","contentUrl":"https:\/\/naturalpoland.com\/wp-content\/uploads\/2021\/05\/natural-poland-icon.png","width":512,"height":512,"caption":"Natural Poland"},"image":{"@id":"https:\/\/naturalpoland.com\/fi\/#\/schema\/logo\/image\/"},"sameAs":["https:\/\/www.facebook.com\/naturalpoland.b2b","https:\/\/pl.linkedin.com\/company\/natural-poland","https:\/\/www.youtube.com\/channel\/UCgeGGkvOMahZo-xu_MSEWxg"]}]}},"_links":{"self":[{"href":"https:\/\/naturalpoland.com\/fi\/wp-json\/wp\/v2\/product\/21166","targetHints":{"allow":["GET"]}}],"collection":[{"href":"https:\/\/naturalpoland.com\/fi\/wp-json\/wp\/v2\/product"}],"about":[{"href":"https:\/\/naturalpoland.com\/fi\/wp-json\/wp\/v2\/types\/product"}],"wp:featuredmedia":[{"embeddable":true,"href":"https:\/\/naturalpoland.com\/fi\/wp-json\/wp\/v2\/media\/21035"}],"wp:attachment":[{"href":"https:\/\/naturalpoland.com\/fi\/wp-json\/wp\/v2\/media?parent=21166"}],"wp:term":[{"taxonomy":"product_brand","embeddable":true,"href":"https:\/\/naturalpoland.com\/fi\/wp-json\/wp\/v2\/product_brand?post=21166"},{"taxonomy":"product_cat","embeddable":true,"href":"https:\/\/naturalpoland.com\/fi\/wp-json\/wp\/v2\/product_cat?post=21166"},{"taxonomy":"product_tag","embeddable":true,"href":"https:\/\/naturalpoland.com\/fi\/wp-json\/wp\/v2\/product_tag?post=21166"}],"curies":[{"name":"wp","href":"https:\/\/api.w.org\/{rel}","templated":true}]}}