{"id":21223,"date":"2023-02-15T14:55:21","date_gmt":"2023-02-15T13:55:21","guid":{"rendered":"https:\/\/naturalpoland.pl\/produkty\/Ei-luokiteltu\/ashwagandha-valkoinen-kirsikka-maseraatti\/"},"modified":"2025-11-03T14:16:20","modified_gmt":"2025-11-03T13:16:20","slug":"ashwagandha-valkoinen-kirsikka-macerat","status":"publish","type":"product","link":"https:\/\/naturalpoland.com\/fi\/tuotteet\/elintarviketeollisuuden-tuotteet\/raaka-aineet-tuotantoon\/ashwagandha-valkoinen-kirsikka-macerat\/","title":{"rendered":"Ashwagandha-maseraatti"},"content":{"rendered":"<p>Ashwagandha-maseraatti saadaan maserointimenetelm\u00e4ll\u00e4. \u00d6ljypohjana on fraktioitu kookos\u00f6ljy (Caprylic\/Capric Triglyceride), jota arvostetaan sen kevyen koostumuksen, stabiiliuden ja erinomaisen ihoyst\u00e4v\u00e4llisyyden vuoksi. <\/p>\n<p>T\u00e4lle maseraatille on ominaista vaaleanruskea, hieman samea v\u00e4ri sek\u00e4 luonnollinen, luonteenomainen tuoksu. Se sis\u00e4lt\u00e4\u00e4 runsaasti C8:0 (kapryyli) ja C10:0 (kapriini) rasvahappoja.  Ainutlaatuinen kemiallinen koostumus, joka sis\u00e4lt\u00e4\u00e4. vitanolidit, glykovitanolidit ja vitanosidit, joita harvoin esiintyy muissa kasveissa, tekev\u00e4t siit\u00e4 yhden suosituimmista adaptogeeneist\u00e4 &#8211; kasviaineista, jotka suojaavat kehoa stressin kielteisilt\u00e4 vaikutuksilta.<\/p>\n<h2>K\u00e4ytt\u00f6 ja ominaisuudet<\/h2>\n<p>Ashwagandha-maseraatti tukee elimist\u00f6\u00e4 stressin ja v\u00e4symyksen torjunnassa, parantaa vastustuskyky\u00e4, keskittymiskyky\u00e4, unen laatua sek\u00e4 yleist\u00e4 fyysist\u00e4 ja henkist\u00e4 suorituskyky\u00e4. Witanolidien ja witanosidien ansiosta sit\u00e4 k\u00e4ytet\u00e4\u00e4n ravintolisiss\u00e4, jotka on tarkoitettu jatkuvassa j\u00e4nnityksess\u00e4 el\u00e4ville ja hermostolle luonnollista tukea etsiville henkil\u00f6ille. <\/p>\n<p>Kosmetiikassa se sopii erinomaisesti hieronta\u00f6ljyihin, anti-aging-kosmetiikkaan ja uudistaviin tuotteisiin. Sill\u00e4 on ravitsevia, antioksidanttisia ja rauhoittavia vaikutuksia, tukien kyps\u00e4n, kuivan ja v\u00e4syneen ihon hoitoa. MCT-\u00f6ljyn ansiosta se imeytyy nopeasti j\u00e4tt\u00e4m\u00e4tt\u00e4 rasvaista kerrosta, mik\u00e4 tekee siit\u00e4 monipuolisen ainesosan voiteisiin, balsameihin, naamioihin sek\u00e4 SPA- ja aromaterapiakosmetiikkaan.  <\/p>\n<h2>Rasvahappoprofiili:<\/h2>\n<table>\n<tbody>\n<tr>\n<td>HAPON NIMI<\/td>\n<td>C-KETJU<\/td>\n<td>ALUE %<\/td>\n<\/tr>\n<tr>\n<td>CAPROIC<\/td>\n<td>C6:0<\/td>\n<td>&lt;2.0<\/td>\n<\/tr>\n<tr>\n<td>CAPRYLIC<\/td>\n<td>C8:0<\/td>\n<td>50.0 &#8211; 80.0<\/td>\n<\/tr>\n<tr>\n<td>CAPRIC<\/td>\n<td>C10:0<\/td>\n<td>20.0 &#8211; 50.0<\/td>\n<\/tr>\n<tr>\n<td>LAURIC<\/td>\n<td>C12:0<\/td>\n<td>&lt;3.0<\/td>\n<\/tr>\n<\/tbody>\n<\/table>\n","protected":false},"excerpt":{"rendered":"<p><strong>Ashwagandha-maseraatti<\/strong> (<em><strong>Withania somnifera<\/strong><\/em>) MCT-kookos\u00f6ljypohjalla yhdist\u00e4\u00e4 yhden t\u00e4rkeimmist\u00e4 ayurvedisista adaptogeeneista keskipitk\u00e4ketjuisten triglyseridien etuihin.<\/p>\n","protected":false},"featured_media":20858,"template":"","meta":[],"product_brand":[],"product_cat":[540,547],"product_tag":[],"class_list":{"0":"post-21223","1":"product","2":"type-product","3":"status-publish","4":"has-post-thumbnail","6":"product_cat-maseraatit","7":"product_cat-raaka-aineet-tuotantoon","8":"pa_metoda-pozyskiwania-maserointi","10":"first","11":"instock","12":"shipping-taxable","13":"product-type-simple"},"yoast_head":"<!-- This site is optimized with the Yoast SEO plugin v27.4 - https:\/\/yoast.com\/product\/yoast-seo-wordpress\/ -->\n<title>Ashwagandha-maseraatti - Tukkudistribuutio<\/title>\n<meta name=\"description\" content=\"Ashwagandha-maseraatti on yksi t\u00e4rkeimmist\u00e4 l\u00e4\u00e4kkeist\u00e4, jotka ovat kasvavan kiinnostuksen kohteena perinteisess\u00e4 ayurvedisessa l\u00e4\u00e4ketieteess\u00e4.\" \/>\n<meta name=\"robots\" content=\"index, follow, max-snippet:-1, max-image-preview:large, max-video-preview:-1\" \/>\n<link rel=\"canonical\" href=\"https:\/\/naturalpoland.com\/fi\/tuotteet\/elintarviketeollisuuden-tuotteet\/raaka-aineet-tuotantoon\/ashwagandha-valkoinen-kirsikka-macerat\/\" \/>\n<meta property=\"og:locale\" content=\"fi_FI\" \/>\n<meta property=\"og:type\" content=\"article\" \/>\n<meta property=\"og:title\" content=\"Ashwagandha-maseraatti - Tukkudistribuutio\" \/>\n<meta property=\"og:description\" content=\"Ashwagandha-maseraatti on yksi t\u00e4rkeimmist\u00e4 l\u00e4\u00e4kkeist\u00e4, jotka ovat kasvavan kiinnostuksen kohteena perinteisess\u00e4 ayurvedisessa l\u00e4\u00e4ketieteess\u00e4.\" \/>\n<meta property=\"og:url\" content=\"https:\/\/naturalpoland.com\/fi\/tuotteet\/elintarviketeollisuuden-tuotteet\/raaka-aineet-tuotantoon\/ashwagandha-valkoinen-kirsikka-macerat\/\" \/>\n<meta property=\"og:site_name\" content=\"NATURAL POLAND - RAAKA-AINEIDEN TUKKUJAKELIJA\" \/>\n<meta property=\"article:publisher\" content=\"https:\/\/www.facebook.com\/naturalpoland.b2b\" \/>\n<meta property=\"article:modified_time\" content=\"2025-11-03T13:16:20+00:00\" \/>\n<meta property=\"og:image\" content=\"https:\/\/naturalpoland.com\/wp-content\/uploads\/Ashwagandha-White-Cherry\u2013-macerat.jpg\" \/>\n\t<meta property=\"og:image:width\" content=\"600\" \/>\n\t<meta property=\"og:image:height\" content=\"600\" \/>\n\t<meta property=\"og:image:type\" content=\"image\/jpeg\" \/>\n<script type=\"application\/ld+json\" class=\"yoast-schema-graph\">{\"@context\":\"https:\\\/\\\/schema.org\",\"@graph\":[{\"@type\":\"WebPage\",\"@id\":\"https:\\\/\\\/naturalpoland.com\\\/fi\\\/tuotteet\\\/elintarviketeollisuuden-tuotteet\\\/raaka-aineet-tuotantoon\\\/ashwagandha-valkoinen-kirsikka-macerat\\\/\",\"url\":\"https:\\\/\\\/naturalpoland.com\\\/fi\\\/tuotteet\\\/elintarviketeollisuuden-tuotteet\\\/raaka-aineet-tuotantoon\\\/ashwagandha-valkoinen-kirsikka-macerat\\\/\",\"name\":\"Ashwagandha-maseraatti - Tukkudistribuutio\",\"isPartOf\":{\"@id\":\"https:\\\/\\\/naturalpoland.com\\\/fi\\\/#website\"},\"primaryImageOfPage\":{\"@id\":\"https:\\\/\\\/naturalpoland.com\\\/fi\\\/tuotteet\\\/elintarviketeollisuuden-tuotteet\\\/raaka-aineet-tuotantoon\\\/ashwagandha-valkoinen-kirsikka-macerat\\\/#primaryimage\"},\"image\":{\"@id\":\"https:\\\/\\\/naturalpoland.com\\\/fi\\\/tuotteet\\\/elintarviketeollisuuden-tuotteet\\\/raaka-aineet-tuotantoon\\\/ashwagandha-valkoinen-kirsikka-macerat\\\/#primaryimage\"},\"thumbnailUrl\":\"https:\\\/\\\/naturalpoland.com\\\/wp-content\\\/uploads\\\/Ashwagandha-White-Cherry\u2013-macerat.jpg\",\"datePublished\":\"2023-02-15T13:55:21+00:00\",\"dateModified\":\"2025-11-03T13:16:20+00:00\",\"description\":\"Ashwagandha-maseraatti on yksi t\u00e4rkeimmist\u00e4 l\u00e4\u00e4kkeist\u00e4, jotka ovat kasvavan kiinnostuksen kohteena perinteisess\u00e4 ayurvedisessa l\u00e4\u00e4ketieteess\u00e4.\",\"breadcrumb\":{\"@id\":\"https:\\\/\\\/naturalpoland.com\\\/fi\\\/tuotteet\\\/elintarviketeollisuuden-tuotteet\\\/raaka-aineet-tuotantoon\\\/ashwagandha-valkoinen-kirsikka-macerat\\\/#breadcrumb\"},\"inLanguage\":\"fi\",\"potentialAction\":[{\"@type\":\"ReadAction\",\"target\":[\"https:\\\/\\\/naturalpoland.com\\\/fi\\\/tuotteet\\\/elintarviketeollisuuden-tuotteet\\\/raaka-aineet-tuotantoon\\\/ashwagandha-valkoinen-kirsikka-macerat\\\/\"]}]},{\"@type\":\"ImageObject\",\"inLanguage\":\"fi\",\"@id\":\"https:\\\/\\\/naturalpoland.com\\\/fi\\\/tuotteet\\\/elintarviketeollisuuden-tuotteet\\\/raaka-aineet-tuotantoon\\\/ashwagandha-valkoinen-kirsikka-macerat\\\/#primaryimage\",\"url\":\"https:\\\/\\\/naturalpoland.com\\\/wp-content\\\/uploads\\\/Ashwagandha-White-Cherry\u2013-macerat.jpg\",\"contentUrl\":\"https:\\\/\\\/naturalpoland.com\\\/wp-content\\\/uploads\\\/Ashwagandha-White-Cherry\u2013-macerat.jpg\",\"width\":600,\"height\":600,\"caption\":\"Ashwagandha (Valkoinen kirsikka) maseraatti\"},{\"@type\":\"BreadcrumbList\",\"@id\":\"https:\\\/\\\/naturalpoland.com\\\/fi\\\/tuotteet\\\/elintarviketeollisuuden-tuotteet\\\/raaka-aineet-tuotantoon\\\/ashwagandha-valkoinen-kirsikka-macerat\\\/#breadcrumb\",\"itemListElement\":[{\"@type\":\"ListItem\",\"position\":1,\"name\":\"Etusivu\",\"item\":\"https:\\\/\\\/naturalpoland.com\\\/fi\\\/\"},{\"@type\":\"ListItem\",\"position\":2,\"name\":\"Tuotteet\",\"item\":\"https:\\\/\\\/naturalpoland.com\\\/fi\\\/tuotteet\\\/\"},{\"@type\":\"ListItem\",\"position\":3,\"name\":\"Ashwagandha-maseraatti\"}]},{\"@type\":\"WebSite\",\"@id\":\"https:\\\/\\\/naturalpoland.com\\\/fi\\\/#website\",\"url\":\"https:\\\/\\\/naturalpoland.com\\\/fi\\\/\",\"name\":\"NATURAL POLAND - RAAKA-AINEIDEN TUKKUJAKELIJA\",\"description\":\"Surowce dla przemys\u0142u spo\u017cywczego, kosmetycznego i farmaceutycznego\",\"publisher\":{\"@id\":\"https:\\\/\\\/naturalpoland.com\\\/fi\\\/#organization\"},\"potentialAction\":[{\"@type\":\"SearchAction\",\"target\":{\"@type\":\"EntryPoint\",\"urlTemplate\":\"https:\\\/\\\/naturalpoland.com\\\/fi\\\/?s={search_term_string}\"},\"query-input\":{\"@type\":\"PropertyValueSpecification\",\"valueRequired\":true,\"valueName\":\"search_term_string\"}}],\"inLanguage\":\"fi\"},{\"@type\":\"Organization\",\"@id\":\"https:\\\/\\\/naturalpoland.com\\\/fi\\\/#organization\",\"name\":\"Natural Poland\",\"url\":\"https:\\\/\\\/naturalpoland.com\\\/fi\\\/\",\"logo\":{\"@type\":\"ImageObject\",\"inLanguage\":\"fi\",\"@id\":\"https:\\\/\\\/naturalpoland.com\\\/fi\\\/#\\\/schema\\\/logo\\\/image\\\/\",\"url\":\"https:\\\/\\\/naturalpoland.com\\\/wp-content\\\/uploads\\\/2021\\\/05\\\/natural-poland-icon.png\",\"contentUrl\":\"https:\\\/\\\/naturalpoland.com\\\/wp-content\\\/uploads\\\/2021\\\/05\\\/natural-poland-icon.png\",\"width\":512,\"height\":512,\"caption\":\"Natural Poland\"},\"image\":{\"@id\":\"https:\\\/\\\/naturalpoland.com\\\/fi\\\/#\\\/schema\\\/logo\\\/image\\\/\"},\"sameAs\":[\"https:\\\/\\\/www.facebook.com\\\/naturalpoland.b2b\",\"https:\\\/\\\/pl.linkedin.com\\\/company\\\/natural-poland\",\"https:\\\/\\\/www.youtube.com\\\/channel\\\/UCgeGGkvOMahZo-xu_MSEWxg\"]}]}<\/script>\n<!-- \/ Yoast SEO plugin. -->","yoast_head_json":{"title":"Ashwagandha-maseraatti - Tukkudistribuutio","description":"Ashwagandha-maseraatti on yksi t\u00e4rkeimmist\u00e4 l\u00e4\u00e4kkeist\u00e4, jotka ovat kasvavan kiinnostuksen kohteena perinteisess\u00e4 ayurvedisessa l\u00e4\u00e4ketieteess\u00e4.","robots":{"index":"index","follow":"follow","max-snippet":"max-snippet:-1","max-image-preview":"max-image-preview:large","max-video-preview":"max-video-preview:-1"},"canonical":"https:\/\/naturalpoland.com\/fi\/tuotteet\/elintarviketeollisuuden-tuotteet\/raaka-aineet-tuotantoon\/ashwagandha-valkoinen-kirsikka-macerat\/","og_locale":"fi_FI","og_type":"article","og_title":"Ashwagandha-maseraatti - Tukkudistribuutio","og_description":"Ashwagandha-maseraatti on yksi t\u00e4rkeimmist\u00e4 l\u00e4\u00e4kkeist\u00e4, jotka ovat kasvavan kiinnostuksen kohteena perinteisess\u00e4 ayurvedisessa l\u00e4\u00e4ketieteess\u00e4.","og_url":"https:\/\/naturalpoland.com\/fi\/tuotteet\/elintarviketeollisuuden-tuotteet\/raaka-aineet-tuotantoon\/ashwagandha-valkoinen-kirsikka-macerat\/","og_site_name":"NATURAL POLAND - RAAKA-AINEIDEN TUKKUJAKELIJA","article_publisher":"https:\/\/www.facebook.com\/naturalpoland.b2b","article_modified_time":"2025-11-03T13:16:20+00:00","og_image":[{"width":600,"height":600,"url":"https:\/\/naturalpoland.com\/wp-content\/uploads\/Ashwagandha-White-Cherry\u2013-macerat.jpg","type":"image\/jpeg"}],"schema":{"@context":"https:\/\/schema.org","@graph":[{"@type":"WebPage","@id":"https:\/\/naturalpoland.com\/fi\/tuotteet\/elintarviketeollisuuden-tuotteet\/raaka-aineet-tuotantoon\/ashwagandha-valkoinen-kirsikka-macerat\/","url":"https:\/\/naturalpoland.com\/fi\/tuotteet\/elintarviketeollisuuden-tuotteet\/raaka-aineet-tuotantoon\/ashwagandha-valkoinen-kirsikka-macerat\/","name":"Ashwagandha-maseraatti - Tukkudistribuutio","isPartOf":{"@id":"https:\/\/naturalpoland.com\/fi\/#website"},"primaryImageOfPage":{"@id":"https:\/\/naturalpoland.com\/fi\/tuotteet\/elintarviketeollisuuden-tuotteet\/raaka-aineet-tuotantoon\/ashwagandha-valkoinen-kirsikka-macerat\/#primaryimage"},"image":{"@id":"https:\/\/naturalpoland.com\/fi\/tuotteet\/elintarviketeollisuuden-tuotteet\/raaka-aineet-tuotantoon\/ashwagandha-valkoinen-kirsikka-macerat\/#primaryimage"},"thumbnailUrl":"https:\/\/naturalpoland.com\/wp-content\/uploads\/Ashwagandha-White-Cherry\u2013-macerat.jpg","datePublished":"2023-02-15T13:55:21+00:00","dateModified":"2025-11-03T13:16:20+00:00","description":"Ashwagandha-maseraatti on yksi t\u00e4rkeimmist\u00e4 l\u00e4\u00e4kkeist\u00e4, jotka ovat kasvavan kiinnostuksen kohteena perinteisess\u00e4 ayurvedisessa l\u00e4\u00e4ketieteess\u00e4.","breadcrumb":{"@id":"https:\/\/naturalpoland.com\/fi\/tuotteet\/elintarviketeollisuuden-tuotteet\/raaka-aineet-tuotantoon\/ashwagandha-valkoinen-kirsikka-macerat\/#breadcrumb"},"inLanguage":"fi","potentialAction":[{"@type":"ReadAction","target":["https:\/\/naturalpoland.com\/fi\/tuotteet\/elintarviketeollisuuden-tuotteet\/raaka-aineet-tuotantoon\/ashwagandha-valkoinen-kirsikka-macerat\/"]}]},{"@type":"ImageObject","inLanguage":"fi","@id":"https:\/\/naturalpoland.com\/fi\/tuotteet\/elintarviketeollisuuden-tuotteet\/raaka-aineet-tuotantoon\/ashwagandha-valkoinen-kirsikka-macerat\/#primaryimage","url":"https:\/\/naturalpoland.com\/wp-content\/uploads\/Ashwagandha-White-Cherry\u2013-macerat.jpg","contentUrl":"https:\/\/naturalpoland.com\/wp-content\/uploads\/Ashwagandha-White-Cherry\u2013-macerat.jpg","width":600,"height":600,"caption":"Ashwagandha (Valkoinen kirsikka) maseraatti"},{"@type":"BreadcrumbList","@id":"https:\/\/naturalpoland.com\/fi\/tuotteet\/elintarviketeollisuuden-tuotteet\/raaka-aineet-tuotantoon\/ashwagandha-valkoinen-kirsikka-macerat\/#breadcrumb","itemListElement":[{"@type":"ListItem","position":1,"name":"Etusivu","item":"https:\/\/naturalpoland.com\/fi\/"},{"@type":"ListItem","position":2,"name":"Tuotteet","item":"https:\/\/naturalpoland.com\/fi\/tuotteet\/"},{"@type":"ListItem","position":3,"name":"Ashwagandha-maseraatti"}]},{"@type":"WebSite","@id":"https:\/\/naturalpoland.com\/fi\/#website","url":"https:\/\/naturalpoland.com\/fi\/","name":"NATURAL POLAND - RAAKA-AINEIDEN TUKKUJAKELIJA","description":"Surowce dla przemys\u0142u spo\u017cywczego, kosmetycznego i farmaceutycznego","publisher":{"@id":"https:\/\/naturalpoland.com\/fi\/#organization"},"potentialAction":[{"@type":"SearchAction","target":{"@type":"EntryPoint","urlTemplate":"https:\/\/naturalpoland.com\/fi\/?s={search_term_string}"},"query-input":{"@type":"PropertyValueSpecification","valueRequired":true,"valueName":"search_term_string"}}],"inLanguage":"fi"},{"@type":"Organization","@id":"https:\/\/naturalpoland.com\/fi\/#organization","name":"Natural Poland","url":"https:\/\/naturalpoland.com\/fi\/","logo":{"@type":"ImageObject","inLanguage":"fi","@id":"https:\/\/naturalpoland.com\/fi\/#\/schema\/logo\/image\/","url":"https:\/\/naturalpoland.com\/wp-content\/uploads\/2021\/05\/natural-poland-icon.png","contentUrl":"https:\/\/naturalpoland.com\/wp-content\/uploads\/2021\/05\/natural-poland-icon.png","width":512,"height":512,"caption":"Natural Poland"},"image":{"@id":"https:\/\/naturalpoland.com\/fi\/#\/schema\/logo\/image\/"},"sameAs":["https:\/\/www.facebook.com\/naturalpoland.b2b","https:\/\/pl.linkedin.com\/company\/natural-poland","https:\/\/www.youtube.com\/channel\/UCgeGGkvOMahZo-xu_MSEWxg"]}]}},"_links":{"self":[{"href":"https:\/\/naturalpoland.com\/fi\/wp-json\/wp\/v2\/product\/21223","targetHints":{"allow":["GET"]}}],"collection":[{"href":"https:\/\/naturalpoland.com\/fi\/wp-json\/wp\/v2\/product"}],"about":[{"href":"https:\/\/naturalpoland.com\/fi\/wp-json\/wp\/v2\/types\/product"}],"wp:featuredmedia":[{"embeddable":true,"href":"https:\/\/naturalpoland.com\/fi\/wp-json\/wp\/v2\/media\/20858"}],"wp:attachment":[{"href":"https:\/\/naturalpoland.com\/fi\/wp-json\/wp\/v2\/media?parent=21223"}],"wp:term":[{"taxonomy":"product_brand","embeddable":true,"href":"https:\/\/naturalpoland.com\/fi\/wp-json\/wp\/v2\/product_brand?post=21223"},{"taxonomy":"product_cat","embeddable":true,"href":"https:\/\/naturalpoland.com\/fi\/wp-json\/wp\/v2\/product_cat?post=21223"},{"taxonomy":"product_tag","embeddable":true,"href":"https:\/\/naturalpoland.com\/fi\/wp-json\/wp\/v2\/product_tag?post=21223"}],"curies":[{"name":"wp","href":"https:\/\/api.w.org\/{rel}","templated":true}]}}