{"id":22666,"date":"2023-04-21T13:13:31","date_gmt":"2023-04-21T11:13:31","guid":{"rendered":"https:\/\/naturalpoland.pl\/produkty\/Ei-luokiteltu\/ashwagandha-oljy\/"},"modified":"2025-11-03T13:12:49","modified_gmt":"2025-11-03T12:12:49","slug":"oil-of-ashwagandha","status":"publish","type":"product","link":"https:\/\/naturalpoland.com\/fi\/tuotteet\/ruokaoljyt-ja-kosmeettiset-oljyt\/oil-of-ashwagandha\/","title":{"rendered":"Ashwagandha-\u00f6ljy"},"content":{"rendered":"<p>Ashwagandha-\u00f6ljy toimii hyvin sek\u00e4 hieronta\u00f6ljyn\u00e4 ett\u00e4 aromaterapiassa. Adaptogeenina se vahvistaa elimist\u00f6n stressinsietokyky\u00e4 ja sill\u00e4 on rentouttava, vahvistava ja rauhoittava vaikutus. Se auttaa kest\u00e4m\u00e4\u00e4n henkist\u00e4 ja fyysist\u00e4 v\u00e4symyst\u00e4 ja rentouttaa lihaksia ja niveli\u00e4. Samalla se tunkeutuu helposti ihoon, ja runsaiden arvokkaiden ainesosiensa ansiosta sill\u00e4 on ihoa ravitseva ja kosteuttava vaikutus, se nuorentaa ihosoluja ja edist\u00e4\u00e4 niiden uudistumista.<\/p>\n","protected":false},"excerpt":{"rendered":"<p>Intian ginsengin juuresta saatu Ashwagandha (talvikirsikka) on yksi ayurvedisen l\u00e4\u00e4ketieteen t\u00e4rkeimmist\u00e4 raaka-aineista ja tunnetuin adaptogeeni. Seesami\u00f6ljyst\u00e4 valmistettu \u00f6ljy sis\u00e4lt\u00e4\u00e4 runsaasti antioksidantteja ja ik\u00e4\u00e4ntymist\u00e4 est\u00e4vi\u00e4 aineita (fytosteroleja, fenolihappoja, kumariineja), ja sill\u00e4 on my\u00f6s rauhoittava ja stressi\u00e4 lievitt\u00e4v\u00e4 vaikutus.<\/p>\n","protected":false},"featured_media":22652,"template":"","meta":{"_acf_changed":false},"product_brand":[],"product_cat":[531],"product_tag":[],"class_list":{"0":"post-22666","1":"product","2":"type-product","3":"status-publish","4":"has-post-thumbnail","6":"product_cat-ruokaoljyt-ja-kosmeettiset-oljyt","8":"first","9":"instock","10":"shipping-taxable","11":"product-type-simple"},"acf":[],"yoast_head":"<!-- This site is optimized with the Yoast SEO plugin v27.5 - https:\/\/yoast.com\/product\/yoast-seo-wordpress\/ -->\n<title>Ashwagandha-\u00f6ljy - Tukkudistribuutio<\/title>\n<meta name=\"robots\" content=\"index, follow, max-snippet:-1, max-image-preview:large, max-video-preview:-1\" \/>\n<link rel=\"canonical\" href=\"https:\/\/naturalpoland.com\/fi\/tuotteet\/ruokaoljyt-ja-kosmeettiset-oljyt\/oil-of-ashwagandha\/\" \/>\n<meta property=\"og:locale\" content=\"fi_FI\" \/>\n<meta property=\"og:type\" content=\"article\" \/>\n<meta property=\"og:title\" content=\"Ashwagandha-\u00f6ljy - Tukkudistribuutio\" \/>\n<meta property=\"og:description\" content=\"Intian ginsengin juuresta saatu Ashwagandha (talvikirsikka) on yksi ayurvedisen l\u00e4\u00e4ketieteen t\u00e4rkeimmist\u00e4 raaka-aineista ja tunnetuin adaptogeeni. Seesami\u00f6ljyst\u00e4 valmistettu \u00f6ljy sis\u00e4lt\u00e4\u00e4 runsaasti antioksidantteja ja ik\u00e4\u00e4ntymist\u00e4 est\u00e4vi\u00e4 aineita (fytosteroleja, fenolihappoja, kumariineja), ja sill\u00e4 on my\u00f6s rauhoittava ja stressi\u00e4 lievitt\u00e4v\u00e4 vaikutus.\" \/>\n<meta property=\"og:url\" content=\"https:\/\/naturalpoland.com\/fi\/tuotteet\/ruokaoljyt-ja-kosmeettiset-oljyt\/oil-of-ashwagandha\/\" \/>\n<meta property=\"og:site_name\" content=\"NATURAL POLAND - RAAKA-AINEIDEN TUKKUJAKELIJA\" \/>\n<meta property=\"article:publisher\" content=\"https:\/\/www.facebook.com\/naturalpoland.b2b\" \/>\n<meta property=\"article:modified_time\" content=\"2025-11-03T12:12:49+00:00\" \/>\n<meta property=\"og:image\" content=\"https:\/\/naturalpoland.com\/wp-content\/uploads\/olej-z-ashwagandhy.jpg\" \/>\n\t<meta property=\"og:image:width\" content=\"500\" \/>\n\t<meta property=\"og:image:height\" content=\"500\" \/>\n\t<meta property=\"og:image:type\" content=\"image\/jpeg\" \/>\n<script type=\"application\/ld+json\" class=\"yoast-schema-graph\">{\"@context\":\"https:\\\/\\\/schema.org\",\"@graph\":[{\"@type\":\"WebPage\",\"@id\":\"https:\\\/\\\/naturalpoland.com\\\/fi\\\/tuotteet\\\/ruokaoljyt-ja-kosmeettiset-oljyt\\\/oil-of-ashwagandha\\\/\",\"url\":\"https:\\\/\\\/naturalpoland.com\\\/fi\\\/tuotteet\\\/ruokaoljyt-ja-kosmeettiset-oljyt\\\/oil-of-ashwagandha\\\/\",\"name\":\"Ashwagandha-\u00f6ljy - Tukkudistribuutio\",\"isPartOf\":{\"@id\":\"https:\\\/\\\/naturalpoland.com\\\/fi\\\/#website\"},\"primaryImageOfPage\":{\"@id\":\"https:\\\/\\\/naturalpoland.com\\\/fi\\\/tuotteet\\\/ruokaoljyt-ja-kosmeettiset-oljyt\\\/oil-of-ashwagandha\\\/#primaryimage\"},\"image\":{\"@id\":\"https:\\\/\\\/naturalpoland.com\\\/fi\\\/tuotteet\\\/ruokaoljyt-ja-kosmeettiset-oljyt\\\/oil-of-ashwagandha\\\/#primaryimage\"},\"thumbnailUrl\":\"https:\\\/\\\/naturalpoland.com\\\/wp-content\\\/uploads\\\/olej-z-ashwagandhy.jpg\",\"datePublished\":\"2023-04-21T11:13:31+00:00\",\"dateModified\":\"2025-11-03T12:12:49+00:00\",\"breadcrumb\":{\"@id\":\"https:\\\/\\\/naturalpoland.com\\\/fi\\\/tuotteet\\\/ruokaoljyt-ja-kosmeettiset-oljyt\\\/oil-of-ashwagandha\\\/#breadcrumb\"},\"inLanguage\":\"fi\",\"potentialAction\":[{\"@type\":\"ReadAction\",\"target\":[\"https:\\\/\\\/naturalpoland.com\\\/fi\\\/tuotteet\\\/ruokaoljyt-ja-kosmeettiset-oljyt\\\/oil-of-ashwagandha\\\/\"]}]},{\"@type\":\"ImageObject\",\"inLanguage\":\"fi\",\"@id\":\"https:\\\/\\\/naturalpoland.com\\\/fi\\\/tuotteet\\\/ruokaoljyt-ja-kosmeettiset-oljyt\\\/oil-of-ashwagandha\\\/#primaryimage\",\"url\":\"https:\\\/\\\/naturalpoland.com\\\/wp-content\\\/uploads\\\/olej-z-ashwagandhy.jpg\",\"contentUrl\":\"https:\\\/\\\/naturalpoland.com\\\/wp-content\\\/uploads\\\/olej-z-ashwagandhy.jpg\",\"width\":500,\"height\":500,\"caption\":\"ashwagandha \u00f6ljy\"},{\"@type\":\"BreadcrumbList\",\"@id\":\"https:\\\/\\\/naturalpoland.com\\\/fi\\\/tuotteet\\\/ruokaoljyt-ja-kosmeettiset-oljyt\\\/oil-of-ashwagandha\\\/#breadcrumb\",\"itemListElement\":[{\"@type\":\"ListItem\",\"position\":1,\"name\":\"Etusivu\",\"item\":\"https:\\\/\\\/naturalpoland.com\\\/fi\\\/\"},{\"@type\":\"ListItem\",\"position\":2,\"name\":\"Tuotteet\",\"item\":\"https:\\\/\\\/naturalpoland.com\\\/fi\\\/tuotteet\\\/\"},{\"@type\":\"ListItem\",\"position\":3,\"name\":\"Ashwagandha-\u00f6ljy\"}]},{\"@type\":\"WebSite\",\"@id\":\"https:\\\/\\\/naturalpoland.com\\\/fi\\\/#website\",\"url\":\"https:\\\/\\\/naturalpoland.com\\\/fi\\\/\",\"name\":\"NATURAL POLAND - RAAKA-AINEIDEN TUKKUJAKELIJA\",\"description\":\"Surowce dla przemys\u0142u spo\u017cywczego, kosmetycznego i farmaceutycznego\",\"publisher\":{\"@id\":\"https:\\\/\\\/naturalpoland.com\\\/fi\\\/#organization\"},\"potentialAction\":[{\"@type\":\"SearchAction\",\"target\":{\"@type\":\"EntryPoint\",\"urlTemplate\":\"https:\\\/\\\/naturalpoland.com\\\/fi\\\/?s={search_term_string}\"},\"query-input\":{\"@type\":\"PropertyValueSpecification\",\"valueRequired\":true,\"valueName\":\"search_term_string\"}}],\"inLanguage\":\"fi\"},{\"@type\":\"Organization\",\"@id\":\"https:\\\/\\\/naturalpoland.com\\\/fi\\\/#organization\",\"name\":\"Natural Poland\",\"url\":\"https:\\\/\\\/naturalpoland.com\\\/fi\\\/\",\"logo\":{\"@type\":\"ImageObject\",\"inLanguage\":\"fi\",\"@id\":\"https:\\\/\\\/naturalpoland.com\\\/fi\\\/#\\\/schema\\\/logo\\\/image\\\/\",\"url\":\"https:\\\/\\\/naturalpoland.com\\\/wp-content\\\/uploads\\\/2021\\\/05\\\/natural-poland-icon.png\",\"contentUrl\":\"https:\\\/\\\/naturalpoland.com\\\/wp-content\\\/uploads\\\/2021\\\/05\\\/natural-poland-icon.png\",\"width\":512,\"height\":512,\"caption\":\"Natural Poland\"},\"image\":{\"@id\":\"https:\\\/\\\/naturalpoland.com\\\/fi\\\/#\\\/schema\\\/logo\\\/image\\\/\"},\"sameAs\":[\"https:\\\/\\\/www.facebook.com\\\/naturalpoland.b2b\",\"https:\\\/\\\/pl.linkedin.com\\\/company\\\/natural-poland\",\"https:\\\/\\\/www.youtube.com\\\/channel\\\/UCgeGGkvOMahZo-xu_MSEWxg\"]}]}<\/script>\n<!-- \/ Yoast SEO plugin. -->","yoast_head_json":{"title":"Ashwagandha-\u00f6ljy - Tukkudistribuutio","robots":{"index":"index","follow":"follow","max-snippet":"max-snippet:-1","max-image-preview":"max-image-preview:large","max-video-preview":"max-video-preview:-1"},"canonical":"https:\/\/naturalpoland.com\/fi\/tuotteet\/ruokaoljyt-ja-kosmeettiset-oljyt\/oil-of-ashwagandha\/","og_locale":"fi_FI","og_type":"article","og_title":"Ashwagandha-\u00f6ljy - Tukkudistribuutio","og_description":"Intian ginsengin juuresta saatu Ashwagandha (talvikirsikka) on yksi ayurvedisen l\u00e4\u00e4ketieteen t\u00e4rkeimmist\u00e4 raaka-aineista ja tunnetuin adaptogeeni. Seesami\u00f6ljyst\u00e4 valmistettu \u00f6ljy sis\u00e4lt\u00e4\u00e4 runsaasti antioksidantteja ja ik\u00e4\u00e4ntymist\u00e4 est\u00e4vi\u00e4 aineita (fytosteroleja, fenolihappoja, kumariineja), ja sill\u00e4 on my\u00f6s rauhoittava ja stressi\u00e4 lievitt\u00e4v\u00e4 vaikutus.","og_url":"https:\/\/naturalpoland.com\/fi\/tuotteet\/ruokaoljyt-ja-kosmeettiset-oljyt\/oil-of-ashwagandha\/","og_site_name":"NATURAL POLAND - RAAKA-AINEIDEN TUKKUJAKELIJA","article_publisher":"https:\/\/www.facebook.com\/naturalpoland.b2b","article_modified_time":"2025-11-03T12:12:49+00:00","og_image":[{"width":500,"height":500,"url":"https:\/\/naturalpoland.com\/wp-content\/uploads\/olej-z-ashwagandhy.jpg","type":"image\/jpeg"}],"schema":{"@context":"https:\/\/schema.org","@graph":[{"@type":"WebPage","@id":"https:\/\/naturalpoland.com\/fi\/tuotteet\/ruokaoljyt-ja-kosmeettiset-oljyt\/oil-of-ashwagandha\/","url":"https:\/\/naturalpoland.com\/fi\/tuotteet\/ruokaoljyt-ja-kosmeettiset-oljyt\/oil-of-ashwagandha\/","name":"Ashwagandha-\u00f6ljy - Tukkudistribuutio","isPartOf":{"@id":"https:\/\/naturalpoland.com\/fi\/#website"},"primaryImageOfPage":{"@id":"https:\/\/naturalpoland.com\/fi\/tuotteet\/ruokaoljyt-ja-kosmeettiset-oljyt\/oil-of-ashwagandha\/#primaryimage"},"image":{"@id":"https:\/\/naturalpoland.com\/fi\/tuotteet\/ruokaoljyt-ja-kosmeettiset-oljyt\/oil-of-ashwagandha\/#primaryimage"},"thumbnailUrl":"https:\/\/naturalpoland.com\/wp-content\/uploads\/olej-z-ashwagandhy.jpg","datePublished":"2023-04-21T11:13:31+00:00","dateModified":"2025-11-03T12:12:49+00:00","breadcrumb":{"@id":"https:\/\/naturalpoland.com\/fi\/tuotteet\/ruokaoljyt-ja-kosmeettiset-oljyt\/oil-of-ashwagandha\/#breadcrumb"},"inLanguage":"fi","potentialAction":[{"@type":"ReadAction","target":["https:\/\/naturalpoland.com\/fi\/tuotteet\/ruokaoljyt-ja-kosmeettiset-oljyt\/oil-of-ashwagandha\/"]}]},{"@type":"ImageObject","inLanguage":"fi","@id":"https:\/\/naturalpoland.com\/fi\/tuotteet\/ruokaoljyt-ja-kosmeettiset-oljyt\/oil-of-ashwagandha\/#primaryimage","url":"https:\/\/naturalpoland.com\/wp-content\/uploads\/olej-z-ashwagandhy.jpg","contentUrl":"https:\/\/naturalpoland.com\/wp-content\/uploads\/olej-z-ashwagandhy.jpg","width":500,"height":500,"caption":"ashwagandha \u00f6ljy"},{"@type":"BreadcrumbList","@id":"https:\/\/naturalpoland.com\/fi\/tuotteet\/ruokaoljyt-ja-kosmeettiset-oljyt\/oil-of-ashwagandha\/#breadcrumb","itemListElement":[{"@type":"ListItem","position":1,"name":"Etusivu","item":"https:\/\/naturalpoland.com\/fi\/"},{"@type":"ListItem","position":2,"name":"Tuotteet","item":"https:\/\/naturalpoland.com\/fi\/tuotteet\/"},{"@type":"ListItem","position":3,"name":"Ashwagandha-\u00f6ljy"}]},{"@type":"WebSite","@id":"https:\/\/naturalpoland.com\/fi\/#website","url":"https:\/\/naturalpoland.com\/fi\/","name":"NATURAL POLAND - RAAKA-AINEIDEN TUKKUJAKELIJA","description":"Surowce dla przemys\u0142u spo\u017cywczego, kosmetycznego i farmaceutycznego","publisher":{"@id":"https:\/\/naturalpoland.com\/fi\/#organization"},"potentialAction":[{"@type":"SearchAction","target":{"@type":"EntryPoint","urlTemplate":"https:\/\/naturalpoland.com\/fi\/?s={search_term_string}"},"query-input":{"@type":"PropertyValueSpecification","valueRequired":true,"valueName":"search_term_string"}}],"inLanguage":"fi"},{"@type":"Organization","@id":"https:\/\/naturalpoland.com\/fi\/#organization","name":"Natural Poland","url":"https:\/\/naturalpoland.com\/fi\/","logo":{"@type":"ImageObject","inLanguage":"fi","@id":"https:\/\/naturalpoland.com\/fi\/#\/schema\/logo\/image\/","url":"https:\/\/naturalpoland.com\/wp-content\/uploads\/2021\/05\/natural-poland-icon.png","contentUrl":"https:\/\/naturalpoland.com\/wp-content\/uploads\/2021\/05\/natural-poland-icon.png","width":512,"height":512,"caption":"Natural Poland"},"image":{"@id":"https:\/\/naturalpoland.com\/fi\/#\/schema\/logo\/image\/"},"sameAs":["https:\/\/www.facebook.com\/naturalpoland.b2b","https:\/\/pl.linkedin.com\/company\/natural-poland","https:\/\/www.youtube.com\/channel\/UCgeGGkvOMahZo-xu_MSEWxg"]}]}},"_links":{"self":[{"href":"https:\/\/naturalpoland.com\/fi\/wp-json\/wp\/v2\/product\/22666","targetHints":{"allow":["GET"]}}],"collection":[{"href":"https:\/\/naturalpoland.com\/fi\/wp-json\/wp\/v2\/product"}],"about":[{"href":"https:\/\/naturalpoland.com\/fi\/wp-json\/wp\/v2\/types\/product"}],"wp:featuredmedia":[{"embeddable":true,"href":"https:\/\/naturalpoland.com\/fi\/wp-json\/wp\/v2\/media\/22652"}],"wp:attachment":[{"href":"https:\/\/naturalpoland.com\/fi\/wp-json\/wp\/v2\/media?parent=22666"}],"wp:term":[{"taxonomy":"product_brand","embeddable":true,"href":"https:\/\/naturalpoland.com\/fi\/wp-json\/wp\/v2\/product_brand?post=22666"},{"taxonomy":"product_cat","embeddable":true,"href":"https:\/\/naturalpoland.com\/fi\/wp-json\/wp\/v2\/product_cat?post=22666"},{"taxonomy":"product_tag","embeddable":true,"href":"https:\/\/naturalpoland.com\/fi\/wp-json\/wp\/v2\/product_tag?post=22666"}],"curies":[{"name":"wp","href":"https:\/\/api.w.org\/{rel}","templated":true}]}}