{"id":22858,"date":"2023-04-21T14:59:22","date_gmt":"2023-04-21T13:03:53","guid":{"rendered":"https:\/\/naturalpoland.pl\/produkty\/Ei-luokiteltu\/centella-asiatican-maseraatti\/"},"modified":"2023-04-21T15:03:53","modified_gmt":"2023-04-21T13:03:53","slug":"macerate-from-acrota-asia","status":"publish","type":"product","link":"https:\/\/naturalpoland.com\/fi\/tuotteet\/kosmetiikkateollisuuden-tuotteet\/maseraatit\/macerate-from-acrota-asia\/","title":{"rendered":"Centella Asiatican maseraatti"},"content":{"rendered":"<p>Centella Asiatican antenniosista valmistettua maseraattia k\u00e4ytet\u00e4\u00e4n laajalti kosmetiikkateollisuudessa ja ihotautien hoidossa, kuten nykyaikaiset tutkimukset vahvistavat. Koska antrakinoosin maseraatti vaikuttaa suotuisasti fibroblasteihin sek\u00e4 kollageenin ja elastiinin synteesiin, se edist\u00e4\u00e4 ihon uudistumista, antaa iholle kimmoisuutta ja kiinteytt\u00e4 ja vaikuttaa kosteuttavasti. Lis\u00e4ksi tutkijat viittaavat sen antibakteerisiin ja tulehdusta ehk\u00e4iseviin ominaisuuksiin. Siksi se sopii hyvin anti-ageing-kosmetiikkaan sek\u00e4 akneen tai haavan paranemiseen tai haavan paranemisen edist\u00e4miseen tarkoitettuihin valmisteisiin.<\/p>\n<p>Centella Asiatica -maseraatin ominaisuuksia voidaan k\u00e4ytt\u00e4\u00e4 my\u00f6s ravintolisien valmistuksessa. T\u00e4m\u00e4 ainesosa on verisuonten elastisuutta parantavan vaikutuksensa ansiosta hy\u00f6dyllinen valmisteissa, joita k\u00e4ytet\u00e4\u00e4n verenpainetaudin ja ateroskleroosin ehk\u00e4isyyn. Lis\u00e4ksi tutkimukset osoittavat, ett\u00e4 sill\u00e4 on adaptogeeninen vaikutus &#8211; positiivinen vaikutus keskushermostoon ja aivotoimintaan.<\/p>\n","protected":false},"excerpt":{"rendered":"<p><em>Centella asiatican<\/em>, joka tunnetaan my\u00f6s nimill\u00e4 &#8221;tiikeriruoho&#8221; ja &#8221;gotu kola&#8221;, makeraatti on aasialaista alkuper\u00e4\u00e4 oleva ainesosa, jolla on laajoja ja monisuuntaisia sovelluksia kosmetiikka- ja l\u00e4\u00e4keteollisuudessa. Sen merkitt\u00e4v\u00e4t ominaisuudet, joita perinteisen kiinalaisen l\u00e4\u00e4ketieteen ja intialaisen ayurvedan harjoittajat jo arvostavat, johtuvat p\u00e4\u00e4asiassa pentasyklisten triterpeenisaponiinien kompleksista.<\/p>\n","protected":false},"featured_media":22819,"template":"","meta":[],"product_brand":[],"product_cat":[540],"product_tag":[],"class_list":{"0":"post-22858","1":"product","2":"type-product","3":"status-publish","4":"has-post-thumbnail","6":"product_cat-maseraatit","8":"first","9":"instock","10":"shipping-taxable","11":"product-type-simple"},"yoast_head":"<!-- This site is optimized with the Yoast SEO plugin v27.4 - https:\/\/yoast.com\/product\/yoast-seo-wordpress\/ -->\n<title>Centella Asiatican maseraatti - Tukkudistribuutio<\/title>\n<meta name=\"robots\" content=\"index, follow, max-snippet:-1, max-image-preview:large, max-video-preview:-1\" \/>\n<link rel=\"canonical\" href=\"https:\/\/naturalpoland.com\/fi\/tuotteet\/kosmetiikkateollisuuden-tuotteet\/maseraatit\/macerate-from-acrota-asia\/\" \/>\n<meta property=\"og:locale\" content=\"fi_FI\" \/>\n<meta property=\"og:type\" content=\"article\" \/>\n<meta property=\"og:title\" content=\"Centella Asiatican maseraatti - Tukkudistribuutio\" \/>\n<meta property=\"og:description\" content=\"Centella asiatican, joka tunnetaan my\u00f6s nimill\u00e4 &quot;tiikeriruoho&quot; ja &quot;gotu kola&quot;, makeraatti on aasialaista alkuper\u00e4\u00e4 oleva ainesosa, jolla on laajoja ja monisuuntaisia sovelluksia kosmetiikka- ja l\u00e4\u00e4keteollisuudessa. Sen merkitt\u00e4v\u00e4t ominaisuudet, joita perinteisen kiinalaisen l\u00e4\u00e4ketieteen ja intialaisen ayurvedan harjoittajat jo arvostavat, johtuvat p\u00e4\u00e4asiassa pentasyklisten triterpeenisaponiinien kompleksista.\" \/>\n<meta property=\"og:url\" content=\"https:\/\/naturalpoland.com\/fi\/tuotteet\/kosmetiikkateollisuuden-tuotteet\/maseraatit\/macerate-from-acrota-asia\/\" \/>\n<meta property=\"og:site_name\" content=\"NATURAL POLAND - RAAKA-AINEIDEN TUKKUJAKELIJA\" \/>\n<meta property=\"article:publisher\" content=\"https:\/\/www.facebook.com\/naturalpoland.b2b\" \/>\n<meta property=\"og:image\" content=\"https:\/\/naturalpoland.com\/wp-content\/uploads\/macerat-z-wakroty-azjatyckiej.jpg\" \/>\n\t<meta property=\"og:image:width\" content=\"500\" \/>\n\t<meta property=\"og:image:height\" content=\"500\" \/>\n\t<meta property=\"og:image:type\" content=\"image\/jpeg\" \/>\n<script type=\"application\/ld+json\" class=\"yoast-schema-graph\">{\"@context\":\"https:\\\/\\\/schema.org\",\"@graph\":[{\"@type\":\"WebPage\",\"@id\":\"https:\\\/\\\/naturalpoland.com\\\/fi\\\/tuotteet\\\/kosmetiikkateollisuuden-tuotteet\\\/maseraatit\\\/macerate-from-acrota-asia\\\/\",\"url\":\"https:\\\/\\\/naturalpoland.com\\\/fi\\\/tuotteet\\\/kosmetiikkateollisuuden-tuotteet\\\/maseraatit\\\/macerate-from-acrota-asia\\\/\",\"name\":\"Centella Asiatican maseraatti - Tukkudistribuutio\",\"isPartOf\":{\"@id\":\"https:\\\/\\\/naturalpoland.com\\\/fi\\\/#website\"},\"primaryImageOfPage\":{\"@id\":\"https:\\\/\\\/naturalpoland.com\\\/fi\\\/tuotteet\\\/kosmetiikkateollisuuden-tuotteet\\\/maseraatit\\\/macerate-from-acrota-asia\\\/#primaryimage\"},\"image\":{\"@id\":\"https:\\\/\\\/naturalpoland.com\\\/fi\\\/tuotteet\\\/kosmetiikkateollisuuden-tuotteet\\\/maseraatit\\\/macerate-from-acrota-asia\\\/#primaryimage\"},\"thumbnailUrl\":\"https:\\\/\\\/naturalpoland.com\\\/wp-content\\\/uploads\\\/macerat-z-wakroty-azjatyckiej.jpg\",\"datePublished\":\"2023-04-21T13:03:53+00:00\",\"breadcrumb\":{\"@id\":\"https:\\\/\\\/naturalpoland.com\\\/fi\\\/tuotteet\\\/kosmetiikkateollisuuden-tuotteet\\\/maseraatit\\\/macerate-from-acrota-asia\\\/#breadcrumb\"},\"inLanguage\":\"fi\",\"potentialAction\":[{\"@type\":\"ReadAction\",\"target\":[\"https:\\\/\\\/naturalpoland.com\\\/fi\\\/tuotteet\\\/kosmetiikkateollisuuden-tuotteet\\\/maseraatit\\\/macerate-from-acrota-asia\\\/\"]}]},{\"@type\":\"ImageObject\",\"inLanguage\":\"fi\",\"@id\":\"https:\\\/\\\/naturalpoland.com\\\/fi\\\/tuotteet\\\/kosmetiikkateollisuuden-tuotteet\\\/maseraatit\\\/macerate-from-acrota-asia\\\/#primaryimage\",\"url\":\"https:\\\/\\\/naturalpoland.com\\\/wp-content\\\/uploads\\\/macerat-z-wakroty-azjatyckiej.jpg\",\"contentUrl\":\"https:\\\/\\\/naturalpoland.com\\\/wp-content\\\/uploads\\\/macerat-z-wakroty-azjatyckiej.jpg\",\"width\":500,\"height\":500,\"caption\":\"Centella Asiatican maseraatti\"},{\"@type\":\"BreadcrumbList\",\"@id\":\"https:\\\/\\\/naturalpoland.com\\\/fi\\\/tuotteet\\\/kosmetiikkateollisuuden-tuotteet\\\/maseraatit\\\/macerate-from-acrota-asia\\\/#breadcrumb\",\"itemListElement\":[{\"@type\":\"ListItem\",\"position\":1,\"name\":\"Etusivu\",\"item\":\"https:\\\/\\\/naturalpoland.com\\\/fi\\\/\"},{\"@type\":\"ListItem\",\"position\":2,\"name\":\"Tuotteet\",\"item\":\"https:\\\/\\\/naturalpoland.com\\\/fi\\\/tuotteet\\\/\"},{\"@type\":\"ListItem\",\"position\":3,\"name\":\"Centella Asiatican maseraatti\"}]},{\"@type\":\"WebSite\",\"@id\":\"https:\\\/\\\/naturalpoland.com\\\/fi\\\/#website\",\"url\":\"https:\\\/\\\/naturalpoland.com\\\/fi\\\/\",\"name\":\"NATURAL POLAND - RAAKA-AINEIDEN TUKKUJAKELIJA\",\"description\":\"Surowce dla przemys\u0142u spo\u017cywczego, kosmetycznego i farmaceutycznego\",\"publisher\":{\"@id\":\"https:\\\/\\\/naturalpoland.com\\\/fi\\\/#organization\"},\"potentialAction\":[{\"@type\":\"SearchAction\",\"target\":{\"@type\":\"EntryPoint\",\"urlTemplate\":\"https:\\\/\\\/naturalpoland.com\\\/fi\\\/?s={search_term_string}\"},\"query-input\":{\"@type\":\"PropertyValueSpecification\",\"valueRequired\":true,\"valueName\":\"search_term_string\"}}],\"inLanguage\":\"fi\"},{\"@type\":\"Organization\",\"@id\":\"https:\\\/\\\/naturalpoland.com\\\/fi\\\/#organization\",\"name\":\"Natural Poland\",\"url\":\"https:\\\/\\\/naturalpoland.com\\\/fi\\\/\",\"logo\":{\"@type\":\"ImageObject\",\"inLanguage\":\"fi\",\"@id\":\"https:\\\/\\\/naturalpoland.com\\\/fi\\\/#\\\/schema\\\/logo\\\/image\\\/\",\"url\":\"https:\\\/\\\/naturalpoland.com\\\/wp-content\\\/uploads\\\/2021\\\/05\\\/natural-poland-icon.png\",\"contentUrl\":\"https:\\\/\\\/naturalpoland.com\\\/wp-content\\\/uploads\\\/2021\\\/05\\\/natural-poland-icon.png\",\"width\":512,\"height\":512,\"caption\":\"Natural Poland\"},\"image\":{\"@id\":\"https:\\\/\\\/naturalpoland.com\\\/fi\\\/#\\\/schema\\\/logo\\\/image\\\/\"},\"sameAs\":[\"https:\\\/\\\/www.facebook.com\\\/naturalpoland.b2b\",\"https:\\\/\\\/pl.linkedin.com\\\/company\\\/natural-poland\",\"https:\\\/\\\/www.youtube.com\\\/channel\\\/UCgeGGkvOMahZo-xu_MSEWxg\"]}]}<\/script>\n<!-- \/ Yoast SEO plugin. -->","yoast_head_json":{"title":"Centella Asiatican maseraatti - Tukkudistribuutio","robots":{"index":"index","follow":"follow","max-snippet":"max-snippet:-1","max-image-preview":"max-image-preview:large","max-video-preview":"max-video-preview:-1"},"canonical":"https:\/\/naturalpoland.com\/fi\/tuotteet\/kosmetiikkateollisuuden-tuotteet\/maseraatit\/macerate-from-acrota-asia\/","og_locale":"fi_FI","og_type":"article","og_title":"Centella Asiatican maseraatti - Tukkudistribuutio","og_description":"Centella asiatican, joka tunnetaan my\u00f6s nimill\u00e4 \"tiikeriruoho\" ja \"gotu kola\", makeraatti on aasialaista alkuper\u00e4\u00e4 oleva ainesosa, jolla on laajoja ja monisuuntaisia sovelluksia kosmetiikka- ja l\u00e4\u00e4keteollisuudessa. Sen merkitt\u00e4v\u00e4t ominaisuudet, joita perinteisen kiinalaisen l\u00e4\u00e4ketieteen ja intialaisen ayurvedan harjoittajat jo arvostavat, johtuvat p\u00e4\u00e4asiassa pentasyklisten triterpeenisaponiinien kompleksista.","og_url":"https:\/\/naturalpoland.com\/fi\/tuotteet\/kosmetiikkateollisuuden-tuotteet\/maseraatit\/macerate-from-acrota-asia\/","og_site_name":"NATURAL POLAND - RAAKA-AINEIDEN TUKKUJAKELIJA","article_publisher":"https:\/\/www.facebook.com\/naturalpoland.b2b","og_image":[{"width":500,"height":500,"url":"https:\/\/naturalpoland.com\/wp-content\/uploads\/macerat-z-wakroty-azjatyckiej.jpg","type":"image\/jpeg"}],"schema":{"@context":"https:\/\/schema.org","@graph":[{"@type":"WebPage","@id":"https:\/\/naturalpoland.com\/fi\/tuotteet\/kosmetiikkateollisuuden-tuotteet\/maseraatit\/macerate-from-acrota-asia\/","url":"https:\/\/naturalpoland.com\/fi\/tuotteet\/kosmetiikkateollisuuden-tuotteet\/maseraatit\/macerate-from-acrota-asia\/","name":"Centella Asiatican maseraatti - Tukkudistribuutio","isPartOf":{"@id":"https:\/\/naturalpoland.com\/fi\/#website"},"primaryImageOfPage":{"@id":"https:\/\/naturalpoland.com\/fi\/tuotteet\/kosmetiikkateollisuuden-tuotteet\/maseraatit\/macerate-from-acrota-asia\/#primaryimage"},"image":{"@id":"https:\/\/naturalpoland.com\/fi\/tuotteet\/kosmetiikkateollisuuden-tuotteet\/maseraatit\/macerate-from-acrota-asia\/#primaryimage"},"thumbnailUrl":"https:\/\/naturalpoland.com\/wp-content\/uploads\/macerat-z-wakroty-azjatyckiej.jpg","datePublished":"2023-04-21T13:03:53+00:00","breadcrumb":{"@id":"https:\/\/naturalpoland.com\/fi\/tuotteet\/kosmetiikkateollisuuden-tuotteet\/maseraatit\/macerate-from-acrota-asia\/#breadcrumb"},"inLanguage":"fi","potentialAction":[{"@type":"ReadAction","target":["https:\/\/naturalpoland.com\/fi\/tuotteet\/kosmetiikkateollisuuden-tuotteet\/maseraatit\/macerate-from-acrota-asia\/"]}]},{"@type":"ImageObject","inLanguage":"fi","@id":"https:\/\/naturalpoland.com\/fi\/tuotteet\/kosmetiikkateollisuuden-tuotteet\/maseraatit\/macerate-from-acrota-asia\/#primaryimage","url":"https:\/\/naturalpoland.com\/wp-content\/uploads\/macerat-z-wakroty-azjatyckiej.jpg","contentUrl":"https:\/\/naturalpoland.com\/wp-content\/uploads\/macerat-z-wakroty-azjatyckiej.jpg","width":500,"height":500,"caption":"Centella Asiatican maseraatti"},{"@type":"BreadcrumbList","@id":"https:\/\/naturalpoland.com\/fi\/tuotteet\/kosmetiikkateollisuuden-tuotteet\/maseraatit\/macerate-from-acrota-asia\/#breadcrumb","itemListElement":[{"@type":"ListItem","position":1,"name":"Etusivu","item":"https:\/\/naturalpoland.com\/fi\/"},{"@type":"ListItem","position":2,"name":"Tuotteet","item":"https:\/\/naturalpoland.com\/fi\/tuotteet\/"},{"@type":"ListItem","position":3,"name":"Centella Asiatican maseraatti"}]},{"@type":"WebSite","@id":"https:\/\/naturalpoland.com\/fi\/#website","url":"https:\/\/naturalpoland.com\/fi\/","name":"NATURAL POLAND - RAAKA-AINEIDEN TUKKUJAKELIJA","description":"Surowce dla przemys\u0142u spo\u017cywczego, kosmetycznego i farmaceutycznego","publisher":{"@id":"https:\/\/naturalpoland.com\/fi\/#organization"},"potentialAction":[{"@type":"SearchAction","target":{"@type":"EntryPoint","urlTemplate":"https:\/\/naturalpoland.com\/fi\/?s={search_term_string}"},"query-input":{"@type":"PropertyValueSpecification","valueRequired":true,"valueName":"search_term_string"}}],"inLanguage":"fi"},{"@type":"Organization","@id":"https:\/\/naturalpoland.com\/fi\/#organization","name":"Natural Poland","url":"https:\/\/naturalpoland.com\/fi\/","logo":{"@type":"ImageObject","inLanguage":"fi","@id":"https:\/\/naturalpoland.com\/fi\/#\/schema\/logo\/image\/","url":"https:\/\/naturalpoland.com\/wp-content\/uploads\/2021\/05\/natural-poland-icon.png","contentUrl":"https:\/\/naturalpoland.com\/wp-content\/uploads\/2021\/05\/natural-poland-icon.png","width":512,"height":512,"caption":"Natural Poland"},"image":{"@id":"https:\/\/naturalpoland.com\/fi\/#\/schema\/logo\/image\/"},"sameAs":["https:\/\/www.facebook.com\/naturalpoland.b2b","https:\/\/pl.linkedin.com\/company\/natural-poland","https:\/\/www.youtube.com\/channel\/UCgeGGkvOMahZo-xu_MSEWxg"]}]}},"_links":{"self":[{"href":"https:\/\/naturalpoland.com\/fi\/wp-json\/wp\/v2\/product\/22858","targetHints":{"allow":["GET"]}}],"collection":[{"href":"https:\/\/naturalpoland.com\/fi\/wp-json\/wp\/v2\/product"}],"about":[{"href":"https:\/\/naturalpoland.com\/fi\/wp-json\/wp\/v2\/types\/product"}],"wp:featuredmedia":[{"embeddable":true,"href":"https:\/\/naturalpoland.com\/fi\/wp-json\/wp\/v2\/media\/22819"}],"wp:attachment":[{"href":"https:\/\/naturalpoland.com\/fi\/wp-json\/wp\/v2\/media?parent=22858"}],"wp:term":[{"taxonomy":"product_brand","embeddable":true,"href":"https:\/\/naturalpoland.com\/fi\/wp-json\/wp\/v2\/product_brand?post=22858"},{"taxonomy":"product_cat","embeddable":true,"href":"https:\/\/naturalpoland.com\/fi\/wp-json\/wp\/v2\/product_cat?post=22858"},{"taxonomy":"product_tag","embeddable":true,"href":"https:\/\/naturalpoland.com\/fi\/wp-json\/wp\/v2\/product_tag?post=22858"}],"curies":[{"name":"wp","href":"https:\/\/api.w.org\/{rel}","templated":true}]}}