{"id":22861,"date":"2023-04-21T14:52:48","date_gmt":"2023-04-21T12:52:48","guid":{"rendered":"https:\/\/naturalpoland.pl\/produkty\/Ei-luokiteltu\/centella-asiatica-uute\/"},"modified":"2026-02-09T12:50:09","modified_gmt":"2026-02-09T11:50:09","slug":"extract-from-vacrota-asiatic","status":"publish","type":"product","link":"https:\/\/naturalpoland.com\/fi\/tuotteet\/laaketeollisuuden-tuotteet\/ravintolisien-ainesosat\/extract-from-vacrota-asiatic\/","title":{"rendered":"Centella asiatica -uute"},"content":{"rendered":"<h2>Aasiansentella-uutteen ominaisuudet ja k\u00e4ytt\u00f6<\/h2>\n<p>Sen ainutlaatuiset ominaisuudet johtuvat pentasyklisten <strong>triterpeenisaponiinien<\/strong>, <strong>triterpeeniginiinin<\/strong>, <strong><a href=\"https:\/\/naturalpoland.com\/artykuly\/produkty-naturalne\/czym-sa-i-jak-dzialaja-flawonoidy\/\">flavonoidien<\/a><\/strong>, <strong>fytosterolien<\/strong> ja <strong>tanniinien<\/strong> l\u00e4sn\u00e4olosta, joiden koostumus voi vaihdella kasvin viljelymaan mukaan. Triterpeenisaponiinit tunnetaan verenkiertoa tukevasta vaikutuksestaan, ne lis\u00e4\u00e4v\u00e4t verisuonten kest\u00e4vyytt\u00e4 ja ehk\u00e4isev\u00e4t suonikohjujen muodostumista. Uutteen k\u00e4ytt\u00f6\u00e4 suositellaan couperosa-, ik\u00e4\u00e4ntyv\u00e4lle, herk\u00e4lle ja kuivalle iholle, sill\u00e4 se ei ainoastaan <strong>vahvista verisuonia<\/strong>, vaan my\u00f6s <strong>auttaa rohtuneen ja vaurioituneen ihon uudistumisessa,<\/strong> tasoittaa, puhdistaa ja rauhoittaa \u00e4rsytyksi\u00e4.   <\/p>\n<p>Dermatologiassa ja kosmetiikassa aasiansentella-uute <strong>tukee haavan paranemisprosesseja<\/strong>, sill\u00e4 on antibakteerisia, anti-inflammatorisia, kosteuttavia ja turvotusta v\u00e4hent\u00e4vi\u00e4 vaikutuksia. Se on tehokas ainesosa akne-, ik\u00e4\u00e4ntymisen merkkej\u00e4 vastaan taistelevissa tuotteissa sek\u00e4 kuivalle, \u00e4rtyneelle ja silm\u00e4nymp\u00e4rysiholle tarkoitetuissa valmisteissa. Lis\u00e4ksi se <strong>edist\u00e4\u00e4 kollageenin tuotantoa ja stimuloi hiusten kasvua<\/strong> parantamalla p\u00e4\u00e4nahan verenkiertoa.  <\/p>\n<h2>K\u00e4ytt\u00f6kohteet:<\/h2>\n<p>Aasiansentella-uutetta voidaan k\u00e4ytt\u00e4\u00e4 voiteiden, seerumien, kasvovesien, naamioiden ainesosana sek\u00e4 aktiivisena aineena silm\u00e4nymp\u00e4rysihon hoitotuotteissa, kosteuttavissa emulsioissa ja ryppyj\u00e4 ehk\u00e4iseviss\u00e4 kosmetiikkatuotteissa. Se sopii erinomaisesti my\u00f6s parranajon j\u00e4lkeisiin rauhoittaviin valmisteisiin sek\u00e4 ik\u00e4\u00e4ntyv\u00e4lle ja couperosa-iholle tarkoitetuille tuotteille. <\/p>\n<h2>Gotu Kola -uute ravintolisiss\u00e4<\/h2>\n<p>Aasiansentella-uutetta sis\u00e4lt\u00e4vi\u00e4 ravintolisi\u00e4 suositellaan <strong>ruoansulatuskanavan sairauksien<\/strong>, kuten ripulin tai ruoansulatush\u00e4iri\u00f6iden, sek\u00e4 <strong>virtsatieinfektioiden<\/strong>, <strong>verenpainetaudin<\/strong> ja <strong>diabeteksen<\/strong> hoitoon. T\u00e4m\u00e4 uute on my\u00f6s hy\u00f6dyllinen erilaisten <strong>ihosairauksien<\/strong>, kuten psoriaasin, ekseeman, lepran, vitiligon tai ik\u00e4\u00e4n liittyvien ihomuutosten, terapiassa. <\/p>\n<h2>Uutteen koostumus:<\/h2>\n<ul>\n<li><strong>Centella Asiatica Extract<\/strong> (5 %) \u2013 t\u00e4rkein aktiivinen ainesosa, runsaasti saponiineja, joilla on anti-inflammatorisia ja antibakteerisia vaikutuksia,<\/li>\n<li><strong>Aqua<\/strong> (40\u201350 %) \u2013 liuotin,<\/li>\n<li><strong>Glycerin<\/strong> (40\u201350 %) \u2013 kosteuttava humektantti,<\/li>\n<li><strong>Sodium Benzoate<\/strong> (0,4 %) ja <strong>Potassium Sorbate<\/strong> (0,2 %) \u2013 s\u00e4il\u00f6nt\u00e4aineet, jotka suojaavat tuotetta mikro-organismien kasvulta ja pident\u00e4v\u00e4t sen s\u00e4ilyvyytt\u00e4.<\/li>\n<\/ul>\n","protected":false},"excerpt":{"rendered":"<p><strong>Aasiansentellan yrttiuute<\/strong>, joka tunnetaan my\u00f6s nimill\u00e4 <strong>gotu kola<\/strong>, <strong>tiikeriruoho<\/strong> tai <strong>Centella asiatica<\/strong>, uutetaan t\u00e4m\u00e4n trooppisilla ja subtrooppisilla alueilla esiintyv\u00e4n eksoottisen kasvin maanp\u00e4\u00e4llisist\u00e4 osista. T\u00e4m\u00e4 tuote on tarkoitettu k\u00e4ytett\u00e4v\u00e4ksi kosmetiikassa ja l\u00e4\u00e4keteollisuudessa. <\/p>\n","protected":false},"featured_media":22807,"template":"","meta":{"_acf_changed":false},"product_brand":[],"product_cat":[528,535],"product_tag":[],"class_list":{"0":"post-22861","1":"product","2":"type-product","3":"status-publish","4":"has-post-thumbnail","6":"product_cat-kasviuutteet","7":"product_cat-ravintolisien-ainesosat","9":"first","10":"instock","11":"shipping-taxable","12":"product-type-simple"},"acf":[],"yoast_head":"<!-- This site is optimized with the Yoast SEO plugin v27.4 - https:\/\/yoast.com\/product\/yoast-seo-wordpress\/ -->\n<title>Centella asiatica -uute - NATURAL POLAND - RAAKA-AINEIDEN TUKKUJAKELIJA<\/title>\n<meta name=\"description\" content=\"Aasiansentella-uutetta k\u00e4ytet\u00e4\u00e4n laajasti kosmetiikassa, perinteisess\u00e4 ja nykyaikaisessa l\u00e4\u00e4ketieteess\u00e4 sen monipuolisten vaikutusten vuoksi.\" \/>\n<meta name=\"robots\" content=\"index, follow, max-snippet:-1, max-image-preview:large, max-video-preview:-1\" \/>\n<link rel=\"canonical\" href=\"https:\/\/naturalpoland.com\/fi\/tuotteet\/laaketeollisuuden-tuotteet\/ravintolisien-ainesosat\/extract-from-vacrota-asiatic\/\" \/>\n<meta property=\"og:locale\" content=\"fi_FI\" \/>\n<meta property=\"og:type\" content=\"article\" \/>\n<meta property=\"og:title\" content=\"Centella asiatica -uute - NATURAL POLAND - RAAKA-AINEIDEN TUKKUJAKELIJA\" \/>\n<meta property=\"og:description\" content=\"Aasiansentella-uutetta k\u00e4ytet\u00e4\u00e4n laajasti kosmetiikassa, perinteisess\u00e4 ja nykyaikaisessa l\u00e4\u00e4ketieteess\u00e4 sen monipuolisten vaikutusten vuoksi.\" \/>\n<meta property=\"og:url\" content=\"https:\/\/naturalpoland.com\/fi\/tuotteet\/laaketeollisuuden-tuotteet\/ravintolisien-ainesosat\/extract-from-vacrota-asiatic\/\" \/>\n<meta property=\"og:site_name\" content=\"NATURAL POLAND - RAAKA-AINEIDEN TUKKUJAKELIJA\" \/>\n<meta property=\"article:publisher\" content=\"https:\/\/www.facebook.com\/naturalpoland.b2b\" \/>\n<meta property=\"article:modified_time\" content=\"2026-02-09T11:50:09+00:00\" \/>\n<meta property=\"og:image\" content=\"https:\/\/naturalpoland.com\/wp-content\/uploads\/ekstrakt-z-wakroty-azjatyckiej.jpg\" \/>\n\t<meta property=\"og:image:width\" content=\"500\" \/>\n\t<meta property=\"og:image:height\" content=\"500\" \/>\n\t<meta property=\"og:image:type\" content=\"image\/jpeg\" \/>\n<script type=\"application\/ld+json\" class=\"yoast-schema-graph\">{\"@context\":\"https:\\\/\\\/schema.org\",\"@graph\":[{\"@type\":\"WebPage\",\"@id\":\"https:\\\/\\\/naturalpoland.com\\\/fi\\\/tuotteet\\\/laaketeollisuuden-tuotteet\\\/ravintolisien-ainesosat\\\/extract-from-vacrota-asiatic\\\/\",\"url\":\"https:\\\/\\\/naturalpoland.com\\\/fi\\\/tuotteet\\\/laaketeollisuuden-tuotteet\\\/ravintolisien-ainesosat\\\/extract-from-vacrota-asiatic\\\/\",\"name\":\"Centella asiatica -uute - NATURAL POLAND - RAAKA-AINEIDEN TUKKUJAKELIJA\",\"isPartOf\":{\"@id\":\"https:\\\/\\\/naturalpoland.com\\\/fi\\\/#website\"},\"primaryImageOfPage\":{\"@id\":\"https:\\\/\\\/naturalpoland.com\\\/fi\\\/tuotteet\\\/laaketeollisuuden-tuotteet\\\/ravintolisien-ainesosat\\\/extract-from-vacrota-asiatic\\\/#primaryimage\"},\"image\":{\"@id\":\"https:\\\/\\\/naturalpoland.com\\\/fi\\\/tuotteet\\\/laaketeollisuuden-tuotteet\\\/ravintolisien-ainesosat\\\/extract-from-vacrota-asiatic\\\/#primaryimage\"},\"thumbnailUrl\":\"https:\\\/\\\/naturalpoland.com\\\/wp-content\\\/uploads\\\/ekstrakt-z-wakroty-azjatyckiej.jpg\",\"datePublished\":\"2023-04-21T12:52:48+00:00\",\"dateModified\":\"2026-02-09T11:50:09+00:00\",\"description\":\"Aasiansentella-uutetta k\u00e4ytet\u00e4\u00e4n laajasti kosmetiikassa, perinteisess\u00e4 ja nykyaikaisessa l\u00e4\u00e4ketieteess\u00e4 sen monipuolisten vaikutusten vuoksi.\",\"breadcrumb\":{\"@id\":\"https:\\\/\\\/naturalpoland.com\\\/fi\\\/tuotteet\\\/laaketeollisuuden-tuotteet\\\/ravintolisien-ainesosat\\\/extract-from-vacrota-asiatic\\\/#breadcrumb\"},\"inLanguage\":\"fi\",\"potentialAction\":[{\"@type\":\"ReadAction\",\"target\":[\"https:\\\/\\\/naturalpoland.com\\\/fi\\\/tuotteet\\\/laaketeollisuuden-tuotteet\\\/ravintolisien-ainesosat\\\/extract-from-vacrota-asiatic\\\/\"]}]},{\"@type\":\"ImageObject\",\"inLanguage\":\"fi\",\"@id\":\"https:\\\/\\\/naturalpoland.com\\\/fi\\\/tuotteet\\\/laaketeollisuuden-tuotteet\\\/ravintolisien-ainesosat\\\/extract-from-vacrota-asiatic\\\/#primaryimage\",\"url\":\"https:\\\/\\\/naturalpoland.com\\\/wp-content\\\/uploads\\\/ekstrakt-z-wakroty-azjatyckiej.jpg\",\"contentUrl\":\"https:\\\/\\\/naturalpoland.com\\\/wp-content\\\/uploads\\\/ekstrakt-z-wakroty-azjatyckiej.jpg\",\"width\":500,\"height\":500,\"caption\":\"Centella asiatica -uute\"},{\"@type\":\"BreadcrumbList\",\"@id\":\"https:\\\/\\\/naturalpoland.com\\\/fi\\\/tuotteet\\\/laaketeollisuuden-tuotteet\\\/ravintolisien-ainesosat\\\/extract-from-vacrota-asiatic\\\/#breadcrumb\",\"itemListElement\":[{\"@type\":\"ListItem\",\"position\":1,\"name\":\"Etusivu\",\"item\":\"https:\\\/\\\/naturalpoland.com\\\/fi\\\/\"},{\"@type\":\"ListItem\",\"position\":2,\"name\":\"Tuotteet\",\"item\":\"https:\\\/\\\/naturalpoland.com\\\/fi\\\/tuotteet\\\/\"},{\"@type\":\"ListItem\",\"position\":3,\"name\":\"Centella asiatica -uute\"}]},{\"@type\":\"WebSite\",\"@id\":\"https:\\\/\\\/naturalpoland.com\\\/fi\\\/#website\",\"url\":\"https:\\\/\\\/naturalpoland.com\\\/fi\\\/\",\"name\":\"NATURAL POLAND - RAAKA-AINEIDEN TUKKUJAKELIJA\",\"description\":\"Surowce dla przemys\u0142u spo\u017cywczego, kosmetycznego i farmaceutycznego\",\"publisher\":{\"@id\":\"https:\\\/\\\/naturalpoland.com\\\/fi\\\/#organization\"},\"potentialAction\":[{\"@type\":\"SearchAction\",\"target\":{\"@type\":\"EntryPoint\",\"urlTemplate\":\"https:\\\/\\\/naturalpoland.com\\\/fi\\\/?s={search_term_string}\"},\"query-input\":{\"@type\":\"PropertyValueSpecification\",\"valueRequired\":true,\"valueName\":\"search_term_string\"}}],\"inLanguage\":\"fi\"},{\"@type\":\"Organization\",\"@id\":\"https:\\\/\\\/naturalpoland.com\\\/fi\\\/#organization\",\"name\":\"Natural Poland\",\"url\":\"https:\\\/\\\/naturalpoland.com\\\/fi\\\/\",\"logo\":{\"@type\":\"ImageObject\",\"inLanguage\":\"fi\",\"@id\":\"https:\\\/\\\/naturalpoland.com\\\/fi\\\/#\\\/schema\\\/logo\\\/image\\\/\",\"url\":\"https:\\\/\\\/naturalpoland.com\\\/wp-content\\\/uploads\\\/2021\\\/05\\\/natural-poland-icon.png\",\"contentUrl\":\"https:\\\/\\\/naturalpoland.com\\\/wp-content\\\/uploads\\\/2021\\\/05\\\/natural-poland-icon.png\",\"width\":512,\"height\":512,\"caption\":\"Natural Poland\"},\"image\":{\"@id\":\"https:\\\/\\\/naturalpoland.com\\\/fi\\\/#\\\/schema\\\/logo\\\/image\\\/\"},\"sameAs\":[\"https:\\\/\\\/www.facebook.com\\\/naturalpoland.b2b\",\"https:\\\/\\\/pl.linkedin.com\\\/company\\\/natural-poland\",\"https:\\\/\\\/www.youtube.com\\\/channel\\\/UCgeGGkvOMahZo-xu_MSEWxg\"]}]}<\/script>\n<!-- \/ Yoast SEO plugin. -->","yoast_head_json":{"title":"Centella asiatica -uute - NATURAL POLAND - RAAKA-AINEIDEN TUKKUJAKELIJA","description":"Aasiansentella-uutetta k\u00e4ytet\u00e4\u00e4n laajasti kosmetiikassa, perinteisess\u00e4 ja nykyaikaisessa l\u00e4\u00e4ketieteess\u00e4 sen monipuolisten vaikutusten vuoksi.","robots":{"index":"index","follow":"follow","max-snippet":"max-snippet:-1","max-image-preview":"max-image-preview:large","max-video-preview":"max-video-preview:-1"},"canonical":"https:\/\/naturalpoland.com\/fi\/tuotteet\/laaketeollisuuden-tuotteet\/ravintolisien-ainesosat\/extract-from-vacrota-asiatic\/","og_locale":"fi_FI","og_type":"article","og_title":"Centella asiatica -uute - NATURAL POLAND - RAAKA-AINEIDEN TUKKUJAKELIJA","og_description":"Aasiansentella-uutetta k\u00e4ytet\u00e4\u00e4n laajasti kosmetiikassa, perinteisess\u00e4 ja nykyaikaisessa l\u00e4\u00e4ketieteess\u00e4 sen monipuolisten vaikutusten vuoksi.","og_url":"https:\/\/naturalpoland.com\/fi\/tuotteet\/laaketeollisuuden-tuotteet\/ravintolisien-ainesosat\/extract-from-vacrota-asiatic\/","og_site_name":"NATURAL POLAND - RAAKA-AINEIDEN TUKKUJAKELIJA","article_publisher":"https:\/\/www.facebook.com\/naturalpoland.b2b","article_modified_time":"2026-02-09T11:50:09+00:00","og_image":[{"width":500,"height":500,"url":"https:\/\/naturalpoland.com\/wp-content\/uploads\/ekstrakt-z-wakroty-azjatyckiej.jpg","type":"image\/jpeg"}],"schema":{"@context":"https:\/\/schema.org","@graph":[{"@type":"WebPage","@id":"https:\/\/naturalpoland.com\/fi\/tuotteet\/laaketeollisuuden-tuotteet\/ravintolisien-ainesosat\/extract-from-vacrota-asiatic\/","url":"https:\/\/naturalpoland.com\/fi\/tuotteet\/laaketeollisuuden-tuotteet\/ravintolisien-ainesosat\/extract-from-vacrota-asiatic\/","name":"Centella asiatica -uute - NATURAL POLAND - RAAKA-AINEIDEN TUKKUJAKELIJA","isPartOf":{"@id":"https:\/\/naturalpoland.com\/fi\/#website"},"primaryImageOfPage":{"@id":"https:\/\/naturalpoland.com\/fi\/tuotteet\/laaketeollisuuden-tuotteet\/ravintolisien-ainesosat\/extract-from-vacrota-asiatic\/#primaryimage"},"image":{"@id":"https:\/\/naturalpoland.com\/fi\/tuotteet\/laaketeollisuuden-tuotteet\/ravintolisien-ainesosat\/extract-from-vacrota-asiatic\/#primaryimage"},"thumbnailUrl":"https:\/\/naturalpoland.com\/wp-content\/uploads\/ekstrakt-z-wakroty-azjatyckiej.jpg","datePublished":"2023-04-21T12:52:48+00:00","dateModified":"2026-02-09T11:50:09+00:00","description":"Aasiansentella-uutetta k\u00e4ytet\u00e4\u00e4n laajasti kosmetiikassa, perinteisess\u00e4 ja nykyaikaisessa l\u00e4\u00e4ketieteess\u00e4 sen monipuolisten vaikutusten vuoksi.","breadcrumb":{"@id":"https:\/\/naturalpoland.com\/fi\/tuotteet\/laaketeollisuuden-tuotteet\/ravintolisien-ainesosat\/extract-from-vacrota-asiatic\/#breadcrumb"},"inLanguage":"fi","potentialAction":[{"@type":"ReadAction","target":["https:\/\/naturalpoland.com\/fi\/tuotteet\/laaketeollisuuden-tuotteet\/ravintolisien-ainesosat\/extract-from-vacrota-asiatic\/"]}]},{"@type":"ImageObject","inLanguage":"fi","@id":"https:\/\/naturalpoland.com\/fi\/tuotteet\/laaketeollisuuden-tuotteet\/ravintolisien-ainesosat\/extract-from-vacrota-asiatic\/#primaryimage","url":"https:\/\/naturalpoland.com\/wp-content\/uploads\/ekstrakt-z-wakroty-azjatyckiej.jpg","contentUrl":"https:\/\/naturalpoland.com\/wp-content\/uploads\/ekstrakt-z-wakroty-azjatyckiej.jpg","width":500,"height":500,"caption":"Centella asiatica -uute"},{"@type":"BreadcrumbList","@id":"https:\/\/naturalpoland.com\/fi\/tuotteet\/laaketeollisuuden-tuotteet\/ravintolisien-ainesosat\/extract-from-vacrota-asiatic\/#breadcrumb","itemListElement":[{"@type":"ListItem","position":1,"name":"Etusivu","item":"https:\/\/naturalpoland.com\/fi\/"},{"@type":"ListItem","position":2,"name":"Tuotteet","item":"https:\/\/naturalpoland.com\/fi\/tuotteet\/"},{"@type":"ListItem","position":3,"name":"Centella asiatica -uute"}]},{"@type":"WebSite","@id":"https:\/\/naturalpoland.com\/fi\/#website","url":"https:\/\/naturalpoland.com\/fi\/","name":"NATURAL POLAND - RAAKA-AINEIDEN TUKKUJAKELIJA","description":"Surowce dla przemys\u0142u spo\u017cywczego, kosmetycznego i farmaceutycznego","publisher":{"@id":"https:\/\/naturalpoland.com\/fi\/#organization"},"potentialAction":[{"@type":"SearchAction","target":{"@type":"EntryPoint","urlTemplate":"https:\/\/naturalpoland.com\/fi\/?s={search_term_string}"},"query-input":{"@type":"PropertyValueSpecification","valueRequired":true,"valueName":"search_term_string"}}],"inLanguage":"fi"},{"@type":"Organization","@id":"https:\/\/naturalpoland.com\/fi\/#organization","name":"Natural Poland","url":"https:\/\/naturalpoland.com\/fi\/","logo":{"@type":"ImageObject","inLanguage":"fi","@id":"https:\/\/naturalpoland.com\/fi\/#\/schema\/logo\/image\/","url":"https:\/\/naturalpoland.com\/wp-content\/uploads\/2021\/05\/natural-poland-icon.png","contentUrl":"https:\/\/naturalpoland.com\/wp-content\/uploads\/2021\/05\/natural-poland-icon.png","width":512,"height":512,"caption":"Natural Poland"},"image":{"@id":"https:\/\/naturalpoland.com\/fi\/#\/schema\/logo\/image\/"},"sameAs":["https:\/\/www.facebook.com\/naturalpoland.b2b","https:\/\/pl.linkedin.com\/company\/natural-poland","https:\/\/www.youtube.com\/channel\/UCgeGGkvOMahZo-xu_MSEWxg"]}]}},"_links":{"self":[{"href":"https:\/\/naturalpoland.com\/fi\/wp-json\/wp\/v2\/product\/22861","targetHints":{"allow":["GET"]}}],"collection":[{"href":"https:\/\/naturalpoland.com\/fi\/wp-json\/wp\/v2\/product"}],"about":[{"href":"https:\/\/naturalpoland.com\/fi\/wp-json\/wp\/v2\/types\/product"}],"wp:featuredmedia":[{"embeddable":true,"href":"https:\/\/naturalpoland.com\/fi\/wp-json\/wp\/v2\/media\/22807"}],"wp:attachment":[{"href":"https:\/\/naturalpoland.com\/fi\/wp-json\/wp\/v2\/media?parent=22861"}],"wp:term":[{"taxonomy":"product_brand","embeddable":true,"href":"https:\/\/naturalpoland.com\/fi\/wp-json\/wp\/v2\/product_brand?post=22861"},{"taxonomy":"product_cat","embeddable":true,"href":"https:\/\/naturalpoland.com\/fi\/wp-json\/wp\/v2\/product_cat?post=22861"},{"taxonomy":"product_tag","embeddable":true,"href":"https:\/\/naturalpoland.com\/fi\/wp-json\/wp\/v2\/product_tag?post=22861"}],"curies":[{"name":"wp","href":"https:\/\/api.w.org\/{rel}","templated":true}]}}