{"id":22865,"date":"2023-04-21T14:20:49","date_gmt":"2023-04-21T13:04:10","guid":{"rendered":"https:\/\/naturalpoland.pl\/produkty\/Ei-luokiteltu\/mamey-sapoteoljy\/"},"modified":"2023-04-21T15:04:10","modified_gmt":"2023-04-21T13:04:10","slug":"oljy-mamey-sapote","status":"publish","type":"product","link":"https:\/\/naturalpoland.com\/fi\/tuotteet\/ruokaoljyt-ja-kosmeettiset-oljyt\/oljy-mamey-sapote\/","title":{"rendered":"Mamey sapote\u00f6ljy"},"content":{"rendered":"<p>Koska Mamey sapote -\u00f6ljy sis\u00e4lt\u00e4\u00e4 runsaasti A-, B-, C- ja E-vitamiineja, monityydyttym\u00e4tt\u00f6mi\u00e4 \u00f6ljyhappoja ja yhdisteit\u00e4, joilla on voimakas antioksidanttinen vaikutus, se on arvokas elintarvikkeiden ainesosa. Lis\u00e4ksi sille on ominaista makea, hedelm\u00e4inen tuoksu ja mieto, miellytt\u00e4v\u00e4 maku, joka antaa valmistetuille ruokalajeille ainutlaatuisen luonteen.<\/p>\n<p>Mamey sapote -\u00f6ljy on my\u00f6s arvokas kosmeettinen ainesosa. Kevyen, v\u00e4h\u00e4rasvaisen koostumuksensa ja runsaiden ravintoaineidensa ansiosta se sopii hyvin sek\u00e4 hiusvalmisteisiin ett\u00e4 ihonhoitotuotteiden ainesosaksi. Sill\u00e4 on anti-inflammatorisia ja antimikrobisia vaikutuksia ja se edist\u00e4\u00e4 solujen uudistumista, mink\u00e4 vuoksi se soveltuu psoriaasin, ekseeman ja hilseen hoitoon, p\u00e4\u00e4nahan hoitoon sek\u00e4 antamaan hiuksille lis\u00e4\u00e4 kiiltoa ja kimmoisuutta. Korkea tyydyttym\u00e4tt\u00f6mien rasvahappojen ja vitamiinien pitoisuus tekee Mamey sapote -\u00f6ljyst\u00e4 my\u00f6s tehokkaan ravitsevan ja hoitavan aineen.<\/p>\n","protected":false},"excerpt":{"rendered":"<p>Kylm\u00e4puristettua Mamey sapote -\u00f6ljy\u00e4 saadaan Keski-Amerikasta kotoisin olevan <em>Poutaria<\/em> <em>sapotan<\/em> hedelmist\u00e4. T\u00e4t\u00e4 eksoottista ainesosaa k\u00e4ytet\u00e4\u00e4n laajalti sek\u00e4 elintarvike- ett\u00e4 kosmetiikkateollisuudessa.<\/p>\n","protected":false},"featured_media":22771,"template":"","meta":{"_acf_changed":false},"product_brand":[],"product_cat":[531],"product_tag":[],"class_list":{"0":"post-22865","1":"product","2":"type-product","3":"status-publish","4":"has-post-thumbnail","6":"product_cat-ruokaoljyt-ja-kosmeettiset-oljyt","8":"first","9":"instock","10":"shipping-taxable","11":"product-type-simple"},"acf":[],"yoast_head":"<!-- This site is optimized with the Yoast SEO plugin v27.4 - https:\/\/yoast.com\/product\/yoast-seo-wordpress\/ -->\n<title>Mamey sapote\u00f6ljy - Tukkudistribuutio<\/title>\n<meta name=\"robots\" content=\"index, follow, max-snippet:-1, max-image-preview:large, max-video-preview:-1\" \/>\n<link rel=\"canonical\" href=\"https:\/\/naturalpoland.com\/fi\/tuotteet\/ruokaoljyt-ja-kosmeettiset-oljyt\/oljy-mamey-sapote\/\" \/>\n<meta property=\"og:locale\" content=\"fi_FI\" \/>\n<meta property=\"og:type\" content=\"article\" \/>\n<meta property=\"og:title\" content=\"Mamey sapote\u00f6ljy - Tukkudistribuutio\" \/>\n<meta property=\"og:description\" content=\"Kylm\u00e4puristettua Mamey sapote -\u00f6ljy\u00e4 saadaan Keski-Amerikasta kotoisin olevan Poutaria sapotan hedelmist\u00e4. T\u00e4t\u00e4 eksoottista ainesosaa k\u00e4ytet\u00e4\u00e4n laajalti sek\u00e4 elintarvike- ett\u00e4 kosmetiikkateollisuudessa.\" \/>\n<meta property=\"og:url\" content=\"https:\/\/naturalpoland.com\/fi\/tuotteet\/ruokaoljyt-ja-kosmeettiset-oljyt\/oljy-mamey-sapote\/\" \/>\n<meta property=\"og:site_name\" content=\"NATURAL POLAND - RAAKA-AINEIDEN TUKKUJAKELIJA\" \/>\n<meta property=\"article:publisher\" content=\"https:\/\/www.facebook.com\/naturalpoland.b2b\" \/>\n<meta property=\"og:image\" content=\"https:\/\/naturalpoland.com\/wp-content\/uploads\/olej-z-mamey-sapote.jpg\" \/>\n\t<meta property=\"og:image:width\" content=\"500\" \/>\n\t<meta property=\"og:image:height\" content=\"500\" \/>\n\t<meta property=\"og:image:type\" content=\"image\/jpeg\" \/>\n<script type=\"application\/ld+json\" class=\"yoast-schema-graph\">{\"@context\":\"https:\\\/\\\/schema.org\",\"@graph\":[{\"@type\":\"WebPage\",\"@id\":\"https:\\\/\\\/naturalpoland.com\\\/fi\\\/tuotteet\\\/ruokaoljyt-ja-kosmeettiset-oljyt\\\/oljy-mamey-sapote\\\/\",\"url\":\"https:\\\/\\\/naturalpoland.com\\\/fi\\\/tuotteet\\\/ruokaoljyt-ja-kosmeettiset-oljyt\\\/oljy-mamey-sapote\\\/\",\"name\":\"Mamey sapote\u00f6ljy - Tukkudistribuutio\",\"isPartOf\":{\"@id\":\"https:\\\/\\\/naturalpoland.com\\\/fi\\\/#website\"},\"primaryImageOfPage\":{\"@id\":\"https:\\\/\\\/naturalpoland.com\\\/fi\\\/tuotteet\\\/ruokaoljyt-ja-kosmeettiset-oljyt\\\/oljy-mamey-sapote\\\/#primaryimage\"},\"image\":{\"@id\":\"https:\\\/\\\/naturalpoland.com\\\/fi\\\/tuotteet\\\/ruokaoljyt-ja-kosmeettiset-oljyt\\\/oljy-mamey-sapote\\\/#primaryimage\"},\"thumbnailUrl\":\"https:\\\/\\\/naturalpoland.com\\\/wp-content\\\/uploads\\\/olej-z-mamey-sapote.jpg\",\"datePublished\":\"2023-04-21T13:04:10+00:00\",\"breadcrumb\":{\"@id\":\"https:\\\/\\\/naturalpoland.com\\\/fi\\\/tuotteet\\\/ruokaoljyt-ja-kosmeettiset-oljyt\\\/oljy-mamey-sapote\\\/#breadcrumb\"},\"inLanguage\":\"fi\",\"potentialAction\":[{\"@type\":\"ReadAction\",\"target\":[\"https:\\\/\\\/naturalpoland.com\\\/fi\\\/tuotteet\\\/ruokaoljyt-ja-kosmeettiset-oljyt\\\/oljy-mamey-sapote\\\/\"]}]},{\"@type\":\"ImageObject\",\"inLanguage\":\"fi\",\"@id\":\"https:\\\/\\\/naturalpoland.com\\\/fi\\\/tuotteet\\\/ruokaoljyt-ja-kosmeettiset-oljyt\\\/oljy-mamey-sapote\\\/#primaryimage\",\"url\":\"https:\\\/\\\/naturalpoland.com\\\/wp-content\\\/uploads\\\/olej-z-mamey-sapote.jpg\",\"contentUrl\":\"https:\\\/\\\/naturalpoland.com\\\/wp-content\\\/uploads\\\/olej-z-mamey-sapote.jpg\",\"width\":500,\"height\":500,\"caption\":\"Mamey Sapote-\u00f6ljy\"},{\"@type\":\"BreadcrumbList\",\"@id\":\"https:\\\/\\\/naturalpoland.com\\\/fi\\\/tuotteet\\\/ruokaoljyt-ja-kosmeettiset-oljyt\\\/oljy-mamey-sapote\\\/#breadcrumb\",\"itemListElement\":[{\"@type\":\"ListItem\",\"position\":1,\"name\":\"Etusivu\",\"item\":\"https:\\\/\\\/naturalpoland.com\\\/fi\\\/\"},{\"@type\":\"ListItem\",\"position\":2,\"name\":\"Tuotteet\",\"item\":\"https:\\\/\\\/naturalpoland.com\\\/fi\\\/tuotteet\\\/\"},{\"@type\":\"ListItem\",\"position\":3,\"name\":\"Mamey sapote\u00f6ljy\"}]},{\"@type\":\"WebSite\",\"@id\":\"https:\\\/\\\/naturalpoland.com\\\/fi\\\/#website\",\"url\":\"https:\\\/\\\/naturalpoland.com\\\/fi\\\/\",\"name\":\"NATURAL POLAND - RAAKA-AINEIDEN TUKKUJAKELIJA\",\"description\":\"Surowce dla przemys\u0142u spo\u017cywczego, kosmetycznego i farmaceutycznego\",\"publisher\":{\"@id\":\"https:\\\/\\\/naturalpoland.com\\\/fi\\\/#organization\"},\"potentialAction\":[{\"@type\":\"SearchAction\",\"target\":{\"@type\":\"EntryPoint\",\"urlTemplate\":\"https:\\\/\\\/naturalpoland.com\\\/fi\\\/?s={search_term_string}\"},\"query-input\":{\"@type\":\"PropertyValueSpecification\",\"valueRequired\":true,\"valueName\":\"search_term_string\"}}],\"inLanguage\":\"fi\"},{\"@type\":\"Organization\",\"@id\":\"https:\\\/\\\/naturalpoland.com\\\/fi\\\/#organization\",\"name\":\"Natural Poland\",\"url\":\"https:\\\/\\\/naturalpoland.com\\\/fi\\\/\",\"logo\":{\"@type\":\"ImageObject\",\"inLanguage\":\"fi\",\"@id\":\"https:\\\/\\\/naturalpoland.com\\\/fi\\\/#\\\/schema\\\/logo\\\/image\\\/\",\"url\":\"https:\\\/\\\/naturalpoland.com\\\/wp-content\\\/uploads\\\/2021\\\/05\\\/natural-poland-icon.png\",\"contentUrl\":\"https:\\\/\\\/naturalpoland.com\\\/wp-content\\\/uploads\\\/2021\\\/05\\\/natural-poland-icon.png\",\"width\":512,\"height\":512,\"caption\":\"Natural Poland\"},\"image\":{\"@id\":\"https:\\\/\\\/naturalpoland.com\\\/fi\\\/#\\\/schema\\\/logo\\\/image\\\/\"},\"sameAs\":[\"https:\\\/\\\/www.facebook.com\\\/naturalpoland.b2b\",\"https:\\\/\\\/pl.linkedin.com\\\/company\\\/natural-poland\",\"https:\\\/\\\/www.youtube.com\\\/channel\\\/UCgeGGkvOMahZo-xu_MSEWxg\"]}]}<\/script>\n<!-- \/ Yoast SEO plugin. -->","yoast_head_json":{"title":"Mamey sapote\u00f6ljy - Tukkudistribuutio","robots":{"index":"index","follow":"follow","max-snippet":"max-snippet:-1","max-image-preview":"max-image-preview:large","max-video-preview":"max-video-preview:-1"},"canonical":"https:\/\/naturalpoland.com\/fi\/tuotteet\/ruokaoljyt-ja-kosmeettiset-oljyt\/oljy-mamey-sapote\/","og_locale":"fi_FI","og_type":"article","og_title":"Mamey sapote\u00f6ljy - Tukkudistribuutio","og_description":"Kylm\u00e4puristettua Mamey sapote -\u00f6ljy\u00e4 saadaan Keski-Amerikasta kotoisin olevan Poutaria sapotan hedelmist\u00e4. T\u00e4t\u00e4 eksoottista ainesosaa k\u00e4ytet\u00e4\u00e4n laajalti sek\u00e4 elintarvike- ett\u00e4 kosmetiikkateollisuudessa.","og_url":"https:\/\/naturalpoland.com\/fi\/tuotteet\/ruokaoljyt-ja-kosmeettiset-oljyt\/oljy-mamey-sapote\/","og_site_name":"NATURAL POLAND - RAAKA-AINEIDEN TUKKUJAKELIJA","article_publisher":"https:\/\/www.facebook.com\/naturalpoland.b2b","og_image":[{"width":500,"height":500,"url":"https:\/\/naturalpoland.com\/wp-content\/uploads\/olej-z-mamey-sapote.jpg","type":"image\/jpeg"}],"schema":{"@context":"https:\/\/schema.org","@graph":[{"@type":"WebPage","@id":"https:\/\/naturalpoland.com\/fi\/tuotteet\/ruokaoljyt-ja-kosmeettiset-oljyt\/oljy-mamey-sapote\/","url":"https:\/\/naturalpoland.com\/fi\/tuotteet\/ruokaoljyt-ja-kosmeettiset-oljyt\/oljy-mamey-sapote\/","name":"Mamey sapote\u00f6ljy - Tukkudistribuutio","isPartOf":{"@id":"https:\/\/naturalpoland.com\/fi\/#website"},"primaryImageOfPage":{"@id":"https:\/\/naturalpoland.com\/fi\/tuotteet\/ruokaoljyt-ja-kosmeettiset-oljyt\/oljy-mamey-sapote\/#primaryimage"},"image":{"@id":"https:\/\/naturalpoland.com\/fi\/tuotteet\/ruokaoljyt-ja-kosmeettiset-oljyt\/oljy-mamey-sapote\/#primaryimage"},"thumbnailUrl":"https:\/\/naturalpoland.com\/wp-content\/uploads\/olej-z-mamey-sapote.jpg","datePublished":"2023-04-21T13:04:10+00:00","breadcrumb":{"@id":"https:\/\/naturalpoland.com\/fi\/tuotteet\/ruokaoljyt-ja-kosmeettiset-oljyt\/oljy-mamey-sapote\/#breadcrumb"},"inLanguage":"fi","potentialAction":[{"@type":"ReadAction","target":["https:\/\/naturalpoland.com\/fi\/tuotteet\/ruokaoljyt-ja-kosmeettiset-oljyt\/oljy-mamey-sapote\/"]}]},{"@type":"ImageObject","inLanguage":"fi","@id":"https:\/\/naturalpoland.com\/fi\/tuotteet\/ruokaoljyt-ja-kosmeettiset-oljyt\/oljy-mamey-sapote\/#primaryimage","url":"https:\/\/naturalpoland.com\/wp-content\/uploads\/olej-z-mamey-sapote.jpg","contentUrl":"https:\/\/naturalpoland.com\/wp-content\/uploads\/olej-z-mamey-sapote.jpg","width":500,"height":500,"caption":"Mamey Sapote-\u00f6ljy"},{"@type":"BreadcrumbList","@id":"https:\/\/naturalpoland.com\/fi\/tuotteet\/ruokaoljyt-ja-kosmeettiset-oljyt\/oljy-mamey-sapote\/#breadcrumb","itemListElement":[{"@type":"ListItem","position":1,"name":"Etusivu","item":"https:\/\/naturalpoland.com\/fi\/"},{"@type":"ListItem","position":2,"name":"Tuotteet","item":"https:\/\/naturalpoland.com\/fi\/tuotteet\/"},{"@type":"ListItem","position":3,"name":"Mamey sapote\u00f6ljy"}]},{"@type":"WebSite","@id":"https:\/\/naturalpoland.com\/fi\/#website","url":"https:\/\/naturalpoland.com\/fi\/","name":"NATURAL POLAND - RAAKA-AINEIDEN TUKKUJAKELIJA","description":"Surowce dla przemys\u0142u spo\u017cywczego, kosmetycznego i farmaceutycznego","publisher":{"@id":"https:\/\/naturalpoland.com\/fi\/#organization"},"potentialAction":[{"@type":"SearchAction","target":{"@type":"EntryPoint","urlTemplate":"https:\/\/naturalpoland.com\/fi\/?s={search_term_string}"},"query-input":{"@type":"PropertyValueSpecification","valueRequired":true,"valueName":"search_term_string"}}],"inLanguage":"fi"},{"@type":"Organization","@id":"https:\/\/naturalpoland.com\/fi\/#organization","name":"Natural Poland","url":"https:\/\/naturalpoland.com\/fi\/","logo":{"@type":"ImageObject","inLanguage":"fi","@id":"https:\/\/naturalpoland.com\/fi\/#\/schema\/logo\/image\/","url":"https:\/\/naturalpoland.com\/wp-content\/uploads\/2021\/05\/natural-poland-icon.png","contentUrl":"https:\/\/naturalpoland.com\/wp-content\/uploads\/2021\/05\/natural-poland-icon.png","width":512,"height":512,"caption":"Natural Poland"},"image":{"@id":"https:\/\/naturalpoland.com\/fi\/#\/schema\/logo\/image\/"},"sameAs":["https:\/\/www.facebook.com\/naturalpoland.b2b","https:\/\/pl.linkedin.com\/company\/natural-poland","https:\/\/www.youtube.com\/channel\/UCgeGGkvOMahZo-xu_MSEWxg"]}]}},"_links":{"self":[{"href":"https:\/\/naturalpoland.com\/fi\/wp-json\/wp\/v2\/product\/22865","targetHints":{"allow":["GET"]}}],"collection":[{"href":"https:\/\/naturalpoland.com\/fi\/wp-json\/wp\/v2\/product"}],"about":[{"href":"https:\/\/naturalpoland.com\/fi\/wp-json\/wp\/v2\/types\/product"}],"wp:featuredmedia":[{"embeddable":true,"href":"https:\/\/naturalpoland.com\/fi\/wp-json\/wp\/v2\/media\/22771"}],"wp:attachment":[{"href":"https:\/\/naturalpoland.com\/fi\/wp-json\/wp\/v2\/media?parent=22865"}],"wp:term":[{"taxonomy":"product_brand","embeddable":true,"href":"https:\/\/naturalpoland.com\/fi\/wp-json\/wp\/v2\/product_brand?post=22865"},{"taxonomy":"product_cat","embeddable":true,"href":"https:\/\/naturalpoland.com\/fi\/wp-json\/wp\/v2\/product_cat?post=22865"},{"taxonomy":"product_tag","embeddable":true,"href":"https:\/\/naturalpoland.com\/fi\/wp-json\/wp\/v2\/product_tag?post=22865"}],"curies":[{"name":"wp","href":"https:\/\/api.w.org\/{rel}","templated":true}]}}