{"id":23433,"date":"2023-05-12T16:04:47","date_gmt":"2023-05-24T12:57:32","guid":{"rendered":"https:\/\/naturalpoland.pl\/produkty\/Ei-luokiteltu\/talviflamingo-flammulina-velutipes\/"},"modified":"2023-05-24T14:57:32","modified_gmt":"2023-05-24T12:57:32","slug":"plasmodium-flammulina-velutipes","status":"publish","type":"product","link":"https:\/\/naturalpoland.com\/fi\/tuotteet\/laaketeollisuuden-tuotteet\/sieniuutteet\/plasmodium-flammulina-velutipes\/","title":{"rendered":"Talviflamingo (Flammulina velutipes)"},"content":{"rendered":"<p><strong>Enoki-sieni\u00e4<\/strong> on k\u00e4ytetty ruoanlaitossa ja viljelty satoja vuosia Japanissa, Koreassa ja Kiinassa. Aasiassa niiden l\u00e4\u00e4kinn\u00e4lliset ominaisuudet on my\u00f6s tunnustettu, ja ne on sis\u00e4llytetty perinteisen kiinalaisen l\u00e4\u00e4ketieteen herbaarioihin ainesosina, jotka vahvistavat immuunij\u00e4rjestelm\u00e4\u00e4 ja parantavat lukuisia sairauksia.<\/p>\n<h2><em>Flammulina velutipes<\/em> -uutteen vaikutus<\/h2>\n<ul>\n<li>Ruuansulatuksen parantaminen<\/li>\n<li>Immuunij\u00e4rjestelm\u00e4\u00e4 vahvistava<\/li>\n<li>Verenpaineen alentaminen<\/li>\n<li>Kolesterolin ja verensokerin alentaminen<\/li>\n<li>Iho- ja ruoka-aineallergioiden oireiden lievitt\u00e4minen<\/li>\n<li>Tukea sy\u00f6p\u00e4hoidossa<\/li>\n<\/ul>\n","protected":false},"excerpt":{"rendered":"<p><strong><em>Flammulina velutipes<\/em> (<em>talviflammulina<\/em> )<\/strong>, joka tunnetaan my\u00f6s nimell\u00e4 <strong>Enoki<\/strong>, on Puolassa yleisesti esiintyv\u00e4 sieni, joka kasvaa p\u00e4\u00e4asiassa lehtipuiden puulla, harvemmin my\u00f6s kuusella. Se on sy\u00f6t\u00e4v\u00e4 sieni &#8211; sen lakit k\u00e4ytet\u00e4\u00e4n sy\u00f6t\u00e4v\u00e4ksi.<\/p>\n","protected":false},"featured_media":23219,"template":"","meta":[],"product_brand":[],"product_cat":[2049],"product_tag":[],"class_list":{"0":"post-23433","1":"product","2":"type-product","3":"status-publish","4":"has-post-thumbnail","6":"product_cat-sieniuutteet","8":"first","9":"instock","10":"shipping-taxable","11":"product-type-simple"},"yoast_head":"<!-- This site is optimized with the Yoast SEO plugin v27.4 - https:\/\/yoast.com\/product\/yoast-seo-wordpress\/ -->\n<title>Talviflamingo (Flammulina velutipes) - Tukkudistribuutio<\/title>\n<meta name=\"robots\" content=\"index, follow, max-snippet:-1, max-image-preview:large, max-video-preview:-1\" \/>\n<link rel=\"canonical\" href=\"https:\/\/naturalpoland.com\/fi\/tuotteet\/laaketeollisuuden-tuotteet\/sieniuutteet\/plasmodium-flammulina-velutipes\/\" \/>\n<meta property=\"og:locale\" content=\"fi_FI\" \/>\n<meta property=\"og:type\" content=\"article\" \/>\n<meta property=\"og:title\" content=\"Talviflamingo (Flammulina velutipes) - Tukkudistribuutio\" \/>\n<meta property=\"og:description\" content=\"Flammulina velutipes (talviflammulina ), joka tunnetaan my\u00f6s nimell\u00e4 Enoki, on Puolassa yleisesti esiintyv\u00e4 sieni, joka kasvaa p\u00e4\u00e4asiassa lehtipuiden puulla, harvemmin my\u00f6s kuusella. Se on sy\u00f6t\u00e4v\u00e4 sieni - sen lakit k\u00e4ytet\u00e4\u00e4n sy\u00f6t\u00e4v\u00e4ksi.\" \/>\n<meta property=\"og:url\" content=\"https:\/\/naturalpoland.com\/fi\/tuotteet\/laaketeollisuuden-tuotteet\/sieniuutteet\/plasmodium-flammulina-velutipes\/\" \/>\n<meta property=\"og:site_name\" content=\"NATURAL POLAND - RAAKA-AINEIDEN TUKKUJAKELIJA\" \/>\n<meta property=\"article:publisher\" content=\"https:\/\/www.facebook.com\/naturalpoland.b2b\" \/>\n<meta property=\"og:image\" content=\"https:\/\/naturalpoland.com\/wp-content\/uploads\/Flammulina-velutipes.jpg\" \/>\n\t<meta property=\"og:image:width\" content=\"600\" \/>\n\t<meta property=\"og:image:height\" content=\"600\" \/>\n\t<meta property=\"og:image:type\" content=\"image\/jpeg\" \/>\n<script type=\"application\/ld+json\" class=\"yoast-schema-graph\">{\"@context\":\"https:\\\/\\\/schema.org\",\"@graph\":[{\"@type\":\"WebPage\",\"@id\":\"https:\\\/\\\/naturalpoland.com\\\/fi\\\/tuotteet\\\/laaketeollisuuden-tuotteet\\\/sieniuutteet\\\/plasmodium-flammulina-velutipes\\\/\",\"url\":\"https:\\\/\\\/naturalpoland.com\\\/fi\\\/tuotteet\\\/laaketeollisuuden-tuotteet\\\/sieniuutteet\\\/plasmodium-flammulina-velutipes\\\/\",\"name\":\"Talviflamingo (Flammulina velutipes) - Tukkudistribuutio\",\"isPartOf\":{\"@id\":\"https:\\\/\\\/naturalpoland.com\\\/fi\\\/#website\"},\"primaryImageOfPage\":{\"@id\":\"https:\\\/\\\/naturalpoland.com\\\/fi\\\/tuotteet\\\/laaketeollisuuden-tuotteet\\\/sieniuutteet\\\/plasmodium-flammulina-velutipes\\\/#primaryimage\"},\"image\":{\"@id\":\"https:\\\/\\\/naturalpoland.com\\\/fi\\\/tuotteet\\\/laaketeollisuuden-tuotteet\\\/sieniuutteet\\\/plasmodium-flammulina-velutipes\\\/#primaryimage\"},\"thumbnailUrl\":\"https:\\\/\\\/naturalpoland.com\\\/wp-content\\\/uploads\\\/Flammulina-velutipes.jpg\",\"datePublished\":\"2023-05-24T12:57:32+00:00\",\"breadcrumb\":{\"@id\":\"https:\\\/\\\/naturalpoland.com\\\/fi\\\/tuotteet\\\/laaketeollisuuden-tuotteet\\\/sieniuutteet\\\/plasmodium-flammulina-velutipes\\\/#breadcrumb\"},\"inLanguage\":\"fi\",\"potentialAction\":[{\"@type\":\"ReadAction\",\"target\":[\"https:\\\/\\\/naturalpoland.com\\\/fi\\\/tuotteet\\\/laaketeollisuuden-tuotteet\\\/sieniuutteet\\\/plasmodium-flammulina-velutipes\\\/\"]}]},{\"@type\":\"ImageObject\",\"inLanguage\":\"fi\",\"@id\":\"https:\\\/\\\/naturalpoland.com\\\/fi\\\/tuotteet\\\/laaketeollisuuden-tuotteet\\\/sieniuutteet\\\/plasmodium-flammulina-velutipes\\\/#primaryimage\",\"url\":\"https:\\\/\\\/naturalpoland.com\\\/wp-content\\\/uploads\\\/Flammulina-velutipes.jpg\",\"contentUrl\":\"https:\\\/\\\/naturalpoland.com\\\/wp-content\\\/uploads\\\/Flammulina-velutipes.jpg\",\"width\":600,\"height\":600,\"caption\":\"Flammulina velutipes\"},{\"@type\":\"BreadcrumbList\",\"@id\":\"https:\\\/\\\/naturalpoland.com\\\/fi\\\/tuotteet\\\/laaketeollisuuden-tuotteet\\\/sieniuutteet\\\/plasmodium-flammulina-velutipes\\\/#breadcrumb\",\"itemListElement\":[{\"@type\":\"ListItem\",\"position\":1,\"name\":\"Etusivu\",\"item\":\"https:\\\/\\\/naturalpoland.com\\\/fi\\\/\"},{\"@type\":\"ListItem\",\"position\":2,\"name\":\"Tuotteet\",\"item\":\"https:\\\/\\\/naturalpoland.com\\\/fi\\\/tuotteet\\\/\"},{\"@type\":\"ListItem\",\"position\":3,\"name\":\"Talviflamingo (Flammulina velutipes)\"}]},{\"@type\":\"WebSite\",\"@id\":\"https:\\\/\\\/naturalpoland.com\\\/fi\\\/#website\",\"url\":\"https:\\\/\\\/naturalpoland.com\\\/fi\\\/\",\"name\":\"NATURAL POLAND - RAAKA-AINEIDEN TUKKUJAKELIJA\",\"description\":\"Surowce dla przemys\u0142u spo\u017cywczego, kosmetycznego i farmaceutycznego\",\"publisher\":{\"@id\":\"https:\\\/\\\/naturalpoland.com\\\/fi\\\/#organization\"},\"potentialAction\":[{\"@type\":\"SearchAction\",\"target\":{\"@type\":\"EntryPoint\",\"urlTemplate\":\"https:\\\/\\\/naturalpoland.com\\\/fi\\\/?s={search_term_string}\"},\"query-input\":{\"@type\":\"PropertyValueSpecification\",\"valueRequired\":true,\"valueName\":\"search_term_string\"}}],\"inLanguage\":\"fi\"},{\"@type\":\"Organization\",\"@id\":\"https:\\\/\\\/naturalpoland.com\\\/fi\\\/#organization\",\"name\":\"Natural Poland\",\"url\":\"https:\\\/\\\/naturalpoland.com\\\/fi\\\/\",\"logo\":{\"@type\":\"ImageObject\",\"inLanguage\":\"fi\",\"@id\":\"https:\\\/\\\/naturalpoland.com\\\/fi\\\/#\\\/schema\\\/logo\\\/image\\\/\",\"url\":\"https:\\\/\\\/naturalpoland.com\\\/wp-content\\\/uploads\\\/2021\\\/05\\\/natural-poland-icon.png\",\"contentUrl\":\"https:\\\/\\\/naturalpoland.com\\\/wp-content\\\/uploads\\\/2021\\\/05\\\/natural-poland-icon.png\",\"width\":512,\"height\":512,\"caption\":\"Natural Poland\"},\"image\":{\"@id\":\"https:\\\/\\\/naturalpoland.com\\\/fi\\\/#\\\/schema\\\/logo\\\/image\\\/\"},\"sameAs\":[\"https:\\\/\\\/www.facebook.com\\\/naturalpoland.b2b\",\"https:\\\/\\\/pl.linkedin.com\\\/company\\\/natural-poland\",\"https:\\\/\\\/www.youtube.com\\\/channel\\\/UCgeGGkvOMahZo-xu_MSEWxg\"]}]}<\/script>\n<!-- \/ Yoast SEO plugin. -->","yoast_head_json":{"title":"Talviflamingo (Flammulina velutipes) - Tukkudistribuutio","robots":{"index":"index","follow":"follow","max-snippet":"max-snippet:-1","max-image-preview":"max-image-preview:large","max-video-preview":"max-video-preview:-1"},"canonical":"https:\/\/naturalpoland.com\/fi\/tuotteet\/laaketeollisuuden-tuotteet\/sieniuutteet\/plasmodium-flammulina-velutipes\/","og_locale":"fi_FI","og_type":"article","og_title":"Talviflamingo (Flammulina velutipes) - Tukkudistribuutio","og_description":"Flammulina velutipes (talviflammulina ), joka tunnetaan my\u00f6s nimell\u00e4 Enoki, on Puolassa yleisesti esiintyv\u00e4 sieni, joka kasvaa p\u00e4\u00e4asiassa lehtipuiden puulla, harvemmin my\u00f6s kuusella. Se on sy\u00f6t\u00e4v\u00e4 sieni - sen lakit k\u00e4ytet\u00e4\u00e4n sy\u00f6t\u00e4v\u00e4ksi.","og_url":"https:\/\/naturalpoland.com\/fi\/tuotteet\/laaketeollisuuden-tuotteet\/sieniuutteet\/plasmodium-flammulina-velutipes\/","og_site_name":"NATURAL POLAND - RAAKA-AINEIDEN TUKKUJAKELIJA","article_publisher":"https:\/\/www.facebook.com\/naturalpoland.b2b","og_image":[{"width":600,"height":600,"url":"https:\/\/naturalpoland.com\/wp-content\/uploads\/Flammulina-velutipes.jpg","type":"image\/jpeg"}],"schema":{"@context":"https:\/\/schema.org","@graph":[{"@type":"WebPage","@id":"https:\/\/naturalpoland.com\/fi\/tuotteet\/laaketeollisuuden-tuotteet\/sieniuutteet\/plasmodium-flammulina-velutipes\/","url":"https:\/\/naturalpoland.com\/fi\/tuotteet\/laaketeollisuuden-tuotteet\/sieniuutteet\/plasmodium-flammulina-velutipes\/","name":"Talviflamingo (Flammulina velutipes) - Tukkudistribuutio","isPartOf":{"@id":"https:\/\/naturalpoland.com\/fi\/#website"},"primaryImageOfPage":{"@id":"https:\/\/naturalpoland.com\/fi\/tuotteet\/laaketeollisuuden-tuotteet\/sieniuutteet\/plasmodium-flammulina-velutipes\/#primaryimage"},"image":{"@id":"https:\/\/naturalpoland.com\/fi\/tuotteet\/laaketeollisuuden-tuotteet\/sieniuutteet\/plasmodium-flammulina-velutipes\/#primaryimage"},"thumbnailUrl":"https:\/\/naturalpoland.com\/wp-content\/uploads\/Flammulina-velutipes.jpg","datePublished":"2023-05-24T12:57:32+00:00","breadcrumb":{"@id":"https:\/\/naturalpoland.com\/fi\/tuotteet\/laaketeollisuuden-tuotteet\/sieniuutteet\/plasmodium-flammulina-velutipes\/#breadcrumb"},"inLanguage":"fi","potentialAction":[{"@type":"ReadAction","target":["https:\/\/naturalpoland.com\/fi\/tuotteet\/laaketeollisuuden-tuotteet\/sieniuutteet\/plasmodium-flammulina-velutipes\/"]}]},{"@type":"ImageObject","inLanguage":"fi","@id":"https:\/\/naturalpoland.com\/fi\/tuotteet\/laaketeollisuuden-tuotteet\/sieniuutteet\/plasmodium-flammulina-velutipes\/#primaryimage","url":"https:\/\/naturalpoland.com\/wp-content\/uploads\/Flammulina-velutipes.jpg","contentUrl":"https:\/\/naturalpoland.com\/wp-content\/uploads\/Flammulina-velutipes.jpg","width":600,"height":600,"caption":"Flammulina velutipes"},{"@type":"BreadcrumbList","@id":"https:\/\/naturalpoland.com\/fi\/tuotteet\/laaketeollisuuden-tuotteet\/sieniuutteet\/plasmodium-flammulina-velutipes\/#breadcrumb","itemListElement":[{"@type":"ListItem","position":1,"name":"Etusivu","item":"https:\/\/naturalpoland.com\/fi\/"},{"@type":"ListItem","position":2,"name":"Tuotteet","item":"https:\/\/naturalpoland.com\/fi\/tuotteet\/"},{"@type":"ListItem","position":3,"name":"Talviflamingo (Flammulina velutipes)"}]},{"@type":"WebSite","@id":"https:\/\/naturalpoland.com\/fi\/#website","url":"https:\/\/naturalpoland.com\/fi\/","name":"NATURAL POLAND - RAAKA-AINEIDEN TUKKUJAKELIJA","description":"Surowce dla przemys\u0142u spo\u017cywczego, kosmetycznego i farmaceutycznego","publisher":{"@id":"https:\/\/naturalpoland.com\/fi\/#organization"},"potentialAction":[{"@type":"SearchAction","target":{"@type":"EntryPoint","urlTemplate":"https:\/\/naturalpoland.com\/fi\/?s={search_term_string}"},"query-input":{"@type":"PropertyValueSpecification","valueRequired":true,"valueName":"search_term_string"}}],"inLanguage":"fi"},{"@type":"Organization","@id":"https:\/\/naturalpoland.com\/fi\/#organization","name":"Natural Poland","url":"https:\/\/naturalpoland.com\/fi\/","logo":{"@type":"ImageObject","inLanguage":"fi","@id":"https:\/\/naturalpoland.com\/fi\/#\/schema\/logo\/image\/","url":"https:\/\/naturalpoland.com\/wp-content\/uploads\/2021\/05\/natural-poland-icon.png","contentUrl":"https:\/\/naturalpoland.com\/wp-content\/uploads\/2021\/05\/natural-poland-icon.png","width":512,"height":512,"caption":"Natural Poland"},"image":{"@id":"https:\/\/naturalpoland.com\/fi\/#\/schema\/logo\/image\/"},"sameAs":["https:\/\/www.facebook.com\/naturalpoland.b2b","https:\/\/pl.linkedin.com\/company\/natural-poland","https:\/\/www.youtube.com\/channel\/UCgeGGkvOMahZo-xu_MSEWxg"]}]}},"_links":{"self":[{"href":"https:\/\/naturalpoland.com\/fi\/wp-json\/wp\/v2\/product\/23433","targetHints":{"allow":["GET"]}}],"collection":[{"href":"https:\/\/naturalpoland.com\/fi\/wp-json\/wp\/v2\/product"}],"about":[{"href":"https:\/\/naturalpoland.com\/fi\/wp-json\/wp\/v2\/types\/product"}],"wp:featuredmedia":[{"embeddable":true,"href":"https:\/\/naturalpoland.com\/fi\/wp-json\/wp\/v2\/media\/23219"}],"wp:attachment":[{"href":"https:\/\/naturalpoland.com\/fi\/wp-json\/wp\/v2\/media?parent=23433"}],"wp:term":[{"taxonomy":"product_brand","embeddable":true,"href":"https:\/\/naturalpoland.com\/fi\/wp-json\/wp\/v2\/product_brand?post=23433"},{"taxonomy":"product_cat","embeddable":true,"href":"https:\/\/naturalpoland.com\/fi\/wp-json\/wp\/v2\/product_cat?post=23433"},{"taxonomy":"product_tag","embeddable":true,"href":"https:\/\/naturalpoland.com\/fi\/wp-json\/wp\/v2\/product_tag?post=23433"}],"curies":[{"name":"wp","href":"https:\/\/api.w.org\/{rel}","templated":true}]}}