{"id":23466,"date":"2023-05-12T16:23:45","date_gmt":"2023-05-24T12:57:44","guid":{"rendered":"https:\/\/naturalpoland.pl\/produkty\/Ei-luokiteltu\/kookospahkinapossu-poria-cocos\/"},"modified":"2023-05-24T14:57:44","modified_gmt":"2023-05-24T12:57:44","slug":"porno-cocos-poria-cocos","status":"publish","type":"product","link":"https:\/\/naturalpoland.com\/fi\/tuotteet\/laaketeollisuuden-tuotteet\/sieniuutteet\/porno-cocos-poria-cocos\/","title":{"rendered":"Kookosp\u00e4hkin\u00e4possu (Poria cocos)"},"content":{"rendered":"<p><em>Poria cocos &#8211;<\/em>kasveja on k\u00e4ytetty perinteisess\u00e4 kiinalaisessa l\u00e4\u00e4ketieteess\u00e4 jo yli 2 000 vuoden ajan kosteutta siirt\u00e4v\u00e4n\u00e4 raaka-aineena. Sit\u00e4 k\u00e4ytet\u00e4\u00e4n turvotuksen, virtsateiden h\u00e4iri\u00f6iden ja ruoansulatusongelmien hoitoon sek\u00e4 adaptogeenisesti v\u00e4symyksen ja henkisen levottomuuden hoitoon.<\/p>\n<h2><em>Poria cocos<\/em> -uutteen k\u00e4ytt\u00f6<\/h2>\n<p>Nykyaikainen tieteellinen tutkimus vahvistaa, ett\u00e4 Poria-uutetta voidaan k\u00e4ytt\u00e4\u00e4 valmisteissa:<\/p>\n<ul>\n<li>Adaptogeeninen<\/li>\n<li>Muistin ja keskittymiskyvyn parantaminen<\/li>\n<li>Nukahtamisen helpottamiseksi<\/li>\n<li>Alzheimerin taudin ehk\u00e4isyss\u00e4<\/li>\n<li>Munuaisten vahvistaminen ja diureetit<\/li>\n<li>Parantaa ruoansulatusta, lievitt\u00e4\u00e4 ripulia ja ummetusta.<\/li>\n<li>Immuunij\u00e4rjestelm\u00e4n tukeminen<\/li>\n<\/ul>\n","protected":false},"excerpt":{"rendered":"<p><strong><em>Poria cocos<\/em> (kookospornaatti)<\/strong> on Etel\u00e4- ja Kaakkois-Aasian subtrooppisista alueista kotoisin oleva puuta hajottava sieni, joka kasvaa mukuloiden tavoin maan alla. Poria-sienet ovat sy\u00f6t\u00e4vi\u00e4 ja muistuttavat ulkon\u00e4\u00f6lt\u00e4\u00e4n perunaa tai kookosp\u00e4hkin\u00e4\u00e4.<\/p>\n","protected":false},"featured_media":23256,"template":"","meta":[],"product_brand":[],"product_cat":[2049],"product_tag":[],"class_list":{"0":"post-23466","1":"product","2":"type-product","3":"status-publish","4":"has-post-thumbnail","6":"product_cat-sieniuutteet","8":"first","9":"instock","10":"shipping-taxable","11":"product-type-simple"},"yoast_head":"<!-- This site is optimized with the Yoast SEO plugin v27.4 - https:\/\/yoast.com\/product\/yoast-seo-wordpress\/ -->\n<title>Kookosp\u00e4hkin\u00e4possu (Poria cocos) - Tukkudistribuutio<\/title>\n<meta name=\"robots\" content=\"index, follow, max-snippet:-1, max-image-preview:large, max-video-preview:-1\" \/>\n<link rel=\"canonical\" href=\"https:\/\/naturalpoland.com\/fi\/tuotteet\/laaketeollisuuden-tuotteet\/sieniuutteet\/porno-cocos-poria-cocos\/\" \/>\n<meta property=\"og:locale\" content=\"fi_FI\" \/>\n<meta property=\"og:type\" content=\"article\" \/>\n<meta property=\"og:title\" content=\"Kookosp\u00e4hkin\u00e4possu (Poria cocos) - Tukkudistribuutio\" \/>\n<meta property=\"og:description\" content=\"Poria cocos (kookospornaatti) on Etel\u00e4- ja Kaakkois-Aasian subtrooppisista alueista kotoisin oleva puuta hajottava sieni, joka kasvaa mukuloiden tavoin maan alla. Poria-sienet ovat sy\u00f6t\u00e4vi\u00e4 ja muistuttavat ulkon\u00e4\u00f6lt\u00e4\u00e4n perunaa tai kookosp\u00e4hkin\u00e4\u00e4.\" \/>\n<meta property=\"og:url\" content=\"https:\/\/naturalpoland.com\/fi\/tuotteet\/laaketeollisuuden-tuotteet\/sieniuutteet\/porno-cocos-poria-cocos\/\" \/>\n<meta property=\"og:site_name\" content=\"NATURAL POLAND - RAAKA-AINEIDEN TUKKUJAKELIJA\" \/>\n<meta property=\"article:publisher\" content=\"https:\/\/www.facebook.com\/naturalpoland.b2b\" \/>\n<meta property=\"og:image\" content=\"https:\/\/naturalpoland.com\/wp-content\/uploads\/poria-cocos.jpg\" \/>\n\t<meta property=\"og:image:width\" content=\"600\" \/>\n\t<meta property=\"og:image:height\" content=\"600\" \/>\n\t<meta property=\"og:image:type\" content=\"image\/jpeg\" \/>\n<script type=\"application\/ld+json\" class=\"yoast-schema-graph\">{\"@context\":\"https:\\\/\\\/schema.org\",\"@graph\":[{\"@type\":\"WebPage\",\"@id\":\"https:\\\/\\\/naturalpoland.com\\\/fi\\\/tuotteet\\\/laaketeollisuuden-tuotteet\\\/sieniuutteet\\\/porno-cocos-poria-cocos\\\/\",\"url\":\"https:\\\/\\\/naturalpoland.com\\\/fi\\\/tuotteet\\\/laaketeollisuuden-tuotteet\\\/sieniuutteet\\\/porno-cocos-poria-cocos\\\/\",\"name\":\"Kookosp\u00e4hkin\u00e4possu (Poria cocos) - Tukkudistribuutio\",\"isPartOf\":{\"@id\":\"https:\\\/\\\/naturalpoland.com\\\/fi\\\/#website\"},\"primaryImageOfPage\":{\"@id\":\"https:\\\/\\\/naturalpoland.com\\\/fi\\\/tuotteet\\\/laaketeollisuuden-tuotteet\\\/sieniuutteet\\\/porno-cocos-poria-cocos\\\/#primaryimage\"},\"image\":{\"@id\":\"https:\\\/\\\/naturalpoland.com\\\/fi\\\/tuotteet\\\/laaketeollisuuden-tuotteet\\\/sieniuutteet\\\/porno-cocos-poria-cocos\\\/#primaryimage\"},\"thumbnailUrl\":\"https:\\\/\\\/naturalpoland.com\\\/wp-content\\\/uploads\\\/poria-cocos.jpg\",\"datePublished\":\"2023-05-24T12:57:44+00:00\",\"breadcrumb\":{\"@id\":\"https:\\\/\\\/naturalpoland.com\\\/fi\\\/tuotteet\\\/laaketeollisuuden-tuotteet\\\/sieniuutteet\\\/porno-cocos-poria-cocos\\\/#breadcrumb\"},\"inLanguage\":\"fi\",\"potentialAction\":[{\"@type\":\"ReadAction\",\"target\":[\"https:\\\/\\\/naturalpoland.com\\\/fi\\\/tuotteet\\\/laaketeollisuuden-tuotteet\\\/sieniuutteet\\\/porno-cocos-poria-cocos\\\/\"]}]},{\"@type\":\"ImageObject\",\"inLanguage\":\"fi\",\"@id\":\"https:\\\/\\\/naturalpoland.com\\\/fi\\\/tuotteet\\\/laaketeollisuuden-tuotteet\\\/sieniuutteet\\\/porno-cocos-poria-cocos\\\/#primaryimage\",\"url\":\"https:\\\/\\\/naturalpoland.com\\\/wp-content\\\/uploads\\\/poria-cocos.jpg\",\"contentUrl\":\"https:\\\/\\\/naturalpoland.com\\\/wp-content\\\/uploads\\\/poria-cocos.jpg\",\"width\":600,\"height\":600,\"caption\":\"poria cocos\"},{\"@type\":\"BreadcrumbList\",\"@id\":\"https:\\\/\\\/naturalpoland.com\\\/fi\\\/tuotteet\\\/laaketeollisuuden-tuotteet\\\/sieniuutteet\\\/porno-cocos-poria-cocos\\\/#breadcrumb\",\"itemListElement\":[{\"@type\":\"ListItem\",\"position\":1,\"name\":\"Etusivu\",\"item\":\"https:\\\/\\\/naturalpoland.com\\\/fi\\\/\"},{\"@type\":\"ListItem\",\"position\":2,\"name\":\"Tuotteet\",\"item\":\"https:\\\/\\\/naturalpoland.com\\\/fi\\\/tuotteet\\\/\"},{\"@type\":\"ListItem\",\"position\":3,\"name\":\"Kookosp\u00e4hkin\u00e4possu (Poria cocos)\"}]},{\"@type\":\"WebSite\",\"@id\":\"https:\\\/\\\/naturalpoland.com\\\/fi\\\/#website\",\"url\":\"https:\\\/\\\/naturalpoland.com\\\/fi\\\/\",\"name\":\"NATURAL POLAND - RAAKA-AINEIDEN TUKKUJAKELIJA\",\"description\":\"Surowce dla przemys\u0142u spo\u017cywczego, kosmetycznego i farmaceutycznego\",\"publisher\":{\"@id\":\"https:\\\/\\\/naturalpoland.com\\\/fi\\\/#organization\"},\"potentialAction\":[{\"@type\":\"SearchAction\",\"target\":{\"@type\":\"EntryPoint\",\"urlTemplate\":\"https:\\\/\\\/naturalpoland.com\\\/fi\\\/?s={search_term_string}\"},\"query-input\":{\"@type\":\"PropertyValueSpecification\",\"valueRequired\":true,\"valueName\":\"search_term_string\"}}],\"inLanguage\":\"fi\"},{\"@type\":\"Organization\",\"@id\":\"https:\\\/\\\/naturalpoland.com\\\/fi\\\/#organization\",\"name\":\"Natural Poland\",\"url\":\"https:\\\/\\\/naturalpoland.com\\\/fi\\\/\",\"logo\":{\"@type\":\"ImageObject\",\"inLanguage\":\"fi\",\"@id\":\"https:\\\/\\\/naturalpoland.com\\\/fi\\\/#\\\/schema\\\/logo\\\/image\\\/\",\"url\":\"https:\\\/\\\/naturalpoland.com\\\/wp-content\\\/uploads\\\/2021\\\/05\\\/natural-poland-icon.png\",\"contentUrl\":\"https:\\\/\\\/naturalpoland.com\\\/wp-content\\\/uploads\\\/2021\\\/05\\\/natural-poland-icon.png\",\"width\":512,\"height\":512,\"caption\":\"Natural Poland\"},\"image\":{\"@id\":\"https:\\\/\\\/naturalpoland.com\\\/fi\\\/#\\\/schema\\\/logo\\\/image\\\/\"},\"sameAs\":[\"https:\\\/\\\/www.facebook.com\\\/naturalpoland.b2b\",\"https:\\\/\\\/pl.linkedin.com\\\/company\\\/natural-poland\",\"https:\\\/\\\/www.youtube.com\\\/channel\\\/UCgeGGkvOMahZo-xu_MSEWxg\"]}]}<\/script>\n<!-- \/ Yoast SEO plugin. -->","yoast_head_json":{"title":"Kookosp\u00e4hkin\u00e4possu (Poria cocos) - Tukkudistribuutio","robots":{"index":"index","follow":"follow","max-snippet":"max-snippet:-1","max-image-preview":"max-image-preview:large","max-video-preview":"max-video-preview:-1"},"canonical":"https:\/\/naturalpoland.com\/fi\/tuotteet\/laaketeollisuuden-tuotteet\/sieniuutteet\/porno-cocos-poria-cocos\/","og_locale":"fi_FI","og_type":"article","og_title":"Kookosp\u00e4hkin\u00e4possu (Poria cocos) - Tukkudistribuutio","og_description":"Poria cocos (kookospornaatti) on Etel\u00e4- ja Kaakkois-Aasian subtrooppisista alueista kotoisin oleva puuta hajottava sieni, joka kasvaa mukuloiden tavoin maan alla. Poria-sienet ovat sy\u00f6t\u00e4vi\u00e4 ja muistuttavat ulkon\u00e4\u00f6lt\u00e4\u00e4n perunaa tai kookosp\u00e4hkin\u00e4\u00e4.","og_url":"https:\/\/naturalpoland.com\/fi\/tuotteet\/laaketeollisuuden-tuotteet\/sieniuutteet\/porno-cocos-poria-cocos\/","og_site_name":"NATURAL POLAND - RAAKA-AINEIDEN TUKKUJAKELIJA","article_publisher":"https:\/\/www.facebook.com\/naturalpoland.b2b","og_image":[{"width":600,"height":600,"url":"https:\/\/naturalpoland.com\/wp-content\/uploads\/poria-cocos.jpg","type":"image\/jpeg"}],"schema":{"@context":"https:\/\/schema.org","@graph":[{"@type":"WebPage","@id":"https:\/\/naturalpoland.com\/fi\/tuotteet\/laaketeollisuuden-tuotteet\/sieniuutteet\/porno-cocos-poria-cocos\/","url":"https:\/\/naturalpoland.com\/fi\/tuotteet\/laaketeollisuuden-tuotteet\/sieniuutteet\/porno-cocos-poria-cocos\/","name":"Kookosp\u00e4hkin\u00e4possu (Poria cocos) - Tukkudistribuutio","isPartOf":{"@id":"https:\/\/naturalpoland.com\/fi\/#website"},"primaryImageOfPage":{"@id":"https:\/\/naturalpoland.com\/fi\/tuotteet\/laaketeollisuuden-tuotteet\/sieniuutteet\/porno-cocos-poria-cocos\/#primaryimage"},"image":{"@id":"https:\/\/naturalpoland.com\/fi\/tuotteet\/laaketeollisuuden-tuotteet\/sieniuutteet\/porno-cocos-poria-cocos\/#primaryimage"},"thumbnailUrl":"https:\/\/naturalpoland.com\/wp-content\/uploads\/poria-cocos.jpg","datePublished":"2023-05-24T12:57:44+00:00","breadcrumb":{"@id":"https:\/\/naturalpoland.com\/fi\/tuotteet\/laaketeollisuuden-tuotteet\/sieniuutteet\/porno-cocos-poria-cocos\/#breadcrumb"},"inLanguage":"fi","potentialAction":[{"@type":"ReadAction","target":["https:\/\/naturalpoland.com\/fi\/tuotteet\/laaketeollisuuden-tuotteet\/sieniuutteet\/porno-cocos-poria-cocos\/"]}]},{"@type":"ImageObject","inLanguage":"fi","@id":"https:\/\/naturalpoland.com\/fi\/tuotteet\/laaketeollisuuden-tuotteet\/sieniuutteet\/porno-cocos-poria-cocos\/#primaryimage","url":"https:\/\/naturalpoland.com\/wp-content\/uploads\/poria-cocos.jpg","contentUrl":"https:\/\/naturalpoland.com\/wp-content\/uploads\/poria-cocos.jpg","width":600,"height":600,"caption":"poria cocos"},{"@type":"BreadcrumbList","@id":"https:\/\/naturalpoland.com\/fi\/tuotteet\/laaketeollisuuden-tuotteet\/sieniuutteet\/porno-cocos-poria-cocos\/#breadcrumb","itemListElement":[{"@type":"ListItem","position":1,"name":"Etusivu","item":"https:\/\/naturalpoland.com\/fi\/"},{"@type":"ListItem","position":2,"name":"Tuotteet","item":"https:\/\/naturalpoland.com\/fi\/tuotteet\/"},{"@type":"ListItem","position":3,"name":"Kookosp\u00e4hkin\u00e4possu (Poria cocos)"}]},{"@type":"WebSite","@id":"https:\/\/naturalpoland.com\/fi\/#website","url":"https:\/\/naturalpoland.com\/fi\/","name":"NATURAL POLAND - RAAKA-AINEIDEN TUKKUJAKELIJA","description":"Surowce dla przemys\u0142u spo\u017cywczego, kosmetycznego i farmaceutycznego","publisher":{"@id":"https:\/\/naturalpoland.com\/fi\/#organization"},"potentialAction":[{"@type":"SearchAction","target":{"@type":"EntryPoint","urlTemplate":"https:\/\/naturalpoland.com\/fi\/?s={search_term_string}"},"query-input":{"@type":"PropertyValueSpecification","valueRequired":true,"valueName":"search_term_string"}}],"inLanguage":"fi"},{"@type":"Organization","@id":"https:\/\/naturalpoland.com\/fi\/#organization","name":"Natural Poland","url":"https:\/\/naturalpoland.com\/fi\/","logo":{"@type":"ImageObject","inLanguage":"fi","@id":"https:\/\/naturalpoland.com\/fi\/#\/schema\/logo\/image\/","url":"https:\/\/naturalpoland.com\/wp-content\/uploads\/2021\/05\/natural-poland-icon.png","contentUrl":"https:\/\/naturalpoland.com\/wp-content\/uploads\/2021\/05\/natural-poland-icon.png","width":512,"height":512,"caption":"Natural Poland"},"image":{"@id":"https:\/\/naturalpoland.com\/fi\/#\/schema\/logo\/image\/"},"sameAs":["https:\/\/www.facebook.com\/naturalpoland.b2b","https:\/\/pl.linkedin.com\/company\/natural-poland","https:\/\/www.youtube.com\/channel\/UCgeGGkvOMahZo-xu_MSEWxg"]}]}},"_links":{"self":[{"href":"https:\/\/naturalpoland.com\/fi\/wp-json\/wp\/v2\/product\/23466","targetHints":{"allow":["GET"]}}],"collection":[{"href":"https:\/\/naturalpoland.com\/fi\/wp-json\/wp\/v2\/product"}],"about":[{"href":"https:\/\/naturalpoland.com\/fi\/wp-json\/wp\/v2\/types\/product"}],"wp:featuredmedia":[{"embeddable":true,"href":"https:\/\/naturalpoland.com\/fi\/wp-json\/wp\/v2\/media\/23256"}],"wp:attachment":[{"href":"https:\/\/naturalpoland.com\/fi\/wp-json\/wp\/v2\/media?parent=23466"}],"wp:term":[{"taxonomy":"product_brand","embeddable":true,"href":"https:\/\/naturalpoland.com\/fi\/wp-json\/wp\/v2\/product_brand?post=23466"},{"taxonomy":"product_cat","embeddable":true,"href":"https:\/\/naturalpoland.com\/fi\/wp-json\/wp\/v2\/product_cat?post=23466"},{"taxonomy":"product_tag","embeddable":true,"href":"https:\/\/naturalpoland.com\/fi\/wp-json\/wp\/v2\/product_tag?post=23466"}],"curies":[{"name":"wp","href":"https:\/\/api.w.org\/{rel}","templated":true}]}}