{"id":23508,"date":"2023-05-12T15:17:11","date_gmt":"2023-05-12T13:17:11","guid":{"rendered":"https:\/\/naturalpoland.pl\/produkty\/Ei-luokiteltu\/aivokuoren-alapuolella-olevat-selkarangat-chaga\/"},"modified":"2023-05-24T16:39:45","modified_gmt":"2023-05-24T14:39:45","slug":"blyscope-subcorn-chaga","status":"publish","type":"product","link":"https:\/\/naturalpoland.com\/fi\/tuotteet\/laaketeollisuuden-tuotteet\/sieniuutteet\/blyscope-subcorn-chaga\/","title":{"rendered":"Aivokuoren alapuolella olevat selk\u00e4rangat (Chaga)"},"content":{"rendered":"<p>Perinteisesti Chaga-sieni\u00e4 on arvostettu erityisesti sy\u00f6v\u00e4n, ruoansulatusongelmien, vatsakipujen ja haavaumien hoidossa, maksan suojaamisessa, infektioiden torjunnassa ja henkisten toimintojen &#8211; muistin ja keskittymiskyvyn &#8211; tukemisessa. Nykyaikainen tutkimus vahvistaa sen poikkeuksellisen vahvat antioksidanttiset ja adaptogeeniset ominaisuudet.<\/p>\n<h2><em> Chaga-uutteen<\/em> k\u00e4ytt\u00f6<\/h2>\n<ul>\n<li>Immuniteetin vahvistaminen ja infektioiden torjunta<\/li>\n<li>Verensokerin s\u00e4\u00e4tely<\/li>\n<li>Veren kolesterolitasojen alentaminen<\/li>\n<li>Muistin ja keskittymisen tukeminen<\/li>\n<li>Kehon suojaaminen hapetusstressilt\u00e4<\/li>\n<li>Suojaava vaikutus maksaan<\/li>\n<li>Sy\u00f6v\u00e4n hoidon tukeminen<\/li>\n<\/ul>\n","protected":false},"excerpt":{"rendered":"<p><strong>Chaga-sienet (subcortical spinnerets)<\/strong> loisevat lehtipuita, p\u00e4\u00e4asiassa koivuja, pohjoisella pallonpuoliskolla. Niit\u00e4 tavataan p\u00e4\u00e4asiassa Siperian metsiss\u00e4, Kiinan pohjoisilla alueilla ja Kanadassa, miss\u00e4 niit\u00e4 on k\u00e4ytetty perinteisess\u00e4 l\u00e4\u00e4ketieteess\u00e4 ja uskonnollisissa seremonioissa satojen vuosien ajan.<\/p>\n","protected":false},"featured_media":42128,"template":"","meta":{"_acf_changed":false},"product_brand":[],"product_cat":[2049],"product_tag":[],"class_list":{"0":"post-23508","1":"product","2":"type-product","3":"status-publish","4":"has-post-thumbnail","6":"product_cat-sieniuutteet","7":"pa_czesc-rosliny-hedelmorakenne","8":"pa_skladnik-aktywny-polysakkaridit","10":"first","11":"instock","12":"shipping-taxable","13":"product-type-simple"},"acf":[],"yoast_head":"<!-- This site is optimized with the Yoast SEO plugin v27.5 - https:\/\/yoast.com\/product\/yoast-seo-wordpress\/ -->\n<title>Aivokuoren alapuolella olevat selk\u00e4rangat (Chaga) - Tukkudistribuutio<\/title>\n<meta name=\"robots\" content=\"index, follow, max-snippet:-1, max-image-preview:large, max-video-preview:-1\" \/>\n<link rel=\"canonical\" href=\"https:\/\/naturalpoland.com\/fi\/tuotteet\/laaketeollisuuden-tuotteet\/sieniuutteet\/blyscope-subcorn-chaga\/\" \/>\n<meta property=\"og:locale\" content=\"fi_FI\" \/>\n<meta property=\"og:type\" content=\"article\" \/>\n<meta property=\"og:title\" content=\"Aivokuoren alapuolella olevat selk\u00e4rangat (Chaga) - Tukkudistribuutio\" \/>\n<meta property=\"og:description\" content=\"Chaga-sienet (subcortical spinnerets) loisevat lehtipuita, p\u00e4\u00e4asiassa koivuja, pohjoisella pallonpuoliskolla. Niit\u00e4 tavataan p\u00e4\u00e4asiassa Siperian metsiss\u00e4, Kiinan pohjoisilla alueilla ja Kanadassa, miss\u00e4 niit\u00e4 on k\u00e4ytetty perinteisess\u00e4 l\u00e4\u00e4ketieteess\u00e4 ja uskonnollisissa seremonioissa satojen vuosien ajan.\" \/>\n<meta property=\"og:url\" content=\"https:\/\/naturalpoland.com\/fi\/tuotteet\/laaketeollisuuden-tuotteet\/sieniuutteet\/blyscope-subcorn-chaga\/\" \/>\n<meta property=\"og:site_name\" content=\"NATURAL POLAND - RAAKA-AINEIDEN TUKKUJAKELIJA\" \/>\n<meta property=\"article:publisher\" content=\"https:\/\/www.facebook.com\/naturalpoland.b2b\" \/>\n<meta property=\"article:modified_time\" content=\"2023-05-24T14:39:45+00:00\" \/>\n<meta property=\"og:image\" content=\"https:\/\/naturalpoland.com\/wp-content\/uploads\/chaga.jpg\" \/>\n\t<meta property=\"og:image:width\" content=\"600\" \/>\n\t<meta property=\"og:image:height\" content=\"600\" \/>\n\t<meta property=\"og:image:type\" content=\"image\/jpeg\" \/>\n<script type=\"application\/ld+json\" class=\"yoast-schema-graph\">{\"@context\":\"https:\\\/\\\/schema.org\",\"@graph\":[{\"@type\":\"WebPage\",\"@id\":\"https:\\\/\\\/naturalpoland.com\\\/fi\\\/tuotteet\\\/laaketeollisuuden-tuotteet\\\/sieniuutteet\\\/blyscope-subcorn-chaga\\\/\",\"url\":\"https:\\\/\\\/naturalpoland.com\\\/fi\\\/tuotteet\\\/laaketeollisuuden-tuotteet\\\/sieniuutteet\\\/blyscope-subcorn-chaga\\\/\",\"name\":\"Aivokuoren alapuolella olevat selk\u00e4rangat (Chaga) - Tukkudistribuutio\",\"isPartOf\":{\"@id\":\"https:\\\/\\\/naturalpoland.com\\\/fi\\\/#website\"},\"primaryImageOfPage\":{\"@id\":\"https:\\\/\\\/naturalpoland.com\\\/fi\\\/tuotteet\\\/laaketeollisuuden-tuotteet\\\/sieniuutteet\\\/blyscope-subcorn-chaga\\\/#primaryimage\"},\"image\":{\"@id\":\"https:\\\/\\\/naturalpoland.com\\\/fi\\\/tuotteet\\\/laaketeollisuuden-tuotteet\\\/sieniuutteet\\\/blyscope-subcorn-chaga\\\/#primaryimage\"},\"thumbnailUrl\":\"https:\\\/\\\/naturalpoland.com\\\/wp-content\\\/uploads\\\/ekstrakt-z-chaga.webp\",\"datePublished\":\"2023-05-12T13:17:11+00:00\",\"dateModified\":\"2023-05-24T14:39:45+00:00\",\"breadcrumb\":{\"@id\":\"https:\\\/\\\/naturalpoland.com\\\/fi\\\/tuotteet\\\/laaketeollisuuden-tuotteet\\\/sieniuutteet\\\/blyscope-subcorn-chaga\\\/#breadcrumb\"},\"inLanguage\":\"fi\",\"potentialAction\":[{\"@type\":\"ReadAction\",\"target\":[\"https:\\\/\\\/naturalpoland.com\\\/fi\\\/tuotteet\\\/laaketeollisuuden-tuotteet\\\/sieniuutteet\\\/blyscope-subcorn-chaga\\\/\"]}]},{\"@type\":\"ImageObject\",\"inLanguage\":\"fi\",\"@id\":\"https:\\\/\\\/naturalpoland.com\\\/fi\\\/tuotteet\\\/laaketeollisuuden-tuotteet\\\/sieniuutteet\\\/blyscope-subcorn-chaga\\\/#primaryimage\",\"url\":\"https:\\\/\\\/naturalpoland.com\\\/wp-content\\\/uploads\\\/ekstrakt-z-chaga.webp\",\"contentUrl\":\"https:\\\/\\\/naturalpoland.com\\\/wp-content\\\/uploads\\\/ekstrakt-z-chaga.webp\",\"width\":1024,\"height\":1024,\"caption\":\"ekstrakt proszkowy z grzyb\u00f3w chaga\"},{\"@type\":\"BreadcrumbList\",\"@id\":\"https:\\\/\\\/naturalpoland.com\\\/fi\\\/tuotteet\\\/laaketeollisuuden-tuotteet\\\/sieniuutteet\\\/blyscope-subcorn-chaga\\\/#breadcrumb\",\"itemListElement\":[{\"@type\":\"ListItem\",\"position\":1,\"name\":\"Etusivu\",\"item\":\"https:\\\/\\\/naturalpoland.com\\\/fi\\\/\"},{\"@type\":\"ListItem\",\"position\":2,\"name\":\"Tuotteet\",\"item\":\"https:\\\/\\\/naturalpoland.com\\\/fi\\\/tuotteet\\\/\"},{\"@type\":\"ListItem\",\"position\":3,\"name\":\"Aivokuoren alapuolella olevat selk\u00e4rangat (Chaga)\"}]},{\"@type\":\"WebSite\",\"@id\":\"https:\\\/\\\/naturalpoland.com\\\/fi\\\/#website\",\"url\":\"https:\\\/\\\/naturalpoland.com\\\/fi\\\/\",\"name\":\"NATURAL POLAND - RAAKA-AINEIDEN TUKKUJAKELIJA\",\"description\":\"Surowce dla przemys\u0142u spo\u017cywczego, kosmetycznego i farmaceutycznego\",\"publisher\":{\"@id\":\"https:\\\/\\\/naturalpoland.com\\\/fi\\\/#organization\"},\"potentialAction\":[{\"@type\":\"SearchAction\",\"target\":{\"@type\":\"EntryPoint\",\"urlTemplate\":\"https:\\\/\\\/naturalpoland.com\\\/fi\\\/?s={search_term_string}\"},\"query-input\":{\"@type\":\"PropertyValueSpecification\",\"valueRequired\":true,\"valueName\":\"search_term_string\"}}],\"inLanguage\":\"fi\"},{\"@type\":\"Organization\",\"@id\":\"https:\\\/\\\/naturalpoland.com\\\/fi\\\/#organization\",\"name\":\"Natural Poland\",\"url\":\"https:\\\/\\\/naturalpoland.com\\\/fi\\\/\",\"logo\":{\"@type\":\"ImageObject\",\"inLanguage\":\"fi\",\"@id\":\"https:\\\/\\\/naturalpoland.com\\\/fi\\\/#\\\/schema\\\/logo\\\/image\\\/\",\"url\":\"https:\\\/\\\/naturalpoland.com\\\/wp-content\\\/uploads\\\/2021\\\/05\\\/natural-poland-icon.png\",\"contentUrl\":\"https:\\\/\\\/naturalpoland.com\\\/wp-content\\\/uploads\\\/2021\\\/05\\\/natural-poland-icon.png\",\"width\":512,\"height\":512,\"caption\":\"Natural Poland\"},\"image\":{\"@id\":\"https:\\\/\\\/naturalpoland.com\\\/fi\\\/#\\\/schema\\\/logo\\\/image\\\/\"},\"sameAs\":[\"https:\\\/\\\/www.facebook.com\\\/naturalpoland.b2b\",\"https:\\\/\\\/pl.linkedin.com\\\/company\\\/natural-poland\",\"https:\\\/\\\/www.youtube.com\\\/channel\\\/UCgeGGkvOMahZo-xu_MSEWxg\"]}]}<\/script>\n<!-- \/ Yoast SEO plugin. -->","yoast_head_json":{"title":"Aivokuoren alapuolella olevat selk\u00e4rangat (Chaga) - Tukkudistribuutio","robots":{"index":"index","follow":"follow","max-snippet":"max-snippet:-1","max-image-preview":"max-image-preview:large","max-video-preview":"max-video-preview:-1"},"canonical":"https:\/\/naturalpoland.com\/fi\/tuotteet\/laaketeollisuuden-tuotteet\/sieniuutteet\/blyscope-subcorn-chaga\/","og_locale":"fi_FI","og_type":"article","og_title":"Aivokuoren alapuolella olevat selk\u00e4rangat (Chaga) - Tukkudistribuutio","og_description":"Chaga-sienet (subcortical spinnerets) loisevat lehtipuita, p\u00e4\u00e4asiassa koivuja, pohjoisella pallonpuoliskolla. Niit\u00e4 tavataan p\u00e4\u00e4asiassa Siperian metsiss\u00e4, Kiinan pohjoisilla alueilla ja Kanadassa, miss\u00e4 niit\u00e4 on k\u00e4ytetty perinteisess\u00e4 l\u00e4\u00e4ketieteess\u00e4 ja uskonnollisissa seremonioissa satojen vuosien ajan.","og_url":"https:\/\/naturalpoland.com\/fi\/tuotteet\/laaketeollisuuden-tuotteet\/sieniuutteet\/blyscope-subcorn-chaga\/","og_site_name":"NATURAL POLAND - RAAKA-AINEIDEN TUKKUJAKELIJA","article_publisher":"https:\/\/www.facebook.com\/naturalpoland.b2b","article_modified_time":"2023-05-24T14:39:45+00:00","og_image":[{"width":600,"height":600,"url":"https:\/\/naturalpoland.com\/wp-content\/uploads\/chaga.jpg","type":"image\/jpeg"}],"schema":{"@context":"https:\/\/schema.org","@graph":[{"@type":"WebPage","@id":"https:\/\/naturalpoland.com\/fi\/tuotteet\/laaketeollisuuden-tuotteet\/sieniuutteet\/blyscope-subcorn-chaga\/","url":"https:\/\/naturalpoland.com\/fi\/tuotteet\/laaketeollisuuden-tuotteet\/sieniuutteet\/blyscope-subcorn-chaga\/","name":"Aivokuoren alapuolella olevat selk\u00e4rangat (Chaga) - Tukkudistribuutio","isPartOf":{"@id":"https:\/\/naturalpoland.com\/fi\/#website"},"primaryImageOfPage":{"@id":"https:\/\/naturalpoland.com\/fi\/tuotteet\/laaketeollisuuden-tuotteet\/sieniuutteet\/blyscope-subcorn-chaga\/#primaryimage"},"image":{"@id":"https:\/\/naturalpoland.com\/fi\/tuotteet\/laaketeollisuuden-tuotteet\/sieniuutteet\/blyscope-subcorn-chaga\/#primaryimage"},"thumbnailUrl":"https:\/\/naturalpoland.com\/wp-content\/uploads\/ekstrakt-z-chaga.webp","datePublished":"2023-05-12T13:17:11+00:00","dateModified":"2023-05-24T14:39:45+00:00","breadcrumb":{"@id":"https:\/\/naturalpoland.com\/fi\/tuotteet\/laaketeollisuuden-tuotteet\/sieniuutteet\/blyscope-subcorn-chaga\/#breadcrumb"},"inLanguage":"fi","potentialAction":[{"@type":"ReadAction","target":["https:\/\/naturalpoland.com\/fi\/tuotteet\/laaketeollisuuden-tuotteet\/sieniuutteet\/blyscope-subcorn-chaga\/"]}]},{"@type":"ImageObject","inLanguage":"fi","@id":"https:\/\/naturalpoland.com\/fi\/tuotteet\/laaketeollisuuden-tuotteet\/sieniuutteet\/blyscope-subcorn-chaga\/#primaryimage","url":"https:\/\/naturalpoland.com\/wp-content\/uploads\/ekstrakt-z-chaga.webp","contentUrl":"https:\/\/naturalpoland.com\/wp-content\/uploads\/ekstrakt-z-chaga.webp","width":1024,"height":1024,"caption":"ekstrakt proszkowy z grzyb\u00f3w chaga"},{"@type":"BreadcrumbList","@id":"https:\/\/naturalpoland.com\/fi\/tuotteet\/laaketeollisuuden-tuotteet\/sieniuutteet\/blyscope-subcorn-chaga\/#breadcrumb","itemListElement":[{"@type":"ListItem","position":1,"name":"Etusivu","item":"https:\/\/naturalpoland.com\/fi\/"},{"@type":"ListItem","position":2,"name":"Tuotteet","item":"https:\/\/naturalpoland.com\/fi\/tuotteet\/"},{"@type":"ListItem","position":3,"name":"Aivokuoren alapuolella olevat selk\u00e4rangat (Chaga)"}]},{"@type":"WebSite","@id":"https:\/\/naturalpoland.com\/fi\/#website","url":"https:\/\/naturalpoland.com\/fi\/","name":"NATURAL POLAND - RAAKA-AINEIDEN TUKKUJAKELIJA","description":"Surowce dla przemys\u0142u spo\u017cywczego, kosmetycznego i farmaceutycznego","publisher":{"@id":"https:\/\/naturalpoland.com\/fi\/#organization"},"potentialAction":[{"@type":"SearchAction","target":{"@type":"EntryPoint","urlTemplate":"https:\/\/naturalpoland.com\/fi\/?s={search_term_string}"},"query-input":{"@type":"PropertyValueSpecification","valueRequired":true,"valueName":"search_term_string"}}],"inLanguage":"fi"},{"@type":"Organization","@id":"https:\/\/naturalpoland.com\/fi\/#organization","name":"Natural Poland","url":"https:\/\/naturalpoland.com\/fi\/","logo":{"@type":"ImageObject","inLanguage":"fi","@id":"https:\/\/naturalpoland.com\/fi\/#\/schema\/logo\/image\/","url":"https:\/\/naturalpoland.com\/wp-content\/uploads\/2021\/05\/natural-poland-icon.png","contentUrl":"https:\/\/naturalpoland.com\/wp-content\/uploads\/2021\/05\/natural-poland-icon.png","width":512,"height":512,"caption":"Natural Poland"},"image":{"@id":"https:\/\/naturalpoland.com\/fi\/#\/schema\/logo\/image\/"},"sameAs":["https:\/\/www.facebook.com\/naturalpoland.b2b","https:\/\/pl.linkedin.com\/company\/natural-poland","https:\/\/www.youtube.com\/channel\/UCgeGGkvOMahZo-xu_MSEWxg"]}]}},"_links":{"self":[{"href":"https:\/\/naturalpoland.com\/fi\/wp-json\/wp\/v2\/product\/23508","targetHints":{"allow":["GET"]}}],"collection":[{"href":"https:\/\/naturalpoland.com\/fi\/wp-json\/wp\/v2\/product"}],"about":[{"href":"https:\/\/naturalpoland.com\/fi\/wp-json\/wp\/v2\/types\/product"}],"wp:featuredmedia":[{"embeddable":true,"href":"https:\/\/naturalpoland.com\/fi\/wp-json\/wp\/v2\/media\/42128"}],"wp:attachment":[{"href":"https:\/\/naturalpoland.com\/fi\/wp-json\/wp\/v2\/media?parent=23508"}],"wp:term":[{"taxonomy":"product_brand","embeddable":true,"href":"https:\/\/naturalpoland.com\/fi\/wp-json\/wp\/v2\/product_brand?post=23508"},{"taxonomy":"product_cat","embeddable":true,"href":"https:\/\/naturalpoland.com\/fi\/wp-json\/wp\/v2\/product_cat?post=23508"},{"taxonomy":"product_tag","embeddable":true,"href":"https:\/\/naturalpoland.com\/fi\/wp-json\/wp\/v2\/product_tag?post=23508"}],"curies":[{"name":"wp","href":"https:\/\/api.w.org\/{rel}","templated":true}]}}