{"id":23747,"date":"2023-06-21T12:56:49","date_gmt":"2023-06-21T11:25:55","guid":{"rendered":"https:\/\/naturalpoland.com\/produkty\/Ei-luokiteltu\/ajuga-turkestanica-uute\/"},"modified":"2023-06-21T13:25:55","modified_gmt":"2023-06-21T11:25:55","slug":"ajuga-turkestanica-uute","status":"publish","type":"product","link":"https:\/\/naturalpoland.com\/fi\/tuotteet\/kasviuutteet\/ajuga-turkestanica-uute\/","title":{"rendered":"Ajuga Turkestanica -uute"},"content":{"rendered":"<p>Ajuga Turkestanica -uute on voiman ja elinvoiman tiivistym\u00e4. Sen ainesosiin kuuluu ekdysteroideja, luonnollisia kasvisteroideja, jotka vaikuttavat anabolisesti eli lihasten kasvua tukevasti. Lis\u00e4ksi Ajuga Turkestanica sis\u00e4lt\u00e4\u00e4 fytosteroideja, jotka nopeuttavat kehon palautumista fyysisen rasituksen j\u00e4lkeen, mik\u00e4 tekee siit\u00e4 ihanteellisen lis\u00e4n urheilijoiden ja aktiivisten ihmisten ruokavalioon. Lis\u00e4ksi Ajuga Turkestanica kykenee vahvistamaan immuunij\u00e4rjestelm\u00e4\u00e4 ainutlaatuisten ainesosiensa, kuten turkesteronin ja syasteronin, ansiosta.   <\/p>\n<h2>Mik\u00e4 on turkesteroni?<\/h2>\n<p>Turkesteroni on fytosteroidi, jota esiintyy luonnostaan \u200b\u200bAjuga Turkestanica -kasvissa. Se on voimakas bioaktiivinen yhdiste, jolla on anabolisia eli lihaskasvua edist\u00e4vi\u00e4 vaikutuksia. Se vaikuttaa ihmiskehoon samalla tavoin kuin kasvuhormoni, nopeuttaen palautumisprosesseja ja stimuloiden lihaskudoksen kehittymist\u00e4. T\u00e4m\u00e4n ansiosta Ajuga Turkestanica -uutetta arvostetaan erityisesti urheilijoiden ja aktiivista el\u00e4m\u00e4ntapaa noudattavien keskuudessa. Standardoitumme <strong>turkesteronin v\u00e4hint\u00e4\u00e4n 10%:n<\/strong> pitoisuuteen varmistaa, ett\u00e4 jokainen annos tuotetta sis\u00e4lt\u00e4\u00e4 t\u00e4m\u00e4n aineen optimaalisen m\u00e4\u00e4r\u00e4n. T\u00e4m\u00e4 on avainasemassa haluttujen vaikutusten saavuttamiseksi ja turvallisen k\u00e4yt\u00f6n varmistamiseksi. Mutta turkesteronilla on paljon laajempi soveltuvuus kuin vain lihasmassan kasvattamisen tukeminen. T\u00e4m\u00e4 yhdiste vaikuttaa my\u00f6s kehon yleiseen suorituskykyyn, auttaa yll\u00e4pit\u00e4m\u00e4\u00e4n terveellist\u00e4 painoa ja vaikuttaa positiivisesti immuunij\u00e4rjestelm\u00e4\u00e4n. Se voi my\u00f6s tukea syd\u00e4n- ja verisuonij\u00e4rjestelm\u00e4\u00e4 ja edist\u00e4\u00e4 unen laatua, psykologista vastustuskyky\u00e4 ja stressin hallintaa.   <\/p>\n<h2>Ajuga Turkestanica -uutteen k\u00e4ytt\u00f6<\/h2>\n<p>Uutteen k\u00e4ytt\u00f6 voi parantaa hyvinvointia, lis\u00e4t\u00e4 energiaa ja torjua hapettumisstressin vaikutuksia. Uutetta voidaan k\u00e4ytt\u00e4\u00e4 luonnollisena ravintolis\u00e4n\u00e4, joka tukee jokaisen ihmisen terveytt\u00e4. Se vaikuttaa positiivisesti syd\u00e4n- ja verisuonij\u00e4rjestelm\u00e4n toimintaan, tukee ruoansulatusta ja saattaa parantaa unen laatua. Ajuga Turkestanica -uutteemme valmistetaan korkeimpien laatuvaatimusten mukaisesti. Varmistamme, ett\u00e4 jokainen tuote-er\u00e4 tarkistetaan huolellisesti aktiiviaineiden suhteen, mik\u00e4 takaa sen tehokkuuden ja turvallisuuden.<\/p>\n","protected":false},"excerpt":{"rendered":"<p><span class=\"ui-provider gs b c d e f g h i j k l m n o p q r s t u v w x y z ab ac ae af ag ah ai aj ak\" dir=\"ltr\">Ajuga Turkestanica on ainutlaatuinen uute, joka tulee Keski-Aasian syd\u00e4mest\u00e4. Se sis\u00e4lt\u00e4\u00e4 runsaasti aktiivisia ainesosia, mukaan lukien yksi tehokkaimmista luonnollisista aktiivisista ainesosista &#8211; turkesteroni. Tuotteemme on t\u00e4m\u00e4n poikkeuksellisen aineen l\u00e4hde, jonka pitoisuuden takaamme olevan v\u00e4hint\u00e4\u00e4n 10%.  <\/span><\/p>\n","protected":false},"featured_media":23733,"template":"","meta":{"_acf_changed":false},"product_brand":[],"product_cat":[528],"product_tag":[],"class_list":{"0":"post-23747","1":"product","2":"type-product","3":"status-publish","4":"has-post-thumbnail","6":"product_cat-kasviuutteet","7":"pa_certyfikaty-halal-fi","8":"pa_certyfikaty-kosher-sertifikaatti","9":"pa_czesc-rosliny-koko-kasvi","11":"first","12":"instock","13":"shipping-taxable","14":"product-type-simple"},"acf":[],"yoast_head":"<!-- This site is optimized with the Yoast SEO plugin v27.4 - https:\/\/yoast.com\/product\/yoast-seo-wordpress\/ -->\n<title>Ajuga Turkestanica -uute - Tukkudistribuutio<\/title>\n<meta name=\"description\" content=\"Ajuga Turkestanica -uutteemme valmistetaan korkeimpien laatuvaatimusten mukaisesti. Varmistamme, ett\u00e4 jokainen tuote-er\u00e4 tarkistetaan aktiiviaineiden osalta.\" \/>\n<meta name=\"robots\" content=\"index, follow, max-snippet:-1, max-image-preview:large, max-video-preview:-1\" \/>\n<link rel=\"canonical\" href=\"https:\/\/naturalpoland.com\/fi\/tuotteet\/kasviuutteet\/ajuga-turkestanica-uute\/\" \/>\n<meta property=\"og:locale\" content=\"fi_FI\" \/>\n<meta property=\"og:type\" content=\"article\" \/>\n<meta property=\"og:title\" content=\"Ajuga Turkestanica -uute - Tukkudistribuutio\" \/>\n<meta property=\"og:description\" content=\"Ajuga Turkestanica -uutteemme valmistetaan korkeimpien laatuvaatimusten mukaisesti. Varmistamme, ett\u00e4 jokainen tuote-er\u00e4 tarkistetaan aktiiviaineiden osalta.\" \/>\n<meta property=\"og:url\" content=\"https:\/\/naturalpoland.com\/fi\/tuotteet\/kasviuutteet\/ajuga-turkestanica-uute\/\" \/>\n<meta property=\"og:site_name\" content=\"NATURAL POLAND - RAAKA-AINEIDEN TUKKUJAKELIJA\" \/>\n<meta property=\"article:publisher\" content=\"https:\/\/www.facebook.com\/naturalpoland.b2b\" \/>\n<meta property=\"og:image\" content=\"https:\/\/naturalpoland.com\/wp-content\/uploads\/sjuga-turkestanica-ekstrakt.jpg\" \/>\n\t<meta property=\"og:image:width\" content=\"650\" \/>\n\t<meta property=\"og:image:height\" content=\"650\" \/>\n\t<meta property=\"og:image:type\" content=\"image\/jpeg\" \/>\n<script type=\"application\/ld+json\" class=\"yoast-schema-graph\">{\"@context\":\"https:\\\/\\\/schema.org\",\"@graph\":[{\"@type\":\"WebPage\",\"@id\":\"https:\\\/\\\/naturalpoland.com\\\/fi\\\/tuotteet\\\/kasviuutteet\\\/ajuga-turkestanica-uute\\\/\",\"url\":\"https:\\\/\\\/naturalpoland.com\\\/fi\\\/tuotteet\\\/kasviuutteet\\\/ajuga-turkestanica-uute\\\/\",\"name\":\"Ajuga Turkestanica -uute - Tukkudistribuutio\",\"isPartOf\":{\"@id\":\"https:\\\/\\\/naturalpoland.com\\\/fi\\\/#website\"},\"primaryImageOfPage\":{\"@id\":\"https:\\\/\\\/naturalpoland.com\\\/fi\\\/tuotteet\\\/kasviuutteet\\\/ajuga-turkestanica-uute\\\/#primaryimage\"},\"image\":{\"@id\":\"https:\\\/\\\/naturalpoland.com\\\/fi\\\/tuotteet\\\/kasviuutteet\\\/ajuga-turkestanica-uute\\\/#primaryimage\"},\"thumbnailUrl\":\"https:\\\/\\\/naturalpoland.com\\\/wp-content\\\/uploads\\\/sjuga-turkestanica-ekstrakt.jpg\",\"datePublished\":\"2023-06-21T11:25:55+00:00\",\"description\":\"Ajuga Turkestanica -uutteemme valmistetaan korkeimpien laatuvaatimusten mukaisesti. Varmistamme, ett\u00e4 jokainen tuote-er\u00e4 tarkistetaan aktiiviaineiden osalta.\",\"breadcrumb\":{\"@id\":\"https:\\\/\\\/naturalpoland.com\\\/fi\\\/tuotteet\\\/kasviuutteet\\\/ajuga-turkestanica-uute\\\/#breadcrumb\"},\"inLanguage\":\"fi\",\"potentialAction\":[{\"@type\":\"ReadAction\",\"target\":[\"https:\\\/\\\/naturalpoland.com\\\/fi\\\/tuotteet\\\/kasviuutteet\\\/ajuga-turkestanica-uute\\\/\"]}]},{\"@type\":\"ImageObject\",\"inLanguage\":\"fi\",\"@id\":\"https:\\\/\\\/naturalpoland.com\\\/fi\\\/tuotteet\\\/kasviuutteet\\\/ajuga-turkestanica-uute\\\/#primaryimage\",\"url\":\"https:\\\/\\\/naturalpoland.com\\\/wp-content\\\/uploads\\\/sjuga-turkestanica-ekstrakt.jpg\",\"contentUrl\":\"https:\\\/\\\/naturalpoland.com\\\/wp-content\\\/uploads\\\/sjuga-turkestanica-ekstrakt.jpg\",\"width\":650,\"height\":650,\"caption\":\"Ajuga Turkestanica -uute\"},{\"@type\":\"BreadcrumbList\",\"@id\":\"https:\\\/\\\/naturalpoland.com\\\/fi\\\/tuotteet\\\/kasviuutteet\\\/ajuga-turkestanica-uute\\\/#breadcrumb\",\"itemListElement\":[{\"@type\":\"ListItem\",\"position\":1,\"name\":\"Etusivu\",\"item\":\"https:\\\/\\\/naturalpoland.com\\\/fi\\\/\"},{\"@type\":\"ListItem\",\"position\":2,\"name\":\"Tuotteet\",\"item\":\"https:\\\/\\\/naturalpoland.com\\\/fi\\\/tuotteet\\\/\"},{\"@type\":\"ListItem\",\"position\":3,\"name\":\"Ajuga Turkestanica -uute\"}]},{\"@type\":\"WebSite\",\"@id\":\"https:\\\/\\\/naturalpoland.com\\\/fi\\\/#website\",\"url\":\"https:\\\/\\\/naturalpoland.com\\\/fi\\\/\",\"name\":\"NATURAL POLAND - RAAKA-AINEIDEN TUKKUJAKELIJA\",\"description\":\"Surowce dla przemys\u0142u spo\u017cywczego, kosmetycznego i farmaceutycznego\",\"publisher\":{\"@id\":\"https:\\\/\\\/naturalpoland.com\\\/fi\\\/#organization\"},\"potentialAction\":[{\"@type\":\"SearchAction\",\"target\":{\"@type\":\"EntryPoint\",\"urlTemplate\":\"https:\\\/\\\/naturalpoland.com\\\/fi\\\/?s={search_term_string}\"},\"query-input\":{\"@type\":\"PropertyValueSpecification\",\"valueRequired\":true,\"valueName\":\"search_term_string\"}}],\"inLanguage\":\"fi\"},{\"@type\":\"Organization\",\"@id\":\"https:\\\/\\\/naturalpoland.com\\\/fi\\\/#organization\",\"name\":\"Natural Poland\",\"url\":\"https:\\\/\\\/naturalpoland.com\\\/fi\\\/\",\"logo\":{\"@type\":\"ImageObject\",\"inLanguage\":\"fi\",\"@id\":\"https:\\\/\\\/naturalpoland.com\\\/fi\\\/#\\\/schema\\\/logo\\\/image\\\/\",\"url\":\"https:\\\/\\\/naturalpoland.com\\\/wp-content\\\/uploads\\\/2021\\\/05\\\/natural-poland-icon.png\",\"contentUrl\":\"https:\\\/\\\/naturalpoland.com\\\/wp-content\\\/uploads\\\/2021\\\/05\\\/natural-poland-icon.png\",\"width\":512,\"height\":512,\"caption\":\"Natural Poland\"},\"image\":{\"@id\":\"https:\\\/\\\/naturalpoland.com\\\/fi\\\/#\\\/schema\\\/logo\\\/image\\\/\"},\"sameAs\":[\"https:\\\/\\\/www.facebook.com\\\/naturalpoland.b2b\",\"https:\\\/\\\/pl.linkedin.com\\\/company\\\/natural-poland\",\"https:\\\/\\\/www.youtube.com\\\/channel\\\/UCgeGGkvOMahZo-xu_MSEWxg\"]}]}<\/script>\n<!-- \/ Yoast SEO plugin. -->","yoast_head_json":{"title":"Ajuga Turkestanica -uute - Tukkudistribuutio","description":"Ajuga Turkestanica -uutteemme valmistetaan korkeimpien laatuvaatimusten mukaisesti. Varmistamme, ett\u00e4 jokainen tuote-er\u00e4 tarkistetaan aktiiviaineiden osalta.","robots":{"index":"index","follow":"follow","max-snippet":"max-snippet:-1","max-image-preview":"max-image-preview:large","max-video-preview":"max-video-preview:-1"},"canonical":"https:\/\/naturalpoland.com\/fi\/tuotteet\/kasviuutteet\/ajuga-turkestanica-uute\/","og_locale":"fi_FI","og_type":"article","og_title":"Ajuga Turkestanica -uute - Tukkudistribuutio","og_description":"Ajuga Turkestanica -uutteemme valmistetaan korkeimpien laatuvaatimusten mukaisesti. Varmistamme, ett\u00e4 jokainen tuote-er\u00e4 tarkistetaan aktiiviaineiden osalta.","og_url":"https:\/\/naturalpoland.com\/fi\/tuotteet\/kasviuutteet\/ajuga-turkestanica-uute\/","og_site_name":"NATURAL POLAND - RAAKA-AINEIDEN TUKKUJAKELIJA","article_publisher":"https:\/\/www.facebook.com\/naturalpoland.b2b","og_image":[{"width":650,"height":650,"url":"https:\/\/naturalpoland.com\/wp-content\/uploads\/sjuga-turkestanica-ekstrakt.jpg","type":"image\/jpeg"}],"schema":{"@context":"https:\/\/schema.org","@graph":[{"@type":"WebPage","@id":"https:\/\/naturalpoland.com\/fi\/tuotteet\/kasviuutteet\/ajuga-turkestanica-uute\/","url":"https:\/\/naturalpoland.com\/fi\/tuotteet\/kasviuutteet\/ajuga-turkestanica-uute\/","name":"Ajuga Turkestanica -uute - Tukkudistribuutio","isPartOf":{"@id":"https:\/\/naturalpoland.com\/fi\/#website"},"primaryImageOfPage":{"@id":"https:\/\/naturalpoland.com\/fi\/tuotteet\/kasviuutteet\/ajuga-turkestanica-uute\/#primaryimage"},"image":{"@id":"https:\/\/naturalpoland.com\/fi\/tuotteet\/kasviuutteet\/ajuga-turkestanica-uute\/#primaryimage"},"thumbnailUrl":"https:\/\/naturalpoland.com\/wp-content\/uploads\/sjuga-turkestanica-ekstrakt.jpg","datePublished":"2023-06-21T11:25:55+00:00","description":"Ajuga Turkestanica -uutteemme valmistetaan korkeimpien laatuvaatimusten mukaisesti. Varmistamme, ett\u00e4 jokainen tuote-er\u00e4 tarkistetaan aktiiviaineiden osalta.","breadcrumb":{"@id":"https:\/\/naturalpoland.com\/fi\/tuotteet\/kasviuutteet\/ajuga-turkestanica-uute\/#breadcrumb"},"inLanguage":"fi","potentialAction":[{"@type":"ReadAction","target":["https:\/\/naturalpoland.com\/fi\/tuotteet\/kasviuutteet\/ajuga-turkestanica-uute\/"]}]},{"@type":"ImageObject","inLanguage":"fi","@id":"https:\/\/naturalpoland.com\/fi\/tuotteet\/kasviuutteet\/ajuga-turkestanica-uute\/#primaryimage","url":"https:\/\/naturalpoland.com\/wp-content\/uploads\/sjuga-turkestanica-ekstrakt.jpg","contentUrl":"https:\/\/naturalpoland.com\/wp-content\/uploads\/sjuga-turkestanica-ekstrakt.jpg","width":650,"height":650,"caption":"Ajuga Turkestanica -uute"},{"@type":"BreadcrumbList","@id":"https:\/\/naturalpoland.com\/fi\/tuotteet\/kasviuutteet\/ajuga-turkestanica-uute\/#breadcrumb","itemListElement":[{"@type":"ListItem","position":1,"name":"Etusivu","item":"https:\/\/naturalpoland.com\/fi\/"},{"@type":"ListItem","position":2,"name":"Tuotteet","item":"https:\/\/naturalpoland.com\/fi\/tuotteet\/"},{"@type":"ListItem","position":3,"name":"Ajuga Turkestanica -uute"}]},{"@type":"WebSite","@id":"https:\/\/naturalpoland.com\/fi\/#website","url":"https:\/\/naturalpoland.com\/fi\/","name":"NATURAL POLAND - RAAKA-AINEIDEN TUKKUJAKELIJA","description":"Surowce dla przemys\u0142u spo\u017cywczego, kosmetycznego i farmaceutycznego","publisher":{"@id":"https:\/\/naturalpoland.com\/fi\/#organization"},"potentialAction":[{"@type":"SearchAction","target":{"@type":"EntryPoint","urlTemplate":"https:\/\/naturalpoland.com\/fi\/?s={search_term_string}"},"query-input":{"@type":"PropertyValueSpecification","valueRequired":true,"valueName":"search_term_string"}}],"inLanguage":"fi"},{"@type":"Organization","@id":"https:\/\/naturalpoland.com\/fi\/#organization","name":"Natural Poland","url":"https:\/\/naturalpoland.com\/fi\/","logo":{"@type":"ImageObject","inLanguage":"fi","@id":"https:\/\/naturalpoland.com\/fi\/#\/schema\/logo\/image\/","url":"https:\/\/naturalpoland.com\/wp-content\/uploads\/2021\/05\/natural-poland-icon.png","contentUrl":"https:\/\/naturalpoland.com\/wp-content\/uploads\/2021\/05\/natural-poland-icon.png","width":512,"height":512,"caption":"Natural Poland"},"image":{"@id":"https:\/\/naturalpoland.com\/fi\/#\/schema\/logo\/image\/"},"sameAs":["https:\/\/www.facebook.com\/naturalpoland.b2b","https:\/\/pl.linkedin.com\/company\/natural-poland","https:\/\/www.youtube.com\/channel\/UCgeGGkvOMahZo-xu_MSEWxg"]}]}},"_links":{"self":[{"href":"https:\/\/naturalpoland.com\/fi\/wp-json\/wp\/v2\/product\/23747","targetHints":{"allow":["GET"]}}],"collection":[{"href":"https:\/\/naturalpoland.com\/fi\/wp-json\/wp\/v2\/product"}],"about":[{"href":"https:\/\/naturalpoland.com\/fi\/wp-json\/wp\/v2\/types\/product"}],"wp:featuredmedia":[{"embeddable":true,"href":"https:\/\/naturalpoland.com\/fi\/wp-json\/wp\/v2\/media\/23733"}],"wp:attachment":[{"href":"https:\/\/naturalpoland.com\/fi\/wp-json\/wp\/v2\/media?parent=23747"}],"wp:term":[{"taxonomy":"product_brand","embeddable":true,"href":"https:\/\/naturalpoland.com\/fi\/wp-json\/wp\/v2\/product_brand?post=23747"},{"taxonomy":"product_cat","embeddable":true,"href":"https:\/\/naturalpoland.com\/fi\/wp-json\/wp\/v2\/product_cat?post=23747"},{"taxonomy":"product_tag","embeddable":true,"href":"https:\/\/naturalpoland.com\/fi\/wp-json\/wp\/v2\/product_tag?post=23747"}],"curies":[{"name":"wp","href":"https:\/\/api.w.org\/{rel}","templated":true}]}}