{"id":24533,"date":"2023-07-18T11:33:40","date_gmt":"2023-08-01T07:47:19","guid":{"rendered":"https:\/\/naturalpoland.com\/produkty\/Ei-luokiteltu\/kreatiinimonohydraatti-2\/"},"modified":"2024-09-19T10:25:57","modified_gmt":"2024-09-19T08:25:57","slug":"kreatiinimonohydraatti","status":"publish","type":"product","link":"https:\/\/naturalpoland.com\/fi\/tuotteet\/laaketeollisuuden-tuotteet\/aminohapot\/kreatiinimonohydraatti\/","title":{"rendered":"Kreatiinimonohydraatti"},"content":{"rendered":"<h3>Mik\u00e4 on kreatiinimonohydraatti<\/h3>\n<p>  Kreatiinimonohydraatti on ravintolis\u00e4, joka on mullistanut kuntoilun ja kehonrakennuksen maailman. Sen tieteellisesti todistetut edut terveydelle ja fyysiselle suorituskyvylle ovat tehneet siit\u00e4 yhden maailman suosituimmista ja laajimmin k\u00e4ytetyist\u00e4 lis\u00e4ravinteista. Sen merkityst\u00e4 elimist\u00f6ss\u00e4 ei voi aliarvioida &#8211; kreatiini auttaa tuottamaan energiaa lihaksillemme, mik\u00e4 on ratkaisevan t\u00e4rke\u00e4\u00e4 kest\u00e4vyyden, voiman ja lihasten kasvun kannalta. Kreatiinimonohydraatti on t\u00e4m\u00e4n ravintolis\u00e4n puhtain ja tehokkain muoto. Kreatiini itsess\u00e4\u00e4n on kehossa luonnostaan esiintyv\u00e4 aine, joka auttaa tuottamaan energiaa lihaksille. Sit\u00e4 tuotetaan munuaisissa, maksassa ja haimassa, mink\u00e4 j\u00e4lkeen se kulkeutuu veren kautta lihaksiin. Kreatiinin luonnollinen tuotanto ei kuitenkaan useinkaan ole riitt\u00e4v\u00e4\u00e4, varsinkaan intensiivist\u00e4 harjoittelua harrastavilla. Kreatiinimonohydraattilis\u00e4ys auttaa t\u00e4ytt\u00e4m\u00e4\u00e4n t\u00e4m\u00e4n aineen kysynn\u00e4n ja antaa lihaksille lis\u00e4energiaa, jota ne tarvitsevat intensiivisess\u00e4 harjoittelussa.  <\/p>\n<h3>Kreatiinimonohydraatti &#8211; hy\u00f6dyt<\/h3>\n<p>  Kreatiinimonohydraatilla t\u00e4ydent\u00e4misell\u00e4 on monia etuja. Ensinn\u00e4kin se <strong>auttaa lis\u00e4\u00e4m\u00e4\u00e4n lihaskest\u00e4vyytt\u00e4 ja -voimaa<\/strong>, mik\u00e4 mahdollistaa pidemm\u00e4n ja intensiivisemm\u00e4n harjoittelun. Toiseksi se <strong>auttaa nopeuttamaan lihasten palautumista harjoittelun j\u00e4lkeen<\/strong>, mik\u00e4 on t\u00e4rke\u00e4\u00e4 lihasten kasvulle. Kolmanneksi kreatiinimonohydraatti<strong> auttaa lis\u00e4\u00e4m\u00e4\u00e4n lihasten tilavuutta<\/strong> lis\u00e4\u00e4m\u00e4ll\u00e4 lihassoluihin varastoituneen veden m\u00e4\u00e4r\u00e4\u00e4. T\u00e4m\u00e4 saa lihakset n\u00e4ytt\u00e4m\u00e4\u00e4n suuremmilta ja t\u00e4ytel\u00e4isemmilt\u00e4. Kreatiinimonohydraatti <strong>imeytyy helposti ja on turvallinen k\u00e4ytt\u00e4\u00e4<\/strong>. Sit\u00e4 suositellaan sek\u00e4 voimaharjoittelun aloittelijoille ett\u00e4 kokeneille kehonrakentajille. Olipa kuntotasosi mik\u00e4 tahansa, kreatiinimonohydraatti on t\u00e4rke\u00e4 lis\u00e4aine, joka auttaa sinua saavuttamaan harjoittelutavoitteesi.  <\/p>\n<h3>Mikronisoitu kreatiinimonohydraatti<\/h3>\n<p>  Mikronisointi on prosessi, jossa aineen molekyylit hajotetaan hyvin pieniksi hiukkasiksi, joiden pinta-ala kasvaa.<br \/>\nKreatiinimonohydraatin tapauksessa mikronisointi johtaa <strong>kreatiinihiukkasten hienompaan rakenteeseen<\/strong>.<br \/>\nN\u00e4in tuote liukenee helpommin veteen tai muihin nesteisiin, mik\u00e4 helpottaa sen nauttimista.<br \/>\nLis\u00e4ksi mikronisoitu kreatiini voi imeyty\u00e4 paremmin elimist\u00f6\u00f6n, mik\u00e4 voi edist\u00e4\u00e4 tehokkaampia harjoitustuloksia.     <\/p>\n<hr>\n<h2>CreaXorb\u2122 LSMe<\/h2>\n<p><strong>CreaXorb\u2122 LSMe<\/strong> on BioSNEDS\u2122-teknologiaan perustuva edistyksellinen tuote, joka lis\u00e4\u00e4 merkitt\u00e4v\u00e4sti kreatiinimonohydraatin biologista hy\u00f6tyosuutta. Kreatiinimonohydraatti on tunnettu ainesosa fyysisen suorituskyvyn, kognitiivisten toimintojen ja neurologisen terveyden tukemisessa.  <\/p>\n<h3>BioSNEDS\u2122-teknologian edut<\/h3>\n<ul>\n<li>CreaXorb\u2122 on 20 kertaa paremmin biologisesti hy\u00f6dynnett\u00e4viss\u00e4 kuin tavanomainen kreatiinimonohydraatti, mik\u00e4 tarkoittaa, ett\u00e4 250 mg aktiivista kreatiinia BioSNEDS\u2122:ss\u00e4 vastaa biologisesti 5000 mg tavanomaista kreatiinimonohydraattia.<\/li>\n<li>Enemm\u00e4n annoksia kilogrammaa kohti &#8211; 800 annosta kilogrammaa kohti verrattuna 196 annokseen tavanomaisessa kreatiinimonohydraatissa.<\/li>\n<li>Saatavana jauheina ja emulsioina, jotka ovat neutraalin makuisia ja hajuttomia.<\/li>\n<\/ul>\n<h3>Sovellus:<\/h3>\n<p>  Ravintolis\u00e4t, funktionaaliset elintarvikkeet, paikalliskosmetiikka, el\u00e4inten ravitsemus.  <\/p>\n<h3>Terveysvaikutukset:<\/h3>\n<ul>\n<li>Parantaa kognitiivisia toimintoja ja neurologista terveytt\u00e4.<\/li>\n<li>Tukee lihasten korjausta, toimintaa, kest\u00e4vyytt\u00e4 ja kasvua.<\/li>\n<li>Tukee energiantuotantoa ja palautumista harjoituksen j\u00e4lkeen.<\/li>\n<li>Tukee luuston terveytt\u00e4.<\/li>\n<li>Se toimii antioksidanttisena tukena.<\/li>\n<\/ul>\n","protected":false},"excerpt":{"rendered":"<p><strong>Kreatiinimonohydraatti<\/strong> on korkealaatuinen lis\u00e4ravinne, joka lis\u00e4\u00e4 voimaa, kest\u00e4vyytt\u00e4 ja lihasten m\u00e4\u00e4r\u00e4\u00e4 ja on v\u00e4ltt\u00e4m\u00e4t\u00f6n niille, jotka harrastavat intensiivist\u00e4 voimaharjoittelua. Se on <strong>mikronisoitu<\/strong> tuote, mik\u00e4 parantaa sen liukoisuutta ja mahdollisesti parempaa imeytymist\u00e4, mik\u00e4 edist\u00e4\u00e4 tehokkaampia harjoitustuloksia.<\/p>\n","protected":false},"featured_media":24200,"template":"","meta":{"_acf_changed":false},"product_brand":[],"product_cat":[534,535],"product_tag":[],"class_list":{"0":"post-24533","1":"product","2":"type-product","3":"status-publish","4":"has-post-thumbnail","6":"product_cat-aminohapot","7":"product_cat-ravintolisien-ainesosat","8":"pa_grupa-substancji-ravitsemuslaakkeet","9":"pa_technologia-biosneds-teknologia","11":"first","12":"instock","13":"shipping-taxable","14":"product-type-simple"},"acf":[],"yoast_head":"<!-- This site is optimized with the Yoast SEO plugin v27.5 - https:\/\/yoast.com\/product\/yoast-seo-wordpress\/ -->\n<title>Kreatiinimonohydraatti - NATURAL POLAND - RAAKA-AINEIDEN TUKKUJAKELIJA<\/title>\n<meta name=\"description\" content=\"Mikronisoitu kreatiinimonohydraatti on lis\u00e4ravinne, joka lis\u00e4\u00e4 voimaa, kest\u00e4vyytt\u00e4 ja lihasten m\u00e4\u00e4r\u00e4\u00e4. Se on helposti sulavaa ja turvallista k\u00e4ytt\u00e4\u00e4.\" \/>\n<meta name=\"robots\" content=\"index, follow, max-snippet:-1, max-image-preview:large, max-video-preview:-1\" \/>\n<link rel=\"canonical\" href=\"https:\/\/naturalpoland.com\/fi\/tuotteet\/laaketeollisuuden-tuotteet\/aminohapot\/kreatiinimonohydraatti\/\" \/>\n<meta property=\"og:locale\" content=\"fi_FI\" \/>\n<meta property=\"og:type\" content=\"article\" \/>\n<meta property=\"og:title\" content=\"Kreatiinimonohydraatti - NATURAL POLAND - RAAKA-AINEIDEN TUKKUJAKELIJA\" \/>\n<meta property=\"og:description\" content=\"Mikronisoitu kreatiinimonohydraatti on lis\u00e4ravinne, joka lis\u00e4\u00e4 voimaa, kest\u00e4vyytt\u00e4 ja lihasten m\u00e4\u00e4r\u00e4\u00e4. Se on helposti sulavaa ja turvallista k\u00e4ytt\u00e4\u00e4.\" \/>\n<meta property=\"og:url\" content=\"https:\/\/naturalpoland.com\/fi\/tuotteet\/laaketeollisuuden-tuotteet\/aminohapot\/kreatiinimonohydraatti\/\" \/>\n<meta property=\"og:site_name\" content=\"NATURAL POLAND - RAAKA-AINEIDEN TUKKUJAKELIJA\" \/>\n<meta property=\"article:publisher\" content=\"https:\/\/www.facebook.com\/naturalpoland.b2b\" \/>\n<meta property=\"article:modified_time\" content=\"2024-09-19T08:25:57+00:00\" \/>\n<meta property=\"og:image\" content=\"https:\/\/naturalpoland.com\/wp-content\/uploads\/creatine-monohydrate.png\" \/>\n\t<meta property=\"og:image:width\" content=\"583\" \/>\n\t<meta property=\"og:image:height\" content=\"583\" \/>\n\t<meta property=\"og:image:type\" content=\"image\/png\" \/>\n<script type=\"application\/ld+json\" class=\"yoast-schema-graph\">{\"@context\":\"https:\\\/\\\/schema.org\",\"@graph\":[{\"@type\":\"WebPage\",\"@id\":\"https:\\\/\\\/naturalpoland.com\\\/fi\\\/tuotteet\\\/laaketeollisuuden-tuotteet\\\/aminohapot\\\/kreatiinimonohydraatti\\\/\",\"url\":\"https:\\\/\\\/naturalpoland.com\\\/fi\\\/tuotteet\\\/laaketeollisuuden-tuotteet\\\/aminohapot\\\/kreatiinimonohydraatti\\\/\",\"name\":\"Kreatiinimonohydraatti - NATURAL POLAND - RAAKA-AINEIDEN TUKKUJAKELIJA\",\"isPartOf\":{\"@id\":\"https:\\\/\\\/naturalpoland.com\\\/fi\\\/#website\"},\"primaryImageOfPage\":{\"@id\":\"https:\\\/\\\/naturalpoland.com\\\/fi\\\/tuotteet\\\/laaketeollisuuden-tuotteet\\\/aminohapot\\\/kreatiinimonohydraatti\\\/#primaryimage\"},\"image\":{\"@id\":\"https:\\\/\\\/naturalpoland.com\\\/fi\\\/tuotteet\\\/laaketeollisuuden-tuotteet\\\/aminohapot\\\/kreatiinimonohydraatti\\\/#primaryimage\"},\"thumbnailUrl\":\"https:\\\/\\\/naturalpoland.com\\\/wp-content\\\/uploads\\\/creatine-monohydrate.png\",\"datePublished\":\"2023-08-01T07:47:19+00:00\",\"dateModified\":\"2024-09-19T08:25:57+00:00\",\"description\":\"Mikronisoitu kreatiinimonohydraatti on lis\u00e4ravinne, joka lis\u00e4\u00e4 voimaa, kest\u00e4vyytt\u00e4 ja lihasten m\u00e4\u00e4r\u00e4\u00e4. Se on helposti sulavaa ja turvallista k\u00e4ytt\u00e4\u00e4.\",\"breadcrumb\":{\"@id\":\"https:\\\/\\\/naturalpoland.com\\\/fi\\\/tuotteet\\\/laaketeollisuuden-tuotteet\\\/aminohapot\\\/kreatiinimonohydraatti\\\/#breadcrumb\"},\"inLanguage\":\"fi\",\"potentialAction\":[{\"@type\":\"ReadAction\",\"target\":[\"https:\\\/\\\/naturalpoland.com\\\/fi\\\/tuotteet\\\/laaketeollisuuden-tuotteet\\\/aminohapot\\\/kreatiinimonohydraatti\\\/\"]}]},{\"@type\":\"ImageObject\",\"inLanguage\":\"fi\",\"@id\":\"https:\\\/\\\/naturalpoland.com\\\/fi\\\/tuotteet\\\/laaketeollisuuden-tuotteet\\\/aminohapot\\\/kreatiinimonohydraatti\\\/#primaryimage\",\"url\":\"https:\\\/\\\/naturalpoland.com\\\/wp-content\\\/uploads\\\/creatine-monohydrate.png\",\"contentUrl\":\"https:\\\/\\\/naturalpoland.com\\\/wp-content\\\/uploads\\\/creatine-monohydrate.png\",\"width\":583,\"height\":583,\"caption\":\"kreatiinimonohydraatti\"},{\"@type\":\"BreadcrumbList\",\"@id\":\"https:\\\/\\\/naturalpoland.com\\\/fi\\\/tuotteet\\\/laaketeollisuuden-tuotteet\\\/aminohapot\\\/kreatiinimonohydraatti\\\/#breadcrumb\",\"itemListElement\":[{\"@type\":\"ListItem\",\"position\":1,\"name\":\"Etusivu\",\"item\":\"https:\\\/\\\/naturalpoland.com\\\/fi\\\/\"},{\"@type\":\"ListItem\",\"position\":2,\"name\":\"Tuotteet\",\"item\":\"https:\\\/\\\/naturalpoland.com\\\/fi\\\/tuotteet\\\/\"},{\"@type\":\"ListItem\",\"position\":3,\"name\":\"Kreatiinimonohydraatti\"}]},{\"@type\":\"WebSite\",\"@id\":\"https:\\\/\\\/naturalpoland.com\\\/fi\\\/#website\",\"url\":\"https:\\\/\\\/naturalpoland.com\\\/fi\\\/\",\"name\":\"NATURAL POLAND - RAAKA-AINEIDEN TUKKUJAKELIJA\",\"description\":\"Surowce dla przemys\u0142u spo\u017cywczego, kosmetycznego i farmaceutycznego\",\"publisher\":{\"@id\":\"https:\\\/\\\/naturalpoland.com\\\/fi\\\/#organization\"},\"potentialAction\":[{\"@type\":\"SearchAction\",\"target\":{\"@type\":\"EntryPoint\",\"urlTemplate\":\"https:\\\/\\\/naturalpoland.com\\\/fi\\\/?s={search_term_string}\"},\"query-input\":{\"@type\":\"PropertyValueSpecification\",\"valueRequired\":true,\"valueName\":\"search_term_string\"}}],\"inLanguage\":\"fi\"},{\"@type\":\"Organization\",\"@id\":\"https:\\\/\\\/naturalpoland.com\\\/fi\\\/#organization\",\"name\":\"Natural Poland\",\"url\":\"https:\\\/\\\/naturalpoland.com\\\/fi\\\/\",\"logo\":{\"@type\":\"ImageObject\",\"inLanguage\":\"fi\",\"@id\":\"https:\\\/\\\/naturalpoland.com\\\/fi\\\/#\\\/schema\\\/logo\\\/image\\\/\",\"url\":\"https:\\\/\\\/naturalpoland.com\\\/wp-content\\\/uploads\\\/2021\\\/05\\\/natural-poland-icon.png\",\"contentUrl\":\"https:\\\/\\\/naturalpoland.com\\\/wp-content\\\/uploads\\\/2021\\\/05\\\/natural-poland-icon.png\",\"width\":512,\"height\":512,\"caption\":\"Natural Poland\"},\"image\":{\"@id\":\"https:\\\/\\\/naturalpoland.com\\\/fi\\\/#\\\/schema\\\/logo\\\/image\\\/\"},\"sameAs\":[\"https:\\\/\\\/www.facebook.com\\\/naturalpoland.b2b\",\"https:\\\/\\\/pl.linkedin.com\\\/company\\\/natural-poland\",\"https:\\\/\\\/www.youtube.com\\\/channel\\\/UCgeGGkvOMahZo-xu_MSEWxg\"]}]}<\/script>\n<!-- \/ Yoast SEO plugin. -->","yoast_head_json":{"title":"Kreatiinimonohydraatti - NATURAL POLAND - RAAKA-AINEIDEN TUKKUJAKELIJA","description":"Mikronisoitu kreatiinimonohydraatti on lis\u00e4ravinne, joka lis\u00e4\u00e4 voimaa, kest\u00e4vyytt\u00e4 ja lihasten m\u00e4\u00e4r\u00e4\u00e4. Se on helposti sulavaa ja turvallista k\u00e4ytt\u00e4\u00e4.","robots":{"index":"index","follow":"follow","max-snippet":"max-snippet:-1","max-image-preview":"max-image-preview:large","max-video-preview":"max-video-preview:-1"},"canonical":"https:\/\/naturalpoland.com\/fi\/tuotteet\/laaketeollisuuden-tuotteet\/aminohapot\/kreatiinimonohydraatti\/","og_locale":"fi_FI","og_type":"article","og_title":"Kreatiinimonohydraatti - NATURAL POLAND - RAAKA-AINEIDEN TUKKUJAKELIJA","og_description":"Mikronisoitu kreatiinimonohydraatti on lis\u00e4ravinne, joka lis\u00e4\u00e4 voimaa, kest\u00e4vyytt\u00e4 ja lihasten m\u00e4\u00e4r\u00e4\u00e4. Se on helposti sulavaa ja turvallista k\u00e4ytt\u00e4\u00e4.","og_url":"https:\/\/naturalpoland.com\/fi\/tuotteet\/laaketeollisuuden-tuotteet\/aminohapot\/kreatiinimonohydraatti\/","og_site_name":"NATURAL POLAND - RAAKA-AINEIDEN TUKKUJAKELIJA","article_publisher":"https:\/\/www.facebook.com\/naturalpoland.b2b","article_modified_time":"2024-09-19T08:25:57+00:00","og_image":[{"width":583,"height":583,"url":"https:\/\/naturalpoland.com\/wp-content\/uploads\/creatine-monohydrate.png","type":"image\/png"}],"schema":{"@context":"https:\/\/schema.org","@graph":[{"@type":"WebPage","@id":"https:\/\/naturalpoland.com\/fi\/tuotteet\/laaketeollisuuden-tuotteet\/aminohapot\/kreatiinimonohydraatti\/","url":"https:\/\/naturalpoland.com\/fi\/tuotteet\/laaketeollisuuden-tuotteet\/aminohapot\/kreatiinimonohydraatti\/","name":"Kreatiinimonohydraatti - NATURAL POLAND - RAAKA-AINEIDEN TUKKUJAKELIJA","isPartOf":{"@id":"https:\/\/naturalpoland.com\/fi\/#website"},"primaryImageOfPage":{"@id":"https:\/\/naturalpoland.com\/fi\/tuotteet\/laaketeollisuuden-tuotteet\/aminohapot\/kreatiinimonohydraatti\/#primaryimage"},"image":{"@id":"https:\/\/naturalpoland.com\/fi\/tuotteet\/laaketeollisuuden-tuotteet\/aminohapot\/kreatiinimonohydraatti\/#primaryimage"},"thumbnailUrl":"https:\/\/naturalpoland.com\/wp-content\/uploads\/creatine-monohydrate.png","datePublished":"2023-08-01T07:47:19+00:00","dateModified":"2024-09-19T08:25:57+00:00","description":"Mikronisoitu kreatiinimonohydraatti on lis\u00e4ravinne, joka lis\u00e4\u00e4 voimaa, kest\u00e4vyytt\u00e4 ja lihasten m\u00e4\u00e4r\u00e4\u00e4. Se on helposti sulavaa ja turvallista k\u00e4ytt\u00e4\u00e4.","breadcrumb":{"@id":"https:\/\/naturalpoland.com\/fi\/tuotteet\/laaketeollisuuden-tuotteet\/aminohapot\/kreatiinimonohydraatti\/#breadcrumb"},"inLanguage":"fi","potentialAction":[{"@type":"ReadAction","target":["https:\/\/naturalpoland.com\/fi\/tuotteet\/laaketeollisuuden-tuotteet\/aminohapot\/kreatiinimonohydraatti\/"]}]},{"@type":"ImageObject","inLanguage":"fi","@id":"https:\/\/naturalpoland.com\/fi\/tuotteet\/laaketeollisuuden-tuotteet\/aminohapot\/kreatiinimonohydraatti\/#primaryimage","url":"https:\/\/naturalpoland.com\/wp-content\/uploads\/creatine-monohydrate.png","contentUrl":"https:\/\/naturalpoland.com\/wp-content\/uploads\/creatine-monohydrate.png","width":583,"height":583,"caption":"kreatiinimonohydraatti"},{"@type":"BreadcrumbList","@id":"https:\/\/naturalpoland.com\/fi\/tuotteet\/laaketeollisuuden-tuotteet\/aminohapot\/kreatiinimonohydraatti\/#breadcrumb","itemListElement":[{"@type":"ListItem","position":1,"name":"Etusivu","item":"https:\/\/naturalpoland.com\/fi\/"},{"@type":"ListItem","position":2,"name":"Tuotteet","item":"https:\/\/naturalpoland.com\/fi\/tuotteet\/"},{"@type":"ListItem","position":3,"name":"Kreatiinimonohydraatti"}]},{"@type":"WebSite","@id":"https:\/\/naturalpoland.com\/fi\/#website","url":"https:\/\/naturalpoland.com\/fi\/","name":"NATURAL POLAND - RAAKA-AINEIDEN TUKKUJAKELIJA","description":"Surowce dla przemys\u0142u spo\u017cywczego, kosmetycznego i farmaceutycznego","publisher":{"@id":"https:\/\/naturalpoland.com\/fi\/#organization"},"potentialAction":[{"@type":"SearchAction","target":{"@type":"EntryPoint","urlTemplate":"https:\/\/naturalpoland.com\/fi\/?s={search_term_string}"},"query-input":{"@type":"PropertyValueSpecification","valueRequired":true,"valueName":"search_term_string"}}],"inLanguage":"fi"},{"@type":"Organization","@id":"https:\/\/naturalpoland.com\/fi\/#organization","name":"Natural Poland","url":"https:\/\/naturalpoland.com\/fi\/","logo":{"@type":"ImageObject","inLanguage":"fi","@id":"https:\/\/naturalpoland.com\/fi\/#\/schema\/logo\/image\/","url":"https:\/\/naturalpoland.com\/wp-content\/uploads\/2021\/05\/natural-poland-icon.png","contentUrl":"https:\/\/naturalpoland.com\/wp-content\/uploads\/2021\/05\/natural-poland-icon.png","width":512,"height":512,"caption":"Natural Poland"},"image":{"@id":"https:\/\/naturalpoland.com\/fi\/#\/schema\/logo\/image\/"},"sameAs":["https:\/\/www.facebook.com\/naturalpoland.b2b","https:\/\/pl.linkedin.com\/company\/natural-poland","https:\/\/www.youtube.com\/channel\/UCgeGGkvOMahZo-xu_MSEWxg"]}]}},"_links":{"self":[{"href":"https:\/\/naturalpoland.com\/fi\/wp-json\/wp\/v2\/product\/24533","targetHints":{"allow":["GET"]}}],"collection":[{"href":"https:\/\/naturalpoland.com\/fi\/wp-json\/wp\/v2\/product"}],"about":[{"href":"https:\/\/naturalpoland.com\/fi\/wp-json\/wp\/v2\/types\/product"}],"wp:featuredmedia":[{"embeddable":true,"href":"https:\/\/naturalpoland.com\/fi\/wp-json\/wp\/v2\/media\/24200"}],"wp:attachment":[{"href":"https:\/\/naturalpoland.com\/fi\/wp-json\/wp\/v2\/media?parent=24533"}],"wp:term":[{"taxonomy":"product_brand","embeddable":true,"href":"https:\/\/naturalpoland.com\/fi\/wp-json\/wp\/v2\/product_brand?post=24533"},{"taxonomy":"product_cat","embeddable":true,"href":"https:\/\/naturalpoland.com\/fi\/wp-json\/wp\/v2\/product_cat?post=24533"},{"taxonomy":"product_tag","embeddable":true,"href":"https:\/\/naturalpoland.com\/fi\/wp-json\/wp\/v2\/product_tag?post=24533"}],"curies":[{"name":"wp","href":"https:\/\/api.w.org\/{rel}","templated":true}]}}