{"id":24543,"date":"2023-07-18T11:22:36","date_gmt":"2023-08-01T11:17:54","guid":{"rendered":"https:\/\/naturalpoland.com\/produkty\/Ei-luokiteltu\/vaniljavoi\/"},"modified":"2023-08-01T13:17:54","modified_gmt":"2023-08-01T11:17:54","slug":"voi-vanilja","status":"publish","type":"product","link":"https:\/\/naturalpoland.com\/fi\/tuotteet\/kosmetiikkateollisuuden-tuotteet\/kosmeettiset-voiteet\/voi-vanilja\/","title":{"rendered":"Vaniljavoi"},"content":{"rendered":"<h2>Vaniljavoin koostumus ja ominaisuudet<\/h2>\n<p><strong>Vanilja<\/strong> on yksi halutuimmista ainesosista aromien ja kosmetiikan maailmassa. Sen t\u00e4ytel\u00e4inen, makea tuoksu tuo tuotteisiin syvyytt\u00e4 ja ainutlaatuisuutta. Vaniljavoi vie t\u00e4m\u00e4n kokemuksen uudelle tasolle, sill\u00e4 siin\u00e4 yhdistyv\u00e4t seuraavien hy\u00f6dyllisten ominaisuuksien hy\u00f6dyt. <strong><br \/>\n  <a href=\"https:\/\/naturalpoland.com\/fi\/tuotteet\/elintarviketeollisuuden-tuotteet\/elintarvikeoljyt\/mantelioljy\/\">makean manteli\u00f6ljyn<\/a><br \/>\n<\/strong><em>(Prunus Amygdalus Dulcis<\/em>), <strong><br \/>\n  <a href=\"https:\/\/naturalpoland.com\/fi\/tuotteet\/ruokaoljyt-ja-kosmeettiset-oljyt\/auringonkukansiemenoljy\/\">auringonkukka\u00f6ljy<\/a><br \/>\n<\/strong><em>(Helianthus Annuus<\/em>), <strong>hydratun kasvi\u00f6ljyn<\/strong><em>(Hydrogenated Vegetable Oil<\/em>) ja <strong>vanilja\u00f6ljyn<\/strong><em>(Vanilla Planifolia<\/em>). Tuloksena on tuote, joka vastaa ihon tarpeisiin, tarjoaa korkealaatuisia ravintoaineita ja levitt\u00e4\u00e4 samalla vaniljan aistillista tuoksua iholle.<\/p>\n<p>Vaniljavoi on todellinen aistien juhla. Vanilja\u00f6ljy antaa makean, l\u00e4mpim\u00e4n tuoksun, joka rauhoittaa mielt\u00e4 ja kehoa ja vaikuttaa my\u00f6nteisesti mielialaan. Vaniljan k\u00e4ytt\u00f6 ei kuitenkaan ole vain tuoksukysymys &#8211; vanilja\u00f6ljyll\u00e4 on my\u00f6s antioksidanttisia ominaisuuksia, jotka auttavat suojaamaan ihoa vapaiden radikaalien aiheuttamilta vaurioilta.<\/p>\n<p>Makea manteli\u00f6ljy ja auringonkukka\u00f6ljy ovat arvokkaita l\u00e4hteit\u00e4. <strong><br \/>\n  <a href=\"https:\/\/naturalpoland.com\/fi\/ryhm\u00e4\/laaketeollisuuden-tuotteet\/vitamiinit\/\">vitamiineja<\/a><br \/>\n<\/strong> ja tyydyttym\u00e4tt\u00f6mi\u00e4 rasvahappoja, jotka ovat v\u00e4ltt\u00e4m\u00e4tt\u00f6mi\u00e4 ihon terveydelle. Ne tukevat ihon luonnollista suojaa ja auttavat pit\u00e4m\u00e4\u00e4n ihon kosteutettuna ja joustavana.<\/p>\n<h2>Vaniljavoin k\u00e4ytt\u00f6<\/h2>\n<p>Vaniljavoi on koostumukseltaan kermaista ja t\u00e4ytel\u00e4ist\u00e4, levittyy helposti ja imeytyy nopeasti, joten sit\u00e4 on eritt\u00e4in miellytt\u00e4v\u00e4 k\u00e4ytt\u00e4\u00e4. Kaiken t\u00e4m\u00e4n ansiosta se ei j\u00e4t\u00e4 iholle rasvaista kalvoa, joten se on ihanteellinen valinta kaikille ihotyypeille &#8211; kuivasta ja kyps\u00e4st\u00e4 ihosta normaaliin ja rasvaiseen ihoon.<\/p>\n<p>Vaniljavoi on monipuolinen tuote, jota voi k\u00e4ytt\u00e4\u00e4 kasvojen, vartalon ja jopa hiusten hoitoon. Sit\u00e4 voidaan k\u00e4ytt\u00e4\u00e4 yksin\u00e4\u00e4n tai ainesosana kotitekoisessa kosmetiikassa &#8211; naamioissa, voiteissa tai voiteissa.<\/p>\n","protected":false},"excerpt":{"rendered":"<p>Vaniljavoi on ylellinen kosmetiikka, jossa yhdistyv\u00e4t manteli- ja auringonkukka\u00f6ljyjen ravitsevat ominaisuudet ja vaniljan rauhoittava tuoksu, joka antaa iholle syv\u00e4kosteutusta ja poikkeuksellista mukavuutta.<\/p>\n","protected":false},"featured_media":24188,"template":"","meta":[],"product_brand":[],"product_cat":[541],"product_tag":[],"class_list":{"0":"post-24543","1":"product","2":"type-product","3":"status-publish","4":"has-post-thumbnail","6":"product_cat-kosmeettiset-voiteet","8":"first","9":"instock","10":"shipping-taxable","11":"product-type-simple"},"yoast_head":"<!-- This site is optimized with the Yoast SEO plugin v27.3 - https:\/\/yoast.com\/product\/yoast-seo-wordpress\/ -->\n<title>Vaniljavoi - Tukkudistribuutio<\/title>\n<meta name=\"description\" content=\"Vaniljavoi on ylellinen kosmetiikka, jossa yhdistyv\u00e4t manteli- ja auringonkukka\u00f6ljyjen ravitsevat ominaisuudet ja vaniljan rauhoittava tuoksu,\" \/>\n<meta name=\"robots\" content=\"index, follow, max-snippet:-1, max-image-preview:large, max-video-preview:-1\" \/>\n<link rel=\"canonical\" href=\"https:\/\/naturalpoland.com\/fi\/tuotteet\/kosmetiikkateollisuuden-tuotteet\/kosmeettiset-voiteet\/voi-vanilja\/\" \/>\n<meta property=\"og:locale\" content=\"fi_FI\" \/>\n<meta property=\"og:type\" content=\"article\" \/>\n<meta property=\"og:title\" content=\"Vaniljavoi - Tukkudistribuutio\" \/>\n<meta property=\"og:description\" content=\"Vaniljavoi on ylellinen kosmetiikka, jossa yhdistyv\u00e4t manteli- ja auringonkukka\u00f6ljyjen ravitsevat ominaisuudet ja vaniljan rauhoittava tuoksu,\" \/>\n<meta property=\"og:url\" content=\"https:\/\/naturalpoland.com\/fi\/tuotteet\/kosmetiikkateollisuuden-tuotteet\/kosmeettiset-voiteet\/voi-vanilja\/\" \/>\n<meta property=\"og:site_name\" content=\"NATURAL POLAND - RAAKA-AINEIDEN TUKKUJAKELIJA\" \/>\n<meta property=\"article:publisher\" content=\"https:\/\/www.facebook.com\/naturalpoland.b2b\" \/>\n<meta property=\"og:image\" content=\"https:\/\/naturalpoland.com\/wp-content\/uploads\/vanilla-butter.png\" \/>\n\t<meta property=\"og:image:width\" content=\"583\" \/>\n\t<meta property=\"og:image:height\" content=\"583\" \/>\n\t<meta property=\"og:image:type\" content=\"image\/png\" \/>\n<script type=\"application\/ld+json\" class=\"yoast-schema-graph\">{\"@context\":\"https:\\\/\\\/schema.org\",\"@graph\":[{\"@type\":\"WebPage\",\"@id\":\"https:\\\/\\\/naturalpoland.com\\\/fi\\\/tuotteet\\\/kosmetiikkateollisuuden-tuotteet\\\/kosmeettiset-voiteet\\\/voi-vanilja\\\/\",\"url\":\"https:\\\/\\\/naturalpoland.com\\\/fi\\\/tuotteet\\\/kosmetiikkateollisuuden-tuotteet\\\/kosmeettiset-voiteet\\\/voi-vanilja\\\/\",\"name\":\"Vaniljavoi - Tukkudistribuutio\",\"isPartOf\":{\"@id\":\"https:\\\/\\\/naturalpoland.com\\\/fi\\\/#website\"},\"primaryImageOfPage\":{\"@id\":\"https:\\\/\\\/naturalpoland.com\\\/fi\\\/tuotteet\\\/kosmetiikkateollisuuden-tuotteet\\\/kosmeettiset-voiteet\\\/voi-vanilja\\\/#primaryimage\"},\"image\":{\"@id\":\"https:\\\/\\\/naturalpoland.com\\\/fi\\\/tuotteet\\\/kosmetiikkateollisuuden-tuotteet\\\/kosmeettiset-voiteet\\\/voi-vanilja\\\/#primaryimage\"},\"thumbnailUrl\":\"https:\\\/\\\/naturalpoland.com\\\/wp-content\\\/uploads\\\/vanilla-butter.png\",\"datePublished\":\"2023-08-01T11:17:54+00:00\",\"description\":\"Vaniljavoi on ylellinen kosmetiikka, jossa yhdistyv\u00e4t manteli- ja auringonkukka\u00f6ljyjen ravitsevat ominaisuudet ja vaniljan rauhoittava tuoksu,\",\"breadcrumb\":{\"@id\":\"https:\\\/\\\/naturalpoland.com\\\/fi\\\/tuotteet\\\/kosmetiikkateollisuuden-tuotteet\\\/kosmeettiset-voiteet\\\/voi-vanilja\\\/#breadcrumb\"},\"inLanguage\":\"fi\",\"potentialAction\":[{\"@type\":\"ReadAction\",\"target\":[\"https:\\\/\\\/naturalpoland.com\\\/fi\\\/tuotteet\\\/kosmetiikkateollisuuden-tuotteet\\\/kosmeettiset-voiteet\\\/voi-vanilja\\\/\"]}]},{\"@type\":\"ImageObject\",\"inLanguage\":\"fi\",\"@id\":\"https:\\\/\\\/naturalpoland.com\\\/fi\\\/tuotteet\\\/kosmetiikkateollisuuden-tuotteet\\\/kosmeettiset-voiteet\\\/voi-vanilja\\\/#primaryimage\",\"url\":\"https:\\\/\\\/naturalpoland.com\\\/wp-content\\\/uploads\\\/vanilla-butter.png\",\"contentUrl\":\"https:\\\/\\\/naturalpoland.com\\\/wp-content\\\/uploads\\\/vanilla-butter.png\",\"width\":583,\"height\":583,\"caption\":\"vaniljavoi\"},{\"@type\":\"BreadcrumbList\",\"@id\":\"https:\\\/\\\/naturalpoland.com\\\/fi\\\/tuotteet\\\/kosmetiikkateollisuuden-tuotteet\\\/kosmeettiset-voiteet\\\/voi-vanilja\\\/#breadcrumb\",\"itemListElement\":[{\"@type\":\"ListItem\",\"position\":1,\"name\":\"Etusivu\",\"item\":\"https:\\\/\\\/naturalpoland.com\\\/fi\\\/\"},{\"@type\":\"ListItem\",\"position\":2,\"name\":\"Tuotteet\",\"item\":\"https:\\\/\\\/naturalpoland.com\\\/fi\\\/tuotteet\\\/\"},{\"@type\":\"ListItem\",\"position\":3,\"name\":\"Vaniljavoi\"}]},{\"@type\":\"WebSite\",\"@id\":\"https:\\\/\\\/naturalpoland.com\\\/fi\\\/#website\",\"url\":\"https:\\\/\\\/naturalpoland.com\\\/fi\\\/\",\"name\":\"NATURAL POLAND - RAAKA-AINEIDEN TUKKUJAKELIJA\",\"description\":\"Surowce dla przemys\u0142u spo\u017cywczego, kosmetycznego i farmaceutycznego\",\"publisher\":{\"@id\":\"https:\\\/\\\/naturalpoland.com\\\/fi\\\/#organization\"},\"potentialAction\":[{\"@type\":\"SearchAction\",\"target\":{\"@type\":\"EntryPoint\",\"urlTemplate\":\"https:\\\/\\\/naturalpoland.com\\\/fi\\\/?s={search_term_string}\"},\"query-input\":{\"@type\":\"PropertyValueSpecification\",\"valueRequired\":true,\"valueName\":\"search_term_string\"}}],\"inLanguage\":\"fi\"},{\"@type\":\"Organization\",\"@id\":\"https:\\\/\\\/naturalpoland.com\\\/fi\\\/#organization\",\"name\":\"Natural Poland\",\"url\":\"https:\\\/\\\/naturalpoland.com\\\/fi\\\/\",\"logo\":{\"@type\":\"ImageObject\",\"inLanguage\":\"fi\",\"@id\":\"https:\\\/\\\/naturalpoland.com\\\/fi\\\/#\\\/schema\\\/logo\\\/image\\\/\",\"url\":\"https:\\\/\\\/naturalpoland.com\\\/wp-content\\\/uploads\\\/2021\\\/05\\\/natural-poland-icon.png\",\"contentUrl\":\"https:\\\/\\\/naturalpoland.com\\\/wp-content\\\/uploads\\\/2021\\\/05\\\/natural-poland-icon.png\",\"width\":512,\"height\":512,\"caption\":\"Natural Poland\"},\"image\":{\"@id\":\"https:\\\/\\\/naturalpoland.com\\\/fi\\\/#\\\/schema\\\/logo\\\/image\\\/\"},\"sameAs\":[\"https:\\\/\\\/www.facebook.com\\\/naturalpoland.b2b\",\"https:\\\/\\\/pl.linkedin.com\\\/company\\\/natural-poland\",\"https:\\\/\\\/www.youtube.com\\\/channel\\\/UCgeGGkvOMahZo-xu_MSEWxg\"]}]}<\/script>\n<!-- \/ Yoast SEO plugin. -->","yoast_head_json":{"title":"Vaniljavoi - Tukkudistribuutio","description":"Vaniljavoi on ylellinen kosmetiikka, jossa yhdistyv\u00e4t manteli- ja auringonkukka\u00f6ljyjen ravitsevat ominaisuudet ja vaniljan rauhoittava tuoksu,","robots":{"index":"index","follow":"follow","max-snippet":"max-snippet:-1","max-image-preview":"max-image-preview:large","max-video-preview":"max-video-preview:-1"},"canonical":"https:\/\/naturalpoland.com\/fi\/tuotteet\/kosmetiikkateollisuuden-tuotteet\/kosmeettiset-voiteet\/voi-vanilja\/","og_locale":"fi_FI","og_type":"article","og_title":"Vaniljavoi - Tukkudistribuutio","og_description":"Vaniljavoi on ylellinen kosmetiikka, jossa yhdistyv\u00e4t manteli- ja auringonkukka\u00f6ljyjen ravitsevat ominaisuudet ja vaniljan rauhoittava tuoksu,","og_url":"https:\/\/naturalpoland.com\/fi\/tuotteet\/kosmetiikkateollisuuden-tuotteet\/kosmeettiset-voiteet\/voi-vanilja\/","og_site_name":"NATURAL POLAND - RAAKA-AINEIDEN TUKKUJAKELIJA","article_publisher":"https:\/\/www.facebook.com\/naturalpoland.b2b","og_image":[{"width":583,"height":583,"url":"https:\/\/naturalpoland.com\/wp-content\/uploads\/vanilla-butter.png","type":"image\/png"}],"schema":{"@context":"https:\/\/schema.org","@graph":[{"@type":"WebPage","@id":"https:\/\/naturalpoland.com\/fi\/tuotteet\/kosmetiikkateollisuuden-tuotteet\/kosmeettiset-voiteet\/voi-vanilja\/","url":"https:\/\/naturalpoland.com\/fi\/tuotteet\/kosmetiikkateollisuuden-tuotteet\/kosmeettiset-voiteet\/voi-vanilja\/","name":"Vaniljavoi - Tukkudistribuutio","isPartOf":{"@id":"https:\/\/naturalpoland.com\/fi\/#website"},"primaryImageOfPage":{"@id":"https:\/\/naturalpoland.com\/fi\/tuotteet\/kosmetiikkateollisuuden-tuotteet\/kosmeettiset-voiteet\/voi-vanilja\/#primaryimage"},"image":{"@id":"https:\/\/naturalpoland.com\/fi\/tuotteet\/kosmetiikkateollisuuden-tuotteet\/kosmeettiset-voiteet\/voi-vanilja\/#primaryimage"},"thumbnailUrl":"https:\/\/naturalpoland.com\/wp-content\/uploads\/vanilla-butter.png","datePublished":"2023-08-01T11:17:54+00:00","description":"Vaniljavoi on ylellinen kosmetiikka, jossa yhdistyv\u00e4t manteli- ja auringonkukka\u00f6ljyjen ravitsevat ominaisuudet ja vaniljan rauhoittava tuoksu,","breadcrumb":{"@id":"https:\/\/naturalpoland.com\/fi\/tuotteet\/kosmetiikkateollisuuden-tuotteet\/kosmeettiset-voiteet\/voi-vanilja\/#breadcrumb"},"inLanguage":"fi","potentialAction":[{"@type":"ReadAction","target":["https:\/\/naturalpoland.com\/fi\/tuotteet\/kosmetiikkateollisuuden-tuotteet\/kosmeettiset-voiteet\/voi-vanilja\/"]}]},{"@type":"ImageObject","inLanguage":"fi","@id":"https:\/\/naturalpoland.com\/fi\/tuotteet\/kosmetiikkateollisuuden-tuotteet\/kosmeettiset-voiteet\/voi-vanilja\/#primaryimage","url":"https:\/\/naturalpoland.com\/wp-content\/uploads\/vanilla-butter.png","contentUrl":"https:\/\/naturalpoland.com\/wp-content\/uploads\/vanilla-butter.png","width":583,"height":583,"caption":"vaniljavoi"},{"@type":"BreadcrumbList","@id":"https:\/\/naturalpoland.com\/fi\/tuotteet\/kosmetiikkateollisuuden-tuotteet\/kosmeettiset-voiteet\/voi-vanilja\/#breadcrumb","itemListElement":[{"@type":"ListItem","position":1,"name":"Etusivu","item":"https:\/\/naturalpoland.com\/fi\/"},{"@type":"ListItem","position":2,"name":"Tuotteet","item":"https:\/\/naturalpoland.com\/fi\/tuotteet\/"},{"@type":"ListItem","position":3,"name":"Vaniljavoi"}]},{"@type":"WebSite","@id":"https:\/\/naturalpoland.com\/fi\/#website","url":"https:\/\/naturalpoland.com\/fi\/","name":"NATURAL POLAND - RAAKA-AINEIDEN TUKKUJAKELIJA","description":"Surowce dla przemys\u0142u spo\u017cywczego, kosmetycznego i farmaceutycznego","publisher":{"@id":"https:\/\/naturalpoland.com\/fi\/#organization"},"potentialAction":[{"@type":"SearchAction","target":{"@type":"EntryPoint","urlTemplate":"https:\/\/naturalpoland.com\/fi\/?s={search_term_string}"},"query-input":{"@type":"PropertyValueSpecification","valueRequired":true,"valueName":"search_term_string"}}],"inLanguage":"fi"},{"@type":"Organization","@id":"https:\/\/naturalpoland.com\/fi\/#organization","name":"Natural Poland","url":"https:\/\/naturalpoland.com\/fi\/","logo":{"@type":"ImageObject","inLanguage":"fi","@id":"https:\/\/naturalpoland.com\/fi\/#\/schema\/logo\/image\/","url":"https:\/\/naturalpoland.com\/wp-content\/uploads\/2021\/05\/natural-poland-icon.png","contentUrl":"https:\/\/naturalpoland.com\/wp-content\/uploads\/2021\/05\/natural-poland-icon.png","width":512,"height":512,"caption":"Natural Poland"},"image":{"@id":"https:\/\/naturalpoland.com\/fi\/#\/schema\/logo\/image\/"},"sameAs":["https:\/\/www.facebook.com\/naturalpoland.b2b","https:\/\/pl.linkedin.com\/company\/natural-poland","https:\/\/www.youtube.com\/channel\/UCgeGGkvOMahZo-xu_MSEWxg"]}]}},"_links":{"self":[{"href":"https:\/\/naturalpoland.com\/fi\/wp-json\/wp\/v2\/product\/24543","targetHints":{"allow":["GET"]}}],"collection":[{"href":"https:\/\/naturalpoland.com\/fi\/wp-json\/wp\/v2\/product"}],"about":[{"href":"https:\/\/naturalpoland.com\/fi\/wp-json\/wp\/v2\/types\/product"}],"wp:featuredmedia":[{"embeddable":true,"href":"https:\/\/naturalpoland.com\/fi\/wp-json\/wp\/v2\/media\/24188"}],"wp:attachment":[{"href":"https:\/\/naturalpoland.com\/fi\/wp-json\/wp\/v2\/media?parent=24543"}],"wp:term":[{"taxonomy":"product_brand","embeddable":true,"href":"https:\/\/naturalpoland.com\/fi\/wp-json\/wp\/v2\/product_brand?post=24543"},{"taxonomy":"product_cat","embeddable":true,"href":"https:\/\/naturalpoland.com\/fi\/wp-json\/wp\/v2\/product_cat?post=24543"},{"taxonomy":"product_tag","embeddable":true,"href":"https:\/\/naturalpoland.com\/fi\/wp-json\/wp\/v2\/product_tag?post=24543"}],"curies":[{"name":"wp","href":"https:\/\/api.w.org\/{rel}","templated":true}]}}