{"id":24787,"date":"2023-08-10T10:30:34","date_gmt":"2023-08-10T09:13:35","guid":{"rendered":"https:\/\/naturalpoland.com\/produkty\/Ei-luokiteltu\/kuivattuja-kalavalipaloja-koirille-ja-kissoille\/"},"modified":"2023-08-10T11:13:35","modified_gmt":"2023-08-10T09:13:35","slug":"kuivattuja-kalaviipaleita-koirille-ja-kissoille","status":"publish","type":"product","link":"https:\/\/naturalpoland.com\/fi\/tuotteet\/raaka-aineet-elainten-rehuille\/kuivattuja-kalaviipaleita-koirille-ja-kissoille\/","title":{"rendered":"Kuivattuja kalav\u00e4lipaloja koirille ja kissoille"},"content":{"rendered":"<ul>\n<li><strong>Ankerias<\/strong>: Ankerias tarjoaa syv\u00e4n makuprofiilin, tarjoaa t\u00e4yden valikoiman v\u00e4ltt\u00e4m\u00e4tt\u00f6mi\u00e4 aminohappoja ja on erinomainen B-vitamiinien l\u00e4hde.<\/li>\n<li><strong>Sardellit<\/strong>: N\u00e4m\u00e4 pienet kalat ovat runsas omega-3-rasvahappojen l\u00e4hde, joka tukee el\u00e4imen ihon ja turkin terveytt\u00e4.<\/li>\n<li><strong>Bombay<\/strong>: Kala, joka tunnetaan hienostuneesta ja herk\u00e4st\u00e4 maustaan ja joka on runsas fosforin ja proteiinin l\u00e4hde.<\/li>\n<li><strong>Bombay filee<\/strong>: Korkealaatuinen kalaproteiini, jonka herkk\u00e4 rakenne miellytt\u00e4\u00e4 varmasti nirsojakin lemmikkej\u00e4.<\/li>\n<li><strong>Katkaravut<\/strong>: Katkaravut sis\u00e4lt\u00e4v\u00e4t runsaasti astaksantiinia ja sinkki\u00e4, ja ne ovat ihanteellinen mineraalien l\u00e4hde.<\/li>\n<li><strong>Kultaiset anjovikset<\/strong>: Ne erottuvat ainutlaatuisesta v\u00e4rist\u00e4\u00e4n, ja ne ovat paitsi houkuttelevia my\u00f6s ravinteikkaita.<\/li>\n<li><strong>Cod<\/strong>: Turskanliha on erinomainen B12-vitamiinin ja jodin l\u00e4hde.<\/li>\n<li><strong>Liskokala<\/strong>: N\u00e4m\u00e4 ovat ainutlaatuisia kaloja, joilla on mielenkiintoinen rakenne ja jotka tarjoavat runsaasti proteiinia.<\/li>\n<li><strong>Omena<\/strong>: Pienet hopeanhohtoiset kalat, jotka ovat rasvahappojen ja proteiinien aarreaitta.<\/li>\n<li><strong>Kielikampelafilee<\/strong>: Kielikampelafileelle on ominaista sen herkk\u00e4 maku, ja se on runsas kaliumin ja magnesiumin l\u00e4hde.<\/li>\n<li><strong>SD-kilohailit<\/strong>: N\u00e4m\u00e4 kuivatut kalat tarjoavat monenlaisia terveyshy\u00f6tyj\u00e4 ihon kunnon parantamisesta syd\u00e4men toiminnan tukemiseen.<\/li>\n<\/ul>\n","protected":false},"excerpt":{"rendered":"<p>Koirille ja kissoille tarkoitetut kuivatut kalav\u00e4lipalat edustavat innovatiivista l\u00e4hestymistapaa el\u00e4inten ravitsemukseen, jossa yhdistyv\u00e4t perinteiset ainesosat ja nykyaikainen kuivausprosessi.<\/p>\n","protected":false},"featured_media":24754,"template":"","meta":{"_acf_changed":false},"product_brand":[],"product_cat":[2509],"product_tag":[],"class_list":{"0":"post-24787","1":"product","2":"type-product","3":"status-publish","4":"has-post-thumbnail","6":"product_cat-raaka-aineet-elainten-rehuille","8":"first","9":"instock","10":"shipping-taxable","11":"product-type-simple"},"acf":[],"yoast_head":"<!-- This site is optimized with the Yoast SEO plugin v27.4 - https:\/\/yoast.com\/product\/yoast-seo-wordpress\/ -->\n<title>Kuivattuja kalav\u00e4lipaloja koirille ja kissoille - Tukkudistribuutio<\/title>\n<meta name=\"description\" content=\"Koirille ja kissoille tarkoitetut kuivatut kalav\u00e4lipalat edustavat innovatiivista l\u00e4hestymistapaa el\u00e4inten ravitsemukseen, jossa yhdistyv\u00e4t perinteiset ainesosat ja kuivausprosessi.\" \/>\n<meta name=\"robots\" content=\"index, follow, max-snippet:-1, max-image-preview:large, max-video-preview:-1\" \/>\n<link rel=\"canonical\" href=\"https:\/\/naturalpoland.com\/fi\/tuotteet\/raaka-aineet-elainten-rehuille\/kuivattuja-kalaviipaleita-koirille-ja-kissoille\/\" \/>\n<meta property=\"og:locale\" content=\"fi_FI\" \/>\n<meta property=\"og:type\" content=\"article\" \/>\n<meta property=\"og:title\" content=\"Kuivattuja kalav\u00e4lipaloja koirille ja kissoille - Tukkudistribuutio\" \/>\n<meta property=\"og:description\" content=\"Koirille ja kissoille tarkoitetut kuivatut kalav\u00e4lipalat edustavat innovatiivista l\u00e4hestymistapaa el\u00e4inten ravitsemukseen, jossa yhdistyv\u00e4t perinteiset ainesosat ja kuivausprosessi.\" \/>\n<meta property=\"og:url\" content=\"https:\/\/naturalpoland.com\/fi\/tuotteet\/raaka-aineet-elainten-rehuille\/kuivattuja-kalaviipaleita-koirille-ja-kissoille\/\" \/>\n<meta property=\"og:site_name\" content=\"NATURAL POLAND - RAAKA-AINEIDEN TUKKUJAKELIJA\" \/>\n<meta property=\"article:publisher\" content=\"https:\/\/www.facebook.com\/naturalpoland.b2b\" \/>\n<meta property=\"og:image\" content=\"https:\/\/naturalpoland.com\/wp-content\/uploads\/suszone-przekaski-rybne-dla-psow-i-kotow.jpg\" \/>\n\t<meta property=\"og:image:width\" content=\"600\" \/>\n\t<meta property=\"og:image:height\" content=\"600\" \/>\n\t<meta property=\"og:image:type\" content=\"image\/jpeg\" \/>\n<script type=\"application\/ld+json\" class=\"yoast-schema-graph\">{\"@context\":\"https:\\\/\\\/schema.org\",\"@graph\":[{\"@type\":\"WebPage\",\"@id\":\"https:\\\/\\\/naturalpoland.com\\\/fi\\\/tuotteet\\\/raaka-aineet-elainten-rehuille\\\/kuivattuja-kalaviipaleita-koirille-ja-kissoille\\\/\",\"url\":\"https:\\\/\\\/naturalpoland.com\\\/fi\\\/tuotteet\\\/raaka-aineet-elainten-rehuille\\\/kuivattuja-kalaviipaleita-koirille-ja-kissoille\\\/\",\"name\":\"Kuivattuja kalav\u00e4lipaloja koirille ja kissoille - Tukkudistribuutio\",\"isPartOf\":{\"@id\":\"https:\\\/\\\/naturalpoland.com\\\/fi\\\/#website\"},\"primaryImageOfPage\":{\"@id\":\"https:\\\/\\\/naturalpoland.com\\\/fi\\\/tuotteet\\\/raaka-aineet-elainten-rehuille\\\/kuivattuja-kalaviipaleita-koirille-ja-kissoille\\\/#primaryimage\"},\"image\":{\"@id\":\"https:\\\/\\\/naturalpoland.com\\\/fi\\\/tuotteet\\\/raaka-aineet-elainten-rehuille\\\/kuivattuja-kalaviipaleita-koirille-ja-kissoille\\\/#primaryimage\"},\"thumbnailUrl\":\"https:\\\/\\\/naturalpoland.com\\\/wp-content\\\/uploads\\\/suszone-przekaski-rybne-dla-psow-i-kotow.jpg\",\"datePublished\":\"2023-08-10T09:13:35+00:00\",\"description\":\"Koirille ja kissoille tarkoitetut kuivatut kalav\u00e4lipalat edustavat innovatiivista l\u00e4hestymistapaa el\u00e4inten ravitsemukseen, jossa yhdistyv\u00e4t perinteiset ainesosat ja kuivausprosessi.\",\"breadcrumb\":{\"@id\":\"https:\\\/\\\/naturalpoland.com\\\/fi\\\/tuotteet\\\/raaka-aineet-elainten-rehuille\\\/kuivattuja-kalaviipaleita-koirille-ja-kissoille\\\/#breadcrumb\"},\"inLanguage\":\"fi\",\"potentialAction\":[{\"@type\":\"ReadAction\",\"target\":[\"https:\\\/\\\/naturalpoland.com\\\/fi\\\/tuotteet\\\/raaka-aineet-elainten-rehuille\\\/kuivattuja-kalaviipaleita-koirille-ja-kissoille\\\/\"]}]},{\"@type\":\"ImageObject\",\"inLanguage\":\"fi\",\"@id\":\"https:\\\/\\\/naturalpoland.com\\\/fi\\\/tuotteet\\\/raaka-aineet-elainten-rehuille\\\/kuivattuja-kalaviipaleita-koirille-ja-kissoille\\\/#primaryimage\",\"url\":\"https:\\\/\\\/naturalpoland.com\\\/wp-content\\\/uploads\\\/suszone-przekaski-rybne-dla-psow-i-kotow.jpg\",\"contentUrl\":\"https:\\\/\\\/naturalpoland.com\\\/wp-content\\\/uploads\\\/suszone-przekaski-rybne-dla-psow-i-kotow.jpg\",\"width\":600,\"height\":600,\"caption\":\"kuivattuja kalan v\u00e4lipaloja koirille ja kissoille\"},{\"@type\":\"BreadcrumbList\",\"@id\":\"https:\\\/\\\/naturalpoland.com\\\/fi\\\/tuotteet\\\/raaka-aineet-elainten-rehuille\\\/kuivattuja-kalaviipaleita-koirille-ja-kissoille\\\/#breadcrumb\",\"itemListElement\":[{\"@type\":\"ListItem\",\"position\":1,\"name\":\"Etusivu\",\"item\":\"https:\\\/\\\/naturalpoland.com\\\/fi\\\/\"},{\"@type\":\"ListItem\",\"position\":2,\"name\":\"Tuotteet\",\"item\":\"https:\\\/\\\/naturalpoland.com\\\/fi\\\/tuotteet\\\/\"},{\"@type\":\"ListItem\",\"position\":3,\"name\":\"Kuivattuja kalav\u00e4lipaloja koirille ja kissoille\"}]},{\"@type\":\"WebSite\",\"@id\":\"https:\\\/\\\/naturalpoland.com\\\/fi\\\/#website\",\"url\":\"https:\\\/\\\/naturalpoland.com\\\/fi\\\/\",\"name\":\"NATURAL POLAND - RAAKA-AINEIDEN TUKKUJAKELIJA\",\"description\":\"Surowce dla przemys\u0142u spo\u017cywczego, kosmetycznego i farmaceutycznego\",\"publisher\":{\"@id\":\"https:\\\/\\\/naturalpoland.com\\\/fi\\\/#organization\"},\"potentialAction\":[{\"@type\":\"SearchAction\",\"target\":{\"@type\":\"EntryPoint\",\"urlTemplate\":\"https:\\\/\\\/naturalpoland.com\\\/fi\\\/?s={search_term_string}\"},\"query-input\":{\"@type\":\"PropertyValueSpecification\",\"valueRequired\":true,\"valueName\":\"search_term_string\"}}],\"inLanguage\":\"fi\"},{\"@type\":\"Organization\",\"@id\":\"https:\\\/\\\/naturalpoland.com\\\/fi\\\/#organization\",\"name\":\"Natural Poland\",\"url\":\"https:\\\/\\\/naturalpoland.com\\\/fi\\\/\",\"logo\":{\"@type\":\"ImageObject\",\"inLanguage\":\"fi\",\"@id\":\"https:\\\/\\\/naturalpoland.com\\\/fi\\\/#\\\/schema\\\/logo\\\/image\\\/\",\"url\":\"https:\\\/\\\/naturalpoland.com\\\/wp-content\\\/uploads\\\/2021\\\/05\\\/natural-poland-icon.png\",\"contentUrl\":\"https:\\\/\\\/naturalpoland.com\\\/wp-content\\\/uploads\\\/2021\\\/05\\\/natural-poland-icon.png\",\"width\":512,\"height\":512,\"caption\":\"Natural Poland\"},\"image\":{\"@id\":\"https:\\\/\\\/naturalpoland.com\\\/fi\\\/#\\\/schema\\\/logo\\\/image\\\/\"},\"sameAs\":[\"https:\\\/\\\/www.facebook.com\\\/naturalpoland.b2b\",\"https:\\\/\\\/pl.linkedin.com\\\/company\\\/natural-poland\",\"https:\\\/\\\/www.youtube.com\\\/channel\\\/UCgeGGkvOMahZo-xu_MSEWxg\"]}]}<\/script>\n<!-- \/ Yoast SEO plugin. -->","yoast_head_json":{"title":"Kuivattuja kalav\u00e4lipaloja koirille ja kissoille - Tukkudistribuutio","description":"Koirille ja kissoille tarkoitetut kuivatut kalav\u00e4lipalat edustavat innovatiivista l\u00e4hestymistapaa el\u00e4inten ravitsemukseen, jossa yhdistyv\u00e4t perinteiset ainesosat ja kuivausprosessi.","robots":{"index":"index","follow":"follow","max-snippet":"max-snippet:-1","max-image-preview":"max-image-preview:large","max-video-preview":"max-video-preview:-1"},"canonical":"https:\/\/naturalpoland.com\/fi\/tuotteet\/raaka-aineet-elainten-rehuille\/kuivattuja-kalaviipaleita-koirille-ja-kissoille\/","og_locale":"fi_FI","og_type":"article","og_title":"Kuivattuja kalav\u00e4lipaloja koirille ja kissoille - Tukkudistribuutio","og_description":"Koirille ja kissoille tarkoitetut kuivatut kalav\u00e4lipalat edustavat innovatiivista l\u00e4hestymistapaa el\u00e4inten ravitsemukseen, jossa yhdistyv\u00e4t perinteiset ainesosat ja kuivausprosessi.","og_url":"https:\/\/naturalpoland.com\/fi\/tuotteet\/raaka-aineet-elainten-rehuille\/kuivattuja-kalaviipaleita-koirille-ja-kissoille\/","og_site_name":"NATURAL POLAND - RAAKA-AINEIDEN TUKKUJAKELIJA","article_publisher":"https:\/\/www.facebook.com\/naturalpoland.b2b","og_image":[{"width":600,"height":600,"url":"https:\/\/naturalpoland.com\/wp-content\/uploads\/suszone-przekaski-rybne-dla-psow-i-kotow.jpg","type":"image\/jpeg"}],"schema":{"@context":"https:\/\/schema.org","@graph":[{"@type":"WebPage","@id":"https:\/\/naturalpoland.com\/fi\/tuotteet\/raaka-aineet-elainten-rehuille\/kuivattuja-kalaviipaleita-koirille-ja-kissoille\/","url":"https:\/\/naturalpoland.com\/fi\/tuotteet\/raaka-aineet-elainten-rehuille\/kuivattuja-kalaviipaleita-koirille-ja-kissoille\/","name":"Kuivattuja kalav\u00e4lipaloja koirille ja kissoille - Tukkudistribuutio","isPartOf":{"@id":"https:\/\/naturalpoland.com\/fi\/#website"},"primaryImageOfPage":{"@id":"https:\/\/naturalpoland.com\/fi\/tuotteet\/raaka-aineet-elainten-rehuille\/kuivattuja-kalaviipaleita-koirille-ja-kissoille\/#primaryimage"},"image":{"@id":"https:\/\/naturalpoland.com\/fi\/tuotteet\/raaka-aineet-elainten-rehuille\/kuivattuja-kalaviipaleita-koirille-ja-kissoille\/#primaryimage"},"thumbnailUrl":"https:\/\/naturalpoland.com\/wp-content\/uploads\/suszone-przekaski-rybne-dla-psow-i-kotow.jpg","datePublished":"2023-08-10T09:13:35+00:00","description":"Koirille ja kissoille tarkoitetut kuivatut kalav\u00e4lipalat edustavat innovatiivista l\u00e4hestymistapaa el\u00e4inten ravitsemukseen, jossa yhdistyv\u00e4t perinteiset ainesosat ja kuivausprosessi.","breadcrumb":{"@id":"https:\/\/naturalpoland.com\/fi\/tuotteet\/raaka-aineet-elainten-rehuille\/kuivattuja-kalaviipaleita-koirille-ja-kissoille\/#breadcrumb"},"inLanguage":"fi","potentialAction":[{"@type":"ReadAction","target":["https:\/\/naturalpoland.com\/fi\/tuotteet\/raaka-aineet-elainten-rehuille\/kuivattuja-kalaviipaleita-koirille-ja-kissoille\/"]}]},{"@type":"ImageObject","inLanguage":"fi","@id":"https:\/\/naturalpoland.com\/fi\/tuotteet\/raaka-aineet-elainten-rehuille\/kuivattuja-kalaviipaleita-koirille-ja-kissoille\/#primaryimage","url":"https:\/\/naturalpoland.com\/wp-content\/uploads\/suszone-przekaski-rybne-dla-psow-i-kotow.jpg","contentUrl":"https:\/\/naturalpoland.com\/wp-content\/uploads\/suszone-przekaski-rybne-dla-psow-i-kotow.jpg","width":600,"height":600,"caption":"kuivattuja kalan v\u00e4lipaloja koirille ja kissoille"},{"@type":"BreadcrumbList","@id":"https:\/\/naturalpoland.com\/fi\/tuotteet\/raaka-aineet-elainten-rehuille\/kuivattuja-kalaviipaleita-koirille-ja-kissoille\/#breadcrumb","itemListElement":[{"@type":"ListItem","position":1,"name":"Etusivu","item":"https:\/\/naturalpoland.com\/fi\/"},{"@type":"ListItem","position":2,"name":"Tuotteet","item":"https:\/\/naturalpoland.com\/fi\/tuotteet\/"},{"@type":"ListItem","position":3,"name":"Kuivattuja kalav\u00e4lipaloja koirille ja kissoille"}]},{"@type":"WebSite","@id":"https:\/\/naturalpoland.com\/fi\/#website","url":"https:\/\/naturalpoland.com\/fi\/","name":"NATURAL POLAND - RAAKA-AINEIDEN TUKKUJAKELIJA","description":"Surowce dla przemys\u0142u spo\u017cywczego, kosmetycznego i farmaceutycznego","publisher":{"@id":"https:\/\/naturalpoland.com\/fi\/#organization"},"potentialAction":[{"@type":"SearchAction","target":{"@type":"EntryPoint","urlTemplate":"https:\/\/naturalpoland.com\/fi\/?s={search_term_string}"},"query-input":{"@type":"PropertyValueSpecification","valueRequired":true,"valueName":"search_term_string"}}],"inLanguage":"fi"},{"@type":"Organization","@id":"https:\/\/naturalpoland.com\/fi\/#organization","name":"Natural Poland","url":"https:\/\/naturalpoland.com\/fi\/","logo":{"@type":"ImageObject","inLanguage":"fi","@id":"https:\/\/naturalpoland.com\/fi\/#\/schema\/logo\/image\/","url":"https:\/\/naturalpoland.com\/wp-content\/uploads\/2021\/05\/natural-poland-icon.png","contentUrl":"https:\/\/naturalpoland.com\/wp-content\/uploads\/2021\/05\/natural-poland-icon.png","width":512,"height":512,"caption":"Natural Poland"},"image":{"@id":"https:\/\/naturalpoland.com\/fi\/#\/schema\/logo\/image\/"},"sameAs":["https:\/\/www.facebook.com\/naturalpoland.b2b","https:\/\/pl.linkedin.com\/company\/natural-poland","https:\/\/www.youtube.com\/channel\/UCgeGGkvOMahZo-xu_MSEWxg"]}]}},"_links":{"self":[{"href":"https:\/\/naturalpoland.com\/fi\/wp-json\/wp\/v2\/product\/24787","targetHints":{"allow":["GET"]}}],"collection":[{"href":"https:\/\/naturalpoland.com\/fi\/wp-json\/wp\/v2\/product"}],"about":[{"href":"https:\/\/naturalpoland.com\/fi\/wp-json\/wp\/v2\/types\/product"}],"wp:featuredmedia":[{"embeddable":true,"href":"https:\/\/naturalpoland.com\/fi\/wp-json\/wp\/v2\/media\/24754"}],"wp:attachment":[{"href":"https:\/\/naturalpoland.com\/fi\/wp-json\/wp\/v2\/media?parent=24787"}],"wp:term":[{"taxonomy":"product_brand","embeddable":true,"href":"https:\/\/naturalpoland.com\/fi\/wp-json\/wp\/v2\/product_brand?post=24787"},{"taxonomy":"product_cat","embeddable":true,"href":"https:\/\/naturalpoland.com\/fi\/wp-json\/wp\/v2\/product_cat?post=24787"},{"taxonomy":"product_tag","embeddable":true,"href":"https:\/\/naturalpoland.com\/fi\/wp-json\/wp\/v2\/product_tag?post=24787"}],"curies":[{"name":"wp","href":"https:\/\/api.w.org\/{rel}","templated":true}]}}