{"id":24788,"date":"2023-08-10T10:11:35","date_gmt":"2023-08-10T09:13:36","guid":{"rendered":"https:\/\/naturalpoland.com\/produkty\/Ei-luokiteltu\/kalanruoka\/"},"modified":"2023-08-10T11:13:36","modified_gmt":"2023-08-10T09:13:36","slug":"food-for-fish","status":"publish","type":"product","link":"https:\/\/naturalpoland.com\/fi\/tuotteet\/raaka-aineet-elainten-rehuille\/food-for-fish\/","title":{"rendered":"Kalanruoka"},"content":{"rendered":"<p><strong>Kilpikonnien ruoka<\/strong> on suunniteltu niiden aineenvaihdunnalliset erityistarpeet huomioon ottaen, ja se tarjoaa oikean m\u00e4\u00e4r\u00e4n vitamiineja ja kivenn\u00e4isaineita, jotka ovat v\u00e4ltt\u00e4m\u00e4tt\u00f6mi\u00e4 terveen kasvun kannalta.<\/p>\n<p>Sek\u00e4 perus- ett\u00e4 premium-versiot <strong>lammikkorehuistamme<\/strong> on kehitetty tukemaan erilaisia lajeja karpista herkempiin koristekaloihin.<\/p>\n<p><strong>Eksoottisille kaloille ja cichlideille tarkoitetut rakeet<\/strong> tarjoavat oikeat ravinteet, jotta n\u00e4m\u00e4 kiehtovat otukset pysyv\u00e4t loistavan v\u00e4risin\u00e4 ja tervein\u00e4.<\/p>\n<p>&nbsp;<\/p>\n<h2><strong>Ekstrudaatit<\/strong><\/h2>\n<p>Kun puhutaan nykyaikaisesta kalankasvatuksesta, ekstrudaatista tulee olennainen osa ruokavaliota. N\u00e4m\u00e4 ovat tuotteita, joille on tehty erityinen l\u00e4mp\u00f6k\u00e4sittelyprosessi, joka lis\u00e4\u00e4 niiden sulavuutta ja ravintoarvoa.<\/p>\n<p><strong>Koi-kalojen ekstrudaatti<\/strong> on kehitetty tarjoamaan terveellist\u00e4 ruokaa, joka t\u00e4ytt\u00e4\u00e4 niiden ravitsemukselliset tarpeet mutta my\u00f6s edist\u00e4\u00e4 niiden tervett\u00e4 kasvua ja kaunista v\u00e4rityst\u00e4. Tarjoamalla erilaisia muunnelmia &#8211; perusversioista premium-versioihin &#8211; pyrimme t\u00e4ytt\u00e4m\u00e4\u00e4n vaativimpienkin viljelij\u00f6iden vaatimukset.<\/p>\n<p>&nbsp;<\/p>\n<h2><strong>  Lev\u00e4t<\/strong><\/h2>\n<p>Vesiviljelymaailmassa lev\u00e4t ovat kasvattamassa suosiotaan kalojen ruokavalion keskeisen\u00e4 osana. Niiden ravintoarvo sek\u00e4 vitamiini- ja kivenn\u00e4isainepitoisuus tekev\u00e4t niist\u00e4 paitsi ruokaa my\u00f6s luonnollista lis\u00e4ravintoa, joka edist\u00e4\u00e4 kalojen terveytt\u00e4 ja elinvoimaisuutta.<\/p>\n<p><strong>Spirulinajauhe<\/strong> on erinomainen proteiinin l\u00e4hde ja sis\u00e4lt\u00e4\u00e4 kaikkia v\u00e4ltt\u00e4m\u00e4tt\u00f6mi\u00e4 aminohappoja, jotka ovat avainasemassa kalojen terveen kasvun kannalta. Sen intensiivinen v\u00e4ri auttaa my\u00f6s rikastuttamaan kalojen v\u00e4ri\u00e4, mik\u00e4 tekee niist\u00e4 visuaalisesti houkuttelevampia.<\/p>\n<p><strong>Ascophyllum-jauho<\/strong> puolestaan sis\u00e4lt\u00e4\u00e4 kivenn\u00e4isaineita, kuten jodia, joka on v\u00e4ltt\u00e4m\u00e4t\u00f6nt\u00e4 kalan kilpirauhasen asianmukaiselle toiminnalle.<\/p>\n<p>Lis\u00e4ksi lev\u00e4t toimivat luonnollisina probiootteina, jotka tukevat kalan ruoansulatuskanavan tervett\u00e4 mikroflooraa. Levien lis\u00e4\u00e4minen kalan ruokavalioon on investointi kalan terveyteen, elinvoimaisuuteen ja parempaan kasvatukseen.<\/p>\n<p>&nbsp;<\/p>\n<h2><strong>Kalahiutaleet<\/strong><\/h2>\n<p>Hiutaleet ovat yksi perinteisimmist\u00e4 ja yleisimmist\u00e4 kalanrehuratkaisuista. Niiden monimuotoisuus ja ravinteikkuus tekev\u00e4t niist\u00e4 erinomaisen valinnan kasvattajille ja akvaarioille.<\/p>\n<p><strong>Tropical Fish Flakes<\/strong> ja sen premium-versio on suunniteltu tarjoamaan kaikki kalojen terveeseen kasvuun tarvittavat v\u00e4ltt\u00e4m\u00e4tt\u00f6m\u00e4t ravintoaineet.<\/p>\n<p><strong>Malawi Flake-<\/strong> ja <strong>Tanganyika Flake<\/strong> -lajikkeet on kehitetty n\u00e4ilt\u00e4 Afrikan alueilta per\u00e4isin olevia kaloja varten ottaen huomioon niiden ravitsemukselliset erityistarpeet.<\/p>\n<p><strong>Yrttihiutaleet<\/strong>, joissa on <strong>spirulinaa<\/strong> tai <strong>artemiaa<\/strong>, antavat kaloille lis\u00e4vitamiineja ja kivenn\u00e4isaineita, jotka tukevat niiden ruoansulatusta, kasvua ja yleist\u00e4 kuntoa.<\/p>\n<p>Kalmarit, <strong>krillit<\/strong> tai <strong>kultakalahiutaleet<\/strong> ovat maukkaita herkkuja, jotka rikastuttavat kalan ruokavaliota ja antavat kalalle sen tarvitsemia proteiineja ja rasvoja.<\/p>\n<p><strong>Pond-hiutaleet<\/strong> sopivat erinomaisesti lammissa ja tiikoissa el\u00e4ville kaloille, sill\u00e4 ne tarjoavat niille kattavan ruokavalion jokaiselle p\u00e4iv\u00e4lle.<\/p>\n<p>&nbsp;<\/p>\n<h2><strong>Kalatabletit<\/strong><\/h2>\n<p>Tabletit ovat eritt\u00e4in tiivistetty\u00e4 ravintoa, joka antaa kaloille runsaan annoksen ravintoaineita tiiviiss\u00e4 muodossa.<\/p>\n<p><strong>Punaiset<\/strong> ja <strong>vihre\u00e4t<\/strong> <strong>perustabletit<\/strong> tarjoavat oikean tasapainon kalojen terveyden kannalta v\u00e4ltt\u00e4m\u00e4tt\u00f6mi\u00e4 ravintoaineita.<\/p>\n<p><strong>FD-tabletit<\/strong> ovat erinomainen proteiininl\u00e4hde ja sopivat erinomaisesti petokaloille.<\/p>\n<p><strong>Spirulina-tabletit<\/strong> ovat paitsi runsas proteiininl\u00e4hde my\u00f6s luonnollinen vitamiinien, kivenn\u00e4isaineiden ja antioksidanttien l\u00e4hde, joka tukee kalojen terveytt\u00e4 ja auttaa yll\u00e4pit\u00e4m\u00e4\u00e4n kauniin v\u00e4rin.<\/p>\n<p><strong>Trooppisten kalojen premium-tabletit<\/strong> taas ovat ratkaisu vaativimmille kasvattajille, jotka haluavat tarjota kaloilleen parhaan mahdollisen ruokavalion.<\/p>\n<p>Kaikki tabletit on suunniteltu vastaamaan eri kalalajien erityistarpeita, joten jokainen kalankasvattaja l\u00f6yt\u00e4\u00e4 oman kalanviljelylaitoksensa tarpeisiin sopivan tabletin.<\/p>\n<p>&nbsp;<\/p>\n","protected":false},"excerpt":{"rendered":"<p>Nykyp\u00e4iv\u00e4n vesiviljelyss\u00e4 kalanruoan laatu ratkaisee kalanviljelylaitoksen terveyden, elinvoimaisuuden ja tehokkuuden. Oikeanlainen ruoka tarjoaa kaloille terveellisen ruokavalion, joka tukee niiden kasvua, v\u00e4ri\u00e4 ja yleist\u00e4 kuntoa.<\/p>\n","protected":false},"featured_media":31317,"template":"","meta":{"_acf_changed":false},"product_brand":[],"product_cat":[2509],"product_tag":[],"class_list":{"0":"post-24788","1":"product","2":"type-product","3":"status-publish","4":"has-post-thumbnail","6":"product_cat-raaka-aineet-elainten-rehuille","8":"first","9":"instock","10":"shipping-taxable","11":"product-type-simple"},"acf":[],"yoast_head":"<!-- This site is optimized with the Yoast SEO plugin v27.4 - https:\/\/yoast.com\/product\/yoast-seo-wordpress\/ -->\n<title>Kalanruoka - Tukkudistribuutio<\/title>\n<meta name=\"description\" content=\"Oikeanlainen kalanruoka tarjoaa kaloille terveellisen ruokavalion, joka tukee niiden kasvua, v\u00e4ri\u00e4 ja yleist\u00e4 kuntoa. Tutustu tukkutarjoukseemme.\" \/>\n<meta name=\"robots\" content=\"index, follow, max-snippet:-1, max-image-preview:large, max-video-preview:-1\" \/>\n<link rel=\"canonical\" href=\"https:\/\/naturalpoland.com\/fi\/tuotteet\/raaka-aineet-elainten-rehuille\/food-for-fish\/\" \/>\n<meta property=\"og:locale\" content=\"fi_FI\" \/>\n<meta property=\"og:type\" content=\"article\" \/>\n<meta property=\"og:title\" content=\"Kalanruoka - Tukkudistribuutio\" \/>\n<meta property=\"og:description\" content=\"Oikeanlainen kalanruoka tarjoaa kaloille terveellisen ruokavalion, joka tukee niiden kasvua, v\u00e4ri\u00e4 ja yleist\u00e4 kuntoa. Tutustu tukkutarjoukseemme.\" \/>\n<meta property=\"og:url\" content=\"https:\/\/naturalpoland.com\/fi\/tuotteet\/raaka-aineet-elainten-rehuille\/food-for-fish\/\" \/>\n<meta property=\"og:site_name\" content=\"NATURAL POLAND - RAAKA-AINEIDEN TUKKUJAKELIJA\" \/>\n<meta property=\"article:publisher\" content=\"https:\/\/www.facebook.com\/naturalpoland.b2b\" \/>\n<meta property=\"og:image\" content=\"https:\/\/naturalpoland.com\/wp-content\/uploads\/fish-food.jpg\" \/>\n\t<meta property=\"og:image:width\" content=\"500\" \/>\n\t<meta property=\"og:image:height\" content=\"500\" \/>\n\t<meta property=\"og:image:type\" content=\"image\/jpeg\" \/>\n<script type=\"application\/ld+json\" class=\"yoast-schema-graph\">{\"@context\":\"https:\\\/\\\/schema.org\",\"@graph\":[{\"@type\":\"WebPage\",\"@id\":\"https:\\\/\\\/naturalpoland.com\\\/fi\\\/tuotteet\\\/raaka-aineet-elainten-rehuille\\\/food-for-fish\\\/\",\"url\":\"https:\\\/\\\/naturalpoland.com\\\/fi\\\/tuotteet\\\/raaka-aineet-elainten-rehuille\\\/food-for-fish\\\/\",\"name\":\"Kalanruoka - Tukkudistribuutio\",\"isPartOf\":{\"@id\":\"https:\\\/\\\/naturalpoland.com\\\/fi\\\/#website\"},\"primaryImageOfPage\":{\"@id\":\"https:\\\/\\\/naturalpoland.com\\\/fi\\\/tuotteet\\\/raaka-aineet-elainten-rehuille\\\/food-for-fish\\\/#primaryimage\"},\"image\":{\"@id\":\"https:\\\/\\\/naturalpoland.com\\\/fi\\\/tuotteet\\\/raaka-aineet-elainten-rehuille\\\/food-for-fish\\\/#primaryimage\"},\"thumbnailUrl\":\"https:\\\/\\\/naturalpoland.com\\\/wp-content\\\/uploads\\\/fish-food.jpg\",\"datePublished\":\"2023-08-10T09:13:36+00:00\",\"description\":\"Oikeanlainen kalanruoka tarjoaa kaloille terveellisen ruokavalion, joka tukee niiden kasvua, v\u00e4ri\u00e4 ja yleist\u00e4 kuntoa. Tutustu tukkutarjoukseemme.\",\"breadcrumb\":{\"@id\":\"https:\\\/\\\/naturalpoland.com\\\/fi\\\/tuotteet\\\/raaka-aineet-elainten-rehuille\\\/food-for-fish\\\/#breadcrumb\"},\"inLanguage\":\"fi\",\"potentialAction\":[{\"@type\":\"ReadAction\",\"target\":[\"https:\\\/\\\/naturalpoland.com\\\/fi\\\/tuotteet\\\/raaka-aineet-elainten-rehuille\\\/food-for-fish\\\/\"]}]},{\"@type\":\"ImageObject\",\"inLanguage\":\"fi\",\"@id\":\"https:\\\/\\\/naturalpoland.com\\\/fi\\\/tuotteet\\\/raaka-aineet-elainten-rehuille\\\/food-for-fish\\\/#primaryimage\",\"url\":\"https:\\\/\\\/naturalpoland.com\\\/wp-content\\\/uploads\\\/fish-food.jpg\",\"contentUrl\":\"https:\\\/\\\/naturalpoland.com\\\/wp-content\\\/uploads\\\/fish-food.jpg\",\"width\":500,\"height\":500,\"caption\":\"fish food\"},{\"@type\":\"BreadcrumbList\",\"@id\":\"https:\\\/\\\/naturalpoland.com\\\/fi\\\/tuotteet\\\/raaka-aineet-elainten-rehuille\\\/food-for-fish\\\/#breadcrumb\",\"itemListElement\":[{\"@type\":\"ListItem\",\"position\":1,\"name\":\"Etusivu\",\"item\":\"https:\\\/\\\/naturalpoland.com\\\/fi\\\/\"},{\"@type\":\"ListItem\",\"position\":2,\"name\":\"Tuotteet\",\"item\":\"https:\\\/\\\/naturalpoland.com\\\/fi\\\/tuotteet\\\/\"},{\"@type\":\"ListItem\",\"position\":3,\"name\":\"Kalanruoka\"}]},{\"@type\":\"WebSite\",\"@id\":\"https:\\\/\\\/naturalpoland.com\\\/fi\\\/#website\",\"url\":\"https:\\\/\\\/naturalpoland.com\\\/fi\\\/\",\"name\":\"NATURAL POLAND - RAAKA-AINEIDEN TUKKUJAKELIJA\",\"description\":\"Surowce dla przemys\u0142u spo\u017cywczego, kosmetycznego i farmaceutycznego\",\"publisher\":{\"@id\":\"https:\\\/\\\/naturalpoland.com\\\/fi\\\/#organization\"},\"potentialAction\":[{\"@type\":\"SearchAction\",\"target\":{\"@type\":\"EntryPoint\",\"urlTemplate\":\"https:\\\/\\\/naturalpoland.com\\\/fi\\\/?s={search_term_string}\"},\"query-input\":{\"@type\":\"PropertyValueSpecification\",\"valueRequired\":true,\"valueName\":\"search_term_string\"}}],\"inLanguage\":\"fi\"},{\"@type\":\"Organization\",\"@id\":\"https:\\\/\\\/naturalpoland.com\\\/fi\\\/#organization\",\"name\":\"Natural Poland\",\"url\":\"https:\\\/\\\/naturalpoland.com\\\/fi\\\/\",\"logo\":{\"@type\":\"ImageObject\",\"inLanguage\":\"fi\",\"@id\":\"https:\\\/\\\/naturalpoland.com\\\/fi\\\/#\\\/schema\\\/logo\\\/image\\\/\",\"url\":\"https:\\\/\\\/naturalpoland.com\\\/wp-content\\\/uploads\\\/2021\\\/05\\\/natural-poland-icon.png\",\"contentUrl\":\"https:\\\/\\\/naturalpoland.com\\\/wp-content\\\/uploads\\\/2021\\\/05\\\/natural-poland-icon.png\",\"width\":512,\"height\":512,\"caption\":\"Natural Poland\"},\"image\":{\"@id\":\"https:\\\/\\\/naturalpoland.com\\\/fi\\\/#\\\/schema\\\/logo\\\/image\\\/\"},\"sameAs\":[\"https:\\\/\\\/www.facebook.com\\\/naturalpoland.b2b\",\"https:\\\/\\\/pl.linkedin.com\\\/company\\\/natural-poland\",\"https:\\\/\\\/www.youtube.com\\\/channel\\\/UCgeGGkvOMahZo-xu_MSEWxg\"]}]}<\/script>\n<!-- \/ Yoast SEO plugin. -->","yoast_head_json":{"title":"Kalanruoka - Tukkudistribuutio","description":"Oikeanlainen kalanruoka tarjoaa kaloille terveellisen ruokavalion, joka tukee niiden kasvua, v\u00e4ri\u00e4 ja yleist\u00e4 kuntoa. Tutustu tukkutarjoukseemme.","robots":{"index":"index","follow":"follow","max-snippet":"max-snippet:-1","max-image-preview":"max-image-preview:large","max-video-preview":"max-video-preview:-1"},"canonical":"https:\/\/naturalpoland.com\/fi\/tuotteet\/raaka-aineet-elainten-rehuille\/food-for-fish\/","og_locale":"fi_FI","og_type":"article","og_title":"Kalanruoka - Tukkudistribuutio","og_description":"Oikeanlainen kalanruoka tarjoaa kaloille terveellisen ruokavalion, joka tukee niiden kasvua, v\u00e4ri\u00e4 ja yleist\u00e4 kuntoa. Tutustu tukkutarjoukseemme.","og_url":"https:\/\/naturalpoland.com\/fi\/tuotteet\/raaka-aineet-elainten-rehuille\/food-for-fish\/","og_site_name":"NATURAL POLAND - RAAKA-AINEIDEN TUKKUJAKELIJA","article_publisher":"https:\/\/www.facebook.com\/naturalpoland.b2b","og_image":[{"width":500,"height":500,"url":"https:\/\/naturalpoland.com\/wp-content\/uploads\/fish-food.jpg","type":"image\/jpeg"}],"schema":{"@context":"https:\/\/schema.org","@graph":[{"@type":"WebPage","@id":"https:\/\/naturalpoland.com\/fi\/tuotteet\/raaka-aineet-elainten-rehuille\/food-for-fish\/","url":"https:\/\/naturalpoland.com\/fi\/tuotteet\/raaka-aineet-elainten-rehuille\/food-for-fish\/","name":"Kalanruoka - Tukkudistribuutio","isPartOf":{"@id":"https:\/\/naturalpoland.com\/fi\/#website"},"primaryImageOfPage":{"@id":"https:\/\/naturalpoland.com\/fi\/tuotteet\/raaka-aineet-elainten-rehuille\/food-for-fish\/#primaryimage"},"image":{"@id":"https:\/\/naturalpoland.com\/fi\/tuotteet\/raaka-aineet-elainten-rehuille\/food-for-fish\/#primaryimage"},"thumbnailUrl":"https:\/\/naturalpoland.com\/wp-content\/uploads\/fish-food.jpg","datePublished":"2023-08-10T09:13:36+00:00","description":"Oikeanlainen kalanruoka tarjoaa kaloille terveellisen ruokavalion, joka tukee niiden kasvua, v\u00e4ri\u00e4 ja yleist\u00e4 kuntoa. Tutustu tukkutarjoukseemme.","breadcrumb":{"@id":"https:\/\/naturalpoland.com\/fi\/tuotteet\/raaka-aineet-elainten-rehuille\/food-for-fish\/#breadcrumb"},"inLanguage":"fi","potentialAction":[{"@type":"ReadAction","target":["https:\/\/naturalpoland.com\/fi\/tuotteet\/raaka-aineet-elainten-rehuille\/food-for-fish\/"]}]},{"@type":"ImageObject","inLanguage":"fi","@id":"https:\/\/naturalpoland.com\/fi\/tuotteet\/raaka-aineet-elainten-rehuille\/food-for-fish\/#primaryimage","url":"https:\/\/naturalpoland.com\/wp-content\/uploads\/fish-food.jpg","contentUrl":"https:\/\/naturalpoland.com\/wp-content\/uploads\/fish-food.jpg","width":500,"height":500,"caption":"fish food"},{"@type":"BreadcrumbList","@id":"https:\/\/naturalpoland.com\/fi\/tuotteet\/raaka-aineet-elainten-rehuille\/food-for-fish\/#breadcrumb","itemListElement":[{"@type":"ListItem","position":1,"name":"Etusivu","item":"https:\/\/naturalpoland.com\/fi\/"},{"@type":"ListItem","position":2,"name":"Tuotteet","item":"https:\/\/naturalpoland.com\/fi\/tuotteet\/"},{"@type":"ListItem","position":3,"name":"Kalanruoka"}]},{"@type":"WebSite","@id":"https:\/\/naturalpoland.com\/fi\/#website","url":"https:\/\/naturalpoland.com\/fi\/","name":"NATURAL POLAND - RAAKA-AINEIDEN TUKKUJAKELIJA","description":"Surowce dla przemys\u0142u spo\u017cywczego, kosmetycznego i farmaceutycznego","publisher":{"@id":"https:\/\/naturalpoland.com\/fi\/#organization"},"potentialAction":[{"@type":"SearchAction","target":{"@type":"EntryPoint","urlTemplate":"https:\/\/naturalpoland.com\/fi\/?s={search_term_string}"},"query-input":{"@type":"PropertyValueSpecification","valueRequired":true,"valueName":"search_term_string"}}],"inLanguage":"fi"},{"@type":"Organization","@id":"https:\/\/naturalpoland.com\/fi\/#organization","name":"Natural Poland","url":"https:\/\/naturalpoland.com\/fi\/","logo":{"@type":"ImageObject","inLanguage":"fi","@id":"https:\/\/naturalpoland.com\/fi\/#\/schema\/logo\/image\/","url":"https:\/\/naturalpoland.com\/wp-content\/uploads\/2021\/05\/natural-poland-icon.png","contentUrl":"https:\/\/naturalpoland.com\/wp-content\/uploads\/2021\/05\/natural-poland-icon.png","width":512,"height":512,"caption":"Natural Poland"},"image":{"@id":"https:\/\/naturalpoland.com\/fi\/#\/schema\/logo\/image\/"},"sameAs":["https:\/\/www.facebook.com\/naturalpoland.b2b","https:\/\/pl.linkedin.com\/company\/natural-poland","https:\/\/www.youtube.com\/channel\/UCgeGGkvOMahZo-xu_MSEWxg"]}]}},"_links":{"self":[{"href":"https:\/\/naturalpoland.com\/fi\/wp-json\/wp\/v2\/product\/24788","targetHints":{"allow":["GET"]}}],"collection":[{"href":"https:\/\/naturalpoland.com\/fi\/wp-json\/wp\/v2\/product"}],"about":[{"href":"https:\/\/naturalpoland.com\/fi\/wp-json\/wp\/v2\/types\/product"}],"wp:featuredmedia":[{"embeddable":true,"href":"https:\/\/naturalpoland.com\/fi\/wp-json\/wp\/v2\/media\/31317"}],"wp:attachment":[{"href":"https:\/\/naturalpoland.com\/fi\/wp-json\/wp\/v2\/media?parent=24788"}],"wp:term":[{"taxonomy":"product_brand","embeddable":true,"href":"https:\/\/naturalpoland.com\/fi\/wp-json\/wp\/v2\/product_brand?post=24788"},{"taxonomy":"product_cat","embeddable":true,"href":"https:\/\/naturalpoland.com\/fi\/wp-json\/wp\/v2\/product_cat?post=24788"},{"taxonomy":"product_tag","embeddable":true,"href":"https:\/\/naturalpoland.com\/fi\/wp-json\/wp\/v2\/product_tag?post=24788"}],"curies":[{"name":"wp","href":"https:\/\/api.w.org\/{rel}","templated":true}]}}