{"id":24820,"date":"2023-08-08T12:01:43","date_gmt":"2023-08-10T09:15:05","guid":{"rendered":"https:\/\/naturalpoland.com\/produkty\/Ei-luokiteltu\/kala\/"},"modified":"2023-08-10T11:15:05","modified_gmt":"2023-08-10T09:15:05","slug":"kala","status":"publish","type":"product","link":"https:\/\/naturalpoland.com\/fi\/tuotteet\/raaka-aineet-elainten-rehuille\/kala\/","title":{"rendered":"Kala"},"content":{"rendered":"<p>Nuoret 1-3 cm:n pituiset <strong>kalat<\/strong> ja hieman suuremmat, 4-7 cm:n pituiset kalat ovat ihanteellinen proteiininl\u00e4hde pienpedoille, kaloja sy\u00f6ville linnuille tai matelijoille.<\/p>\n<p>4-7 cm:n pituiset <strong>kilohailit<\/strong> ovat todellista herkkua muillekin kuin kissoille. Ne ovat suosittu valinta ravinnoksi monien el\u00e4inlajien kasvatuksessa, sill\u00e4 ne tarjoavat niille v\u00e4ltt\u00e4m\u00e4tt\u00f6mi\u00e4 ravintoaineita.<\/p>\n<p><strong>Tubifex<\/strong> (FD) on proteiinipitoinen vesirengasmato, joka on erinomainen lis\u00e4 monien akvaariokalalajien ruokavalioon. <strong>Laiha &#8221;v\u00e4h\u00e4tuhkainen&#8221; kalajauho<\/strong> ja <strong>CPSP 90<\/strong> ovat korkealaatuisia tuotteita, joita voidaan menestyksekk\u00e4\u00e4sti k\u00e4ytt\u00e4\u00e4 lemmikkiel\u00e4inten ruokien ainesosina ja jotka tarjoavat t\u00e4ydellisen proteiininl\u00e4hteen.<\/p>\n","protected":false},"excerpt":{"rendered":"<p><strong>El\u00e4inten ravintolis\u00e4n\u00e4 kala<\/strong> sis\u00e4lt\u00e4\u00e4 runsaasti proteiinia, omega-3-rasvoja ja monia muita t\u00e4rkeit\u00e4 ravintoaineita, mik\u00e4 tekee siit\u00e4 t\u00e4ydellisen ja monipuolisen ruoan.<\/p>\n","protected":false},"featured_media":24693,"template":"","meta":{"_acf_changed":false},"product_brand":[],"product_cat":[2509],"product_tag":[],"class_list":{"0":"post-24820","1":"product","2":"type-product","3":"status-publish","4":"has-post-thumbnail","6":"product_cat-raaka-aineet-elainten-rehuille","8":"first","9":"instock","10":"shipping-taxable","11":"product-type-simple"},"acf":[],"yoast_head":"<!-- This site is optimized with the Yoast SEO plugin v27.4 - https:\/\/yoast.com\/product\/yoast-seo-wordpress\/ -->\n<title>Kala - Tukkudistribuutio<\/title>\n<meta name=\"description\" content=\"Lemmikkiel\u00e4inten ruoaksi tarkoitettu kala sis\u00e4lt\u00e4\u00e4 runsaasti proteiinia, omega-3-rasvoja ja monia muita t\u00e4rkeit\u00e4 ravintoaineita, jotka tekev\u00e4t siit\u00e4 t\u00e4ysravinnon.\" \/>\n<meta name=\"robots\" content=\"index, follow, max-snippet:-1, max-image-preview:large, max-video-preview:-1\" \/>\n<link rel=\"canonical\" href=\"https:\/\/naturalpoland.com\/fi\/tuotteet\/raaka-aineet-elainten-rehuille\/kala\/\" \/>\n<meta property=\"og:locale\" content=\"fi_FI\" \/>\n<meta property=\"og:type\" content=\"article\" \/>\n<meta property=\"og:title\" content=\"Kala - Tukkudistribuutio\" \/>\n<meta property=\"og:description\" content=\"Lemmikkiel\u00e4inten ruoaksi tarkoitettu kala sis\u00e4lt\u00e4\u00e4 runsaasti proteiinia, omega-3-rasvoja ja monia muita t\u00e4rkeit\u00e4 ravintoaineita, jotka tekev\u00e4t siit\u00e4 t\u00e4ysravinnon.\" \/>\n<meta property=\"og:url\" content=\"https:\/\/naturalpoland.com\/fi\/tuotteet\/raaka-aineet-elainten-rehuille\/kala\/\" \/>\n<meta property=\"og:site_name\" content=\"NATURAL POLAND - RAAKA-AINEIDEN TUKKUJAKELIJA\" \/>\n<meta property=\"article:publisher\" content=\"https:\/\/www.facebook.com\/naturalpoland.b2b\" \/>\n<meta property=\"og:image\" content=\"https:\/\/naturalpoland.com\/wp-content\/uploads\/ryby-do-karm-dla-zwierzat.png\" \/>\n\t<meta property=\"og:image:width\" content=\"575\" \/>\n\t<meta property=\"og:image:height\" content=\"575\" \/>\n\t<meta property=\"og:image:type\" content=\"image\/png\" \/>\n<script type=\"application\/ld+json\" class=\"yoast-schema-graph\">{\"@context\":\"https:\\\/\\\/schema.org\",\"@graph\":[{\"@type\":\"WebPage\",\"@id\":\"https:\\\/\\\/naturalpoland.com\\\/fi\\\/tuotteet\\\/raaka-aineet-elainten-rehuille\\\/kala\\\/\",\"url\":\"https:\\\/\\\/naturalpoland.com\\\/fi\\\/tuotteet\\\/raaka-aineet-elainten-rehuille\\\/kala\\\/\",\"name\":\"Kala - Tukkudistribuutio\",\"isPartOf\":{\"@id\":\"https:\\\/\\\/naturalpoland.com\\\/fi\\\/#website\"},\"primaryImageOfPage\":{\"@id\":\"https:\\\/\\\/naturalpoland.com\\\/fi\\\/tuotteet\\\/raaka-aineet-elainten-rehuille\\\/kala\\\/#primaryimage\"},\"image\":{\"@id\":\"https:\\\/\\\/naturalpoland.com\\\/fi\\\/tuotteet\\\/raaka-aineet-elainten-rehuille\\\/kala\\\/#primaryimage\"},\"thumbnailUrl\":\"https:\\\/\\\/naturalpoland.com\\\/wp-content\\\/uploads\\\/ryby-do-karm-dla-zwierzat.png\",\"datePublished\":\"2023-08-10T09:15:05+00:00\",\"description\":\"Lemmikkiel\u00e4inten ruoaksi tarkoitettu kala sis\u00e4lt\u00e4\u00e4 runsaasti proteiinia, omega-3-rasvoja ja monia muita t\u00e4rkeit\u00e4 ravintoaineita, jotka tekev\u00e4t siit\u00e4 t\u00e4ysravinnon.\",\"breadcrumb\":{\"@id\":\"https:\\\/\\\/naturalpoland.com\\\/fi\\\/tuotteet\\\/raaka-aineet-elainten-rehuille\\\/kala\\\/#breadcrumb\"},\"inLanguage\":\"fi\",\"potentialAction\":[{\"@type\":\"ReadAction\",\"target\":[\"https:\\\/\\\/naturalpoland.com\\\/fi\\\/tuotteet\\\/raaka-aineet-elainten-rehuille\\\/kala\\\/\"]}]},{\"@type\":\"ImageObject\",\"inLanguage\":\"fi\",\"@id\":\"https:\\\/\\\/naturalpoland.com\\\/fi\\\/tuotteet\\\/raaka-aineet-elainten-rehuille\\\/kala\\\/#primaryimage\",\"url\":\"https:\\\/\\\/naturalpoland.com\\\/wp-content\\\/uploads\\\/ryby-do-karm-dla-zwierzat.png\",\"contentUrl\":\"https:\\\/\\\/naturalpoland.com\\\/wp-content\\\/uploads\\\/ryby-do-karm-dla-zwierzat.png\",\"width\":575,\"height\":575,\"caption\":\"kalat lemmikkiel\u00e4inten ruoaksi\"},{\"@type\":\"BreadcrumbList\",\"@id\":\"https:\\\/\\\/naturalpoland.com\\\/fi\\\/tuotteet\\\/raaka-aineet-elainten-rehuille\\\/kala\\\/#breadcrumb\",\"itemListElement\":[{\"@type\":\"ListItem\",\"position\":1,\"name\":\"Etusivu\",\"item\":\"https:\\\/\\\/naturalpoland.com\\\/fi\\\/\"},{\"@type\":\"ListItem\",\"position\":2,\"name\":\"Tuotteet\",\"item\":\"https:\\\/\\\/naturalpoland.com\\\/fi\\\/tuotteet\\\/\"},{\"@type\":\"ListItem\",\"position\":3,\"name\":\"Kala\"}]},{\"@type\":\"WebSite\",\"@id\":\"https:\\\/\\\/naturalpoland.com\\\/fi\\\/#website\",\"url\":\"https:\\\/\\\/naturalpoland.com\\\/fi\\\/\",\"name\":\"NATURAL POLAND - RAAKA-AINEIDEN TUKKUJAKELIJA\",\"description\":\"Surowce dla przemys\u0142u spo\u017cywczego, kosmetycznego i farmaceutycznego\",\"publisher\":{\"@id\":\"https:\\\/\\\/naturalpoland.com\\\/fi\\\/#organization\"},\"potentialAction\":[{\"@type\":\"SearchAction\",\"target\":{\"@type\":\"EntryPoint\",\"urlTemplate\":\"https:\\\/\\\/naturalpoland.com\\\/fi\\\/?s={search_term_string}\"},\"query-input\":{\"@type\":\"PropertyValueSpecification\",\"valueRequired\":true,\"valueName\":\"search_term_string\"}}],\"inLanguage\":\"fi\"},{\"@type\":\"Organization\",\"@id\":\"https:\\\/\\\/naturalpoland.com\\\/fi\\\/#organization\",\"name\":\"Natural Poland\",\"url\":\"https:\\\/\\\/naturalpoland.com\\\/fi\\\/\",\"logo\":{\"@type\":\"ImageObject\",\"inLanguage\":\"fi\",\"@id\":\"https:\\\/\\\/naturalpoland.com\\\/fi\\\/#\\\/schema\\\/logo\\\/image\\\/\",\"url\":\"https:\\\/\\\/naturalpoland.com\\\/wp-content\\\/uploads\\\/2021\\\/05\\\/natural-poland-icon.png\",\"contentUrl\":\"https:\\\/\\\/naturalpoland.com\\\/wp-content\\\/uploads\\\/2021\\\/05\\\/natural-poland-icon.png\",\"width\":512,\"height\":512,\"caption\":\"Natural Poland\"},\"image\":{\"@id\":\"https:\\\/\\\/naturalpoland.com\\\/fi\\\/#\\\/schema\\\/logo\\\/image\\\/\"},\"sameAs\":[\"https:\\\/\\\/www.facebook.com\\\/naturalpoland.b2b\",\"https:\\\/\\\/pl.linkedin.com\\\/company\\\/natural-poland\",\"https:\\\/\\\/www.youtube.com\\\/channel\\\/UCgeGGkvOMahZo-xu_MSEWxg\"]}]}<\/script>\n<!-- \/ Yoast SEO plugin. -->","yoast_head_json":{"title":"Kala - Tukkudistribuutio","description":"Lemmikkiel\u00e4inten ruoaksi tarkoitettu kala sis\u00e4lt\u00e4\u00e4 runsaasti proteiinia, omega-3-rasvoja ja monia muita t\u00e4rkeit\u00e4 ravintoaineita, jotka tekev\u00e4t siit\u00e4 t\u00e4ysravinnon.","robots":{"index":"index","follow":"follow","max-snippet":"max-snippet:-1","max-image-preview":"max-image-preview:large","max-video-preview":"max-video-preview:-1"},"canonical":"https:\/\/naturalpoland.com\/fi\/tuotteet\/raaka-aineet-elainten-rehuille\/kala\/","og_locale":"fi_FI","og_type":"article","og_title":"Kala - Tukkudistribuutio","og_description":"Lemmikkiel\u00e4inten ruoaksi tarkoitettu kala sis\u00e4lt\u00e4\u00e4 runsaasti proteiinia, omega-3-rasvoja ja monia muita t\u00e4rkeit\u00e4 ravintoaineita, jotka tekev\u00e4t siit\u00e4 t\u00e4ysravinnon.","og_url":"https:\/\/naturalpoland.com\/fi\/tuotteet\/raaka-aineet-elainten-rehuille\/kala\/","og_site_name":"NATURAL POLAND - RAAKA-AINEIDEN TUKKUJAKELIJA","article_publisher":"https:\/\/www.facebook.com\/naturalpoland.b2b","og_image":[{"width":575,"height":575,"url":"https:\/\/naturalpoland.com\/wp-content\/uploads\/ryby-do-karm-dla-zwierzat.png","type":"image\/png"}],"schema":{"@context":"https:\/\/schema.org","@graph":[{"@type":"WebPage","@id":"https:\/\/naturalpoland.com\/fi\/tuotteet\/raaka-aineet-elainten-rehuille\/kala\/","url":"https:\/\/naturalpoland.com\/fi\/tuotteet\/raaka-aineet-elainten-rehuille\/kala\/","name":"Kala - Tukkudistribuutio","isPartOf":{"@id":"https:\/\/naturalpoland.com\/fi\/#website"},"primaryImageOfPage":{"@id":"https:\/\/naturalpoland.com\/fi\/tuotteet\/raaka-aineet-elainten-rehuille\/kala\/#primaryimage"},"image":{"@id":"https:\/\/naturalpoland.com\/fi\/tuotteet\/raaka-aineet-elainten-rehuille\/kala\/#primaryimage"},"thumbnailUrl":"https:\/\/naturalpoland.com\/wp-content\/uploads\/ryby-do-karm-dla-zwierzat.png","datePublished":"2023-08-10T09:15:05+00:00","description":"Lemmikkiel\u00e4inten ruoaksi tarkoitettu kala sis\u00e4lt\u00e4\u00e4 runsaasti proteiinia, omega-3-rasvoja ja monia muita t\u00e4rkeit\u00e4 ravintoaineita, jotka tekev\u00e4t siit\u00e4 t\u00e4ysravinnon.","breadcrumb":{"@id":"https:\/\/naturalpoland.com\/fi\/tuotteet\/raaka-aineet-elainten-rehuille\/kala\/#breadcrumb"},"inLanguage":"fi","potentialAction":[{"@type":"ReadAction","target":["https:\/\/naturalpoland.com\/fi\/tuotteet\/raaka-aineet-elainten-rehuille\/kala\/"]}]},{"@type":"ImageObject","inLanguage":"fi","@id":"https:\/\/naturalpoland.com\/fi\/tuotteet\/raaka-aineet-elainten-rehuille\/kala\/#primaryimage","url":"https:\/\/naturalpoland.com\/wp-content\/uploads\/ryby-do-karm-dla-zwierzat.png","contentUrl":"https:\/\/naturalpoland.com\/wp-content\/uploads\/ryby-do-karm-dla-zwierzat.png","width":575,"height":575,"caption":"kalat lemmikkiel\u00e4inten ruoaksi"},{"@type":"BreadcrumbList","@id":"https:\/\/naturalpoland.com\/fi\/tuotteet\/raaka-aineet-elainten-rehuille\/kala\/#breadcrumb","itemListElement":[{"@type":"ListItem","position":1,"name":"Etusivu","item":"https:\/\/naturalpoland.com\/fi\/"},{"@type":"ListItem","position":2,"name":"Tuotteet","item":"https:\/\/naturalpoland.com\/fi\/tuotteet\/"},{"@type":"ListItem","position":3,"name":"Kala"}]},{"@type":"WebSite","@id":"https:\/\/naturalpoland.com\/fi\/#website","url":"https:\/\/naturalpoland.com\/fi\/","name":"NATURAL POLAND - RAAKA-AINEIDEN TUKKUJAKELIJA","description":"Surowce dla przemys\u0142u spo\u017cywczego, kosmetycznego i farmaceutycznego","publisher":{"@id":"https:\/\/naturalpoland.com\/fi\/#organization"},"potentialAction":[{"@type":"SearchAction","target":{"@type":"EntryPoint","urlTemplate":"https:\/\/naturalpoland.com\/fi\/?s={search_term_string}"},"query-input":{"@type":"PropertyValueSpecification","valueRequired":true,"valueName":"search_term_string"}}],"inLanguage":"fi"},{"@type":"Organization","@id":"https:\/\/naturalpoland.com\/fi\/#organization","name":"Natural Poland","url":"https:\/\/naturalpoland.com\/fi\/","logo":{"@type":"ImageObject","inLanguage":"fi","@id":"https:\/\/naturalpoland.com\/fi\/#\/schema\/logo\/image\/","url":"https:\/\/naturalpoland.com\/wp-content\/uploads\/2021\/05\/natural-poland-icon.png","contentUrl":"https:\/\/naturalpoland.com\/wp-content\/uploads\/2021\/05\/natural-poland-icon.png","width":512,"height":512,"caption":"Natural Poland"},"image":{"@id":"https:\/\/naturalpoland.com\/fi\/#\/schema\/logo\/image\/"},"sameAs":["https:\/\/www.facebook.com\/naturalpoland.b2b","https:\/\/pl.linkedin.com\/company\/natural-poland","https:\/\/www.youtube.com\/channel\/UCgeGGkvOMahZo-xu_MSEWxg"]}]}},"_links":{"self":[{"href":"https:\/\/naturalpoland.com\/fi\/wp-json\/wp\/v2\/product\/24820","targetHints":{"allow":["GET"]}}],"collection":[{"href":"https:\/\/naturalpoland.com\/fi\/wp-json\/wp\/v2\/product"}],"about":[{"href":"https:\/\/naturalpoland.com\/fi\/wp-json\/wp\/v2\/types\/product"}],"wp:featuredmedia":[{"embeddable":true,"href":"https:\/\/naturalpoland.com\/fi\/wp-json\/wp\/v2\/media\/24693"}],"wp:attachment":[{"href":"https:\/\/naturalpoland.com\/fi\/wp-json\/wp\/v2\/media?parent=24820"}],"wp:term":[{"taxonomy":"product_brand","embeddable":true,"href":"https:\/\/naturalpoland.com\/fi\/wp-json\/wp\/v2\/product_brand?post=24820"},{"taxonomy":"product_cat","embeddable":true,"href":"https:\/\/naturalpoland.com\/fi\/wp-json\/wp\/v2\/product_cat?post=24820"},{"taxonomy":"product_tag","embeddable":true,"href":"https:\/\/naturalpoland.com\/fi\/wp-json\/wp\/v2\/product_tag?post=24820"}],"curies":[{"name":"wp","href":"https:\/\/api.w.org\/{rel}","templated":true}]}}