{"id":24887,"date":"2023-07-25T14:30:12","date_gmt":"2023-08-10T10:36:26","guid":{"rendered":"https:\/\/naturalpoland.com\/produkty\/Ei-luokiteltu\/oliivivoi\/"},"modified":"2024-09-18T12:44:01","modified_gmt":"2024-09-18T10:44:01","slug":"voi-oliivista","status":"publish","type":"product","link":"https:\/\/naturalpoland.com\/fi\/tuotteet\/kosmetiikkateollisuuden-tuotteet\/kosmeettiset-voiteet\/voi-oliivista\/","title":{"rendered":"Oliivivoi"},"content":{"rendered":"<h2>Oliivivoin ominaisuudet<\/h2>\n<p>  Oliivivoissa on runsaasti tyydyttyneit\u00e4 rasvahappoja, skvalaania, lesitiini\u00e4, fytosteroleja ja vitamiineja, kuten <strong><a href=\"https:\/\/naturalpoland.com\/produkty\/produkty-dla-przemyslu-farmaceutycznego-i-medycznego\/witaminy\/witamina-e\/\">E-vitamiini<\/a><\/strong>joka toimii tehokkaana antioksidanttina.<br \/>\nOliivivoi <strong>kosteuttaa<\/strong> ja <strong>uudistaa ihoa<\/strong> erinomaisesti, <strong>vahvistaa lipidibarrieria<\/strong> ja auttaa torjumaan ik\u00e4\u00e4ntymisen merkkej\u00e4. Voin sis\u00e4lt\u00e4mill\u00e4 <strong>fytosteroleilla<\/strong> on anti-inflammatorisia ja regeneratiivisia vaikutuksia, ne lievitt\u00e4v\u00e4t \u00e4rsytyst\u00e4 ja edist\u00e4v\u00e4t ihon paranemista.<br \/>\nVoi sopii erinomaisesti kuivalle, hilseilev\u00e4lle ja halkeilevalle iholle sek\u00e4 silmien ja suun ymp\u00e4rill\u00e4 olevalle herk\u00e4lle iholle.<br \/>\nIhmisen ihon kanssa biologisen yhteensopivuutensa ansiosta se ei herkist\u00e4 eik\u00e4 \u00e4rsyt\u00e4.<br \/>\nSe on <strong>turvallinen tuote ihmisille, joilla on herkk\u00e4 ja allerginen<\/strong> iho <strong>,<\/strong> sek\u00e4 <strong>niille,<\/strong> joilla on iho-ongelmia, kuten ekseema tai atooppinen ihottuma.<br \/>\nSit\u00e4 voidaan k\u00e4ytt\u00e4\u00e4 suoraan iholle tai lis\u00e4aineena voiteisiin, voiteisiin, naamioihin tai hierontatuotteisiin.       <\/p>\n<h2>Oliivivoin k\u00e4ytt\u00f6<\/h2>\n<p>  Kosteuttavien ja suojaavien ominaisuuksiensa ansiosta oliivivoi on ainesosa kosmetiikassa, joka on suunniteltu kyps\u00e4lle ja kuivalle iholle sek\u00e4 iholle, joka vaatii intensiivist\u00e4 uudistumista auringolle altistumisen tai muiden ep\u00e4suotuisten ymp\u00e4rist\u00f6tekij\u00f6iden j\u00e4lkeen.<\/p>\n","protected":false},"excerpt":{"rendered":"<p>Oliivivoita saadaan hydratoimalla kylm\u00e4puristettua oliivi\u00f6ljy\u00e4<em>(Olea Europaea<\/em>).<br \/>\nSille on ominaista pehme\u00e4, kermainen koostumus, hieman vihert\u00e4v\u00e4 v\u00e4ri ja hento tuoksu. <\/p>\n","protected":false},"featured_media":24466,"template":"","meta":{"_acf_changed":false},"product_brand":[],"product_cat":[541],"product_tag":[],"class_list":{"0":"post-24887","1":"product","2":"type-product","3":"status-publish","4":"has-post-thumbnail","6":"product_cat-kosmeettiset-voiteet","7":"pa_metoda-pozyskiwania-hydrogenointi","9":"first","10":"instock","11":"shipping-taxable","12":"product-type-simple"},"acf":[],"yoast_head":"<!-- This site is optimized with the Yoast SEO plugin v27.5 - https:\/\/yoast.com\/product\/yoast-seo-wordpress\/ -->\n<title>Oliivivoi - NATURAL POLAND - RAAKA-AINEIDEN TUKKUJAKELIJA<\/title>\n<meta name=\"description\" content=\"Oliivivoi on arvokas kosmetiikan ainesosa, jolla on monia etuja iholle. Se sis\u00e4lt\u00e4\u00e4 runsaasti ravintoaineita, jotka hoitavat ihoa.\" \/>\n<meta name=\"robots\" content=\"index, follow, max-snippet:-1, max-image-preview:large, max-video-preview:-1\" \/>\n<link rel=\"canonical\" href=\"https:\/\/naturalpoland.com\/fi\/tuotteet\/kosmetiikkateollisuuden-tuotteet\/kosmeettiset-voiteet\/voi-oliivista\/\" \/>\n<meta property=\"og:locale\" content=\"fi_FI\" \/>\n<meta property=\"og:type\" content=\"article\" \/>\n<meta property=\"og:title\" content=\"Oliivivoi - NATURAL POLAND - RAAKA-AINEIDEN TUKKUJAKELIJA\" \/>\n<meta property=\"og:description\" content=\"Oliivivoi on arvokas kosmetiikan ainesosa, jolla on monia etuja iholle. Se sis\u00e4lt\u00e4\u00e4 runsaasti ravintoaineita, jotka hoitavat ihoa.\" \/>\n<meta property=\"og:url\" content=\"https:\/\/naturalpoland.com\/fi\/tuotteet\/kosmetiikkateollisuuden-tuotteet\/kosmeettiset-voiteet\/voi-oliivista\/\" \/>\n<meta property=\"og:site_name\" content=\"NATURAL POLAND - RAAKA-AINEIDEN TUKKUJAKELIJA\" \/>\n<meta property=\"article:publisher\" content=\"https:\/\/www.facebook.com\/naturalpoland.b2b\" \/>\n<meta property=\"article:modified_time\" content=\"2024-09-18T10:44:01+00:00\" \/>\n<meta property=\"og:image\" content=\"https:\/\/naturalpoland.com\/wp-content\/uploads\/olive_butter.png\" \/>\n\t<meta property=\"og:image:width\" content=\"599\" \/>\n\t<meta property=\"og:image:height\" content=\"599\" \/>\n\t<meta property=\"og:image:type\" content=\"image\/png\" \/>\n<script type=\"application\/ld+json\" class=\"yoast-schema-graph\">{\"@context\":\"https:\\\/\\\/schema.org\",\"@graph\":[{\"@type\":\"WebPage\",\"@id\":\"https:\\\/\\\/naturalpoland.com\\\/fi\\\/tuotteet\\\/kosmetiikkateollisuuden-tuotteet\\\/kosmeettiset-voiteet\\\/voi-oliivista\\\/\",\"url\":\"https:\\\/\\\/naturalpoland.com\\\/fi\\\/tuotteet\\\/kosmetiikkateollisuuden-tuotteet\\\/kosmeettiset-voiteet\\\/voi-oliivista\\\/\",\"name\":\"Oliivivoi - NATURAL POLAND - RAAKA-AINEIDEN TUKKUJAKELIJA\",\"isPartOf\":{\"@id\":\"https:\\\/\\\/naturalpoland.com\\\/fi\\\/#website\"},\"primaryImageOfPage\":{\"@id\":\"https:\\\/\\\/naturalpoland.com\\\/fi\\\/tuotteet\\\/kosmetiikkateollisuuden-tuotteet\\\/kosmeettiset-voiteet\\\/voi-oliivista\\\/#primaryimage\"},\"image\":{\"@id\":\"https:\\\/\\\/naturalpoland.com\\\/fi\\\/tuotteet\\\/kosmetiikkateollisuuden-tuotteet\\\/kosmeettiset-voiteet\\\/voi-oliivista\\\/#primaryimage\"},\"thumbnailUrl\":\"https:\\\/\\\/naturalpoland.com\\\/wp-content\\\/uploads\\\/olive_butter.png\",\"datePublished\":\"2023-08-10T10:36:26+00:00\",\"dateModified\":\"2024-09-18T10:44:01+00:00\",\"description\":\"Oliivivoi on arvokas kosmetiikan ainesosa, jolla on monia etuja iholle. Se sis\u00e4lt\u00e4\u00e4 runsaasti ravintoaineita, jotka hoitavat ihoa.\",\"breadcrumb\":{\"@id\":\"https:\\\/\\\/naturalpoland.com\\\/fi\\\/tuotteet\\\/kosmetiikkateollisuuden-tuotteet\\\/kosmeettiset-voiteet\\\/voi-oliivista\\\/#breadcrumb\"},\"inLanguage\":\"fi\",\"potentialAction\":[{\"@type\":\"ReadAction\",\"target\":[\"https:\\\/\\\/naturalpoland.com\\\/fi\\\/tuotteet\\\/kosmetiikkateollisuuden-tuotteet\\\/kosmeettiset-voiteet\\\/voi-oliivista\\\/\"]}]},{\"@type\":\"ImageObject\",\"inLanguage\":\"fi\",\"@id\":\"https:\\\/\\\/naturalpoland.com\\\/fi\\\/tuotteet\\\/kosmetiikkateollisuuden-tuotteet\\\/kosmeettiset-voiteet\\\/voi-oliivista\\\/#primaryimage\",\"url\":\"https:\\\/\\\/naturalpoland.com\\\/wp-content\\\/uploads\\\/olive_butter.png\",\"contentUrl\":\"https:\\\/\\\/naturalpoland.com\\\/wp-content\\\/uploads\\\/olive_butter.png\",\"width\":599,\"height\":599,\"caption\":\"oliivivoi\"},{\"@type\":\"BreadcrumbList\",\"@id\":\"https:\\\/\\\/naturalpoland.com\\\/fi\\\/tuotteet\\\/kosmetiikkateollisuuden-tuotteet\\\/kosmeettiset-voiteet\\\/voi-oliivista\\\/#breadcrumb\",\"itemListElement\":[{\"@type\":\"ListItem\",\"position\":1,\"name\":\"Etusivu\",\"item\":\"https:\\\/\\\/naturalpoland.com\\\/fi\\\/\"},{\"@type\":\"ListItem\",\"position\":2,\"name\":\"Tuotteet\",\"item\":\"https:\\\/\\\/naturalpoland.com\\\/fi\\\/tuotteet\\\/\"},{\"@type\":\"ListItem\",\"position\":3,\"name\":\"Oliivivoi\"}]},{\"@type\":\"WebSite\",\"@id\":\"https:\\\/\\\/naturalpoland.com\\\/fi\\\/#website\",\"url\":\"https:\\\/\\\/naturalpoland.com\\\/fi\\\/\",\"name\":\"NATURAL POLAND - RAAKA-AINEIDEN TUKKUJAKELIJA\",\"description\":\"Surowce dla przemys\u0142u spo\u017cywczego, kosmetycznego i farmaceutycznego\",\"publisher\":{\"@id\":\"https:\\\/\\\/naturalpoland.com\\\/fi\\\/#organization\"},\"potentialAction\":[{\"@type\":\"SearchAction\",\"target\":{\"@type\":\"EntryPoint\",\"urlTemplate\":\"https:\\\/\\\/naturalpoland.com\\\/fi\\\/?s={search_term_string}\"},\"query-input\":{\"@type\":\"PropertyValueSpecification\",\"valueRequired\":true,\"valueName\":\"search_term_string\"}}],\"inLanguage\":\"fi\"},{\"@type\":\"Organization\",\"@id\":\"https:\\\/\\\/naturalpoland.com\\\/fi\\\/#organization\",\"name\":\"Natural Poland\",\"url\":\"https:\\\/\\\/naturalpoland.com\\\/fi\\\/\",\"logo\":{\"@type\":\"ImageObject\",\"inLanguage\":\"fi\",\"@id\":\"https:\\\/\\\/naturalpoland.com\\\/fi\\\/#\\\/schema\\\/logo\\\/image\\\/\",\"url\":\"https:\\\/\\\/naturalpoland.com\\\/wp-content\\\/uploads\\\/2021\\\/05\\\/natural-poland-icon.png\",\"contentUrl\":\"https:\\\/\\\/naturalpoland.com\\\/wp-content\\\/uploads\\\/2021\\\/05\\\/natural-poland-icon.png\",\"width\":512,\"height\":512,\"caption\":\"Natural Poland\"},\"image\":{\"@id\":\"https:\\\/\\\/naturalpoland.com\\\/fi\\\/#\\\/schema\\\/logo\\\/image\\\/\"},\"sameAs\":[\"https:\\\/\\\/www.facebook.com\\\/naturalpoland.b2b\",\"https:\\\/\\\/pl.linkedin.com\\\/company\\\/natural-poland\",\"https:\\\/\\\/www.youtube.com\\\/channel\\\/UCgeGGkvOMahZo-xu_MSEWxg\"]}]}<\/script>\n<!-- \/ Yoast SEO plugin. -->","yoast_head_json":{"title":"Oliivivoi - NATURAL POLAND - RAAKA-AINEIDEN TUKKUJAKELIJA","description":"Oliivivoi on arvokas kosmetiikan ainesosa, jolla on monia etuja iholle. Se sis\u00e4lt\u00e4\u00e4 runsaasti ravintoaineita, jotka hoitavat ihoa.","robots":{"index":"index","follow":"follow","max-snippet":"max-snippet:-1","max-image-preview":"max-image-preview:large","max-video-preview":"max-video-preview:-1"},"canonical":"https:\/\/naturalpoland.com\/fi\/tuotteet\/kosmetiikkateollisuuden-tuotteet\/kosmeettiset-voiteet\/voi-oliivista\/","og_locale":"fi_FI","og_type":"article","og_title":"Oliivivoi - NATURAL POLAND - RAAKA-AINEIDEN TUKKUJAKELIJA","og_description":"Oliivivoi on arvokas kosmetiikan ainesosa, jolla on monia etuja iholle. Se sis\u00e4lt\u00e4\u00e4 runsaasti ravintoaineita, jotka hoitavat ihoa.","og_url":"https:\/\/naturalpoland.com\/fi\/tuotteet\/kosmetiikkateollisuuden-tuotteet\/kosmeettiset-voiteet\/voi-oliivista\/","og_site_name":"NATURAL POLAND - RAAKA-AINEIDEN TUKKUJAKELIJA","article_publisher":"https:\/\/www.facebook.com\/naturalpoland.b2b","article_modified_time":"2024-09-18T10:44:01+00:00","og_image":[{"width":599,"height":599,"url":"https:\/\/naturalpoland.com\/wp-content\/uploads\/olive_butter.png","type":"image\/png"}],"schema":{"@context":"https:\/\/schema.org","@graph":[{"@type":"WebPage","@id":"https:\/\/naturalpoland.com\/fi\/tuotteet\/kosmetiikkateollisuuden-tuotteet\/kosmeettiset-voiteet\/voi-oliivista\/","url":"https:\/\/naturalpoland.com\/fi\/tuotteet\/kosmetiikkateollisuuden-tuotteet\/kosmeettiset-voiteet\/voi-oliivista\/","name":"Oliivivoi - NATURAL POLAND - RAAKA-AINEIDEN TUKKUJAKELIJA","isPartOf":{"@id":"https:\/\/naturalpoland.com\/fi\/#website"},"primaryImageOfPage":{"@id":"https:\/\/naturalpoland.com\/fi\/tuotteet\/kosmetiikkateollisuuden-tuotteet\/kosmeettiset-voiteet\/voi-oliivista\/#primaryimage"},"image":{"@id":"https:\/\/naturalpoland.com\/fi\/tuotteet\/kosmetiikkateollisuuden-tuotteet\/kosmeettiset-voiteet\/voi-oliivista\/#primaryimage"},"thumbnailUrl":"https:\/\/naturalpoland.com\/wp-content\/uploads\/olive_butter.png","datePublished":"2023-08-10T10:36:26+00:00","dateModified":"2024-09-18T10:44:01+00:00","description":"Oliivivoi on arvokas kosmetiikan ainesosa, jolla on monia etuja iholle. Se sis\u00e4lt\u00e4\u00e4 runsaasti ravintoaineita, jotka hoitavat ihoa.","breadcrumb":{"@id":"https:\/\/naturalpoland.com\/fi\/tuotteet\/kosmetiikkateollisuuden-tuotteet\/kosmeettiset-voiteet\/voi-oliivista\/#breadcrumb"},"inLanguage":"fi","potentialAction":[{"@type":"ReadAction","target":["https:\/\/naturalpoland.com\/fi\/tuotteet\/kosmetiikkateollisuuden-tuotteet\/kosmeettiset-voiteet\/voi-oliivista\/"]}]},{"@type":"ImageObject","inLanguage":"fi","@id":"https:\/\/naturalpoland.com\/fi\/tuotteet\/kosmetiikkateollisuuden-tuotteet\/kosmeettiset-voiteet\/voi-oliivista\/#primaryimage","url":"https:\/\/naturalpoland.com\/wp-content\/uploads\/olive_butter.png","contentUrl":"https:\/\/naturalpoland.com\/wp-content\/uploads\/olive_butter.png","width":599,"height":599,"caption":"oliivivoi"},{"@type":"BreadcrumbList","@id":"https:\/\/naturalpoland.com\/fi\/tuotteet\/kosmetiikkateollisuuden-tuotteet\/kosmeettiset-voiteet\/voi-oliivista\/#breadcrumb","itemListElement":[{"@type":"ListItem","position":1,"name":"Etusivu","item":"https:\/\/naturalpoland.com\/fi\/"},{"@type":"ListItem","position":2,"name":"Tuotteet","item":"https:\/\/naturalpoland.com\/fi\/tuotteet\/"},{"@type":"ListItem","position":3,"name":"Oliivivoi"}]},{"@type":"WebSite","@id":"https:\/\/naturalpoland.com\/fi\/#website","url":"https:\/\/naturalpoland.com\/fi\/","name":"NATURAL POLAND - RAAKA-AINEIDEN TUKKUJAKELIJA","description":"Surowce dla przemys\u0142u spo\u017cywczego, kosmetycznego i farmaceutycznego","publisher":{"@id":"https:\/\/naturalpoland.com\/fi\/#organization"},"potentialAction":[{"@type":"SearchAction","target":{"@type":"EntryPoint","urlTemplate":"https:\/\/naturalpoland.com\/fi\/?s={search_term_string}"},"query-input":{"@type":"PropertyValueSpecification","valueRequired":true,"valueName":"search_term_string"}}],"inLanguage":"fi"},{"@type":"Organization","@id":"https:\/\/naturalpoland.com\/fi\/#organization","name":"Natural Poland","url":"https:\/\/naturalpoland.com\/fi\/","logo":{"@type":"ImageObject","inLanguage":"fi","@id":"https:\/\/naturalpoland.com\/fi\/#\/schema\/logo\/image\/","url":"https:\/\/naturalpoland.com\/wp-content\/uploads\/2021\/05\/natural-poland-icon.png","contentUrl":"https:\/\/naturalpoland.com\/wp-content\/uploads\/2021\/05\/natural-poland-icon.png","width":512,"height":512,"caption":"Natural Poland"},"image":{"@id":"https:\/\/naturalpoland.com\/fi\/#\/schema\/logo\/image\/"},"sameAs":["https:\/\/www.facebook.com\/naturalpoland.b2b","https:\/\/pl.linkedin.com\/company\/natural-poland","https:\/\/www.youtube.com\/channel\/UCgeGGkvOMahZo-xu_MSEWxg"]}]}},"_links":{"self":[{"href":"https:\/\/naturalpoland.com\/fi\/wp-json\/wp\/v2\/product\/24887","targetHints":{"allow":["GET"]}}],"collection":[{"href":"https:\/\/naturalpoland.com\/fi\/wp-json\/wp\/v2\/product"}],"about":[{"href":"https:\/\/naturalpoland.com\/fi\/wp-json\/wp\/v2\/types\/product"}],"wp:featuredmedia":[{"embeddable":true,"href":"https:\/\/naturalpoland.com\/fi\/wp-json\/wp\/v2\/media\/24466"}],"wp:attachment":[{"href":"https:\/\/naturalpoland.com\/fi\/wp-json\/wp\/v2\/media?parent=24887"}],"wp:term":[{"taxonomy":"product_brand","embeddable":true,"href":"https:\/\/naturalpoland.com\/fi\/wp-json\/wp\/v2\/product_brand?post=24887"},{"taxonomy":"product_cat","embeddable":true,"href":"https:\/\/naturalpoland.com\/fi\/wp-json\/wp\/v2\/product_cat?post=24887"},{"taxonomy":"product_tag","embeddable":true,"href":"https:\/\/naturalpoland.com\/fi\/wp-json\/wp\/v2\/product_tag?post=24887"}],"curies":[{"name":"wp","href":"https:\/\/api.w.org\/{rel}","templated":true}]}}