{"id":25035,"date":"2023-08-11T13:40:20","date_gmt":"2023-08-11T11:46:45","guid":{"rendered":"https:\/\/naturalpoland.com\/produkty\/Ei-luokiteltu\/marjat\/"},"modified":"2023-08-11T13:46:45","modified_gmt":"2023-08-11T11:46:45","slug":"marjat","status":"publish","type":"product","link":"https:\/\/naturalpoland.com\/fi\/tuotteet\/raaka-aineet-elainten-rehuille\/marjat\/","title":{"rendered":"Marjat"},"content":{"rendered":"<h3>Tarjottavat tuotteet:<\/h3>\n<h4><strong>Aronia marjat<\/strong><\/h4>\n<p>Ne ovat tunnettuja huomattavista antioksidanttisista ominaisuuksistaan. Aronia sis\u00e4lt\u00e4\u00e4 runsaasti C-, E- ja K-vitamiineja sek\u00e4 flavonoideja, jotka tukevat syd\u00e4n- ja verisuonij\u00e4rjestelm\u00e4\u00e4.<\/p>\n<h4><strong>Rowan marjat<\/strong><\/h4>\n<p>Vaikka pihlajanmarjat ovat maultaan happamia, ne ovat runsas C- ja A-vitamiinin l\u00e4hde, ja ne sis\u00e4lt\u00e4v\u00e4t my\u00f6s yhdisteit\u00e4, joilla voi olla tulehdusta ehk\u00e4isev\u00e4 vaikutus.<\/p>\n<h4><strong>Mustaherukka<\/strong><\/h4>\n<p>N\u00e4m\u00e4 pienet mutta poikkeuksellisen ravinteikkaat marjat sis\u00e4lt\u00e4v\u00e4t runsaasti C-vitamiinia ja antioksidantteja, jotka tukevat el\u00e4inten tervett\u00e4 ihoa ja turkkia.<\/p>\n<h4><strong>Goji-marjat<\/strong><\/h4>\n<p>Goji-marjoissa on runsaasti proteiinia, kuitua, rautaa ja vitamiineja, erityisesti C-vitamiinia, ja niit\u00e4 kutsutaan usein &#8221;superfoodiksi&#8221;.<\/p>\n<h4><strong>Karpalot<\/strong><\/h4>\n<p>Karpalot ovat tunnettuja virtsanerityst\u00e4 tukevista ominaisuuksistaan, ja ne sis\u00e4lt\u00e4v\u00e4t my\u00f6s kuitua, C- ja E-vitamiineja sek\u00e4 kivenn\u00e4isaineita.<\/p>\n<h4><strong>Kataja<\/strong><\/h4>\n<p>Sen marjoja on k\u00e4ytetty vuosisatojen ajan kansanl\u00e4\u00e4kinn\u00e4ss\u00e4. Ne sis\u00e4lt\u00e4v\u00e4t yhdisteit\u00e4, jotka voivat tukea el\u00e4inten ruoansulatuskanavan ja virtsan terveytt\u00e4.<\/p>\n<h4><strong>Hawthorn marja<\/strong><\/h4>\n<p>Hawthornia arvostetaan sen syd\u00e4nvaikutusten vuoksi. Sen marjat sis\u00e4lt\u00e4v\u00e4t yhdisteit\u00e4, jotka voivat tukea syd\u00e4n- ja verisuonij\u00e4rjestelm\u00e4\u00e4 ja s\u00e4\u00e4dell\u00e4 verenpainetta.<\/p>\n<h4><strong>Musta vanhus<\/strong><\/h4>\n<p>Tunnetaan sen immuunij\u00e4rjestelm\u00e4\u00e4 vahvistavista vaikutuksista. Pihlajanmarjat sis\u00e4lt\u00e4v\u00e4t my\u00f6s C-vitamiinia ja antioksidantteja, jotka tukevat solujen terveytt\u00e4.<\/p>\n","protected":false},"excerpt":{"rendered":"<p>Marjat tunnustetaan yh\u00e4 enemm\u00e4n el\u00e4inten ruokavalion ainesosana. Runsaasti antioksidantteja, vitamiineja, kivenn\u00e4isaineita ja kuituja sis\u00e4lt\u00e4v\u00e4t marjat ovat luonnollinen l\u00e4hde, joka tarjoaa monia terveyshy\u00f6tyj\u00e4, jotka tukevat lemmikkiel\u00e4inten yleist\u00e4 terveytt\u00e4, vahvistavat vastustuskyky\u00e4 ja tukevat ruoansulatusj\u00e4rjestelm\u00e4\u00e4.<\/p>\n","protected":false},"featured_media":25008,"template":"","meta":[],"product_brand":[],"product_cat":[2509],"product_tag":[],"class_list":{"0":"post-25035","1":"product","2":"type-product","3":"status-publish","4":"has-post-thumbnail","6":"product_cat-raaka-aineet-elainten-rehuille","8":"first","9":"instock","10":"shipping-taxable","11":"product-type-simple"},"yoast_head":"<!-- This site is optimized with the Yoast SEO plugin v27.3 - https:\/\/yoast.com\/product\/yoast-seo-wordpress\/ -->\n<title>Marjat - Tukkudistribuutio<\/title>\n<meta name=\"description\" content=\"Runsaasti antioksidantteja, vitamiineja, kivenn\u00e4isaineita ja kuituja sis\u00e4lt\u00e4v\u00e4t marjat ovat luonnollinen l\u00e4hde, joka tarjoaa monia terveyshy\u00f6tyj\u00e4, jotka tukevat el\u00e4inten yleist\u00e4 terveytt\u00e4.\" \/>\n<meta name=\"robots\" content=\"index, follow, max-snippet:-1, max-image-preview:large, max-video-preview:-1\" \/>\n<link rel=\"canonical\" href=\"https:\/\/naturalpoland.com\/fi\/tuotteet\/raaka-aineet-elainten-rehuille\/marjat\/\" \/>\n<meta property=\"og:locale\" content=\"fi_FI\" \/>\n<meta property=\"og:type\" content=\"article\" \/>\n<meta property=\"og:title\" content=\"Marjat - Tukkudistribuutio\" \/>\n<meta property=\"og:description\" content=\"Runsaasti antioksidantteja, vitamiineja, kivenn\u00e4isaineita ja kuituja sis\u00e4lt\u00e4v\u00e4t marjat ovat luonnollinen l\u00e4hde, joka tarjoaa monia terveyshy\u00f6tyj\u00e4, jotka tukevat el\u00e4inten yleist\u00e4 terveytt\u00e4.\" \/>\n<meta property=\"og:url\" content=\"https:\/\/naturalpoland.com\/fi\/tuotteet\/raaka-aineet-elainten-rehuille\/marjat\/\" \/>\n<meta property=\"og:site_name\" content=\"NATURAL POLAND - RAAKA-AINEIDEN TUKKUJAKELIJA\" \/>\n<meta property=\"article:publisher\" content=\"https:\/\/www.facebook.com\/naturalpoland.b2b\" \/>\n<meta property=\"og:image\" content=\"https:\/\/naturalpoland.com\/wp-content\/uploads\/jagody-dla-zwierzat.jpg\" \/>\n\t<meta property=\"og:image:width\" content=\"600\" \/>\n\t<meta property=\"og:image:height\" content=\"600\" \/>\n\t<meta property=\"og:image:type\" content=\"image\/jpeg\" \/>\n<script type=\"application\/ld+json\" class=\"yoast-schema-graph\">{\"@context\":\"https:\\\/\\\/schema.org\",\"@graph\":[{\"@type\":\"WebPage\",\"@id\":\"https:\\\/\\\/naturalpoland.com\\\/fi\\\/tuotteet\\\/raaka-aineet-elainten-rehuille\\\/marjat\\\/\",\"url\":\"https:\\\/\\\/naturalpoland.com\\\/fi\\\/tuotteet\\\/raaka-aineet-elainten-rehuille\\\/marjat\\\/\",\"name\":\"Marjat - Tukkudistribuutio\",\"isPartOf\":{\"@id\":\"https:\\\/\\\/naturalpoland.com\\\/fi\\\/#website\"},\"primaryImageOfPage\":{\"@id\":\"https:\\\/\\\/naturalpoland.com\\\/fi\\\/tuotteet\\\/raaka-aineet-elainten-rehuille\\\/marjat\\\/#primaryimage\"},\"image\":{\"@id\":\"https:\\\/\\\/naturalpoland.com\\\/fi\\\/tuotteet\\\/raaka-aineet-elainten-rehuille\\\/marjat\\\/#primaryimage\"},\"thumbnailUrl\":\"https:\\\/\\\/naturalpoland.com\\\/wp-content\\\/uploads\\\/jagody-dla-zwierzat.jpg\",\"datePublished\":\"2023-08-11T11:46:45+00:00\",\"description\":\"Runsaasti antioksidantteja, vitamiineja, kivenn\u00e4isaineita ja kuituja sis\u00e4lt\u00e4v\u00e4t marjat ovat luonnollinen l\u00e4hde, joka tarjoaa monia terveyshy\u00f6tyj\u00e4, jotka tukevat el\u00e4inten yleist\u00e4 terveytt\u00e4.\",\"breadcrumb\":{\"@id\":\"https:\\\/\\\/naturalpoland.com\\\/fi\\\/tuotteet\\\/raaka-aineet-elainten-rehuille\\\/marjat\\\/#breadcrumb\"},\"inLanguage\":\"fi\",\"potentialAction\":[{\"@type\":\"ReadAction\",\"target\":[\"https:\\\/\\\/naturalpoland.com\\\/fi\\\/tuotteet\\\/raaka-aineet-elainten-rehuille\\\/marjat\\\/\"]}]},{\"@type\":\"ImageObject\",\"inLanguage\":\"fi\",\"@id\":\"https:\\\/\\\/naturalpoland.com\\\/fi\\\/tuotteet\\\/raaka-aineet-elainten-rehuille\\\/marjat\\\/#primaryimage\",\"url\":\"https:\\\/\\\/naturalpoland.com\\\/wp-content\\\/uploads\\\/jagody-dla-zwierzat.jpg\",\"contentUrl\":\"https:\\\/\\\/naturalpoland.com\\\/wp-content\\\/uploads\\\/jagody-dla-zwierzat.jpg\",\"width\":600,\"height\":600,\"caption\":\"marjat el\u00e4imille\"},{\"@type\":\"BreadcrumbList\",\"@id\":\"https:\\\/\\\/naturalpoland.com\\\/fi\\\/tuotteet\\\/raaka-aineet-elainten-rehuille\\\/marjat\\\/#breadcrumb\",\"itemListElement\":[{\"@type\":\"ListItem\",\"position\":1,\"name\":\"Etusivu\",\"item\":\"https:\\\/\\\/naturalpoland.com\\\/fi\\\/\"},{\"@type\":\"ListItem\",\"position\":2,\"name\":\"Tuotteet\",\"item\":\"https:\\\/\\\/naturalpoland.com\\\/fi\\\/tuotteet\\\/\"},{\"@type\":\"ListItem\",\"position\":3,\"name\":\"Marjat\"}]},{\"@type\":\"WebSite\",\"@id\":\"https:\\\/\\\/naturalpoland.com\\\/fi\\\/#website\",\"url\":\"https:\\\/\\\/naturalpoland.com\\\/fi\\\/\",\"name\":\"NATURAL POLAND - RAAKA-AINEIDEN TUKKUJAKELIJA\",\"description\":\"Surowce dla przemys\u0142u spo\u017cywczego, kosmetycznego i farmaceutycznego\",\"publisher\":{\"@id\":\"https:\\\/\\\/naturalpoland.com\\\/fi\\\/#organization\"},\"potentialAction\":[{\"@type\":\"SearchAction\",\"target\":{\"@type\":\"EntryPoint\",\"urlTemplate\":\"https:\\\/\\\/naturalpoland.com\\\/fi\\\/?s={search_term_string}\"},\"query-input\":{\"@type\":\"PropertyValueSpecification\",\"valueRequired\":true,\"valueName\":\"search_term_string\"}}],\"inLanguage\":\"fi\"},{\"@type\":\"Organization\",\"@id\":\"https:\\\/\\\/naturalpoland.com\\\/fi\\\/#organization\",\"name\":\"Natural Poland\",\"url\":\"https:\\\/\\\/naturalpoland.com\\\/fi\\\/\",\"logo\":{\"@type\":\"ImageObject\",\"inLanguage\":\"fi\",\"@id\":\"https:\\\/\\\/naturalpoland.com\\\/fi\\\/#\\\/schema\\\/logo\\\/image\\\/\",\"url\":\"https:\\\/\\\/naturalpoland.com\\\/wp-content\\\/uploads\\\/2021\\\/05\\\/natural-poland-icon.png\",\"contentUrl\":\"https:\\\/\\\/naturalpoland.com\\\/wp-content\\\/uploads\\\/2021\\\/05\\\/natural-poland-icon.png\",\"width\":512,\"height\":512,\"caption\":\"Natural Poland\"},\"image\":{\"@id\":\"https:\\\/\\\/naturalpoland.com\\\/fi\\\/#\\\/schema\\\/logo\\\/image\\\/\"},\"sameAs\":[\"https:\\\/\\\/www.facebook.com\\\/naturalpoland.b2b\",\"https:\\\/\\\/pl.linkedin.com\\\/company\\\/natural-poland\",\"https:\\\/\\\/www.youtube.com\\\/channel\\\/UCgeGGkvOMahZo-xu_MSEWxg\"]}]}<\/script>\n<!-- \/ Yoast SEO plugin. -->","yoast_head_json":{"title":"Marjat - Tukkudistribuutio","description":"Runsaasti antioksidantteja, vitamiineja, kivenn\u00e4isaineita ja kuituja sis\u00e4lt\u00e4v\u00e4t marjat ovat luonnollinen l\u00e4hde, joka tarjoaa monia terveyshy\u00f6tyj\u00e4, jotka tukevat el\u00e4inten yleist\u00e4 terveytt\u00e4.","robots":{"index":"index","follow":"follow","max-snippet":"max-snippet:-1","max-image-preview":"max-image-preview:large","max-video-preview":"max-video-preview:-1"},"canonical":"https:\/\/naturalpoland.com\/fi\/tuotteet\/raaka-aineet-elainten-rehuille\/marjat\/","og_locale":"fi_FI","og_type":"article","og_title":"Marjat - Tukkudistribuutio","og_description":"Runsaasti antioksidantteja, vitamiineja, kivenn\u00e4isaineita ja kuituja sis\u00e4lt\u00e4v\u00e4t marjat ovat luonnollinen l\u00e4hde, joka tarjoaa monia terveyshy\u00f6tyj\u00e4, jotka tukevat el\u00e4inten yleist\u00e4 terveytt\u00e4.","og_url":"https:\/\/naturalpoland.com\/fi\/tuotteet\/raaka-aineet-elainten-rehuille\/marjat\/","og_site_name":"NATURAL POLAND - RAAKA-AINEIDEN TUKKUJAKELIJA","article_publisher":"https:\/\/www.facebook.com\/naturalpoland.b2b","og_image":[{"width":600,"height":600,"url":"https:\/\/naturalpoland.com\/wp-content\/uploads\/jagody-dla-zwierzat.jpg","type":"image\/jpeg"}],"schema":{"@context":"https:\/\/schema.org","@graph":[{"@type":"WebPage","@id":"https:\/\/naturalpoland.com\/fi\/tuotteet\/raaka-aineet-elainten-rehuille\/marjat\/","url":"https:\/\/naturalpoland.com\/fi\/tuotteet\/raaka-aineet-elainten-rehuille\/marjat\/","name":"Marjat - Tukkudistribuutio","isPartOf":{"@id":"https:\/\/naturalpoland.com\/fi\/#website"},"primaryImageOfPage":{"@id":"https:\/\/naturalpoland.com\/fi\/tuotteet\/raaka-aineet-elainten-rehuille\/marjat\/#primaryimage"},"image":{"@id":"https:\/\/naturalpoland.com\/fi\/tuotteet\/raaka-aineet-elainten-rehuille\/marjat\/#primaryimage"},"thumbnailUrl":"https:\/\/naturalpoland.com\/wp-content\/uploads\/jagody-dla-zwierzat.jpg","datePublished":"2023-08-11T11:46:45+00:00","description":"Runsaasti antioksidantteja, vitamiineja, kivenn\u00e4isaineita ja kuituja sis\u00e4lt\u00e4v\u00e4t marjat ovat luonnollinen l\u00e4hde, joka tarjoaa monia terveyshy\u00f6tyj\u00e4, jotka tukevat el\u00e4inten yleist\u00e4 terveytt\u00e4.","breadcrumb":{"@id":"https:\/\/naturalpoland.com\/fi\/tuotteet\/raaka-aineet-elainten-rehuille\/marjat\/#breadcrumb"},"inLanguage":"fi","potentialAction":[{"@type":"ReadAction","target":["https:\/\/naturalpoland.com\/fi\/tuotteet\/raaka-aineet-elainten-rehuille\/marjat\/"]}]},{"@type":"ImageObject","inLanguage":"fi","@id":"https:\/\/naturalpoland.com\/fi\/tuotteet\/raaka-aineet-elainten-rehuille\/marjat\/#primaryimage","url":"https:\/\/naturalpoland.com\/wp-content\/uploads\/jagody-dla-zwierzat.jpg","contentUrl":"https:\/\/naturalpoland.com\/wp-content\/uploads\/jagody-dla-zwierzat.jpg","width":600,"height":600,"caption":"marjat el\u00e4imille"},{"@type":"BreadcrumbList","@id":"https:\/\/naturalpoland.com\/fi\/tuotteet\/raaka-aineet-elainten-rehuille\/marjat\/#breadcrumb","itemListElement":[{"@type":"ListItem","position":1,"name":"Etusivu","item":"https:\/\/naturalpoland.com\/fi\/"},{"@type":"ListItem","position":2,"name":"Tuotteet","item":"https:\/\/naturalpoland.com\/fi\/tuotteet\/"},{"@type":"ListItem","position":3,"name":"Marjat"}]},{"@type":"WebSite","@id":"https:\/\/naturalpoland.com\/fi\/#website","url":"https:\/\/naturalpoland.com\/fi\/","name":"NATURAL POLAND - RAAKA-AINEIDEN TUKKUJAKELIJA","description":"Surowce dla przemys\u0142u spo\u017cywczego, kosmetycznego i farmaceutycznego","publisher":{"@id":"https:\/\/naturalpoland.com\/fi\/#organization"},"potentialAction":[{"@type":"SearchAction","target":{"@type":"EntryPoint","urlTemplate":"https:\/\/naturalpoland.com\/fi\/?s={search_term_string}"},"query-input":{"@type":"PropertyValueSpecification","valueRequired":true,"valueName":"search_term_string"}}],"inLanguage":"fi"},{"@type":"Organization","@id":"https:\/\/naturalpoland.com\/fi\/#organization","name":"Natural Poland","url":"https:\/\/naturalpoland.com\/fi\/","logo":{"@type":"ImageObject","inLanguage":"fi","@id":"https:\/\/naturalpoland.com\/fi\/#\/schema\/logo\/image\/","url":"https:\/\/naturalpoland.com\/wp-content\/uploads\/2021\/05\/natural-poland-icon.png","contentUrl":"https:\/\/naturalpoland.com\/wp-content\/uploads\/2021\/05\/natural-poland-icon.png","width":512,"height":512,"caption":"Natural Poland"},"image":{"@id":"https:\/\/naturalpoland.com\/fi\/#\/schema\/logo\/image\/"},"sameAs":["https:\/\/www.facebook.com\/naturalpoland.b2b","https:\/\/pl.linkedin.com\/company\/natural-poland","https:\/\/www.youtube.com\/channel\/UCgeGGkvOMahZo-xu_MSEWxg"]}]}},"_links":{"self":[{"href":"https:\/\/naturalpoland.com\/fi\/wp-json\/wp\/v2\/product\/25035","targetHints":{"allow":["GET"]}}],"collection":[{"href":"https:\/\/naturalpoland.com\/fi\/wp-json\/wp\/v2\/product"}],"about":[{"href":"https:\/\/naturalpoland.com\/fi\/wp-json\/wp\/v2\/types\/product"}],"wp:featuredmedia":[{"embeddable":true,"href":"https:\/\/naturalpoland.com\/fi\/wp-json\/wp\/v2\/media\/25008"}],"wp:attachment":[{"href":"https:\/\/naturalpoland.com\/fi\/wp-json\/wp\/v2\/media?parent=25035"}],"wp:term":[{"taxonomy":"product_brand","embeddable":true,"href":"https:\/\/naturalpoland.com\/fi\/wp-json\/wp\/v2\/product_brand?post=25035"},{"taxonomy":"product_cat","embeddable":true,"href":"https:\/\/naturalpoland.com\/fi\/wp-json\/wp\/v2\/product_cat?post=25035"},{"taxonomy":"product_tag","embeddable":true,"href":"https:\/\/naturalpoland.com\/fi\/wp-json\/wp\/v2\/product_tag?post=25035"}],"curies":[{"name":"wp","href":"https:\/\/api.w.org\/{rel}","templated":true}]}}