{"id":25040,"date":"2023-08-11T13:04:03","date_gmt":"2023-08-11T11:46:48","guid":{"rendered":"https:\/\/naturalpoland.com\/produkty\/Ei-luokiteltu\/kuivatut-vihannekset\/"},"modified":"2023-08-11T13:46:48","modified_gmt":"2023-08-11T11:46:48","slug":"vihannekset-kuivatut","status":"publish","type":"product","link":"https:\/\/naturalpoland.com\/fi\/tuotteet\/raaka-aineet-elainten-rehuille\/vihannekset-kuivatut\/","title":{"rendered":"Kuivatut vihannekset"},"content":{"rendered":"<p>Tarjoamme laajan valikoiman kuivattuja vihanneksia, jotka on k\u00e4sitelty korkeimpien laatuvaatimusten mukaisesti.<\/p>\n<ul>\n<li><strong>Papuhiutaleet<\/strong>: Erinomainen proteiinin ja kuitujen l\u00e4hde. Ihanteellinen rehuseoksen rikastamiseen.<\/li>\n<li><strong>Parsakaali<\/strong>: Runsaasti vitamiineja, kuten C- ja K-vitamiinia, ja antioksidantteja.<\/li>\n<li><strong>Hernehiutaleet<\/strong>: Ne sis\u00e4lt\u00e4v\u00e4t paljon proteiinia ja ovat erinomainen kuidun l\u00e4hde.<\/li>\n<li><strong>Kurkkuviipaleet<\/strong>: Suuri kaliumin ja K-vitamiinin l\u00e4hde.<\/li>\n<li><strong>Johanneksenleip\u00e4<\/strong>: Luonnollinen makeutusaine, joka sis\u00e4lt\u00e4\u00e4 runsaasti vitamiineja ja kivenn\u00e4isaineita.<\/li>\n<li><strong>Porkkanakuutiot ja -viipaleet<\/strong>: Anna beetakaroteenia ja B-vitamiineja.<\/li>\n<li><strong>Perunakuutiot ja -hiutaleet<\/strong>: C-vitamiinin ja kaliumin l\u00e4hde.<\/li>\n<li><strong>Kurpitsahiutaleet<\/strong>: sis\u00e4lt\u00e4v\u00e4t runsaasti magnesiumia, rautaa ja arvokkaita antioksidantteja.<\/li>\n<li><strong>Purjohiutaleet<\/strong>: Ne sis\u00e4lt\u00e4v\u00e4t rautaa, kuitua ja A-vitamiinia.<\/li>\n<li><strong>Punaiset ja vihre\u00e4t paprikat<\/strong>: runsaasti C-vitamiinia ja beetakaroteenia.<\/li>\n<li><strong>Palsternakat<\/strong>: Palsternakka: Paljon C-vitamiinia, folaattia ja kaliumia.<\/li>\n<li><strong>Punajuuri<\/strong>: Sis\u00e4lt\u00e4\u00e4 betaniinia, jolla on antioksidanttinen vaikutus.<\/li>\n<li><strong>Sellerihiutaleet<\/strong>: B-vitamiinien ja kaliumin l\u00e4hde.<\/li>\n<li><strong>Bataatti<\/strong>: Runsaasti A-vitamiinia ja kuitua.<\/li>\n<li><strong>Tomaattihiutaleet<\/strong>: Kaliumin antioksidantti licopeenin l\u00e4hde.<\/li>\n<li><strong>Maa-artisokka<\/strong>: Sis\u00e4lt\u00e4\u00e4 inuliinia, prebioottista kuitua.<\/li>\n<li><strong>Kaalihiutaleet<\/strong>: Paljon C- ja K-vitamiinia.<\/li>\n<li><strong>Kes\u00e4kurpitsat kuutioina<\/strong>: C-vitamiinin ja kaliumin l\u00e4hde.<\/li>\n<\/ul>\n","protected":false},"excerpt":{"rendered":"<p>Kasvikset ovat monien el\u00e4inten ruokavalion keskeinen ainesosa, josta ne saavat v\u00e4ltt\u00e4m\u00e4tt\u00f6mi\u00e4 vitamiineja, kivenn\u00e4isaineita ja kuituja. Vihannesten kuivaaminen s\u00e4ilytt\u00e4\u00e4 n\u00e4m\u00e4 arvokkaat ravintoaineet ja pident\u00e4\u00e4 niiden s\u00e4ilyvyytt\u00e4.<\/p>\n","protected":false},"featured_media":24984,"template":"","meta":{"_acf_changed":false},"product_brand":[],"product_cat":[2509],"product_tag":[],"class_list":{"0":"post-25040","1":"product","2":"type-product","3":"status-publish","4":"has-post-thumbnail","6":"product_cat-raaka-aineet-elainten-rehuille","8":"first","9":"instock","10":"shipping-taxable","11":"product-type-simple"},"acf":[],"yoast_head":"<!-- This site is optimized with the Yoast SEO plugin v27.4 - https:\/\/yoast.com\/product\/yoast-seo-wordpress\/ -->\n<title>Kuivatut vihannekset - Tukkudistribuutio<\/title>\n<meta name=\"description\" content=\"Tarjoamme laajan valikoiman kuivattuja vihanneksia, jotka on k\u00e4sitelty korkeimpien laatuvaatimusten mukaisesti.\" \/>\n<meta name=\"robots\" content=\"index, follow, max-snippet:-1, max-image-preview:large, max-video-preview:-1\" \/>\n<link rel=\"canonical\" href=\"https:\/\/naturalpoland.com\/fi\/tuotteet\/raaka-aineet-elainten-rehuille\/vihannekset-kuivatut\/\" \/>\n<meta property=\"og:locale\" content=\"fi_FI\" \/>\n<meta property=\"og:type\" content=\"article\" \/>\n<meta property=\"og:title\" content=\"Kuivatut vihannekset - Tukkudistribuutio\" \/>\n<meta property=\"og:description\" content=\"Tarjoamme laajan valikoiman kuivattuja vihanneksia, jotka on k\u00e4sitelty korkeimpien laatuvaatimusten mukaisesti.\" \/>\n<meta property=\"og:url\" content=\"https:\/\/naturalpoland.com\/fi\/tuotteet\/raaka-aineet-elainten-rehuille\/vihannekset-kuivatut\/\" \/>\n<meta property=\"og:site_name\" content=\"NATURAL POLAND - RAAKA-AINEIDEN TUKKUJAKELIJA\" \/>\n<meta property=\"article:publisher\" content=\"https:\/\/www.facebook.com\/naturalpoland.b2b\" \/>\n<meta property=\"og:image\" content=\"https:\/\/naturalpoland.com\/wp-content\/uploads\/warzywa-suszone.jpg\" \/>\n\t<meta property=\"og:image:width\" content=\"600\" \/>\n\t<meta property=\"og:image:height\" content=\"600\" \/>\n\t<meta property=\"og:image:type\" content=\"image\/jpeg\" \/>\n<script type=\"application\/ld+json\" class=\"yoast-schema-graph\">{\"@context\":\"https:\\\/\\\/schema.org\",\"@graph\":[{\"@type\":\"WebPage\",\"@id\":\"https:\\\/\\\/naturalpoland.com\\\/fi\\\/tuotteet\\\/raaka-aineet-elainten-rehuille\\\/vihannekset-kuivatut\\\/\",\"url\":\"https:\\\/\\\/naturalpoland.com\\\/fi\\\/tuotteet\\\/raaka-aineet-elainten-rehuille\\\/vihannekset-kuivatut\\\/\",\"name\":\"Kuivatut vihannekset - Tukkudistribuutio\",\"isPartOf\":{\"@id\":\"https:\\\/\\\/naturalpoland.com\\\/fi\\\/#website\"},\"primaryImageOfPage\":{\"@id\":\"https:\\\/\\\/naturalpoland.com\\\/fi\\\/tuotteet\\\/raaka-aineet-elainten-rehuille\\\/vihannekset-kuivatut\\\/#primaryimage\"},\"image\":{\"@id\":\"https:\\\/\\\/naturalpoland.com\\\/fi\\\/tuotteet\\\/raaka-aineet-elainten-rehuille\\\/vihannekset-kuivatut\\\/#primaryimage\"},\"thumbnailUrl\":\"https:\\\/\\\/naturalpoland.com\\\/wp-content\\\/uploads\\\/warzywa-suszone.jpg\",\"datePublished\":\"2023-08-11T11:46:48+00:00\",\"description\":\"Tarjoamme laajan valikoiman kuivattuja vihanneksia, jotka on k\u00e4sitelty korkeimpien laatuvaatimusten mukaisesti.\",\"breadcrumb\":{\"@id\":\"https:\\\/\\\/naturalpoland.com\\\/fi\\\/tuotteet\\\/raaka-aineet-elainten-rehuille\\\/vihannekset-kuivatut\\\/#breadcrumb\"},\"inLanguage\":\"fi\",\"potentialAction\":[{\"@type\":\"ReadAction\",\"target\":[\"https:\\\/\\\/naturalpoland.com\\\/fi\\\/tuotteet\\\/raaka-aineet-elainten-rehuille\\\/vihannekset-kuivatut\\\/\"]}]},{\"@type\":\"ImageObject\",\"inLanguage\":\"fi\",\"@id\":\"https:\\\/\\\/naturalpoland.com\\\/fi\\\/tuotteet\\\/raaka-aineet-elainten-rehuille\\\/vihannekset-kuivatut\\\/#primaryimage\",\"url\":\"https:\\\/\\\/naturalpoland.com\\\/wp-content\\\/uploads\\\/warzywa-suszone.jpg\",\"contentUrl\":\"https:\\\/\\\/naturalpoland.com\\\/wp-content\\\/uploads\\\/warzywa-suszone.jpg\",\"width\":600,\"height\":600,\"caption\":\"kuivatut vihannekset\"},{\"@type\":\"BreadcrumbList\",\"@id\":\"https:\\\/\\\/naturalpoland.com\\\/fi\\\/tuotteet\\\/raaka-aineet-elainten-rehuille\\\/vihannekset-kuivatut\\\/#breadcrumb\",\"itemListElement\":[{\"@type\":\"ListItem\",\"position\":1,\"name\":\"Etusivu\",\"item\":\"https:\\\/\\\/naturalpoland.com\\\/fi\\\/\"},{\"@type\":\"ListItem\",\"position\":2,\"name\":\"Tuotteet\",\"item\":\"https:\\\/\\\/naturalpoland.com\\\/fi\\\/tuotteet\\\/\"},{\"@type\":\"ListItem\",\"position\":3,\"name\":\"Kuivatut vihannekset\"}]},{\"@type\":\"WebSite\",\"@id\":\"https:\\\/\\\/naturalpoland.com\\\/fi\\\/#website\",\"url\":\"https:\\\/\\\/naturalpoland.com\\\/fi\\\/\",\"name\":\"NATURAL POLAND - RAAKA-AINEIDEN TUKKUJAKELIJA\",\"description\":\"Surowce dla przemys\u0142u spo\u017cywczego, kosmetycznego i farmaceutycznego\",\"publisher\":{\"@id\":\"https:\\\/\\\/naturalpoland.com\\\/fi\\\/#organization\"},\"potentialAction\":[{\"@type\":\"SearchAction\",\"target\":{\"@type\":\"EntryPoint\",\"urlTemplate\":\"https:\\\/\\\/naturalpoland.com\\\/fi\\\/?s={search_term_string}\"},\"query-input\":{\"@type\":\"PropertyValueSpecification\",\"valueRequired\":true,\"valueName\":\"search_term_string\"}}],\"inLanguage\":\"fi\"},{\"@type\":\"Organization\",\"@id\":\"https:\\\/\\\/naturalpoland.com\\\/fi\\\/#organization\",\"name\":\"Natural Poland\",\"url\":\"https:\\\/\\\/naturalpoland.com\\\/fi\\\/\",\"logo\":{\"@type\":\"ImageObject\",\"inLanguage\":\"fi\",\"@id\":\"https:\\\/\\\/naturalpoland.com\\\/fi\\\/#\\\/schema\\\/logo\\\/image\\\/\",\"url\":\"https:\\\/\\\/naturalpoland.com\\\/wp-content\\\/uploads\\\/2021\\\/05\\\/natural-poland-icon.png\",\"contentUrl\":\"https:\\\/\\\/naturalpoland.com\\\/wp-content\\\/uploads\\\/2021\\\/05\\\/natural-poland-icon.png\",\"width\":512,\"height\":512,\"caption\":\"Natural Poland\"},\"image\":{\"@id\":\"https:\\\/\\\/naturalpoland.com\\\/fi\\\/#\\\/schema\\\/logo\\\/image\\\/\"},\"sameAs\":[\"https:\\\/\\\/www.facebook.com\\\/naturalpoland.b2b\",\"https:\\\/\\\/pl.linkedin.com\\\/company\\\/natural-poland\",\"https:\\\/\\\/www.youtube.com\\\/channel\\\/UCgeGGkvOMahZo-xu_MSEWxg\"]}]}<\/script>\n<!-- \/ Yoast SEO plugin. -->","yoast_head_json":{"title":"Kuivatut vihannekset - Tukkudistribuutio","description":"Tarjoamme laajan valikoiman kuivattuja vihanneksia, jotka on k\u00e4sitelty korkeimpien laatuvaatimusten mukaisesti.","robots":{"index":"index","follow":"follow","max-snippet":"max-snippet:-1","max-image-preview":"max-image-preview:large","max-video-preview":"max-video-preview:-1"},"canonical":"https:\/\/naturalpoland.com\/fi\/tuotteet\/raaka-aineet-elainten-rehuille\/vihannekset-kuivatut\/","og_locale":"fi_FI","og_type":"article","og_title":"Kuivatut vihannekset - Tukkudistribuutio","og_description":"Tarjoamme laajan valikoiman kuivattuja vihanneksia, jotka on k\u00e4sitelty korkeimpien laatuvaatimusten mukaisesti.","og_url":"https:\/\/naturalpoland.com\/fi\/tuotteet\/raaka-aineet-elainten-rehuille\/vihannekset-kuivatut\/","og_site_name":"NATURAL POLAND - RAAKA-AINEIDEN TUKKUJAKELIJA","article_publisher":"https:\/\/www.facebook.com\/naturalpoland.b2b","og_image":[{"width":600,"height":600,"url":"https:\/\/naturalpoland.com\/wp-content\/uploads\/warzywa-suszone.jpg","type":"image\/jpeg"}],"schema":{"@context":"https:\/\/schema.org","@graph":[{"@type":"WebPage","@id":"https:\/\/naturalpoland.com\/fi\/tuotteet\/raaka-aineet-elainten-rehuille\/vihannekset-kuivatut\/","url":"https:\/\/naturalpoland.com\/fi\/tuotteet\/raaka-aineet-elainten-rehuille\/vihannekset-kuivatut\/","name":"Kuivatut vihannekset - Tukkudistribuutio","isPartOf":{"@id":"https:\/\/naturalpoland.com\/fi\/#website"},"primaryImageOfPage":{"@id":"https:\/\/naturalpoland.com\/fi\/tuotteet\/raaka-aineet-elainten-rehuille\/vihannekset-kuivatut\/#primaryimage"},"image":{"@id":"https:\/\/naturalpoland.com\/fi\/tuotteet\/raaka-aineet-elainten-rehuille\/vihannekset-kuivatut\/#primaryimage"},"thumbnailUrl":"https:\/\/naturalpoland.com\/wp-content\/uploads\/warzywa-suszone.jpg","datePublished":"2023-08-11T11:46:48+00:00","description":"Tarjoamme laajan valikoiman kuivattuja vihanneksia, jotka on k\u00e4sitelty korkeimpien laatuvaatimusten mukaisesti.","breadcrumb":{"@id":"https:\/\/naturalpoland.com\/fi\/tuotteet\/raaka-aineet-elainten-rehuille\/vihannekset-kuivatut\/#breadcrumb"},"inLanguage":"fi","potentialAction":[{"@type":"ReadAction","target":["https:\/\/naturalpoland.com\/fi\/tuotteet\/raaka-aineet-elainten-rehuille\/vihannekset-kuivatut\/"]}]},{"@type":"ImageObject","inLanguage":"fi","@id":"https:\/\/naturalpoland.com\/fi\/tuotteet\/raaka-aineet-elainten-rehuille\/vihannekset-kuivatut\/#primaryimage","url":"https:\/\/naturalpoland.com\/wp-content\/uploads\/warzywa-suszone.jpg","contentUrl":"https:\/\/naturalpoland.com\/wp-content\/uploads\/warzywa-suszone.jpg","width":600,"height":600,"caption":"kuivatut vihannekset"},{"@type":"BreadcrumbList","@id":"https:\/\/naturalpoland.com\/fi\/tuotteet\/raaka-aineet-elainten-rehuille\/vihannekset-kuivatut\/#breadcrumb","itemListElement":[{"@type":"ListItem","position":1,"name":"Etusivu","item":"https:\/\/naturalpoland.com\/fi\/"},{"@type":"ListItem","position":2,"name":"Tuotteet","item":"https:\/\/naturalpoland.com\/fi\/tuotteet\/"},{"@type":"ListItem","position":3,"name":"Kuivatut vihannekset"}]},{"@type":"WebSite","@id":"https:\/\/naturalpoland.com\/fi\/#website","url":"https:\/\/naturalpoland.com\/fi\/","name":"NATURAL POLAND - RAAKA-AINEIDEN TUKKUJAKELIJA","description":"Surowce dla przemys\u0142u spo\u017cywczego, kosmetycznego i farmaceutycznego","publisher":{"@id":"https:\/\/naturalpoland.com\/fi\/#organization"},"potentialAction":[{"@type":"SearchAction","target":{"@type":"EntryPoint","urlTemplate":"https:\/\/naturalpoland.com\/fi\/?s={search_term_string}"},"query-input":{"@type":"PropertyValueSpecification","valueRequired":true,"valueName":"search_term_string"}}],"inLanguage":"fi"},{"@type":"Organization","@id":"https:\/\/naturalpoland.com\/fi\/#organization","name":"Natural Poland","url":"https:\/\/naturalpoland.com\/fi\/","logo":{"@type":"ImageObject","inLanguage":"fi","@id":"https:\/\/naturalpoland.com\/fi\/#\/schema\/logo\/image\/","url":"https:\/\/naturalpoland.com\/wp-content\/uploads\/2021\/05\/natural-poland-icon.png","contentUrl":"https:\/\/naturalpoland.com\/wp-content\/uploads\/2021\/05\/natural-poland-icon.png","width":512,"height":512,"caption":"Natural Poland"},"image":{"@id":"https:\/\/naturalpoland.com\/fi\/#\/schema\/logo\/image\/"},"sameAs":["https:\/\/www.facebook.com\/naturalpoland.b2b","https:\/\/pl.linkedin.com\/company\/natural-poland","https:\/\/www.youtube.com\/channel\/UCgeGGkvOMahZo-xu_MSEWxg"]}]}},"_links":{"self":[{"href":"https:\/\/naturalpoland.com\/fi\/wp-json\/wp\/v2\/product\/25040","targetHints":{"allow":["GET"]}}],"collection":[{"href":"https:\/\/naturalpoland.com\/fi\/wp-json\/wp\/v2\/product"}],"about":[{"href":"https:\/\/naturalpoland.com\/fi\/wp-json\/wp\/v2\/types\/product"}],"wp:featuredmedia":[{"embeddable":true,"href":"https:\/\/naturalpoland.com\/fi\/wp-json\/wp\/v2\/media\/24984"}],"wp:attachment":[{"href":"https:\/\/naturalpoland.com\/fi\/wp-json\/wp\/v2\/media?parent=25040"}],"wp:term":[{"taxonomy":"product_brand","embeddable":true,"href":"https:\/\/naturalpoland.com\/fi\/wp-json\/wp\/v2\/product_brand?post=25040"},{"taxonomy":"product_cat","embeddable":true,"href":"https:\/\/naturalpoland.com\/fi\/wp-json\/wp\/v2\/product_cat?post=25040"},{"taxonomy":"product_tag","embeddable":true,"href":"https:\/\/naturalpoland.com\/fi\/wp-json\/wp\/v2\/product_tag?post=25040"}],"curies":[{"name":"wp","href":"https:\/\/api.w.org\/{rel}","templated":true}]}}