{"id":25042,"date":"2023-08-11T13:26:40","date_gmt":"2023-08-11T11:46:53","guid":{"rendered":"https:\/\/naturalpoland.com\/produkty\/Ei-luokiteltu\/kuivatut-hedelmat\/"},"modified":"2023-08-11T13:46:53","modified_gmt":"2023-08-11T11:46:53","slug":"hedelmakuivattu","status":"publish","type":"product","link":"https:\/\/naturalpoland.com\/fi\/tuotteet\/raaka-aineet-elainten-rehuille\/hedelmakuivattu\/","title":{"rendered":"Kuivatut hedelm\u00e4t"},"content":{"rendered":"<ul>\n<li><strong>Omenasipsien keskiosa<\/strong>: tuoreen omenan monivuotinen maku, C-vitamiinin ja kuitujen l\u00e4hde.<\/li>\n<li><strong>Omenakuutiot<\/strong>: Tiivistetyt omenaedut kompaktissa muodossa, ihanteellinen pienille el\u00e4imille.<\/li>\n<li><strong>Murskatut omenasipseet<\/strong>: t\u00e4ydellisi\u00e4 ruokasekoituksessa tai erillisen\u00e4 herkkuna.<\/li>\n<li><strong>Ananaksen kuutiot<\/strong>: Se on ruoansulatusentsyymi, joka auttaa sulattamaan proteiineja.<\/li>\n<li><strong>Banaanilastut rikottuina, makeuttamattomina<\/strong>: Luonnollinen makeus ilman lis\u00e4tty\u00e4 sokeria, kaliumin l\u00e4hde.<\/li>\n<li><strong>Kokonaiset banaanilastut, makeuttamattomat<\/strong>: Erinomainen valinta jyrsij\u00f6ille.<\/li>\n<li><strong>P\u00e4\u00e4ryn\u00e4kuutiot<\/strong>: Ne sis\u00e4lt\u00e4v\u00e4t A- ja C-vitamiinia ja t\u00e4rkeit\u00e4 kivenn\u00e4isaineita.<\/li>\n<li><strong>Mansikka<\/strong>: Antioksidanttien, C-vitamiinin ja kuitujen l\u00e4hde.<\/li>\n<li><strong>Ruusunmarjan hedelm\u00e4t ja kuoret<\/strong>: Runsaasti C-vitamiinia, tukee immuunij\u00e4rjestelm\u00e4\u00e4.<\/li>\n<li>Ruusunmarjan <strong>kuorijauhe<\/strong>: Ruusunmarjan hy\u00f6tyjen konsentraatti muodossa, joka on helppo lis\u00e4t\u00e4 rehuun.<\/li>\n<li><strong>Vadelma<\/strong>: Tarjoaa t\u00e4rkeit\u00e4 antioksidantteja ja on runsas C-vitamiinin l\u00e4hde.<\/li>\n<li><strong>Kookoslastut ja kookosjauho<\/strong>: Terveellisten rasvojen ja energian l\u00e4hde, jossa on herkk\u00e4 maku.<\/li>\n<li><strong>Mangokuutiot<\/strong>: Ne sis\u00e4lt\u00e4v\u00e4t monia vitamiineja ja kivenn\u00e4isaineita, kuten A-, E- ja C-vitamiinia.<\/li>\n<li><strong>Papa-kuutioita<\/strong>: C- ja A-vitamiinin l\u00e4hde.<\/li>\n<\/ul>\n","protected":false},"excerpt":{"rendered":"<p>Hedelm\u00e4t ovat t\u00e4rke\u00e4 lis\u00e4 monien el\u00e4inlajien ruokavalioon, sill\u00e4 ne tarjoavat vitamiineja, kivenn\u00e4isaineita ja luonnollisia sokereita, jotka tuottavat energiaa elimist\u00f6lle. Kuivatut hedelm\u00e4t s\u00e4ilytt\u00e4v\u00e4t ravitsemukselliset ominaisuutensa, mutta niiden s\u00e4ilyvyysaika on my\u00f6s pidempi ja ne ovat monien el\u00e4inten herkkua.<\/p>\n","protected":false},"featured_media":24996,"template":"","meta":{"_acf_changed":false},"product_brand":[],"product_cat":[2509],"product_tag":[],"class_list":{"0":"post-25042","1":"product","2":"type-product","3":"status-publish","4":"has-post-thumbnail","6":"product_cat-raaka-aineet-elainten-rehuille","8":"first","9":"instock","10":"shipping-taxable","11":"product-type-simple"},"acf":[],"yoast_head":"<!-- This site is optimized with the Yoast SEO plugin v27.4 - https:\/\/yoast.com\/product\/yoast-seo-wordpress\/ -->\n<title>Kuivatut hedelm\u00e4t - Tukkudistribuutio<\/title>\n<meta name=\"description\" content=\"Kuivatut hedelm\u00e4t s\u00e4ilytt\u00e4v\u00e4t ravitsemukselliset ominaisuutensa, mutta niiden s\u00e4ilyvyysaika on my\u00f6s pidempi ja ne ovat monien el\u00e4inten herkkua.\" \/>\n<meta name=\"robots\" content=\"index, follow, max-snippet:-1, max-image-preview:large, max-video-preview:-1\" \/>\n<link rel=\"canonical\" href=\"https:\/\/naturalpoland.com\/fi\/tuotteet\/raaka-aineet-elainten-rehuille\/hedelmakuivattu\/\" \/>\n<meta property=\"og:locale\" content=\"fi_FI\" \/>\n<meta property=\"og:type\" content=\"article\" \/>\n<meta property=\"og:title\" content=\"Kuivatut hedelm\u00e4t - Tukkudistribuutio\" \/>\n<meta property=\"og:description\" content=\"Kuivatut hedelm\u00e4t s\u00e4ilytt\u00e4v\u00e4t ravitsemukselliset ominaisuutensa, mutta niiden s\u00e4ilyvyysaika on my\u00f6s pidempi ja ne ovat monien el\u00e4inten herkkua.\" \/>\n<meta property=\"og:url\" content=\"https:\/\/naturalpoland.com\/fi\/tuotteet\/raaka-aineet-elainten-rehuille\/hedelmakuivattu\/\" \/>\n<meta property=\"og:site_name\" content=\"NATURAL POLAND - RAAKA-AINEIDEN TUKKUJAKELIJA\" \/>\n<meta property=\"article:publisher\" content=\"https:\/\/www.facebook.com\/naturalpoland.b2b\" \/>\n<meta property=\"og:image\" content=\"https:\/\/naturalpoland.com\/wp-content\/uploads\/owoce-suszone.jpg\" \/>\n\t<meta property=\"og:image:width\" content=\"600\" \/>\n\t<meta property=\"og:image:height\" content=\"600\" \/>\n\t<meta property=\"og:image:type\" content=\"image\/jpeg\" \/>\n<script type=\"application\/ld+json\" class=\"yoast-schema-graph\">{\"@context\":\"https:\\\/\\\/schema.org\",\"@graph\":[{\"@type\":\"WebPage\",\"@id\":\"https:\\\/\\\/naturalpoland.com\\\/fi\\\/tuotteet\\\/raaka-aineet-elainten-rehuille\\\/hedelmakuivattu\\\/\",\"url\":\"https:\\\/\\\/naturalpoland.com\\\/fi\\\/tuotteet\\\/raaka-aineet-elainten-rehuille\\\/hedelmakuivattu\\\/\",\"name\":\"Kuivatut hedelm\u00e4t - Tukkudistribuutio\",\"isPartOf\":{\"@id\":\"https:\\\/\\\/naturalpoland.com\\\/fi\\\/#website\"},\"primaryImageOfPage\":{\"@id\":\"https:\\\/\\\/naturalpoland.com\\\/fi\\\/tuotteet\\\/raaka-aineet-elainten-rehuille\\\/hedelmakuivattu\\\/#primaryimage\"},\"image\":{\"@id\":\"https:\\\/\\\/naturalpoland.com\\\/fi\\\/tuotteet\\\/raaka-aineet-elainten-rehuille\\\/hedelmakuivattu\\\/#primaryimage\"},\"thumbnailUrl\":\"https:\\\/\\\/naturalpoland.com\\\/wp-content\\\/uploads\\\/owoce-suszone.jpg\",\"datePublished\":\"2023-08-11T11:46:53+00:00\",\"description\":\"Kuivatut hedelm\u00e4t s\u00e4ilytt\u00e4v\u00e4t ravitsemukselliset ominaisuutensa, mutta niiden s\u00e4ilyvyysaika on my\u00f6s pidempi ja ne ovat monien el\u00e4inten herkkua.\",\"breadcrumb\":{\"@id\":\"https:\\\/\\\/naturalpoland.com\\\/fi\\\/tuotteet\\\/raaka-aineet-elainten-rehuille\\\/hedelmakuivattu\\\/#breadcrumb\"},\"inLanguage\":\"fi\",\"potentialAction\":[{\"@type\":\"ReadAction\",\"target\":[\"https:\\\/\\\/naturalpoland.com\\\/fi\\\/tuotteet\\\/raaka-aineet-elainten-rehuille\\\/hedelmakuivattu\\\/\"]}]},{\"@type\":\"ImageObject\",\"inLanguage\":\"fi\",\"@id\":\"https:\\\/\\\/naturalpoland.com\\\/fi\\\/tuotteet\\\/raaka-aineet-elainten-rehuille\\\/hedelmakuivattu\\\/#primaryimage\",\"url\":\"https:\\\/\\\/naturalpoland.com\\\/wp-content\\\/uploads\\\/owoce-suszone.jpg\",\"contentUrl\":\"https:\\\/\\\/naturalpoland.com\\\/wp-content\\\/uploads\\\/owoce-suszone.jpg\",\"width\":600,\"height\":600,\"caption\":\"kuivatut hedelm\u00e4t\"},{\"@type\":\"BreadcrumbList\",\"@id\":\"https:\\\/\\\/naturalpoland.com\\\/fi\\\/tuotteet\\\/raaka-aineet-elainten-rehuille\\\/hedelmakuivattu\\\/#breadcrumb\",\"itemListElement\":[{\"@type\":\"ListItem\",\"position\":1,\"name\":\"Etusivu\",\"item\":\"https:\\\/\\\/naturalpoland.com\\\/fi\\\/\"},{\"@type\":\"ListItem\",\"position\":2,\"name\":\"Tuotteet\",\"item\":\"https:\\\/\\\/naturalpoland.com\\\/fi\\\/tuotteet\\\/\"},{\"@type\":\"ListItem\",\"position\":3,\"name\":\"Kuivatut hedelm\u00e4t\"}]},{\"@type\":\"WebSite\",\"@id\":\"https:\\\/\\\/naturalpoland.com\\\/fi\\\/#website\",\"url\":\"https:\\\/\\\/naturalpoland.com\\\/fi\\\/\",\"name\":\"NATURAL POLAND - RAAKA-AINEIDEN TUKKUJAKELIJA\",\"description\":\"Surowce dla przemys\u0142u spo\u017cywczego, kosmetycznego i farmaceutycznego\",\"publisher\":{\"@id\":\"https:\\\/\\\/naturalpoland.com\\\/fi\\\/#organization\"},\"potentialAction\":[{\"@type\":\"SearchAction\",\"target\":{\"@type\":\"EntryPoint\",\"urlTemplate\":\"https:\\\/\\\/naturalpoland.com\\\/fi\\\/?s={search_term_string}\"},\"query-input\":{\"@type\":\"PropertyValueSpecification\",\"valueRequired\":true,\"valueName\":\"search_term_string\"}}],\"inLanguage\":\"fi\"},{\"@type\":\"Organization\",\"@id\":\"https:\\\/\\\/naturalpoland.com\\\/fi\\\/#organization\",\"name\":\"Natural Poland\",\"url\":\"https:\\\/\\\/naturalpoland.com\\\/fi\\\/\",\"logo\":{\"@type\":\"ImageObject\",\"inLanguage\":\"fi\",\"@id\":\"https:\\\/\\\/naturalpoland.com\\\/fi\\\/#\\\/schema\\\/logo\\\/image\\\/\",\"url\":\"https:\\\/\\\/naturalpoland.com\\\/wp-content\\\/uploads\\\/2021\\\/05\\\/natural-poland-icon.png\",\"contentUrl\":\"https:\\\/\\\/naturalpoland.com\\\/wp-content\\\/uploads\\\/2021\\\/05\\\/natural-poland-icon.png\",\"width\":512,\"height\":512,\"caption\":\"Natural Poland\"},\"image\":{\"@id\":\"https:\\\/\\\/naturalpoland.com\\\/fi\\\/#\\\/schema\\\/logo\\\/image\\\/\"},\"sameAs\":[\"https:\\\/\\\/www.facebook.com\\\/naturalpoland.b2b\",\"https:\\\/\\\/pl.linkedin.com\\\/company\\\/natural-poland\",\"https:\\\/\\\/www.youtube.com\\\/channel\\\/UCgeGGkvOMahZo-xu_MSEWxg\"]}]}<\/script>\n<!-- \/ Yoast SEO plugin. -->","yoast_head_json":{"title":"Kuivatut hedelm\u00e4t - Tukkudistribuutio","description":"Kuivatut hedelm\u00e4t s\u00e4ilytt\u00e4v\u00e4t ravitsemukselliset ominaisuutensa, mutta niiden s\u00e4ilyvyysaika on my\u00f6s pidempi ja ne ovat monien el\u00e4inten herkkua.","robots":{"index":"index","follow":"follow","max-snippet":"max-snippet:-1","max-image-preview":"max-image-preview:large","max-video-preview":"max-video-preview:-1"},"canonical":"https:\/\/naturalpoland.com\/fi\/tuotteet\/raaka-aineet-elainten-rehuille\/hedelmakuivattu\/","og_locale":"fi_FI","og_type":"article","og_title":"Kuivatut hedelm\u00e4t - Tukkudistribuutio","og_description":"Kuivatut hedelm\u00e4t s\u00e4ilytt\u00e4v\u00e4t ravitsemukselliset ominaisuutensa, mutta niiden s\u00e4ilyvyysaika on my\u00f6s pidempi ja ne ovat monien el\u00e4inten herkkua.","og_url":"https:\/\/naturalpoland.com\/fi\/tuotteet\/raaka-aineet-elainten-rehuille\/hedelmakuivattu\/","og_site_name":"NATURAL POLAND - RAAKA-AINEIDEN TUKKUJAKELIJA","article_publisher":"https:\/\/www.facebook.com\/naturalpoland.b2b","og_image":[{"width":600,"height":600,"url":"https:\/\/naturalpoland.com\/wp-content\/uploads\/owoce-suszone.jpg","type":"image\/jpeg"}],"schema":{"@context":"https:\/\/schema.org","@graph":[{"@type":"WebPage","@id":"https:\/\/naturalpoland.com\/fi\/tuotteet\/raaka-aineet-elainten-rehuille\/hedelmakuivattu\/","url":"https:\/\/naturalpoland.com\/fi\/tuotteet\/raaka-aineet-elainten-rehuille\/hedelmakuivattu\/","name":"Kuivatut hedelm\u00e4t - Tukkudistribuutio","isPartOf":{"@id":"https:\/\/naturalpoland.com\/fi\/#website"},"primaryImageOfPage":{"@id":"https:\/\/naturalpoland.com\/fi\/tuotteet\/raaka-aineet-elainten-rehuille\/hedelmakuivattu\/#primaryimage"},"image":{"@id":"https:\/\/naturalpoland.com\/fi\/tuotteet\/raaka-aineet-elainten-rehuille\/hedelmakuivattu\/#primaryimage"},"thumbnailUrl":"https:\/\/naturalpoland.com\/wp-content\/uploads\/owoce-suszone.jpg","datePublished":"2023-08-11T11:46:53+00:00","description":"Kuivatut hedelm\u00e4t s\u00e4ilytt\u00e4v\u00e4t ravitsemukselliset ominaisuutensa, mutta niiden s\u00e4ilyvyysaika on my\u00f6s pidempi ja ne ovat monien el\u00e4inten herkkua.","breadcrumb":{"@id":"https:\/\/naturalpoland.com\/fi\/tuotteet\/raaka-aineet-elainten-rehuille\/hedelmakuivattu\/#breadcrumb"},"inLanguage":"fi","potentialAction":[{"@type":"ReadAction","target":["https:\/\/naturalpoland.com\/fi\/tuotteet\/raaka-aineet-elainten-rehuille\/hedelmakuivattu\/"]}]},{"@type":"ImageObject","inLanguage":"fi","@id":"https:\/\/naturalpoland.com\/fi\/tuotteet\/raaka-aineet-elainten-rehuille\/hedelmakuivattu\/#primaryimage","url":"https:\/\/naturalpoland.com\/wp-content\/uploads\/owoce-suszone.jpg","contentUrl":"https:\/\/naturalpoland.com\/wp-content\/uploads\/owoce-suszone.jpg","width":600,"height":600,"caption":"kuivatut hedelm\u00e4t"},{"@type":"BreadcrumbList","@id":"https:\/\/naturalpoland.com\/fi\/tuotteet\/raaka-aineet-elainten-rehuille\/hedelmakuivattu\/#breadcrumb","itemListElement":[{"@type":"ListItem","position":1,"name":"Etusivu","item":"https:\/\/naturalpoland.com\/fi\/"},{"@type":"ListItem","position":2,"name":"Tuotteet","item":"https:\/\/naturalpoland.com\/fi\/tuotteet\/"},{"@type":"ListItem","position":3,"name":"Kuivatut hedelm\u00e4t"}]},{"@type":"WebSite","@id":"https:\/\/naturalpoland.com\/fi\/#website","url":"https:\/\/naturalpoland.com\/fi\/","name":"NATURAL POLAND - RAAKA-AINEIDEN TUKKUJAKELIJA","description":"Surowce dla przemys\u0142u spo\u017cywczego, kosmetycznego i farmaceutycznego","publisher":{"@id":"https:\/\/naturalpoland.com\/fi\/#organization"},"potentialAction":[{"@type":"SearchAction","target":{"@type":"EntryPoint","urlTemplate":"https:\/\/naturalpoland.com\/fi\/?s={search_term_string}"},"query-input":{"@type":"PropertyValueSpecification","valueRequired":true,"valueName":"search_term_string"}}],"inLanguage":"fi"},{"@type":"Organization","@id":"https:\/\/naturalpoland.com\/fi\/#organization","name":"Natural Poland","url":"https:\/\/naturalpoland.com\/fi\/","logo":{"@type":"ImageObject","inLanguage":"fi","@id":"https:\/\/naturalpoland.com\/fi\/#\/schema\/logo\/image\/","url":"https:\/\/naturalpoland.com\/wp-content\/uploads\/2021\/05\/natural-poland-icon.png","contentUrl":"https:\/\/naturalpoland.com\/wp-content\/uploads\/2021\/05\/natural-poland-icon.png","width":512,"height":512,"caption":"Natural Poland"},"image":{"@id":"https:\/\/naturalpoland.com\/fi\/#\/schema\/logo\/image\/"},"sameAs":["https:\/\/www.facebook.com\/naturalpoland.b2b","https:\/\/pl.linkedin.com\/company\/natural-poland","https:\/\/www.youtube.com\/channel\/UCgeGGkvOMahZo-xu_MSEWxg"]}]}},"_links":{"self":[{"href":"https:\/\/naturalpoland.com\/fi\/wp-json\/wp\/v2\/product\/25042","targetHints":{"allow":["GET"]}}],"collection":[{"href":"https:\/\/naturalpoland.com\/fi\/wp-json\/wp\/v2\/product"}],"about":[{"href":"https:\/\/naturalpoland.com\/fi\/wp-json\/wp\/v2\/types\/product"}],"wp:featuredmedia":[{"embeddable":true,"href":"https:\/\/naturalpoland.com\/fi\/wp-json\/wp\/v2\/media\/24996"}],"wp:attachment":[{"href":"https:\/\/naturalpoland.com\/fi\/wp-json\/wp\/v2\/media?parent=25042"}],"wp:term":[{"taxonomy":"product_brand","embeddable":true,"href":"https:\/\/naturalpoland.com\/fi\/wp-json\/wp\/v2\/product_brand?post=25042"},{"taxonomy":"product_cat","embeddable":true,"href":"https:\/\/naturalpoland.com\/fi\/wp-json\/wp\/v2\/product_cat?post=25042"},{"taxonomy":"product_tag","embeddable":true,"href":"https:\/\/naturalpoland.com\/fi\/wp-json\/wp\/v2\/product_tag?post=25042"}],"curies":[{"name":"wp","href":"https:\/\/api.w.org\/{rel}","templated":true}]}}