{"id":25251,"date":"2023-09-01T09:36:08","date_gmt":"2023-09-01T07:36:08","guid":{"rendered":"https:\/\/naturalpoland.com\/produkty\/Ei-luokiteltu\/kollageeni\/"},"modified":"2026-03-23T11:22:43","modified_gmt":"2026-03-23T10:22:43","slug":"kollageeni","status":"publish","type":"product","link":"https:\/\/naturalpoland.com\/fi\/tuotteet\/laaketeollisuuden-tuotteet\/ravintolisien-ainesosat\/kollageeni\/","title":{"rendered":"Kollageeni"},"content":{"rendered":"<h2>Kalakollageeni<\/h2>\n<p><strong>Tyyppi I:n kalakollageenipeptidi<\/strong> saadaan hydrolysoimalla kalannahasta per\u00e4isin olevaa gelatiinia. Se on puhdas, luonnollinen ainesosa, jonka proteiinipitoisuus kuiva-aineesta on yli 94 %. Se sis\u00e4lt\u00e4\u00e4 18 aminohappoa (mm. glysiini, proliini, hydroksiproliini, arginiini, leusiini, lysiini), joista 7 on v\u00e4ltt\u00e4m\u00e4tt\u00f6mi\u00e4 aminohappoja.  <\/p>\n<p>Tuotetta on saatavana jauheena ja rakeina, joista rakeinen muoto liukenee nopeammin. Sit\u00e4 voidaan k\u00e4ytt\u00e4\u00e4 ravintolisiss\u00e4, kosmeettisissa tuotteissa sek\u00e4 funktionaalisissa elintarvikkeissa. <\/p>\n<p>&nbsp;<\/p>\n<h2 id=\"hydrolizat-kolagenu-z-indyka\">Kalkkunakollageenihydrolysaatti<\/h2>\n<p>El\u00e4inper\u00e4isen kollageenin kontrolloitu hydrolyysi tuottaa seoksen peptidej\u00e4, joilla on erilainen molekyylipaino ja jotka liukenevat eritt\u00e4in hyvin veteen (my\u00f6s alhaisissa l\u00e4mp\u00f6tiloissa) ja joilla on korkea biologinen hy\u00f6tyosuus.<\/p>\n<p>Tarjoamamme kollageeni sis\u00e4lt\u00e4\u00e4 <strong>\u226590 % proteiinia<\/strong> ja sit\u00e4 voi olla saatavilla eri fraktioina (matala, keskim\u00e4\u00e4r\u00e4inen molekyylipaino tai t\u00e4ysi spektri). Tuote sis\u00e4lt\u00e4\u00e4 luonnollisesti esiintyvi\u00e4 rakennekomponentteja: <strong>hydroksiproliini<\/strong> ja <strong>proliini<\/strong>, <strong>glysiini<\/strong> (n. 14,6 g\/100 g proteiinia) sek\u00e4 <strong>glutamiinihappo<\/strong> (~11,4 g\/100 g). Lis\u00e4ksi se voi sis\u00e4lt\u00e4\u00e4 j\u00e4\u00e4mi\u00e4 sidekudoksen rakennetta tukevista yhdisteist\u00e4, kuten <strong>kondroitiinisulfaatista<\/strong> tai <strong>glukosamiinista<\/strong>. Aminohappoprofiili sis\u00e4lt\u00e4\u00e4 my\u00f6s v\u00e4ltt\u00e4m\u00e4tt\u00f6mi\u00e4 ja haaraketjuisia aminohappoja (<strong>BCAA<\/strong>), mik\u00e4 lis\u00e4\u00e4 sen houkuttelevuutta ravintolis\u00e4k\u00e4yt\u00f6ss\u00e4.   <\/p>\n<p>Elintarvike- ja lis\u00e4ravinnevalmisteissa kalkkunakollageenihydrolysaattia k\u00e4ytet\u00e4\u00e4n funktionaalisena ainesosana, joka <strong>ei vaikuta merkitt\u00e4v\u00e4sti tuotteen makuun ja hajuun.<\/strong> Sit\u00e4 voidaan k\u00e4ytt\u00e4\u00e4 sek\u00e4 juomissa ett\u00e4 jauhemaisissa tai kapseloiduissa tuotteissa.<\/p>\n<p>Kalkkunakollageenihydrolysaatilla on seuraavat sertifikaatit: BRCGS Food, IFS Food, IFS Logistics ja Halal.<\/p>\n<p>&nbsp;<\/p>\n<h2>Hydrolysoitu nautakollageeni<\/h2>\n<p>Hydrolysoitu nautakollageeni on per\u00e4isin sertifioiduista raaka-aineista Turkista. Se on ainesosa, jonka proteiinipitoisuus on eritt\u00e4in korkea, noin 94,4 %, mik\u00e4 osoittaa sen laadun ja aktiivisten peptidien korkean pitoisuuden. Edistyneen hydrolyysiprosessin ansiosta kollageeni hajoaa pieniksi, helposti imeytyviksi peptideiksi, joilla on korkea biologinen hy\u00f6tyosuus ja jotka liukenevat erinomaisesti veteen. Viskositeettiparametrit, jotka ovat v\u00e4lill\u00e4 3,6\u20133,99 mPa\u00b7s, helpottavat sen k\u00e4ytt\u00f6\u00e4 erilaisissa valmisteissa, sek\u00e4 <strong>nestem\u00e4isiss\u00e4 ett\u00e4 jauhemaisissa<\/strong>. Raaka-aineelle on ominaista my\u00f6s <strong>eritt\u00e4in hyv\u00e4 liuoksen kirkkaus<\/strong>, mik\u00e4 mahdollistaa sen k\u00e4yt\u00f6n funktionaalisissa juomissa ja tuotteissa, joissa kirkkaus on avainasemassa.     <\/p>\n<p>Kollageenipeptidi on k\u00e4yt\u00e4nn\u00f6ss\u00e4 <strong>hajuton<\/strong> ja <strong>v\u00e4rit\u00f6n<\/strong>. Mikrobiologiset analyysit vahvistavat, ett\u00e4 tuote on t\u00e4ysin turvallinen <strong>elintarvike- ja kosmeettisiin sovelluksiin<\/strong>. <\/p>\n<p>Kollageenipeptidit, jotka ovat runsaasti aminohappoja, kuten glysiini\u00e4, proliinia ja hydroksiproliinia, tukevat <strong>kollageenin synteesi\u00e4 ihossa<\/strong>, parantavat sen elastisuutta ja kosteustasoa sek\u00e4 auttavat v\u00e4hent\u00e4m\u00e4\u00e4n hienojen juonteiden n\u00e4kyvyytt\u00e4. Raaka-aine sopii erinomaisesti my\u00f6s <strong>urheilijoille ja aktiivisille henkil\u00f6ille tarkoitettuihin ravintolisiin<\/strong>, sill\u00e4 se tukee sidekudoksen uusiutumista, nivelten kuntoa ja palautumisprosesseja harjoituksen j\u00e4lkeen. Elintarvikkeissa ja ravintolisiss\u00e4 sen neutraali maku, kirkkaus ja helppo sekoittuvuus tekev\u00e4t siit\u00e4 houkuttelevan raaka-aineen kollageenijuomien, pikajauheiden ja funktionaalisten patukoiden valmistukseen.  <\/p>\n<p>Kosmeettisissa sovelluksissa hydrolysoitu kollageeni toimii <strong>kosteuttavana ja tasoittavana ainesosana<\/strong>, parantaen ihon mukavuutta ja kuntoa, erityisesti kuivan ja vahvistusta tarvitsevan ihon osalta. Se on arvokas komponentti voiteissa, seerumeissa, balsameissa ja hoitonaamioissa. <\/p>\n<h2><\/h2>\n<h2>Kollageenin ominaisuudet<\/h2>\n<p>Kollageenin p\u00e4\u00e4teht\u00e4v\u00e4n\u00e4 on tarjota rakennetta, lujuutta ja tukea elimist\u00f6ss\u00e4, ja kollageenin erityisteht\u00e4viin kuuluvat: <strong>fibroblastien auttaminen dermiksen<\/strong> (ihon keskikerroksen) muodostumisessa, mik\u00e4 edist\u00e4\u00e4 uusien solujen kasvua, suojaavan kerroksen tarjoaminen elimille, ihon rakenteen, lujuuden ja elastisuuden antaminen sek\u00e4 osallistuminen veren hyytymiseen.<\/p>\n<p>Tukkutarjonnassamme esittelemme korkealaatuista kollageenia, jonka s\u00e4\u00e4nn\u00f6llinen k\u00e4ytt\u00f6 voi ehk\u00e4ist\u00e4 ihon ik\u00e4\u00e4ntymisprosesseja, v\u00e4hent\u00e4\u00e4 hienojen juonteiden ja ryppyjen n\u00e4kyvyytt\u00e4 sek\u00e4 tukea hiusten ja kynsien uusiutumista. Uusien ihosolujen tuotantoa tukevien ominaisuuksiensa ansiosta kollageeni on korvaamaton my\u00f6s haavojen paranemisessa ja kudosten uusiutumisessa.<\/p>\n<p>Kosmeettisten hy\u00f6tyjen lis\u00e4ksi kollageeni on <strong>v\u00e4ltt\u00e4m\u00e4t\u00f6n nivelten ja nivelsiteiden terveydelle<\/strong>. Sen nauttiminen voi auttaa lievitt\u00e4m\u00e4\u00e4n kipua, parantamaan nivelten joustavuutta ja tukemaan luuston terveytt\u00e4. <\/p>\n<p>&nbsp;<\/p>\n<h2>Kenen tulisi k\u00e4ytt\u00e4\u00e4 kollageenilis\u00e4\u00e4?<\/h2>\n<p>I\u00e4n my\u00f6t\u00e4 elimist\u00f6 tuottaa v\u00e4hemm\u00e4n kollageenia, ja olemassa oleva kollageeni hajoaa nopeammin. Naiset kokevat merkitt\u00e4v\u00e4n kollageenin tuotannon v\u00e4henemisen vaihdevuosien j\u00e4lkeen. Kollageenin tuotannon lasku 60 ik\u00e4vuoden j\u00e4lkeen on luonnollinen ilmi\u00f6 kaikilla. Proteiinik\u00f6yh\u00e4 ruokavalio voi johtaa siihen, ett\u00e4 kollageenin taso elimist\u00f6ss\u00e4 ei ole riitt\u00e4v\u00e4. T\u00e4m\u00e4 voi n\u00e4ky\u00e4 oireina, kuten: ryppyinen tai veltostunut iho, turvotus silmien ymp\u00e4rill\u00e4, heikentyneet lihakset, j\u00e4ykemm\u00e4t, v\u00e4hemm\u00e4n joustavat j\u00e4nteet ja nivelsiteet, nivelkipu tai nivelrikko, joka johtuu ruston kulumisesta, tai ongelmat verenkierrossa.     <\/p>\n<p>Ravintolisien yhteydess\u00e4 kollageenia suositellaan henkil\u00f6ille, jotka <strong>v\u00e4litt\u00e4v\u00e4t terveydest\u00e4\u00e4n ja kauneudestaan<\/strong>, sek\u00e4 <strong>aktiivista el\u00e4m\u00e4ntapaa noudattaville<\/strong>, <strong>urheilijoille<\/strong> ja <strong>i\u00e4kk\u00e4ille henkil\u00f6ille<\/strong>.<\/p>\n<p>&nbsp;<\/p>\n<h2>Mik\u00e4 tuhoaa kollageenia elimist\u00f6ss\u00e4?<\/h2>\n<p>Ymp\u00e4rist\u00f6tekij\u00e4t, jotka vaikuttavat kollageenin synteesin v\u00e4henemiseen, ovat muun muassa <strong>tupakointi<\/strong>, joka v\u00e4hent\u00e4\u00e4 kollageenin tuotantoa. Se vahingoittaa kollageenia ja elastiinia, mik\u00e4 johtaa ryppyjen muodostumiseen ja hidastaa haavojen paranemista. Nikotiini supistaa verisuonia ihon pinnan l\u00e4hell\u00e4 est\u00e4en hapen ja ravinteiden kulkeutumisen.   <\/p>\n<p>Toinen haitallinen tekij\u00e4 on <strong>liian suuri sokerin ja puhdistettujen hiilihydraattien kulutus<\/strong>. Sokeri sitoutuu proteiineihin, ja syntyneet molekyylit vahingoittavat l\u00e4heisi\u00e4 proteiineja ja tekev\u00e4t kollageenista heikon ja hauraan. <\/p>\n<p>My\u00f6s <strong>altistuminen ultraviolettivalolle<\/strong> vaikuttaa negatiivisesti kollageenin rakenteeseen ihossa. Liiallinen auringonvalo v\u00e4hent\u00e4\u00e4 kollageenin tuotantoa ja nopeuttaa sen hajoamista, mik\u00e4 aiheuttaa ryppyj\u00e4. <\/p>\n<p>Muita tekij\u00f6it\u00e4, jotka vaikuttavat kollageenin puutteeseen elimist\u00f6ss\u00e4, ovat <strong>autoimmuunisairaudet<\/strong> (nivelreuma, lupus, dermatomyosiitti ja skleroderma) ja <strong>geneettiset mutaatiot<\/strong> (Ehlers-Danlosin oireyhtym\u00e4 ja osteogenesis imperfecta).<\/p>\n<p>&nbsp;<\/p>\n<h2>Mink\u00e4 kollageenin valita?<\/h2>\n<p><strong>Noin 28 kollageenityyppi\u00e4<\/strong> on tunnistettu. Ne eroavat toisistaan molekyylien sitoutumistavan, lis\u00e4ttyjen solukomponenttien ja kollageenin k\u00e4ytt\u00f6paikan suhteen elimist\u00f6ss\u00e4. <\/p>\n<p>Kollageenin p\u00e4\u00e4asialliset aminohapot ovat <strong>proliini<\/strong>, <strong>glysiini<\/strong> ja <strong>hydroksiproliini<\/strong>. Kaikilla kollageenis\u00e4ikeill\u00e4 on v\u00e4hint\u00e4\u00e4n yksi kolmoiskierre-rakenne. <\/p>\n<p><strong>Elimist\u00f6ss\u00e4 esiintyy viisi eri kollageenityyppi\u00e4:<\/strong><\/p>\n<p>&#8211; <strong>Tyyppi 1<\/strong> \u2013 muodostaa noin 90 % kaikesta elimist\u00f6n kollageenista. Sit\u00e4 l\u00f6ytyy ihosta, sidekudoksesta, j\u00e4nteist\u00e4, hampaista ja luista. <\/p>\n<p>&#8211; <strong>Tyyppi 2<\/strong> \u2013 l\u00f6ytyy nivelrustosta.<\/p>\n<p>&#8211; <strong>Tyyppi 3<\/strong> \u2013 esiintyy lihasten, elinten ja valtimoiden rakenteissa.<\/p>\n<p>&#8211; <strong>Tyyppi 4<\/strong> \u2013 l\u00f6ytyy ihon kerroksista ja kalvosta.<\/p>\n<p>&#8211; <strong>Tyyppi 5<\/strong> \u2013 esiintyy hiuksissa, silm\u00e4n sarveiskalvossa sek\u00e4 istukassa raskauden aikana.<\/p>\n<p>Saatavilla on useita erilaisia kollageenilis\u00e4tyyppej\u00e4: <strong>el\u00e4inper\u00e4inen<\/strong> ja <strong>merellinen (kalasta)<\/strong>, sek\u00e4 <strong>vegaani<\/strong>. Vegaanituotteet tarjoavat kollageenin esiasteita, koska luonnollisesti esiintyv\u00e4 kollageeni on per\u00e4isin yksinomaan el\u00e4inl\u00e4hteist\u00e4. <\/p>\n<p>&nbsp;<\/p>\n<h2>Kollageenin k\u00e4ytt\u00f6<\/h2>\n<p>Kollageenia voi lis\u00e4t\u00e4 smoothieihin tai aamukahviin tai k\u00e4ytt\u00e4\u00e4 kapseleina, mieltymysten mukaan. P\u00e4ivitt\u00e4in tarvittava kollageenin m\u00e4\u00e4r\u00e4 riippuu sen tyypist\u00e4, muodosta ja lis\u00e4ravinteen k\u00e4ytt\u00f6tarkoituksesta. <\/p>\n<p>Viimeaikaiset tutkimukset viittaavat siihen, ett\u00e4 hydrolysoitu kollageeni annoksina 2,5 g \u2013 15 g p\u00e4iv\u00e4ss\u00e4 on turvallista ja tehokasta. Pienempi 2,5 g:n annos voi vaikuttaa my\u00f6nteisesti nivelkipuihin, ihon terveyteen ja kosteutukseen, kun taas 5 g p\u00e4iv\u00e4ss\u00e4 on osoittautunut hy\u00f6dylliseksi luuston terveydelle; suurempia 15 g:n annoksia on k\u00e4ytetty parantamaan kehon koostumusta ja lihasmassaa. <\/p>\n<p>&nbsp;<\/p>\n<h2>Miten lis\u00e4t\u00e4 kollageenin m\u00e4\u00e4r\u00e4\u00e4 elimist\u00f6ss\u00e4<\/h2>\n<p>Kollageenia voi saada elimist\u00f6\u00f6n tasapainoisella ruokavaliolla, joka sis\u00e4lt\u00e4\u00e4 runsaasti palkokasveja, merenel\u00e4vi\u00e4, lihaa, siipikarjaa, maitotuotteita ja kananmunia. On kuitenkin muistettava, ett\u00e4 elimist\u00f6 hajottaa nautitut kollageeniproteiinit aminohapoiksi, joista se sitten syntetisoi uudelleen puuttuvat proteiinit. Siten <strong>kollageenipitoisten ruokien sy\u00f6minen ei suoraan johda korkeampaan kollageenitasoon elimist\u00f6ss\u00e4<\/strong>, jos se tarvitsee muita proteiineja kyseisell\u00e4 hetkell\u00e4. Siit\u00e4 huolimatta on monia ruokia ja lis\u00e4ravinteita, jotka tarjoavat kollageenin tuotantoa tukevia ainesosia. Ne sis\u00e4lt\u00e4v\u00e4t aminohappoja: proliinia ja glysiini\u00e4. C-vitamiini, sinkki ja kupari ovat my\u00f6s v\u00e4ltt\u00e4m\u00e4tt\u00f6mi\u00e4 kollageenin muodostumisprosessille.     <\/p>\n<p>Ruokavalion lis\u00e4ksi voi harkita <strong>ravintolisien tukea<\/strong>. Tutkimukset ovat osoittaneet, ett\u00e4 kollageenipeptidit ovat todenn\u00e4k\u00f6isesti tehokkaita parantamaan ihon kosteutusta ja elastisuutta. Ne ovat my\u00f6s todenn\u00e4k\u00f6isesti tehokkaita lievitt\u00e4m\u00e4\u00e4n kipua ja parantamaan nivelten toimintaa polven nivelrikkoa sairastavilla henkil\u00f6ill\u00e4.  <\/p>\n<hr>\n<h5 class=\"author-name uppercase pt-half\"><strong><small>FM Misza Kinsner<\/small><\/strong><\/h5>\n<p class=\"author-desc small\"><small>Tohtoriopiskelija ja tutkija Jab\u0142onnan el\u00e4infysiologian ja -ravitsemuksen instituutissa, koulutukseltaan ihmisravitsemuksen, elintarvikearvioinnin ja elintarviketuotannossa k\u00e4ytett\u00e4vien turvallisuusj\u00e4rjestelmien alalta. Kiinnostunut tieteest\u00e4 eri aloilta, mm. fysiikasta, biologiasta, nutrigenomiikasta ja nutrigenetiikasta.  <\/small><\/p>\n<p>&nbsp;<\/p>\n","protected":false},"excerpt":{"rendered":"<p><strong>Kollageeni<\/strong> on elimist\u00f6n runsain proteiini; sit\u00e4 l\u00f6ytyy luista, ihosta, lihaksista ja j\u00e4nteist\u00e4. Se osallistuu prosesseihin, kuten veren hyytymisen tukemiseen, haavojen paranemiseen ja hermoston suojaamiseen. I\u00e4n my\u00f6t\u00e4 kollageenin tuotanto luonnollisesti v\u00e4henee, ja kollageenia sis\u00e4lt\u00e4vien ravintolisien tai elintarvikkeiden k\u00e4ytt\u00f6 voi tuoda terveys- ja kauneushy\u00f6tyj\u00e4.  <\/p>\n","protected":false},"featured_media":25236,"template":"","meta":{"_acf_changed":false},"product_brand":[],"product_cat":[535],"product_tag":[],"class_list":{"0":"post-25251","1":"product","2":"type-product","3":"status-publish","4":"has-post-thumbnail","6":"product_cat-ravintolisien-ainesosat","8":"first","9":"instock","10":"shipping-taxable","11":"product-type-simple"},"acf":[],"yoast_head":"<!-- This site is optimized with the Yoast SEO plugin v27.4 - https:\/\/yoast.com\/product\/yoast-seo-wordpress\/ -->\n<title>Kollageeni - NATURAL POLAND - RAAKA-AINEIDEN TUKKUJAKELIJA<\/title>\n<meta name=\"description\" content=\"Kollageeni on ravintolisien v\u00e4ltt\u00e4m\u00e4t\u00f6n ainesosa, joka tukee ihon, hiusten, kynsien, nivelten ja luiden terveytt\u00e4.\" \/>\n<meta name=\"robots\" content=\"index, follow, max-snippet:-1, max-image-preview:large, max-video-preview:-1\" \/>\n<link rel=\"canonical\" href=\"https:\/\/naturalpoland.com\/fi\/tuotteet\/laaketeollisuuden-tuotteet\/ravintolisien-ainesosat\/kollageeni\/\" \/>\n<meta property=\"og:locale\" content=\"fi_FI\" \/>\n<meta property=\"og:type\" content=\"article\" \/>\n<meta property=\"og:title\" content=\"Kollageeni - NATURAL POLAND - RAAKA-AINEIDEN TUKKUJAKELIJA\" \/>\n<meta property=\"og:description\" content=\"Kollageeni on ravintolisien v\u00e4ltt\u00e4m\u00e4t\u00f6n ainesosa, joka tukee ihon, hiusten, kynsien, nivelten ja luiden terveytt\u00e4.\" \/>\n<meta property=\"og:url\" content=\"https:\/\/naturalpoland.com\/fi\/tuotteet\/laaketeollisuuden-tuotteet\/ravintolisien-ainesosat\/kollageeni\/\" \/>\n<meta property=\"og:site_name\" content=\"NATURAL POLAND - RAAKA-AINEIDEN TUKKUJAKELIJA\" \/>\n<meta property=\"article:publisher\" content=\"https:\/\/www.facebook.com\/naturalpoland.b2b\" \/>\n<meta property=\"article:modified_time\" content=\"2026-03-23T10:22:43+00:00\" \/>\n<meta property=\"og:image\" content=\"https:\/\/naturalpoland.com\/wp-content\/uploads\/collagen.jpg\" \/>\n\t<meta property=\"og:image:width\" content=\"592\" \/>\n\t<meta property=\"og:image:height\" content=\"592\" \/>\n\t<meta property=\"og:image:type\" content=\"image\/jpeg\" \/>\n<script type=\"application\/ld+json\" class=\"yoast-schema-graph\">{\"@context\":\"https:\\\/\\\/schema.org\",\"@graph\":[{\"@type\":\"WebPage\",\"@id\":\"https:\\\/\\\/naturalpoland.com\\\/fi\\\/tuotteet\\\/laaketeollisuuden-tuotteet\\\/ravintolisien-ainesosat\\\/kollageeni\\\/\",\"url\":\"https:\\\/\\\/naturalpoland.com\\\/fi\\\/tuotteet\\\/laaketeollisuuden-tuotteet\\\/ravintolisien-ainesosat\\\/kollageeni\\\/\",\"name\":\"Kollageeni - NATURAL POLAND - RAAKA-AINEIDEN TUKKUJAKELIJA\",\"isPartOf\":{\"@id\":\"https:\\\/\\\/naturalpoland.com\\\/fi\\\/#website\"},\"primaryImageOfPage\":{\"@id\":\"https:\\\/\\\/naturalpoland.com\\\/fi\\\/tuotteet\\\/laaketeollisuuden-tuotteet\\\/ravintolisien-ainesosat\\\/kollageeni\\\/#primaryimage\"},\"image\":{\"@id\":\"https:\\\/\\\/naturalpoland.com\\\/fi\\\/tuotteet\\\/laaketeollisuuden-tuotteet\\\/ravintolisien-ainesosat\\\/kollageeni\\\/#primaryimage\"},\"thumbnailUrl\":\"https:\\\/\\\/naturalpoland.com\\\/wp-content\\\/uploads\\\/collagen.jpg\",\"datePublished\":\"2023-09-01T07:36:08+00:00\",\"dateModified\":\"2026-03-23T10:22:43+00:00\",\"description\":\"Kollageeni on ravintolisien v\u00e4ltt\u00e4m\u00e4t\u00f6n ainesosa, joka tukee ihon, hiusten, kynsien, nivelten ja luiden terveytt\u00e4.\",\"breadcrumb\":{\"@id\":\"https:\\\/\\\/naturalpoland.com\\\/fi\\\/tuotteet\\\/laaketeollisuuden-tuotteet\\\/ravintolisien-ainesosat\\\/kollageeni\\\/#breadcrumb\"},\"inLanguage\":\"fi\",\"potentialAction\":[{\"@type\":\"ReadAction\",\"target\":[\"https:\\\/\\\/naturalpoland.com\\\/fi\\\/tuotteet\\\/laaketeollisuuden-tuotteet\\\/ravintolisien-ainesosat\\\/kollageeni\\\/\"]}]},{\"@type\":\"ImageObject\",\"inLanguage\":\"fi\",\"@id\":\"https:\\\/\\\/naturalpoland.com\\\/fi\\\/tuotteet\\\/laaketeollisuuden-tuotteet\\\/ravintolisien-ainesosat\\\/kollageeni\\\/#primaryimage\",\"url\":\"https:\\\/\\\/naturalpoland.com\\\/wp-content\\\/uploads\\\/collagen.jpg\",\"contentUrl\":\"https:\\\/\\\/naturalpoland.com\\\/wp-content\\\/uploads\\\/collagen.jpg\",\"width\":592,\"height\":592,\"caption\":\"kollageeni\"},{\"@type\":\"BreadcrumbList\",\"@id\":\"https:\\\/\\\/naturalpoland.com\\\/fi\\\/tuotteet\\\/laaketeollisuuden-tuotteet\\\/ravintolisien-ainesosat\\\/kollageeni\\\/#breadcrumb\",\"itemListElement\":[{\"@type\":\"ListItem\",\"position\":1,\"name\":\"Etusivu\",\"item\":\"https:\\\/\\\/naturalpoland.com\\\/fi\\\/\"},{\"@type\":\"ListItem\",\"position\":2,\"name\":\"Tuotteet\",\"item\":\"https:\\\/\\\/naturalpoland.com\\\/fi\\\/tuotteet\\\/\"},{\"@type\":\"ListItem\",\"position\":3,\"name\":\"Kollageeni\"}]},{\"@type\":\"WebSite\",\"@id\":\"https:\\\/\\\/naturalpoland.com\\\/fi\\\/#website\",\"url\":\"https:\\\/\\\/naturalpoland.com\\\/fi\\\/\",\"name\":\"NATURAL POLAND - RAAKA-AINEIDEN TUKKUJAKELIJA\",\"description\":\"Surowce dla przemys\u0142u spo\u017cywczego, kosmetycznego i farmaceutycznego\",\"publisher\":{\"@id\":\"https:\\\/\\\/naturalpoland.com\\\/fi\\\/#organization\"},\"potentialAction\":[{\"@type\":\"SearchAction\",\"target\":{\"@type\":\"EntryPoint\",\"urlTemplate\":\"https:\\\/\\\/naturalpoland.com\\\/fi\\\/?s={search_term_string}\"},\"query-input\":{\"@type\":\"PropertyValueSpecification\",\"valueRequired\":true,\"valueName\":\"search_term_string\"}}],\"inLanguage\":\"fi\"},{\"@type\":\"Organization\",\"@id\":\"https:\\\/\\\/naturalpoland.com\\\/fi\\\/#organization\",\"name\":\"Natural Poland\",\"url\":\"https:\\\/\\\/naturalpoland.com\\\/fi\\\/\",\"logo\":{\"@type\":\"ImageObject\",\"inLanguage\":\"fi\",\"@id\":\"https:\\\/\\\/naturalpoland.com\\\/fi\\\/#\\\/schema\\\/logo\\\/image\\\/\",\"url\":\"https:\\\/\\\/naturalpoland.com\\\/wp-content\\\/uploads\\\/2021\\\/05\\\/natural-poland-icon.png\",\"contentUrl\":\"https:\\\/\\\/naturalpoland.com\\\/wp-content\\\/uploads\\\/2021\\\/05\\\/natural-poland-icon.png\",\"width\":512,\"height\":512,\"caption\":\"Natural Poland\"},\"image\":{\"@id\":\"https:\\\/\\\/naturalpoland.com\\\/fi\\\/#\\\/schema\\\/logo\\\/image\\\/\"},\"sameAs\":[\"https:\\\/\\\/www.facebook.com\\\/naturalpoland.b2b\",\"https:\\\/\\\/pl.linkedin.com\\\/company\\\/natural-poland\",\"https:\\\/\\\/www.youtube.com\\\/channel\\\/UCgeGGkvOMahZo-xu_MSEWxg\"]}]}<\/script>\n<!-- \/ Yoast SEO plugin. -->","yoast_head_json":{"title":"Kollageeni - NATURAL POLAND - RAAKA-AINEIDEN TUKKUJAKELIJA","description":"Kollageeni on ravintolisien v\u00e4ltt\u00e4m\u00e4t\u00f6n ainesosa, joka tukee ihon, hiusten, kynsien, nivelten ja luiden terveytt\u00e4.","robots":{"index":"index","follow":"follow","max-snippet":"max-snippet:-1","max-image-preview":"max-image-preview:large","max-video-preview":"max-video-preview:-1"},"canonical":"https:\/\/naturalpoland.com\/fi\/tuotteet\/laaketeollisuuden-tuotteet\/ravintolisien-ainesosat\/kollageeni\/","og_locale":"fi_FI","og_type":"article","og_title":"Kollageeni - NATURAL POLAND - RAAKA-AINEIDEN TUKKUJAKELIJA","og_description":"Kollageeni on ravintolisien v\u00e4ltt\u00e4m\u00e4t\u00f6n ainesosa, joka tukee ihon, hiusten, kynsien, nivelten ja luiden terveytt\u00e4.","og_url":"https:\/\/naturalpoland.com\/fi\/tuotteet\/laaketeollisuuden-tuotteet\/ravintolisien-ainesosat\/kollageeni\/","og_site_name":"NATURAL POLAND - RAAKA-AINEIDEN TUKKUJAKELIJA","article_publisher":"https:\/\/www.facebook.com\/naturalpoland.b2b","article_modified_time":"2026-03-23T10:22:43+00:00","og_image":[{"width":592,"height":592,"url":"https:\/\/naturalpoland.com\/wp-content\/uploads\/collagen.jpg","type":"image\/jpeg"}],"schema":{"@context":"https:\/\/schema.org","@graph":[{"@type":"WebPage","@id":"https:\/\/naturalpoland.com\/fi\/tuotteet\/laaketeollisuuden-tuotteet\/ravintolisien-ainesosat\/kollageeni\/","url":"https:\/\/naturalpoland.com\/fi\/tuotteet\/laaketeollisuuden-tuotteet\/ravintolisien-ainesosat\/kollageeni\/","name":"Kollageeni - NATURAL POLAND - RAAKA-AINEIDEN TUKKUJAKELIJA","isPartOf":{"@id":"https:\/\/naturalpoland.com\/fi\/#website"},"primaryImageOfPage":{"@id":"https:\/\/naturalpoland.com\/fi\/tuotteet\/laaketeollisuuden-tuotteet\/ravintolisien-ainesosat\/kollageeni\/#primaryimage"},"image":{"@id":"https:\/\/naturalpoland.com\/fi\/tuotteet\/laaketeollisuuden-tuotteet\/ravintolisien-ainesosat\/kollageeni\/#primaryimage"},"thumbnailUrl":"https:\/\/naturalpoland.com\/wp-content\/uploads\/collagen.jpg","datePublished":"2023-09-01T07:36:08+00:00","dateModified":"2026-03-23T10:22:43+00:00","description":"Kollageeni on ravintolisien v\u00e4ltt\u00e4m\u00e4t\u00f6n ainesosa, joka tukee ihon, hiusten, kynsien, nivelten ja luiden terveytt\u00e4.","breadcrumb":{"@id":"https:\/\/naturalpoland.com\/fi\/tuotteet\/laaketeollisuuden-tuotteet\/ravintolisien-ainesosat\/kollageeni\/#breadcrumb"},"inLanguage":"fi","potentialAction":[{"@type":"ReadAction","target":["https:\/\/naturalpoland.com\/fi\/tuotteet\/laaketeollisuuden-tuotteet\/ravintolisien-ainesosat\/kollageeni\/"]}]},{"@type":"ImageObject","inLanguage":"fi","@id":"https:\/\/naturalpoland.com\/fi\/tuotteet\/laaketeollisuuden-tuotteet\/ravintolisien-ainesosat\/kollageeni\/#primaryimage","url":"https:\/\/naturalpoland.com\/wp-content\/uploads\/collagen.jpg","contentUrl":"https:\/\/naturalpoland.com\/wp-content\/uploads\/collagen.jpg","width":592,"height":592,"caption":"kollageeni"},{"@type":"BreadcrumbList","@id":"https:\/\/naturalpoland.com\/fi\/tuotteet\/laaketeollisuuden-tuotteet\/ravintolisien-ainesosat\/kollageeni\/#breadcrumb","itemListElement":[{"@type":"ListItem","position":1,"name":"Etusivu","item":"https:\/\/naturalpoland.com\/fi\/"},{"@type":"ListItem","position":2,"name":"Tuotteet","item":"https:\/\/naturalpoland.com\/fi\/tuotteet\/"},{"@type":"ListItem","position":3,"name":"Kollageeni"}]},{"@type":"WebSite","@id":"https:\/\/naturalpoland.com\/fi\/#website","url":"https:\/\/naturalpoland.com\/fi\/","name":"NATURAL POLAND - RAAKA-AINEIDEN TUKKUJAKELIJA","description":"Surowce dla przemys\u0142u spo\u017cywczego, kosmetycznego i farmaceutycznego","publisher":{"@id":"https:\/\/naturalpoland.com\/fi\/#organization"},"potentialAction":[{"@type":"SearchAction","target":{"@type":"EntryPoint","urlTemplate":"https:\/\/naturalpoland.com\/fi\/?s={search_term_string}"},"query-input":{"@type":"PropertyValueSpecification","valueRequired":true,"valueName":"search_term_string"}}],"inLanguage":"fi"},{"@type":"Organization","@id":"https:\/\/naturalpoland.com\/fi\/#organization","name":"Natural Poland","url":"https:\/\/naturalpoland.com\/fi\/","logo":{"@type":"ImageObject","inLanguage":"fi","@id":"https:\/\/naturalpoland.com\/fi\/#\/schema\/logo\/image\/","url":"https:\/\/naturalpoland.com\/wp-content\/uploads\/2021\/05\/natural-poland-icon.png","contentUrl":"https:\/\/naturalpoland.com\/wp-content\/uploads\/2021\/05\/natural-poland-icon.png","width":512,"height":512,"caption":"Natural Poland"},"image":{"@id":"https:\/\/naturalpoland.com\/fi\/#\/schema\/logo\/image\/"},"sameAs":["https:\/\/www.facebook.com\/naturalpoland.b2b","https:\/\/pl.linkedin.com\/company\/natural-poland","https:\/\/www.youtube.com\/channel\/UCgeGGkvOMahZo-xu_MSEWxg"]}]}},"_links":{"self":[{"href":"https:\/\/naturalpoland.com\/fi\/wp-json\/wp\/v2\/product\/25251","targetHints":{"allow":["GET"]}}],"collection":[{"href":"https:\/\/naturalpoland.com\/fi\/wp-json\/wp\/v2\/product"}],"about":[{"href":"https:\/\/naturalpoland.com\/fi\/wp-json\/wp\/v2\/types\/product"}],"wp:featuredmedia":[{"embeddable":true,"href":"https:\/\/naturalpoland.com\/fi\/wp-json\/wp\/v2\/media\/25236"}],"wp:attachment":[{"href":"https:\/\/naturalpoland.com\/fi\/wp-json\/wp\/v2\/media?parent=25251"}],"wp:term":[{"taxonomy":"product_brand","embeddable":true,"href":"https:\/\/naturalpoland.com\/fi\/wp-json\/wp\/v2\/product_brand?post=25251"},{"taxonomy":"product_cat","embeddable":true,"href":"https:\/\/naturalpoland.com\/fi\/wp-json\/wp\/v2\/product_cat?post=25251"},{"taxonomy":"product_tag","embeddable":true,"href":"https:\/\/naturalpoland.com\/fi\/wp-json\/wp\/v2\/product_tag?post=25251"}],"curies":[{"name":"wp","href":"https:\/\/api.w.org\/{rel}","templated":true}]}}