{"id":26026,"date":"2023-10-02T15:03:40","date_gmt":"2023-10-02T13:03:40","guid":{"rendered":"https:\/\/naturalpoland.com\/produkty\/Ei-luokiteltu\/manteliproteiini\/"},"modified":"2023-10-03T09:29:03","modified_gmt":"2023-10-03T07:29:03","slug":"manteli-proteiini","status":"publish","type":"product","link":"https:\/\/naturalpoland.com\/fi\/tuotteet\/elintarviketeollisuuden-tuotteet\/kasviproteiinit\/manteli-proteiini\/","title":{"rendered":"Manteliproteiini"},"content":{"rendered":"<p>Laadukkaista manteleista valmistetun manteliproteiinin proteiinipitoisuus on 45 %. Se on erinomainen lis\u00e4 erilaisiin ruokavalioihin, ja se on monien elintarvikkeiden keskeinen ainesosa.<\/p>\n<h3>Manteliproteiinin ominaisuudet ja k\u00e4ytt\u00f6tarkoitukset<\/h3>\n<ol>\n<li><strong>Runsaasti ravintoaineita:<\/strong> Manteliproteiini sis\u00e4lt\u00e4\u00e4 arvokkaita aminohappoja, B-vitamiineja, E-vitamiinia, magnesiumia, kalsiumia ja rautaa.<\/li>\n<li><strong>Vaihtoehto el\u00e4inproteiinille:<\/strong> Toimii erinomaisena vaihtoehtona niille, jotka v\u00e4ltt\u00e4v\u00e4t el\u00e4inkunnan tuotteita, ja tarjoaa arvokkaan proteiininl\u00e4hteen kasvissy\u00f6jille ja vegaaneille.<\/li>\n<li><strong>Terveystuki:<\/strong> Manteliproteiini tukee syd\u00e4men, verenkiertoelimist\u00f6n, lihasten ja hermoston asianmukaista toimintaa.<\/li>\n<li><strong>Yst\u00e4v\u00e4llinen ruoansulatuskanavalle:<\/strong> Sen helposti sulava koostumus tekee siit\u00e4 ihanteellisen ihmisille, joilla on herkk\u00e4 ruoansulatuskanava.<\/li>\n<li><strong>Monik\u00e4ytt\u00f6inen keitti\u00f6ss\u00e4:<\/strong> se on erinomainen lis\u00e4 smoothieihin, pirtel\u00f6ihin, leivonnaisiin, mysliin sek\u00e4 moniin muihin ruokiin ja j\u00e4lkiruokiin.<\/li>\n<\/ol>\n<p>Manteliproteiinia k\u00e4ytet\u00e4\u00e4n laajalti elintarvike- ja ravintolis\u00e4teollisuudessa, ja se toimii my\u00f6s gluteenittomien, kasvis- ja vegaanituotteiden lis\u00e4aineena. Sen neutraali maku ja kermainen rakenne tekev\u00e4t siit\u00e4 ihanteellisen ainesosan monissa tuotteissa juomista leipomotuotteisiin.<\/p>\n","protected":false},"excerpt":{"rendered":"<p>Manteliproteiini on ravintoaine, joka sis\u00e4lt\u00e4\u00e4 runsaasti v\u00e4ltt\u00e4m\u00e4tt\u00f6mi\u00e4 aminohappoja, vitamiineja ja kivenn\u00e4isaineita, jotka ovat v\u00e4ltt\u00e4m\u00e4tt\u00f6mi\u00e4 terveyden ja hyvinvoinnin yll\u00e4pit\u00e4miseksi.<\/p>\n","protected":false},"featured_media":25990,"template":"","meta":{"_acf_changed":false},"product_brand":[],"product_cat":[2665,535],"product_tag":[],"class_list":{"0":"post-26026","1":"product","2":"type-product","3":"status-publish","4":"has-post-thumbnail","6":"product_cat-kasviproteiinit","7":"product_cat-ravintolisien-ainesosat","9":"first","10":"instock","11":"shipping-taxable","12":"product-type-simple"},"acf":[],"yoast_head":"<!-- This site is optimized with the Yoast SEO plugin v27.5 - https:\/\/yoast.com\/product\/yoast-seo-wordpress\/ -->\n<title>Manteliproteiini - Tukkudistribuutio<\/title>\n<meta name=\"description\" content=\"Manteliproteiini on ravintoaine, joka sis\u00e4lt\u00e4\u00e4 runsaasti v\u00e4ltt\u00e4m\u00e4tt\u00f6mi\u00e4 aminohappoja, vitamiineja ja kivenn\u00e4isaineita, jotka ovat v\u00e4ltt\u00e4m\u00e4tt\u00f6mi\u00e4 terveyden ja hyvinvoinnin yll\u00e4pit\u00e4miseksi.\" \/>\n<meta name=\"robots\" content=\"index, follow, max-snippet:-1, max-image-preview:large, max-video-preview:-1\" \/>\n<link rel=\"canonical\" href=\"https:\/\/naturalpoland.com\/fi\/tuotteet\/elintarviketeollisuuden-tuotteet\/kasviproteiinit\/manteli-proteiini\/\" \/>\n<meta property=\"og:locale\" content=\"fi_FI\" \/>\n<meta property=\"og:type\" content=\"article\" \/>\n<meta property=\"og:title\" content=\"Manteliproteiini - Tukkudistribuutio\" \/>\n<meta property=\"og:description\" content=\"Manteliproteiini on ravintoaine, joka sis\u00e4lt\u00e4\u00e4 runsaasti v\u00e4ltt\u00e4m\u00e4tt\u00f6mi\u00e4 aminohappoja, vitamiineja ja kivenn\u00e4isaineita, jotka ovat v\u00e4ltt\u00e4m\u00e4tt\u00f6mi\u00e4 terveyden ja hyvinvoinnin yll\u00e4pit\u00e4miseksi.\" \/>\n<meta property=\"og:url\" content=\"https:\/\/naturalpoland.com\/fi\/tuotteet\/elintarviketeollisuuden-tuotteet\/kasviproteiinit\/manteli-proteiini\/\" \/>\n<meta property=\"og:site_name\" content=\"NATURAL POLAND - RAAKA-AINEIDEN TUKKUJAKELIJA\" \/>\n<meta property=\"article:publisher\" content=\"https:\/\/www.facebook.com\/naturalpoland.b2b\" \/>\n<meta property=\"article:modified_time\" content=\"2023-10-03T07:29:03+00:00\" \/>\n<meta property=\"og:image\" content=\"https:\/\/naturalpoland.com\/wp-content\/uploads\/bialko-migdalowe.jpg\" \/>\n\t<meta property=\"og:image:width\" content=\"650\" \/>\n\t<meta property=\"og:image:height\" content=\"650\" \/>\n\t<meta property=\"og:image:type\" content=\"image\/jpeg\" \/>\n<script type=\"application\/ld+json\" class=\"yoast-schema-graph\">{\"@context\":\"https:\\\/\\\/schema.org\",\"@graph\":[{\"@type\":\"WebPage\",\"@id\":\"https:\\\/\\\/naturalpoland.com\\\/fi\\\/tuotteet\\\/elintarviketeollisuuden-tuotteet\\\/kasviproteiinit\\\/manteli-proteiini\\\/\",\"url\":\"https:\\\/\\\/naturalpoland.com\\\/fi\\\/tuotteet\\\/elintarviketeollisuuden-tuotteet\\\/kasviproteiinit\\\/manteli-proteiini\\\/\",\"name\":\"Manteliproteiini - Tukkudistribuutio\",\"isPartOf\":{\"@id\":\"https:\\\/\\\/naturalpoland.com\\\/fi\\\/#website\"},\"primaryImageOfPage\":{\"@id\":\"https:\\\/\\\/naturalpoland.com\\\/fi\\\/tuotteet\\\/elintarviketeollisuuden-tuotteet\\\/kasviproteiinit\\\/manteli-proteiini\\\/#primaryimage\"},\"image\":{\"@id\":\"https:\\\/\\\/naturalpoland.com\\\/fi\\\/tuotteet\\\/elintarviketeollisuuden-tuotteet\\\/kasviproteiinit\\\/manteli-proteiini\\\/#primaryimage\"},\"thumbnailUrl\":\"https:\\\/\\\/naturalpoland.com\\\/wp-content\\\/uploads\\\/bialko-migdalowe.jpg\",\"datePublished\":\"2023-10-02T13:03:40+00:00\",\"dateModified\":\"2023-10-03T07:29:03+00:00\",\"description\":\"Manteliproteiini on ravintoaine, joka sis\u00e4lt\u00e4\u00e4 runsaasti v\u00e4ltt\u00e4m\u00e4tt\u00f6mi\u00e4 aminohappoja, vitamiineja ja kivenn\u00e4isaineita, jotka ovat v\u00e4ltt\u00e4m\u00e4tt\u00f6mi\u00e4 terveyden ja hyvinvoinnin yll\u00e4pit\u00e4miseksi.\",\"breadcrumb\":{\"@id\":\"https:\\\/\\\/naturalpoland.com\\\/fi\\\/tuotteet\\\/elintarviketeollisuuden-tuotteet\\\/kasviproteiinit\\\/manteli-proteiini\\\/#breadcrumb\"},\"inLanguage\":\"fi\",\"potentialAction\":[{\"@type\":\"ReadAction\",\"target\":[\"https:\\\/\\\/naturalpoland.com\\\/fi\\\/tuotteet\\\/elintarviketeollisuuden-tuotteet\\\/kasviproteiinit\\\/manteli-proteiini\\\/\"]}]},{\"@type\":\"ImageObject\",\"inLanguage\":\"fi\",\"@id\":\"https:\\\/\\\/naturalpoland.com\\\/fi\\\/tuotteet\\\/elintarviketeollisuuden-tuotteet\\\/kasviproteiinit\\\/manteli-proteiini\\\/#primaryimage\",\"url\":\"https:\\\/\\\/naturalpoland.com\\\/wp-content\\\/uploads\\\/bialko-migdalowe.jpg\",\"contentUrl\":\"https:\\\/\\\/naturalpoland.com\\\/wp-content\\\/uploads\\\/bialko-migdalowe.jpg\",\"width\":650,\"height\":650,\"caption\":\"manteli proteiini\"},{\"@type\":\"BreadcrumbList\",\"@id\":\"https:\\\/\\\/naturalpoland.com\\\/fi\\\/tuotteet\\\/elintarviketeollisuuden-tuotteet\\\/kasviproteiinit\\\/manteli-proteiini\\\/#breadcrumb\",\"itemListElement\":[{\"@type\":\"ListItem\",\"position\":1,\"name\":\"Etusivu\",\"item\":\"https:\\\/\\\/naturalpoland.com\\\/fi\\\/\"},{\"@type\":\"ListItem\",\"position\":2,\"name\":\"Tuotteet\",\"item\":\"https:\\\/\\\/naturalpoland.com\\\/fi\\\/tuotteet\\\/\"},{\"@type\":\"ListItem\",\"position\":3,\"name\":\"Manteliproteiini\"}]},{\"@type\":\"WebSite\",\"@id\":\"https:\\\/\\\/naturalpoland.com\\\/fi\\\/#website\",\"url\":\"https:\\\/\\\/naturalpoland.com\\\/fi\\\/\",\"name\":\"NATURAL POLAND - RAAKA-AINEIDEN TUKKUJAKELIJA\",\"description\":\"Surowce dla przemys\u0142u spo\u017cywczego, kosmetycznego i farmaceutycznego\",\"publisher\":{\"@id\":\"https:\\\/\\\/naturalpoland.com\\\/fi\\\/#organization\"},\"potentialAction\":[{\"@type\":\"SearchAction\",\"target\":{\"@type\":\"EntryPoint\",\"urlTemplate\":\"https:\\\/\\\/naturalpoland.com\\\/fi\\\/?s={search_term_string}\"},\"query-input\":{\"@type\":\"PropertyValueSpecification\",\"valueRequired\":true,\"valueName\":\"search_term_string\"}}],\"inLanguage\":\"fi\"},{\"@type\":\"Organization\",\"@id\":\"https:\\\/\\\/naturalpoland.com\\\/fi\\\/#organization\",\"name\":\"Natural Poland\",\"url\":\"https:\\\/\\\/naturalpoland.com\\\/fi\\\/\",\"logo\":{\"@type\":\"ImageObject\",\"inLanguage\":\"fi\",\"@id\":\"https:\\\/\\\/naturalpoland.com\\\/fi\\\/#\\\/schema\\\/logo\\\/image\\\/\",\"url\":\"https:\\\/\\\/naturalpoland.com\\\/wp-content\\\/uploads\\\/2021\\\/05\\\/natural-poland-icon.png\",\"contentUrl\":\"https:\\\/\\\/naturalpoland.com\\\/wp-content\\\/uploads\\\/2021\\\/05\\\/natural-poland-icon.png\",\"width\":512,\"height\":512,\"caption\":\"Natural Poland\"},\"image\":{\"@id\":\"https:\\\/\\\/naturalpoland.com\\\/fi\\\/#\\\/schema\\\/logo\\\/image\\\/\"},\"sameAs\":[\"https:\\\/\\\/www.facebook.com\\\/naturalpoland.b2b\",\"https:\\\/\\\/pl.linkedin.com\\\/company\\\/natural-poland\",\"https:\\\/\\\/www.youtube.com\\\/channel\\\/UCgeGGkvOMahZo-xu_MSEWxg\"]}]}<\/script>\n<!-- \/ Yoast SEO plugin. -->","yoast_head_json":{"title":"Manteliproteiini - Tukkudistribuutio","description":"Manteliproteiini on ravintoaine, joka sis\u00e4lt\u00e4\u00e4 runsaasti v\u00e4ltt\u00e4m\u00e4tt\u00f6mi\u00e4 aminohappoja, vitamiineja ja kivenn\u00e4isaineita, jotka ovat v\u00e4ltt\u00e4m\u00e4tt\u00f6mi\u00e4 terveyden ja hyvinvoinnin yll\u00e4pit\u00e4miseksi.","robots":{"index":"index","follow":"follow","max-snippet":"max-snippet:-1","max-image-preview":"max-image-preview:large","max-video-preview":"max-video-preview:-1"},"canonical":"https:\/\/naturalpoland.com\/fi\/tuotteet\/elintarviketeollisuuden-tuotteet\/kasviproteiinit\/manteli-proteiini\/","og_locale":"fi_FI","og_type":"article","og_title":"Manteliproteiini - Tukkudistribuutio","og_description":"Manteliproteiini on ravintoaine, joka sis\u00e4lt\u00e4\u00e4 runsaasti v\u00e4ltt\u00e4m\u00e4tt\u00f6mi\u00e4 aminohappoja, vitamiineja ja kivenn\u00e4isaineita, jotka ovat v\u00e4ltt\u00e4m\u00e4tt\u00f6mi\u00e4 terveyden ja hyvinvoinnin yll\u00e4pit\u00e4miseksi.","og_url":"https:\/\/naturalpoland.com\/fi\/tuotteet\/elintarviketeollisuuden-tuotteet\/kasviproteiinit\/manteli-proteiini\/","og_site_name":"NATURAL POLAND - RAAKA-AINEIDEN TUKKUJAKELIJA","article_publisher":"https:\/\/www.facebook.com\/naturalpoland.b2b","article_modified_time":"2023-10-03T07:29:03+00:00","og_image":[{"width":650,"height":650,"url":"https:\/\/naturalpoland.com\/wp-content\/uploads\/bialko-migdalowe.jpg","type":"image\/jpeg"}],"schema":{"@context":"https:\/\/schema.org","@graph":[{"@type":"WebPage","@id":"https:\/\/naturalpoland.com\/fi\/tuotteet\/elintarviketeollisuuden-tuotteet\/kasviproteiinit\/manteli-proteiini\/","url":"https:\/\/naturalpoland.com\/fi\/tuotteet\/elintarviketeollisuuden-tuotteet\/kasviproteiinit\/manteli-proteiini\/","name":"Manteliproteiini - Tukkudistribuutio","isPartOf":{"@id":"https:\/\/naturalpoland.com\/fi\/#website"},"primaryImageOfPage":{"@id":"https:\/\/naturalpoland.com\/fi\/tuotteet\/elintarviketeollisuuden-tuotteet\/kasviproteiinit\/manteli-proteiini\/#primaryimage"},"image":{"@id":"https:\/\/naturalpoland.com\/fi\/tuotteet\/elintarviketeollisuuden-tuotteet\/kasviproteiinit\/manteli-proteiini\/#primaryimage"},"thumbnailUrl":"https:\/\/naturalpoland.com\/wp-content\/uploads\/bialko-migdalowe.jpg","datePublished":"2023-10-02T13:03:40+00:00","dateModified":"2023-10-03T07:29:03+00:00","description":"Manteliproteiini on ravintoaine, joka sis\u00e4lt\u00e4\u00e4 runsaasti v\u00e4ltt\u00e4m\u00e4tt\u00f6mi\u00e4 aminohappoja, vitamiineja ja kivenn\u00e4isaineita, jotka ovat v\u00e4ltt\u00e4m\u00e4tt\u00f6mi\u00e4 terveyden ja hyvinvoinnin yll\u00e4pit\u00e4miseksi.","breadcrumb":{"@id":"https:\/\/naturalpoland.com\/fi\/tuotteet\/elintarviketeollisuuden-tuotteet\/kasviproteiinit\/manteli-proteiini\/#breadcrumb"},"inLanguage":"fi","potentialAction":[{"@type":"ReadAction","target":["https:\/\/naturalpoland.com\/fi\/tuotteet\/elintarviketeollisuuden-tuotteet\/kasviproteiinit\/manteli-proteiini\/"]}]},{"@type":"ImageObject","inLanguage":"fi","@id":"https:\/\/naturalpoland.com\/fi\/tuotteet\/elintarviketeollisuuden-tuotteet\/kasviproteiinit\/manteli-proteiini\/#primaryimage","url":"https:\/\/naturalpoland.com\/wp-content\/uploads\/bialko-migdalowe.jpg","contentUrl":"https:\/\/naturalpoland.com\/wp-content\/uploads\/bialko-migdalowe.jpg","width":650,"height":650,"caption":"manteli proteiini"},{"@type":"BreadcrumbList","@id":"https:\/\/naturalpoland.com\/fi\/tuotteet\/elintarviketeollisuuden-tuotteet\/kasviproteiinit\/manteli-proteiini\/#breadcrumb","itemListElement":[{"@type":"ListItem","position":1,"name":"Etusivu","item":"https:\/\/naturalpoland.com\/fi\/"},{"@type":"ListItem","position":2,"name":"Tuotteet","item":"https:\/\/naturalpoland.com\/fi\/tuotteet\/"},{"@type":"ListItem","position":3,"name":"Manteliproteiini"}]},{"@type":"WebSite","@id":"https:\/\/naturalpoland.com\/fi\/#website","url":"https:\/\/naturalpoland.com\/fi\/","name":"NATURAL POLAND - RAAKA-AINEIDEN TUKKUJAKELIJA","description":"Surowce dla przemys\u0142u spo\u017cywczego, kosmetycznego i farmaceutycznego","publisher":{"@id":"https:\/\/naturalpoland.com\/fi\/#organization"},"potentialAction":[{"@type":"SearchAction","target":{"@type":"EntryPoint","urlTemplate":"https:\/\/naturalpoland.com\/fi\/?s={search_term_string}"},"query-input":{"@type":"PropertyValueSpecification","valueRequired":true,"valueName":"search_term_string"}}],"inLanguage":"fi"},{"@type":"Organization","@id":"https:\/\/naturalpoland.com\/fi\/#organization","name":"Natural Poland","url":"https:\/\/naturalpoland.com\/fi\/","logo":{"@type":"ImageObject","inLanguage":"fi","@id":"https:\/\/naturalpoland.com\/fi\/#\/schema\/logo\/image\/","url":"https:\/\/naturalpoland.com\/wp-content\/uploads\/2021\/05\/natural-poland-icon.png","contentUrl":"https:\/\/naturalpoland.com\/wp-content\/uploads\/2021\/05\/natural-poland-icon.png","width":512,"height":512,"caption":"Natural Poland"},"image":{"@id":"https:\/\/naturalpoland.com\/fi\/#\/schema\/logo\/image\/"},"sameAs":["https:\/\/www.facebook.com\/naturalpoland.b2b","https:\/\/pl.linkedin.com\/company\/natural-poland","https:\/\/www.youtube.com\/channel\/UCgeGGkvOMahZo-xu_MSEWxg"]}]}},"_links":{"self":[{"href":"https:\/\/naturalpoland.com\/fi\/wp-json\/wp\/v2\/product\/26026","targetHints":{"allow":["GET"]}}],"collection":[{"href":"https:\/\/naturalpoland.com\/fi\/wp-json\/wp\/v2\/product"}],"about":[{"href":"https:\/\/naturalpoland.com\/fi\/wp-json\/wp\/v2\/types\/product"}],"wp:featuredmedia":[{"embeddable":true,"href":"https:\/\/naturalpoland.com\/fi\/wp-json\/wp\/v2\/media\/25990"}],"wp:attachment":[{"href":"https:\/\/naturalpoland.com\/fi\/wp-json\/wp\/v2\/media?parent=26026"}],"wp:term":[{"taxonomy":"product_brand","embeddable":true,"href":"https:\/\/naturalpoland.com\/fi\/wp-json\/wp\/v2\/product_brand?post=26026"},{"taxonomy":"product_cat","embeddable":true,"href":"https:\/\/naturalpoland.com\/fi\/wp-json\/wp\/v2\/product_cat?post=26026"},{"taxonomy":"product_tag","embeddable":true,"href":"https:\/\/naturalpoland.com\/fi\/wp-json\/wp\/v2\/product_tag?post=26026"}],"curies":[{"name":"wp","href":"https:\/\/api.w.org\/{rel}","templated":true}]}}