{"id":26040,"date":"2023-10-02T14:54:20","date_gmt":"2023-10-02T12:54:20","guid":{"rendered":"https:\/\/naturalpoland.com\/produkty\/Ei-luokiteltu\/pellavansiemenproteiini\/"},"modified":"2023-10-03T09:29:09","modified_gmt":"2023-10-03T07:29:09","slug":"proteiini-heinansiemen","status":"publish","type":"product","link":"https:\/\/naturalpoland.com\/fi\/tuotteet\/elintarviketeollisuuden-tuotteet\/kasviproteiinit\/proteiini-heinansiemen\/","title":{"rendered":"Pellavansiemenproteiini"},"content":{"rendered":"<p>Tuotetta on saatavana <strong>kultaisena<\/strong> ja <strong>ruskeana<\/strong> <strong>pellavansiemenproteiinina<\/strong> (kummankin proteiinipitoisuus on 30 %), ja se on erinomainen ravintolis\u00e4 ja tuki erilaisille elintarvikkeille.<\/p>\n<h2>Pellavansiemenproteiinin ominaisuudet<\/h2>\n<ol>\n<li><strong>Runsas proteiinin l\u00e4hde<\/strong>: Kasviproteiinin l\u00e4hteen\u00e4 pellavansiemenet toimittavat elimist\u00f6lle v\u00e4ltt\u00e4m\u00e4tt\u00f6mi\u00e4 aminohappoja, jotka tukevat terveytt\u00e4 ja elimist\u00f6n moitteetonta toimintaa.<\/li>\n<li><strong>Korkea kuitupitoisuus:<\/strong> Pellavansiemenproteiini on tunnettu korkeasta kuitupitoisuudestaan, joka edist\u00e4\u00e4 ruoansulatusta ja auttaa yll\u00e4pit\u00e4m\u00e4\u00e4n tervett\u00e4 kolesterolitasoa.<\/li>\n<li><strong>K\u00e4ytt\u00f6 elintarviketeollisuudessa:<\/strong> Erinomainen lis\u00e4aine erilaisissa elintarvikkeissa, kuten energiapatukoissa, mysleiss\u00e4, proteiinipirtel\u00f6iss\u00e4 ja leipomotuotteissa. Se sopii erinomaisesti my\u00f6s kasvis- ja vegaaniruokavalioon.<\/li>\n<li><strong>Terveytt\u00e4 edist\u00e4v\u00e4t ominaisuudet:<\/strong> pellavansiemenproteiinilla on tulehdusta ehk\u00e4isevi\u00e4 ja antioksidanttisia ominaisuuksia, ja se voi tukea immuunij\u00e4rjestelm\u00e4\u00e4.<\/li>\n<li><strong>Painonpudotuksen tukeminen:<\/strong> Pellavansiemenproteiinipohjaiset tuotteet voivat korkean kuitupitoisuutensa ansiosta tukea laihtumista, sill\u00e4 ne saavat aikaan kyll\u00e4isyyden tunteen ja tyydytt\u00e4v\u00e4t ruokahalun pidemm\u00e4ksi aikaa.<\/li>\n<\/ol>\n<p>Pellavansiemenproteiinia k\u00e4ytet\u00e4\u00e4n laajalti elintarvike-, ravintolis\u00e4- ja kosmetiikkateollisuudessa. Sit\u00e4 k\u00e4ytet\u00e4\u00e4n ainesosana gluteenittomissa, vegaanisissa ja kasvisruokatuotteissa sek\u00e4 lis\u00e4aineena erilaisissa funktionaalisissa elintarvikkeissa.<\/p>\n","protected":false},"excerpt":{"rendered":"<p>Pellavansiemenist\u00e4 uutettu pellavaproteiini on eritt\u00e4in arvokas ravintoaine, joka tarjoaa monia terveyshy\u00f6tyj\u00e4 ja toiminnallisia ominaisuuksia.<\/p>\n","protected":false},"featured_media":25977,"template":"","meta":{"_acf_changed":false},"product_brand":[],"product_cat":[2665,535],"product_tag":[],"class_list":{"0":"post-26040","1":"product","2":"type-product","3":"status-publish","4":"has-post-thumbnail","6":"product_cat-kasviproteiinit","7":"product_cat-ravintolisien-ainesosat","9":"first","10":"instock","11":"shipping-taxable","12":"product-type-simple"},"acf":[],"yoast_head":"<!-- This site is optimized with the Yoast SEO plugin v27.6 - https:\/\/yoast.com\/product\/yoast-seo-wordpress\/ -->\n<title>Pellavansiemenproteiini - Tukkudistribuutio<\/title>\n<meta name=\"description\" content=\"Pellavansiemenist\u00e4 uutettu pellavaproteiini on arvokas ravintoaine, joka tarjoaa monia terveyshy\u00f6tyj\u00e4.\" \/>\n<meta name=\"robots\" content=\"index, follow, max-snippet:-1, max-image-preview:large, max-video-preview:-1\" \/>\n<link rel=\"canonical\" href=\"https:\/\/naturalpoland.com\/fi\/tuotteet\/elintarviketeollisuuden-tuotteet\/kasviproteiinit\/proteiini-heinansiemen\/\" \/>\n<meta property=\"og:locale\" content=\"fi_FI\" \/>\n<meta property=\"og:type\" content=\"article\" \/>\n<meta property=\"og:title\" content=\"Pellavansiemenproteiini - Tukkudistribuutio\" \/>\n<meta property=\"og:description\" content=\"Pellavansiemenist\u00e4 uutettu pellavaproteiini on arvokas ravintoaine, joka tarjoaa monia terveyshy\u00f6tyj\u00e4.\" \/>\n<meta property=\"og:url\" content=\"https:\/\/naturalpoland.com\/fi\/tuotteet\/elintarviketeollisuuden-tuotteet\/kasviproteiinit\/proteiini-heinansiemen\/\" \/>\n<meta property=\"og:site_name\" content=\"NATURAL POLAND - RAAKA-AINEIDEN TUKKUJAKELIJA\" \/>\n<meta property=\"article:publisher\" content=\"https:\/\/www.facebook.com\/naturalpoland.b2b\" \/>\n<meta property=\"article:modified_time\" content=\"2023-10-03T07:29:09+00:00\" \/>\n<meta property=\"og:image\" content=\"https:\/\/naturalpoland.com\/wp-content\/uploads\/bialko-siemienia-lnianego.jpg\" \/>\n\t<meta property=\"og:image:width\" content=\"650\" \/>\n\t<meta property=\"og:image:height\" content=\"650\" \/>\n\t<meta property=\"og:image:type\" content=\"image\/jpeg\" \/>\n<script type=\"application\/ld+json\" class=\"yoast-schema-graph\">{\"@context\":\"https:\\\/\\\/schema.org\",\"@graph\":[{\"@type\":\"WebPage\",\"@id\":\"https:\\\/\\\/naturalpoland.com\\\/fi\\\/tuotteet\\\/elintarviketeollisuuden-tuotteet\\\/kasviproteiinit\\\/proteiini-heinansiemen\\\/\",\"url\":\"https:\\\/\\\/naturalpoland.com\\\/fi\\\/tuotteet\\\/elintarviketeollisuuden-tuotteet\\\/kasviproteiinit\\\/proteiini-heinansiemen\\\/\",\"name\":\"Pellavansiemenproteiini - Tukkudistribuutio\",\"isPartOf\":{\"@id\":\"https:\\\/\\\/naturalpoland.com\\\/fi\\\/#website\"},\"primaryImageOfPage\":{\"@id\":\"https:\\\/\\\/naturalpoland.com\\\/fi\\\/tuotteet\\\/elintarviketeollisuuden-tuotteet\\\/kasviproteiinit\\\/proteiini-heinansiemen\\\/#primaryimage\"},\"image\":{\"@id\":\"https:\\\/\\\/naturalpoland.com\\\/fi\\\/tuotteet\\\/elintarviketeollisuuden-tuotteet\\\/kasviproteiinit\\\/proteiini-heinansiemen\\\/#primaryimage\"},\"thumbnailUrl\":\"https:\\\/\\\/naturalpoland.com\\\/wp-content\\\/uploads\\\/bialko-siemienia-lnianego.jpg\",\"datePublished\":\"2023-10-02T12:54:20+00:00\",\"dateModified\":\"2023-10-03T07:29:09+00:00\",\"description\":\"Pellavansiemenist\u00e4 uutettu pellavaproteiini on arvokas ravintoaine, joka tarjoaa monia terveyshy\u00f6tyj\u00e4.\",\"breadcrumb\":{\"@id\":\"https:\\\/\\\/naturalpoland.com\\\/fi\\\/tuotteet\\\/elintarviketeollisuuden-tuotteet\\\/kasviproteiinit\\\/proteiini-heinansiemen\\\/#breadcrumb\"},\"inLanguage\":\"fi\",\"potentialAction\":[{\"@type\":\"ReadAction\",\"target\":[\"https:\\\/\\\/naturalpoland.com\\\/fi\\\/tuotteet\\\/elintarviketeollisuuden-tuotteet\\\/kasviproteiinit\\\/proteiini-heinansiemen\\\/\"]}]},{\"@type\":\"ImageObject\",\"inLanguage\":\"fi\",\"@id\":\"https:\\\/\\\/naturalpoland.com\\\/fi\\\/tuotteet\\\/elintarviketeollisuuden-tuotteet\\\/kasviproteiinit\\\/proteiini-heinansiemen\\\/#primaryimage\",\"url\":\"https:\\\/\\\/naturalpoland.com\\\/wp-content\\\/uploads\\\/bialko-siemienia-lnianego.jpg\",\"contentUrl\":\"https:\\\/\\\/naturalpoland.com\\\/wp-content\\\/uploads\\\/bialko-siemienia-lnianego.jpg\",\"width\":650,\"height\":650,\"caption\":\"pellavansiemenproteiini\"},{\"@type\":\"BreadcrumbList\",\"@id\":\"https:\\\/\\\/naturalpoland.com\\\/fi\\\/tuotteet\\\/elintarviketeollisuuden-tuotteet\\\/kasviproteiinit\\\/proteiini-heinansiemen\\\/#breadcrumb\",\"itemListElement\":[{\"@type\":\"ListItem\",\"position\":1,\"name\":\"Etusivu\",\"item\":\"https:\\\/\\\/naturalpoland.com\\\/fi\\\/\"},{\"@type\":\"ListItem\",\"position\":2,\"name\":\"Tuotteet\",\"item\":\"https:\\\/\\\/naturalpoland.com\\\/fi\\\/tuotteet\\\/\"},{\"@type\":\"ListItem\",\"position\":3,\"name\":\"Pellavansiemenproteiini\"}]},{\"@type\":\"WebSite\",\"@id\":\"https:\\\/\\\/naturalpoland.com\\\/fi\\\/#website\",\"url\":\"https:\\\/\\\/naturalpoland.com\\\/fi\\\/\",\"name\":\"NATURAL POLAND - RAAKA-AINEIDEN TUKKUJAKELIJA\",\"description\":\"Surowce dla przemys\u0142u spo\u017cywczego, kosmetycznego i farmaceutycznego\",\"publisher\":{\"@id\":\"https:\\\/\\\/naturalpoland.com\\\/fi\\\/#organization\"},\"potentialAction\":[{\"@type\":\"SearchAction\",\"target\":{\"@type\":\"EntryPoint\",\"urlTemplate\":\"https:\\\/\\\/naturalpoland.com\\\/fi\\\/?s={search_term_string}\"},\"query-input\":{\"@type\":\"PropertyValueSpecification\",\"valueRequired\":true,\"valueName\":\"search_term_string\"}}],\"inLanguage\":\"fi\"},{\"@type\":\"Organization\",\"@id\":\"https:\\\/\\\/naturalpoland.com\\\/fi\\\/#organization\",\"name\":\"Natural Poland\",\"url\":\"https:\\\/\\\/naturalpoland.com\\\/fi\\\/\",\"logo\":{\"@type\":\"ImageObject\",\"inLanguage\":\"fi\",\"@id\":\"https:\\\/\\\/naturalpoland.com\\\/fi\\\/#\\\/schema\\\/logo\\\/image\\\/\",\"url\":\"https:\\\/\\\/naturalpoland.com\\\/wp-content\\\/uploads\\\/2021\\\/05\\\/natural-poland-icon.png\",\"contentUrl\":\"https:\\\/\\\/naturalpoland.com\\\/wp-content\\\/uploads\\\/2021\\\/05\\\/natural-poland-icon.png\",\"width\":512,\"height\":512,\"caption\":\"Natural Poland\"},\"image\":{\"@id\":\"https:\\\/\\\/naturalpoland.com\\\/fi\\\/#\\\/schema\\\/logo\\\/image\\\/\"},\"sameAs\":[\"https:\\\/\\\/www.facebook.com\\\/naturalpoland.b2b\",\"https:\\\/\\\/pl.linkedin.com\\\/company\\\/natural-poland\",\"https:\\\/\\\/www.youtube.com\\\/channel\\\/UCgeGGkvOMahZo-xu_MSEWxg\"]}]}<\/script>\n<!-- \/ Yoast SEO plugin. -->","yoast_head_json":{"title":"Pellavansiemenproteiini - Tukkudistribuutio","description":"Pellavansiemenist\u00e4 uutettu pellavaproteiini on arvokas ravintoaine, joka tarjoaa monia terveyshy\u00f6tyj\u00e4.","robots":{"index":"index","follow":"follow","max-snippet":"max-snippet:-1","max-image-preview":"max-image-preview:large","max-video-preview":"max-video-preview:-1"},"canonical":"https:\/\/naturalpoland.com\/fi\/tuotteet\/elintarviketeollisuuden-tuotteet\/kasviproteiinit\/proteiini-heinansiemen\/","og_locale":"fi_FI","og_type":"article","og_title":"Pellavansiemenproteiini - Tukkudistribuutio","og_description":"Pellavansiemenist\u00e4 uutettu pellavaproteiini on arvokas ravintoaine, joka tarjoaa monia terveyshy\u00f6tyj\u00e4.","og_url":"https:\/\/naturalpoland.com\/fi\/tuotteet\/elintarviketeollisuuden-tuotteet\/kasviproteiinit\/proteiini-heinansiemen\/","og_site_name":"NATURAL POLAND - RAAKA-AINEIDEN TUKKUJAKELIJA","article_publisher":"https:\/\/www.facebook.com\/naturalpoland.b2b","article_modified_time":"2023-10-03T07:29:09+00:00","og_image":[{"width":650,"height":650,"url":"https:\/\/naturalpoland.com\/wp-content\/uploads\/bialko-siemienia-lnianego.jpg","type":"image\/jpeg"}],"schema":{"@context":"https:\/\/schema.org","@graph":[{"@type":"WebPage","@id":"https:\/\/naturalpoland.com\/fi\/tuotteet\/elintarviketeollisuuden-tuotteet\/kasviproteiinit\/proteiini-heinansiemen\/","url":"https:\/\/naturalpoland.com\/fi\/tuotteet\/elintarviketeollisuuden-tuotteet\/kasviproteiinit\/proteiini-heinansiemen\/","name":"Pellavansiemenproteiini - Tukkudistribuutio","isPartOf":{"@id":"https:\/\/naturalpoland.com\/fi\/#website"},"primaryImageOfPage":{"@id":"https:\/\/naturalpoland.com\/fi\/tuotteet\/elintarviketeollisuuden-tuotteet\/kasviproteiinit\/proteiini-heinansiemen\/#primaryimage"},"image":{"@id":"https:\/\/naturalpoland.com\/fi\/tuotteet\/elintarviketeollisuuden-tuotteet\/kasviproteiinit\/proteiini-heinansiemen\/#primaryimage"},"thumbnailUrl":"https:\/\/naturalpoland.com\/wp-content\/uploads\/bialko-siemienia-lnianego.jpg","datePublished":"2023-10-02T12:54:20+00:00","dateModified":"2023-10-03T07:29:09+00:00","description":"Pellavansiemenist\u00e4 uutettu pellavaproteiini on arvokas ravintoaine, joka tarjoaa monia terveyshy\u00f6tyj\u00e4.","breadcrumb":{"@id":"https:\/\/naturalpoland.com\/fi\/tuotteet\/elintarviketeollisuuden-tuotteet\/kasviproteiinit\/proteiini-heinansiemen\/#breadcrumb"},"inLanguage":"fi","potentialAction":[{"@type":"ReadAction","target":["https:\/\/naturalpoland.com\/fi\/tuotteet\/elintarviketeollisuuden-tuotteet\/kasviproteiinit\/proteiini-heinansiemen\/"]}]},{"@type":"ImageObject","inLanguage":"fi","@id":"https:\/\/naturalpoland.com\/fi\/tuotteet\/elintarviketeollisuuden-tuotteet\/kasviproteiinit\/proteiini-heinansiemen\/#primaryimage","url":"https:\/\/naturalpoland.com\/wp-content\/uploads\/bialko-siemienia-lnianego.jpg","contentUrl":"https:\/\/naturalpoland.com\/wp-content\/uploads\/bialko-siemienia-lnianego.jpg","width":650,"height":650,"caption":"pellavansiemenproteiini"},{"@type":"BreadcrumbList","@id":"https:\/\/naturalpoland.com\/fi\/tuotteet\/elintarviketeollisuuden-tuotteet\/kasviproteiinit\/proteiini-heinansiemen\/#breadcrumb","itemListElement":[{"@type":"ListItem","position":1,"name":"Etusivu","item":"https:\/\/naturalpoland.com\/fi\/"},{"@type":"ListItem","position":2,"name":"Tuotteet","item":"https:\/\/naturalpoland.com\/fi\/tuotteet\/"},{"@type":"ListItem","position":3,"name":"Pellavansiemenproteiini"}]},{"@type":"WebSite","@id":"https:\/\/naturalpoland.com\/fi\/#website","url":"https:\/\/naturalpoland.com\/fi\/","name":"NATURAL POLAND - RAAKA-AINEIDEN TUKKUJAKELIJA","description":"Surowce dla przemys\u0142u spo\u017cywczego, kosmetycznego i farmaceutycznego","publisher":{"@id":"https:\/\/naturalpoland.com\/fi\/#organization"},"potentialAction":[{"@type":"SearchAction","target":{"@type":"EntryPoint","urlTemplate":"https:\/\/naturalpoland.com\/fi\/?s={search_term_string}"},"query-input":{"@type":"PropertyValueSpecification","valueRequired":true,"valueName":"search_term_string"}}],"inLanguage":"fi"},{"@type":"Organization","@id":"https:\/\/naturalpoland.com\/fi\/#organization","name":"Natural Poland","url":"https:\/\/naturalpoland.com\/fi\/","logo":{"@type":"ImageObject","inLanguage":"fi","@id":"https:\/\/naturalpoland.com\/fi\/#\/schema\/logo\/image\/","url":"https:\/\/naturalpoland.com\/wp-content\/uploads\/2021\/05\/natural-poland-icon.png","contentUrl":"https:\/\/naturalpoland.com\/wp-content\/uploads\/2021\/05\/natural-poland-icon.png","width":512,"height":512,"caption":"Natural Poland"},"image":{"@id":"https:\/\/naturalpoland.com\/fi\/#\/schema\/logo\/image\/"},"sameAs":["https:\/\/www.facebook.com\/naturalpoland.b2b","https:\/\/pl.linkedin.com\/company\/natural-poland","https:\/\/www.youtube.com\/channel\/UCgeGGkvOMahZo-xu_MSEWxg"]}]}},"_links":{"self":[{"href":"https:\/\/naturalpoland.com\/fi\/wp-json\/wp\/v2\/product\/26040","targetHints":{"allow":["GET"]}}],"collection":[{"href":"https:\/\/naturalpoland.com\/fi\/wp-json\/wp\/v2\/product"}],"about":[{"href":"https:\/\/naturalpoland.com\/fi\/wp-json\/wp\/v2\/types\/product"}],"wp:featuredmedia":[{"embeddable":true,"href":"https:\/\/naturalpoland.com\/fi\/wp-json\/wp\/v2\/media\/25977"}],"wp:attachment":[{"href":"https:\/\/naturalpoland.com\/fi\/wp-json\/wp\/v2\/media?parent=26040"}],"wp:term":[{"taxonomy":"product_brand","embeddable":true,"href":"https:\/\/naturalpoland.com\/fi\/wp-json\/wp\/v2\/product_brand?post=26040"},{"taxonomy":"product_cat","embeddable":true,"href":"https:\/\/naturalpoland.com\/fi\/wp-json\/wp\/v2\/product_cat?post=26040"},{"taxonomy":"product_tag","embeddable":true,"href":"https:\/\/naturalpoland.com\/fi\/wp-json\/wp\/v2\/product_tag?post=26040"}],"curies":[{"name":"wp","href":"https:\/\/api.w.org\/{rel}","templated":true}]}}