{"id":26043,"date":"2023-10-02T14:38:02","date_gmt":"2023-10-02T12:38:02","guid":{"rendered":"https:\/\/naturalpoland.com\/produkty\/Ei-luokiteltu\/vehnaproteiini-gluteeni\/"},"modified":"2023-10-03T09:29:09","modified_gmt":"2023-10-03T07:29:09","slug":"proteiini-vehna-gluteeni","status":"publish","type":"product","link":"https:\/\/naturalpoland.com\/fi\/tuotteet\/elintarviketeollisuuden-tuotteet\/kasviproteiinit\/proteiini-vehna-gluteeni\/","title":{"rendered":"Vehn\u00e4proteiini (gluteeni)"},"content":{"rendered":"<p>Ainutlaatuisten sitovien ominaisuuksiensa ja elastisuutensa ansiosta gluteenia k\u00e4ytet\u00e4\u00e4n laajalti paitsi leipomoteollisuudessa my\u00f6s proteiinilis\u00e4aineena erilaisissa elintarvikkeissa ja rehuissa.<\/p>\n<h3>Vehn\u00e4proteiinin ominaisuudet ja k\u00e4ytt\u00f6tarkoitukset<\/h3>\n<ol>\n<li><strong>Sitovat ominaisuudet:<\/strong> Gluteenilla on ainutlaatuiset sitovat ominaisuudet, mink\u00e4 vuoksi se on erinomainen ainesosa kasvis- ja vegaanituotteiden, kuten kasvipohjaisen lihan, valmistuksessa.<\/li>\n<li><strong>Ravintoarvo:<\/strong> Vehn\u00e4proteiini sis\u00e4lt\u00e4\u00e4 v\u00e4ltt\u00e4m\u00e4tt\u00f6mi\u00e4 aminohappoja ja on t\u00e4rke\u00e4 proteiininl\u00e4hde ruokavaliossa.<\/li>\n<li><strong>Leipomoteollisuus:<\/strong> gluteeni on v\u00e4ltt\u00e4m\u00e4t\u00f6n leiv\u00e4n ja muiden leipomotuotteiden valmistuksessa, sill\u00e4 se antaa taikinalle kimmoisuutta ja mahdollistaa k\u00e4ymisen aikana syntyvien kaasujen pid\u00e4tt\u00e4misen, mik\u00e4 johtaa kuohkeaan ja j\u00e4ntev\u00e4\u00e4n lihaan.<\/li>\n<li><strong>Kosmetiikka ja lis\u00e4ravinteet:<\/strong> Gluteenia k\u00e4ytet\u00e4\u00e4n my\u00f6s kosmetiikassa ja ravintolisiss\u00e4 sitovana, stabiloivana ja ravitsemuksellisena ainesosana.<\/li>\n<\/ol>\n<p>Vaikka gluteeni on turvallista suurimmalle osalle v\u00e4est\u00f6st\u00e4, keliakiaa, gluteeniyliherkkyytt\u00e4 tai vehn\u00e4allergiaa sairastavien tulisi v\u00e4ltt\u00e4\u00e4 sit\u00e4. Gluteenia sis\u00e4lt\u00e4vi\u00e4 elintarvikkeita valmistavien yritysten olisi kiinnitett\u00e4v\u00e4 erityist\u00e4 huomiota tuotteiden pakkausmerkint\u00f6ihin, jotta kuluttajat saavat tietoa gluteenin esiintymisest\u00e4.<\/p>\n","protected":false},"excerpt":{"rendered":"<p><strong>Vehn\u00e4proteiini<\/strong>, joka tunnetaan yleisesti nimell\u00e4 <strong>gluteeni<\/strong>, on vehn\u00e4n jyviss\u00e4 olevien proteiinien monimutkainen seos. Gluteenin osuus vehn\u00e4njyvien kokonaisproteiinipitoisuudesta on noin 80 prosenttia, ja se on keskeinen komponentti, joka m\u00e4\u00e4ritt\u00e4\u00e4 vehn\u00e4tuotteiden rakenteen, rakenteen ja leivontaominaisuudet.<\/p>\n","protected":false},"featured_media":25964,"template":"","meta":{"_acf_changed":false},"product_brand":[],"product_cat":[2665],"product_tag":[],"class_list":{"0":"post-26043","1":"product","2":"type-product","3":"status-publish","4":"has-post-thumbnail","6":"product_cat-kasviproteiinit","8":"first","9":"instock","10":"shipping-taxable","11":"product-type-simple"},"acf":[],"yoast_head":"<!-- This site is optimized with the Yoast SEO plugin v27.4 - https:\/\/yoast.com\/product\/yoast-seo-wordpress\/ -->\n<title>Vehn\u00e4proteiini (gluteeni) - Tukkudistribuutio<\/title>\n<meta name=\"description\" content=\"Vehn\u00e4proteiini, joka tunnetaan nimell\u00e4 gluteeni, on monimutkainen proteiinien seos, jota esiintyy vehn\u00e4njyviss\u00e4. Gluteenia on n. 80 prosenttia vehn\u00e4n kokonaisproteiinipitoisuudesta.\" \/>\n<meta name=\"robots\" content=\"index, follow, max-snippet:-1, max-image-preview:large, max-video-preview:-1\" \/>\n<link rel=\"canonical\" href=\"https:\/\/naturalpoland.com\/fi\/tuotteet\/elintarviketeollisuuden-tuotteet\/kasviproteiinit\/proteiini-vehna-gluteeni\/\" \/>\n<meta property=\"og:locale\" content=\"fi_FI\" \/>\n<meta property=\"og:type\" content=\"article\" \/>\n<meta property=\"og:title\" content=\"Vehn\u00e4proteiini (gluteeni) - Tukkudistribuutio\" \/>\n<meta property=\"og:description\" content=\"Vehn\u00e4proteiini, joka tunnetaan nimell\u00e4 gluteeni, on monimutkainen proteiinien seos, jota esiintyy vehn\u00e4njyviss\u00e4. Gluteenia on n. 80 prosenttia vehn\u00e4n kokonaisproteiinipitoisuudesta.\" \/>\n<meta property=\"og:url\" content=\"https:\/\/naturalpoland.com\/fi\/tuotteet\/elintarviketeollisuuden-tuotteet\/kasviproteiinit\/proteiini-vehna-gluteeni\/\" \/>\n<meta property=\"og:site_name\" content=\"NATURAL POLAND - RAAKA-AINEIDEN TUKKUJAKELIJA\" \/>\n<meta property=\"article:publisher\" content=\"https:\/\/www.facebook.com\/naturalpoland.b2b\" \/>\n<meta property=\"article:modified_time\" content=\"2023-10-03T07:29:09+00:00\" \/>\n<meta property=\"og:image\" content=\"https:\/\/naturalpoland.com\/wp-content\/uploads\/bialko-pszenicy-gluten.jpg\" \/>\n\t<meta property=\"og:image:width\" content=\"650\" \/>\n\t<meta property=\"og:image:height\" content=\"650\" \/>\n\t<meta property=\"og:image:type\" content=\"image\/jpeg\" \/>\n<script type=\"application\/ld+json\" class=\"yoast-schema-graph\">{\"@context\":\"https:\\\/\\\/schema.org\",\"@graph\":[{\"@type\":\"WebPage\",\"@id\":\"https:\\\/\\\/naturalpoland.com\\\/fi\\\/tuotteet\\\/elintarviketeollisuuden-tuotteet\\\/kasviproteiinit\\\/proteiini-vehna-gluteeni\\\/\",\"url\":\"https:\\\/\\\/naturalpoland.com\\\/fi\\\/tuotteet\\\/elintarviketeollisuuden-tuotteet\\\/kasviproteiinit\\\/proteiini-vehna-gluteeni\\\/\",\"name\":\"Vehn\u00e4proteiini (gluteeni) - Tukkudistribuutio\",\"isPartOf\":{\"@id\":\"https:\\\/\\\/naturalpoland.com\\\/fi\\\/#website\"},\"primaryImageOfPage\":{\"@id\":\"https:\\\/\\\/naturalpoland.com\\\/fi\\\/tuotteet\\\/elintarviketeollisuuden-tuotteet\\\/kasviproteiinit\\\/proteiini-vehna-gluteeni\\\/#primaryimage\"},\"image\":{\"@id\":\"https:\\\/\\\/naturalpoland.com\\\/fi\\\/tuotteet\\\/elintarviketeollisuuden-tuotteet\\\/kasviproteiinit\\\/proteiini-vehna-gluteeni\\\/#primaryimage\"},\"thumbnailUrl\":\"https:\\\/\\\/naturalpoland.com\\\/wp-content\\\/uploads\\\/bialko-pszenicy-gluten.jpg\",\"datePublished\":\"2023-10-02T12:38:02+00:00\",\"dateModified\":\"2023-10-03T07:29:09+00:00\",\"description\":\"Vehn\u00e4proteiini, joka tunnetaan nimell\u00e4 gluteeni, on monimutkainen proteiinien seos, jota esiintyy vehn\u00e4njyviss\u00e4. Gluteenia on n. 80 prosenttia vehn\u00e4n kokonaisproteiinipitoisuudesta.\",\"breadcrumb\":{\"@id\":\"https:\\\/\\\/naturalpoland.com\\\/fi\\\/tuotteet\\\/elintarviketeollisuuden-tuotteet\\\/kasviproteiinit\\\/proteiini-vehna-gluteeni\\\/#breadcrumb\"},\"inLanguage\":\"fi\",\"potentialAction\":[{\"@type\":\"ReadAction\",\"target\":[\"https:\\\/\\\/naturalpoland.com\\\/fi\\\/tuotteet\\\/elintarviketeollisuuden-tuotteet\\\/kasviproteiinit\\\/proteiini-vehna-gluteeni\\\/\"]}]},{\"@type\":\"ImageObject\",\"inLanguage\":\"fi\",\"@id\":\"https:\\\/\\\/naturalpoland.com\\\/fi\\\/tuotteet\\\/elintarviketeollisuuden-tuotteet\\\/kasviproteiinit\\\/proteiini-vehna-gluteeni\\\/#primaryimage\",\"url\":\"https:\\\/\\\/naturalpoland.com\\\/wp-content\\\/uploads\\\/bialko-pszenicy-gluten.jpg\",\"contentUrl\":\"https:\\\/\\\/naturalpoland.com\\\/wp-content\\\/uploads\\\/bialko-pszenicy-gluten.jpg\",\"width\":650,\"height\":650,\"caption\":\"gluteeni - vehn\u00e4proteiini\"},{\"@type\":\"BreadcrumbList\",\"@id\":\"https:\\\/\\\/naturalpoland.com\\\/fi\\\/tuotteet\\\/elintarviketeollisuuden-tuotteet\\\/kasviproteiinit\\\/proteiini-vehna-gluteeni\\\/#breadcrumb\",\"itemListElement\":[{\"@type\":\"ListItem\",\"position\":1,\"name\":\"Etusivu\",\"item\":\"https:\\\/\\\/naturalpoland.com\\\/fi\\\/\"},{\"@type\":\"ListItem\",\"position\":2,\"name\":\"Tuotteet\",\"item\":\"https:\\\/\\\/naturalpoland.com\\\/fi\\\/tuotteet\\\/\"},{\"@type\":\"ListItem\",\"position\":3,\"name\":\"Vehn\u00e4proteiini (gluteeni)\"}]},{\"@type\":\"WebSite\",\"@id\":\"https:\\\/\\\/naturalpoland.com\\\/fi\\\/#website\",\"url\":\"https:\\\/\\\/naturalpoland.com\\\/fi\\\/\",\"name\":\"NATURAL POLAND - RAAKA-AINEIDEN TUKKUJAKELIJA\",\"description\":\"Surowce dla przemys\u0142u spo\u017cywczego, kosmetycznego i farmaceutycznego\",\"publisher\":{\"@id\":\"https:\\\/\\\/naturalpoland.com\\\/fi\\\/#organization\"},\"potentialAction\":[{\"@type\":\"SearchAction\",\"target\":{\"@type\":\"EntryPoint\",\"urlTemplate\":\"https:\\\/\\\/naturalpoland.com\\\/fi\\\/?s={search_term_string}\"},\"query-input\":{\"@type\":\"PropertyValueSpecification\",\"valueRequired\":true,\"valueName\":\"search_term_string\"}}],\"inLanguage\":\"fi\"},{\"@type\":\"Organization\",\"@id\":\"https:\\\/\\\/naturalpoland.com\\\/fi\\\/#organization\",\"name\":\"Natural Poland\",\"url\":\"https:\\\/\\\/naturalpoland.com\\\/fi\\\/\",\"logo\":{\"@type\":\"ImageObject\",\"inLanguage\":\"fi\",\"@id\":\"https:\\\/\\\/naturalpoland.com\\\/fi\\\/#\\\/schema\\\/logo\\\/image\\\/\",\"url\":\"https:\\\/\\\/naturalpoland.com\\\/wp-content\\\/uploads\\\/2021\\\/05\\\/natural-poland-icon.png\",\"contentUrl\":\"https:\\\/\\\/naturalpoland.com\\\/wp-content\\\/uploads\\\/2021\\\/05\\\/natural-poland-icon.png\",\"width\":512,\"height\":512,\"caption\":\"Natural Poland\"},\"image\":{\"@id\":\"https:\\\/\\\/naturalpoland.com\\\/fi\\\/#\\\/schema\\\/logo\\\/image\\\/\"},\"sameAs\":[\"https:\\\/\\\/www.facebook.com\\\/naturalpoland.b2b\",\"https:\\\/\\\/pl.linkedin.com\\\/company\\\/natural-poland\",\"https:\\\/\\\/www.youtube.com\\\/channel\\\/UCgeGGkvOMahZo-xu_MSEWxg\"]}]}<\/script>\n<!-- \/ Yoast SEO plugin. -->","yoast_head_json":{"title":"Vehn\u00e4proteiini (gluteeni) - Tukkudistribuutio","description":"Vehn\u00e4proteiini, joka tunnetaan nimell\u00e4 gluteeni, on monimutkainen proteiinien seos, jota esiintyy vehn\u00e4njyviss\u00e4. Gluteenia on n. 80 prosenttia vehn\u00e4n kokonaisproteiinipitoisuudesta.","robots":{"index":"index","follow":"follow","max-snippet":"max-snippet:-1","max-image-preview":"max-image-preview:large","max-video-preview":"max-video-preview:-1"},"canonical":"https:\/\/naturalpoland.com\/fi\/tuotteet\/elintarviketeollisuuden-tuotteet\/kasviproteiinit\/proteiini-vehna-gluteeni\/","og_locale":"fi_FI","og_type":"article","og_title":"Vehn\u00e4proteiini (gluteeni) - Tukkudistribuutio","og_description":"Vehn\u00e4proteiini, joka tunnetaan nimell\u00e4 gluteeni, on monimutkainen proteiinien seos, jota esiintyy vehn\u00e4njyviss\u00e4. Gluteenia on n. 80 prosenttia vehn\u00e4n kokonaisproteiinipitoisuudesta.","og_url":"https:\/\/naturalpoland.com\/fi\/tuotteet\/elintarviketeollisuuden-tuotteet\/kasviproteiinit\/proteiini-vehna-gluteeni\/","og_site_name":"NATURAL POLAND - RAAKA-AINEIDEN TUKKUJAKELIJA","article_publisher":"https:\/\/www.facebook.com\/naturalpoland.b2b","article_modified_time":"2023-10-03T07:29:09+00:00","og_image":[{"width":650,"height":650,"url":"https:\/\/naturalpoland.com\/wp-content\/uploads\/bialko-pszenicy-gluten.jpg","type":"image\/jpeg"}],"schema":{"@context":"https:\/\/schema.org","@graph":[{"@type":"WebPage","@id":"https:\/\/naturalpoland.com\/fi\/tuotteet\/elintarviketeollisuuden-tuotteet\/kasviproteiinit\/proteiini-vehna-gluteeni\/","url":"https:\/\/naturalpoland.com\/fi\/tuotteet\/elintarviketeollisuuden-tuotteet\/kasviproteiinit\/proteiini-vehna-gluteeni\/","name":"Vehn\u00e4proteiini (gluteeni) - Tukkudistribuutio","isPartOf":{"@id":"https:\/\/naturalpoland.com\/fi\/#website"},"primaryImageOfPage":{"@id":"https:\/\/naturalpoland.com\/fi\/tuotteet\/elintarviketeollisuuden-tuotteet\/kasviproteiinit\/proteiini-vehna-gluteeni\/#primaryimage"},"image":{"@id":"https:\/\/naturalpoland.com\/fi\/tuotteet\/elintarviketeollisuuden-tuotteet\/kasviproteiinit\/proteiini-vehna-gluteeni\/#primaryimage"},"thumbnailUrl":"https:\/\/naturalpoland.com\/wp-content\/uploads\/bialko-pszenicy-gluten.jpg","datePublished":"2023-10-02T12:38:02+00:00","dateModified":"2023-10-03T07:29:09+00:00","description":"Vehn\u00e4proteiini, joka tunnetaan nimell\u00e4 gluteeni, on monimutkainen proteiinien seos, jota esiintyy vehn\u00e4njyviss\u00e4. Gluteenia on n. 80 prosenttia vehn\u00e4n kokonaisproteiinipitoisuudesta.","breadcrumb":{"@id":"https:\/\/naturalpoland.com\/fi\/tuotteet\/elintarviketeollisuuden-tuotteet\/kasviproteiinit\/proteiini-vehna-gluteeni\/#breadcrumb"},"inLanguage":"fi","potentialAction":[{"@type":"ReadAction","target":["https:\/\/naturalpoland.com\/fi\/tuotteet\/elintarviketeollisuuden-tuotteet\/kasviproteiinit\/proteiini-vehna-gluteeni\/"]}]},{"@type":"ImageObject","inLanguage":"fi","@id":"https:\/\/naturalpoland.com\/fi\/tuotteet\/elintarviketeollisuuden-tuotteet\/kasviproteiinit\/proteiini-vehna-gluteeni\/#primaryimage","url":"https:\/\/naturalpoland.com\/wp-content\/uploads\/bialko-pszenicy-gluten.jpg","contentUrl":"https:\/\/naturalpoland.com\/wp-content\/uploads\/bialko-pszenicy-gluten.jpg","width":650,"height":650,"caption":"gluteeni - vehn\u00e4proteiini"},{"@type":"BreadcrumbList","@id":"https:\/\/naturalpoland.com\/fi\/tuotteet\/elintarviketeollisuuden-tuotteet\/kasviproteiinit\/proteiini-vehna-gluteeni\/#breadcrumb","itemListElement":[{"@type":"ListItem","position":1,"name":"Etusivu","item":"https:\/\/naturalpoland.com\/fi\/"},{"@type":"ListItem","position":2,"name":"Tuotteet","item":"https:\/\/naturalpoland.com\/fi\/tuotteet\/"},{"@type":"ListItem","position":3,"name":"Vehn\u00e4proteiini (gluteeni)"}]},{"@type":"WebSite","@id":"https:\/\/naturalpoland.com\/fi\/#website","url":"https:\/\/naturalpoland.com\/fi\/","name":"NATURAL POLAND - RAAKA-AINEIDEN TUKKUJAKELIJA","description":"Surowce dla przemys\u0142u spo\u017cywczego, kosmetycznego i farmaceutycznego","publisher":{"@id":"https:\/\/naturalpoland.com\/fi\/#organization"},"potentialAction":[{"@type":"SearchAction","target":{"@type":"EntryPoint","urlTemplate":"https:\/\/naturalpoland.com\/fi\/?s={search_term_string}"},"query-input":{"@type":"PropertyValueSpecification","valueRequired":true,"valueName":"search_term_string"}}],"inLanguage":"fi"},{"@type":"Organization","@id":"https:\/\/naturalpoland.com\/fi\/#organization","name":"Natural Poland","url":"https:\/\/naturalpoland.com\/fi\/","logo":{"@type":"ImageObject","inLanguage":"fi","@id":"https:\/\/naturalpoland.com\/fi\/#\/schema\/logo\/image\/","url":"https:\/\/naturalpoland.com\/wp-content\/uploads\/2021\/05\/natural-poland-icon.png","contentUrl":"https:\/\/naturalpoland.com\/wp-content\/uploads\/2021\/05\/natural-poland-icon.png","width":512,"height":512,"caption":"Natural Poland"},"image":{"@id":"https:\/\/naturalpoland.com\/fi\/#\/schema\/logo\/image\/"},"sameAs":["https:\/\/www.facebook.com\/naturalpoland.b2b","https:\/\/pl.linkedin.com\/company\/natural-poland","https:\/\/www.youtube.com\/channel\/UCgeGGkvOMahZo-xu_MSEWxg"]}]}},"_links":{"self":[{"href":"https:\/\/naturalpoland.com\/fi\/wp-json\/wp\/v2\/product\/26043","targetHints":{"allow":["GET"]}}],"collection":[{"href":"https:\/\/naturalpoland.com\/fi\/wp-json\/wp\/v2\/product"}],"about":[{"href":"https:\/\/naturalpoland.com\/fi\/wp-json\/wp\/v2\/types\/product"}],"wp:featuredmedia":[{"embeddable":true,"href":"https:\/\/naturalpoland.com\/fi\/wp-json\/wp\/v2\/media\/25964"}],"wp:attachment":[{"href":"https:\/\/naturalpoland.com\/fi\/wp-json\/wp\/v2\/media?parent=26043"}],"wp:term":[{"taxonomy":"product_brand","embeddable":true,"href":"https:\/\/naturalpoland.com\/fi\/wp-json\/wp\/v2\/product_brand?post=26043"},{"taxonomy":"product_cat","embeddable":true,"href":"https:\/\/naturalpoland.com\/fi\/wp-json\/wp\/v2\/product_cat?post=26043"},{"taxonomy":"product_tag","embeddable":true,"href":"https:\/\/naturalpoland.com\/fi\/wp-json\/wp\/v2\/product_tag?post=26043"}],"curies":[{"name":"wp","href":"https:\/\/api.w.org\/{rel}","templated":true}]}}