{"id":26106,"date":"2023-10-02T13:36:26","date_gmt":"2023-10-02T11:36:26","guid":{"rendered":"https:\/\/naturalpoland.com\/produkty\/Ei-luokiteltu\/riisiproteiini\/"},"modified":"2023-10-03T10:09:06","modified_gmt":"2023-10-03T08:09:06","slug":"proteiini-riisi","status":"publish","type":"product","link":"https:\/\/naturalpoland.com\/fi\/tuotteet\/elintarviketeollisuuden-tuotteet\/kasviproteiinit\/proteiini-riisi\/","title":{"rendered":"Riisiproteiini"},"content":{"rendered":"<h2>Valkoinen ja ruskea riisiproteiini<\/h2>\n<p>Riisiproteiinia on saatavana <strong>valkoisena<\/strong> (80 % proteiinipitoisuus) ja <strong>ruskeana<\/strong> (80 % proteiinipitoisuus). Valkoinen riisiproteiini on pehme\u00e4mm\u00e4n makuista ja samettisempaa, joten se sopii erinomaisesti smoothieihin ja pirtel\u00f6ihin. Ruskeassa versiossa sen sijaan on hieman voimakkaampi maku ja enemm\u00e4n kuitua, joka edist\u00e4\u00e4 ruoansulatuskanavan terveytt\u00e4.<\/p>\n<h2>Riisiproteiinin ominaisuudet<\/h2>\n<p>Molemmat tuoteversiot ovat energian ja ravintoarvojen l\u00e4hde, joita elimist\u00f6 tarvitsee toimiakseen asianmukaisesti. Riisiproteiini tukee lihasmassan rakentamista ja uusiutumista, mik\u00e4 on eritt\u00e4in t\u00e4rke\u00e4\u00e4 urheilijoille, fyysisesti aktiivisille ihmisille sek\u00e4 vegaaneille ja kasvissy\u00f6jille, jotka etsiv\u00e4t vaihtoehtoisia proteiininl\u00e4hteit\u00e4.<\/p>\n<p>Tuotetta arvostetaan my\u00f6s sen neutraalin maun ja monipuolisuuden vuoksi keitti\u00f6ss\u00e4. Sit\u00e4 voidaan lis\u00e4t\u00e4 monenlaisiin ruokiin proteiinipirtel\u00f6ist\u00e4 pannukakkuihin, kakkuihin ja kaikenlaisiin j\u00e4lkiruokiin. Sen neutraali makuprofiili tarkoittaa, ett\u00e4 se sekoittuu t\u00e4ydellisesti muiden ainesosien kanssa h\u00e4iritsem\u00e4tt\u00e4 niiden luonnollisia makuja.<\/p>\n<p>Lis\u00e4ksi riisiproteiini on turvallinen tuote ihmisille, joilla on erilaisia ruoka-aineintoleransseja, sill\u00e4 se ei sis\u00e4ll\u00e4 laktoosia, soijaa tai muita allergeeneja. Se on eritt\u00e4in arvostettu tuote terveysruoka- ja ravintolis\u00e4markkinoilla, ja sen suosio kasvaa jatkuvasti, koska kuluttajat ovat yh\u00e4 tietoisempia terveellisist\u00e4 el\u00e4m\u00e4ntavoista ja ravitsemuksesta.<\/p>\n","protected":false},"excerpt":{"rendered":"<p>Riisiproteiini on ainutlaatuinen ravintolis\u00e4. Parhaasta riisist\u00e4 valmistettu proteiini tarjoaa elimist\u00f6lle v\u00e4ltt\u00e4m\u00e4tt\u00f6mi\u00e4 aminohappoja. Se on gluteeniton, joten se on erinomainen valinta gluteeniyliherkkyydest\u00e4 ja keliakiasta k\u00e4rsiville.<\/p>\n","protected":false},"featured_media":25899,"template":"","meta":[],"product_brand":[],"product_cat":[2665,535],"product_tag":[],"class_list":{"0":"post-26106","1":"product","2":"type-product","3":"status-publish","4":"has-post-thumbnail","6":"product_cat-kasviproteiinit","7":"product_cat-ravintolisien-ainesosat","9":"first","10":"instock","11":"shipping-taxable","12":"product-type-simple"},"yoast_head":"<!-- This site is optimized with the Yoast SEO plugin v27.3 - https:\/\/yoast.com\/product\/yoast-seo-wordpress\/ -->\n<title>Riisiproteiini - Tukkudistribuutio<\/title>\n<meta name=\"description\" content=\"Riisiproteiini on ainutlaatuinen ravintolis\u00e4. Parhaasta riisist\u00e4 valmistettu proteiini tarjoaa elimist\u00f6lle v\u00e4ltt\u00e4m\u00e4tt\u00f6mi\u00e4 aminohappoja.\" \/>\n<meta name=\"robots\" content=\"index, follow, max-snippet:-1, max-image-preview:large, max-video-preview:-1\" \/>\n<link rel=\"canonical\" href=\"https:\/\/naturalpoland.com\/fi\/tuotteet\/elintarviketeollisuuden-tuotteet\/kasviproteiinit\/proteiini-riisi\/\" \/>\n<meta property=\"og:locale\" content=\"fi_FI\" \/>\n<meta property=\"og:type\" content=\"article\" \/>\n<meta property=\"og:title\" content=\"Riisiproteiini - Tukkudistribuutio\" \/>\n<meta property=\"og:description\" content=\"Riisiproteiini on ainutlaatuinen ravintolis\u00e4. Parhaasta riisist\u00e4 valmistettu proteiini tarjoaa elimist\u00f6lle v\u00e4ltt\u00e4m\u00e4tt\u00f6mi\u00e4 aminohappoja.\" \/>\n<meta property=\"og:url\" content=\"https:\/\/naturalpoland.com\/fi\/tuotteet\/elintarviketeollisuuden-tuotteet\/kasviproteiinit\/proteiini-riisi\/\" \/>\n<meta property=\"og:site_name\" content=\"NATURAL POLAND - RAAKA-AINEIDEN TUKKUJAKELIJA\" \/>\n<meta property=\"article:publisher\" content=\"https:\/\/www.facebook.com\/naturalpoland.b2b\" \/>\n<meta property=\"article:modified_time\" content=\"2023-10-03T08:09:06+00:00\" \/>\n<meta property=\"og:image\" content=\"https:\/\/naturalpoland.com\/wp-content\/uploads\/bialko-ryzowe.jpg\" \/>\n\t<meta property=\"og:image:width\" content=\"650\" \/>\n\t<meta property=\"og:image:height\" content=\"650\" \/>\n\t<meta property=\"og:image:type\" content=\"image\/jpeg\" \/>\n<script type=\"application\/ld+json\" class=\"yoast-schema-graph\">{\"@context\":\"https:\\\/\\\/schema.org\",\"@graph\":[{\"@type\":\"WebPage\",\"@id\":\"https:\\\/\\\/naturalpoland.com\\\/fi\\\/tuotteet\\\/elintarviketeollisuuden-tuotteet\\\/kasviproteiinit\\\/proteiini-riisi\\\/\",\"url\":\"https:\\\/\\\/naturalpoland.com\\\/fi\\\/tuotteet\\\/elintarviketeollisuuden-tuotteet\\\/kasviproteiinit\\\/proteiini-riisi\\\/\",\"name\":\"Riisiproteiini - Tukkudistribuutio\",\"isPartOf\":{\"@id\":\"https:\\\/\\\/naturalpoland.com\\\/fi\\\/#website\"},\"primaryImageOfPage\":{\"@id\":\"https:\\\/\\\/naturalpoland.com\\\/fi\\\/tuotteet\\\/elintarviketeollisuuden-tuotteet\\\/kasviproteiinit\\\/proteiini-riisi\\\/#primaryimage\"},\"image\":{\"@id\":\"https:\\\/\\\/naturalpoland.com\\\/fi\\\/tuotteet\\\/elintarviketeollisuuden-tuotteet\\\/kasviproteiinit\\\/proteiini-riisi\\\/#primaryimage\"},\"thumbnailUrl\":\"https:\\\/\\\/naturalpoland.com\\\/wp-content\\\/uploads\\\/bialko-ryzowe.jpg\",\"datePublished\":\"2023-10-02T11:36:26+00:00\",\"dateModified\":\"2023-10-03T08:09:06+00:00\",\"description\":\"Riisiproteiini on ainutlaatuinen ravintolis\u00e4. Parhaasta riisist\u00e4 valmistettu proteiini tarjoaa elimist\u00f6lle v\u00e4ltt\u00e4m\u00e4tt\u00f6mi\u00e4 aminohappoja.\",\"breadcrumb\":{\"@id\":\"https:\\\/\\\/naturalpoland.com\\\/fi\\\/tuotteet\\\/elintarviketeollisuuden-tuotteet\\\/kasviproteiinit\\\/proteiini-riisi\\\/#breadcrumb\"},\"inLanguage\":\"fi\",\"potentialAction\":[{\"@type\":\"ReadAction\",\"target\":[\"https:\\\/\\\/naturalpoland.com\\\/fi\\\/tuotteet\\\/elintarviketeollisuuden-tuotteet\\\/kasviproteiinit\\\/proteiini-riisi\\\/\"]}]},{\"@type\":\"ImageObject\",\"inLanguage\":\"fi\",\"@id\":\"https:\\\/\\\/naturalpoland.com\\\/fi\\\/tuotteet\\\/elintarviketeollisuuden-tuotteet\\\/kasviproteiinit\\\/proteiini-riisi\\\/#primaryimage\",\"url\":\"https:\\\/\\\/naturalpoland.com\\\/wp-content\\\/uploads\\\/bialko-ryzowe.jpg\",\"contentUrl\":\"https:\\\/\\\/naturalpoland.com\\\/wp-content\\\/uploads\\\/bialko-ryzowe.jpg\",\"width\":650,\"height\":650,\"caption\":\"riisiproteiini\"},{\"@type\":\"BreadcrumbList\",\"@id\":\"https:\\\/\\\/naturalpoland.com\\\/fi\\\/tuotteet\\\/elintarviketeollisuuden-tuotteet\\\/kasviproteiinit\\\/proteiini-riisi\\\/#breadcrumb\",\"itemListElement\":[{\"@type\":\"ListItem\",\"position\":1,\"name\":\"Etusivu\",\"item\":\"https:\\\/\\\/naturalpoland.com\\\/fi\\\/\"},{\"@type\":\"ListItem\",\"position\":2,\"name\":\"Tuotteet\",\"item\":\"https:\\\/\\\/naturalpoland.com\\\/fi\\\/tuotteet\\\/\"},{\"@type\":\"ListItem\",\"position\":3,\"name\":\"Riisiproteiini\"}]},{\"@type\":\"WebSite\",\"@id\":\"https:\\\/\\\/naturalpoland.com\\\/fi\\\/#website\",\"url\":\"https:\\\/\\\/naturalpoland.com\\\/fi\\\/\",\"name\":\"NATURAL POLAND - RAAKA-AINEIDEN TUKKUJAKELIJA\",\"description\":\"Surowce dla przemys\u0142u spo\u017cywczego, kosmetycznego i farmaceutycznego\",\"publisher\":{\"@id\":\"https:\\\/\\\/naturalpoland.com\\\/fi\\\/#organization\"},\"potentialAction\":[{\"@type\":\"SearchAction\",\"target\":{\"@type\":\"EntryPoint\",\"urlTemplate\":\"https:\\\/\\\/naturalpoland.com\\\/fi\\\/?s={search_term_string}\"},\"query-input\":{\"@type\":\"PropertyValueSpecification\",\"valueRequired\":true,\"valueName\":\"search_term_string\"}}],\"inLanguage\":\"fi\"},{\"@type\":\"Organization\",\"@id\":\"https:\\\/\\\/naturalpoland.com\\\/fi\\\/#organization\",\"name\":\"Natural Poland\",\"url\":\"https:\\\/\\\/naturalpoland.com\\\/fi\\\/\",\"logo\":{\"@type\":\"ImageObject\",\"inLanguage\":\"fi\",\"@id\":\"https:\\\/\\\/naturalpoland.com\\\/fi\\\/#\\\/schema\\\/logo\\\/image\\\/\",\"url\":\"https:\\\/\\\/naturalpoland.com\\\/wp-content\\\/uploads\\\/2021\\\/05\\\/natural-poland-icon.png\",\"contentUrl\":\"https:\\\/\\\/naturalpoland.com\\\/wp-content\\\/uploads\\\/2021\\\/05\\\/natural-poland-icon.png\",\"width\":512,\"height\":512,\"caption\":\"Natural Poland\"},\"image\":{\"@id\":\"https:\\\/\\\/naturalpoland.com\\\/fi\\\/#\\\/schema\\\/logo\\\/image\\\/\"},\"sameAs\":[\"https:\\\/\\\/www.facebook.com\\\/naturalpoland.b2b\",\"https:\\\/\\\/pl.linkedin.com\\\/company\\\/natural-poland\",\"https:\\\/\\\/www.youtube.com\\\/channel\\\/UCgeGGkvOMahZo-xu_MSEWxg\"]}]}<\/script>\n<!-- \/ Yoast SEO plugin. -->","yoast_head_json":{"title":"Riisiproteiini - Tukkudistribuutio","description":"Riisiproteiini on ainutlaatuinen ravintolis\u00e4. Parhaasta riisist\u00e4 valmistettu proteiini tarjoaa elimist\u00f6lle v\u00e4ltt\u00e4m\u00e4tt\u00f6mi\u00e4 aminohappoja.","robots":{"index":"index","follow":"follow","max-snippet":"max-snippet:-1","max-image-preview":"max-image-preview:large","max-video-preview":"max-video-preview:-1"},"canonical":"https:\/\/naturalpoland.com\/fi\/tuotteet\/elintarviketeollisuuden-tuotteet\/kasviproteiinit\/proteiini-riisi\/","og_locale":"fi_FI","og_type":"article","og_title":"Riisiproteiini - Tukkudistribuutio","og_description":"Riisiproteiini on ainutlaatuinen ravintolis\u00e4. Parhaasta riisist\u00e4 valmistettu proteiini tarjoaa elimist\u00f6lle v\u00e4ltt\u00e4m\u00e4tt\u00f6mi\u00e4 aminohappoja.","og_url":"https:\/\/naturalpoland.com\/fi\/tuotteet\/elintarviketeollisuuden-tuotteet\/kasviproteiinit\/proteiini-riisi\/","og_site_name":"NATURAL POLAND - RAAKA-AINEIDEN TUKKUJAKELIJA","article_publisher":"https:\/\/www.facebook.com\/naturalpoland.b2b","article_modified_time":"2023-10-03T08:09:06+00:00","og_image":[{"width":650,"height":650,"url":"https:\/\/naturalpoland.com\/wp-content\/uploads\/bialko-ryzowe.jpg","type":"image\/jpeg"}],"schema":{"@context":"https:\/\/schema.org","@graph":[{"@type":"WebPage","@id":"https:\/\/naturalpoland.com\/fi\/tuotteet\/elintarviketeollisuuden-tuotteet\/kasviproteiinit\/proteiini-riisi\/","url":"https:\/\/naturalpoland.com\/fi\/tuotteet\/elintarviketeollisuuden-tuotteet\/kasviproteiinit\/proteiini-riisi\/","name":"Riisiproteiini - Tukkudistribuutio","isPartOf":{"@id":"https:\/\/naturalpoland.com\/fi\/#website"},"primaryImageOfPage":{"@id":"https:\/\/naturalpoland.com\/fi\/tuotteet\/elintarviketeollisuuden-tuotteet\/kasviproteiinit\/proteiini-riisi\/#primaryimage"},"image":{"@id":"https:\/\/naturalpoland.com\/fi\/tuotteet\/elintarviketeollisuuden-tuotteet\/kasviproteiinit\/proteiini-riisi\/#primaryimage"},"thumbnailUrl":"https:\/\/naturalpoland.com\/wp-content\/uploads\/bialko-ryzowe.jpg","datePublished":"2023-10-02T11:36:26+00:00","dateModified":"2023-10-03T08:09:06+00:00","description":"Riisiproteiini on ainutlaatuinen ravintolis\u00e4. Parhaasta riisist\u00e4 valmistettu proteiini tarjoaa elimist\u00f6lle v\u00e4ltt\u00e4m\u00e4tt\u00f6mi\u00e4 aminohappoja.","breadcrumb":{"@id":"https:\/\/naturalpoland.com\/fi\/tuotteet\/elintarviketeollisuuden-tuotteet\/kasviproteiinit\/proteiini-riisi\/#breadcrumb"},"inLanguage":"fi","potentialAction":[{"@type":"ReadAction","target":["https:\/\/naturalpoland.com\/fi\/tuotteet\/elintarviketeollisuuden-tuotteet\/kasviproteiinit\/proteiini-riisi\/"]}]},{"@type":"ImageObject","inLanguage":"fi","@id":"https:\/\/naturalpoland.com\/fi\/tuotteet\/elintarviketeollisuuden-tuotteet\/kasviproteiinit\/proteiini-riisi\/#primaryimage","url":"https:\/\/naturalpoland.com\/wp-content\/uploads\/bialko-ryzowe.jpg","contentUrl":"https:\/\/naturalpoland.com\/wp-content\/uploads\/bialko-ryzowe.jpg","width":650,"height":650,"caption":"riisiproteiini"},{"@type":"BreadcrumbList","@id":"https:\/\/naturalpoland.com\/fi\/tuotteet\/elintarviketeollisuuden-tuotteet\/kasviproteiinit\/proteiini-riisi\/#breadcrumb","itemListElement":[{"@type":"ListItem","position":1,"name":"Etusivu","item":"https:\/\/naturalpoland.com\/fi\/"},{"@type":"ListItem","position":2,"name":"Tuotteet","item":"https:\/\/naturalpoland.com\/fi\/tuotteet\/"},{"@type":"ListItem","position":3,"name":"Riisiproteiini"}]},{"@type":"WebSite","@id":"https:\/\/naturalpoland.com\/fi\/#website","url":"https:\/\/naturalpoland.com\/fi\/","name":"NATURAL POLAND - RAAKA-AINEIDEN TUKKUJAKELIJA","description":"Surowce dla przemys\u0142u spo\u017cywczego, kosmetycznego i farmaceutycznego","publisher":{"@id":"https:\/\/naturalpoland.com\/fi\/#organization"},"potentialAction":[{"@type":"SearchAction","target":{"@type":"EntryPoint","urlTemplate":"https:\/\/naturalpoland.com\/fi\/?s={search_term_string}"},"query-input":{"@type":"PropertyValueSpecification","valueRequired":true,"valueName":"search_term_string"}}],"inLanguage":"fi"},{"@type":"Organization","@id":"https:\/\/naturalpoland.com\/fi\/#organization","name":"Natural Poland","url":"https:\/\/naturalpoland.com\/fi\/","logo":{"@type":"ImageObject","inLanguage":"fi","@id":"https:\/\/naturalpoland.com\/fi\/#\/schema\/logo\/image\/","url":"https:\/\/naturalpoland.com\/wp-content\/uploads\/2021\/05\/natural-poland-icon.png","contentUrl":"https:\/\/naturalpoland.com\/wp-content\/uploads\/2021\/05\/natural-poland-icon.png","width":512,"height":512,"caption":"Natural Poland"},"image":{"@id":"https:\/\/naturalpoland.com\/fi\/#\/schema\/logo\/image\/"},"sameAs":["https:\/\/www.facebook.com\/naturalpoland.b2b","https:\/\/pl.linkedin.com\/company\/natural-poland","https:\/\/www.youtube.com\/channel\/UCgeGGkvOMahZo-xu_MSEWxg"]}]}},"_links":{"self":[{"href":"https:\/\/naturalpoland.com\/fi\/wp-json\/wp\/v2\/product\/26106","targetHints":{"allow":["GET"]}}],"collection":[{"href":"https:\/\/naturalpoland.com\/fi\/wp-json\/wp\/v2\/product"}],"about":[{"href":"https:\/\/naturalpoland.com\/fi\/wp-json\/wp\/v2\/types\/product"}],"wp:featuredmedia":[{"embeddable":true,"href":"https:\/\/naturalpoland.com\/fi\/wp-json\/wp\/v2\/media\/25899"}],"wp:attachment":[{"href":"https:\/\/naturalpoland.com\/fi\/wp-json\/wp\/v2\/media?parent=26106"}],"wp:term":[{"taxonomy":"product_brand","embeddable":true,"href":"https:\/\/naturalpoland.com\/fi\/wp-json\/wp\/v2\/product_brand?post=26106"},{"taxonomy":"product_cat","embeddable":true,"href":"https:\/\/naturalpoland.com\/fi\/wp-json\/wp\/v2\/product_cat?post=26106"},{"taxonomy":"product_tag","embeddable":true,"href":"https:\/\/naturalpoland.com\/fi\/wp-json\/wp\/v2\/product_tag?post=26106"}],"curies":[{"name":"wp","href":"https:\/\/api.w.org\/{rel}","templated":true}]}}