{"id":26107,"date":"2023-10-02T13:19:15","date_gmt":"2023-10-02T11:19:15","guid":{"rendered":"https:\/\/naturalpoland.com\/produkty\/Ei-luokiteltu\/hamppuproteiini\/"},"modified":"2023-10-03T10:09:07","modified_gmt":"2023-10-03T08:09:07","slug":"proteiini-kupari","status":"publish","type":"product","link":"https:\/\/naturalpoland.com\/fi\/tuotteet\/elintarviketeollisuuden-tuotteet\/kasviproteiinit\/proteiini-kupari\/","title":{"rendered":"Hamppuproteiini"},"content":{"rendered":"<p>Tuotetta tarjotaan kolmessa eri pitoisuudessa: <strong>30 %, 50 % ja 65 %<\/strong>, joten voit valita tarpeisiisi parhaiten sopivan vaihtoehdon. Hamppuproteiinia 30 % suositellaan monipuolisena lis\u00e4n\u00e4 erilaisiin ruokiin, sill\u00e4 se t\u00e4ydent\u00e4\u00e4 erinomaisesti p\u00e4ivitt\u00e4ist\u00e4 proteiininsaantia. Korkeammat pitoisuudet, kuten 50 % ja 65 %, ovat ihanteellisia fyysisesti aktiivisille henkil\u00f6ille, urheilijoille tai treenin j\u00e4lkeisille henkil\u00f6ille, jotka tarvitsevat nopeaa palautumista ja energian t\u00e4ydennyst\u00e4.<\/p>\n<h2>Hamppuproteiinin ominaisuudet<\/h2>\n<p>Hamppuproteiini ei ainoastaan tarjoa elimist\u00f6lle v\u00e4ltt\u00e4m\u00e4tt\u00f6mi\u00e4 aminohappoja, vaan se sis\u00e4lt\u00e4\u00e4 my\u00f6s omega-3- ja omega-6-rasvahappoja optimaalisessa suhteessa, mik\u00e4 parantaa syd\u00e4n- ja verisuonitoimintaa. Lis\u00e4ksi sen koostumuksessa on kuituja, jotka tukevat ruoansulatusprosesseja ja joilla on terveytt\u00e4 edist\u00e4v\u00e4 vaikutus ruoansulatusj\u00e4rjestelm\u00e4\u00e4n.<\/p>\n<p>Hell\u00e4varaisen tuotantoprosessin ansiosta hamppuproteiini s\u00e4ilytt\u00e4\u00e4 ainutlaatuiset ravitsemukselliset ja bioaktiiviset ominaisuutensa. Se on my\u00f6s hypoallergeeninen tuote, mik\u00e4 tarkoittaa, ett\u00e4 sit\u00e4 voivat k\u00e4ytt\u00e4\u00e4 my\u00f6s ruoka-aineallergikot ja -intolerantikot. Se on laktoositon, gluteeniton ja kolesteroliton.<\/p>\n<p>Se on tarkoitettu suoraan nautittavaksi sek\u00e4 lis\u00e4\u00e4m\u00e4\u00e4n makua ja ravintoarvoa aterioihin. Se sopii hyvin smoothieiden, pirtel\u00f6iden, myslin ja salaattien lisukkeeksi sek\u00e4 leiv\u00e4n, kakkujen ja keksien leivontaan. Neutraalin makunsa ja kermaisen koostumuksensa ansiosta se sopii monenlaisiin kulinaarisiin luomuksiin ja t\u00e4ydent\u00e4\u00e4 t\u00e4ydellisesti tasapainoista ruokavaliota.<\/p>\n","protected":false},"excerpt":{"rendered":"<p>Hamppuproteiini on korkealaatuinen, kasvipohjainen proteiininl\u00e4hde. Se on per\u00e4isin hampunsiemenist\u00e4 ja on erinomainen vaihtoehto el\u00e4inproteiinille. Se on t\u00e4rke\u00e4 osa kasvis- ja vegaaniruokavaliota.<\/p>\n","protected":false},"featured_media":25886,"template":"","meta":[],"product_brand":[],"product_cat":[2665],"product_tag":[],"class_list":{"0":"post-26107","1":"product","2":"type-product","3":"status-publish","4":"has-post-thumbnail","6":"product_cat-kasviproteiinit","8":"first","9":"instock","10":"shipping-taxable","11":"product-type-simple"},"yoast_head":"<!-- This site is optimized with the Yoast SEO plugin v27.3 - https:\/\/yoast.com\/product\/yoast-seo-wordpress\/ -->\n<title>Hamppuproteiini - Tukkudistribuutio<\/title>\n<meta name=\"description\" content=\"Hamppuproteiini on korkealaatuinen, kasvipohjainen proteiininl\u00e4hde. Se on per\u00e4isin hampunsiemenist\u00e4 ja on erinomainen vaihtoehto el\u00e4inproteiinille.\" \/>\n<meta name=\"robots\" content=\"index, follow, max-snippet:-1, max-image-preview:large, max-video-preview:-1\" \/>\n<link rel=\"canonical\" href=\"https:\/\/naturalpoland.com\/fi\/tuotteet\/elintarviketeollisuuden-tuotteet\/kasviproteiinit\/proteiini-kupari\/\" \/>\n<meta property=\"og:locale\" content=\"fi_FI\" \/>\n<meta property=\"og:type\" content=\"article\" \/>\n<meta property=\"og:title\" content=\"Hamppuproteiini - Tukkudistribuutio\" \/>\n<meta property=\"og:description\" content=\"Hamppuproteiini on korkealaatuinen, kasvipohjainen proteiininl\u00e4hde. Se on per\u00e4isin hampunsiemenist\u00e4 ja on erinomainen vaihtoehto el\u00e4inproteiinille.\" \/>\n<meta property=\"og:url\" content=\"https:\/\/naturalpoland.com\/fi\/tuotteet\/elintarviketeollisuuden-tuotteet\/kasviproteiinit\/proteiini-kupari\/\" \/>\n<meta property=\"og:site_name\" content=\"NATURAL POLAND - RAAKA-AINEIDEN TUKKUJAKELIJA\" \/>\n<meta property=\"article:publisher\" content=\"https:\/\/www.facebook.com\/naturalpoland.b2b\" \/>\n<meta property=\"article:modified_time\" content=\"2023-10-03T08:09:07+00:00\" \/>\n<meta property=\"og:image\" content=\"https:\/\/naturalpoland.com\/wp-content\/uploads\/bialko-konopne.jpg\" \/>\n\t<meta property=\"og:image:width\" content=\"650\" \/>\n\t<meta property=\"og:image:height\" content=\"650\" \/>\n\t<meta property=\"og:image:type\" content=\"image\/jpeg\" \/>\n<script type=\"application\/ld+json\" class=\"yoast-schema-graph\">{\"@context\":\"https:\\\/\\\/schema.org\",\"@graph\":[{\"@type\":\"WebPage\",\"@id\":\"https:\\\/\\\/naturalpoland.com\\\/fi\\\/tuotteet\\\/elintarviketeollisuuden-tuotteet\\\/kasviproteiinit\\\/proteiini-kupari\\\/\",\"url\":\"https:\\\/\\\/naturalpoland.com\\\/fi\\\/tuotteet\\\/elintarviketeollisuuden-tuotteet\\\/kasviproteiinit\\\/proteiini-kupari\\\/\",\"name\":\"Hamppuproteiini - Tukkudistribuutio\",\"isPartOf\":{\"@id\":\"https:\\\/\\\/naturalpoland.com\\\/fi\\\/#website\"},\"primaryImageOfPage\":{\"@id\":\"https:\\\/\\\/naturalpoland.com\\\/fi\\\/tuotteet\\\/elintarviketeollisuuden-tuotteet\\\/kasviproteiinit\\\/proteiini-kupari\\\/#primaryimage\"},\"image\":{\"@id\":\"https:\\\/\\\/naturalpoland.com\\\/fi\\\/tuotteet\\\/elintarviketeollisuuden-tuotteet\\\/kasviproteiinit\\\/proteiini-kupari\\\/#primaryimage\"},\"thumbnailUrl\":\"https:\\\/\\\/naturalpoland.com\\\/wp-content\\\/uploads\\\/bialko-konopne.jpg\",\"datePublished\":\"2023-10-02T11:19:15+00:00\",\"dateModified\":\"2023-10-03T08:09:07+00:00\",\"description\":\"Hamppuproteiini on korkealaatuinen, kasvipohjainen proteiininl\u00e4hde. Se on per\u00e4isin hampunsiemenist\u00e4 ja on erinomainen vaihtoehto el\u00e4inproteiinille.\",\"breadcrumb\":{\"@id\":\"https:\\\/\\\/naturalpoland.com\\\/fi\\\/tuotteet\\\/elintarviketeollisuuden-tuotteet\\\/kasviproteiinit\\\/proteiini-kupari\\\/#breadcrumb\"},\"inLanguage\":\"fi\",\"potentialAction\":[{\"@type\":\"ReadAction\",\"target\":[\"https:\\\/\\\/naturalpoland.com\\\/fi\\\/tuotteet\\\/elintarviketeollisuuden-tuotteet\\\/kasviproteiinit\\\/proteiini-kupari\\\/\"]}]},{\"@type\":\"ImageObject\",\"inLanguage\":\"fi\",\"@id\":\"https:\\\/\\\/naturalpoland.com\\\/fi\\\/tuotteet\\\/elintarviketeollisuuden-tuotteet\\\/kasviproteiinit\\\/proteiini-kupari\\\/#primaryimage\",\"url\":\"https:\\\/\\\/naturalpoland.com\\\/wp-content\\\/uploads\\\/bialko-konopne.jpg\",\"contentUrl\":\"https:\\\/\\\/naturalpoland.com\\\/wp-content\\\/uploads\\\/bialko-konopne.jpg\",\"width\":650,\"height\":650,\"caption\":\"hamppuproteiini\"},{\"@type\":\"BreadcrumbList\",\"@id\":\"https:\\\/\\\/naturalpoland.com\\\/fi\\\/tuotteet\\\/elintarviketeollisuuden-tuotteet\\\/kasviproteiinit\\\/proteiini-kupari\\\/#breadcrumb\",\"itemListElement\":[{\"@type\":\"ListItem\",\"position\":1,\"name\":\"Etusivu\",\"item\":\"https:\\\/\\\/naturalpoland.com\\\/fi\\\/\"},{\"@type\":\"ListItem\",\"position\":2,\"name\":\"Tuotteet\",\"item\":\"https:\\\/\\\/naturalpoland.com\\\/fi\\\/tuotteet\\\/\"},{\"@type\":\"ListItem\",\"position\":3,\"name\":\"Hamppuproteiini\"}]},{\"@type\":\"WebSite\",\"@id\":\"https:\\\/\\\/naturalpoland.com\\\/fi\\\/#website\",\"url\":\"https:\\\/\\\/naturalpoland.com\\\/fi\\\/\",\"name\":\"NATURAL POLAND - RAAKA-AINEIDEN TUKKUJAKELIJA\",\"description\":\"Surowce dla przemys\u0142u spo\u017cywczego, kosmetycznego i farmaceutycznego\",\"publisher\":{\"@id\":\"https:\\\/\\\/naturalpoland.com\\\/fi\\\/#organization\"},\"potentialAction\":[{\"@type\":\"SearchAction\",\"target\":{\"@type\":\"EntryPoint\",\"urlTemplate\":\"https:\\\/\\\/naturalpoland.com\\\/fi\\\/?s={search_term_string}\"},\"query-input\":{\"@type\":\"PropertyValueSpecification\",\"valueRequired\":true,\"valueName\":\"search_term_string\"}}],\"inLanguage\":\"fi\"},{\"@type\":\"Organization\",\"@id\":\"https:\\\/\\\/naturalpoland.com\\\/fi\\\/#organization\",\"name\":\"Natural Poland\",\"url\":\"https:\\\/\\\/naturalpoland.com\\\/fi\\\/\",\"logo\":{\"@type\":\"ImageObject\",\"inLanguage\":\"fi\",\"@id\":\"https:\\\/\\\/naturalpoland.com\\\/fi\\\/#\\\/schema\\\/logo\\\/image\\\/\",\"url\":\"https:\\\/\\\/naturalpoland.com\\\/wp-content\\\/uploads\\\/2021\\\/05\\\/natural-poland-icon.png\",\"contentUrl\":\"https:\\\/\\\/naturalpoland.com\\\/wp-content\\\/uploads\\\/2021\\\/05\\\/natural-poland-icon.png\",\"width\":512,\"height\":512,\"caption\":\"Natural Poland\"},\"image\":{\"@id\":\"https:\\\/\\\/naturalpoland.com\\\/fi\\\/#\\\/schema\\\/logo\\\/image\\\/\"},\"sameAs\":[\"https:\\\/\\\/www.facebook.com\\\/naturalpoland.b2b\",\"https:\\\/\\\/pl.linkedin.com\\\/company\\\/natural-poland\",\"https:\\\/\\\/www.youtube.com\\\/channel\\\/UCgeGGkvOMahZo-xu_MSEWxg\"]}]}<\/script>\n<!-- \/ Yoast SEO plugin. -->","yoast_head_json":{"title":"Hamppuproteiini - Tukkudistribuutio","description":"Hamppuproteiini on korkealaatuinen, kasvipohjainen proteiininl\u00e4hde. Se on per\u00e4isin hampunsiemenist\u00e4 ja on erinomainen vaihtoehto el\u00e4inproteiinille.","robots":{"index":"index","follow":"follow","max-snippet":"max-snippet:-1","max-image-preview":"max-image-preview:large","max-video-preview":"max-video-preview:-1"},"canonical":"https:\/\/naturalpoland.com\/fi\/tuotteet\/elintarviketeollisuuden-tuotteet\/kasviproteiinit\/proteiini-kupari\/","og_locale":"fi_FI","og_type":"article","og_title":"Hamppuproteiini - Tukkudistribuutio","og_description":"Hamppuproteiini on korkealaatuinen, kasvipohjainen proteiininl\u00e4hde. Se on per\u00e4isin hampunsiemenist\u00e4 ja on erinomainen vaihtoehto el\u00e4inproteiinille.","og_url":"https:\/\/naturalpoland.com\/fi\/tuotteet\/elintarviketeollisuuden-tuotteet\/kasviproteiinit\/proteiini-kupari\/","og_site_name":"NATURAL POLAND - RAAKA-AINEIDEN TUKKUJAKELIJA","article_publisher":"https:\/\/www.facebook.com\/naturalpoland.b2b","article_modified_time":"2023-10-03T08:09:07+00:00","og_image":[{"width":650,"height":650,"url":"https:\/\/naturalpoland.com\/wp-content\/uploads\/bialko-konopne.jpg","type":"image\/jpeg"}],"schema":{"@context":"https:\/\/schema.org","@graph":[{"@type":"WebPage","@id":"https:\/\/naturalpoland.com\/fi\/tuotteet\/elintarviketeollisuuden-tuotteet\/kasviproteiinit\/proteiini-kupari\/","url":"https:\/\/naturalpoland.com\/fi\/tuotteet\/elintarviketeollisuuden-tuotteet\/kasviproteiinit\/proteiini-kupari\/","name":"Hamppuproteiini - Tukkudistribuutio","isPartOf":{"@id":"https:\/\/naturalpoland.com\/fi\/#website"},"primaryImageOfPage":{"@id":"https:\/\/naturalpoland.com\/fi\/tuotteet\/elintarviketeollisuuden-tuotteet\/kasviproteiinit\/proteiini-kupari\/#primaryimage"},"image":{"@id":"https:\/\/naturalpoland.com\/fi\/tuotteet\/elintarviketeollisuuden-tuotteet\/kasviproteiinit\/proteiini-kupari\/#primaryimage"},"thumbnailUrl":"https:\/\/naturalpoland.com\/wp-content\/uploads\/bialko-konopne.jpg","datePublished":"2023-10-02T11:19:15+00:00","dateModified":"2023-10-03T08:09:07+00:00","description":"Hamppuproteiini on korkealaatuinen, kasvipohjainen proteiininl\u00e4hde. Se on per\u00e4isin hampunsiemenist\u00e4 ja on erinomainen vaihtoehto el\u00e4inproteiinille.","breadcrumb":{"@id":"https:\/\/naturalpoland.com\/fi\/tuotteet\/elintarviketeollisuuden-tuotteet\/kasviproteiinit\/proteiini-kupari\/#breadcrumb"},"inLanguage":"fi","potentialAction":[{"@type":"ReadAction","target":["https:\/\/naturalpoland.com\/fi\/tuotteet\/elintarviketeollisuuden-tuotteet\/kasviproteiinit\/proteiini-kupari\/"]}]},{"@type":"ImageObject","inLanguage":"fi","@id":"https:\/\/naturalpoland.com\/fi\/tuotteet\/elintarviketeollisuuden-tuotteet\/kasviproteiinit\/proteiini-kupari\/#primaryimage","url":"https:\/\/naturalpoland.com\/wp-content\/uploads\/bialko-konopne.jpg","contentUrl":"https:\/\/naturalpoland.com\/wp-content\/uploads\/bialko-konopne.jpg","width":650,"height":650,"caption":"hamppuproteiini"},{"@type":"BreadcrumbList","@id":"https:\/\/naturalpoland.com\/fi\/tuotteet\/elintarviketeollisuuden-tuotteet\/kasviproteiinit\/proteiini-kupari\/#breadcrumb","itemListElement":[{"@type":"ListItem","position":1,"name":"Etusivu","item":"https:\/\/naturalpoland.com\/fi\/"},{"@type":"ListItem","position":2,"name":"Tuotteet","item":"https:\/\/naturalpoland.com\/fi\/tuotteet\/"},{"@type":"ListItem","position":3,"name":"Hamppuproteiini"}]},{"@type":"WebSite","@id":"https:\/\/naturalpoland.com\/fi\/#website","url":"https:\/\/naturalpoland.com\/fi\/","name":"NATURAL POLAND - RAAKA-AINEIDEN TUKKUJAKELIJA","description":"Surowce dla przemys\u0142u spo\u017cywczego, kosmetycznego i farmaceutycznego","publisher":{"@id":"https:\/\/naturalpoland.com\/fi\/#organization"},"potentialAction":[{"@type":"SearchAction","target":{"@type":"EntryPoint","urlTemplate":"https:\/\/naturalpoland.com\/fi\/?s={search_term_string}"},"query-input":{"@type":"PropertyValueSpecification","valueRequired":true,"valueName":"search_term_string"}}],"inLanguage":"fi"},{"@type":"Organization","@id":"https:\/\/naturalpoland.com\/fi\/#organization","name":"Natural Poland","url":"https:\/\/naturalpoland.com\/fi\/","logo":{"@type":"ImageObject","inLanguage":"fi","@id":"https:\/\/naturalpoland.com\/fi\/#\/schema\/logo\/image\/","url":"https:\/\/naturalpoland.com\/wp-content\/uploads\/2021\/05\/natural-poland-icon.png","contentUrl":"https:\/\/naturalpoland.com\/wp-content\/uploads\/2021\/05\/natural-poland-icon.png","width":512,"height":512,"caption":"Natural Poland"},"image":{"@id":"https:\/\/naturalpoland.com\/fi\/#\/schema\/logo\/image\/"},"sameAs":["https:\/\/www.facebook.com\/naturalpoland.b2b","https:\/\/pl.linkedin.com\/company\/natural-poland","https:\/\/www.youtube.com\/channel\/UCgeGGkvOMahZo-xu_MSEWxg"]}]}},"_links":{"self":[{"href":"https:\/\/naturalpoland.com\/fi\/wp-json\/wp\/v2\/product\/26107","targetHints":{"allow":["GET"]}}],"collection":[{"href":"https:\/\/naturalpoland.com\/fi\/wp-json\/wp\/v2\/product"}],"about":[{"href":"https:\/\/naturalpoland.com\/fi\/wp-json\/wp\/v2\/types\/product"}],"wp:featuredmedia":[{"embeddable":true,"href":"https:\/\/naturalpoland.com\/fi\/wp-json\/wp\/v2\/media\/25886"}],"wp:attachment":[{"href":"https:\/\/naturalpoland.com\/fi\/wp-json\/wp\/v2\/media?parent=26107"}],"wp:term":[{"taxonomy":"product_brand","embeddable":true,"href":"https:\/\/naturalpoland.com\/fi\/wp-json\/wp\/v2\/product_brand?post=26107"},{"taxonomy":"product_cat","embeddable":true,"href":"https:\/\/naturalpoland.com\/fi\/wp-json\/wp\/v2\/product_cat?post=26107"},{"taxonomy":"product_tag","embeddable":true,"href":"https:\/\/naturalpoland.com\/fi\/wp-json\/wp\/v2\/product_tag?post=26107"}],"curies":[{"name":"wp","href":"https:\/\/api.w.org\/{rel}","templated":true}]}}