{"id":26179,"date":"2023-09-15T15:13:14","date_gmt":"2023-10-03T08:29:59","guid":{"rendered":"https:\/\/naturalpoland.com\/produkty\/Ei-luokiteltu\/elaimille-tarkoitetut-oljyt\/"},"modified":"2023-10-03T10:29:59","modified_gmt":"2023-10-03T08:29:59","slug":"oils-for-animals","status":"publish","type":"product","link":"https:\/\/naturalpoland.com\/fi\/tuotteet\/raaka-aineet-elainten-rehuille\/oils-for-animals\/","title":{"rendered":"El\u00e4imille tarkoitetut \u00f6ljyt"},"content":{"rendered":"<div class=\"group w-full text-token-text-primary border-b border-black\/10 dark:border-gray-900\/50 bg-gray-50 dark:bg-[#444654]\" data-testid=\"conversation-turn-120\">\n<div class=\"p-4 justify-center text-base md:gap-6 md:py-6 m-auto\">\n<div class=\"flex flex-1 gap-4 text-base mx-auto md:gap-6 md:max-w-2xl lg:max-w-[38rem] xl:max-w-3xl }\">\n<div class=\"relative flex w-[calc(100%-50px)] flex-col gap-1 md:gap-3 lg:w-[calc(100%-115px)]\">\n<div class=\"flex flex-grow flex-col gap-3 max-w-full\">\n<div class=\"min-h-[20px] flex flex-col items-start gap-3 overflow-x-auto whitespace-pre-wrap break-words\">\n<div class=\"markdown prose w-full break-words dark:prose-invert light\">\n<ul>\n<li><strong>Mustakumina\u00f6ljy<\/strong>: Tunnetaan vahvoista anti-inflammatorisista ja antioksidanttisista ominaisuuksistaan. Tukee immuunij\u00e4rjestelm\u00e4\u00e4 ja vaikuttaa suotuisasti ihon ja turkin kuntoon. Ihanteellinen lemmikeille, joilla on iho-ongelmia tai allergioita.<\/li>\n<li><strong>Lohi\u00f6ljy<\/strong>: Sis\u00e4lt\u00e4\u00e4 runsaasti omega-3-monityydyttym\u00e4tt\u00f6mi\u00e4 rasvahappoja, jotka hy\u00f6dytt\u00e4v\u00e4t syd\u00e4n- ja verisuonij\u00e4rjestelm\u00e4\u00e4, ihoa ja turkkia. Suositellaan erityisesti i\u00e4kk\u00e4ille el\u00e4imille ja el\u00e4imille, joilla on nivelongelmia.<\/li>\n<li><strong>Turskanmaksa\u00f6ljy<\/strong>: D-vitamiinin l\u00e4hde, joka tukee silmien, luuston ja immuunij\u00e4rjestelm\u00e4n terveytt\u00e4. Suositellaan nuorille, kasvaville ja toipuville el\u00e4imille.<\/li>\n<li><strong>Pellava\u00f6ljy<\/strong>: Sis\u00e4lt\u00e4\u00e4 omega-3- ja omega-6-rasvahappoja, jotka tukevat syd\u00e4n- ja verisuonij\u00e4rjestelm\u00e4\u00e4 ja vaikuttavat my\u00f6nteisesti ihoon ja turkkiin.<\/li>\n<li><strong>Hamppu\u00f6ljy<\/strong>: sis\u00e4lt\u00e4\u00e4 v\u00e4ltt\u00e4m\u00e4tt\u00f6mi\u00e4 rasvahappoja ja antioksidantteja, jotka tukevat hermostoa ja parantavat ihon ja turkin kuntoa.<\/li>\n<\/ul>\n<p>Lemmikkiel\u00e4in\u00f6ljymme ovat taattua korkealaatuisia ja per\u00e4isin luonnollisista l\u00e4hteist\u00e4. Hell\u00e4varainen uuttamisprosessi takaa, ett\u00e4 kaikki hy\u00f6dylliset ominaisuudet s\u00e4ilyv\u00e4t. N\u00e4iden \u00f6ljyjen k\u00e4ytt\u00f6 el\u00e4intuotteissa edist\u00e4\u00e4 niiden hyvinvointia ja tervett\u00e4 ulkon\u00e4k\u00f6\u00e4. Ihanteellinen lemmikkiel\u00e4inten ruokien valmistajille ja v\u00e4hitt\u00e4iskauppiaille, jotka etsiv\u00e4t korkealaatuisia ainesosia.<\/p>\n<\/div>\n<\/div>\n<\/div>\n<div class=\"flex justify-between lg:block\">\n<div class=\"text-xs flex items-center justify-center gap-1 self-center pt-2 !invisible\"><\/div>\n<div class=\"text-gray-400 flex self-end lg:self-center justify-center mt-2 gap-2 md:gap-3 lg:gap-1 lg:absolute lg:top-0 lg:translate-x-full lg:right-0 lg:mt-0 lg:pl-2 visible\"><button class=\"flex ml-auto gap-2 rounded-md p-1 hover:bg-gray-100 hover:text-gray-700 dark:text-gray-400 dark:hover:bg-gray-700 dark:hover:text-gray-200 disabled:dark:hover:text-gray-400\"><\/button><\/p>\n<div class=\"flex gap-1\"><\/div>\n<\/div>\n<\/div>\n<\/div>\n<\/div>\n<\/div>\n<\/div>\n","protected":false},"excerpt":{"rendered":"<p>Tarjoamamme el\u00e4in\u00f6ljyt ovat erinomainen v\u00e4ltt\u00e4m\u00e4tt\u00f6mien rasvahappojen ja vitamiinien l\u00e4hde, ja ne ovat t\u00e4rke\u00e4 lis\u00e4 el\u00e4inten ravintolis\u00e4\u00e4n. Jokaisella \u00f6ljyll\u00e4 on erityinen ravintoaineprofiili, joka auttaa tukemaan el\u00e4imen yleist\u00e4 terveytt\u00e4.<\/p>\n","protected":false},"featured_media":25495,"template":"","meta":{"_acf_changed":false},"product_brand":[],"product_cat":[2509],"product_tag":[],"class_list":{"0":"post-26179","1":"product","2":"type-product","3":"status-publish","4":"has-post-thumbnail","6":"product_cat-raaka-aineet-elainten-rehuille","8":"first","9":"instock","10":"shipping-taxable","11":"product-type-simple"},"acf":[],"yoast_head":"<!-- This site is optimized with the Yoast SEO plugin v27.4 - https:\/\/yoast.com\/product\/yoast-seo-wordpress\/ -->\n<title>El\u00e4imille tarkoitetut \u00f6ljyt - Tukkudistribuutio<\/title>\n<meta name=\"description\" content=\"El\u00e4in\u00f6ljyt ovat erinomainen v\u00e4ltt\u00e4m\u00e4tt\u00f6mien rasvahappojen ja vitamiinien l\u00e4hde, ja ne ovat t\u00e4rke\u00e4 lis\u00e4 el\u00e4inravintolis\u00e4.\" \/>\n<meta name=\"robots\" content=\"index, follow, max-snippet:-1, max-image-preview:large, max-video-preview:-1\" \/>\n<link rel=\"canonical\" href=\"https:\/\/naturalpoland.com\/fi\/tuotteet\/raaka-aineet-elainten-rehuille\/oils-for-animals\/\" \/>\n<meta property=\"og:locale\" content=\"fi_FI\" \/>\n<meta property=\"og:type\" content=\"article\" \/>\n<meta property=\"og:title\" content=\"El\u00e4imille tarkoitetut \u00f6ljyt - Tukkudistribuutio\" \/>\n<meta property=\"og:description\" content=\"El\u00e4in\u00f6ljyt ovat erinomainen v\u00e4ltt\u00e4m\u00e4tt\u00f6mien rasvahappojen ja vitamiinien l\u00e4hde, ja ne ovat t\u00e4rke\u00e4 lis\u00e4 el\u00e4inravintolis\u00e4.\" \/>\n<meta property=\"og:url\" content=\"https:\/\/naturalpoland.com\/fi\/tuotteet\/raaka-aineet-elainten-rehuille\/oils-for-animals\/\" \/>\n<meta property=\"og:site_name\" content=\"NATURAL POLAND - RAAKA-AINEIDEN TUKKUJAKELIJA\" \/>\n<meta property=\"article:publisher\" content=\"https:\/\/www.facebook.com\/naturalpoland.b2b\" \/>\n<meta property=\"og:image\" content=\"https:\/\/naturalpoland.com\/wp-content\/uploads\/oleje-dla-zwierzat.jpg\" \/>\n\t<meta property=\"og:image:width\" content=\"650\" \/>\n\t<meta property=\"og:image:height\" content=\"650\" \/>\n\t<meta property=\"og:image:type\" content=\"image\/jpeg\" \/>\n<script type=\"application\/ld+json\" class=\"yoast-schema-graph\">{\"@context\":\"https:\\\/\\\/schema.org\",\"@graph\":[{\"@type\":\"WebPage\",\"@id\":\"https:\\\/\\\/naturalpoland.com\\\/fi\\\/tuotteet\\\/raaka-aineet-elainten-rehuille\\\/oils-for-animals\\\/\",\"url\":\"https:\\\/\\\/naturalpoland.com\\\/fi\\\/tuotteet\\\/raaka-aineet-elainten-rehuille\\\/oils-for-animals\\\/\",\"name\":\"El\u00e4imille tarkoitetut \u00f6ljyt - Tukkudistribuutio\",\"isPartOf\":{\"@id\":\"https:\\\/\\\/naturalpoland.com\\\/fi\\\/#website\"},\"primaryImageOfPage\":{\"@id\":\"https:\\\/\\\/naturalpoland.com\\\/fi\\\/tuotteet\\\/raaka-aineet-elainten-rehuille\\\/oils-for-animals\\\/#primaryimage\"},\"image\":{\"@id\":\"https:\\\/\\\/naturalpoland.com\\\/fi\\\/tuotteet\\\/raaka-aineet-elainten-rehuille\\\/oils-for-animals\\\/#primaryimage\"},\"thumbnailUrl\":\"https:\\\/\\\/naturalpoland.com\\\/wp-content\\\/uploads\\\/oleje-dla-zwierzat.jpg\",\"datePublished\":\"2023-10-03T08:29:59+00:00\",\"description\":\"El\u00e4in\u00f6ljyt ovat erinomainen v\u00e4ltt\u00e4m\u00e4tt\u00f6mien rasvahappojen ja vitamiinien l\u00e4hde, ja ne ovat t\u00e4rke\u00e4 lis\u00e4 el\u00e4inravintolis\u00e4.\",\"breadcrumb\":{\"@id\":\"https:\\\/\\\/naturalpoland.com\\\/fi\\\/tuotteet\\\/raaka-aineet-elainten-rehuille\\\/oils-for-animals\\\/#breadcrumb\"},\"inLanguage\":\"fi\",\"potentialAction\":[{\"@type\":\"ReadAction\",\"target\":[\"https:\\\/\\\/naturalpoland.com\\\/fi\\\/tuotteet\\\/raaka-aineet-elainten-rehuille\\\/oils-for-animals\\\/\"]}]},{\"@type\":\"ImageObject\",\"inLanguage\":\"fi\",\"@id\":\"https:\\\/\\\/naturalpoland.com\\\/fi\\\/tuotteet\\\/raaka-aineet-elainten-rehuille\\\/oils-for-animals\\\/#primaryimage\",\"url\":\"https:\\\/\\\/naturalpoland.com\\\/wp-content\\\/uploads\\\/oleje-dla-zwierzat.jpg\",\"contentUrl\":\"https:\\\/\\\/naturalpoland.com\\\/wp-content\\\/uploads\\\/oleje-dla-zwierzat.jpg\",\"width\":650,\"height\":650,\"caption\":\"el\u00e4imille tarkoitetut \u00f6ljyt\"},{\"@type\":\"BreadcrumbList\",\"@id\":\"https:\\\/\\\/naturalpoland.com\\\/fi\\\/tuotteet\\\/raaka-aineet-elainten-rehuille\\\/oils-for-animals\\\/#breadcrumb\",\"itemListElement\":[{\"@type\":\"ListItem\",\"position\":1,\"name\":\"Etusivu\",\"item\":\"https:\\\/\\\/naturalpoland.com\\\/fi\\\/\"},{\"@type\":\"ListItem\",\"position\":2,\"name\":\"Tuotteet\",\"item\":\"https:\\\/\\\/naturalpoland.com\\\/fi\\\/tuotteet\\\/\"},{\"@type\":\"ListItem\",\"position\":3,\"name\":\"El\u00e4imille tarkoitetut \u00f6ljyt\"}]},{\"@type\":\"WebSite\",\"@id\":\"https:\\\/\\\/naturalpoland.com\\\/fi\\\/#website\",\"url\":\"https:\\\/\\\/naturalpoland.com\\\/fi\\\/\",\"name\":\"NATURAL POLAND - RAAKA-AINEIDEN TUKKUJAKELIJA\",\"description\":\"Surowce dla przemys\u0142u spo\u017cywczego, kosmetycznego i farmaceutycznego\",\"publisher\":{\"@id\":\"https:\\\/\\\/naturalpoland.com\\\/fi\\\/#organization\"},\"potentialAction\":[{\"@type\":\"SearchAction\",\"target\":{\"@type\":\"EntryPoint\",\"urlTemplate\":\"https:\\\/\\\/naturalpoland.com\\\/fi\\\/?s={search_term_string}\"},\"query-input\":{\"@type\":\"PropertyValueSpecification\",\"valueRequired\":true,\"valueName\":\"search_term_string\"}}],\"inLanguage\":\"fi\"},{\"@type\":\"Organization\",\"@id\":\"https:\\\/\\\/naturalpoland.com\\\/fi\\\/#organization\",\"name\":\"Natural Poland\",\"url\":\"https:\\\/\\\/naturalpoland.com\\\/fi\\\/\",\"logo\":{\"@type\":\"ImageObject\",\"inLanguage\":\"fi\",\"@id\":\"https:\\\/\\\/naturalpoland.com\\\/fi\\\/#\\\/schema\\\/logo\\\/image\\\/\",\"url\":\"https:\\\/\\\/naturalpoland.com\\\/wp-content\\\/uploads\\\/2021\\\/05\\\/natural-poland-icon.png\",\"contentUrl\":\"https:\\\/\\\/naturalpoland.com\\\/wp-content\\\/uploads\\\/2021\\\/05\\\/natural-poland-icon.png\",\"width\":512,\"height\":512,\"caption\":\"Natural Poland\"},\"image\":{\"@id\":\"https:\\\/\\\/naturalpoland.com\\\/fi\\\/#\\\/schema\\\/logo\\\/image\\\/\"},\"sameAs\":[\"https:\\\/\\\/www.facebook.com\\\/naturalpoland.b2b\",\"https:\\\/\\\/pl.linkedin.com\\\/company\\\/natural-poland\",\"https:\\\/\\\/www.youtube.com\\\/channel\\\/UCgeGGkvOMahZo-xu_MSEWxg\"]}]}<\/script>\n<!-- \/ Yoast SEO plugin. -->","yoast_head_json":{"title":"El\u00e4imille tarkoitetut \u00f6ljyt - Tukkudistribuutio","description":"El\u00e4in\u00f6ljyt ovat erinomainen v\u00e4ltt\u00e4m\u00e4tt\u00f6mien rasvahappojen ja vitamiinien l\u00e4hde, ja ne ovat t\u00e4rke\u00e4 lis\u00e4 el\u00e4inravintolis\u00e4.","robots":{"index":"index","follow":"follow","max-snippet":"max-snippet:-1","max-image-preview":"max-image-preview:large","max-video-preview":"max-video-preview:-1"},"canonical":"https:\/\/naturalpoland.com\/fi\/tuotteet\/raaka-aineet-elainten-rehuille\/oils-for-animals\/","og_locale":"fi_FI","og_type":"article","og_title":"El\u00e4imille tarkoitetut \u00f6ljyt - Tukkudistribuutio","og_description":"El\u00e4in\u00f6ljyt ovat erinomainen v\u00e4ltt\u00e4m\u00e4tt\u00f6mien rasvahappojen ja vitamiinien l\u00e4hde, ja ne ovat t\u00e4rke\u00e4 lis\u00e4 el\u00e4inravintolis\u00e4.","og_url":"https:\/\/naturalpoland.com\/fi\/tuotteet\/raaka-aineet-elainten-rehuille\/oils-for-animals\/","og_site_name":"NATURAL POLAND - RAAKA-AINEIDEN TUKKUJAKELIJA","article_publisher":"https:\/\/www.facebook.com\/naturalpoland.b2b","og_image":[{"width":650,"height":650,"url":"https:\/\/naturalpoland.com\/wp-content\/uploads\/oleje-dla-zwierzat.jpg","type":"image\/jpeg"}],"schema":{"@context":"https:\/\/schema.org","@graph":[{"@type":"WebPage","@id":"https:\/\/naturalpoland.com\/fi\/tuotteet\/raaka-aineet-elainten-rehuille\/oils-for-animals\/","url":"https:\/\/naturalpoland.com\/fi\/tuotteet\/raaka-aineet-elainten-rehuille\/oils-for-animals\/","name":"El\u00e4imille tarkoitetut \u00f6ljyt - Tukkudistribuutio","isPartOf":{"@id":"https:\/\/naturalpoland.com\/fi\/#website"},"primaryImageOfPage":{"@id":"https:\/\/naturalpoland.com\/fi\/tuotteet\/raaka-aineet-elainten-rehuille\/oils-for-animals\/#primaryimage"},"image":{"@id":"https:\/\/naturalpoland.com\/fi\/tuotteet\/raaka-aineet-elainten-rehuille\/oils-for-animals\/#primaryimage"},"thumbnailUrl":"https:\/\/naturalpoland.com\/wp-content\/uploads\/oleje-dla-zwierzat.jpg","datePublished":"2023-10-03T08:29:59+00:00","description":"El\u00e4in\u00f6ljyt ovat erinomainen v\u00e4ltt\u00e4m\u00e4tt\u00f6mien rasvahappojen ja vitamiinien l\u00e4hde, ja ne ovat t\u00e4rke\u00e4 lis\u00e4 el\u00e4inravintolis\u00e4.","breadcrumb":{"@id":"https:\/\/naturalpoland.com\/fi\/tuotteet\/raaka-aineet-elainten-rehuille\/oils-for-animals\/#breadcrumb"},"inLanguage":"fi","potentialAction":[{"@type":"ReadAction","target":["https:\/\/naturalpoland.com\/fi\/tuotteet\/raaka-aineet-elainten-rehuille\/oils-for-animals\/"]}]},{"@type":"ImageObject","inLanguage":"fi","@id":"https:\/\/naturalpoland.com\/fi\/tuotteet\/raaka-aineet-elainten-rehuille\/oils-for-animals\/#primaryimage","url":"https:\/\/naturalpoland.com\/wp-content\/uploads\/oleje-dla-zwierzat.jpg","contentUrl":"https:\/\/naturalpoland.com\/wp-content\/uploads\/oleje-dla-zwierzat.jpg","width":650,"height":650,"caption":"el\u00e4imille tarkoitetut \u00f6ljyt"},{"@type":"BreadcrumbList","@id":"https:\/\/naturalpoland.com\/fi\/tuotteet\/raaka-aineet-elainten-rehuille\/oils-for-animals\/#breadcrumb","itemListElement":[{"@type":"ListItem","position":1,"name":"Etusivu","item":"https:\/\/naturalpoland.com\/fi\/"},{"@type":"ListItem","position":2,"name":"Tuotteet","item":"https:\/\/naturalpoland.com\/fi\/tuotteet\/"},{"@type":"ListItem","position":3,"name":"El\u00e4imille tarkoitetut \u00f6ljyt"}]},{"@type":"WebSite","@id":"https:\/\/naturalpoland.com\/fi\/#website","url":"https:\/\/naturalpoland.com\/fi\/","name":"NATURAL POLAND - RAAKA-AINEIDEN TUKKUJAKELIJA","description":"Surowce dla przemys\u0142u spo\u017cywczego, kosmetycznego i farmaceutycznego","publisher":{"@id":"https:\/\/naturalpoland.com\/fi\/#organization"},"potentialAction":[{"@type":"SearchAction","target":{"@type":"EntryPoint","urlTemplate":"https:\/\/naturalpoland.com\/fi\/?s={search_term_string}"},"query-input":{"@type":"PropertyValueSpecification","valueRequired":true,"valueName":"search_term_string"}}],"inLanguage":"fi"},{"@type":"Organization","@id":"https:\/\/naturalpoland.com\/fi\/#organization","name":"Natural Poland","url":"https:\/\/naturalpoland.com\/fi\/","logo":{"@type":"ImageObject","inLanguage":"fi","@id":"https:\/\/naturalpoland.com\/fi\/#\/schema\/logo\/image\/","url":"https:\/\/naturalpoland.com\/wp-content\/uploads\/2021\/05\/natural-poland-icon.png","contentUrl":"https:\/\/naturalpoland.com\/wp-content\/uploads\/2021\/05\/natural-poland-icon.png","width":512,"height":512,"caption":"Natural Poland"},"image":{"@id":"https:\/\/naturalpoland.com\/fi\/#\/schema\/logo\/image\/"},"sameAs":["https:\/\/www.facebook.com\/naturalpoland.b2b","https:\/\/pl.linkedin.com\/company\/natural-poland","https:\/\/www.youtube.com\/channel\/UCgeGGkvOMahZo-xu_MSEWxg"]}]}},"_links":{"self":[{"href":"https:\/\/naturalpoland.com\/fi\/wp-json\/wp\/v2\/product\/26179","targetHints":{"allow":["GET"]}}],"collection":[{"href":"https:\/\/naturalpoland.com\/fi\/wp-json\/wp\/v2\/product"}],"about":[{"href":"https:\/\/naturalpoland.com\/fi\/wp-json\/wp\/v2\/types\/product"}],"wp:featuredmedia":[{"embeddable":true,"href":"https:\/\/naturalpoland.com\/fi\/wp-json\/wp\/v2\/media\/25495"}],"wp:attachment":[{"href":"https:\/\/naturalpoland.com\/fi\/wp-json\/wp\/v2\/media?parent=26179"}],"wp:term":[{"taxonomy":"product_brand","embeddable":true,"href":"https:\/\/naturalpoland.com\/fi\/wp-json\/wp\/v2\/product_brand?post=26179"},{"taxonomy":"product_cat","embeddable":true,"href":"https:\/\/naturalpoland.com\/fi\/wp-json\/wp\/v2\/product_cat?post=26179"},{"taxonomy":"product_tag","embeddable":true,"href":"https:\/\/naturalpoland.com\/fi\/wp-json\/wp\/v2\/product_tag?post=26179"}],"curies":[{"name":"wp","href":"https:\/\/api.w.org\/{rel}","templated":true}]}}