{"id":26210,"date":"2023-09-15T15:46:00","date_gmt":"2023-10-03T08:30:14","guid":{"rendered":"https:\/\/naturalpoland.com\/produkty\/Ei-luokiteltu\/jyrsijoille-ja-kasvinsyojamatelijoille-tarkoitetut-seokset\/"},"modified":"2023-10-03T10:30:14","modified_gmt":"2023-10-03T08:30:14","slug":"seokset-matelijoille-ja-venison-matelijoille","status":"publish","type":"product","link":"https:\/\/naturalpoland.com\/fi\/tuotteet\/raaka-aineet-elainten-rehuille\/seokset-matelijoille-ja-venison-matelijoille\/","title":{"rendered":"Jyrsij\u00f6ille ja kasvinsy\u00f6j\u00e4matelijoille tarkoitetut seokset"},"content":{"rendered":"<ol>\n<li><strong>Klassinen sekoitus<\/strong>: sinimailanen, keh\u00e4kukan lehdet, kamomilla, ruusun kukat, persiljan varret &#8211; ihanteellinen yhdistelm\u00e4 proteiineja, vitamiineja ja kivenn\u00e4isaineita.<\/li>\n<li><strong>Hedelm\u00e4- ja yrttisekoitus<\/strong>: persiljan varret, vadelman lehdet, nokkonen, plantaani, voikukka ja ruiskaunokki punaisen ja vaaleanpunaisen s\u00e4vyiss\u00e4.<\/li>\n<li><strong>Rikastettu sekoitus<\/strong>: persiljan varret, sinimailanen, vadelman lehdet, karhunvatukka, echinacea ja kamomillan kukat &#8211; immuniteettia tukeva koostumus.<\/li>\n<li><strong>Eksoottinen sekoitus<\/strong>: persiljanvarret, banaani, koivunlehdet, vadelmanlehdet, voikukka, sinimailanen, hibiskus &#8211; ainutlaatuinen makuprofiili.<\/li>\n<li><strong>Vihannes- ja hedelm\u00e4sekoitus<\/strong>: Koivunlehdet, sinimailanen, porkkana, kes\u00e4kurpitsa, omena, vadelmanlehdet, persiljanvarret, jauhosipuli, tomaatti, kurkku, voikukka.<\/li>\n<li><strong>Kes\u00e4n sekoitus<\/strong>: T\u00e4ydellinen yhdistelm\u00e4 l\u00e4mpim\u00e4mpiin p\u00e4iviin: sinimailanen, porkkanat, hibiskus, persiljanvarret, kurkku, keh\u00e4kukan lehdet.<\/li>\n<li><strong>Yrttisekoitus<\/strong>: Persiljan varret, ruiskaunokki, voikukka, plantaani, nokkonen, kamomilla, humala &#8211; tukee ruoansulatuskanavaa.<\/li>\n<\/ol>\n<p>Kukin n\u00e4ist\u00e4 seoksista on suunniteltu vastaamaan jyrsij\u00f6iden ja kasvinsy\u00f6j\u00e4matelijoiden erilaisiin ravitsemuksellisiin tarpeisiin ja tarjoamaan samalla erilaisia makuja ja ravintoarvoja.<\/p>\n","protected":false},"excerpt":{"rendered":"<p>Jyrsij\u00f6ille ja kasvinsy\u00f6j\u00e4matelijoille tarkoitetut seoksemme on koottu huolellisesti korkealaatuisten kasviper\u00e4isten ainesosien pohjalta. Kukin niist\u00e4 tarjoaa el\u00e4inten asianmukaisen kehityksen ja terveyden kannalta v\u00e4ltt\u00e4m\u00e4tt\u00f6mi\u00e4 ravintoaineita.<\/p>\n","protected":false},"featured_media":25521,"template":"","meta":{"_acf_changed":false},"product_brand":[],"product_cat":[2509],"product_tag":[],"class_list":{"0":"post-26210","1":"product","2":"type-product","3":"status-publish","4":"has-post-thumbnail","6":"product_cat-raaka-aineet-elainten-rehuille","8":"first","9":"instock","10":"shipping-taxable","11":"product-type-simple"},"acf":[],"yoast_head":"<!-- This site is optimized with the Yoast SEO plugin v27.4 - https:\/\/yoast.com\/product\/yoast-seo-wordpress\/ -->\n<title>Jyrsij\u00f6ille ja kasvinsy\u00f6j\u00e4matelijoille tarkoitetut seokset - Tukkudistribuutio<\/title>\n<meta name=\"description\" content=\"Jyrsij\u00f6ille ja kasvinsy\u00f6j\u00e4matelijoille tarkoitetut seoksemme on koottu huolellisesti korkealaatuisten kasviper\u00e4isten ainesosien pohjalta.\" \/>\n<meta name=\"robots\" content=\"index, follow, max-snippet:-1, max-image-preview:large, max-video-preview:-1\" \/>\n<link rel=\"canonical\" href=\"https:\/\/naturalpoland.com\/fi\/tuotteet\/raaka-aineet-elainten-rehuille\/seokset-matelijoille-ja-venison-matelijoille\/\" \/>\n<meta property=\"og:locale\" content=\"fi_FI\" \/>\n<meta property=\"og:type\" content=\"article\" \/>\n<meta property=\"og:title\" content=\"Jyrsij\u00f6ille ja kasvinsy\u00f6j\u00e4matelijoille tarkoitetut seokset - Tukkudistribuutio\" \/>\n<meta property=\"og:description\" content=\"Jyrsij\u00f6ille ja kasvinsy\u00f6j\u00e4matelijoille tarkoitetut seoksemme on koottu huolellisesti korkealaatuisten kasviper\u00e4isten ainesosien pohjalta.\" \/>\n<meta property=\"og:url\" content=\"https:\/\/naturalpoland.com\/fi\/tuotteet\/raaka-aineet-elainten-rehuille\/seokset-matelijoille-ja-venison-matelijoille\/\" \/>\n<meta property=\"og:site_name\" content=\"NATURAL POLAND - RAAKA-AINEIDEN TUKKUJAKELIJA\" \/>\n<meta property=\"article:publisher\" content=\"https:\/\/www.facebook.com\/naturalpoland.b2b\" \/>\n<meta property=\"og:image\" content=\"https:\/\/naturalpoland.com\/wp-content\/uploads\/mieszanki-dla-gryzoni.jpg\" \/>\n\t<meta property=\"og:image:width\" content=\"650\" \/>\n\t<meta property=\"og:image:height\" content=\"650\" \/>\n\t<meta property=\"og:image:type\" content=\"image\/jpeg\" \/>\n<script type=\"application\/ld+json\" class=\"yoast-schema-graph\">{\"@context\":\"https:\\\/\\\/schema.org\",\"@graph\":[{\"@type\":\"WebPage\",\"@id\":\"https:\\\/\\\/naturalpoland.com\\\/fi\\\/tuotteet\\\/raaka-aineet-elainten-rehuille\\\/seokset-matelijoille-ja-venison-matelijoille\\\/\",\"url\":\"https:\\\/\\\/naturalpoland.com\\\/fi\\\/tuotteet\\\/raaka-aineet-elainten-rehuille\\\/seokset-matelijoille-ja-venison-matelijoille\\\/\",\"name\":\"Jyrsij\u00f6ille ja kasvinsy\u00f6j\u00e4matelijoille tarkoitetut seokset - Tukkudistribuutio\",\"isPartOf\":{\"@id\":\"https:\\\/\\\/naturalpoland.com\\\/fi\\\/#website\"},\"primaryImageOfPage\":{\"@id\":\"https:\\\/\\\/naturalpoland.com\\\/fi\\\/tuotteet\\\/raaka-aineet-elainten-rehuille\\\/seokset-matelijoille-ja-venison-matelijoille\\\/#primaryimage\"},\"image\":{\"@id\":\"https:\\\/\\\/naturalpoland.com\\\/fi\\\/tuotteet\\\/raaka-aineet-elainten-rehuille\\\/seokset-matelijoille-ja-venison-matelijoille\\\/#primaryimage\"},\"thumbnailUrl\":\"https:\\\/\\\/naturalpoland.com\\\/wp-content\\\/uploads\\\/mieszanki-dla-gryzoni.jpg\",\"datePublished\":\"2023-10-03T08:30:14+00:00\",\"description\":\"Jyrsij\u00f6ille ja kasvinsy\u00f6j\u00e4matelijoille tarkoitetut seoksemme on koottu huolellisesti korkealaatuisten kasviper\u00e4isten ainesosien pohjalta.\",\"breadcrumb\":{\"@id\":\"https:\\\/\\\/naturalpoland.com\\\/fi\\\/tuotteet\\\/raaka-aineet-elainten-rehuille\\\/seokset-matelijoille-ja-venison-matelijoille\\\/#breadcrumb\"},\"inLanguage\":\"fi\",\"potentialAction\":[{\"@type\":\"ReadAction\",\"target\":[\"https:\\\/\\\/naturalpoland.com\\\/fi\\\/tuotteet\\\/raaka-aineet-elainten-rehuille\\\/seokset-matelijoille-ja-venison-matelijoille\\\/\"]}]},{\"@type\":\"ImageObject\",\"inLanguage\":\"fi\",\"@id\":\"https:\\\/\\\/naturalpoland.com\\\/fi\\\/tuotteet\\\/raaka-aineet-elainten-rehuille\\\/seokset-matelijoille-ja-venison-matelijoille\\\/#primaryimage\",\"url\":\"https:\\\/\\\/naturalpoland.com\\\/wp-content\\\/uploads\\\/mieszanki-dla-gryzoni.jpg\",\"contentUrl\":\"https:\\\/\\\/naturalpoland.com\\\/wp-content\\\/uploads\\\/mieszanki-dla-gryzoni.jpg\",\"width\":650,\"height\":650,\"caption\":\"jyrsij\u00f6ille tarkoitetut seokset\"},{\"@type\":\"BreadcrumbList\",\"@id\":\"https:\\\/\\\/naturalpoland.com\\\/fi\\\/tuotteet\\\/raaka-aineet-elainten-rehuille\\\/seokset-matelijoille-ja-venison-matelijoille\\\/#breadcrumb\",\"itemListElement\":[{\"@type\":\"ListItem\",\"position\":1,\"name\":\"Etusivu\",\"item\":\"https:\\\/\\\/naturalpoland.com\\\/fi\\\/\"},{\"@type\":\"ListItem\",\"position\":2,\"name\":\"Tuotteet\",\"item\":\"https:\\\/\\\/naturalpoland.com\\\/fi\\\/tuotteet\\\/\"},{\"@type\":\"ListItem\",\"position\":3,\"name\":\"Jyrsij\u00f6ille ja kasvinsy\u00f6j\u00e4matelijoille tarkoitetut seokset\"}]},{\"@type\":\"WebSite\",\"@id\":\"https:\\\/\\\/naturalpoland.com\\\/fi\\\/#website\",\"url\":\"https:\\\/\\\/naturalpoland.com\\\/fi\\\/\",\"name\":\"NATURAL POLAND - RAAKA-AINEIDEN TUKKUJAKELIJA\",\"description\":\"Surowce dla przemys\u0142u spo\u017cywczego, kosmetycznego i farmaceutycznego\",\"publisher\":{\"@id\":\"https:\\\/\\\/naturalpoland.com\\\/fi\\\/#organization\"},\"potentialAction\":[{\"@type\":\"SearchAction\",\"target\":{\"@type\":\"EntryPoint\",\"urlTemplate\":\"https:\\\/\\\/naturalpoland.com\\\/fi\\\/?s={search_term_string}\"},\"query-input\":{\"@type\":\"PropertyValueSpecification\",\"valueRequired\":true,\"valueName\":\"search_term_string\"}}],\"inLanguage\":\"fi\"},{\"@type\":\"Organization\",\"@id\":\"https:\\\/\\\/naturalpoland.com\\\/fi\\\/#organization\",\"name\":\"Natural Poland\",\"url\":\"https:\\\/\\\/naturalpoland.com\\\/fi\\\/\",\"logo\":{\"@type\":\"ImageObject\",\"inLanguage\":\"fi\",\"@id\":\"https:\\\/\\\/naturalpoland.com\\\/fi\\\/#\\\/schema\\\/logo\\\/image\\\/\",\"url\":\"https:\\\/\\\/naturalpoland.com\\\/wp-content\\\/uploads\\\/2021\\\/05\\\/natural-poland-icon.png\",\"contentUrl\":\"https:\\\/\\\/naturalpoland.com\\\/wp-content\\\/uploads\\\/2021\\\/05\\\/natural-poland-icon.png\",\"width\":512,\"height\":512,\"caption\":\"Natural Poland\"},\"image\":{\"@id\":\"https:\\\/\\\/naturalpoland.com\\\/fi\\\/#\\\/schema\\\/logo\\\/image\\\/\"},\"sameAs\":[\"https:\\\/\\\/www.facebook.com\\\/naturalpoland.b2b\",\"https:\\\/\\\/pl.linkedin.com\\\/company\\\/natural-poland\",\"https:\\\/\\\/www.youtube.com\\\/channel\\\/UCgeGGkvOMahZo-xu_MSEWxg\"]}]}<\/script>\n<!-- \/ Yoast SEO plugin. -->","yoast_head_json":{"title":"Jyrsij\u00f6ille ja kasvinsy\u00f6j\u00e4matelijoille tarkoitetut seokset - Tukkudistribuutio","description":"Jyrsij\u00f6ille ja kasvinsy\u00f6j\u00e4matelijoille tarkoitetut seoksemme on koottu huolellisesti korkealaatuisten kasviper\u00e4isten ainesosien pohjalta.","robots":{"index":"index","follow":"follow","max-snippet":"max-snippet:-1","max-image-preview":"max-image-preview:large","max-video-preview":"max-video-preview:-1"},"canonical":"https:\/\/naturalpoland.com\/fi\/tuotteet\/raaka-aineet-elainten-rehuille\/seokset-matelijoille-ja-venison-matelijoille\/","og_locale":"fi_FI","og_type":"article","og_title":"Jyrsij\u00f6ille ja kasvinsy\u00f6j\u00e4matelijoille tarkoitetut seokset - Tukkudistribuutio","og_description":"Jyrsij\u00f6ille ja kasvinsy\u00f6j\u00e4matelijoille tarkoitetut seoksemme on koottu huolellisesti korkealaatuisten kasviper\u00e4isten ainesosien pohjalta.","og_url":"https:\/\/naturalpoland.com\/fi\/tuotteet\/raaka-aineet-elainten-rehuille\/seokset-matelijoille-ja-venison-matelijoille\/","og_site_name":"NATURAL POLAND - RAAKA-AINEIDEN TUKKUJAKELIJA","article_publisher":"https:\/\/www.facebook.com\/naturalpoland.b2b","og_image":[{"width":650,"height":650,"url":"https:\/\/naturalpoland.com\/wp-content\/uploads\/mieszanki-dla-gryzoni.jpg","type":"image\/jpeg"}],"schema":{"@context":"https:\/\/schema.org","@graph":[{"@type":"WebPage","@id":"https:\/\/naturalpoland.com\/fi\/tuotteet\/raaka-aineet-elainten-rehuille\/seokset-matelijoille-ja-venison-matelijoille\/","url":"https:\/\/naturalpoland.com\/fi\/tuotteet\/raaka-aineet-elainten-rehuille\/seokset-matelijoille-ja-venison-matelijoille\/","name":"Jyrsij\u00f6ille ja kasvinsy\u00f6j\u00e4matelijoille tarkoitetut seokset - Tukkudistribuutio","isPartOf":{"@id":"https:\/\/naturalpoland.com\/fi\/#website"},"primaryImageOfPage":{"@id":"https:\/\/naturalpoland.com\/fi\/tuotteet\/raaka-aineet-elainten-rehuille\/seokset-matelijoille-ja-venison-matelijoille\/#primaryimage"},"image":{"@id":"https:\/\/naturalpoland.com\/fi\/tuotteet\/raaka-aineet-elainten-rehuille\/seokset-matelijoille-ja-venison-matelijoille\/#primaryimage"},"thumbnailUrl":"https:\/\/naturalpoland.com\/wp-content\/uploads\/mieszanki-dla-gryzoni.jpg","datePublished":"2023-10-03T08:30:14+00:00","description":"Jyrsij\u00f6ille ja kasvinsy\u00f6j\u00e4matelijoille tarkoitetut seoksemme on koottu huolellisesti korkealaatuisten kasviper\u00e4isten ainesosien pohjalta.","breadcrumb":{"@id":"https:\/\/naturalpoland.com\/fi\/tuotteet\/raaka-aineet-elainten-rehuille\/seokset-matelijoille-ja-venison-matelijoille\/#breadcrumb"},"inLanguage":"fi","potentialAction":[{"@type":"ReadAction","target":["https:\/\/naturalpoland.com\/fi\/tuotteet\/raaka-aineet-elainten-rehuille\/seokset-matelijoille-ja-venison-matelijoille\/"]}]},{"@type":"ImageObject","inLanguage":"fi","@id":"https:\/\/naturalpoland.com\/fi\/tuotteet\/raaka-aineet-elainten-rehuille\/seokset-matelijoille-ja-venison-matelijoille\/#primaryimage","url":"https:\/\/naturalpoland.com\/wp-content\/uploads\/mieszanki-dla-gryzoni.jpg","contentUrl":"https:\/\/naturalpoland.com\/wp-content\/uploads\/mieszanki-dla-gryzoni.jpg","width":650,"height":650,"caption":"jyrsij\u00f6ille tarkoitetut seokset"},{"@type":"BreadcrumbList","@id":"https:\/\/naturalpoland.com\/fi\/tuotteet\/raaka-aineet-elainten-rehuille\/seokset-matelijoille-ja-venison-matelijoille\/#breadcrumb","itemListElement":[{"@type":"ListItem","position":1,"name":"Etusivu","item":"https:\/\/naturalpoland.com\/fi\/"},{"@type":"ListItem","position":2,"name":"Tuotteet","item":"https:\/\/naturalpoland.com\/fi\/tuotteet\/"},{"@type":"ListItem","position":3,"name":"Jyrsij\u00f6ille ja kasvinsy\u00f6j\u00e4matelijoille tarkoitetut seokset"}]},{"@type":"WebSite","@id":"https:\/\/naturalpoland.com\/fi\/#website","url":"https:\/\/naturalpoland.com\/fi\/","name":"NATURAL POLAND - RAAKA-AINEIDEN TUKKUJAKELIJA","description":"Surowce dla przemys\u0142u spo\u017cywczego, kosmetycznego i farmaceutycznego","publisher":{"@id":"https:\/\/naturalpoland.com\/fi\/#organization"},"potentialAction":[{"@type":"SearchAction","target":{"@type":"EntryPoint","urlTemplate":"https:\/\/naturalpoland.com\/fi\/?s={search_term_string}"},"query-input":{"@type":"PropertyValueSpecification","valueRequired":true,"valueName":"search_term_string"}}],"inLanguage":"fi"},{"@type":"Organization","@id":"https:\/\/naturalpoland.com\/fi\/#organization","name":"Natural Poland","url":"https:\/\/naturalpoland.com\/fi\/","logo":{"@type":"ImageObject","inLanguage":"fi","@id":"https:\/\/naturalpoland.com\/fi\/#\/schema\/logo\/image\/","url":"https:\/\/naturalpoland.com\/wp-content\/uploads\/2021\/05\/natural-poland-icon.png","contentUrl":"https:\/\/naturalpoland.com\/wp-content\/uploads\/2021\/05\/natural-poland-icon.png","width":512,"height":512,"caption":"Natural Poland"},"image":{"@id":"https:\/\/naturalpoland.com\/fi\/#\/schema\/logo\/image\/"},"sameAs":["https:\/\/www.facebook.com\/naturalpoland.b2b","https:\/\/pl.linkedin.com\/company\/natural-poland","https:\/\/www.youtube.com\/channel\/UCgeGGkvOMahZo-xu_MSEWxg"]}]}},"_links":{"self":[{"href":"https:\/\/naturalpoland.com\/fi\/wp-json\/wp\/v2\/product\/26210","targetHints":{"allow":["GET"]}}],"collection":[{"href":"https:\/\/naturalpoland.com\/fi\/wp-json\/wp\/v2\/product"}],"about":[{"href":"https:\/\/naturalpoland.com\/fi\/wp-json\/wp\/v2\/types\/product"}],"wp:featuredmedia":[{"embeddable":true,"href":"https:\/\/naturalpoland.com\/fi\/wp-json\/wp\/v2\/media\/25521"}],"wp:attachment":[{"href":"https:\/\/naturalpoland.com\/fi\/wp-json\/wp\/v2\/media?parent=26210"}],"wp:term":[{"taxonomy":"product_brand","embeddable":true,"href":"https:\/\/naturalpoland.com\/fi\/wp-json\/wp\/v2\/product_brand?post=26210"},{"taxonomy":"product_cat","embeddable":true,"href":"https:\/\/naturalpoland.com\/fi\/wp-json\/wp\/v2\/product_cat?post=26210"},{"taxonomy":"product_tag","embeddable":true,"href":"https:\/\/naturalpoland.com\/fi\/wp-json\/wp\/v2\/product_tag?post=26210"}],"curies":[{"name":"wp","href":"https:\/\/api.w.org\/{rel}","templated":true}]}}