{"id":26230,"date":"2023-09-15T14:46:33","date_gmt":"2023-10-03T08:30:30","guid":{"rendered":"https:\/\/naturalpoland.com\/produkty\/Ei-luokiteltu\/kukkia-elaimille\/"},"modified":"2024-06-13T12:05:33","modified_gmt":"2024-06-13T10:05:33","slug":"flowers-for-animals","status":"publish","type":"product","link":"https:\/\/naturalpoland.com\/fi\/tuotteet\/raaka-aineet-elainten-rehuille\/flowers-for-animals\/","title":{"rendered":"Kukkia el\u00e4imille"},"content":{"rendered":"<ul>\n<li><strong>Arnikan kukat<\/strong>: Ne ovat tunnettuja tulehdusta ehk\u00e4isevist\u00e4 ominaisuuksistaan ja edist\u00e4v\u00e4t ihon uudistumista.<\/li>\n<li><strong>Hibiskuksen kukat<\/strong>: sis\u00e4lt\u00e4v\u00e4t runsaasti C-vitamiinia, tukevat immuniteettia.<\/li>\n<li><strong>Holvikukat<\/strong>: vaikuttavat l\u00e4mmitt\u00e4v\u00e4sti ja tukevat hengityselimi\u00e4.<\/li>\n<li><strong>Kamomillan kukat<\/strong>: Rauhoittaa ja lievitt\u00e4\u00e4 ruoansulatuskanavan \u00e4rsytyst\u00e4.<\/li>\n<li><strong>Ruiskaunokinsininen luokka 1 ja 2<\/strong>: Arvostettu voimakkaan v\u00e4rins\u00e4 ja antioksidanttisten ominaisuuksiensa vuoksi.<\/li>\n<li><strong>Punainen ruiskaunokki, luokka 1 ja 2<\/strong>: Tarjoaa flavonoidien l\u00e4hteen, joka tukee syd\u00e4n- ja verisuonij\u00e4rjestelm\u00e4\u00e4.<\/li>\n<li><strong>Laventeli<\/strong>: Rauhoittava ja rentouttava, sill\u00e4 on rauhoittava vaikutus hermostoon.<\/li>\n<li><strong>Villimalvan (Malva sylvestris) kukat<\/strong>: Tukevat ruoansulatuskanavaa, anti-inflammatorinen.<\/li>\n<li><strong>Keh\u00e4kukan kukat<\/strong>: Tunnetaan antibakteerisista ja tulehdusta ehk\u00e4isevist\u00e4 ominaisuuksistaan.<\/li>\n<li><strong>Keh\u00e4kukan ter\u00e4lehdet<\/strong>: Kosteuttavat voimakkaasti ja rauhoittavat \u00e4rsytyst\u00e4.<\/li>\n<li><strong>Ruusun kukat<\/strong>: Runsaasti vitamiineja, jotka tukevat ihon ja turkin terveytt\u00e4.<\/li>\n<li><strong>Ruusun ter\u00e4lehdet<\/strong>: kun niit\u00e4 k\u00e4ytet\u00e4\u00e4n el\u00e4inten ruokavaliossa, niill\u00e4 voi olla rauhoittava vaikutus.<\/li>\n<li><strong>Puna-apilan kukat<\/strong>: Fytoestrogeenit: Tukevat hormonitoimintaa ja ovat runsas fytoestrogeenien l\u00e4hde.<\/li>\n<li><strong>Humala<\/strong>: Tunnetaan sen rauhoittavista ja rentouttavista ominaisuuksista.<\/li>\n<li><strong>Auringonkukkahiutaleet<\/strong>: Ne sis\u00e4lt\u00e4v\u00e4t runsaasti E-vitamiinia ja tukevat ihon terveytt\u00e4.<\/li>\n<\/ul>\n<p>Kukkamme on valittu huolellisesti ja ne t\u00e4ytt\u00e4v\u00e4t korkeimmat laatuvaatimukset. Ne t\u00e4ydent\u00e4v\u00e4t ihanteellisesti mit\u00e4 tahansa el\u00e4inten ruokavaliota, sill\u00e4 ne tarjoavat vaihtelua ja ravintoarvoa.<\/p>\n","protected":false},"excerpt":{"rendered":"<p>Valikoimassamme el\u00e4imille tarkoitettuja kukkia yhdistyv\u00e4t luonnon kauneus ja terveytt\u00e4 edist\u00e4v\u00e4t edut. N\u00e4m\u00e4 aromaattiset ja arvokkaat ainesosat voivat olla erinomainen lis\u00e4 lemmikkisi ruokavalioon, tukea niiden terveytt\u00e4 ja vaikuttaa my\u00f6nteisesti niiden hyvinvointiin.<\/p>\n","protected":false},"featured_media":25456,"template":"","meta":{"_acf_changed":false},"product_brand":[],"product_cat":[2509],"product_tag":[],"class_list":{"0":"post-26230","1":"product","2":"type-product","3":"status-publish","4":"has-post-thumbnail","6":"product_cat-raaka-aineet-elainten-rehuille","8":"first","9":"instock","10":"shipping-taxable","11":"product-type-simple"},"acf":[],"yoast_head":"<!-- This site is optimized with the Yoast SEO plugin v27.4 - https:\/\/yoast.com\/product\/yoast-seo-wordpress\/ -->\n<title>Kukkia el\u00e4imille - Tukkudistribuutio<\/title>\n<meta name=\"robots\" content=\"index, follow, max-snippet:-1, max-image-preview:large, max-video-preview:-1\" \/>\n<link rel=\"canonical\" href=\"https:\/\/naturalpoland.com\/fi\/tuotteet\/raaka-aineet-elainten-rehuille\/flowers-for-animals\/\" \/>\n<meta property=\"og:locale\" content=\"fi_FI\" \/>\n<meta property=\"og:type\" content=\"article\" \/>\n<meta property=\"og:title\" content=\"Kukkia el\u00e4imille - Tukkudistribuutio\" \/>\n<meta property=\"og:description\" content=\"Valikoimassamme el\u00e4imille tarkoitettuja kukkia yhdistyv\u00e4t luonnon kauneus ja terveytt\u00e4 edist\u00e4v\u00e4t edut. N\u00e4m\u00e4 aromaattiset ja arvokkaat ainesosat voivat olla erinomainen lis\u00e4 lemmikkisi ruokavalioon, tukea niiden terveytt\u00e4 ja vaikuttaa my\u00f6nteisesti niiden hyvinvointiin.\" \/>\n<meta property=\"og:url\" content=\"https:\/\/naturalpoland.com\/fi\/tuotteet\/raaka-aineet-elainten-rehuille\/flowers-for-animals\/\" \/>\n<meta property=\"og:site_name\" content=\"NATURAL POLAND - RAAKA-AINEIDEN TUKKUJAKELIJA\" \/>\n<meta property=\"article:publisher\" content=\"https:\/\/www.facebook.com\/naturalpoland.b2b\" \/>\n<meta property=\"article:modified_time\" content=\"2024-06-13T10:05:33+00:00\" \/>\n<meta property=\"og:image\" content=\"https:\/\/naturalpoland.com\/wp-content\/uploads\/kwiaty-dla-zwierzat.jpg\" \/>\n\t<meta property=\"og:image:width\" content=\"650\" \/>\n\t<meta property=\"og:image:height\" content=\"650\" \/>\n\t<meta property=\"og:image:type\" content=\"image\/jpeg\" \/>\n<script type=\"application\/ld+json\" class=\"yoast-schema-graph\">{\"@context\":\"https:\\\/\\\/schema.org\",\"@graph\":[{\"@type\":\"WebPage\",\"@id\":\"https:\\\/\\\/naturalpoland.com\\\/fi\\\/tuotteet\\\/raaka-aineet-elainten-rehuille\\\/flowers-for-animals\\\/\",\"url\":\"https:\\\/\\\/naturalpoland.com\\\/fi\\\/tuotteet\\\/raaka-aineet-elainten-rehuille\\\/flowers-for-animals\\\/\",\"name\":\"Kukkia el\u00e4imille - Tukkudistribuutio\",\"isPartOf\":{\"@id\":\"https:\\\/\\\/naturalpoland.com\\\/fi\\\/#website\"},\"primaryImageOfPage\":{\"@id\":\"https:\\\/\\\/naturalpoland.com\\\/fi\\\/tuotteet\\\/raaka-aineet-elainten-rehuille\\\/flowers-for-animals\\\/#primaryimage\"},\"image\":{\"@id\":\"https:\\\/\\\/naturalpoland.com\\\/fi\\\/tuotteet\\\/raaka-aineet-elainten-rehuille\\\/flowers-for-animals\\\/#primaryimage\"},\"thumbnailUrl\":\"https:\\\/\\\/naturalpoland.com\\\/wp-content\\\/uploads\\\/kwiaty-dla-zwierzat.jpg\",\"datePublished\":\"2023-10-03T08:30:30+00:00\",\"dateModified\":\"2024-06-13T10:05:33+00:00\",\"breadcrumb\":{\"@id\":\"https:\\\/\\\/naturalpoland.com\\\/fi\\\/tuotteet\\\/raaka-aineet-elainten-rehuille\\\/flowers-for-animals\\\/#breadcrumb\"},\"inLanguage\":\"fi\",\"potentialAction\":[{\"@type\":\"ReadAction\",\"target\":[\"https:\\\/\\\/naturalpoland.com\\\/fi\\\/tuotteet\\\/raaka-aineet-elainten-rehuille\\\/flowers-for-animals\\\/\"]}]},{\"@type\":\"ImageObject\",\"inLanguage\":\"fi\",\"@id\":\"https:\\\/\\\/naturalpoland.com\\\/fi\\\/tuotteet\\\/raaka-aineet-elainten-rehuille\\\/flowers-for-animals\\\/#primaryimage\",\"url\":\"https:\\\/\\\/naturalpoland.com\\\/wp-content\\\/uploads\\\/kwiaty-dla-zwierzat.jpg\",\"contentUrl\":\"https:\\\/\\\/naturalpoland.com\\\/wp-content\\\/uploads\\\/kwiaty-dla-zwierzat.jpg\",\"width\":650,\"height\":650,\"caption\":\"kukkia el\u00e4imille\"},{\"@type\":\"BreadcrumbList\",\"@id\":\"https:\\\/\\\/naturalpoland.com\\\/fi\\\/tuotteet\\\/raaka-aineet-elainten-rehuille\\\/flowers-for-animals\\\/#breadcrumb\",\"itemListElement\":[{\"@type\":\"ListItem\",\"position\":1,\"name\":\"Etusivu\",\"item\":\"https:\\\/\\\/naturalpoland.com\\\/fi\\\/\"},{\"@type\":\"ListItem\",\"position\":2,\"name\":\"Tuotteet\",\"item\":\"https:\\\/\\\/naturalpoland.com\\\/fi\\\/tuotteet\\\/\"},{\"@type\":\"ListItem\",\"position\":3,\"name\":\"Kukkia el\u00e4imille\"}]},{\"@type\":\"WebSite\",\"@id\":\"https:\\\/\\\/naturalpoland.com\\\/fi\\\/#website\",\"url\":\"https:\\\/\\\/naturalpoland.com\\\/fi\\\/\",\"name\":\"NATURAL POLAND - RAAKA-AINEIDEN TUKKUJAKELIJA\",\"description\":\"Surowce dla przemys\u0142u spo\u017cywczego, kosmetycznego i farmaceutycznego\",\"publisher\":{\"@id\":\"https:\\\/\\\/naturalpoland.com\\\/fi\\\/#organization\"},\"potentialAction\":[{\"@type\":\"SearchAction\",\"target\":{\"@type\":\"EntryPoint\",\"urlTemplate\":\"https:\\\/\\\/naturalpoland.com\\\/fi\\\/?s={search_term_string}\"},\"query-input\":{\"@type\":\"PropertyValueSpecification\",\"valueRequired\":true,\"valueName\":\"search_term_string\"}}],\"inLanguage\":\"fi\"},{\"@type\":\"Organization\",\"@id\":\"https:\\\/\\\/naturalpoland.com\\\/fi\\\/#organization\",\"name\":\"Natural Poland\",\"url\":\"https:\\\/\\\/naturalpoland.com\\\/fi\\\/\",\"logo\":{\"@type\":\"ImageObject\",\"inLanguage\":\"fi\",\"@id\":\"https:\\\/\\\/naturalpoland.com\\\/fi\\\/#\\\/schema\\\/logo\\\/image\\\/\",\"url\":\"https:\\\/\\\/naturalpoland.com\\\/wp-content\\\/uploads\\\/2021\\\/05\\\/natural-poland-icon.png\",\"contentUrl\":\"https:\\\/\\\/naturalpoland.com\\\/wp-content\\\/uploads\\\/2021\\\/05\\\/natural-poland-icon.png\",\"width\":512,\"height\":512,\"caption\":\"Natural Poland\"},\"image\":{\"@id\":\"https:\\\/\\\/naturalpoland.com\\\/fi\\\/#\\\/schema\\\/logo\\\/image\\\/\"},\"sameAs\":[\"https:\\\/\\\/www.facebook.com\\\/naturalpoland.b2b\",\"https:\\\/\\\/pl.linkedin.com\\\/company\\\/natural-poland\",\"https:\\\/\\\/www.youtube.com\\\/channel\\\/UCgeGGkvOMahZo-xu_MSEWxg\"]}]}<\/script>\n<!-- \/ Yoast SEO plugin. -->","yoast_head_json":{"title":"Kukkia el\u00e4imille - Tukkudistribuutio","robots":{"index":"index","follow":"follow","max-snippet":"max-snippet:-1","max-image-preview":"max-image-preview:large","max-video-preview":"max-video-preview:-1"},"canonical":"https:\/\/naturalpoland.com\/fi\/tuotteet\/raaka-aineet-elainten-rehuille\/flowers-for-animals\/","og_locale":"fi_FI","og_type":"article","og_title":"Kukkia el\u00e4imille - Tukkudistribuutio","og_description":"Valikoimassamme el\u00e4imille tarkoitettuja kukkia yhdistyv\u00e4t luonnon kauneus ja terveytt\u00e4 edist\u00e4v\u00e4t edut. N\u00e4m\u00e4 aromaattiset ja arvokkaat ainesosat voivat olla erinomainen lis\u00e4 lemmikkisi ruokavalioon, tukea niiden terveytt\u00e4 ja vaikuttaa my\u00f6nteisesti niiden hyvinvointiin.","og_url":"https:\/\/naturalpoland.com\/fi\/tuotteet\/raaka-aineet-elainten-rehuille\/flowers-for-animals\/","og_site_name":"NATURAL POLAND - RAAKA-AINEIDEN TUKKUJAKELIJA","article_publisher":"https:\/\/www.facebook.com\/naturalpoland.b2b","article_modified_time":"2024-06-13T10:05:33+00:00","og_image":[{"width":650,"height":650,"url":"https:\/\/naturalpoland.com\/wp-content\/uploads\/kwiaty-dla-zwierzat.jpg","type":"image\/jpeg"}],"schema":{"@context":"https:\/\/schema.org","@graph":[{"@type":"WebPage","@id":"https:\/\/naturalpoland.com\/fi\/tuotteet\/raaka-aineet-elainten-rehuille\/flowers-for-animals\/","url":"https:\/\/naturalpoland.com\/fi\/tuotteet\/raaka-aineet-elainten-rehuille\/flowers-for-animals\/","name":"Kukkia el\u00e4imille - Tukkudistribuutio","isPartOf":{"@id":"https:\/\/naturalpoland.com\/fi\/#website"},"primaryImageOfPage":{"@id":"https:\/\/naturalpoland.com\/fi\/tuotteet\/raaka-aineet-elainten-rehuille\/flowers-for-animals\/#primaryimage"},"image":{"@id":"https:\/\/naturalpoland.com\/fi\/tuotteet\/raaka-aineet-elainten-rehuille\/flowers-for-animals\/#primaryimage"},"thumbnailUrl":"https:\/\/naturalpoland.com\/wp-content\/uploads\/kwiaty-dla-zwierzat.jpg","datePublished":"2023-10-03T08:30:30+00:00","dateModified":"2024-06-13T10:05:33+00:00","breadcrumb":{"@id":"https:\/\/naturalpoland.com\/fi\/tuotteet\/raaka-aineet-elainten-rehuille\/flowers-for-animals\/#breadcrumb"},"inLanguage":"fi","potentialAction":[{"@type":"ReadAction","target":["https:\/\/naturalpoland.com\/fi\/tuotteet\/raaka-aineet-elainten-rehuille\/flowers-for-animals\/"]}]},{"@type":"ImageObject","inLanguage":"fi","@id":"https:\/\/naturalpoland.com\/fi\/tuotteet\/raaka-aineet-elainten-rehuille\/flowers-for-animals\/#primaryimage","url":"https:\/\/naturalpoland.com\/wp-content\/uploads\/kwiaty-dla-zwierzat.jpg","contentUrl":"https:\/\/naturalpoland.com\/wp-content\/uploads\/kwiaty-dla-zwierzat.jpg","width":650,"height":650,"caption":"kukkia el\u00e4imille"},{"@type":"BreadcrumbList","@id":"https:\/\/naturalpoland.com\/fi\/tuotteet\/raaka-aineet-elainten-rehuille\/flowers-for-animals\/#breadcrumb","itemListElement":[{"@type":"ListItem","position":1,"name":"Etusivu","item":"https:\/\/naturalpoland.com\/fi\/"},{"@type":"ListItem","position":2,"name":"Tuotteet","item":"https:\/\/naturalpoland.com\/fi\/tuotteet\/"},{"@type":"ListItem","position":3,"name":"Kukkia el\u00e4imille"}]},{"@type":"WebSite","@id":"https:\/\/naturalpoland.com\/fi\/#website","url":"https:\/\/naturalpoland.com\/fi\/","name":"NATURAL POLAND - RAAKA-AINEIDEN TUKKUJAKELIJA","description":"Surowce dla przemys\u0142u spo\u017cywczego, kosmetycznego i farmaceutycznego","publisher":{"@id":"https:\/\/naturalpoland.com\/fi\/#organization"},"potentialAction":[{"@type":"SearchAction","target":{"@type":"EntryPoint","urlTemplate":"https:\/\/naturalpoland.com\/fi\/?s={search_term_string}"},"query-input":{"@type":"PropertyValueSpecification","valueRequired":true,"valueName":"search_term_string"}}],"inLanguage":"fi"},{"@type":"Organization","@id":"https:\/\/naturalpoland.com\/fi\/#organization","name":"Natural Poland","url":"https:\/\/naturalpoland.com\/fi\/","logo":{"@type":"ImageObject","inLanguage":"fi","@id":"https:\/\/naturalpoland.com\/fi\/#\/schema\/logo\/image\/","url":"https:\/\/naturalpoland.com\/wp-content\/uploads\/2021\/05\/natural-poland-icon.png","contentUrl":"https:\/\/naturalpoland.com\/wp-content\/uploads\/2021\/05\/natural-poland-icon.png","width":512,"height":512,"caption":"Natural Poland"},"image":{"@id":"https:\/\/naturalpoland.com\/fi\/#\/schema\/logo\/image\/"},"sameAs":["https:\/\/www.facebook.com\/naturalpoland.b2b","https:\/\/pl.linkedin.com\/company\/natural-poland","https:\/\/www.youtube.com\/channel\/UCgeGGkvOMahZo-xu_MSEWxg"]}]}},"_links":{"self":[{"href":"https:\/\/naturalpoland.com\/fi\/wp-json\/wp\/v2\/product\/26230","targetHints":{"allow":["GET"]}}],"collection":[{"href":"https:\/\/naturalpoland.com\/fi\/wp-json\/wp\/v2\/product"}],"about":[{"href":"https:\/\/naturalpoland.com\/fi\/wp-json\/wp\/v2\/types\/product"}],"wp:featuredmedia":[{"embeddable":true,"href":"https:\/\/naturalpoland.com\/fi\/wp-json\/wp\/v2\/media\/25456"}],"wp:attachment":[{"href":"https:\/\/naturalpoland.com\/fi\/wp-json\/wp\/v2\/media?parent=26230"}],"wp:term":[{"taxonomy":"product_brand","embeddable":true,"href":"https:\/\/naturalpoland.com\/fi\/wp-json\/wp\/v2\/product_brand?post=26230"},{"taxonomy":"product_cat","embeddable":true,"href":"https:\/\/naturalpoland.com\/fi\/wp-json\/wp\/v2\/product_cat?post=26230"},{"taxonomy":"product_tag","embeddable":true,"href":"https:\/\/naturalpoland.com\/fi\/wp-json\/wp\/v2\/product_tag?post=26230"}],"curies":[{"name":"wp","href":"https:\/\/api.w.org\/{rel}","templated":true}]}}