{"id":26238,"date":"2023-09-14T15:41:28","date_gmt":"2023-10-03T09:12:15","guid":{"rendered":"https:\/\/naturalpoland.com\/produkty\/Ei-luokiteltu\/yrtit-elaimille\/"},"modified":"2023-10-03T11:12:15","modified_gmt":"2023-10-03T09:12:15","slug":"yrtit","status":"publish","type":"product","link":"https:\/\/naturalpoland.com\/fi\/tuotteet\/raaka-aineet-elainten-rehuille\/yrtit\/","title":{"rendered":"Yrtit el\u00e4imille"},"content":{"rendered":"<p><strong>Lucerne<\/strong> &#8211; Vahvistaa el\u00e4inten kuntoa, vitamiinien ja proteiinien l\u00e4hde.<\/p>\n<p><strong>Omenan, aprikoosin, p\u00e4\u00e4ryn\u00e4n, persikan ja luumun lehdet<\/strong> &#8211; Luonnollisia antioksidantteja, tukevat ruoansulatusta ja antavat vitamiineja.<\/p>\n<p><strong>Artisokan lehdet<\/strong> &#8211; Tunnetaan niiden myrkkyj\u00e4 poistavista ja maksaa tukevista ominaisuuksista.<\/p>\n<p><strong>Koivun ja eukalyptuksen lehdet<\/strong> &#8211; Vaikuttavat diureettisesti ja tukevat el\u00e4imen virtsaj\u00e4rjestelm\u00e4\u00e4.<\/p>\n<p><strong>Tavallinen ja lansettipihlaja<\/strong> &#8211; Tukevat ruoansulatuskanavaa ja vaikuttavat tulehdusta ehk\u00e4isev\u00e4sti.<\/p>\n<p><strong>Nokkosen ja karhunvatukan lehdet<\/strong> &#8211; Ne sis\u00e4lt\u00e4v\u00e4t runsaasti rautaa ja vitamiineja ja vahvistavat el\u00e4inten kuntoa.<\/p>\n<p>Kultajuuri <strong>ja siank\u00e4rs\u00e4m\u00f6<\/strong> &#8211; tukevat ruoansulatuskanavaa ja vaikuttavat tulehdusta ehk\u00e4isev\u00e4sti.<\/p>\n<p><strong>Speltti-, kaura- ja vehn\u00e4yrtit<\/strong> &#8211; Erinomainen valkuaisen l\u00e4hde, parantaa el\u00e4inten kuntoa.<\/p>\n<p><strong>Hasselp\u00e4hkin\u00e4n ja saksanp\u00e4hkin\u00e4n lehdet<\/strong> &#8211; Ne sis\u00e4lt\u00e4v\u00e4t runsaasti kasvirasvoja ja parantavat turkin kuntoa.<\/p>\n<p><strong>Islanninsammal<\/strong> &#8211; Tukee hengityselimi\u00e4, luonnollisen liman l\u00e4hde.<\/p>\n<p><strong>Mustaherukan, vadelman ja kirsikan lehdet<\/strong> &#8211; Vitamiinien ja antioksidanttien l\u00e4hde, parantaa vastustuskyky\u00e4.<\/p>\n<p><strong>Voikukan lehdet<\/strong> &#8211; vaikuttavat diureettisesti ja tukevat virtsateiden toimintaa.<\/p>\n<p><strong>Ohdake<\/strong> &#8211; Tukee maksan toimintaa, detoksifioiva vaikutus.<\/p>\n<p><strong>Melissa<\/strong> &#8211; vaikuttaa rauhoittavasti ja tukee el\u00e4imen hermostoa.<\/p>\n<p><strong>Salvian lehdet<\/strong> &#8211; Auttaa ruoansulatusta ja vaikuttaa antimikrobisesti.<\/p>\n<p><strong>Timjami<\/strong> &#8211; Luonnollisten antibioottien l\u00e4hde, tukee immuunij\u00e4rjestelm\u00e4\u00e4.<\/p>\n<p><strong>Pinaatinlehdet<\/strong> &#8211; Ne sis\u00e4lt\u00e4v\u00e4t runsaasti rautaa ja parantavat kuntoa ja verenkiertoa.<\/p>\n<p><strong>Vihre\u00e4 minttu ja piparminttu<\/strong> &#8211; vaikuttavat virkist\u00e4v\u00e4sti ja tukevat ruoansulatusta.<\/p>\n<p><strong>Echinacea ja echinacea<\/strong> &#8211; Vahvistaa immuunij\u00e4rjestelm\u00e4\u00e4, sill\u00e4 on tulehdusta ehk\u00e4isevi\u00e4 vaikutuksia.<\/p>\n<p><strong>Horsetail<\/strong> &#8211; Runsaasti piit\u00e4, tukee luiden ja nivelten terveytt\u00e4.<\/p>\n<p>Tarjoamamme yrtit ovat el\u00e4inten luonnollinen ravintoaineiden l\u00e4hde. Uskomme, ett\u00e4 tarjouksemme t\u00e4ytt\u00e4\u00e4 lemmikkiel\u00e4inalan vaativimpien asiakkaiden odotukset. Kutsumme sinut ottamaan meihin yhteytt\u00e4 ja tekem\u00e4\u00e4n yhteisty\u00f6t\u00e4 kanssamme.<\/p>\n","protected":false},"excerpt":{"rendered":"<p>Ruokaan lis\u00e4tyt yrtit takaavat el\u00e4imille erinomaiset ravitsemukselliset ja terveydelliset ominaisuudet. Yrttimme ovat per\u00e4isin valvotusta viljelyst\u00e4, mik\u00e4 takaa niiden erinomaisen laadun.<\/p>\n","protected":false},"featured_media":25406,"template":"","meta":{"_acf_changed":false},"product_brand":[],"product_cat":[2509],"product_tag":[],"class_list":{"0":"post-26238","1":"product","2":"type-product","3":"status-publish","4":"has-post-thumbnail","6":"product_cat-raaka-aineet-elainten-rehuille","8":"first","9":"instock","10":"shipping-taxable","11":"product-type-simple"},"acf":[],"yoast_head":"<!-- This site is optimized with the Yoast SEO plugin v27.4 - https:\/\/yoast.com\/product\/yoast-seo-wordpress\/ -->\n<title>Yrtit el\u00e4imille - Tukkudistribuutio<\/title>\n<meta name=\"description\" content=\"Ruokaan lis\u00e4tyt yrtit takaavat el\u00e4imille erinomaiset ravitsemukselliset ja terveydelliset ominaisuudet. Yrttimme ovat per\u00e4isin valvotusta viljelyst\u00e4.\" \/>\n<meta name=\"robots\" content=\"index, follow, max-snippet:-1, max-image-preview:large, max-video-preview:-1\" \/>\n<link rel=\"canonical\" href=\"https:\/\/naturalpoland.com\/fi\/tuotteet\/raaka-aineet-elainten-rehuille\/yrtit\/\" \/>\n<meta property=\"og:locale\" content=\"fi_FI\" \/>\n<meta property=\"og:type\" content=\"article\" \/>\n<meta property=\"og:title\" content=\"Yrtit el\u00e4imille - Tukkudistribuutio\" \/>\n<meta property=\"og:description\" content=\"Ruokaan lis\u00e4tyt yrtit takaavat el\u00e4imille erinomaiset ravitsemukselliset ja terveydelliset ominaisuudet. Yrttimme ovat per\u00e4isin valvotusta viljelyst\u00e4.\" \/>\n<meta property=\"og:url\" content=\"https:\/\/naturalpoland.com\/fi\/tuotteet\/raaka-aineet-elainten-rehuille\/yrtit\/\" \/>\n<meta property=\"og:site_name\" content=\"NATURAL POLAND - RAAKA-AINEIDEN TUKKUJAKELIJA\" \/>\n<meta property=\"article:publisher\" content=\"https:\/\/www.facebook.com\/naturalpoland.b2b\" \/>\n<meta property=\"og:image\" content=\"https:\/\/naturalpoland.com\/wp-content\/uploads\/ziola-liscie-dla-zwierzat.jpg\" \/>\n\t<meta property=\"og:image:width\" content=\"650\" \/>\n\t<meta property=\"og:image:height\" content=\"650\" \/>\n\t<meta property=\"og:image:type\" content=\"image\/jpeg\" \/>\n<script type=\"application\/ld+json\" class=\"yoast-schema-graph\">{\"@context\":\"https:\\\/\\\/schema.org\",\"@graph\":[{\"@type\":\"WebPage\",\"@id\":\"https:\\\/\\\/naturalpoland.com\\\/fi\\\/tuotteet\\\/raaka-aineet-elainten-rehuille\\\/yrtit\\\/\",\"url\":\"https:\\\/\\\/naturalpoland.com\\\/fi\\\/tuotteet\\\/raaka-aineet-elainten-rehuille\\\/yrtit\\\/\",\"name\":\"Yrtit el\u00e4imille - Tukkudistribuutio\",\"isPartOf\":{\"@id\":\"https:\\\/\\\/naturalpoland.com\\\/fi\\\/#website\"},\"primaryImageOfPage\":{\"@id\":\"https:\\\/\\\/naturalpoland.com\\\/fi\\\/tuotteet\\\/raaka-aineet-elainten-rehuille\\\/yrtit\\\/#primaryimage\"},\"image\":{\"@id\":\"https:\\\/\\\/naturalpoland.com\\\/fi\\\/tuotteet\\\/raaka-aineet-elainten-rehuille\\\/yrtit\\\/#primaryimage\"},\"thumbnailUrl\":\"https:\\\/\\\/naturalpoland.com\\\/wp-content\\\/uploads\\\/ziola-liscie-dla-zwierzat.jpg\",\"datePublished\":\"2023-10-03T09:12:15+00:00\",\"description\":\"Ruokaan lis\u00e4tyt yrtit takaavat el\u00e4imille erinomaiset ravitsemukselliset ja terveydelliset ominaisuudet. Yrttimme ovat per\u00e4isin valvotusta viljelyst\u00e4.\",\"breadcrumb\":{\"@id\":\"https:\\\/\\\/naturalpoland.com\\\/fi\\\/tuotteet\\\/raaka-aineet-elainten-rehuille\\\/yrtit\\\/#breadcrumb\"},\"inLanguage\":\"fi\",\"potentialAction\":[{\"@type\":\"ReadAction\",\"target\":[\"https:\\\/\\\/naturalpoland.com\\\/fi\\\/tuotteet\\\/raaka-aineet-elainten-rehuille\\\/yrtit\\\/\"]}]},{\"@type\":\"ImageObject\",\"inLanguage\":\"fi\",\"@id\":\"https:\\\/\\\/naturalpoland.com\\\/fi\\\/tuotteet\\\/raaka-aineet-elainten-rehuille\\\/yrtit\\\/#primaryimage\",\"url\":\"https:\\\/\\\/naturalpoland.com\\\/wp-content\\\/uploads\\\/ziola-liscie-dla-zwierzat.jpg\",\"contentUrl\":\"https:\\\/\\\/naturalpoland.com\\\/wp-content\\\/uploads\\\/ziola-liscie-dla-zwierzat.jpg\",\"width\":650,\"height\":650,\"caption\":\"yrttej\u00e4 el\u00e4imille\"},{\"@type\":\"BreadcrumbList\",\"@id\":\"https:\\\/\\\/naturalpoland.com\\\/fi\\\/tuotteet\\\/raaka-aineet-elainten-rehuille\\\/yrtit\\\/#breadcrumb\",\"itemListElement\":[{\"@type\":\"ListItem\",\"position\":1,\"name\":\"Etusivu\",\"item\":\"https:\\\/\\\/naturalpoland.com\\\/fi\\\/\"},{\"@type\":\"ListItem\",\"position\":2,\"name\":\"Tuotteet\",\"item\":\"https:\\\/\\\/naturalpoland.com\\\/fi\\\/tuotteet\\\/\"},{\"@type\":\"ListItem\",\"position\":3,\"name\":\"Yrtit el\u00e4imille\"}]},{\"@type\":\"WebSite\",\"@id\":\"https:\\\/\\\/naturalpoland.com\\\/fi\\\/#website\",\"url\":\"https:\\\/\\\/naturalpoland.com\\\/fi\\\/\",\"name\":\"NATURAL POLAND - RAAKA-AINEIDEN TUKKUJAKELIJA\",\"description\":\"Surowce dla przemys\u0142u spo\u017cywczego, kosmetycznego i farmaceutycznego\",\"publisher\":{\"@id\":\"https:\\\/\\\/naturalpoland.com\\\/fi\\\/#organization\"},\"potentialAction\":[{\"@type\":\"SearchAction\",\"target\":{\"@type\":\"EntryPoint\",\"urlTemplate\":\"https:\\\/\\\/naturalpoland.com\\\/fi\\\/?s={search_term_string}\"},\"query-input\":{\"@type\":\"PropertyValueSpecification\",\"valueRequired\":true,\"valueName\":\"search_term_string\"}}],\"inLanguage\":\"fi\"},{\"@type\":\"Organization\",\"@id\":\"https:\\\/\\\/naturalpoland.com\\\/fi\\\/#organization\",\"name\":\"Natural Poland\",\"url\":\"https:\\\/\\\/naturalpoland.com\\\/fi\\\/\",\"logo\":{\"@type\":\"ImageObject\",\"inLanguage\":\"fi\",\"@id\":\"https:\\\/\\\/naturalpoland.com\\\/fi\\\/#\\\/schema\\\/logo\\\/image\\\/\",\"url\":\"https:\\\/\\\/naturalpoland.com\\\/wp-content\\\/uploads\\\/2021\\\/05\\\/natural-poland-icon.png\",\"contentUrl\":\"https:\\\/\\\/naturalpoland.com\\\/wp-content\\\/uploads\\\/2021\\\/05\\\/natural-poland-icon.png\",\"width\":512,\"height\":512,\"caption\":\"Natural Poland\"},\"image\":{\"@id\":\"https:\\\/\\\/naturalpoland.com\\\/fi\\\/#\\\/schema\\\/logo\\\/image\\\/\"},\"sameAs\":[\"https:\\\/\\\/www.facebook.com\\\/naturalpoland.b2b\",\"https:\\\/\\\/pl.linkedin.com\\\/company\\\/natural-poland\",\"https:\\\/\\\/www.youtube.com\\\/channel\\\/UCgeGGkvOMahZo-xu_MSEWxg\"]}]}<\/script>\n<!-- \/ Yoast SEO plugin. -->","yoast_head_json":{"title":"Yrtit el\u00e4imille - Tukkudistribuutio","description":"Ruokaan lis\u00e4tyt yrtit takaavat el\u00e4imille erinomaiset ravitsemukselliset ja terveydelliset ominaisuudet. Yrttimme ovat per\u00e4isin valvotusta viljelyst\u00e4.","robots":{"index":"index","follow":"follow","max-snippet":"max-snippet:-1","max-image-preview":"max-image-preview:large","max-video-preview":"max-video-preview:-1"},"canonical":"https:\/\/naturalpoland.com\/fi\/tuotteet\/raaka-aineet-elainten-rehuille\/yrtit\/","og_locale":"fi_FI","og_type":"article","og_title":"Yrtit el\u00e4imille - Tukkudistribuutio","og_description":"Ruokaan lis\u00e4tyt yrtit takaavat el\u00e4imille erinomaiset ravitsemukselliset ja terveydelliset ominaisuudet. Yrttimme ovat per\u00e4isin valvotusta viljelyst\u00e4.","og_url":"https:\/\/naturalpoland.com\/fi\/tuotteet\/raaka-aineet-elainten-rehuille\/yrtit\/","og_site_name":"NATURAL POLAND - RAAKA-AINEIDEN TUKKUJAKELIJA","article_publisher":"https:\/\/www.facebook.com\/naturalpoland.b2b","og_image":[{"width":650,"height":650,"url":"https:\/\/naturalpoland.com\/wp-content\/uploads\/ziola-liscie-dla-zwierzat.jpg","type":"image\/jpeg"}],"schema":{"@context":"https:\/\/schema.org","@graph":[{"@type":"WebPage","@id":"https:\/\/naturalpoland.com\/fi\/tuotteet\/raaka-aineet-elainten-rehuille\/yrtit\/","url":"https:\/\/naturalpoland.com\/fi\/tuotteet\/raaka-aineet-elainten-rehuille\/yrtit\/","name":"Yrtit el\u00e4imille - Tukkudistribuutio","isPartOf":{"@id":"https:\/\/naturalpoland.com\/fi\/#website"},"primaryImageOfPage":{"@id":"https:\/\/naturalpoland.com\/fi\/tuotteet\/raaka-aineet-elainten-rehuille\/yrtit\/#primaryimage"},"image":{"@id":"https:\/\/naturalpoland.com\/fi\/tuotteet\/raaka-aineet-elainten-rehuille\/yrtit\/#primaryimage"},"thumbnailUrl":"https:\/\/naturalpoland.com\/wp-content\/uploads\/ziola-liscie-dla-zwierzat.jpg","datePublished":"2023-10-03T09:12:15+00:00","description":"Ruokaan lis\u00e4tyt yrtit takaavat el\u00e4imille erinomaiset ravitsemukselliset ja terveydelliset ominaisuudet. Yrttimme ovat per\u00e4isin valvotusta viljelyst\u00e4.","breadcrumb":{"@id":"https:\/\/naturalpoland.com\/fi\/tuotteet\/raaka-aineet-elainten-rehuille\/yrtit\/#breadcrumb"},"inLanguage":"fi","potentialAction":[{"@type":"ReadAction","target":["https:\/\/naturalpoland.com\/fi\/tuotteet\/raaka-aineet-elainten-rehuille\/yrtit\/"]}]},{"@type":"ImageObject","inLanguage":"fi","@id":"https:\/\/naturalpoland.com\/fi\/tuotteet\/raaka-aineet-elainten-rehuille\/yrtit\/#primaryimage","url":"https:\/\/naturalpoland.com\/wp-content\/uploads\/ziola-liscie-dla-zwierzat.jpg","contentUrl":"https:\/\/naturalpoland.com\/wp-content\/uploads\/ziola-liscie-dla-zwierzat.jpg","width":650,"height":650,"caption":"yrttej\u00e4 el\u00e4imille"},{"@type":"BreadcrumbList","@id":"https:\/\/naturalpoland.com\/fi\/tuotteet\/raaka-aineet-elainten-rehuille\/yrtit\/#breadcrumb","itemListElement":[{"@type":"ListItem","position":1,"name":"Etusivu","item":"https:\/\/naturalpoland.com\/fi\/"},{"@type":"ListItem","position":2,"name":"Tuotteet","item":"https:\/\/naturalpoland.com\/fi\/tuotteet\/"},{"@type":"ListItem","position":3,"name":"Yrtit el\u00e4imille"}]},{"@type":"WebSite","@id":"https:\/\/naturalpoland.com\/fi\/#website","url":"https:\/\/naturalpoland.com\/fi\/","name":"NATURAL POLAND - RAAKA-AINEIDEN TUKKUJAKELIJA","description":"Surowce dla przemys\u0142u spo\u017cywczego, kosmetycznego i farmaceutycznego","publisher":{"@id":"https:\/\/naturalpoland.com\/fi\/#organization"},"potentialAction":[{"@type":"SearchAction","target":{"@type":"EntryPoint","urlTemplate":"https:\/\/naturalpoland.com\/fi\/?s={search_term_string}"},"query-input":{"@type":"PropertyValueSpecification","valueRequired":true,"valueName":"search_term_string"}}],"inLanguage":"fi"},{"@type":"Organization","@id":"https:\/\/naturalpoland.com\/fi\/#organization","name":"Natural Poland","url":"https:\/\/naturalpoland.com\/fi\/","logo":{"@type":"ImageObject","inLanguage":"fi","@id":"https:\/\/naturalpoland.com\/fi\/#\/schema\/logo\/image\/","url":"https:\/\/naturalpoland.com\/wp-content\/uploads\/2021\/05\/natural-poland-icon.png","contentUrl":"https:\/\/naturalpoland.com\/wp-content\/uploads\/2021\/05\/natural-poland-icon.png","width":512,"height":512,"caption":"Natural Poland"},"image":{"@id":"https:\/\/naturalpoland.com\/fi\/#\/schema\/logo\/image\/"},"sameAs":["https:\/\/www.facebook.com\/naturalpoland.b2b","https:\/\/pl.linkedin.com\/company\/natural-poland","https:\/\/www.youtube.com\/channel\/UCgeGGkvOMahZo-xu_MSEWxg"]}]}},"_links":{"self":[{"href":"https:\/\/naturalpoland.com\/fi\/wp-json\/wp\/v2\/product\/26238","targetHints":{"allow":["GET"]}}],"collection":[{"href":"https:\/\/naturalpoland.com\/fi\/wp-json\/wp\/v2\/product"}],"about":[{"href":"https:\/\/naturalpoland.com\/fi\/wp-json\/wp\/v2\/types\/product"}],"wp:featuredmedia":[{"embeddable":true,"href":"https:\/\/naturalpoland.com\/fi\/wp-json\/wp\/v2\/media\/25406"}],"wp:attachment":[{"href":"https:\/\/naturalpoland.com\/fi\/wp-json\/wp\/v2\/media?parent=26238"}],"wp:term":[{"taxonomy":"product_brand","embeddable":true,"href":"https:\/\/naturalpoland.com\/fi\/wp-json\/wp\/v2\/product_brand?post=26238"},{"taxonomy":"product_cat","embeddable":true,"href":"https:\/\/naturalpoland.com\/fi\/wp-json\/wp\/v2\/product_cat?post=26238"},{"taxonomy":"product_tag","embeddable":true,"href":"https:\/\/naturalpoland.com\/fi\/wp-json\/wp\/v2\/product_tag?post=26238"}],"curies":[{"name":"wp","href":"https:\/\/api.w.org\/{rel}","templated":true}]}}