{"id":26534,"date":"2023-10-06T10:43:14","date_gmt":"2023-10-06T09:39:00","guid":{"rendered":"https:\/\/naturalpoland.com\/produkty\/Ei-luokiteltu\/fermentoitu-piparminttuuute\/"},"modified":"2023-10-06T11:39:00","modified_gmt":"2023-10-06T09:39:00","slug":"fermentoitu-paprikauute","status":"publish","type":"product","link":"https:\/\/naturalpoland.com\/fi\/tuotteet\/kosmetiikkateollisuuden-tuotteet\/fermentoidut-uutteet\/fermentoitu-paprikauute\/","title":{"rendered":"Fermentoitu piparminttuuute"},"content":{"rendered":"<p>T\u00e4m\u00e4 uute syntyy k\u00e4ymisprosessin avulla, joka tehostaa ja ter\u00e4v\u00f6itt\u00e4\u00e4 piparminttuuutteen luonnollisia ominaisuuksia. Fermentoidulla uutteella on intensiivinen viilent\u00e4v\u00e4 ja stimuloiva vaikutus, joka parantaa tehokkaasti ihon mikroverenkiertoa ja tuo raikkauden ja helpotuksen tunteen.<\/p>\n<p>J\u00e4\u00e4hdytt\u00e4v\u00e4n vaikutuksensa lis\u00e4ksi tuotteella on vahvoja antibakteerisia ja antiseptisi\u00e4 ominaisuuksia, joten se sopii erinomaisesti akneen ja ongelmallisen ihon hoitotuotteisiin. Se auttaa hillitsem\u00e4\u00e4n liiallista talinerityst\u00e4, v\u00e4hent\u00e4\u00e4 punoitusta ja auttaa torjumaan ep\u00e4t\u00e4ydellisyyksi\u00e4.<\/p>\n<p>Fermentoidun piparminttuuutteen antioksidanttiominaisuudet auttavat suojaamaan ihoa vapaiden radikaalien aiheuttamilta vaurioilta ja tarjoavat tehokkaan suojan ennenaikaista ik\u00e4\u00e4ntymist\u00e4 vastaan. Lis\u00e4ksi uutteella on rauhoittava ja rauhoittava vaikutus, joka tuo helpotusta herk\u00e4lle ja \u00e4rtyneelle iholle.<\/p>\n<p>Sen virkist\u00e4v\u00e4t ominaisuudet ovat korvaamattomia my\u00f6s vartalon- ja hiustenhoitotuotteissa. Shampoissa ja hoitoaineissa k\u00e4ytettyn\u00e4 se stimuloi hiuspohjaa, vaikuttaa my\u00f6nteisesti hiusten kuntoon ja lis\u00e4\u00e4 elinvoimaa ja raikkautta.<\/p>\n<p>Fermentoitu piparminttuuute on erinomainen lis\u00e4 erilaisiin kosmetiikkatuotteisiin vartalonpesutuotteista voiteisiin, voiteisiin, naamioihin ja hiustenhoitotuotteisiin. Sen monipuolinen ja monipuolinen vaikutus tekee siit\u00e4 suositun valinnan luonnonkosmetiikan ja luonnonmukaisen kosmetiikan valmistajien keskuudessa.<\/p>\n","protected":false},"excerpt":{"rendered":"<p>Fermentoitu<em> piparminttuuute<\/em>(INCI:<em> Peppermint Ferment Extract<\/em>) on ainutlaatuinen ja innovatiivinen kosmeettinen ainesosa, jolla on vahvat virkist\u00e4v\u00e4t ja virkist\u00e4v\u00e4t ominaisuudet ja joka on suunniteltu korkealaatuisten kosmetiikkatuotteiden luomiseen.<\/p>\n","protected":false},"featured_media":26417,"template":"","meta":{"_acf_changed":false},"product_brand":[],"product_cat":[2692],"product_tag":[],"class_list":{"0":"post-26534","1":"product","2":"type-product","3":"status-publish","4":"has-post-thumbnail","6":"product_cat-fermentoidut-uutteet","8":"first","9":"instock","10":"shipping-taxable","11":"product-type-simple"},"acf":[],"yoast_head":"<!-- This site is optimized with the Yoast SEO plugin v27.4 - https:\/\/yoast.com\/product\/yoast-seo-wordpress\/ -->\n<title>Fermentoitu piparminttuuute - Tukkudistribuutio<\/title>\n<meta name=\"description\" content=\"Fermentoitu piparminttuuute on innovatiivinen kosmeettinen ainesosa korkealaatuisten kosmetiikkatuotteiden valmistukseen.\" \/>\n<meta name=\"robots\" content=\"index, follow, max-snippet:-1, max-image-preview:large, max-video-preview:-1\" \/>\n<link rel=\"canonical\" href=\"https:\/\/naturalpoland.com\/fi\/tuotteet\/kosmetiikkateollisuuden-tuotteet\/fermentoidut-uutteet\/fermentoitu-paprikauute\/\" \/>\n<meta property=\"og:locale\" content=\"fi_FI\" \/>\n<meta property=\"og:type\" content=\"article\" \/>\n<meta property=\"og:title\" content=\"Fermentoitu piparminttuuute - Tukkudistribuutio\" \/>\n<meta property=\"og:description\" content=\"Fermentoitu piparminttuuute on innovatiivinen kosmeettinen ainesosa korkealaatuisten kosmetiikkatuotteiden valmistukseen.\" \/>\n<meta property=\"og:url\" content=\"https:\/\/naturalpoland.com\/fi\/tuotteet\/kosmetiikkateollisuuden-tuotteet\/fermentoidut-uutteet\/fermentoitu-paprikauute\/\" \/>\n<meta property=\"og:site_name\" content=\"NATURAL POLAND - RAAKA-AINEIDEN TUKKUJAKELIJA\" \/>\n<meta property=\"article:publisher\" content=\"https:\/\/www.facebook.com\/naturalpoland.b2b\" \/>\n<meta property=\"og:image\" content=\"https:\/\/naturalpoland.com\/wp-content\/uploads\/fermentowany-ekstrakt-z-miety-pieprzowej.png\" \/>\n\t<meta property=\"og:image:width\" content=\"590\" \/>\n\t<meta property=\"og:image:height\" content=\"590\" \/>\n\t<meta property=\"og:image:type\" content=\"image\/png\" \/>\n<script type=\"application\/ld+json\" class=\"yoast-schema-graph\">{\"@context\":\"https:\\\/\\\/schema.org\",\"@graph\":[{\"@type\":\"WebPage\",\"@id\":\"https:\\\/\\\/naturalpoland.com\\\/fi\\\/tuotteet\\\/kosmetiikkateollisuuden-tuotteet\\\/fermentoidut-uutteet\\\/fermentoitu-paprikauute\\\/\",\"url\":\"https:\\\/\\\/naturalpoland.com\\\/fi\\\/tuotteet\\\/kosmetiikkateollisuuden-tuotteet\\\/fermentoidut-uutteet\\\/fermentoitu-paprikauute\\\/\",\"name\":\"Fermentoitu piparminttuuute - Tukkudistribuutio\",\"isPartOf\":{\"@id\":\"https:\\\/\\\/naturalpoland.com\\\/fi\\\/#website\"},\"primaryImageOfPage\":{\"@id\":\"https:\\\/\\\/naturalpoland.com\\\/fi\\\/tuotteet\\\/kosmetiikkateollisuuden-tuotteet\\\/fermentoidut-uutteet\\\/fermentoitu-paprikauute\\\/#primaryimage\"},\"image\":{\"@id\":\"https:\\\/\\\/naturalpoland.com\\\/fi\\\/tuotteet\\\/kosmetiikkateollisuuden-tuotteet\\\/fermentoidut-uutteet\\\/fermentoitu-paprikauute\\\/#primaryimage\"},\"thumbnailUrl\":\"https:\\\/\\\/naturalpoland.com\\\/wp-content\\\/uploads\\\/fermentowany-ekstrakt-z-miety-pieprzowej.png\",\"datePublished\":\"2023-10-06T09:39:00+00:00\",\"description\":\"Fermentoitu piparminttuuute on innovatiivinen kosmeettinen ainesosa korkealaatuisten kosmetiikkatuotteiden valmistukseen.\",\"breadcrumb\":{\"@id\":\"https:\\\/\\\/naturalpoland.com\\\/fi\\\/tuotteet\\\/kosmetiikkateollisuuden-tuotteet\\\/fermentoidut-uutteet\\\/fermentoitu-paprikauute\\\/#breadcrumb\"},\"inLanguage\":\"fi\",\"potentialAction\":[{\"@type\":\"ReadAction\",\"target\":[\"https:\\\/\\\/naturalpoland.com\\\/fi\\\/tuotteet\\\/kosmetiikkateollisuuden-tuotteet\\\/fermentoidut-uutteet\\\/fermentoitu-paprikauute\\\/\"]}]},{\"@type\":\"ImageObject\",\"inLanguage\":\"fi\",\"@id\":\"https:\\\/\\\/naturalpoland.com\\\/fi\\\/tuotteet\\\/kosmetiikkateollisuuden-tuotteet\\\/fermentoidut-uutteet\\\/fermentoitu-paprikauute\\\/#primaryimage\",\"url\":\"https:\\\/\\\/naturalpoland.com\\\/wp-content\\\/uploads\\\/fermentowany-ekstrakt-z-miety-pieprzowej.png\",\"contentUrl\":\"https:\\\/\\\/naturalpoland.com\\\/wp-content\\\/uploads\\\/fermentowany-ekstrakt-z-miety-pieprzowej.png\",\"width\":590,\"height\":590,\"caption\":\"fermentoitu piparminttuuute\"},{\"@type\":\"BreadcrumbList\",\"@id\":\"https:\\\/\\\/naturalpoland.com\\\/fi\\\/tuotteet\\\/kosmetiikkateollisuuden-tuotteet\\\/fermentoidut-uutteet\\\/fermentoitu-paprikauute\\\/#breadcrumb\",\"itemListElement\":[{\"@type\":\"ListItem\",\"position\":1,\"name\":\"Etusivu\",\"item\":\"https:\\\/\\\/naturalpoland.com\\\/fi\\\/\"},{\"@type\":\"ListItem\",\"position\":2,\"name\":\"Tuotteet\",\"item\":\"https:\\\/\\\/naturalpoland.com\\\/fi\\\/tuotteet\\\/\"},{\"@type\":\"ListItem\",\"position\":3,\"name\":\"Fermentoitu piparminttuuute\"}]},{\"@type\":\"WebSite\",\"@id\":\"https:\\\/\\\/naturalpoland.com\\\/fi\\\/#website\",\"url\":\"https:\\\/\\\/naturalpoland.com\\\/fi\\\/\",\"name\":\"NATURAL POLAND - RAAKA-AINEIDEN TUKKUJAKELIJA\",\"description\":\"Surowce dla przemys\u0142u spo\u017cywczego, kosmetycznego i farmaceutycznego\",\"publisher\":{\"@id\":\"https:\\\/\\\/naturalpoland.com\\\/fi\\\/#organization\"},\"potentialAction\":[{\"@type\":\"SearchAction\",\"target\":{\"@type\":\"EntryPoint\",\"urlTemplate\":\"https:\\\/\\\/naturalpoland.com\\\/fi\\\/?s={search_term_string}\"},\"query-input\":{\"@type\":\"PropertyValueSpecification\",\"valueRequired\":true,\"valueName\":\"search_term_string\"}}],\"inLanguage\":\"fi\"},{\"@type\":\"Organization\",\"@id\":\"https:\\\/\\\/naturalpoland.com\\\/fi\\\/#organization\",\"name\":\"Natural Poland\",\"url\":\"https:\\\/\\\/naturalpoland.com\\\/fi\\\/\",\"logo\":{\"@type\":\"ImageObject\",\"inLanguage\":\"fi\",\"@id\":\"https:\\\/\\\/naturalpoland.com\\\/fi\\\/#\\\/schema\\\/logo\\\/image\\\/\",\"url\":\"https:\\\/\\\/naturalpoland.com\\\/wp-content\\\/uploads\\\/2021\\\/05\\\/natural-poland-icon.png\",\"contentUrl\":\"https:\\\/\\\/naturalpoland.com\\\/wp-content\\\/uploads\\\/2021\\\/05\\\/natural-poland-icon.png\",\"width\":512,\"height\":512,\"caption\":\"Natural Poland\"},\"image\":{\"@id\":\"https:\\\/\\\/naturalpoland.com\\\/fi\\\/#\\\/schema\\\/logo\\\/image\\\/\"},\"sameAs\":[\"https:\\\/\\\/www.facebook.com\\\/naturalpoland.b2b\",\"https:\\\/\\\/pl.linkedin.com\\\/company\\\/natural-poland\",\"https:\\\/\\\/www.youtube.com\\\/channel\\\/UCgeGGkvOMahZo-xu_MSEWxg\"]}]}<\/script>\n<!-- \/ Yoast SEO plugin. -->","yoast_head_json":{"title":"Fermentoitu piparminttuuute - Tukkudistribuutio","description":"Fermentoitu piparminttuuute on innovatiivinen kosmeettinen ainesosa korkealaatuisten kosmetiikkatuotteiden valmistukseen.","robots":{"index":"index","follow":"follow","max-snippet":"max-snippet:-1","max-image-preview":"max-image-preview:large","max-video-preview":"max-video-preview:-1"},"canonical":"https:\/\/naturalpoland.com\/fi\/tuotteet\/kosmetiikkateollisuuden-tuotteet\/fermentoidut-uutteet\/fermentoitu-paprikauute\/","og_locale":"fi_FI","og_type":"article","og_title":"Fermentoitu piparminttuuute - Tukkudistribuutio","og_description":"Fermentoitu piparminttuuute on innovatiivinen kosmeettinen ainesosa korkealaatuisten kosmetiikkatuotteiden valmistukseen.","og_url":"https:\/\/naturalpoland.com\/fi\/tuotteet\/kosmetiikkateollisuuden-tuotteet\/fermentoidut-uutteet\/fermentoitu-paprikauute\/","og_site_name":"NATURAL POLAND - RAAKA-AINEIDEN TUKKUJAKELIJA","article_publisher":"https:\/\/www.facebook.com\/naturalpoland.b2b","og_image":[{"width":590,"height":590,"url":"https:\/\/naturalpoland.com\/wp-content\/uploads\/fermentowany-ekstrakt-z-miety-pieprzowej.png","type":"image\/png"}],"schema":{"@context":"https:\/\/schema.org","@graph":[{"@type":"WebPage","@id":"https:\/\/naturalpoland.com\/fi\/tuotteet\/kosmetiikkateollisuuden-tuotteet\/fermentoidut-uutteet\/fermentoitu-paprikauute\/","url":"https:\/\/naturalpoland.com\/fi\/tuotteet\/kosmetiikkateollisuuden-tuotteet\/fermentoidut-uutteet\/fermentoitu-paprikauute\/","name":"Fermentoitu piparminttuuute - Tukkudistribuutio","isPartOf":{"@id":"https:\/\/naturalpoland.com\/fi\/#website"},"primaryImageOfPage":{"@id":"https:\/\/naturalpoland.com\/fi\/tuotteet\/kosmetiikkateollisuuden-tuotteet\/fermentoidut-uutteet\/fermentoitu-paprikauute\/#primaryimage"},"image":{"@id":"https:\/\/naturalpoland.com\/fi\/tuotteet\/kosmetiikkateollisuuden-tuotteet\/fermentoidut-uutteet\/fermentoitu-paprikauute\/#primaryimage"},"thumbnailUrl":"https:\/\/naturalpoland.com\/wp-content\/uploads\/fermentowany-ekstrakt-z-miety-pieprzowej.png","datePublished":"2023-10-06T09:39:00+00:00","description":"Fermentoitu piparminttuuute on innovatiivinen kosmeettinen ainesosa korkealaatuisten kosmetiikkatuotteiden valmistukseen.","breadcrumb":{"@id":"https:\/\/naturalpoland.com\/fi\/tuotteet\/kosmetiikkateollisuuden-tuotteet\/fermentoidut-uutteet\/fermentoitu-paprikauute\/#breadcrumb"},"inLanguage":"fi","potentialAction":[{"@type":"ReadAction","target":["https:\/\/naturalpoland.com\/fi\/tuotteet\/kosmetiikkateollisuuden-tuotteet\/fermentoidut-uutteet\/fermentoitu-paprikauute\/"]}]},{"@type":"ImageObject","inLanguage":"fi","@id":"https:\/\/naturalpoland.com\/fi\/tuotteet\/kosmetiikkateollisuuden-tuotteet\/fermentoidut-uutteet\/fermentoitu-paprikauute\/#primaryimage","url":"https:\/\/naturalpoland.com\/wp-content\/uploads\/fermentowany-ekstrakt-z-miety-pieprzowej.png","contentUrl":"https:\/\/naturalpoland.com\/wp-content\/uploads\/fermentowany-ekstrakt-z-miety-pieprzowej.png","width":590,"height":590,"caption":"fermentoitu piparminttuuute"},{"@type":"BreadcrumbList","@id":"https:\/\/naturalpoland.com\/fi\/tuotteet\/kosmetiikkateollisuuden-tuotteet\/fermentoidut-uutteet\/fermentoitu-paprikauute\/#breadcrumb","itemListElement":[{"@type":"ListItem","position":1,"name":"Etusivu","item":"https:\/\/naturalpoland.com\/fi\/"},{"@type":"ListItem","position":2,"name":"Tuotteet","item":"https:\/\/naturalpoland.com\/fi\/tuotteet\/"},{"@type":"ListItem","position":3,"name":"Fermentoitu piparminttuuute"}]},{"@type":"WebSite","@id":"https:\/\/naturalpoland.com\/fi\/#website","url":"https:\/\/naturalpoland.com\/fi\/","name":"NATURAL POLAND - RAAKA-AINEIDEN TUKKUJAKELIJA","description":"Surowce dla przemys\u0142u spo\u017cywczego, kosmetycznego i farmaceutycznego","publisher":{"@id":"https:\/\/naturalpoland.com\/fi\/#organization"},"potentialAction":[{"@type":"SearchAction","target":{"@type":"EntryPoint","urlTemplate":"https:\/\/naturalpoland.com\/fi\/?s={search_term_string}"},"query-input":{"@type":"PropertyValueSpecification","valueRequired":true,"valueName":"search_term_string"}}],"inLanguage":"fi"},{"@type":"Organization","@id":"https:\/\/naturalpoland.com\/fi\/#organization","name":"Natural Poland","url":"https:\/\/naturalpoland.com\/fi\/","logo":{"@type":"ImageObject","inLanguage":"fi","@id":"https:\/\/naturalpoland.com\/fi\/#\/schema\/logo\/image\/","url":"https:\/\/naturalpoland.com\/wp-content\/uploads\/2021\/05\/natural-poland-icon.png","contentUrl":"https:\/\/naturalpoland.com\/wp-content\/uploads\/2021\/05\/natural-poland-icon.png","width":512,"height":512,"caption":"Natural Poland"},"image":{"@id":"https:\/\/naturalpoland.com\/fi\/#\/schema\/logo\/image\/"},"sameAs":["https:\/\/www.facebook.com\/naturalpoland.b2b","https:\/\/pl.linkedin.com\/company\/natural-poland","https:\/\/www.youtube.com\/channel\/UCgeGGkvOMahZo-xu_MSEWxg"]}]}},"_links":{"self":[{"href":"https:\/\/naturalpoland.com\/fi\/wp-json\/wp\/v2\/product\/26534","targetHints":{"allow":["GET"]}}],"collection":[{"href":"https:\/\/naturalpoland.com\/fi\/wp-json\/wp\/v2\/product"}],"about":[{"href":"https:\/\/naturalpoland.com\/fi\/wp-json\/wp\/v2\/types\/product"}],"wp:featuredmedia":[{"embeddable":true,"href":"https:\/\/naturalpoland.com\/fi\/wp-json\/wp\/v2\/media\/26417"}],"wp:attachment":[{"href":"https:\/\/naturalpoland.com\/fi\/wp-json\/wp\/v2\/media?parent=26534"}],"wp:term":[{"taxonomy":"product_brand","embeddable":true,"href":"https:\/\/naturalpoland.com\/fi\/wp-json\/wp\/v2\/product_brand?post=26534"},{"taxonomy":"product_cat","embeddable":true,"href":"https:\/\/naturalpoland.com\/fi\/wp-json\/wp\/v2\/product_cat?post=26534"},{"taxonomy":"product_tag","embeddable":true,"href":"https:\/\/naturalpoland.com\/fi\/wp-json\/wp\/v2\/product_tag?post=26534"}],"curies":[{"name":"wp","href":"https:\/\/api.w.org\/{rel}","templated":true}]}}