{"id":26570,"date":"2023-10-06T10:48:41","date_gmt":"2023-10-06T09:39:09","guid":{"rendered":"https:\/\/naturalpoland.com\/produkty\/Ei-luokiteltu\/fermentoitu-vadelmauute\/"},"modified":"2023-10-06T11:39:09","modified_gmt":"2023-10-06T09:39:09","slug":"fermentoitu-mansikkauute","status":"publish","type":"product","link":"https:\/\/naturalpoland.com\/fi\/tuotteet\/kosmetiikkateollisuuden-tuotteet\/fermentoidut-uutteet\/fermentoitu-mansikkauute\/","title":{"rendered":"Fermentoitu vadelmauute"},"content":{"rendered":"<p>T\u00e4m\u00e4 vadelmauute, joka uutetaan vadelmista kehittyneen k\u00e4ymisprosessin avulla, sis\u00e4lt\u00e4\u00e4 runsaasti antioksidantteja, kuten C-vitamiinia ja fenolihappoja. N\u00e4m\u00e4 tehokkaat antioksidantit auttavat torjumaan tehokkaasti vapaita radikaaleja, jotka ovat merkitt\u00e4v\u00e4 tekij\u00e4 ihon ik\u00e4\u00e4ntymisen nopeuttamisessa. T\u00e4m\u00e4n seurauksena tuote toimii erinomaisena suojamuurina, joka edist\u00e4\u00e4 terveen ja nuorekkaan n\u00e4k\u00f6ist\u00e4 ihonv\u00e4ri\u00e4.<\/p>\n<p><strong>Ellagihappopitoisuutensa<\/strong> ansiosta fermentoitu vadelmauute vaikuttaa my\u00f6s voimakkaasti tulehdusta ehk\u00e4isev\u00e4sti ja antibakteerisesti. T\u00e4m\u00e4 auttaa v\u00e4hent\u00e4m\u00e4\u00e4n ihotulehdusta, minimoimaan punoitusta ja tasoittamaan ihon s\u00e4vy\u00e4, joten se on ihanteellinen ainesosa niille, joilla on herkk\u00e4, \u00e4rsytykseen tai akneen taipuvainen iho.<\/p>\n<p>Lis\u00e4ksi uutteessa on runsaasti luonnollisia sokereita ja aminohappoja, joilla on ihoa kosteuttava vaikutus ja jotka auttavat yll\u00e4pit\u00e4m\u00e4\u00e4n kosteustasoa. Kosteutettu ja hyvin ravittu iho on joustavampi, sile\u00e4mpi ja s\u00e4teilev\u00e4mpi ja v\u00e4hemm\u00e4n altis ryppyille ja juonteille.<\/p>\n<p>Fermentoitu vadelmauute on my\u00f6s ainesosa, joka lis\u00e4\u00e4 kosmetiikkatuotteisiin miellytt\u00e4v\u00e4n, hennon tuoksun ja parantaa k\u00e4ytt\u00f6kokemusta. Se sopii erinomaisesti kasvojen, vartalon ja hiusten p\u00e4ivitt\u00e4iseen kosmetiikkaan, kuten voiteisiin, voiteisiin, naamioihin, shampooseihin ja hoitoaineisiin.<\/p>\n<p>Sen monik\u00e4ytt\u00f6isyys, suojaavat ja uudistavat ominaisuudet sek\u00e4 luonnollinen, hedelm\u00e4inen tuoksu tekev\u00e4t fermentoidusta vadelmauutteesta vaativimmille kuluttajille suunnattujen luonnonkosmetiikkavalmistajien ja luomukosmetiikkavalmistajien valitseman ainesosan.<\/p>\n","protected":false},"excerpt":{"rendered":"<p>Fermentoitu <em>vadelmauute<\/em>(INCI: <em>Raspberry Ferment Extract<\/em>) on korkealuokkainen kosmeettinen ainesosa, joka on kasvattamassa suosiotaan premium-kosmetiikan alalla sen lukuisten terveytt\u00e4 edist\u00e4vien ominaisuuksien vuoksi.<\/p>\n","protected":false},"featured_media":26430,"template":"","meta":{"_acf_changed":false},"product_brand":[],"product_cat":[2692],"product_tag":[],"class_list":{"0":"post-26570","1":"product","2":"type-product","3":"status-publish","4":"has-post-thumbnail","6":"product_cat-fermentoidut-uutteet","8":"first","9":"instock","10":"shipping-taxable","11":"product-type-simple"},"acf":[],"yoast_head":"<!-- This site is optimized with the Yoast SEO plugin v27.4 - https:\/\/yoast.com\/product\/yoast-seo-wordpress\/ -->\n<title>Fermentoitu vadelmauute - Tukkudistribuutio<\/title>\n<meta name=\"description\" content=\"Fermentoitu vadelmauute on korkealuokkainen kosmetiikan ainesosa, joka kasvattaa suosiotaan premium-kosmetiikan alalla.\" \/>\n<meta name=\"robots\" content=\"index, follow, max-snippet:-1, max-image-preview:large, max-video-preview:-1\" \/>\n<link rel=\"canonical\" href=\"https:\/\/naturalpoland.com\/fi\/tuotteet\/kosmetiikkateollisuuden-tuotteet\/fermentoidut-uutteet\/fermentoitu-mansikkauute\/\" \/>\n<meta property=\"og:locale\" content=\"fi_FI\" \/>\n<meta property=\"og:type\" content=\"article\" \/>\n<meta property=\"og:title\" content=\"Fermentoitu vadelmauute - Tukkudistribuutio\" \/>\n<meta property=\"og:description\" content=\"Fermentoitu vadelmauute on korkealuokkainen kosmetiikan ainesosa, joka kasvattaa suosiotaan premium-kosmetiikan alalla.\" \/>\n<meta property=\"og:url\" content=\"https:\/\/naturalpoland.com\/fi\/tuotteet\/kosmetiikkateollisuuden-tuotteet\/fermentoidut-uutteet\/fermentoitu-mansikkauute\/\" \/>\n<meta property=\"og:site_name\" content=\"NATURAL POLAND - RAAKA-AINEIDEN TUKKUJAKELIJA\" \/>\n<meta property=\"article:publisher\" content=\"https:\/\/www.facebook.com\/naturalpoland.b2b\" \/>\n<meta property=\"og:image\" content=\"https:\/\/naturalpoland.com\/wp-content\/uploads\/fermentowany-ekstrakt-z-maliny.png\" \/>\n\t<meta property=\"og:image:width\" content=\"590\" \/>\n\t<meta property=\"og:image:height\" content=\"590\" \/>\n\t<meta property=\"og:image:type\" content=\"image\/png\" \/>\n<script type=\"application\/ld+json\" class=\"yoast-schema-graph\">{\"@context\":\"https:\\\/\\\/schema.org\",\"@graph\":[{\"@type\":\"WebPage\",\"@id\":\"https:\\\/\\\/naturalpoland.com\\\/fi\\\/tuotteet\\\/kosmetiikkateollisuuden-tuotteet\\\/fermentoidut-uutteet\\\/fermentoitu-mansikkauute\\\/\",\"url\":\"https:\\\/\\\/naturalpoland.com\\\/fi\\\/tuotteet\\\/kosmetiikkateollisuuden-tuotteet\\\/fermentoidut-uutteet\\\/fermentoitu-mansikkauute\\\/\",\"name\":\"Fermentoitu vadelmauute - Tukkudistribuutio\",\"isPartOf\":{\"@id\":\"https:\\\/\\\/naturalpoland.com\\\/fi\\\/#website\"},\"primaryImageOfPage\":{\"@id\":\"https:\\\/\\\/naturalpoland.com\\\/fi\\\/tuotteet\\\/kosmetiikkateollisuuden-tuotteet\\\/fermentoidut-uutteet\\\/fermentoitu-mansikkauute\\\/#primaryimage\"},\"image\":{\"@id\":\"https:\\\/\\\/naturalpoland.com\\\/fi\\\/tuotteet\\\/kosmetiikkateollisuuden-tuotteet\\\/fermentoidut-uutteet\\\/fermentoitu-mansikkauute\\\/#primaryimage\"},\"thumbnailUrl\":\"https:\\\/\\\/naturalpoland.com\\\/wp-content\\\/uploads\\\/fermentowany-ekstrakt-z-maliny.png\",\"datePublished\":\"2023-10-06T09:39:09+00:00\",\"description\":\"Fermentoitu vadelmauute on korkealuokkainen kosmetiikan ainesosa, joka kasvattaa suosiotaan premium-kosmetiikan alalla.\",\"breadcrumb\":{\"@id\":\"https:\\\/\\\/naturalpoland.com\\\/fi\\\/tuotteet\\\/kosmetiikkateollisuuden-tuotteet\\\/fermentoidut-uutteet\\\/fermentoitu-mansikkauute\\\/#breadcrumb\"},\"inLanguage\":\"fi\",\"potentialAction\":[{\"@type\":\"ReadAction\",\"target\":[\"https:\\\/\\\/naturalpoland.com\\\/fi\\\/tuotteet\\\/kosmetiikkateollisuuden-tuotteet\\\/fermentoidut-uutteet\\\/fermentoitu-mansikkauute\\\/\"]}]},{\"@type\":\"ImageObject\",\"inLanguage\":\"fi\",\"@id\":\"https:\\\/\\\/naturalpoland.com\\\/fi\\\/tuotteet\\\/kosmetiikkateollisuuden-tuotteet\\\/fermentoidut-uutteet\\\/fermentoitu-mansikkauute\\\/#primaryimage\",\"url\":\"https:\\\/\\\/naturalpoland.com\\\/wp-content\\\/uploads\\\/fermentowany-ekstrakt-z-maliny.png\",\"contentUrl\":\"https:\\\/\\\/naturalpoland.com\\\/wp-content\\\/uploads\\\/fermentowany-ekstrakt-z-maliny.png\",\"width\":590,\"height\":590,\"caption\":\"fermentoitu vadelmauute\"},{\"@type\":\"BreadcrumbList\",\"@id\":\"https:\\\/\\\/naturalpoland.com\\\/fi\\\/tuotteet\\\/kosmetiikkateollisuuden-tuotteet\\\/fermentoidut-uutteet\\\/fermentoitu-mansikkauute\\\/#breadcrumb\",\"itemListElement\":[{\"@type\":\"ListItem\",\"position\":1,\"name\":\"Etusivu\",\"item\":\"https:\\\/\\\/naturalpoland.com\\\/fi\\\/\"},{\"@type\":\"ListItem\",\"position\":2,\"name\":\"Tuotteet\",\"item\":\"https:\\\/\\\/naturalpoland.com\\\/fi\\\/tuotteet\\\/\"},{\"@type\":\"ListItem\",\"position\":3,\"name\":\"Fermentoitu vadelmauute\"}]},{\"@type\":\"WebSite\",\"@id\":\"https:\\\/\\\/naturalpoland.com\\\/fi\\\/#website\",\"url\":\"https:\\\/\\\/naturalpoland.com\\\/fi\\\/\",\"name\":\"NATURAL POLAND - RAAKA-AINEIDEN TUKKUJAKELIJA\",\"description\":\"Surowce dla przemys\u0142u spo\u017cywczego, kosmetycznego i farmaceutycznego\",\"publisher\":{\"@id\":\"https:\\\/\\\/naturalpoland.com\\\/fi\\\/#organization\"},\"potentialAction\":[{\"@type\":\"SearchAction\",\"target\":{\"@type\":\"EntryPoint\",\"urlTemplate\":\"https:\\\/\\\/naturalpoland.com\\\/fi\\\/?s={search_term_string}\"},\"query-input\":{\"@type\":\"PropertyValueSpecification\",\"valueRequired\":true,\"valueName\":\"search_term_string\"}}],\"inLanguage\":\"fi\"},{\"@type\":\"Organization\",\"@id\":\"https:\\\/\\\/naturalpoland.com\\\/fi\\\/#organization\",\"name\":\"Natural Poland\",\"url\":\"https:\\\/\\\/naturalpoland.com\\\/fi\\\/\",\"logo\":{\"@type\":\"ImageObject\",\"inLanguage\":\"fi\",\"@id\":\"https:\\\/\\\/naturalpoland.com\\\/fi\\\/#\\\/schema\\\/logo\\\/image\\\/\",\"url\":\"https:\\\/\\\/naturalpoland.com\\\/wp-content\\\/uploads\\\/2021\\\/05\\\/natural-poland-icon.png\",\"contentUrl\":\"https:\\\/\\\/naturalpoland.com\\\/wp-content\\\/uploads\\\/2021\\\/05\\\/natural-poland-icon.png\",\"width\":512,\"height\":512,\"caption\":\"Natural Poland\"},\"image\":{\"@id\":\"https:\\\/\\\/naturalpoland.com\\\/fi\\\/#\\\/schema\\\/logo\\\/image\\\/\"},\"sameAs\":[\"https:\\\/\\\/www.facebook.com\\\/naturalpoland.b2b\",\"https:\\\/\\\/pl.linkedin.com\\\/company\\\/natural-poland\",\"https:\\\/\\\/www.youtube.com\\\/channel\\\/UCgeGGkvOMahZo-xu_MSEWxg\"]}]}<\/script>\n<!-- \/ Yoast SEO plugin. -->","yoast_head_json":{"title":"Fermentoitu vadelmauute - Tukkudistribuutio","description":"Fermentoitu vadelmauute on korkealuokkainen kosmetiikan ainesosa, joka kasvattaa suosiotaan premium-kosmetiikan alalla.","robots":{"index":"index","follow":"follow","max-snippet":"max-snippet:-1","max-image-preview":"max-image-preview:large","max-video-preview":"max-video-preview:-1"},"canonical":"https:\/\/naturalpoland.com\/fi\/tuotteet\/kosmetiikkateollisuuden-tuotteet\/fermentoidut-uutteet\/fermentoitu-mansikkauute\/","og_locale":"fi_FI","og_type":"article","og_title":"Fermentoitu vadelmauute - Tukkudistribuutio","og_description":"Fermentoitu vadelmauute on korkealuokkainen kosmetiikan ainesosa, joka kasvattaa suosiotaan premium-kosmetiikan alalla.","og_url":"https:\/\/naturalpoland.com\/fi\/tuotteet\/kosmetiikkateollisuuden-tuotteet\/fermentoidut-uutteet\/fermentoitu-mansikkauute\/","og_site_name":"NATURAL POLAND - RAAKA-AINEIDEN TUKKUJAKELIJA","article_publisher":"https:\/\/www.facebook.com\/naturalpoland.b2b","og_image":[{"width":590,"height":590,"url":"https:\/\/naturalpoland.com\/wp-content\/uploads\/fermentowany-ekstrakt-z-maliny.png","type":"image\/png"}],"schema":{"@context":"https:\/\/schema.org","@graph":[{"@type":"WebPage","@id":"https:\/\/naturalpoland.com\/fi\/tuotteet\/kosmetiikkateollisuuden-tuotteet\/fermentoidut-uutteet\/fermentoitu-mansikkauute\/","url":"https:\/\/naturalpoland.com\/fi\/tuotteet\/kosmetiikkateollisuuden-tuotteet\/fermentoidut-uutteet\/fermentoitu-mansikkauute\/","name":"Fermentoitu vadelmauute - Tukkudistribuutio","isPartOf":{"@id":"https:\/\/naturalpoland.com\/fi\/#website"},"primaryImageOfPage":{"@id":"https:\/\/naturalpoland.com\/fi\/tuotteet\/kosmetiikkateollisuuden-tuotteet\/fermentoidut-uutteet\/fermentoitu-mansikkauute\/#primaryimage"},"image":{"@id":"https:\/\/naturalpoland.com\/fi\/tuotteet\/kosmetiikkateollisuuden-tuotteet\/fermentoidut-uutteet\/fermentoitu-mansikkauute\/#primaryimage"},"thumbnailUrl":"https:\/\/naturalpoland.com\/wp-content\/uploads\/fermentowany-ekstrakt-z-maliny.png","datePublished":"2023-10-06T09:39:09+00:00","description":"Fermentoitu vadelmauute on korkealuokkainen kosmetiikan ainesosa, joka kasvattaa suosiotaan premium-kosmetiikan alalla.","breadcrumb":{"@id":"https:\/\/naturalpoland.com\/fi\/tuotteet\/kosmetiikkateollisuuden-tuotteet\/fermentoidut-uutteet\/fermentoitu-mansikkauute\/#breadcrumb"},"inLanguage":"fi","potentialAction":[{"@type":"ReadAction","target":["https:\/\/naturalpoland.com\/fi\/tuotteet\/kosmetiikkateollisuuden-tuotteet\/fermentoidut-uutteet\/fermentoitu-mansikkauute\/"]}]},{"@type":"ImageObject","inLanguage":"fi","@id":"https:\/\/naturalpoland.com\/fi\/tuotteet\/kosmetiikkateollisuuden-tuotteet\/fermentoidut-uutteet\/fermentoitu-mansikkauute\/#primaryimage","url":"https:\/\/naturalpoland.com\/wp-content\/uploads\/fermentowany-ekstrakt-z-maliny.png","contentUrl":"https:\/\/naturalpoland.com\/wp-content\/uploads\/fermentowany-ekstrakt-z-maliny.png","width":590,"height":590,"caption":"fermentoitu vadelmauute"},{"@type":"BreadcrumbList","@id":"https:\/\/naturalpoland.com\/fi\/tuotteet\/kosmetiikkateollisuuden-tuotteet\/fermentoidut-uutteet\/fermentoitu-mansikkauute\/#breadcrumb","itemListElement":[{"@type":"ListItem","position":1,"name":"Etusivu","item":"https:\/\/naturalpoland.com\/fi\/"},{"@type":"ListItem","position":2,"name":"Tuotteet","item":"https:\/\/naturalpoland.com\/fi\/tuotteet\/"},{"@type":"ListItem","position":3,"name":"Fermentoitu vadelmauute"}]},{"@type":"WebSite","@id":"https:\/\/naturalpoland.com\/fi\/#website","url":"https:\/\/naturalpoland.com\/fi\/","name":"NATURAL POLAND - RAAKA-AINEIDEN TUKKUJAKELIJA","description":"Surowce dla przemys\u0142u spo\u017cywczego, kosmetycznego i farmaceutycznego","publisher":{"@id":"https:\/\/naturalpoland.com\/fi\/#organization"},"potentialAction":[{"@type":"SearchAction","target":{"@type":"EntryPoint","urlTemplate":"https:\/\/naturalpoland.com\/fi\/?s={search_term_string}"},"query-input":{"@type":"PropertyValueSpecification","valueRequired":true,"valueName":"search_term_string"}}],"inLanguage":"fi"},{"@type":"Organization","@id":"https:\/\/naturalpoland.com\/fi\/#organization","name":"Natural Poland","url":"https:\/\/naturalpoland.com\/fi\/","logo":{"@type":"ImageObject","inLanguage":"fi","@id":"https:\/\/naturalpoland.com\/fi\/#\/schema\/logo\/image\/","url":"https:\/\/naturalpoland.com\/wp-content\/uploads\/2021\/05\/natural-poland-icon.png","contentUrl":"https:\/\/naturalpoland.com\/wp-content\/uploads\/2021\/05\/natural-poland-icon.png","width":512,"height":512,"caption":"Natural Poland"},"image":{"@id":"https:\/\/naturalpoland.com\/fi\/#\/schema\/logo\/image\/"},"sameAs":["https:\/\/www.facebook.com\/naturalpoland.b2b","https:\/\/pl.linkedin.com\/company\/natural-poland","https:\/\/www.youtube.com\/channel\/UCgeGGkvOMahZo-xu_MSEWxg"]}]}},"_links":{"self":[{"href":"https:\/\/naturalpoland.com\/fi\/wp-json\/wp\/v2\/product\/26570","targetHints":{"allow":["GET"]}}],"collection":[{"href":"https:\/\/naturalpoland.com\/fi\/wp-json\/wp\/v2\/product"}],"about":[{"href":"https:\/\/naturalpoland.com\/fi\/wp-json\/wp\/v2\/types\/product"}],"wp:featuredmedia":[{"embeddable":true,"href":"https:\/\/naturalpoland.com\/fi\/wp-json\/wp\/v2\/media\/26430"}],"wp:attachment":[{"href":"https:\/\/naturalpoland.com\/fi\/wp-json\/wp\/v2\/media?parent=26570"}],"wp:term":[{"taxonomy":"product_brand","embeddable":true,"href":"https:\/\/naturalpoland.com\/fi\/wp-json\/wp\/v2\/product_brand?post=26570"},{"taxonomy":"product_cat","embeddable":true,"href":"https:\/\/naturalpoland.com\/fi\/wp-json\/wp\/v2\/product_cat?post=26570"},{"taxonomy":"product_tag","embeddable":true,"href":"https:\/\/naturalpoland.com\/fi\/wp-json\/wp\/v2\/product_tag?post=26570"}],"curies":[{"name":"wp","href":"https:\/\/api.w.org\/{rel}","templated":true}]}}