{"id":26582,"date":"2023-10-06T10:14:54","date_gmt":"2023-10-06T09:39:58","guid":{"rendered":"https:\/\/naturalpoland.com\/produkty\/Ei-luokiteltu\/fermentoitu-bambuuute\/"},"modified":"2023-10-06T11:39:58","modified_gmt":"2023-10-06T09:39:58","slug":"fermentoitu-bambuuute","status":"publish","type":"product","link":"https:\/\/naturalpoland.com\/fi\/tuotteet\/kosmetiikkateollisuuden-tuotteet\/fermentoidut-uutteet\/fermentoitu-bambuuute\/","title":{"rendered":"Fermentoitu bambuuute"},"content":{"rendered":"<p>Bambu on kasvi, joka sis\u00e4lt\u00e4\u00e4 eritt\u00e4in runsaasti piidioksidia, mineraalien, jotka ovat avainasemassa ihon kimmoisuuden ja terveen ulkon\u00e4\u00f6n yll\u00e4pit\u00e4misess\u00e4. Piidioksidi edist\u00e4\u00e4 kollageenin ja elastiinin synteesi\u00e4 ihokudoksessa, mik\u00e4 tekee ihosta kiinte\u00e4mm\u00e4n, kimmoisamman ja vastustuskykyisemm\u00e4n ik\u00e4\u00e4ntymisprosessia vastaan. Lis\u00e4ksi bambuuute kosteuttaa ihoa intensiivisesti ja ehk\u00e4isee ihon kuivumista ja kiinteyden menetyst\u00e4.<\/p>\n<p>K\u00e4ymisprosessi, jonka uutteelle tehd\u00e4\u00e4n, lis\u00e4\u00e4 sen sis\u00e4lt\u00e4mien ainesosien biologista hy\u00f6tyosuutta ja aktiivisuutta. T\u00e4m\u00e4 helpottaa ihon syvempiin kerroksiin tunkeutumista ja takaa nopean ja tehokkaan vaikutuksen. Fermentoidulla bambuuutteella on my\u00f6s detoksifioiva vaikutus, joka auttaa ihoa poistamaan kertyneet toksiinit ja ep\u00e4puhtaudet.<\/p>\n<p>Kosmeettisissa tuotteissa uute sopii erinomaisesti kyps\u00e4lle, kuivalle ja herk\u00e4lle iholle sek\u00e4 iholle, joka tarvitsee uudistumista ja palautumista. Sen antioksidanttinen ja ravitseva vaikutus j\u00e4tt\u00e4\u00e4 ihon s\u00e4teilev\u00e4ksi, sile\u00e4ksi ja hyvin kosteutetuksi. Se on ihanteellinen ainesosa ik\u00e4\u00e4ntymist\u00e4 ehk\u00e4iseviss\u00e4, kosteuttavissa ja uudistavissa tuotteissa.<\/p>\n<p>Luonnollisen alkuper\u00e4ns\u00e4 ja eettisen hankintaprosessinsa ansiosta Fermentoitu bambuuute on t\u00e4ydellinen valinta niille, jotka arvostavat orgaanisia ja kest\u00e4vi\u00e4 ihonhoitoratkaisuja. Se tarjoaa luonnon parhaat puolet helposti imeytyv\u00e4ss\u00e4 ja eritt\u00e4in tehokkaassa muodossa, joka vastaa vaativimmankin ihon tarpeisiin.<\/p>\n","protected":false},"excerpt":{"rendered":"<p>Fermentoitu <em>bambuuute<\/em>(INCI: <em>Bamboo Ferment Extract<\/em>) on erinomainen yhdistelm\u00e4 perinteit\u00e4 ja modernia kosmetologista teknologiaa. T\u00e4m\u00e4 arvokas ainesosa rikastuttaa kosmetiikkaa antamalla iholle ainutlaatuisia bambulle ominaisia ravitsevia ja uudistavia ominaisuuksia, joita k\u00e4ymisprosessi tehostaa.<\/p>\n","protected":false},"featured_media":26365,"template":"","meta":{"_acf_changed":false},"product_brand":[],"product_cat":[2692],"product_tag":[],"class_list":{"0":"post-26582","1":"product","2":"type-product","3":"status-publish","4":"has-post-thumbnail","6":"product_cat-fermentoidut-uutteet","8":"first","9":"instock","10":"shipping-taxable","11":"product-type-simple"},"acf":[],"yoast_head":"<!-- This site is optimized with the Yoast SEO plugin v27.4 - https:\/\/yoast.com\/product\/yoast-seo-wordpress\/ -->\n<title>Fermentoitu bambuuute - Tukkudistribuutio<\/title>\n<meta name=\"description\" content=\"Fermentoitu bambuuute (INCI: Bamboo Ferment Extract) on erinomainen yhdistelm\u00e4 perinteit\u00e4 ja modernia kosmetologista teknologiaa.\" \/>\n<meta name=\"robots\" content=\"index, follow, max-snippet:-1, max-image-preview:large, max-video-preview:-1\" \/>\n<link rel=\"canonical\" href=\"https:\/\/naturalpoland.com\/fi\/tuotteet\/kosmetiikkateollisuuden-tuotteet\/fermentoidut-uutteet\/fermentoitu-bambuuute\/\" \/>\n<meta property=\"og:locale\" content=\"fi_FI\" \/>\n<meta property=\"og:type\" content=\"article\" \/>\n<meta property=\"og:title\" content=\"Fermentoitu bambuuute - Tukkudistribuutio\" \/>\n<meta property=\"og:description\" content=\"Fermentoitu bambuuute (INCI: Bamboo Ferment Extract) on erinomainen yhdistelm\u00e4 perinteit\u00e4 ja modernia kosmetologista teknologiaa.\" \/>\n<meta property=\"og:url\" content=\"https:\/\/naturalpoland.com\/fi\/tuotteet\/kosmetiikkateollisuuden-tuotteet\/fermentoidut-uutteet\/fermentoitu-bambuuute\/\" \/>\n<meta property=\"og:site_name\" content=\"NATURAL POLAND - RAAKA-AINEIDEN TUKKUJAKELIJA\" \/>\n<meta property=\"article:publisher\" content=\"https:\/\/www.facebook.com\/naturalpoland.b2b\" \/>\n<meta property=\"og:image\" content=\"https:\/\/naturalpoland.com\/wp-content\/uploads\/fermentowany-ekstrakt-z-bambusa.png\" \/>\n\t<meta property=\"og:image:width\" content=\"590\" \/>\n\t<meta property=\"og:image:height\" content=\"590\" \/>\n\t<meta property=\"og:image:type\" content=\"image\/png\" \/>\n<script type=\"application\/ld+json\" class=\"yoast-schema-graph\">{\"@context\":\"https:\\\/\\\/schema.org\",\"@graph\":[{\"@type\":\"WebPage\",\"@id\":\"https:\\\/\\\/naturalpoland.com\\\/fi\\\/tuotteet\\\/kosmetiikkateollisuuden-tuotteet\\\/fermentoidut-uutteet\\\/fermentoitu-bambuuute\\\/\",\"url\":\"https:\\\/\\\/naturalpoland.com\\\/fi\\\/tuotteet\\\/kosmetiikkateollisuuden-tuotteet\\\/fermentoidut-uutteet\\\/fermentoitu-bambuuute\\\/\",\"name\":\"Fermentoitu bambuuute - Tukkudistribuutio\",\"isPartOf\":{\"@id\":\"https:\\\/\\\/naturalpoland.com\\\/fi\\\/#website\"},\"primaryImageOfPage\":{\"@id\":\"https:\\\/\\\/naturalpoland.com\\\/fi\\\/tuotteet\\\/kosmetiikkateollisuuden-tuotteet\\\/fermentoidut-uutteet\\\/fermentoitu-bambuuute\\\/#primaryimage\"},\"image\":{\"@id\":\"https:\\\/\\\/naturalpoland.com\\\/fi\\\/tuotteet\\\/kosmetiikkateollisuuden-tuotteet\\\/fermentoidut-uutteet\\\/fermentoitu-bambuuute\\\/#primaryimage\"},\"thumbnailUrl\":\"https:\\\/\\\/naturalpoland.com\\\/wp-content\\\/uploads\\\/fermentowany-ekstrakt-z-bambusa.png\",\"datePublished\":\"2023-10-06T09:39:58+00:00\",\"description\":\"Fermentoitu bambuuute (INCI: Bamboo Ferment Extract) on erinomainen yhdistelm\u00e4 perinteit\u00e4 ja modernia kosmetologista teknologiaa.\",\"breadcrumb\":{\"@id\":\"https:\\\/\\\/naturalpoland.com\\\/fi\\\/tuotteet\\\/kosmetiikkateollisuuden-tuotteet\\\/fermentoidut-uutteet\\\/fermentoitu-bambuuute\\\/#breadcrumb\"},\"inLanguage\":\"fi\",\"potentialAction\":[{\"@type\":\"ReadAction\",\"target\":[\"https:\\\/\\\/naturalpoland.com\\\/fi\\\/tuotteet\\\/kosmetiikkateollisuuden-tuotteet\\\/fermentoidut-uutteet\\\/fermentoitu-bambuuute\\\/\"]}]},{\"@type\":\"ImageObject\",\"inLanguage\":\"fi\",\"@id\":\"https:\\\/\\\/naturalpoland.com\\\/fi\\\/tuotteet\\\/kosmetiikkateollisuuden-tuotteet\\\/fermentoidut-uutteet\\\/fermentoitu-bambuuute\\\/#primaryimage\",\"url\":\"https:\\\/\\\/naturalpoland.com\\\/wp-content\\\/uploads\\\/fermentowany-ekstrakt-z-bambusa.png\",\"contentUrl\":\"https:\\\/\\\/naturalpoland.com\\\/wp-content\\\/uploads\\\/fermentowany-ekstrakt-z-bambusa.png\",\"width\":590,\"height\":590,\"caption\":\"fermentoitu bambuuute\"},{\"@type\":\"BreadcrumbList\",\"@id\":\"https:\\\/\\\/naturalpoland.com\\\/fi\\\/tuotteet\\\/kosmetiikkateollisuuden-tuotteet\\\/fermentoidut-uutteet\\\/fermentoitu-bambuuute\\\/#breadcrumb\",\"itemListElement\":[{\"@type\":\"ListItem\",\"position\":1,\"name\":\"Etusivu\",\"item\":\"https:\\\/\\\/naturalpoland.com\\\/fi\\\/\"},{\"@type\":\"ListItem\",\"position\":2,\"name\":\"Tuotteet\",\"item\":\"https:\\\/\\\/naturalpoland.com\\\/fi\\\/tuotteet\\\/\"},{\"@type\":\"ListItem\",\"position\":3,\"name\":\"Fermentoitu bambuuute\"}]},{\"@type\":\"WebSite\",\"@id\":\"https:\\\/\\\/naturalpoland.com\\\/fi\\\/#website\",\"url\":\"https:\\\/\\\/naturalpoland.com\\\/fi\\\/\",\"name\":\"NATURAL POLAND - RAAKA-AINEIDEN TUKKUJAKELIJA\",\"description\":\"Surowce dla przemys\u0142u spo\u017cywczego, kosmetycznego i farmaceutycznego\",\"publisher\":{\"@id\":\"https:\\\/\\\/naturalpoland.com\\\/fi\\\/#organization\"},\"potentialAction\":[{\"@type\":\"SearchAction\",\"target\":{\"@type\":\"EntryPoint\",\"urlTemplate\":\"https:\\\/\\\/naturalpoland.com\\\/fi\\\/?s={search_term_string}\"},\"query-input\":{\"@type\":\"PropertyValueSpecification\",\"valueRequired\":true,\"valueName\":\"search_term_string\"}}],\"inLanguage\":\"fi\"},{\"@type\":\"Organization\",\"@id\":\"https:\\\/\\\/naturalpoland.com\\\/fi\\\/#organization\",\"name\":\"Natural Poland\",\"url\":\"https:\\\/\\\/naturalpoland.com\\\/fi\\\/\",\"logo\":{\"@type\":\"ImageObject\",\"inLanguage\":\"fi\",\"@id\":\"https:\\\/\\\/naturalpoland.com\\\/fi\\\/#\\\/schema\\\/logo\\\/image\\\/\",\"url\":\"https:\\\/\\\/naturalpoland.com\\\/wp-content\\\/uploads\\\/2021\\\/05\\\/natural-poland-icon.png\",\"contentUrl\":\"https:\\\/\\\/naturalpoland.com\\\/wp-content\\\/uploads\\\/2021\\\/05\\\/natural-poland-icon.png\",\"width\":512,\"height\":512,\"caption\":\"Natural Poland\"},\"image\":{\"@id\":\"https:\\\/\\\/naturalpoland.com\\\/fi\\\/#\\\/schema\\\/logo\\\/image\\\/\"},\"sameAs\":[\"https:\\\/\\\/www.facebook.com\\\/naturalpoland.b2b\",\"https:\\\/\\\/pl.linkedin.com\\\/company\\\/natural-poland\",\"https:\\\/\\\/www.youtube.com\\\/channel\\\/UCgeGGkvOMahZo-xu_MSEWxg\"]}]}<\/script>\n<!-- \/ Yoast SEO plugin. -->","yoast_head_json":{"title":"Fermentoitu bambuuute - Tukkudistribuutio","description":"Fermentoitu bambuuute (INCI: Bamboo Ferment Extract) on erinomainen yhdistelm\u00e4 perinteit\u00e4 ja modernia kosmetologista teknologiaa.","robots":{"index":"index","follow":"follow","max-snippet":"max-snippet:-1","max-image-preview":"max-image-preview:large","max-video-preview":"max-video-preview:-1"},"canonical":"https:\/\/naturalpoland.com\/fi\/tuotteet\/kosmetiikkateollisuuden-tuotteet\/fermentoidut-uutteet\/fermentoitu-bambuuute\/","og_locale":"fi_FI","og_type":"article","og_title":"Fermentoitu bambuuute - Tukkudistribuutio","og_description":"Fermentoitu bambuuute (INCI: Bamboo Ferment Extract) on erinomainen yhdistelm\u00e4 perinteit\u00e4 ja modernia kosmetologista teknologiaa.","og_url":"https:\/\/naturalpoland.com\/fi\/tuotteet\/kosmetiikkateollisuuden-tuotteet\/fermentoidut-uutteet\/fermentoitu-bambuuute\/","og_site_name":"NATURAL POLAND - RAAKA-AINEIDEN TUKKUJAKELIJA","article_publisher":"https:\/\/www.facebook.com\/naturalpoland.b2b","og_image":[{"width":590,"height":590,"url":"https:\/\/naturalpoland.com\/wp-content\/uploads\/fermentowany-ekstrakt-z-bambusa.png","type":"image\/png"}],"schema":{"@context":"https:\/\/schema.org","@graph":[{"@type":"WebPage","@id":"https:\/\/naturalpoland.com\/fi\/tuotteet\/kosmetiikkateollisuuden-tuotteet\/fermentoidut-uutteet\/fermentoitu-bambuuute\/","url":"https:\/\/naturalpoland.com\/fi\/tuotteet\/kosmetiikkateollisuuden-tuotteet\/fermentoidut-uutteet\/fermentoitu-bambuuute\/","name":"Fermentoitu bambuuute - Tukkudistribuutio","isPartOf":{"@id":"https:\/\/naturalpoland.com\/fi\/#website"},"primaryImageOfPage":{"@id":"https:\/\/naturalpoland.com\/fi\/tuotteet\/kosmetiikkateollisuuden-tuotteet\/fermentoidut-uutteet\/fermentoitu-bambuuute\/#primaryimage"},"image":{"@id":"https:\/\/naturalpoland.com\/fi\/tuotteet\/kosmetiikkateollisuuden-tuotteet\/fermentoidut-uutteet\/fermentoitu-bambuuute\/#primaryimage"},"thumbnailUrl":"https:\/\/naturalpoland.com\/wp-content\/uploads\/fermentowany-ekstrakt-z-bambusa.png","datePublished":"2023-10-06T09:39:58+00:00","description":"Fermentoitu bambuuute (INCI: Bamboo Ferment Extract) on erinomainen yhdistelm\u00e4 perinteit\u00e4 ja modernia kosmetologista teknologiaa.","breadcrumb":{"@id":"https:\/\/naturalpoland.com\/fi\/tuotteet\/kosmetiikkateollisuuden-tuotteet\/fermentoidut-uutteet\/fermentoitu-bambuuute\/#breadcrumb"},"inLanguage":"fi","potentialAction":[{"@type":"ReadAction","target":["https:\/\/naturalpoland.com\/fi\/tuotteet\/kosmetiikkateollisuuden-tuotteet\/fermentoidut-uutteet\/fermentoitu-bambuuute\/"]}]},{"@type":"ImageObject","inLanguage":"fi","@id":"https:\/\/naturalpoland.com\/fi\/tuotteet\/kosmetiikkateollisuuden-tuotteet\/fermentoidut-uutteet\/fermentoitu-bambuuute\/#primaryimage","url":"https:\/\/naturalpoland.com\/wp-content\/uploads\/fermentowany-ekstrakt-z-bambusa.png","contentUrl":"https:\/\/naturalpoland.com\/wp-content\/uploads\/fermentowany-ekstrakt-z-bambusa.png","width":590,"height":590,"caption":"fermentoitu bambuuute"},{"@type":"BreadcrumbList","@id":"https:\/\/naturalpoland.com\/fi\/tuotteet\/kosmetiikkateollisuuden-tuotteet\/fermentoidut-uutteet\/fermentoitu-bambuuute\/#breadcrumb","itemListElement":[{"@type":"ListItem","position":1,"name":"Etusivu","item":"https:\/\/naturalpoland.com\/fi\/"},{"@type":"ListItem","position":2,"name":"Tuotteet","item":"https:\/\/naturalpoland.com\/fi\/tuotteet\/"},{"@type":"ListItem","position":3,"name":"Fermentoitu bambuuute"}]},{"@type":"WebSite","@id":"https:\/\/naturalpoland.com\/fi\/#website","url":"https:\/\/naturalpoland.com\/fi\/","name":"NATURAL POLAND - RAAKA-AINEIDEN TUKKUJAKELIJA","description":"Surowce dla przemys\u0142u spo\u017cywczego, kosmetycznego i farmaceutycznego","publisher":{"@id":"https:\/\/naturalpoland.com\/fi\/#organization"},"potentialAction":[{"@type":"SearchAction","target":{"@type":"EntryPoint","urlTemplate":"https:\/\/naturalpoland.com\/fi\/?s={search_term_string}"},"query-input":{"@type":"PropertyValueSpecification","valueRequired":true,"valueName":"search_term_string"}}],"inLanguage":"fi"},{"@type":"Organization","@id":"https:\/\/naturalpoland.com\/fi\/#organization","name":"Natural Poland","url":"https:\/\/naturalpoland.com\/fi\/","logo":{"@type":"ImageObject","inLanguage":"fi","@id":"https:\/\/naturalpoland.com\/fi\/#\/schema\/logo\/image\/","url":"https:\/\/naturalpoland.com\/wp-content\/uploads\/2021\/05\/natural-poland-icon.png","contentUrl":"https:\/\/naturalpoland.com\/wp-content\/uploads\/2021\/05\/natural-poland-icon.png","width":512,"height":512,"caption":"Natural Poland"},"image":{"@id":"https:\/\/naturalpoland.com\/fi\/#\/schema\/logo\/image\/"},"sameAs":["https:\/\/www.facebook.com\/naturalpoland.b2b","https:\/\/pl.linkedin.com\/company\/natural-poland","https:\/\/www.youtube.com\/channel\/UCgeGGkvOMahZo-xu_MSEWxg"]}]}},"_links":{"self":[{"href":"https:\/\/naturalpoland.com\/fi\/wp-json\/wp\/v2\/product\/26582","targetHints":{"allow":["GET"]}}],"collection":[{"href":"https:\/\/naturalpoland.com\/fi\/wp-json\/wp\/v2\/product"}],"about":[{"href":"https:\/\/naturalpoland.com\/fi\/wp-json\/wp\/v2\/types\/product"}],"wp:featuredmedia":[{"embeddable":true,"href":"https:\/\/naturalpoland.com\/fi\/wp-json\/wp\/v2\/media\/26365"}],"wp:attachment":[{"href":"https:\/\/naturalpoland.com\/fi\/wp-json\/wp\/v2\/media?parent=26582"}],"wp:term":[{"taxonomy":"product_brand","embeddable":true,"href":"https:\/\/naturalpoland.com\/fi\/wp-json\/wp\/v2\/product_brand?post=26582"},{"taxonomy":"product_cat","embeddable":true,"href":"https:\/\/naturalpoland.com\/fi\/wp-json\/wp\/v2\/product_cat?post=26582"},{"taxonomy":"product_tag","embeddable":true,"href":"https:\/\/naturalpoland.com\/fi\/wp-json\/wp\/v2\/product_tag?post=26582"}],"curies":[{"name":"wp","href":"https:\/\/api.w.org\/{rel}","templated":true}]}}