{"id":26595,"date":"2023-10-06T09:39:24","date_gmt":"2023-10-06T09:40:01","guid":{"rendered":"https:\/\/naturalpoland.com\/produkty\/Ei-luokiteltu\/fermentoitu-aloe-vera-uute\/"},"modified":"2023-10-06T11:40:01","modified_gmt":"2023-10-06T09:40:01","slug":"kaynyt-aloe-uute","status":"publish","type":"product","link":"https:\/\/naturalpoland.com\/fi\/tuotteet\/kosmetiikkateollisuuden-tuotteet\/fermentoidut-uutteet\/kaynyt-aloe-uute\/","title":{"rendered":"Fermentoitu aloe vera -uute"},"content":{"rendered":"<p>Aloe veraa on pitk\u00e4\u00e4n arvostettu kosmetiikassa sen erinomaisten kosteuttavien ja rauhoittavien ominaisuuksien vuoksi. Fermentoitu aloeuute kosteuttaa ihoa intensiivisesti, auttaa yll\u00e4pit\u00e4m\u00e4\u00e4n solujen vesitasapainoa ja muodostaa suojakalvon ihon pinnalle. Sill\u00e4 on rauhoittava vaikutus \u00e4rsytykseen ja punoitukseen, mik\u00e4 tuo helpotusta herk\u00e4lle ja reaktiiviselle iholle.<\/p>\n<p>Lis\u00e4ksi uutteen sis\u00e4lt\u00e4m\u00e4t aktiiviset ainesosat stimuloivat ihon uudistumisprosesseja ja tukevat sen luonnollisia puolustus- ja korjausmekanismeja. Uutteen antioksidanttinen vaikutus suojaa ihoa ulkoisten tekij\u00f6iden, kuten saasteiden ja UV-s\u00e4teilyn, kielteisilt\u00e4 vaikutuksilta ja ehk\u00e4isee ihon ennenaikaista vanhenemista.<\/p>\n<p>Fermentoitu aloeuute on erinomainen lis\u00e4 moniin kosmetiikkatuotteisiin, kuten voiteisiin, seerumeihin, emulsioihin, geeleihin tai naamioihin. Sit\u00e4 voidaan k\u00e4ytt\u00e4\u00e4 menestyksekk\u00e4\u00e4sti kaikille ihotyypeille tarkoitetuissa tuotteissa, erityisesti herk\u00e4lle, kuivalle, kyps\u00e4lle tai \u00e4rsytykselle alttiille iholle.<\/p>\n<p>Tuote on t\u00e4ysin luonnollinen, vegaaninen eik\u00e4 sis\u00e4ll\u00e4 synteettisi\u00e4 lis\u00e4aineita, joten se on turvallinen ja hell\u00e4varainen kaikille ihotyypeille. Fermentoitu aloeuute on t\u00e4ydellinen valinta kosmetiikkabr\u00e4ndeille, jotka haluavat valikoimaansa tuotteita, joilla on todistettuja, monisuuntaisia vaikutuksia, ja jotka samalla pit\u00e4v\u00e4t yll\u00e4 korkeimpia laatuvaatimuksia ja eettisi\u00e4 standardeja.<\/p>\n","protected":false},"excerpt":{"rendered":"<p>Fermentoitu <em>aloeuute<\/em>(INCI: <em>Aloe Ferment Extract<\/em>) on innovatiivinen ihonhoitoaine, jossa on kaikki aloe veran hy\u00f6dylliset ominaisuudet entist\u00e4kin tiiviimm\u00e4ss\u00e4 ja aktiivisemmassa muodossa. K\u00e4ymisprosessi ei ainoastaan paranna aloe veran luonnollisia etuja, vaan varmistaa my\u00f6s helpomman imeytymisen ihon l\u00e4pi, jolloin vaikutus on voimakkaampi.<\/p>\n","protected":false},"featured_media":26339,"template":"","meta":{"_acf_changed":false},"product_brand":[],"product_cat":[2692],"product_tag":[],"class_list":{"0":"post-26595","1":"product","2":"type-product","3":"status-publish","4":"has-post-thumbnail","6":"product_cat-fermentoidut-uutteet","8":"first","9":"instock","10":"shipping-taxable","11":"product-type-simple"},"acf":[],"yoast_head":"<!-- This site is optimized with the Yoast SEO plugin v27.4 - https:\/\/yoast.com\/product\/yoast-seo-wordpress\/ -->\n<title>Fermentoitu aloe vera -uute - Tukkudistribuutio<\/title>\n<meta name=\"description\" content=\"Fermentoitu aloe-uute on uusi ihonhoitoon tarkoitettu ainesosa, jossa on kaikki aloe veran hy\u00f6dylliset ominaisuudet v\u00e4kev\u00e4mm\u00e4ss\u00e4 muodossa.\" \/>\n<meta name=\"robots\" content=\"index, follow, max-snippet:-1, max-image-preview:large, max-video-preview:-1\" \/>\n<link rel=\"canonical\" href=\"https:\/\/naturalpoland.com\/fi\/tuotteet\/kosmetiikkateollisuuden-tuotteet\/fermentoidut-uutteet\/kaynyt-aloe-uute\/\" \/>\n<meta property=\"og:locale\" content=\"fi_FI\" \/>\n<meta property=\"og:type\" content=\"article\" \/>\n<meta property=\"og:title\" content=\"Fermentoitu aloe vera -uute - Tukkudistribuutio\" \/>\n<meta property=\"og:description\" content=\"Fermentoitu aloe-uute on uusi ihonhoitoon tarkoitettu ainesosa, jossa on kaikki aloe veran hy\u00f6dylliset ominaisuudet v\u00e4kev\u00e4mm\u00e4ss\u00e4 muodossa.\" \/>\n<meta property=\"og:url\" content=\"https:\/\/naturalpoland.com\/fi\/tuotteet\/kosmetiikkateollisuuden-tuotteet\/fermentoidut-uutteet\/kaynyt-aloe-uute\/\" \/>\n<meta property=\"og:site_name\" content=\"NATURAL POLAND - RAAKA-AINEIDEN TUKKUJAKELIJA\" \/>\n<meta property=\"article:publisher\" content=\"https:\/\/www.facebook.com\/naturalpoland.b2b\" \/>\n<meta property=\"og:image\" content=\"https:\/\/naturalpoland.com\/wp-content\/uploads\/fermentowany-ekstrakt-z-aloesu.png\" \/>\n\t<meta property=\"og:image:width\" content=\"590\" \/>\n\t<meta property=\"og:image:height\" content=\"590\" \/>\n\t<meta property=\"og:image:type\" content=\"image\/png\" \/>\n<script type=\"application\/ld+json\" class=\"yoast-schema-graph\">{\"@context\":\"https:\\\/\\\/schema.org\",\"@graph\":[{\"@type\":\"WebPage\",\"@id\":\"https:\\\/\\\/naturalpoland.com\\\/fi\\\/tuotteet\\\/kosmetiikkateollisuuden-tuotteet\\\/fermentoidut-uutteet\\\/kaynyt-aloe-uute\\\/\",\"url\":\"https:\\\/\\\/naturalpoland.com\\\/fi\\\/tuotteet\\\/kosmetiikkateollisuuden-tuotteet\\\/fermentoidut-uutteet\\\/kaynyt-aloe-uute\\\/\",\"name\":\"Fermentoitu aloe vera -uute - Tukkudistribuutio\",\"isPartOf\":{\"@id\":\"https:\\\/\\\/naturalpoland.com\\\/fi\\\/#website\"},\"primaryImageOfPage\":{\"@id\":\"https:\\\/\\\/naturalpoland.com\\\/fi\\\/tuotteet\\\/kosmetiikkateollisuuden-tuotteet\\\/fermentoidut-uutteet\\\/kaynyt-aloe-uute\\\/#primaryimage\"},\"image\":{\"@id\":\"https:\\\/\\\/naturalpoland.com\\\/fi\\\/tuotteet\\\/kosmetiikkateollisuuden-tuotteet\\\/fermentoidut-uutteet\\\/kaynyt-aloe-uute\\\/#primaryimage\"},\"thumbnailUrl\":\"https:\\\/\\\/naturalpoland.com\\\/wp-content\\\/uploads\\\/fermentowany-ekstrakt-z-aloesu.png\",\"datePublished\":\"2023-10-06T09:40:01+00:00\",\"description\":\"Fermentoitu aloe-uute on uusi ihonhoitoon tarkoitettu ainesosa, jossa on kaikki aloe veran hy\u00f6dylliset ominaisuudet v\u00e4kev\u00e4mm\u00e4ss\u00e4 muodossa.\",\"breadcrumb\":{\"@id\":\"https:\\\/\\\/naturalpoland.com\\\/fi\\\/tuotteet\\\/kosmetiikkateollisuuden-tuotteet\\\/fermentoidut-uutteet\\\/kaynyt-aloe-uute\\\/#breadcrumb\"},\"inLanguage\":\"fi\",\"potentialAction\":[{\"@type\":\"ReadAction\",\"target\":[\"https:\\\/\\\/naturalpoland.com\\\/fi\\\/tuotteet\\\/kosmetiikkateollisuuden-tuotteet\\\/fermentoidut-uutteet\\\/kaynyt-aloe-uute\\\/\"]}]},{\"@type\":\"ImageObject\",\"inLanguage\":\"fi\",\"@id\":\"https:\\\/\\\/naturalpoland.com\\\/fi\\\/tuotteet\\\/kosmetiikkateollisuuden-tuotteet\\\/fermentoidut-uutteet\\\/kaynyt-aloe-uute\\\/#primaryimage\",\"url\":\"https:\\\/\\\/naturalpoland.com\\\/wp-content\\\/uploads\\\/fermentowany-ekstrakt-z-aloesu.png\",\"contentUrl\":\"https:\\\/\\\/naturalpoland.com\\\/wp-content\\\/uploads\\\/fermentowany-ekstrakt-z-aloesu.png\",\"width\":590,\"height\":590,\"caption\":\"Fermentoitu aloe vera -uute\"},{\"@type\":\"BreadcrumbList\",\"@id\":\"https:\\\/\\\/naturalpoland.com\\\/fi\\\/tuotteet\\\/kosmetiikkateollisuuden-tuotteet\\\/fermentoidut-uutteet\\\/kaynyt-aloe-uute\\\/#breadcrumb\",\"itemListElement\":[{\"@type\":\"ListItem\",\"position\":1,\"name\":\"Etusivu\",\"item\":\"https:\\\/\\\/naturalpoland.com\\\/fi\\\/\"},{\"@type\":\"ListItem\",\"position\":2,\"name\":\"Tuotteet\",\"item\":\"https:\\\/\\\/naturalpoland.com\\\/fi\\\/tuotteet\\\/\"},{\"@type\":\"ListItem\",\"position\":3,\"name\":\"Fermentoitu aloe vera -uute\"}]},{\"@type\":\"WebSite\",\"@id\":\"https:\\\/\\\/naturalpoland.com\\\/fi\\\/#website\",\"url\":\"https:\\\/\\\/naturalpoland.com\\\/fi\\\/\",\"name\":\"NATURAL POLAND - RAAKA-AINEIDEN TUKKUJAKELIJA\",\"description\":\"Surowce dla przemys\u0142u spo\u017cywczego, kosmetycznego i farmaceutycznego\",\"publisher\":{\"@id\":\"https:\\\/\\\/naturalpoland.com\\\/fi\\\/#organization\"},\"potentialAction\":[{\"@type\":\"SearchAction\",\"target\":{\"@type\":\"EntryPoint\",\"urlTemplate\":\"https:\\\/\\\/naturalpoland.com\\\/fi\\\/?s={search_term_string}\"},\"query-input\":{\"@type\":\"PropertyValueSpecification\",\"valueRequired\":true,\"valueName\":\"search_term_string\"}}],\"inLanguage\":\"fi\"},{\"@type\":\"Organization\",\"@id\":\"https:\\\/\\\/naturalpoland.com\\\/fi\\\/#organization\",\"name\":\"Natural Poland\",\"url\":\"https:\\\/\\\/naturalpoland.com\\\/fi\\\/\",\"logo\":{\"@type\":\"ImageObject\",\"inLanguage\":\"fi\",\"@id\":\"https:\\\/\\\/naturalpoland.com\\\/fi\\\/#\\\/schema\\\/logo\\\/image\\\/\",\"url\":\"https:\\\/\\\/naturalpoland.com\\\/wp-content\\\/uploads\\\/2021\\\/05\\\/natural-poland-icon.png\",\"contentUrl\":\"https:\\\/\\\/naturalpoland.com\\\/wp-content\\\/uploads\\\/2021\\\/05\\\/natural-poland-icon.png\",\"width\":512,\"height\":512,\"caption\":\"Natural Poland\"},\"image\":{\"@id\":\"https:\\\/\\\/naturalpoland.com\\\/fi\\\/#\\\/schema\\\/logo\\\/image\\\/\"},\"sameAs\":[\"https:\\\/\\\/www.facebook.com\\\/naturalpoland.b2b\",\"https:\\\/\\\/pl.linkedin.com\\\/company\\\/natural-poland\",\"https:\\\/\\\/www.youtube.com\\\/channel\\\/UCgeGGkvOMahZo-xu_MSEWxg\"]}]}<\/script>\n<!-- \/ Yoast SEO plugin. -->","yoast_head_json":{"title":"Fermentoitu aloe vera -uute - Tukkudistribuutio","description":"Fermentoitu aloe-uute on uusi ihonhoitoon tarkoitettu ainesosa, jossa on kaikki aloe veran hy\u00f6dylliset ominaisuudet v\u00e4kev\u00e4mm\u00e4ss\u00e4 muodossa.","robots":{"index":"index","follow":"follow","max-snippet":"max-snippet:-1","max-image-preview":"max-image-preview:large","max-video-preview":"max-video-preview:-1"},"canonical":"https:\/\/naturalpoland.com\/fi\/tuotteet\/kosmetiikkateollisuuden-tuotteet\/fermentoidut-uutteet\/kaynyt-aloe-uute\/","og_locale":"fi_FI","og_type":"article","og_title":"Fermentoitu aloe vera -uute - Tukkudistribuutio","og_description":"Fermentoitu aloe-uute on uusi ihonhoitoon tarkoitettu ainesosa, jossa on kaikki aloe veran hy\u00f6dylliset ominaisuudet v\u00e4kev\u00e4mm\u00e4ss\u00e4 muodossa.","og_url":"https:\/\/naturalpoland.com\/fi\/tuotteet\/kosmetiikkateollisuuden-tuotteet\/fermentoidut-uutteet\/kaynyt-aloe-uute\/","og_site_name":"NATURAL POLAND - RAAKA-AINEIDEN TUKKUJAKELIJA","article_publisher":"https:\/\/www.facebook.com\/naturalpoland.b2b","og_image":[{"width":590,"height":590,"url":"https:\/\/naturalpoland.com\/wp-content\/uploads\/fermentowany-ekstrakt-z-aloesu.png","type":"image\/png"}],"schema":{"@context":"https:\/\/schema.org","@graph":[{"@type":"WebPage","@id":"https:\/\/naturalpoland.com\/fi\/tuotteet\/kosmetiikkateollisuuden-tuotteet\/fermentoidut-uutteet\/kaynyt-aloe-uute\/","url":"https:\/\/naturalpoland.com\/fi\/tuotteet\/kosmetiikkateollisuuden-tuotteet\/fermentoidut-uutteet\/kaynyt-aloe-uute\/","name":"Fermentoitu aloe vera -uute - Tukkudistribuutio","isPartOf":{"@id":"https:\/\/naturalpoland.com\/fi\/#website"},"primaryImageOfPage":{"@id":"https:\/\/naturalpoland.com\/fi\/tuotteet\/kosmetiikkateollisuuden-tuotteet\/fermentoidut-uutteet\/kaynyt-aloe-uute\/#primaryimage"},"image":{"@id":"https:\/\/naturalpoland.com\/fi\/tuotteet\/kosmetiikkateollisuuden-tuotteet\/fermentoidut-uutteet\/kaynyt-aloe-uute\/#primaryimage"},"thumbnailUrl":"https:\/\/naturalpoland.com\/wp-content\/uploads\/fermentowany-ekstrakt-z-aloesu.png","datePublished":"2023-10-06T09:40:01+00:00","description":"Fermentoitu aloe-uute on uusi ihonhoitoon tarkoitettu ainesosa, jossa on kaikki aloe veran hy\u00f6dylliset ominaisuudet v\u00e4kev\u00e4mm\u00e4ss\u00e4 muodossa.","breadcrumb":{"@id":"https:\/\/naturalpoland.com\/fi\/tuotteet\/kosmetiikkateollisuuden-tuotteet\/fermentoidut-uutteet\/kaynyt-aloe-uute\/#breadcrumb"},"inLanguage":"fi","potentialAction":[{"@type":"ReadAction","target":["https:\/\/naturalpoland.com\/fi\/tuotteet\/kosmetiikkateollisuuden-tuotteet\/fermentoidut-uutteet\/kaynyt-aloe-uute\/"]}]},{"@type":"ImageObject","inLanguage":"fi","@id":"https:\/\/naturalpoland.com\/fi\/tuotteet\/kosmetiikkateollisuuden-tuotteet\/fermentoidut-uutteet\/kaynyt-aloe-uute\/#primaryimage","url":"https:\/\/naturalpoland.com\/wp-content\/uploads\/fermentowany-ekstrakt-z-aloesu.png","contentUrl":"https:\/\/naturalpoland.com\/wp-content\/uploads\/fermentowany-ekstrakt-z-aloesu.png","width":590,"height":590,"caption":"Fermentoitu aloe vera -uute"},{"@type":"BreadcrumbList","@id":"https:\/\/naturalpoland.com\/fi\/tuotteet\/kosmetiikkateollisuuden-tuotteet\/fermentoidut-uutteet\/kaynyt-aloe-uute\/#breadcrumb","itemListElement":[{"@type":"ListItem","position":1,"name":"Etusivu","item":"https:\/\/naturalpoland.com\/fi\/"},{"@type":"ListItem","position":2,"name":"Tuotteet","item":"https:\/\/naturalpoland.com\/fi\/tuotteet\/"},{"@type":"ListItem","position":3,"name":"Fermentoitu aloe vera -uute"}]},{"@type":"WebSite","@id":"https:\/\/naturalpoland.com\/fi\/#website","url":"https:\/\/naturalpoland.com\/fi\/","name":"NATURAL POLAND - RAAKA-AINEIDEN TUKKUJAKELIJA","description":"Surowce dla przemys\u0142u spo\u017cywczego, kosmetycznego i farmaceutycznego","publisher":{"@id":"https:\/\/naturalpoland.com\/fi\/#organization"},"potentialAction":[{"@type":"SearchAction","target":{"@type":"EntryPoint","urlTemplate":"https:\/\/naturalpoland.com\/fi\/?s={search_term_string}"},"query-input":{"@type":"PropertyValueSpecification","valueRequired":true,"valueName":"search_term_string"}}],"inLanguage":"fi"},{"@type":"Organization","@id":"https:\/\/naturalpoland.com\/fi\/#organization","name":"Natural Poland","url":"https:\/\/naturalpoland.com\/fi\/","logo":{"@type":"ImageObject","inLanguage":"fi","@id":"https:\/\/naturalpoland.com\/fi\/#\/schema\/logo\/image\/","url":"https:\/\/naturalpoland.com\/wp-content\/uploads\/2021\/05\/natural-poland-icon.png","contentUrl":"https:\/\/naturalpoland.com\/wp-content\/uploads\/2021\/05\/natural-poland-icon.png","width":512,"height":512,"caption":"Natural Poland"},"image":{"@id":"https:\/\/naturalpoland.com\/fi\/#\/schema\/logo\/image\/"},"sameAs":["https:\/\/www.facebook.com\/naturalpoland.b2b","https:\/\/pl.linkedin.com\/company\/natural-poland","https:\/\/www.youtube.com\/channel\/UCgeGGkvOMahZo-xu_MSEWxg"]}]}},"_links":{"self":[{"href":"https:\/\/naturalpoland.com\/fi\/wp-json\/wp\/v2\/product\/26595","targetHints":{"allow":["GET"]}}],"collection":[{"href":"https:\/\/naturalpoland.com\/fi\/wp-json\/wp\/v2\/product"}],"about":[{"href":"https:\/\/naturalpoland.com\/fi\/wp-json\/wp\/v2\/types\/product"}],"wp:featuredmedia":[{"embeddable":true,"href":"https:\/\/naturalpoland.com\/fi\/wp-json\/wp\/v2\/media\/26339"}],"wp:attachment":[{"href":"https:\/\/naturalpoland.com\/fi\/wp-json\/wp\/v2\/media?parent=26595"}],"wp:term":[{"taxonomy":"product_brand","embeddable":true,"href":"https:\/\/naturalpoland.com\/fi\/wp-json\/wp\/v2\/product_brand?post=26595"},{"taxonomy":"product_cat","embeddable":true,"href":"https:\/\/naturalpoland.com\/fi\/wp-json\/wp\/v2\/product_cat?post=26595"},{"taxonomy":"product_tag","embeddable":true,"href":"https:\/\/naturalpoland.com\/fi\/wp-json\/wp\/v2\/product_tag?post=26595"}],"curies":[{"name":"wp","href":"https:\/\/api.w.org\/{rel}","templated":true}]}}