{"id":26874,"date":"2023-10-17T13:28:14","date_gmt":"2023-10-17T11:28:14","guid":{"rendered":"https:\/\/naturalpoland.com\/produkty\/Ei-luokiteltu\/nmn-nikotiiniamidi-mononukleotidi\/"},"modified":"2026-02-09T12:41:12","modified_gmt":"2026-02-09T11:41:12","slug":"nmn-nikotiiniamidi-monononukleotidi","status":"publish","type":"product","link":"https:\/\/naturalpoland.com\/fi\/tuotteet\/laaketeollisuuden-tuotteet\/ravintolisien-ainesosat\/nmn-nikotiiniamidi-monononukleotidi\/","title":{"rendered":"NMN (nikotiiniamidi-mononukleotidi)"},"content":{"rendered":"<h2>K\u00e4ytt\u00f6kohteet:<\/h2>\n<p>Tuotetta k\u00e4ytet\u00e4\u00e4n moderneissa ravintolisiss\u00e4, jotka t\u00e4ht\u00e4\u00e4v\u00e4t: aineenvaihdunnan parantamiseen, energiatason nostamiseen, immuniteetin tukemiseen, ik\u00e4\u00e4ntymisen ehk\u00e4isyyn, neuroprotektioon ja solujen suojaamiseen oksidatiiviselta stressilt\u00e4. Sit\u00e4 voidaan hy\u00f6dynt\u00e4\u00e4 my\u00f6s valmisteissa, jotka edist\u00e4v\u00e4t kehon palautumista fyysisen rasituksen, esteettisen l\u00e4\u00e4ketieteen toimenpiteiden tai toipumisen j\u00e4lkeen. <\/p>\n<h2>NMN-lis\u00e4yksen t\u00e4rkeimm\u00e4t hy\u00f6dyt:<\/h2>\n<ol>\n<li><strong>Aineenvaihdunnan tukeminen<\/strong>: NAD+ on v\u00e4ltt\u00e4m\u00e4t\u00f6n monille aineenvaihduntaprosesseille, mukaan lukien energia-aineenvaihdunta mitokondrioissa.<\/li>\n<li><strong>Elinik\u00e4<\/strong>: el\u00e4inkokeet osoittavat, ett\u00e4 NMN voi tukea elinik\u00e4\u00e4 aktivoimalla tiettyj\u00e4 aineenvaihduntareittej\u00e4.<\/li>\n<li><strong>DNA:n suojaaminen<\/strong>: NMN-lis\u00e4ys voi tukea solujen kyky\u00e4 korjata vaurioitunutta DNA:ta.<\/li>\n<li><strong>Hermoston tuki<\/strong>: alustavat tutkimukset viittaavat siihen, ett\u00e4 NMN voi tukea neurologisia toimintoja ja auttaa suojaamaan hermosolujen rappeutumiselta.<\/li>\n<li><strong>Lis\u00e4\u00e4ntynyt energia<\/strong>: tukemalla mitokondrioiden toimintaa NMN voi edist\u00e4\u00e4 kehon yleisen energiatason nousua.<\/li>\n<\/ol>\n<p>&nbsp;<\/p>\n<p>NMN on innovatiivinen ravintolis\u00e4, jossa keskityt\u00e4\u00e4n tukemaan tervett\u00e4 ik\u00e4\u00e4ntymist\u00e4 ja solujen energiatehokkuutta tukemalla elimist\u00f6n NAD+-tasoja. Ihanteellinen niille, jotka haluavat parantaa yleist\u00e4 elinvoimaisuutta ja jotka haluavat ymm\u00e4rt\u00e4\u00e4 ik\u00e4\u00e4ntymistutkimuksen viimeisint\u00e4 kehityst\u00e4. <\/p>\n","protected":false},"excerpt":{"rendered":"<p><strong>NMN<\/strong> tarkoittaa <strong>nikotiiniamidi-mononukleotidia<\/strong>, joka on elimist\u00f6ss\u00e4mme luonnostaan esiintyv\u00e4 avainmolekyyli, jolla on elint\u00e4rke\u00e4 rooli NAD+:n tuotannossa, joka on t\u00e4rke\u00e4 koentsyymi ihmiskehon jokaisessa solussa. NAD+-tasot laskevat luonnollisesti ik\u00e4\u00e4ntyess\u00e4, mik\u00e4 vaikuttaa kehon erilaisiin biokemiallisiin prosesseihin. <\/p>\n","protected":false},"featured_media":41395,"template":"","meta":{"_acf_changed":false},"product_brand":[],"product_cat":[535],"product_tag":[],"class_list":{"0":"post-26874","1":"product","2":"type-product","3":"status-publish","4":"has-post-thumbnail","6":"product_cat-ravintolisien-ainesosat","8":"first","9":"instock","10":"shipping-taxable","11":"product-type-simple"},"acf":[],"yoast_head":"<!-- This site is optimized with the Yoast SEO plugin v27.4 - https:\/\/yoast.com\/product\/yoast-seo-wordpress\/ -->\n<title>NMN (nikotiiniamidi-mononukleotidi) - Tukkudistribuutio<\/title>\n<meta name=\"description\" content=\"NMN keskittyy tukemaan tervett\u00e4 ik\u00e4\u00e4ntymist\u00e4 ja solujen energialiikennett\u00e4 tukemalla NAD+-tasoja elimist\u00f6ss\u00e4.\" \/>\n<meta name=\"robots\" content=\"index, follow, max-snippet:-1, max-image-preview:large, max-video-preview:-1\" \/>\n<link rel=\"canonical\" href=\"https:\/\/naturalpoland.com\/fi\/tuotteet\/laaketeollisuuden-tuotteet\/ravintolisien-ainesosat\/nmn-nikotiiniamidi-monononukleotidi\/\" \/>\n<meta property=\"og:locale\" content=\"fi_FI\" \/>\n<meta property=\"og:type\" content=\"article\" \/>\n<meta property=\"og:title\" content=\"NMN (nikotiiniamidi-mononukleotidi) - Tukkudistribuutio\" \/>\n<meta property=\"og:description\" content=\"NMN keskittyy tukemaan tervett\u00e4 ik\u00e4\u00e4ntymist\u00e4 ja solujen energialiikennett\u00e4 tukemalla NAD+-tasoja elimist\u00f6ss\u00e4.\" \/>\n<meta property=\"og:url\" content=\"https:\/\/naturalpoland.com\/fi\/tuotteet\/laaketeollisuuden-tuotteet\/ravintolisien-ainesosat\/nmn-nikotiiniamidi-monononukleotidi\/\" \/>\n<meta property=\"og:site_name\" content=\"NATURAL POLAND - RAAKA-AINEIDEN TUKKUJAKELIJA\" \/>\n<meta property=\"article:publisher\" content=\"https:\/\/www.facebook.com\/naturalpoland.b2b\" \/>\n<meta property=\"article:modified_time\" content=\"2026-02-09T11:41:12+00:00\" \/>\n<meta property=\"og:image\" content=\"https:\/\/naturalpoland.com\/wp-content\/uploads\/nmn.webp\" \/>\n\t<meta property=\"og:image:width\" content=\"1024\" \/>\n\t<meta property=\"og:image:height\" content=\"1024\" \/>\n\t<meta property=\"og:image:type\" content=\"image\/webp\" \/>\n<script type=\"application\/ld+json\" class=\"yoast-schema-graph\">{\"@context\":\"https:\\\/\\\/schema.org\",\"@graph\":[{\"@type\":\"WebPage\",\"@id\":\"https:\\\/\\\/naturalpoland.com\\\/fi\\\/tuotteet\\\/laaketeollisuuden-tuotteet\\\/ravintolisien-ainesosat\\\/nmn-nikotiiniamidi-monononukleotidi\\\/\",\"url\":\"https:\\\/\\\/naturalpoland.com\\\/fi\\\/tuotteet\\\/laaketeollisuuden-tuotteet\\\/ravintolisien-ainesosat\\\/nmn-nikotiiniamidi-monononukleotidi\\\/\",\"name\":\"NMN (nikotiiniamidi-mononukleotidi) - Tukkudistribuutio\",\"isPartOf\":{\"@id\":\"https:\\\/\\\/naturalpoland.com\\\/fi\\\/#website\"},\"primaryImageOfPage\":{\"@id\":\"https:\\\/\\\/naturalpoland.com\\\/fi\\\/tuotteet\\\/laaketeollisuuden-tuotteet\\\/ravintolisien-ainesosat\\\/nmn-nikotiiniamidi-monononukleotidi\\\/#primaryimage\"},\"image\":{\"@id\":\"https:\\\/\\\/naturalpoland.com\\\/fi\\\/tuotteet\\\/laaketeollisuuden-tuotteet\\\/ravintolisien-ainesosat\\\/nmn-nikotiiniamidi-monononukleotidi\\\/#primaryimage\"},\"thumbnailUrl\":\"https:\\\/\\\/naturalpoland.com\\\/wp-content\\\/uploads\\\/nmn.webp\",\"datePublished\":\"2023-10-17T11:28:14+00:00\",\"dateModified\":\"2026-02-09T11:41:12+00:00\",\"description\":\"NMN keskittyy tukemaan tervett\u00e4 ik\u00e4\u00e4ntymist\u00e4 ja solujen energialiikennett\u00e4 tukemalla NAD+-tasoja elimist\u00f6ss\u00e4.\",\"breadcrumb\":{\"@id\":\"https:\\\/\\\/naturalpoland.com\\\/fi\\\/tuotteet\\\/laaketeollisuuden-tuotteet\\\/ravintolisien-ainesosat\\\/nmn-nikotiiniamidi-monononukleotidi\\\/#breadcrumb\"},\"inLanguage\":\"fi\",\"potentialAction\":[{\"@type\":\"ReadAction\",\"target\":[\"https:\\\/\\\/naturalpoland.com\\\/fi\\\/tuotteet\\\/laaketeollisuuden-tuotteet\\\/ravintolisien-ainesosat\\\/nmn-nikotiiniamidi-monononukleotidi\\\/\"]}]},{\"@type\":\"ImageObject\",\"inLanguage\":\"fi\",\"@id\":\"https:\\\/\\\/naturalpoland.com\\\/fi\\\/tuotteet\\\/laaketeollisuuden-tuotteet\\\/ravintolisien-ainesosat\\\/nmn-nikotiiniamidi-monononukleotidi\\\/#primaryimage\",\"url\":\"https:\\\/\\\/naturalpoland.com\\\/wp-content\\\/uploads\\\/nmn.webp\",\"contentUrl\":\"https:\\\/\\\/naturalpoland.com\\\/wp-content\\\/uploads\\\/nmn.webp\",\"width\":1024,\"height\":1024,\"caption\":\"nikotiiniamidi-mononukleotidijauhe\"},{\"@type\":\"BreadcrumbList\",\"@id\":\"https:\\\/\\\/naturalpoland.com\\\/fi\\\/tuotteet\\\/laaketeollisuuden-tuotteet\\\/ravintolisien-ainesosat\\\/nmn-nikotiiniamidi-monononukleotidi\\\/#breadcrumb\",\"itemListElement\":[{\"@type\":\"ListItem\",\"position\":1,\"name\":\"Etusivu\",\"item\":\"https:\\\/\\\/naturalpoland.com\\\/fi\\\/\"},{\"@type\":\"ListItem\",\"position\":2,\"name\":\"Tuotteet\",\"item\":\"https:\\\/\\\/naturalpoland.com\\\/fi\\\/tuotteet\\\/\"},{\"@type\":\"ListItem\",\"position\":3,\"name\":\"NMN (nikotiiniamidi-mononukleotidi)\"}]},{\"@type\":\"WebSite\",\"@id\":\"https:\\\/\\\/naturalpoland.com\\\/fi\\\/#website\",\"url\":\"https:\\\/\\\/naturalpoland.com\\\/fi\\\/\",\"name\":\"NATURAL POLAND - RAAKA-AINEIDEN TUKKUJAKELIJA\",\"description\":\"Surowce dla przemys\u0142u spo\u017cywczego, kosmetycznego i farmaceutycznego\",\"publisher\":{\"@id\":\"https:\\\/\\\/naturalpoland.com\\\/fi\\\/#organization\"},\"potentialAction\":[{\"@type\":\"SearchAction\",\"target\":{\"@type\":\"EntryPoint\",\"urlTemplate\":\"https:\\\/\\\/naturalpoland.com\\\/fi\\\/?s={search_term_string}\"},\"query-input\":{\"@type\":\"PropertyValueSpecification\",\"valueRequired\":true,\"valueName\":\"search_term_string\"}}],\"inLanguage\":\"fi\"},{\"@type\":\"Organization\",\"@id\":\"https:\\\/\\\/naturalpoland.com\\\/fi\\\/#organization\",\"name\":\"Natural Poland\",\"url\":\"https:\\\/\\\/naturalpoland.com\\\/fi\\\/\",\"logo\":{\"@type\":\"ImageObject\",\"inLanguage\":\"fi\",\"@id\":\"https:\\\/\\\/naturalpoland.com\\\/fi\\\/#\\\/schema\\\/logo\\\/image\\\/\",\"url\":\"https:\\\/\\\/naturalpoland.com\\\/wp-content\\\/uploads\\\/2021\\\/05\\\/natural-poland-icon.png\",\"contentUrl\":\"https:\\\/\\\/naturalpoland.com\\\/wp-content\\\/uploads\\\/2021\\\/05\\\/natural-poland-icon.png\",\"width\":512,\"height\":512,\"caption\":\"Natural Poland\"},\"image\":{\"@id\":\"https:\\\/\\\/naturalpoland.com\\\/fi\\\/#\\\/schema\\\/logo\\\/image\\\/\"},\"sameAs\":[\"https:\\\/\\\/www.facebook.com\\\/naturalpoland.b2b\",\"https:\\\/\\\/pl.linkedin.com\\\/company\\\/natural-poland\",\"https:\\\/\\\/www.youtube.com\\\/channel\\\/UCgeGGkvOMahZo-xu_MSEWxg\"]}]}<\/script>\n<!-- \/ Yoast SEO plugin. -->","yoast_head_json":{"title":"NMN (nikotiiniamidi-mononukleotidi) - Tukkudistribuutio","description":"NMN keskittyy tukemaan tervett\u00e4 ik\u00e4\u00e4ntymist\u00e4 ja solujen energialiikennett\u00e4 tukemalla NAD+-tasoja elimist\u00f6ss\u00e4.","robots":{"index":"index","follow":"follow","max-snippet":"max-snippet:-1","max-image-preview":"max-image-preview:large","max-video-preview":"max-video-preview:-1"},"canonical":"https:\/\/naturalpoland.com\/fi\/tuotteet\/laaketeollisuuden-tuotteet\/ravintolisien-ainesosat\/nmn-nikotiiniamidi-monononukleotidi\/","og_locale":"fi_FI","og_type":"article","og_title":"NMN (nikotiiniamidi-mononukleotidi) - Tukkudistribuutio","og_description":"NMN keskittyy tukemaan tervett\u00e4 ik\u00e4\u00e4ntymist\u00e4 ja solujen energialiikennett\u00e4 tukemalla NAD+-tasoja elimist\u00f6ss\u00e4.","og_url":"https:\/\/naturalpoland.com\/fi\/tuotteet\/laaketeollisuuden-tuotteet\/ravintolisien-ainesosat\/nmn-nikotiiniamidi-monononukleotidi\/","og_site_name":"NATURAL POLAND - RAAKA-AINEIDEN TUKKUJAKELIJA","article_publisher":"https:\/\/www.facebook.com\/naturalpoland.b2b","article_modified_time":"2026-02-09T11:41:12+00:00","og_image":[{"width":1024,"height":1024,"url":"https:\/\/naturalpoland.com\/wp-content\/uploads\/nmn.webp","type":"image\/webp"}],"schema":{"@context":"https:\/\/schema.org","@graph":[{"@type":"WebPage","@id":"https:\/\/naturalpoland.com\/fi\/tuotteet\/laaketeollisuuden-tuotteet\/ravintolisien-ainesosat\/nmn-nikotiiniamidi-monononukleotidi\/","url":"https:\/\/naturalpoland.com\/fi\/tuotteet\/laaketeollisuuden-tuotteet\/ravintolisien-ainesosat\/nmn-nikotiiniamidi-monononukleotidi\/","name":"NMN (nikotiiniamidi-mononukleotidi) - Tukkudistribuutio","isPartOf":{"@id":"https:\/\/naturalpoland.com\/fi\/#website"},"primaryImageOfPage":{"@id":"https:\/\/naturalpoland.com\/fi\/tuotteet\/laaketeollisuuden-tuotteet\/ravintolisien-ainesosat\/nmn-nikotiiniamidi-monononukleotidi\/#primaryimage"},"image":{"@id":"https:\/\/naturalpoland.com\/fi\/tuotteet\/laaketeollisuuden-tuotteet\/ravintolisien-ainesosat\/nmn-nikotiiniamidi-monononukleotidi\/#primaryimage"},"thumbnailUrl":"https:\/\/naturalpoland.com\/wp-content\/uploads\/nmn.webp","datePublished":"2023-10-17T11:28:14+00:00","dateModified":"2026-02-09T11:41:12+00:00","description":"NMN keskittyy tukemaan tervett\u00e4 ik\u00e4\u00e4ntymist\u00e4 ja solujen energialiikennett\u00e4 tukemalla NAD+-tasoja elimist\u00f6ss\u00e4.","breadcrumb":{"@id":"https:\/\/naturalpoland.com\/fi\/tuotteet\/laaketeollisuuden-tuotteet\/ravintolisien-ainesosat\/nmn-nikotiiniamidi-monononukleotidi\/#breadcrumb"},"inLanguage":"fi","potentialAction":[{"@type":"ReadAction","target":["https:\/\/naturalpoland.com\/fi\/tuotteet\/laaketeollisuuden-tuotteet\/ravintolisien-ainesosat\/nmn-nikotiiniamidi-monononukleotidi\/"]}]},{"@type":"ImageObject","inLanguage":"fi","@id":"https:\/\/naturalpoland.com\/fi\/tuotteet\/laaketeollisuuden-tuotteet\/ravintolisien-ainesosat\/nmn-nikotiiniamidi-monononukleotidi\/#primaryimage","url":"https:\/\/naturalpoland.com\/wp-content\/uploads\/nmn.webp","contentUrl":"https:\/\/naturalpoland.com\/wp-content\/uploads\/nmn.webp","width":1024,"height":1024,"caption":"nikotiiniamidi-mononukleotidijauhe"},{"@type":"BreadcrumbList","@id":"https:\/\/naturalpoland.com\/fi\/tuotteet\/laaketeollisuuden-tuotteet\/ravintolisien-ainesosat\/nmn-nikotiiniamidi-monononukleotidi\/#breadcrumb","itemListElement":[{"@type":"ListItem","position":1,"name":"Etusivu","item":"https:\/\/naturalpoland.com\/fi\/"},{"@type":"ListItem","position":2,"name":"Tuotteet","item":"https:\/\/naturalpoland.com\/fi\/tuotteet\/"},{"@type":"ListItem","position":3,"name":"NMN (nikotiiniamidi-mononukleotidi)"}]},{"@type":"WebSite","@id":"https:\/\/naturalpoland.com\/fi\/#website","url":"https:\/\/naturalpoland.com\/fi\/","name":"NATURAL POLAND - RAAKA-AINEIDEN TUKKUJAKELIJA","description":"Surowce dla przemys\u0142u spo\u017cywczego, kosmetycznego i farmaceutycznego","publisher":{"@id":"https:\/\/naturalpoland.com\/fi\/#organization"},"potentialAction":[{"@type":"SearchAction","target":{"@type":"EntryPoint","urlTemplate":"https:\/\/naturalpoland.com\/fi\/?s={search_term_string}"},"query-input":{"@type":"PropertyValueSpecification","valueRequired":true,"valueName":"search_term_string"}}],"inLanguage":"fi"},{"@type":"Organization","@id":"https:\/\/naturalpoland.com\/fi\/#organization","name":"Natural Poland","url":"https:\/\/naturalpoland.com\/fi\/","logo":{"@type":"ImageObject","inLanguage":"fi","@id":"https:\/\/naturalpoland.com\/fi\/#\/schema\/logo\/image\/","url":"https:\/\/naturalpoland.com\/wp-content\/uploads\/2021\/05\/natural-poland-icon.png","contentUrl":"https:\/\/naturalpoland.com\/wp-content\/uploads\/2021\/05\/natural-poland-icon.png","width":512,"height":512,"caption":"Natural Poland"},"image":{"@id":"https:\/\/naturalpoland.com\/fi\/#\/schema\/logo\/image\/"},"sameAs":["https:\/\/www.facebook.com\/naturalpoland.b2b","https:\/\/pl.linkedin.com\/company\/natural-poland","https:\/\/www.youtube.com\/channel\/UCgeGGkvOMahZo-xu_MSEWxg"]}]}},"_links":{"self":[{"href":"https:\/\/naturalpoland.com\/fi\/wp-json\/wp\/v2\/product\/26874","targetHints":{"allow":["GET"]}}],"collection":[{"href":"https:\/\/naturalpoland.com\/fi\/wp-json\/wp\/v2\/product"}],"about":[{"href":"https:\/\/naturalpoland.com\/fi\/wp-json\/wp\/v2\/types\/product"}],"wp:featuredmedia":[{"embeddable":true,"href":"https:\/\/naturalpoland.com\/fi\/wp-json\/wp\/v2\/media\/41395"}],"wp:attachment":[{"href":"https:\/\/naturalpoland.com\/fi\/wp-json\/wp\/v2\/media?parent=26874"}],"wp:term":[{"taxonomy":"product_brand","embeddable":true,"href":"https:\/\/naturalpoland.com\/fi\/wp-json\/wp\/v2\/product_brand?post=26874"},{"taxonomy":"product_cat","embeddable":true,"href":"https:\/\/naturalpoland.com\/fi\/wp-json\/wp\/v2\/product_cat?post=26874"},{"taxonomy":"product_tag","embeddable":true,"href":"https:\/\/naturalpoland.com\/fi\/wp-json\/wp\/v2\/product_tag?post=26874"}],"curies":[{"name":"wp","href":"https:\/\/api.w.org\/{rel}","templated":true}]}}