{"id":27230,"date":"2023-10-26T13:16:46","date_gmt":"2023-10-26T11:16:46","guid":{"rendered":"https:\/\/naturalpoland.com\/produkty\/Ei-luokiteltu\/pepsiini-ec-3-4-23-1\/"},"modified":"2023-10-26T15:33:20","modified_gmt":"2023-10-26T13:33:20","slug":"pepsiini","status":"publish","type":"product","link":"https:\/\/naturalpoland.com\/fi\/tuotteet\/elintarviketeollisuuden-tuotteet\/entsyymit\/maitoentsyymit\/pepsiini\/","title":{"rendered":"Pepsiini EC 3.4.23.1"},"content":{"rendered":"<h3>Alkuper\u00e4:<\/h3>\n<ul>\n<li><strong>Bakteerikannat:<\/strong> <em>Lactobacillus, Bifidobacterium, Bacillus.<\/em><\/li>\n<\/ul>\n<h3>Papsiinin toiminta:<\/h3>\n<ul>\n<li><strong>Proteiinien pilkkominen:<\/strong> Pepsiini vaikuttaa proteiineihin pilkkomalla ne vesiliukoisiksi peptoneiksi. T\u00e4m\u00e4 toiminta on keskeist\u00e4 monissa meijeriteknologian prosesseissa.<\/li>\n<\/ul>\n<h3>Sovellukset:<\/h3>\n<ul>\n<li><strong>Juuston kypsytys:<\/strong> Pepsiini on v\u00e4ltt\u00e4m\u00e4t\u00f6n kovien ja puolikovien juustojen kypsytyksess\u00e4. Sen ansiosta juustot saavat halutun rakenteen ja ainutlaatuisen aromin.<\/li>\n<li><strong>Maidon leikkaus:<\/strong> Juustonvalmistuksessa t\u00e4m\u00e4 entsyymi nopeuttaa ja optimoi maidon leikkausprosessia, jolloin tuote on koostumukseltaan ihanteellinen.<\/li>\n<\/ul>\n<p>Tehokkuutensa ja spesifisen vaikutuksensa ansiosta pepsiinist\u00e4 EC 3.4.23.1 on tullut yksi meijeriteollisuuden t\u00e4rkeimmist\u00e4 entsyymeist\u00e4, joka takaa korkealaatuisten, maultaan ja koostumukseltaan poikkeuksellisten tuotteiden tuotannon.<\/p>\n","protected":false},"excerpt":{"rendered":"<p><strong>Pepsiini<\/strong>, jonka tunnus on <strong>EC 3.4.23.1<\/strong>, on proteolyyttinen entsyymi, jolla on erityinen aktiivisuus ja jolla on korvaamaton rooli meijeriteollisuudessa. Se on eristetty valikoiduista bakteerikannoista, ja se on avain laadukkaisiin maitotuotteisiin.<\/p>\n","protected":false},"featured_media":27442,"template":"","meta":{"_acf_changed":false},"product_brand":[],"product_cat":[2726],"product_tag":[],"class_list":{"0":"post-27230","1":"product","2":"type-product","3":"status-publish","4":"has-post-thumbnail","6":"product_cat-maitoentsyymit","8":"first","9":"instock","10":"shipping-taxable","11":"product-type-simple"},"acf":[],"yoast_head":"<!-- This site is optimized with the Yoast SEO plugin v27.4 - https:\/\/yoast.com\/product\/yoast-seo-wordpress\/ -->\n<title>Pepsiini EC 3.4.23.1 - Tukkudistribuutio<\/title>\n<meta name=\"description\" content=\"Pepsiini on yksi meijeriteollisuuden t\u00e4rkeimmist\u00e4 entsyymeist\u00e4, joka takaa korkealaatuisten, maultaan ja koostumukseltaan poikkeuksellisten tuotteiden tuotannon.\" \/>\n<meta name=\"robots\" content=\"index, follow, max-snippet:-1, max-image-preview:large, max-video-preview:-1\" \/>\n<link rel=\"canonical\" href=\"https:\/\/naturalpoland.com\/fi\/tuotteet\/elintarviketeollisuuden-tuotteet\/entsyymit\/maitoentsyymit\/pepsiini\/\" \/>\n<meta property=\"og:locale\" content=\"fi_FI\" \/>\n<meta property=\"og:type\" content=\"article\" \/>\n<meta property=\"og:title\" content=\"Pepsiini EC 3.4.23.1 - Tukkudistribuutio\" \/>\n<meta property=\"og:description\" content=\"Pepsiini on yksi meijeriteollisuuden t\u00e4rkeimmist\u00e4 entsyymeist\u00e4, joka takaa korkealaatuisten, maultaan ja koostumukseltaan poikkeuksellisten tuotteiden tuotannon.\" \/>\n<meta property=\"og:url\" content=\"https:\/\/naturalpoland.com\/fi\/tuotteet\/elintarviketeollisuuden-tuotteet\/entsyymit\/maitoentsyymit\/pepsiini\/\" \/>\n<meta property=\"og:site_name\" content=\"NATURAL POLAND - RAAKA-AINEIDEN TUKKUJAKELIJA\" \/>\n<meta property=\"article:publisher\" content=\"https:\/\/www.facebook.com\/naturalpoland.b2b\" \/>\n<meta property=\"article:modified_time\" content=\"2023-10-26T13:33:20+00:00\" \/>\n<meta property=\"og:image\" content=\"https:\/\/naturalpoland.com\/wp-content\/uploads\/pepsyna.jpg\" \/>\n\t<meta property=\"og:image:width\" content=\"650\" \/>\n\t<meta property=\"og:image:height\" content=\"650\" \/>\n\t<meta property=\"og:image:type\" content=\"image\/jpeg\" \/>\n<script type=\"application\/ld+json\" class=\"yoast-schema-graph\">{\"@context\":\"https:\\\/\\\/schema.org\",\"@graph\":[{\"@type\":\"WebPage\",\"@id\":\"https:\\\/\\\/naturalpoland.com\\\/fi\\\/tuotteet\\\/elintarviketeollisuuden-tuotteet\\\/entsyymit\\\/maitoentsyymit\\\/pepsiini\\\/\",\"url\":\"https:\\\/\\\/naturalpoland.com\\\/fi\\\/tuotteet\\\/elintarviketeollisuuden-tuotteet\\\/entsyymit\\\/maitoentsyymit\\\/pepsiini\\\/\",\"name\":\"Pepsiini EC 3.4.23.1 - Tukkudistribuutio\",\"isPartOf\":{\"@id\":\"https:\\\/\\\/naturalpoland.com\\\/fi\\\/#website\"},\"primaryImageOfPage\":{\"@id\":\"https:\\\/\\\/naturalpoland.com\\\/fi\\\/tuotteet\\\/elintarviketeollisuuden-tuotteet\\\/entsyymit\\\/maitoentsyymit\\\/pepsiini\\\/#primaryimage\"},\"image\":{\"@id\":\"https:\\\/\\\/naturalpoland.com\\\/fi\\\/tuotteet\\\/elintarviketeollisuuden-tuotteet\\\/entsyymit\\\/maitoentsyymit\\\/pepsiini\\\/#primaryimage\"},\"thumbnailUrl\":\"https:\\\/\\\/naturalpoland.com\\\/wp-content\\\/uploads\\\/pepsyna.jpg\",\"datePublished\":\"2023-10-26T11:16:46+00:00\",\"dateModified\":\"2023-10-26T13:33:20+00:00\",\"description\":\"Pepsiini on yksi meijeriteollisuuden t\u00e4rkeimmist\u00e4 entsyymeist\u00e4, joka takaa korkealaatuisten, maultaan ja koostumukseltaan poikkeuksellisten tuotteiden tuotannon.\",\"breadcrumb\":{\"@id\":\"https:\\\/\\\/naturalpoland.com\\\/fi\\\/tuotteet\\\/elintarviketeollisuuden-tuotteet\\\/entsyymit\\\/maitoentsyymit\\\/pepsiini\\\/#breadcrumb\"},\"inLanguage\":\"fi\",\"potentialAction\":[{\"@type\":\"ReadAction\",\"target\":[\"https:\\\/\\\/naturalpoland.com\\\/fi\\\/tuotteet\\\/elintarviketeollisuuden-tuotteet\\\/entsyymit\\\/maitoentsyymit\\\/pepsiini\\\/\"]}]},{\"@type\":\"ImageObject\",\"inLanguage\":\"fi\",\"@id\":\"https:\\\/\\\/naturalpoland.com\\\/fi\\\/tuotteet\\\/elintarviketeollisuuden-tuotteet\\\/entsyymit\\\/maitoentsyymit\\\/pepsiini\\\/#primaryimage\",\"url\":\"https:\\\/\\\/naturalpoland.com\\\/wp-content\\\/uploads\\\/pepsyna.jpg\",\"contentUrl\":\"https:\\\/\\\/naturalpoland.com\\\/wp-content\\\/uploads\\\/pepsyna.jpg\",\"width\":650,\"height\":650,\"caption\":\"pepsyna\"},{\"@type\":\"BreadcrumbList\",\"@id\":\"https:\\\/\\\/naturalpoland.com\\\/fi\\\/tuotteet\\\/elintarviketeollisuuden-tuotteet\\\/entsyymit\\\/maitoentsyymit\\\/pepsiini\\\/#breadcrumb\",\"itemListElement\":[{\"@type\":\"ListItem\",\"position\":1,\"name\":\"Etusivu\",\"item\":\"https:\\\/\\\/naturalpoland.com\\\/fi\\\/\"},{\"@type\":\"ListItem\",\"position\":2,\"name\":\"Tuotteet\",\"item\":\"https:\\\/\\\/naturalpoland.com\\\/fi\\\/tuotteet\\\/\"},{\"@type\":\"ListItem\",\"position\":3,\"name\":\"Pepsiini EC 3.4.23.1\"}]},{\"@type\":\"WebSite\",\"@id\":\"https:\\\/\\\/naturalpoland.com\\\/fi\\\/#website\",\"url\":\"https:\\\/\\\/naturalpoland.com\\\/fi\\\/\",\"name\":\"NATURAL POLAND - RAAKA-AINEIDEN TUKKUJAKELIJA\",\"description\":\"Surowce dla przemys\u0142u spo\u017cywczego, kosmetycznego i farmaceutycznego\",\"publisher\":{\"@id\":\"https:\\\/\\\/naturalpoland.com\\\/fi\\\/#organization\"},\"potentialAction\":[{\"@type\":\"SearchAction\",\"target\":{\"@type\":\"EntryPoint\",\"urlTemplate\":\"https:\\\/\\\/naturalpoland.com\\\/fi\\\/?s={search_term_string}\"},\"query-input\":{\"@type\":\"PropertyValueSpecification\",\"valueRequired\":true,\"valueName\":\"search_term_string\"}}],\"inLanguage\":\"fi\"},{\"@type\":\"Organization\",\"@id\":\"https:\\\/\\\/naturalpoland.com\\\/fi\\\/#organization\",\"name\":\"Natural Poland\",\"url\":\"https:\\\/\\\/naturalpoland.com\\\/fi\\\/\",\"logo\":{\"@type\":\"ImageObject\",\"inLanguage\":\"fi\",\"@id\":\"https:\\\/\\\/naturalpoland.com\\\/fi\\\/#\\\/schema\\\/logo\\\/image\\\/\",\"url\":\"https:\\\/\\\/naturalpoland.com\\\/wp-content\\\/uploads\\\/2021\\\/05\\\/natural-poland-icon.png\",\"contentUrl\":\"https:\\\/\\\/naturalpoland.com\\\/wp-content\\\/uploads\\\/2021\\\/05\\\/natural-poland-icon.png\",\"width\":512,\"height\":512,\"caption\":\"Natural Poland\"},\"image\":{\"@id\":\"https:\\\/\\\/naturalpoland.com\\\/fi\\\/#\\\/schema\\\/logo\\\/image\\\/\"},\"sameAs\":[\"https:\\\/\\\/www.facebook.com\\\/naturalpoland.b2b\",\"https:\\\/\\\/pl.linkedin.com\\\/company\\\/natural-poland\",\"https:\\\/\\\/www.youtube.com\\\/channel\\\/UCgeGGkvOMahZo-xu_MSEWxg\"]}]}<\/script>\n<!-- \/ Yoast SEO plugin. -->","yoast_head_json":{"title":"Pepsiini EC 3.4.23.1 - Tukkudistribuutio","description":"Pepsiini on yksi meijeriteollisuuden t\u00e4rkeimmist\u00e4 entsyymeist\u00e4, joka takaa korkealaatuisten, maultaan ja koostumukseltaan poikkeuksellisten tuotteiden tuotannon.","robots":{"index":"index","follow":"follow","max-snippet":"max-snippet:-1","max-image-preview":"max-image-preview:large","max-video-preview":"max-video-preview:-1"},"canonical":"https:\/\/naturalpoland.com\/fi\/tuotteet\/elintarviketeollisuuden-tuotteet\/entsyymit\/maitoentsyymit\/pepsiini\/","og_locale":"fi_FI","og_type":"article","og_title":"Pepsiini EC 3.4.23.1 - Tukkudistribuutio","og_description":"Pepsiini on yksi meijeriteollisuuden t\u00e4rkeimmist\u00e4 entsyymeist\u00e4, joka takaa korkealaatuisten, maultaan ja koostumukseltaan poikkeuksellisten tuotteiden tuotannon.","og_url":"https:\/\/naturalpoland.com\/fi\/tuotteet\/elintarviketeollisuuden-tuotteet\/entsyymit\/maitoentsyymit\/pepsiini\/","og_site_name":"NATURAL POLAND - RAAKA-AINEIDEN TUKKUJAKELIJA","article_publisher":"https:\/\/www.facebook.com\/naturalpoland.b2b","article_modified_time":"2023-10-26T13:33:20+00:00","og_image":[{"width":650,"height":650,"url":"https:\/\/naturalpoland.com\/wp-content\/uploads\/pepsyna.jpg","type":"image\/jpeg"}],"schema":{"@context":"https:\/\/schema.org","@graph":[{"@type":"WebPage","@id":"https:\/\/naturalpoland.com\/fi\/tuotteet\/elintarviketeollisuuden-tuotteet\/entsyymit\/maitoentsyymit\/pepsiini\/","url":"https:\/\/naturalpoland.com\/fi\/tuotteet\/elintarviketeollisuuden-tuotteet\/entsyymit\/maitoentsyymit\/pepsiini\/","name":"Pepsiini EC 3.4.23.1 - Tukkudistribuutio","isPartOf":{"@id":"https:\/\/naturalpoland.com\/fi\/#website"},"primaryImageOfPage":{"@id":"https:\/\/naturalpoland.com\/fi\/tuotteet\/elintarviketeollisuuden-tuotteet\/entsyymit\/maitoentsyymit\/pepsiini\/#primaryimage"},"image":{"@id":"https:\/\/naturalpoland.com\/fi\/tuotteet\/elintarviketeollisuuden-tuotteet\/entsyymit\/maitoentsyymit\/pepsiini\/#primaryimage"},"thumbnailUrl":"https:\/\/naturalpoland.com\/wp-content\/uploads\/pepsyna.jpg","datePublished":"2023-10-26T11:16:46+00:00","dateModified":"2023-10-26T13:33:20+00:00","description":"Pepsiini on yksi meijeriteollisuuden t\u00e4rkeimmist\u00e4 entsyymeist\u00e4, joka takaa korkealaatuisten, maultaan ja koostumukseltaan poikkeuksellisten tuotteiden tuotannon.","breadcrumb":{"@id":"https:\/\/naturalpoland.com\/fi\/tuotteet\/elintarviketeollisuuden-tuotteet\/entsyymit\/maitoentsyymit\/pepsiini\/#breadcrumb"},"inLanguage":"fi","potentialAction":[{"@type":"ReadAction","target":["https:\/\/naturalpoland.com\/fi\/tuotteet\/elintarviketeollisuuden-tuotteet\/entsyymit\/maitoentsyymit\/pepsiini\/"]}]},{"@type":"ImageObject","inLanguage":"fi","@id":"https:\/\/naturalpoland.com\/fi\/tuotteet\/elintarviketeollisuuden-tuotteet\/entsyymit\/maitoentsyymit\/pepsiini\/#primaryimage","url":"https:\/\/naturalpoland.com\/wp-content\/uploads\/pepsyna.jpg","contentUrl":"https:\/\/naturalpoland.com\/wp-content\/uploads\/pepsyna.jpg","width":650,"height":650,"caption":"pepsyna"},{"@type":"BreadcrumbList","@id":"https:\/\/naturalpoland.com\/fi\/tuotteet\/elintarviketeollisuuden-tuotteet\/entsyymit\/maitoentsyymit\/pepsiini\/#breadcrumb","itemListElement":[{"@type":"ListItem","position":1,"name":"Etusivu","item":"https:\/\/naturalpoland.com\/fi\/"},{"@type":"ListItem","position":2,"name":"Tuotteet","item":"https:\/\/naturalpoland.com\/fi\/tuotteet\/"},{"@type":"ListItem","position":3,"name":"Pepsiini EC 3.4.23.1"}]},{"@type":"WebSite","@id":"https:\/\/naturalpoland.com\/fi\/#website","url":"https:\/\/naturalpoland.com\/fi\/","name":"NATURAL POLAND - RAAKA-AINEIDEN TUKKUJAKELIJA","description":"Surowce dla przemys\u0142u spo\u017cywczego, kosmetycznego i farmaceutycznego","publisher":{"@id":"https:\/\/naturalpoland.com\/fi\/#organization"},"potentialAction":[{"@type":"SearchAction","target":{"@type":"EntryPoint","urlTemplate":"https:\/\/naturalpoland.com\/fi\/?s={search_term_string}"},"query-input":{"@type":"PropertyValueSpecification","valueRequired":true,"valueName":"search_term_string"}}],"inLanguage":"fi"},{"@type":"Organization","@id":"https:\/\/naturalpoland.com\/fi\/#organization","name":"Natural Poland","url":"https:\/\/naturalpoland.com\/fi\/","logo":{"@type":"ImageObject","inLanguage":"fi","@id":"https:\/\/naturalpoland.com\/fi\/#\/schema\/logo\/image\/","url":"https:\/\/naturalpoland.com\/wp-content\/uploads\/2021\/05\/natural-poland-icon.png","contentUrl":"https:\/\/naturalpoland.com\/wp-content\/uploads\/2021\/05\/natural-poland-icon.png","width":512,"height":512,"caption":"Natural Poland"},"image":{"@id":"https:\/\/naturalpoland.com\/fi\/#\/schema\/logo\/image\/"},"sameAs":["https:\/\/www.facebook.com\/naturalpoland.b2b","https:\/\/pl.linkedin.com\/company\/natural-poland","https:\/\/www.youtube.com\/channel\/UCgeGGkvOMahZo-xu_MSEWxg"]}]}},"_links":{"self":[{"href":"https:\/\/naturalpoland.com\/fi\/wp-json\/wp\/v2\/product\/27230","targetHints":{"allow":["GET"]}}],"collection":[{"href":"https:\/\/naturalpoland.com\/fi\/wp-json\/wp\/v2\/product"}],"about":[{"href":"https:\/\/naturalpoland.com\/fi\/wp-json\/wp\/v2\/types\/product"}],"wp:featuredmedia":[{"embeddable":true,"href":"https:\/\/naturalpoland.com\/fi\/wp-json\/wp\/v2\/media\/27442"}],"wp:attachment":[{"href":"https:\/\/naturalpoland.com\/fi\/wp-json\/wp\/v2\/media?parent=27230"}],"wp:term":[{"taxonomy":"product_brand","embeddable":true,"href":"https:\/\/naturalpoland.com\/fi\/wp-json\/wp\/v2\/product_brand?post=27230"},{"taxonomy":"product_cat","embeddable":true,"href":"https:\/\/naturalpoland.com\/fi\/wp-json\/wp\/v2\/product_cat?post=27230"},{"taxonomy":"product_tag","embeddable":true,"href":"https:\/\/naturalpoland.com\/fi\/wp-json\/wp\/v2\/product_tag?post=27230"}],"curies":[{"name":"wp","href":"https:\/\/api.w.org\/{rel}","templated":true}]}}