{"id":27252,"date":"2023-10-26T13:45:41","date_gmt":"2023-10-26T13:33:30","guid":{"rendered":"https:\/\/naturalpoland.com\/produkty\/Ei-luokiteltu\/lipaasit-ec-3-1-1-1-3\/"},"modified":"2024-07-24T10:53:22","modified_gmt":"2024-07-24T08:53:22","slug":"lipaasi-2","status":"publish","type":"product","link":"https:\/\/naturalpoland.com\/fi\/tuotteet\/elintarviketeollisuuden-tuotteet\/entsyymit\/maitoentsyymit\/lipaasi-2\/","title":{"rendered":"Lipaasi EC 3.1.1.1.3"},"content":{"rendered":"<h4>Alkuper\u00e4:<\/h4>\n<ul>\n<li><strong>Sienet:<\/strong> <em>Mucor meihei, Candida rugosa<\/em><\/li>\n<li><strong>Bakteerit:<\/strong> <em>Achromobacter, Alcaligenes, Arthrobacter, Pseudomonas, Staphylococcus, Chromobacterium.<\/em><\/li>\n<\/ul>\n<h4>Toiminta:<\/h4>\n<ul>\n<li><strong>Triglyseridien hydrolyysi:<\/strong> lipaasit muuttavat triglyseridit vapaiksi rasvahapoiksi ja alkoholeiksi.<\/li>\n<li><strong>Osallistuminen aineenvaihduntaan:<\/strong> Entsyymiaktiivisuuteen kuuluvat lipolyysi, proteolyysi sek\u00e4 laktoosi- ja laktaattij\u00e4\u00e4mien metabolia. Lis\u00e4ksi lipaaseilla on ainutlaatuinen kyky katalysoida reaktioita veden ja lipidien v\u00e4lisell\u00e4 rajapinnalla.<\/li>\n<\/ul>\n<h4>Sovellukset:<\/h4>\n<ul>\n<li><strong>Juuston aromi:<\/strong> Lipaasit ovat vastuussa juustoille ominaisen maun luomisesta, joka syntyy maitorasvojen hydrolyysist\u00e4.<\/li>\n<li><strong>Rasvojen muuttaminen:<\/strong> Niit\u00e4 k\u00e4ytet\u00e4\u00e4n rasvajakeiden ester\u00f6inniss\u00e4.<\/li>\n<li><strong>Aromien tuotanto:<\/strong> Ne osallistuvat juustoanalogeissa k\u00e4ytett\u00e4vien erityisten aromien tuotantoon.<\/li>\n<li><strong>Juuston kypsymisen nopeuttaminen:<\/strong> Lipaaseja k\u00e4ytet\u00e4\u00e4n keski- ja pitk\u00e4kypsytettyjen juustojen valmistuksessa, mik\u00e4 nopeuttaa niiden kypsymisprosessia.<\/li>\n<\/ul>\n<p> Lipaasit EC 3.1.1.3 ovat v\u00e4ltt\u00e4m\u00e4t\u00f6n osa monien elintarvikkeiden tuotantoa, sill\u00e4 ne takaavat niiden ainutlaatuisen maun ja erinomaisen rakenteen.<\/p>\n","protected":false},"excerpt":{"rendered":"<p>Lipaasit ovat rasvojen muokkaamiseen erikoistuneita entsyymej\u00e4, joilla on keskeinen rooli elintarviketeollisuudessa, erityisesti juuston tuotannossa. Niill\u00e4 on kyky katalysoida erityisi\u00e4 reaktioita veden ja lipidien rajapinnalla, mik\u00e4 johtaa ainutlaatuisiin sovelluksiin erilaisissa valmistusprosesseissa.<\/p>\n","protected":false},"featured_media":27454,"template":"","meta":{"_acf_changed":false},"product_brand":[],"product_cat":[2726],"product_tag":[],"class_list":{"0":"post-27252","1":"product","2":"type-product","3":"status-publish","4":"has-post-thumbnail","6":"product_cat-maitoentsyymit","8":"first","9":"instock","10":"shipping-taxable","11":"product-type-simple"},"acf":[],"yoast_head":"<!-- This site is optimized with the Yoast SEO plugin v27.4 - https:\/\/yoast.com\/product\/yoast-seo-wordpress\/ -->\n<title>Lipaasi EC 3.1.1.1.3 - Tukkudistribuutio<\/title>\n<meta name=\"description\" content=\"Lipaasit ovat rasvojen muokkaamiseen erikoistuneita entsyymej\u00e4, joilla on keskeinen rooli elintarviketeollisuudessa, erityisesti juuston tuotannossa.\" \/>\n<meta name=\"robots\" content=\"index, follow, max-snippet:-1, max-image-preview:large, max-video-preview:-1\" \/>\n<link rel=\"canonical\" href=\"https:\/\/naturalpoland.com\/fi\/tuotteet\/elintarviketeollisuuden-tuotteet\/entsyymit\/maitoentsyymit\/lipaasi-2\/\" \/>\n<meta property=\"og:locale\" content=\"fi_FI\" \/>\n<meta property=\"og:type\" content=\"article\" \/>\n<meta property=\"og:title\" content=\"Lipaasi EC 3.1.1.1.3 - Tukkudistribuutio\" \/>\n<meta property=\"og:description\" content=\"Lipaasit ovat rasvojen muokkaamiseen erikoistuneita entsyymej\u00e4, joilla on keskeinen rooli elintarviketeollisuudessa, erityisesti juuston tuotannossa.\" \/>\n<meta property=\"og:url\" content=\"https:\/\/naturalpoland.com\/fi\/tuotteet\/elintarviketeollisuuden-tuotteet\/entsyymit\/maitoentsyymit\/lipaasi-2\/\" \/>\n<meta property=\"og:site_name\" content=\"NATURAL POLAND - RAAKA-AINEIDEN TUKKUJAKELIJA\" \/>\n<meta property=\"article:publisher\" content=\"https:\/\/www.facebook.com\/naturalpoland.b2b\" \/>\n<meta property=\"article:modified_time\" content=\"2024-07-24T08:53:22+00:00\" \/>\n<meta property=\"og:image\" content=\"https:\/\/naturalpoland.com\/wp-content\/uploads\/lipaza.jpg\" \/>\n\t<meta property=\"og:image:width\" content=\"650\" \/>\n\t<meta property=\"og:image:height\" content=\"650\" \/>\n\t<meta property=\"og:image:type\" content=\"image\/jpeg\" \/>\n<script type=\"application\/ld+json\" class=\"yoast-schema-graph\">{\"@context\":\"https:\\\/\\\/schema.org\",\"@graph\":[{\"@type\":\"WebPage\",\"@id\":\"https:\\\/\\\/naturalpoland.com\\\/fi\\\/tuotteet\\\/elintarviketeollisuuden-tuotteet\\\/entsyymit\\\/maitoentsyymit\\\/lipaasi-2\\\/\",\"url\":\"https:\\\/\\\/naturalpoland.com\\\/fi\\\/tuotteet\\\/elintarviketeollisuuden-tuotteet\\\/entsyymit\\\/maitoentsyymit\\\/lipaasi-2\\\/\",\"name\":\"Lipaasi EC 3.1.1.1.3 - Tukkudistribuutio\",\"isPartOf\":{\"@id\":\"https:\\\/\\\/naturalpoland.com\\\/fi\\\/#website\"},\"primaryImageOfPage\":{\"@id\":\"https:\\\/\\\/naturalpoland.com\\\/fi\\\/tuotteet\\\/elintarviketeollisuuden-tuotteet\\\/entsyymit\\\/maitoentsyymit\\\/lipaasi-2\\\/#primaryimage\"},\"image\":{\"@id\":\"https:\\\/\\\/naturalpoland.com\\\/fi\\\/tuotteet\\\/elintarviketeollisuuden-tuotteet\\\/entsyymit\\\/maitoentsyymit\\\/lipaasi-2\\\/#primaryimage\"},\"thumbnailUrl\":\"https:\\\/\\\/naturalpoland.com\\\/wp-content\\\/uploads\\\/lipaza.jpg\",\"datePublished\":\"2023-10-26T13:33:30+00:00\",\"dateModified\":\"2024-07-24T08:53:22+00:00\",\"description\":\"Lipaasit ovat rasvojen muokkaamiseen erikoistuneita entsyymej\u00e4, joilla on keskeinen rooli elintarviketeollisuudessa, erityisesti juuston tuotannossa.\",\"breadcrumb\":{\"@id\":\"https:\\\/\\\/naturalpoland.com\\\/fi\\\/tuotteet\\\/elintarviketeollisuuden-tuotteet\\\/entsyymit\\\/maitoentsyymit\\\/lipaasi-2\\\/#breadcrumb\"},\"inLanguage\":\"fi\",\"potentialAction\":[{\"@type\":\"ReadAction\",\"target\":[\"https:\\\/\\\/naturalpoland.com\\\/fi\\\/tuotteet\\\/elintarviketeollisuuden-tuotteet\\\/entsyymit\\\/maitoentsyymit\\\/lipaasi-2\\\/\"]}]},{\"@type\":\"ImageObject\",\"inLanguage\":\"fi\",\"@id\":\"https:\\\/\\\/naturalpoland.com\\\/fi\\\/tuotteet\\\/elintarviketeollisuuden-tuotteet\\\/entsyymit\\\/maitoentsyymit\\\/lipaasi-2\\\/#primaryimage\",\"url\":\"https:\\\/\\\/naturalpoland.com\\\/wp-content\\\/uploads\\\/lipaza.jpg\",\"contentUrl\":\"https:\\\/\\\/naturalpoland.com\\\/wp-content\\\/uploads\\\/lipaza.jpg\",\"width\":650,\"height\":650,\"caption\":\"lipaza\"},{\"@type\":\"BreadcrumbList\",\"@id\":\"https:\\\/\\\/naturalpoland.com\\\/fi\\\/tuotteet\\\/elintarviketeollisuuden-tuotteet\\\/entsyymit\\\/maitoentsyymit\\\/lipaasi-2\\\/#breadcrumb\",\"itemListElement\":[{\"@type\":\"ListItem\",\"position\":1,\"name\":\"Etusivu\",\"item\":\"https:\\\/\\\/naturalpoland.com\\\/fi\\\/\"},{\"@type\":\"ListItem\",\"position\":2,\"name\":\"Tuotteet\",\"item\":\"https:\\\/\\\/naturalpoland.com\\\/fi\\\/tuotteet\\\/\"},{\"@type\":\"ListItem\",\"position\":3,\"name\":\"Lipaasi EC 3.1.1.1.3\"}]},{\"@type\":\"WebSite\",\"@id\":\"https:\\\/\\\/naturalpoland.com\\\/fi\\\/#website\",\"url\":\"https:\\\/\\\/naturalpoland.com\\\/fi\\\/\",\"name\":\"NATURAL POLAND - RAAKA-AINEIDEN TUKKUJAKELIJA\",\"description\":\"Surowce dla przemys\u0142u spo\u017cywczego, kosmetycznego i farmaceutycznego\",\"publisher\":{\"@id\":\"https:\\\/\\\/naturalpoland.com\\\/fi\\\/#organization\"},\"potentialAction\":[{\"@type\":\"SearchAction\",\"target\":{\"@type\":\"EntryPoint\",\"urlTemplate\":\"https:\\\/\\\/naturalpoland.com\\\/fi\\\/?s={search_term_string}\"},\"query-input\":{\"@type\":\"PropertyValueSpecification\",\"valueRequired\":true,\"valueName\":\"search_term_string\"}}],\"inLanguage\":\"fi\"},{\"@type\":\"Organization\",\"@id\":\"https:\\\/\\\/naturalpoland.com\\\/fi\\\/#organization\",\"name\":\"Natural Poland\",\"url\":\"https:\\\/\\\/naturalpoland.com\\\/fi\\\/\",\"logo\":{\"@type\":\"ImageObject\",\"inLanguage\":\"fi\",\"@id\":\"https:\\\/\\\/naturalpoland.com\\\/fi\\\/#\\\/schema\\\/logo\\\/image\\\/\",\"url\":\"https:\\\/\\\/naturalpoland.com\\\/wp-content\\\/uploads\\\/2021\\\/05\\\/natural-poland-icon.png\",\"contentUrl\":\"https:\\\/\\\/naturalpoland.com\\\/wp-content\\\/uploads\\\/2021\\\/05\\\/natural-poland-icon.png\",\"width\":512,\"height\":512,\"caption\":\"Natural Poland\"},\"image\":{\"@id\":\"https:\\\/\\\/naturalpoland.com\\\/fi\\\/#\\\/schema\\\/logo\\\/image\\\/\"},\"sameAs\":[\"https:\\\/\\\/www.facebook.com\\\/naturalpoland.b2b\",\"https:\\\/\\\/pl.linkedin.com\\\/company\\\/natural-poland\",\"https:\\\/\\\/www.youtube.com\\\/channel\\\/UCgeGGkvOMahZo-xu_MSEWxg\"]}]}<\/script>\n<!-- \/ Yoast SEO plugin. -->","yoast_head_json":{"title":"Lipaasi EC 3.1.1.1.3 - Tukkudistribuutio","description":"Lipaasit ovat rasvojen muokkaamiseen erikoistuneita entsyymej\u00e4, joilla on keskeinen rooli elintarviketeollisuudessa, erityisesti juuston tuotannossa.","robots":{"index":"index","follow":"follow","max-snippet":"max-snippet:-1","max-image-preview":"max-image-preview:large","max-video-preview":"max-video-preview:-1"},"canonical":"https:\/\/naturalpoland.com\/fi\/tuotteet\/elintarviketeollisuuden-tuotteet\/entsyymit\/maitoentsyymit\/lipaasi-2\/","og_locale":"fi_FI","og_type":"article","og_title":"Lipaasi EC 3.1.1.1.3 - Tukkudistribuutio","og_description":"Lipaasit ovat rasvojen muokkaamiseen erikoistuneita entsyymej\u00e4, joilla on keskeinen rooli elintarviketeollisuudessa, erityisesti juuston tuotannossa.","og_url":"https:\/\/naturalpoland.com\/fi\/tuotteet\/elintarviketeollisuuden-tuotteet\/entsyymit\/maitoentsyymit\/lipaasi-2\/","og_site_name":"NATURAL POLAND - RAAKA-AINEIDEN TUKKUJAKELIJA","article_publisher":"https:\/\/www.facebook.com\/naturalpoland.b2b","article_modified_time":"2024-07-24T08:53:22+00:00","og_image":[{"width":650,"height":650,"url":"https:\/\/naturalpoland.com\/wp-content\/uploads\/lipaza.jpg","type":"image\/jpeg"}],"schema":{"@context":"https:\/\/schema.org","@graph":[{"@type":"WebPage","@id":"https:\/\/naturalpoland.com\/fi\/tuotteet\/elintarviketeollisuuden-tuotteet\/entsyymit\/maitoentsyymit\/lipaasi-2\/","url":"https:\/\/naturalpoland.com\/fi\/tuotteet\/elintarviketeollisuuden-tuotteet\/entsyymit\/maitoentsyymit\/lipaasi-2\/","name":"Lipaasi EC 3.1.1.1.3 - Tukkudistribuutio","isPartOf":{"@id":"https:\/\/naturalpoland.com\/fi\/#website"},"primaryImageOfPage":{"@id":"https:\/\/naturalpoland.com\/fi\/tuotteet\/elintarviketeollisuuden-tuotteet\/entsyymit\/maitoentsyymit\/lipaasi-2\/#primaryimage"},"image":{"@id":"https:\/\/naturalpoland.com\/fi\/tuotteet\/elintarviketeollisuuden-tuotteet\/entsyymit\/maitoentsyymit\/lipaasi-2\/#primaryimage"},"thumbnailUrl":"https:\/\/naturalpoland.com\/wp-content\/uploads\/lipaza.jpg","datePublished":"2023-10-26T13:33:30+00:00","dateModified":"2024-07-24T08:53:22+00:00","description":"Lipaasit ovat rasvojen muokkaamiseen erikoistuneita entsyymej\u00e4, joilla on keskeinen rooli elintarviketeollisuudessa, erityisesti juuston tuotannossa.","breadcrumb":{"@id":"https:\/\/naturalpoland.com\/fi\/tuotteet\/elintarviketeollisuuden-tuotteet\/entsyymit\/maitoentsyymit\/lipaasi-2\/#breadcrumb"},"inLanguage":"fi","potentialAction":[{"@type":"ReadAction","target":["https:\/\/naturalpoland.com\/fi\/tuotteet\/elintarviketeollisuuden-tuotteet\/entsyymit\/maitoentsyymit\/lipaasi-2\/"]}]},{"@type":"ImageObject","inLanguage":"fi","@id":"https:\/\/naturalpoland.com\/fi\/tuotteet\/elintarviketeollisuuden-tuotteet\/entsyymit\/maitoentsyymit\/lipaasi-2\/#primaryimage","url":"https:\/\/naturalpoland.com\/wp-content\/uploads\/lipaza.jpg","contentUrl":"https:\/\/naturalpoland.com\/wp-content\/uploads\/lipaza.jpg","width":650,"height":650,"caption":"lipaza"},{"@type":"BreadcrumbList","@id":"https:\/\/naturalpoland.com\/fi\/tuotteet\/elintarviketeollisuuden-tuotteet\/entsyymit\/maitoentsyymit\/lipaasi-2\/#breadcrumb","itemListElement":[{"@type":"ListItem","position":1,"name":"Etusivu","item":"https:\/\/naturalpoland.com\/fi\/"},{"@type":"ListItem","position":2,"name":"Tuotteet","item":"https:\/\/naturalpoland.com\/fi\/tuotteet\/"},{"@type":"ListItem","position":3,"name":"Lipaasi EC 3.1.1.1.3"}]},{"@type":"WebSite","@id":"https:\/\/naturalpoland.com\/fi\/#website","url":"https:\/\/naturalpoland.com\/fi\/","name":"NATURAL POLAND - RAAKA-AINEIDEN TUKKUJAKELIJA","description":"Surowce dla przemys\u0142u spo\u017cywczego, kosmetycznego i farmaceutycznego","publisher":{"@id":"https:\/\/naturalpoland.com\/fi\/#organization"},"potentialAction":[{"@type":"SearchAction","target":{"@type":"EntryPoint","urlTemplate":"https:\/\/naturalpoland.com\/fi\/?s={search_term_string}"},"query-input":{"@type":"PropertyValueSpecification","valueRequired":true,"valueName":"search_term_string"}}],"inLanguage":"fi"},{"@type":"Organization","@id":"https:\/\/naturalpoland.com\/fi\/#organization","name":"Natural Poland","url":"https:\/\/naturalpoland.com\/fi\/","logo":{"@type":"ImageObject","inLanguage":"fi","@id":"https:\/\/naturalpoland.com\/fi\/#\/schema\/logo\/image\/","url":"https:\/\/naturalpoland.com\/wp-content\/uploads\/2021\/05\/natural-poland-icon.png","contentUrl":"https:\/\/naturalpoland.com\/wp-content\/uploads\/2021\/05\/natural-poland-icon.png","width":512,"height":512,"caption":"Natural Poland"},"image":{"@id":"https:\/\/naturalpoland.com\/fi\/#\/schema\/logo\/image\/"},"sameAs":["https:\/\/www.facebook.com\/naturalpoland.b2b","https:\/\/pl.linkedin.com\/company\/natural-poland","https:\/\/www.youtube.com\/channel\/UCgeGGkvOMahZo-xu_MSEWxg"]}]}},"_links":{"self":[{"href":"https:\/\/naturalpoland.com\/fi\/wp-json\/wp\/v2\/product\/27252","targetHints":{"allow":["GET"]}}],"collection":[{"href":"https:\/\/naturalpoland.com\/fi\/wp-json\/wp\/v2\/product"}],"about":[{"href":"https:\/\/naturalpoland.com\/fi\/wp-json\/wp\/v2\/types\/product"}],"wp:featuredmedia":[{"embeddable":true,"href":"https:\/\/naturalpoland.com\/fi\/wp-json\/wp\/v2\/media\/27454"}],"wp:attachment":[{"href":"https:\/\/naturalpoland.com\/fi\/wp-json\/wp\/v2\/media?parent=27252"}],"wp:term":[{"taxonomy":"product_brand","embeddable":true,"href":"https:\/\/naturalpoland.com\/fi\/wp-json\/wp\/v2\/product_brand?post=27252"},{"taxonomy":"product_cat","embeddable":true,"href":"https:\/\/naturalpoland.com\/fi\/wp-json\/wp\/v2\/product_cat?post=27252"},{"taxonomy":"product_tag","embeddable":true,"href":"https:\/\/naturalpoland.com\/fi\/wp-json\/wp\/v2\/product_tag?post=27252"}],"curies":[{"name":"wp","href":"https:\/\/api.w.org\/{rel}","templated":true}]}}