{"id":27256,"date":"2023-10-24T13:08:48","date_gmt":"2023-10-27T08:46:37","guid":{"rendered":"https:\/\/naturalpoland.com\/produkty\/Ei-luokiteltu\/magnesium-l-treonaatti\/"},"modified":"2024-08-23T15:06:37","modified_gmt":"2024-08-23T13:06:37","slug":"magnesium-l-treonaatti","status":"publish","type":"product","link":"https:\/\/naturalpoland.com\/fi\/tuotteet\/laaketeollisuuden-tuotteet\/ravintolisien-ainesosat\/magnesium-l-treonaatti\/","title":{"rendered":"Magnesium L-treonaatti"},"content":{"rendered":"<p>Magnesium-L-treonaatti on ainutlaatuinen yhdistelm\u00e4 L-treoniinia ja magnesiumia. Se luo kaavan, jolla on poikkeuksellisen korkea biologinen hy\u00f6tyosuus ja joka saavuttaa aivojen keskeiset alueet tukeakseen niiden optimaalista toimintaa.  <\/p>\n<h2>Ominaisuudet:<\/h2>\n<p>  Magnesium-L-treonaatti on erityisen tehokas magnesiumin muoto, joka tukee kognitiivisia toimintoja.<br \/>\nTutkimusten mukaan se voi parantaa muistia, keskittymiskyky\u00e4 ja oppimiskyky\u00e4.<br \/>\nKykyns\u00e4 l\u00e4p\u00e4ist\u00e4 veri-aivoeste, magnesium L-treonaatti vaikuttaa suoraan hermostoon tukeakseen neuroplastisuutta.<br \/>\nLis\u00e4ksi magnesiumilla on <strong>t\u00e4rke\u00e4 rooli monissa biokemiallisissa prosesseissa<\/strong>, kuten proteiinisynteesiss\u00e4, lihasten toiminnassa, verenpaineen s\u00e4\u00e4telyss\u00e4 ja verensokerin hallinnassa.<br \/>\n <strong>Keho siet\u00e4\u00e4<\/strong> magnesiumin L-treonaattimuotoa <strong>hyvin<\/strong>, mik\u00e4 minimoi muiden magnesiummuotojen yhteydess\u00e4 esiintyv\u00e4n ruoansulatuskanavan ep\u00e4mukavuuden riskin.      <\/p>\n<h2>Sovellus:<\/h2>\n<p>  Magnesium-L-treonaattia k\u00e4ytet\u00e4\u00e4n ravintolisiss\u00e4 ik\u00e4\u00e4ntyneille ja niille, jotka tarvitsevat tukea muistin ja keskittymiskyvyn yll\u00e4pit\u00e4miseen.<br \/>\nRaaka-ainetta voidaan k\u00e4ytt\u00e4\u00e4 my\u00f6s valmisteissa, jotka on suunniteltu tukemaan hermostoa, v\u00e4hent\u00e4m\u00e4\u00e4n stressi\u00e4, parantamaan unta ja yleisesti parantamaan aivotoimintaa.   <\/p>\n<h2>Magnesium-L-treonaatin k\u00e4yt\u00f6n edut:<\/h2>\n<ul>\n<li><strong>Korkea biologinen hy\u00f6tyosuus:<\/strong> ainutlaatuisen koostumuksensa ansiosta magnesium-L-treonaatti imeytyy t\u00e4ydellisesti elimist\u00f6\u00f6n, mik\u00e4 takaa magnesiumin tehokkaamman kulkeutumisen soluihin.<\/li>\n<li><strong>Kognitiivisten toimintojen tukeminen:<\/strong> Magnesium on v\u00e4ltt\u00e4m\u00e4t\u00f6nt\u00e4 hermosolujen ja synapsien asianmukaiselle toiminnalle. Sen riitt\u00e4v\u00e4 pitoisuus parantaa keskittymiskyky\u00e4, muistia ja oppimiskyky\u00e4.<\/li>\n<li><strong>Hermoston suojaaminen:<\/strong> Magnesium L-treonaatti edist\u00e4\u00e4 hermosolujen solukalvojen vakauttamista, mik\u00e4 takaa niiden suojan ja asianmukaisen solujen v\u00e4lisen viestinn\u00e4n.<\/li>\n<li><strong>Tukee lihasten toimintaa:<\/strong> Magnesium on ratkaisevan t\u00e4rke\u00e4\u00e4 lihasten asianmukaisen toiminnan kannalta, sill\u00e4 se tukee lihasten supistumista ja rentoutumista.<\/li>\n<\/ul>\n","protected":false},"excerpt":{"rendered":"<p>Magnesium L-treonaatti on innovatiivinen magnesiumin muoto, joka on suunniteltu niille, jotka etsiv\u00e4t tukea lihastoiminnalle, mutta my\u00f6s kognitiivisille toiminnoille ja hermostolle.<\/p>\n","protected":false},"featured_media":27070,"template":"","meta":{"_acf_changed":false},"product_brand":[],"product_cat":[535],"product_tag":[],"class_list":{"0":"post-27256","1":"product","2":"type-product","3":"status-publish","4":"has-post-thumbnail","6":"product_cat-ravintolisien-ainesosat","8":"first","9":"instock","10":"shipping-taxable","11":"product-type-simple"},"acf":[],"yoast_head":"<!-- This site is optimized with the Yoast SEO plugin v27.5 - https:\/\/yoast.com\/product\/yoast-seo-wordpress\/ -->\n<title>Magnesium L-treonaatti - NATURAL POLAND - RAAKA-AINEIDEN TUKKUJAKELIJA<\/title>\n<meta name=\"description\" content=\"Valitsemalla magnesium L-treonaatin valitset kehittyneen tuen aivoille ja koko hermostolle. Panosta laatuun ja innovointiin.\" \/>\n<meta name=\"robots\" content=\"index, follow, max-snippet:-1, max-image-preview:large, max-video-preview:-1\" \/>\n<link rel=\"canonical\" href=\"https:\/\/naturalpoland.com\/fi\/tuotteet\/laaketeollisuuden-tuotteet\/ravintolisien-ainesosat\/magnesium-l-treonaatti\/\" \/>\n<meta property=\"og:locale\" content=\"fi_FI\" \/>\n<meta property=\"og:type\" content=\"article\" \/>\n<meta property=\"og:title\" content=\"Magnesium L-treonaatti - NATURAL POLAND - RAAKA-AINEIDEN TUKKUJAKELIJA\" \/>\n<meta property=\"og:description\" content=\"Valitsemalla magnesium L-treonaatin valitset kehittyneen tuen aivoille ja koko hermostolle. Panosta laatuun ja innovointiin.\" \/>\n<meta property=\"og:url\" content=\"https:\/\/naturalpoland.com\/fi\/tuotteet\/laaketeollisuuden-tuotteet\/ravintolisien-ainesosat\/magnesium-l-treonaatti\/\" \/>\n<meta property=\"og:site_name\" content=\"NATURAL POLAND - RAAKA-AINEIDEN TUKKUJAKELIJA\" \/>\n<meta property=\"article:publisher\" content=\"https:\/\/www.facebook.com\/naturalpoland.b2b\" \/>\n<meta property=\"article:modified_time\" content=\"2024-08-23T13:06:37+00:00\" \/>\n<meta property=\"og:image\" content=\"https:\/\/naturalpoland.com\/wp-content\/uploads\/magnesium-l-threonate.png\" \/>\n\t<meta property=\"og:image:width\" content=\"618\" \/>\n\t<meta property=\"og:image:height\" content=\"618\" \/>\n\t<meta property=\"og:image:type\" content=\"image\/png\" \/>\n<script type=\"application\/ld+json\" class=\"yoast-schema-graph\">{\"@context\":\"https:\\\/\\\/schema.org\",\"@graph\":[{\"@type\":\"WebPage\",\"@id\":\"https:\\\/\\\/naturalpoland.com\\\/fi\\\/tuotteet\\\/laaketeollisuuden-tuotteet\\\/ravintolisien-ainesosat\\\/magnesium-l-treonaatti\\\/\",\"url\":\"https:\\\/\\\/naturalpoland.com\\\/fi\\\/tuotteet\\\/laaketeollisuuden-tuotteet\\\/ravintolisien-ainesosat\\\/magnesium-l-treonaatti\\\/\",\"name\":\"Magnesium L-treonaatti - NATURAL POLAND - RAAKA-AINEIDEN TUKKUJAKELIJA\",\"isPartOf\":{\"@id\":\"https:\\\/\\\/naturalpoland.com\\\/fi\\\/#website\"},\"primaryImageOfPage\":{\"@id\":\"https:\\\/\\\/naturalpoland.com\\\/fi\\\/tuotteet\\\/laaketeollisuuden-tuotteet\\\/ravintolisien-ainesosat\\\/magnesium-l-treonaatti\\\/#primaryimage\"},\"image\":{\"@id\":\"https:\\\/\\\/naturalpoland.com\\\/fi\\\/tuotteet\\\/laaketeollisuuden-tuotteet\\\/ravintolisien-ainesosat\\\/magnesium-l-treonaatti\\\/#primaryimage\"},\"thumbnailUrl\":\"https:\\\/\\\/naturalpoland.com\\\/wp-content\\\/uploads\\\/magnesium-l-threonate.png\",\"datePublished\":\"2023-10-27T08:46:37+00:00\",\"dateModified\":\"2024-08-23T13:06:37+00:00\",\"description\":\"Valitsemalla magnesium L-treonaatin valitset kehittyneen tuen aivoille ja koko hermostolle. Panosta laatuun ja innovointiin.\",\"breadcrumb\":{\"@id\":\"https:\\\/\\\/naturalpoland.com\\\/fi\\\/tuotteet\\\/laaketeollisuuden-tuotteet\\\/ravintolisien-ainesosat\\\/magnesium-l-treonaatti\\\/#breadcrumb\"},\"inLanguage\":\"fi\",\"potentialAction\":[{\"@type\":\"ReadAction\",\"target\":[\"https:\\\/\\\/naturalpoland.com\\\/fi\\\/tuotteet\\\/laaketeollisuuden-tuotteet\\\/ravintolisien-ainesosat\\\/magnesium-l-treonaatti\\\/\"]}]},{\"@type\":\"ImageObject\",\"inLanguage\":\"fi\",\"@id\":\"https:\\\/\\\/naturalpoland.com\\\/fi\\\/tuotteet\\\/laaketeollisuuden-tuotteet\\\/ravintolisien-ainesosat\\\/magnesium-l-treonaatti\\\/#primaryimage\",\"url\":\"https:\\\/\\\/naturalpoland.com\\\/wp-content\\\/uploads\\\/magnesium-l-threonate.png\",\"contentUrl\":\"https:\\\/\\\/naturalpoland.com\\\/wp-content\\\/uploads\\\/magnesium-l-threonate.png\",\"width\":618,\"height\":618,\"caption\":\"Magnesium L-treonaatti\"},{\"@type\":\"BreadcrumbList\",\"@id\":\"https:\\\/\\\/naturalpoland.com\\\/fi\\\/tuotteet\\\/laaketeollisuuden-tuotteet\\\/ravintolisien-ainesosat\\\/magnesium-l-treonaatti\\\/#breadcrumb\",\"itemListElement\":[{\"@type\":\"ListItem\",\"position\":1,\"name\":\"Etusivu\",\"item\":\"https:\\\/\\\/naturalpoland.com\\\/fi\\\/\"},{\"@type\":\"ListItem\",\"position\":2,\"name\":\"Tuotteet\",\"item\":\"https:\\\/\\\/naturalpoland.com\\\/fi\\\/tuotteet\\\/\"},{\"@type\":\"ListItem\",\"position\":3,\"name\":\"Magnesium L-treonaatti\"}]},{\"@type\":\"WebSite\",\"@id\":\"https:\\\/\\\/naturalpoland.com\\\/fi\\\/#website\",\"url\":\"https:\\\/\\\/naturalpoland.com\\\/fi\\\/\",\"name\":\"NATURAL POLAND - RAAKA-AINEIDEN TUKKUJAKELIJA\",\"description\":\"Surowce dla przemys\u0142u spo\u017cywczego, kosmetycznego i farmaceutycznego\",\"publisher\":{\"@id\":\"https:\\\/\\\/naturalpoland.com\\\/fi\\\/#organization\"},\"potentialAction\":[{\"@type\":\"SearchAction\",\"target\":{\"@type\":\"EntryPoint\",\"urlTemplate\":\"https:\\\/\\\/naturalpoland.com\\\/fi\\\/?s={search_term_string}\"},\"query-input\":{\"@type\":\"PropertyValueSpecification\",\"valueRequired\":true,\"valueName\":\"search_term_string\"}}],\"inLanguage\":\"fi\"},{\"@type\":\"Organization\",\"@id\":\"https:\\\/\\\/naturalpoland.com\\\/fi\\\/#organization\",\"name\":\"Natural Poland\",\"url\":\"https:\\\/\\\/naturalpoland.com\\\/fi\\\/\",\"logo\":{\"@type\":\"ImageObject\",\"inLanguage\":\"fi\",\"@id\":\"https:\\\/\\\/naturalpoland.com\\\/fi\\\/#\\\/schema\\\/logo\\\/image\\\/\",\"url\":\"https:\\\/\\\/naturalpoland.com\\\/wp-content\\\/uploads\\\/2021\\\/05\\\/natural-poland-icon.png\",\"contentUrl\":\"https:\\\/\\\/naturalpoland.com\\\/wp-content\\\/uploads\\\/2021\\\/05\\\/natural-poland-icon.png\",\"width\":512,\"height\":512,\"caption\":\"Natural Poland\"},\"image\":{\"@id\":\"https:\\\/\\\/naturalpoland.com\\\/fi\\\/#\\\/schema\\\/logo\\\/image\\\/\"},\"sameAs\":[\"https:\\\/\\\/www.facebook.com\\\/naturalpoland.b2b\",\"https:\\\/\\\/pl.linkedin.com\\\/company\\\/natural-poland\",\"https:\\\/\\\/www.youtube.com\\\/channel\\\/UCgeGGkvOMahZo-xu_MSEWxg\"]}]}<\/script>\n<!-- \/ Yoast SEO plugin. -->","yoast_head_json":{"title":"Magnesium L-treonaatti - NATURAL POLAND - RAAKA-AINEIDEN TUKKUJAKELIJA","description":"Valitsemalla magnesium L-treonaatin valitset kehittyneen tuen aivoille ja koko hermostolle. Panosta laatuun ja innovointiin.","robots":{"index":"index","follow":"follow","max-snippet":"max-snippet:-1","max-image-preview":"max-image-preview:large","max-video-preview":"max-video-preview:-1"},"canonical":"https:\/\/naturalpoland.com\/fi\/tuotteet\/laaketeollisuuden-tuotteet\/ravintolisien-ainesosat\/magnesium-l-treonaatti\/","og_locale":"fi_FI","og_type":"article","og_title":"Magnesium L-treonaatti - NATURAL POLAND - RAAKA-AINEIDEN TUKKUJAKELIJA","og_description":"Valitsemalla magnesium L-treonaatin valitset kehittyneen tuen aivoille ja koko hermostolle. Panosta laatuun ja innovointiin.","og_url":"https:\/\/naturalpoland.com\/fi\/tuotteet\/laaketeollisuuden-tuotteet\/ravintolisien-ainesosat\/magnesium-l-treonaatti\/","og_site_name":"NATURAL POLAND - RAAKA-AINEIDEN TUKKUJAKELIJA","article_publisher":"https:\/\/www.facebook.com\/naturalpoland.b2b","article_modified_time":"2024-08-23T13:06:37+00:00","og_image":[{"width":618,"height":618,"url":"https:\/\/naturalpoland.com\/wp-content\/uploads\/magnesium-l-threonate.png","type":"image\/png"}],"schema":{"@context":"https:\/\/schema.org","@graph":[{"@type":"WebPage","@id":"https:\/\/naturalpoland.com\/fi\/tuotteet\/laaketeollisuuden-tuotteet\/ravintolisien-ainesosat\/magnesium-l-treonaatti\/","url":"https:\/\/naturalpoland.com\/fi\/tuotteet\/laaketeollisuuden-tuotteet\/ravintolisien-ainesosat\/magnesium-l-treonaatti\/","name":"Magnesium L-treonaatti - NATURAL POLAND - RAAKA-AINEIDEN TUKKUJAKELIJA","isPartOf":{"@id":"https:\/\/naturalpoland.com\/fi\/#website"},"primaryImageOfPage":{"@id":"https:\/\/naturalpoland.com\/fi\/tuotteet\/laaketeollisuuden-tuotteet\/ravintolisien-ainesosat\/magnesium-l-treonaatti\/#primaryimage"},"image":{"@id":"https:\/\/naturalpoland.com\/fi\/tuotteet\/laaketeollisuuden-tuotteet\/ravintolisien-ainesosat\/magnesium-l-treonaatti\/#primaryimage"},"thumbnailUrl":"https:\/\/naturalpoland.com\/wp-content\/uploads\/magnesium-l-threonate.png","datePublished":"2023-10-27T08:46:37+00:00","dateModified":"2024-08-23T13:06:37+00:00","description":"Valitsemalla magnesium L-treonaatin valitset kehittyneen tuen aivoille ja koko hermostolle. Panosta laatuun ja innovointiin.","breadcrumb":{"@id":"https:\/\/naturalpoland.com\/fi\/tuotteet\/laaketeollisuuden-tuotteet\/ravintolisien-ainesosat\/magnesium-l-treonaatti\/#breadcrumb"},"inLanguage":"fi","potentialAction":[{"@type":"ReadAction","target":["https:\/\/naturalpoland.com\/fi\/tuotteet\/laaketeollisuuden-tuotteet\/ravintolisien-ainesosat\/magnesium-l-treonaatti\/"]}]},{"@type":"ImageObject","inLanguage":"fi","@id":"https:\/\/naturalpoland.com\/fi\/tuotteet\/laaketeollisuuden-tuotteet\/ravintolisien-ainesosat\/magnesium-l-treonaatti\/#primaryimage","url":"https:\/\/naturalpoland.com\/wp-content\/uploads\/magnesium-l-threonate.png","contentUrl":"https:\/\/naturalpoland.com\/wp-content\/uploads\/magnesium-l-threonate.png","width":618,"height":618,"caption":"Magnesium L-treonaatti"},{"@type":"BreadcrumbList","@id":"https:\/\/naturalpoland.com\/fi\/tuotteet\/laaketeollisuuden-tuotteet\/ravintolisien-ainesosat\/magnesium-l-treonaatti\/#breadcrumb","itemListElement":[{"@type":"ListItem","position":1,"name":"Etusivu","item":"https:\/\/naturalpoland.com\/fi\/"},{"@type":"ListItem","position":2,"name":"Tuotteet","item":"https:\/\/naturalpoland.com\/fi\/tuotteet\/"},{"@type":"ListItem","position":3,"name":"Magnesium L-treonaatti"}]},{"@type":"WebSite","@id":"https:\/\/naturalpoland.com\/fi\/#website","url":"https:\/\/naturalpoland.com\/fi\/","name":"NATURAL POLAND - RAAKA-AINEIDEN TUKKUJAKELIJA","description":"Surowce dla przemys\u0142u spo\u017cywczego, kosmetycznego i farmaceutycznego","publisher":{"@id":"https:\/\/naturalpoland.com\/fi\/#organization"},"potentialAction":[{"@type":"SearchAction","target":{"@type":"EntryPoint","urlTemplate":"https:\/\/naturalpoland.com\/fi\/?s={search_term_string}"},"query-input":{"@type":"PropertyValueSpecification","valueRequired":true,"valueName":"search_term_string"}}],"inLanguage":"fi"},{"@type":"Organization","@id":"https:\/\/naturalpoland.com\/fi\/#organization","name":"Natural Poland","url":"https:\/\/naturalpoland.com\/fi\/","logo":{"@type":"ImageObject","inLanguage":"fi","@id":"https:\/\/naturalpoland.com\/fi\/#\/schema\/logo\/image\/","url":"https:\/\/naturalpoland.com\/wp-content\/uploads\/2021\/05\/natural-poland-icon.png","contentUrl":"https:\/\/naturalpoland.com\/wp-content\/uploads\/2021\/05\/natural-poland-icon.png","width":512,"height":512,"caption":"Natural Poland"},"image":{"@id":"https:\/\/naturalpoland.com\/fi\/#\/schema\/logo\/image\/"},"sameAs":["https:\/\/www.facebook.com\/naturalpoland.b2b","https:\/\/pl.linkedin.com\/company\/natural-poland","https:\/\/www.youtube.com\/channel\/UCgeGGkvOMahZo-xu_MSEWxg"]}]}},"_links":{"self":[{"href":"https:\/\/naturalpoland.com\/fi\/wp-json\/wp\/v2\/product\/27256","targetHints":{"allow":["GET"]}}],"collection":[{"href":"https:\/\/naturalpoland.com\/fi\/wp-json\/wp\/v2\/product"}],"about":[{"href":"https:\/\/naturalpoland.com\/fi\/wp-json\/wp\/v2\/types\/product"}],"wp:featuredmedia":[{"embeddable":true,"href":"https:\/\/naturalpoland.com\/fi\/wp-json\/wp\/v2\/media\/27070"}],"wp:attachment":[{"href":"https:\/\/naturalpoland.com\/fi\/wp-json\/wp\/v2\/media?parent=27256"}],"wp:term":[{"taxonomy":"product_brand","embeddable":true,"href":"https:\/\/naturalpoland.com\/fi\/wp-json\/wp\/v2\/product_brand?post=27256"},{"taxonomy":"product_cat","embeddable":true,"href":"https:\/\/naturalpoland.com\/fi\/wp-json\/wp\/v2\/product_cat?post=27256"},{"taxonomy":"product_tag","embeddable":true,"href":"https:\/\/naturalpoland.com\/fi\/wp-json\/wp\/v2\/product_tag?post=27256"}],"curies":[{"name":"wp","href":"https:\/\/api.w.org\/{rel}","templated":true}]}}