{"id":27295,"date":"2023-10-19T11:07:09","date_gmt":"2023-10-27T08:55:34","guid":{"rendered":"https:\/\/naturalpoland.com\/produkty\/Ei-luokiteltu\/transglutaminaasi\/"},"modified":"2023-10-27T10:55:34","modified_gmt":"2023-10-27T08:55:34","slug":"transglutaminaasi","status":"publish","type":"product","link":"https:\/\/naturalpoland.com\/fi\/tuotteet\/elintarviketeollisuuden-tuotteet\/entsyymit\/leipomon\/transglutaminaasi\/","title":{"rendered":"Transglutaminaasi"},"content":{"rendered":"<p>Transglutaminaasi on entsyymi, joka <strong>katalysoi proteiinien v\u00e4listen ristisidosten muodostumista<\/strong>, mik\u00e4 johtaa vakaiden proteiiniverkostojen muodostumiseen. Se on luonnossa esiintyv\u00e4 aine monissa organismeissa, my\u00f6s ihmiskehossa, jossa se osallistuu veren hyytymiseen liittyviin prosesseihin. Sill\u00e4 on <strong>kyky ristisilloittaa lysiini- ja glutamiinisidoksia<\/strong> (synnytt\u00e4\u00e4 kovalenttisia ristisidoksia glutamiinin ja lysiinin v\u00e4lille).<\/p>\n<h3><strong>Transglutaminaasi leivonnassa:<\/strong><\/h3>\n<p>Transglutaminaasi on saanut laajaa k\u00e4ytt\u00f6\u00e4 leipomoteollisuudessa, koska sill\u00e4 on kyky parantaa leipomotuotteiden rakennetta ja laatua.<\/p>\n<ol>\n<li><strong>Parempi leiv\u00e4n rakenne:<\/strong> Transglutaminaasi mahdollistaa vahvempien proteiiniverkostojen muodostumisen taikinaan, mik\u00e4 parantaa leiv\u00e4n rakennetta ja lis\u00e4\u00e4 sen tilavuutta.<\/li>\n<li><strong>Taikinan kimmoisuuden lis\u00e4\u00e4minen:<\/strong> t\u00e4m\u00e4 entsyymi voi tehd\u00e4 taikinasta kimmoisamman, jolloin sit\u00e4 on helpompi k\u00e4sitell\u00e4 ja mallintaa.<\/li>\n<li><strong>Ainesosan optimointi:<\/strong> mahdollistaa suuremman veden k\u00e4yt\u00f6n formulaatioissa, mik\u00e4 voi johtaa tuotantokustannusten alenemiseen.<\/li>\n<li><strong>Pident\u00e4\u00e4 leivonnaisten s\u00e4ilyvyytt\u00e4:<\/strong> Vahvempien proteiinisidosten ansiosta leivonnaiset s\u00e4ilyv\u00e4t tuoreina pidemp\u00e4\u00e4n ja kest\u00e4v\u00e4t paremmin kuivumista.<\/li>\n<li><strong>Parempi maku:<\/strong> Parempi leiv\u00e4n rakenne voi vaikuttaa leiv\u00e4n makuun ja tuoksuun, jolloin tuote on kuluttajan kannalta houkuttelevampi.<\/li>\n<\/ol>\n","protected":false},"excerpt":{"rendered":"<p>Transglutaminaasi on arvokas leivontaentsyymi, joka muodostamalla vakaita proteiiniverkostoja parantaa merkitt\u00e4v\u00e4sti leivonnaisten laatua, koostumusta ja s\u00e4ilyvyytt\u00e4. Sen oikealla k\u00e4yt\u00f6ll\u00e4 voidaan tuottaa leip\u00e4\u00e4, jolla on erinomainen rakenne, maku ja pidempi tuoreus.<\/p>\n","protected":false},"featured_media":27490,"template":"","meta":{"_acf_changed":false},"product_brand":[],"product_cat":[2714],"product_tag":[],"class_list":{"0":"post-27295","1":"product","2":"type-product","3":"status-publish","4":"has-post-thumbnail","6":"product_cat-leipomon","8":"first","9":"instock","10":"shipping-taxable","11":"product-type-simple"},"acf":[],"yoast_head":"<!-- This site is optimized with the Yoast SEO plugin v27.4 - https:\/\/yoast.com\/product\/yoast-seo-wordpress\/ -->\n<title>Transglutaminaasi - Tukkudistribuutio<\/title>\n<meta name=\"description\" content=\"Transglutaminaasi on leivontaentsyymi, joka muodostamalla vakaita proteiiniverkostoja parantaa merkitt\u00e4v\u00e4sti leivonnaisten laatua, koostumusta ja s\u00e4ilyvyytt\u00e4.\" \/>\n<meta name=\"robots\" content=\"index, follow, max-snippet:-1, max-image-preview:large, max-video-preview:-1\" \/>\n<link rel=\"canonical\" href=\"https:\/\/naturalpoland.com\/fi\/tuotteet\/elintarviketeollisuuden-tuotteet\/entsyymit\/leipomon\/transglutaminaasi\/\" \/>\n<meta property=\"og:locale\" content=\"fi_FI\" \/>\n<meta property=\"og:type\" content=\"article\" \/>\n<meta property=\"og:title\" content=\"Transglutaminaasi - Tukkudistribuutio\" \/>\n<meta property=\"og:description\" content=\"Transglutaminaasi on leivontaentsyymi, joka muodostamalla vakaita proteiiniverkostoja parantaa merkitt\u00e4v\u00e4sti leivonnaisten laatua, koostumusta ja s\u00e4ilyvyytt\u00e4.\" \/>\n<meta property=\"og:url\" content=\"https:\/\/naturalpoland.com\/fi\/tuotteet\/elintarviketeollisuuden-tuotteet\/entsyymit\/leipomon\/transglutaminaasi\/\" \/>\n<meta property=\"og:site_name\" content=\"NATURAL POLAND - RAAKA-AINEIDEN TUKKUJAKELIJA\" \/>\n<meta property=\"article:publisher\" content=\"https:\/\/www.facebook.com\/naturalpoland.b2b\" \/>\n<meta property=\"og:image\" content=\"https:\/\/naturalpoland.com\/wp-content\/uploads\/transglutaminaza.jpg\" \/>\n\t<meta property=\"og:image:width\" content=\"650\" \/>\n\t<meta property=\"og:image:height\" content=\"650\" \/>\n\t<meta property=\"og:image:type\" content=\"image\/jpeg\" \/>\n<script type=\"application\/ld+json\" class=\"yoast-schema-graph\">{\"@context\":\"https:\\\/\\\/schema.org\",\"@graph\":[{\"@type\":\"WebPage\",\"@id\":\"https:\\\/\\\/naturalpoland.com\\\/fi\\\/tuotteet\\\/elintarviketeollisuuden-tuotteet\\\/entsyymit\\\/leipomon\\\/transglutaminaasi\\\/\",\"url\":\"https:\\\/\\\/naturalpoland.com\\\/fi\\\/tuotteet\\\/elintarviketeollisuuden-tuotteet\\\/entsyymit\\\/leipomon\\\/transglutaminaasi\\\/\",\"name\":\"Transglutaminaasi - Tukkudistribuutio\",\"isPartOf\":{\"@id\":\"https:\\\/\\\/naturalpoland.com\\\/fi\\\/#website\"},\"primaryImageOfPage\":{\"@id\":\"https:\\\/\\\/naturalpoland.com\\\/fi\\\/tuotteet\\\/elintarviketeollisuuden-tuotteet\\\/entsyymit\\\/leipomon\\\/transglutaminaasi\\\/#primaryimage\"},\"image\":{\"@id\":\"https:\\\/\\\/naturalpoland.com\\\/fi\\\/tuotteet\\\/elintarviketeollisuuden-tuotteet\\\/entsyymit\\\/leipomon\\\/transglutaminaasi\\\/#primaryimage\"},\"thumbnailUrl\":\"https:\\\/\\\/naturalpoland.com\\\/wp-content\\\/uploads\\\/transglutaminaza.jpg\",\"datePublished\":\"2023-10-27T08:55:34+00:00\",\"description\":\"Transglutaminaasi on leivontaentsyymi, joka muodostamalla vakaita proteiiniverkostoja parantaa merkitt\u00e4v\u00e4sti leivonnaisten laatua, koostumusta ja s\u00e4ilyvyytt\u00e4.\",\"breadcrumb\":{\"@id\":\"https:\\\/\\\/naturalpoland.com\\\/fi\\\/tuotteet\\\/elintarviketeollisuuden-tuotteet\\\/entsyymit\\\/leipomon\\\/transglutaminaasi\\\/#breadcrumb\"},\"inLanguage\":\"fi\",\"potentialAction\":[{\"@type\":\"ReadAction\",\"target\":[\"https:\\\/\\\/naturalpoland.com\\\/fi\\\/tuotteet\\\/elintarviketeollisuuden-tuotteet\\\/entsyymit\\\/leipomon\\\/transglutaminaasi\\\/\"]}]},{\"@type\":\"ImageObject\",\"inLanguage\":\"fi\",\"@id\":\"https:\\\/\\\/naturalpoland.com\\\/fi\\\/tuotteet\\\/elintarviketeollisuuden-tuotteet\\\/entsyymit\\\/leipomon\\\/transglutaminaasi\\\/#primaryimage\",\"url\":\"https:\\\/\\\/naturalpoland.com\\\/wp-content\\\/uploads\\\/transglutaminaza.jpg\",\"contentUrl\":\"https:\\\/\\\/naturalpoland.com\\\/wp-content\\\/uploads\\\/transglutaminaza.jpg\",\"width\":650,\"height\":650,\"caption\":\"transglutaminaza\"},{\"@type\":\"BreadcrumbList\",\"@id\":\"https:\\\/\\\/naturalpoland.com\\\/fi\\\/tuotteet\\\/elintarviketeollisuuden-tuotteet\\\/entsyymit\\\/leipomon\\\/transglutaminaasi\\\/#breadcrumb\",\"itemListElement\":[{\"@type\":\"ListItem\",\"position\":1,\"name\":\"Etusivu\",\"item\":\"https:\\\/\\\/naturalpoland.com\\\/fi\\\/\"},{\"@type\":\"ListItem\",\"position\":2,\"name\":\"Tuotteet\",\"item\":\"https:\\\/\\\/naturalpoland.com\\\/fi\\\/tuotteet\\\/\"},{\"@type\":\"ListItem\",\"position\":3,\"name\":\"Transglutaminaasi\"}]},{\"@type\":\"WebSite\",\"@id\":\"https:\\\/\\\/naturalpoland.com\\\/fi\\\/#website\",\"url\":\"https:\\\/\\\/naturalpoland.com\\\/fi\\\/\",\"name\":\"NATURAL POLAND - RAAKA-AINEIDEN TUKKUJAKELIJA\",\"description\":\"Surowce dla przemys\u0142u spo\u017cywczego, kosmetycznego i farmaceutycznego\",\"publisher\":{\"@id\":\"https:\\\/\\\/naturalpoland.com\\\/fi\\\/#organization\"},\"potentialAction\":[{\"@type\":\"SearchAction\",\"target\":{\"@type\":\"EntryPoint\",\"urlTemplate\":\"https:\\\/\\\/naturalpoland.com\\\/fi\\\/?s={search_term_string}\"},\"query-input\":{\"@type\":\"PropertyValueSpecification\",\"valueRequired\":true,\"valueName\":\"search_term_string\"}}],\"inLanguage\":\"fi\"},{\"@type\":\"Organization\",\"@id\":\"https:\\\/\\\/naturalpoland.com\\\/fi\\\/#organization\",\"name\":\"Natural Poland\",\"url\":\"https:\\\/\\\/naturalpoland.com\\\/fi\\\/\",\"logo\":{\"@type\":\"ImageObject\",\"inLanguage\":\"fi\",\"@id\":\"https:\\\/\\\/naturalpoland.com\\\/fi\\\/#\\\/schema\\\/logo\\\/image\\\/\",\"url\":\"https:\\\/\\\/naturalpoland.com\\\/wp-content\\\/uploads\\\/2021\\\/05\\\/natural-poland-icon.png\",\"contentUrl\":\"https:\\\/\\\/naturalpoland.com\\\/wp-content\\\/uploads\\\/2021\\\/05\\\/natural-poland-icon.png\",\"width\":512,\"height\":512,\"caption\":\"Natural Poland\"},\"image\":{\"@id\":\"https:\\\/\\\/naturalpoland.com\\\/fi\\\/#\\\/schema\\\/logo\\\/image\\\/\"},\"sameAs\":[\"https:\\\/\\\/www.facebook.com\\\/naturalpoland.b2b\",\"https:\\\/\\\/pl.linkedin.com\\\/company\\\/natural-poland\",\"https:\\\/\\\/www.youtube.com\\\/channel\\\/UCgeGGkvOMahZo-xu_MSEWxg\"]}]}<\/script>\n<!-- \/ Yoast SEO plugin. -->","yoast_head_json":{"title":"Transglutaminaasi - Tukkudistribuutio","description":"Transglutaminaasi on leivontaentsyymi, joka muodostamalla vakaita proteiiniverkostoja parantaa merkitt\u00e4v\u00e4sti leivonnaisten laatua, koostumusta ja s\u00e4ilyvyytt\u00e4.","robots":{"index":"index","follow":"follow","max-snippet":"max-snippet:-1","max-image-preview":"max-image-preview:large","max-video-preview":"max-video-preview:-1"},"canonical":"https:\/\/naturalpoland.com\/fi\/tuotteet\/elintarviketeollisuuden-tuotteet\/entsyymit\/leipomon\/transglutaminaasi\/","og_locale":"fi_FI","og_type":"article","og_title":"Transglutaminaasi - Tukkudistribuutio","og_description":"Transglutaminaasi on leivontaentsyymi, joka muodostamalla vakaita proteiiniverkostoja parantaa merkitt\u00e4v\u00e4sti leivonnaisten laatua, koostumusta ja s\u00e4ilyvyytt\u00e4.","og_url":"https:\/\/naturalpoland.com\/fi\/tuotteet\/elintarviketeollisuuden-tuotteet\/entsyymit\/leipomon\/transglutaminaasi\/","og_site_name":"NATURAL POLAND - RAAKA-AINEIDEN TUKKUJAKELIJA","article_publisher":"https:\/\/www.facebook.com\/naturalpoland.b2b","og_image":[{"width":650,"height":650,"url":"https:\/\/naturalpoland.com\/wp-content\/uploads\/transglutaminaza.jpg","type":"image\/jpeg"}],"schema":{"@context":"https:\/\/schema.org","@graph":[{"@type":"WebPage","@id":"https:\/\/naturalpoland.com\/fi\/tuotteet\/elintarviketeollisuuden-tuotteet\/entsyymit\/leipomon\/transglutaminaasi\/","url":"https:\/\/naturalpoland.com\/fi\/tuotteet\/elintarviketeollisuuden-tuotteet\/entsyymit\/leipomon\/transglutaminaasi\/","name":"Transglutaminaasi - Tukkudistribuutio","isPartOf":{"@id":"https:\/\/naturalpoland.com\/fi\/#website"},"primaryImageOfPage":{"@id":"https:\/\/naturalpoland.com\/fi\/tuotteet\/elintarviketeollisuuden-tuotteet\/entsyymit\/leipomon\/transglutaminaasi\/#primaryimage"},"image":{"@id":"https:\/\/naturalpoland.com\/fi\/tuotteet\/elintarviketeollisuuden-tuotteet\/entsyymit\/leipomon\/transglutaminaasi\/#primaryimage"},"thumbnailUrl":"https:\/\/naturalpoland.com\/wp-content\/uploads\/transglutaminaza.jpg","datePublished":"2023-10-27T08:55:34+00:00","description":"Transglutaminaasi on leivontaentsyymi, joka muodostamalla vakaita proteiiniverkostoja parantaa merkitt\u00e4v\u00e4sti leivonnaisten laatua, koostumusta ja s\u00e4ilyvyytt\u00e4.","breadcrumb":{"@id":"https:\/\/naturalpoland.com\/fi\/tuotteet\/elintarviketeollisuuden-tuotteet\/entsyymit\/leipomon\/transglutaminaasi\/#breadcrumb"},"inLanguage":"fi","potentialAction":[{"@type":"ReadAction","target":["https:\/\/naturalpoland.com\/fi\/tuotteet\/elintarviketeollisuuden-tuotteet\/entsyymit\/leipomon\/transglutaminaasi\/"]}]},{"@type":"ImageObject","inLanguage":"fi","@id":"https:\/\/naturalpoland.com\/fi\/tuotteet\/elintarviketeollisuuden-tuotteet\/entsyymit\/leipomon\/transglutaminaasi\/#primaryimage","url":"https:\/\/naturalpoland.com\/wp-content\/uploads\/transglutaminaza.jpg","contentUrl":"https:\/\/naturalpoland.com\/wp-content\/uploads\/transglutaminaza.jpg","width":650,"height":650,"caption":"transglutaminaza"},{"@type":"BreadcrumbList","@id":"https:\/\/naturalpoland.com\/fi\/tuotteet\/elintarviketeollisuuden-tuotteet\/entsyymit\/leipomon\/transglutaminaasi\/#breadcrumb","itemListElement":[{"@type":"ListItem","position":1,"name":"Etusivu","item":"https:\/\/naturalpoland.com\/fi\/"},{"@type":"ListItem","position":2,"name":"Tuotteet","item":"https:\/\/naturalpoland.com\/fi\/tuotteet\/"},{"@type":"ListItem","position":3,"name":"Transglutaminaasi"}]},{"@type":"WebSite","@id":"https:\/\/naturalpoland.com\/fi\/#website","url":"https:\/\/naturalpoland.com\/fi\/","name":"NATURAL POLAND - RAAKA-AINEIDEN TUKKUJAKELIJA","description":"Surowce dla przemys\u0142u spo\u017cywczego, kosmetycznego i farmaceutycznego","publisher":{"@id":"https:\/\/naturalpoland.com\/fi\/#organization"},"potentialAction":[{"@type":"SearchAction","target":{"@type":"EntryPoint","urlTemplate":"https:\/\/naturalpoland.com\/fi\/?s={search_term_string}"},"query-input":{"@type":"PropertyValueSpecification","valueRequired":true,"valueName":"search_term_string"}}],"inLanguage":"fi"},{"@type":"Organization","@id":"https:\/\/naturalpoland.com\/fi\/#organization","name":"Natural Poland","url":"https:\/\/naturalpoland.com\/fi\/","logo":{"@type":"ImageObject","inLanguage":"fi","@id":"https:\/\/naturalpoland.com\/fi\/#\/schema\/logo\/image\/","url":"https:\/\/naturalpoland.com\/wp-content\/uploads\/2021\/05\/natural-poland-icon.png","contentUrl":"https:\/\/naturalpoland.com\/wp-content\/uploads\/2021\/05\/natural-poland-icon.png","width":512,"height":512,"caption":"Natural Poland"},"image":{"@id":"https:\/\/naturalpoland.com\/fi\/#\/schema\/logo\/image\/"},"sameAs":["https:\/\/www.facebook.com\/naturalpoland.b2b","https:\/\/pl.linkedin.com\/company\/natural-poland","https:\/\/www.youtube.com\/channel\/UCgeGGkvOMahZo-xu_MSEWxg"]}]}},"_links":{"self":[{"href":"https:\/\/naturalpoland.com\/fi\/wp-json\/wp\/v2\/product\/27295","targetHints":{"allow":["GET"]}}],"collection":[{"href":"https:\/\/naturalpoland.com\/fi\/wp-json\/wp\/v2\/product"}],"about":[{"href":"https:\/\/naturalpoland.com\/fi\/wp-json\/wp\/v2\/types\/product"}],"wp:featuredmedia":[{"embeddable":true,"href":"https:\/\/naturalpoland.com\/fi\/wp-json\/wp\/v2\/media\/27490"}],"wp:attachment":[{"href":"https:\/\/naturalpoland.com\/fi\/wp-json\/wp\/v2\/media?parent=27295"}],"wp:term":[{"taxonomy":"product_brand","embeddable":true,"href":"https:\/\/naturalpoland.com\/fi\/wp-json\/wp\/v2\/product_brand?post=27295"},{"taxonomy":"product_cat","embeddable":true,"href":"https:\/\/naturalpoland.com\/fi\/wp-json\/wp\/v2\/product_cat?post=27295"},{"taxonomy":"product_tag","embeddable":true,"href":"https:\/\/naturalpoland.com\/fi\/wp-json\/wp\/v2\/product_tag?post=27295"}],"curies":[{"name":"wp","href":"https:\/\/api.w.org\/{rel}","templated":true}]}}