{"id":27590,"date":"2023-11-13T11:23:04","date_gmt":"2023-11-13T10:26:07","guid":{"rendered":"https:\/\/naturalpoland.com\/produkty\/Ei-luokiteltu\/l-arginiini-alfa-ketoglutaraatti\/"},"modified":"2023-11-13T11:26:07","modified_gmt":"2023-11-13T10:26:07","slug":"alfa-ketoglutaraatti-l-arginiini","status":"publish","type":"product","link":"https:\/\/naturalpoland.com\/fi\/tuotteet\/laaketeollisuuden-tuotteet\/ravintolisien-ainesosat\/alfa-ketoglutaraatti-l-arginiini\/","title":{"rendered":"L-arginiini alfa-ketoglutaraatti"},"content":{"rendered":"<p>L-arginiini alfa-ketoglutaraattia suositellaan erityisesti urheilijoille, aktiivisesti harjoitteleville ja niille, jotka haluavat tukea kehoaan fyysisen kunnon yll\u00e4pit\u00e4misess\u00e4. T\u00e4m\u00e4 tuote on ihanteellinen niille, jotka etsiv\u00e4t kattavaa energiatukea ja suorituskyvyn parantamista.<\/p>\n<h3>L-arginiinin alfa-ketoglutaraatin edut<\/h3>\n<ol>\n<li><strong>Tukee typpioksidin tuotantoa:<\/strong> L-arginiini on typpioksidin esiaste, jolla on t\u00e4rke\u00e4 rooli verenkierron, hapenkuljetuksen ja lihasten toiminnan s\u00e4\u00e4telyss\u00e4. L-arginiini alfa-ketoglutaraatin lis\u00e4ravinteet tukevat t\u00e4t\u00e4 prosessia, mik\u00e4 voi parantaa suorituskyky\u00e4 ja kuntoa.<\/li>\n<li><strong>Energiatehokkuus:<\/strong> Alfa-ketoglutaraatti edist\u00e4\u00e4 Krebsin syklin osana elimist\u00f6n energiaprosessien optimointia, mik\u00e4 on erityisen t\u00e4rke\u00e4\u00e4 intensiivisen liikunnan aikana.<\/li>\n<li><strong>Parempi lihasten palautuminen ja suorituskyky:<\/strong> L-arginiini alfa-ketoglutaraatti voi ominaisuuksiensa ansiosta edist\u00e4\u00e4 lihasten nopeampaa palautumista ja parempaa lihasten ravitsemusta, mik\u00e4 on t\u00e4rke\u00e4\u00e4 urheilijoille ja fyysisesti aktiivisille ihmisille.<\/li>\n<\/ol>\n<p>L-arginiini alfa-ketoglutaraatti on eritt\u00e4in edistyksellinen lis\u00e4ravinne, jossa yhdistyv\u00e4t kehon toiminnan optimointiin tarkoitetut keskeiset ainesosat. Se on ihanteellinen valinta niille, jotka haluavat tukea luonnollisesti harjoittelu- ja palautumiskyky\u00e4\u00e4n.<\/p>\n","protected":false},"excerpt":{"rendered":"<p>L-arginiini alfa-ketoglutaraatti on kehittynyt ravintolis\u00e4, jossa yhdistyv\u00e4t kaksi keskeist\u00e4 ainetta: L-arginiini, aminohappo, joka on kriittinen monille elimist\u00f6n prosesseille, ja alfa-ketoglutaraatti, aineenvaihduntatuote, joka osallistuu Krebsin sykliin, joka on keskeinen tekij\u00e4 energiantuotannossa solutasolla.<\/p>\n","protected":false},"featured_media":27573,"template":"","meta":{"_acf_changed":false},"product_brand":[],"product_cat":[535],"product_tag":[],"class_list":{"0":"post-27590","1":"product","2":"type-product","3":"status-publish","4":"has-post-thumbnail","6":"product_cat-ravintolisien-ainesosat","8":"first","9":"instock","10":"shipping-taxable","11":"product-type-simple"},"acf":[],"yoast_head":"<!-- This site is optimized with the Yoast SEO plugin v27.4 - https:\/\/yoast.com\/product\/yoast-seo-wordpress\/ -->\n<title>L-arginiini alfa-ketoglutaraatti - Tukkudistribuutio<\/title>\n<meta name=\"description\" content=\"L-arginiini alfa-ketoglutaraattia suositellaan erityisesti urheilijoille, aktiivisille harjoittelijoille ja kuntotietoisille ihmisille.\" \/>\n<meta name=\"robots\" content=\"index, follow, max-snippet:-1, max-image-preview:large, max-video-preview:-1\" \/>\n<link rel=\"canonical\" href=\"https:\/\/naturalpoland.com\/fi\/tuotteet\/laaketeollisuuden-tuotteet\/ravintolisien-ainesosat\/alfa-ketoglutaraatti-l-arginiini\/\" \/>\n<meta property=\"og:locale\" content=\"fi_FI\" \/>\n<meta property=\"og:type\" content=\"article\" \/>\n<meta property=\"og:title\" content=\"L-arginiini alfa-ketoglutaraatti - Tukkudistribuutio\" \/>\n<meta property=\"og:description\" content=\"L-arginiini alfa-ketoglutaraattia suositellaan erityisesti urheilijoille, aktiivisille harjoittelijoille ja kuntotietoisille ihmisille.\" \/>\n<meta property=\"og:url\" content=\"https:\/\/naturalpoland.com\/fi\/tuotteet\/laaketeollisuuden-tuotteet\/ravintolisien-ainesosat\/alfa-ketoglutaraatti-l-arginiini\/\" \/>\n<meta property=\"og:site_name\" content=\"NATURAL POLAND - RAAKA-AINEIDEN TUKKUJAKELIJA\" \/>\n<meta property=\"article:publisher\" content=\"https:\/\/www.facebook.com\/naturalpoland.b2b\" \/>\n<meta property=\"og:image\" content=\"https:\/\/naturalpoland.com\/wp-content\/uploads\/alfa-ketoglutaran-l-argininy.png\" \/>\n\t<meta property=\"og:image:width\" content=\"618\" \/>\n\t<meta property=\"og:image:height\" content=\"618\" \/>\n\t<meta property=\"og:image:type\" content=\"image\/png\" \/>\n<script type=\"application\/ld+json\" class=\"yoast-schema-graph\">{\"@context\":\"https:\\\/\\\/schema.org\",\"@graph\":[{\"@type\":\"WebPage\",\"@id\":\"https:\\\/\\\/naturalpoland.com\\\/fi\\\/tuotteet\\\/laaketeollisuuden-tuotteet\\\/ravintolisien-ainesosat\\\/alfa-ketoglutaraatti-l-arginiini\\\/\",\"url\":\"https:\\\/\\\/naturalpoland.com\\\/fi\\\/tuotteet\\\/laaketeollisuuden-tuotteet\\\/ravintolisien-ainesosat\\\/alfa-ketoglutaraatti-l-arginiini\\\/\",\"name\":\"L-arginiini alfa-ketoglutaraatti - Tukkudistribuutio\",\"isPartOf\":{\"@id\":\"https:\\\/\\\/naturalpoland.com\\\/fi\\\/#website\"},\"primaryImageOfPage\":{\"@id\":\"https:\\\/\\\/naturalpoland.com\\\/fi\\\/tuotteet\\\/laaketeollisuuden-tuotteet\\\/ravintolisien-ainesosat\\\/alfa-ketoglutaraatti-l-arginiini\\\/#primaryimage\"},\"image\":{\"@id\":\"https:\\\/\\\/naturalpoland.com\\\/fi\\\/tuotteet\\\/laaketeollisuuden-tuotteet\\\/ravintolisien-ainesosat\\\/alfa-ketoglutaraatti-l-arginiini\\\/#primaryimage\"},\"thumbnailUrl\":\"https:\\\/\\\/naturalpoland.com\\\/wp-content\\\/uploads\\\/alfa-ketoglutaran-l-argininy.png\",\"datePublished\":\"2023-11-13T10:26:07+00:00\",\"description\":\"L-arginiini alfa-ketoglutaraattia suositellaan erityisesti urheilijoille, aktiivisille harjoittelijoille ja kuntotietoisille ihmisille.\",\"breadcrumb\":{\"@id\":\"https:\\\/\\\/naturalpoland.com\\\/fi\\\/tuotteet\\\/laaketeollisuuden-tuotteet\\\/ravintolisien-ainesosat\\\/alfa-ketoglutaraatti-l-arginiini\\\/#breadcrumb\"},\"inLanguage\":\"fi\",\"potentialAction\":[{\"@type\":\"ReadAction\",\"target\":[\"https:\\\/\\\/naturalpoland.com\\\/fi\\\/tuotteet\\\/laaketeollisuuden-tuotteet\\\/ravintolisien-ainesosat\\\/alfa-ketoglutaraatti-l-arginiini\\\/\"]}]},{\"@type\":\"ImageObject\",\"inLanguage\":\"fi\",\"@id\":\"https:\\\/\\\/naturalpoland.com\\\/fi\\\/tuotteet\\\/laaketeollisuuden-tuotteet\\\/ravintolisien-ainesosat\\\/alfa-ketoglutaraatti-l-arginiini\\\/#primaryimage\",\"url\":\"https:\\\/\\\/naturalpoland.com\\\/wp-content\\\/uploads\\\/alfa-ketoglutaran-l-argininy.png\",\"contentUrl\":\"https:\\\/\\\/naturalpoland.com\\\/wp-content\\\/uploads\\\/alfa-ketoglutaran-l-argininy.png\",\"width\":618,\"height\":618,\"caption\":\"L-arginiini alfa-ketoglutaraatti\"},{\"@type\":\"BreadcrumbList\",\"@id\":\"https:\\\/\\\/naturalpoland.com\\\/fi\\\/tuotteet\\\/laaketeollisuuden-tuotteet\\\/ravintolisien-ainesosat\\\/alfa-ketoglutaraatti-l-arginiini\\\/#breadcrumb\",\"itemListElement\":[{\"@type\":\"ListItem\",\"position\":1,\"name\":\"Etusivu\",\"item\":\"https:\\\/\\\/naturalpoland.com\\\/fi\\\/\"},{\"@type\":\"ListItem\",\"position\":2,\"name\":\"Tuotteet\",\"item\":\"https:\\\/\\\/naturalpoland.com\\\/fi\\\/tuotteet\\\/\"},{\"@type\":\"ListItem\",\"position\":3,\"name\":\"L-arginiini alfa-ketoglutaraatti\"}]},{\"@type\":\"WebSite\",\"@id\":\"https:\\\/\\\/naturalpoland.com\\\/fi\\\/#website\",\"url\":\"https:\\\/\\\/naturalpoland.com\\\/fi\\\/\",\"name\":\"NATURAL POLAND - RAAKA-AINEIDEN TUKKUJAKELIJA\",\"description\":\"Surowce dla przemys\u0142u spo\u017cywczego, kosmetycznego i farmaceutycznego\",\"publisher\":{\"@id\":\"https:\\\/\\\/naturalpoland.com\\\/fi\\\/#organization\"},\"potentialAction\":[{\"@type\":\"SearchAction\",\"target\":{\"@type\":\"EntryPoint\",\"urlTemplate\":\"https:\\\/\\\/naturalpoland.com\\\/fi\\\/?s={search_term_string}\"},\"query-input\":{\"@type\":\"PropertyValueSpecification\",\"valueRequired\":true,\"valueName\":\"search_term_string\"}}],\"inLanguage\":\"fi\"},{\"@type\":\"Organization\",\"@id\":\"https:\\\/\\\/naturalpoland.com\\\/fi\\\/#organization\",\"name\":\"Natural Poland\",\"url\":\"https:\\\/\\\/naturalpoland.com\\\/fi\\\/\",\"logo\":{\"@type\":\"ImageObject\",\"inLanguage\":\"fi\",\"@id\":\"https:\\\/\\\/naturalpoland.com\\\/fi\\\/#\\\/schema\\\/logo\\\/image\\\/\",\"url\":\"https:\\\/\\\/naturalpoland.com\\\/wp-content\\\/uploads\\\/2021\\\/05\\\/natural-poland-icon.png\",\"contentUrl\":\"https:\\\/\\\/naturalpoland.com\\\/wp-content\\\/uploads\\\/2021\\\/05\\\/natural-poland-icon.png\",\"width\":512,\"height\":512,\"caption\":\"Natural Poland\"},\"image\":{\"@id\":\"https:\\\/\\\/naturalpoland.com\\\/fi\\\/#\\\/schema\\\/logo\\\/image\\\/\"},\"sameAs\":[\"https:\\\/\\\/www.facebook.com\\\/naturalpoland.b2b\",\"https:\\\/\\\/pl.linkedin.com\\\/company\\\/natural-poland\",\"https:\\\/\\\/www.youtube.com\\\/channel\\\/UCgeGGkvOMahZo-xu_MSEWxg\"]}]}<\/script>\n<!-- \/ Yoast SEO plugin. -->","yoast_head_json":{"title":"L-arginiini alfa-ketoglutaraatti - Tukkudistribuutio","description":"L-arginiini alfa-ketoglutaraattia suositellaan erityisesti urheilijoille, aktiivisille harjoittelijoille ja kuntotietoisille ihmisille.","robots":{"index":"index","follow":"follow","max-snippet":"max-snippet:-1","max-image-preview":"max-image-preview:large","max-video-preview":"max-video-preview:-1"},"canonical":"https:\/\/naturalpoland.com\/fi\/tuotteet\/laaketeollisuuden-tuotteet\/ravintolisien-ainesosat\/alfa-ketoglutaraatti-l-arginiini\/","og_locale":"fi_FI","og_type":"article","og_title":"L-arginiini alfa-ketoglutaraatti - Tukkudistribuutio","og_description":"L-arginiini alfa-ketoglutaraattia suositellaan erityisesti urheilijoille, aktiivisille harjoittelijoille ja kuntotietoisille ihmisille.","og_url":"https:\/\/naturalpoland.com\/fi\/tuotteet\/laaketeollisuuden-tuotteet\/ravintolisien-ainesosat\/alfa-ketoglutaraatti-l-arginiini\/","og_site_name":"NATURAL POLAND - RAAKA-AINEIDEN TUKKUJAKELIJA","article_publisher":"https:\/\/www.facebook.com\/naturalpoland.b2b","og_image":[{"width":618,"height":618,"url":"https:\/\/naturalpoland.com\/wp-content\/uploads\/alfa-ketoglutaran-l-argininy.png","type":"image\/png"}],"schema":{"@context":"https:\/\/schema.org","@graph":[{"@type":"WebPage","@id":"https:\/\/naturalpoland.com\/fi\/tuotteet\/laaketeollisuuden-tuotteet\/ravintolisien-ainesosat\/alfa-ketoglutaraatti-l-arginiini\/","url":"https:\/\/naturalpoland.com\/fi\/tuotteet\/laaketeollisuuden-tuotteet\/ravintolisien-ainesosat\/alfa-ketoglutaraatti-l-arginiini\/","name":"L-arginiini alfa-ketoglutaraatti - Tukkudistribuutio","isPartOf":{"@id":"https:\/\/naturalpoland.com\/fi\/#website"},"primaryImageOfPage":{"@id":"https:\/\/naturalpoland.com\/fi\/tuotteet\/laaketeollisuuden-tuotteet\/ravintolisien-ainesosat\/alfa-ketoglutaraatti-l-arginiini\/#primaryimage"},"image":{"@id":"https:\/\/naturalpoland.com\/fi\/tuotteet\/laaketeollisuuden-tuotteet\/ravintolisien-ainesosat\/alfa-ketoglutaraatti-l-arginiini\/#primaryimage"},"thumbnailUrl":"https:\/\/naturalpoland.com\/wp-content\/uploads\/alfa-ketoglutaran-l-argininy.png","datePublished":"2023-11-13T10:26:07+00:00","description":"L-arginiini alfa-ketoglutaraattia suositellaan erityisesti urheilijoille, aktiivisille harjoittelijoille ja kuntotietoisille ihmisille.","breadcrumb":{"@id":"https:\/\/naturalpoland.com\/fi\/tuotteet\/laaketeollisuuden-tuotteet\/ravintolisien-ainesosat\/alfa-ketoglutaraatti-l-arginiini\/#breadcrumb"},"inLanguage":"fi","potentialAction":[{"@type":"ReadAction","target":["https:\/\/naturalpoland.com\/fi\/tuotteet\/laaketeollisuuden-tuotteet\/ravintolisien-ainesosat\/alfa-ketoglutaraatti-l-arginiini\/"]}]},{"@type":"ImageObject","inLanguage":"fi","@id":"https:\/\/naturalpoland.com\/fi\/tuotteet\/laaketeollisuuden-tuotteet\/ravintolisien-ainesosat\/alfa-ketoglutaraatti-l-arginiini\/#primaryimage","url":"https:\/\/naturalpoland.com\/wp-content\/uploads\/alfa-ketoglutaran-l-argininy.png","contentUrl":"https:\/\/naturalpoland.com\/wp-content\/uploads\/alfa-ketoglutaran-l-argininy.png","width":618,"height":618,"caption":"L-arginiini alfa-ketoglutaraatti"},{"@type":"BreadcrumbList","@id":"https:\/\/naturalpoland.com\/fi\/tuotteet\/laaketeollisuuden-tuotteet\/ravintolisien-ainesosat\/alfa-ketoglutaraatti-l-arginiini\/#breadcrumb","itemListElement":[{"@type":"ListItem","position":1,"name":"Etusivu","item":"https:\/\/naturalpoland.com\/fi\/"},{"@type":"ListItem","position":2,"name":"Tuotteet","item":"https:\/\/naturalpoland.com\/fi\/tuotteet\/"},{"@type":"ListItem","position":3,"name":"L-arginiini alfa-ketoglutaraatti"}]},{"@type":"WebSite","@id":"https:\/\/naturalpoland.com\/fi\/#website","url":"https:\/\/naturalpoland.com\/fi\/","name":"NATURAL POLAND - RAAKA-AINEIDEN TUKKUJAKELIJA","description":"Surowce dla przemys\u0142u spo\u017cywczego, kosmetycznego i farmaceutycznego","publisher":{"@id":"https:\/\/naturalpoland.com\/fi\/#organization"},"potentialAction":[{"@type":"SearchAction","target":{"@type":"EntryPoint","urlTemplate":"https:\/\/naturalpoland.com\/fi\/?s={search_term_string}"},"query-input":{"@type":"PropertyValueSpecification","valueRequired":true,"valueName":"search_term_string"}}],"inLanguage":"fi"},{"@type":"Organization","@id":"https:\/\/naturalpoland.com\/fi\/#organization","name":"Natural Poland","url":"https:\/\/naturalpoland.com\/fi\/","logo":{"@type":"ImageObject","inLanguage":"fi","@id":"https:\/\/naturalpoland.com\/fi\/#\/schema\/logo\/image\/","url":"https:\/\/naturalpoland.com\/wp-content\/uploads\/2021\/05\/natural-poland-icon.png","contentUrl":"https:\/\/naturalpoland.com\/wp-content\/uploads\/2021\/05\/natural-poland-icon.png","width":512,"height":512,"caption":"Natural Poland"},"image":{"@id":"https:\/\/naturalpoland.com\/fi\/#\/schema\/logo\/image\/"},"sameAs":["https:\/\/www.facebook.com\/naturalpoland.b2b","https:\/\/pl.linkedin.com\/company\/natural-poland","https:\/\/www.youtube.com\/channel\/UCgeGGkvOMahZo-xu_MSEWxg"]}]}},"_links":{"self":[{"href":"https:\/\/naturalpoland.com\/fi\/wp-json\/wp\/v2\/product\/27590","targetHints":{"allow":["GET"]}}],"collection":[{"href":"https:\/\/naturalpoland.com\/fi\/wp-json\/wp\/v2\/product"}],"about":[{"href":"https:\/\/naturalpoland.com\/fi\/wp-json\/wp\/v2\/types\/product"}],"wp:featuredmedia":[{"embeddable":true,"href":"https:\/\/naturalpoland.com\/fi\/wp-json\/wp\/v2\/media\/27573"}],"wp:attachment":[{"href":"https:\/\/naturalpoland.com\/fi\/wp-json\/wp\/v2\/media?parent=27590"}],"wp:term":[{"taxonomy":"product_brand","embeddable":true,"href":"https:\/\/naturalpoland.com\/fi\/wp-json\/wp\/v2\/product_brand?post=27590"},{"taxonomy":"product_cat","embeddable":true,"href":"https:\/\/naturalpoland.com\/fi\/wp-json\/wp\/v2\/product_cat?post=27590"},{"taxonomy":"product_tag","embeddable":true,"href":"https:\/\/naturalpoland.com\/fi\/wp-json\/wp\/v2\/product_tag?post=27590"}],"curies":[{"name":"wp","href":"https:\/\/api.w.org\/{rel}","templated":true}]}}