{"id":29208,"date":"2023-12-29T10:15:30","date_gmt":"2024-01-05T09:27:45","guid":{"rendered":"https:\/\/naturalpoland.com\/produkty\/Ei-luokiteltu\/siankarsamouute\/"},"modified":"2024-01-05T10:27:45","modified_gmt":"2024-01-05T09:27:45","slug":"siankarsamouute","status":"publish","type":"product","link":"https:\/\/naturalpoland.com\/fi\/tuotteet\/kasviuutteet\/siankarsamouute\/","title":{"rendered":"Siank\u00e4rs\u00e4m\u00f6uute"},"content":{"rendered":"<p>Aktiivisten ainesosien, kuten atsuleenin ja muiden polyfenolisten yhdisteiden, ansiosta siank\u00e4rs\u00e4m\u00f6uute vaikuttaa tulehdusta ja bakteereja ehk\u00e4isev\u00e4sti sek\u00e4 nopeuttaa haavojen paranemista. Sit\u00e4 k\u00e4ytet\u00e4\u00e4n my\u00f6s herk\u00e4lle ja ongelmalliselle iholle tarkoitetuissa ihonhoitotuotteissa, jotka auttavat lievitt\u00e4m\u00e4\u00e4n \u00e4rsytyst\u00e4 ja parantamaan ihon kuntoa. Lis\u00e4ksi siank\u00e4rs\u00e4m\u00f6\u00e4 arvostetaan sen rauhoittavien ja rentouttavien ominaisuuksien vuoksi, mink\u00e4 vuoksi se on suosittu ainesosa aromaterapiassa ja stressin v\u00e4hent\u00e4mistuotteissa.<\/p>\n<p>&nbsp;<\/p>\n","protected":false},"excerpt":{"rendered":"<p>Siank\u00e4rs\u00e4m\u00f6uutetta (Achillea Millefolium) k\u00e4ytet\u00e4\u00e4n laajalti ravintolisiss\u00e4 ja kosmetiikassa.<\/p>\n","protected":false},"featured_media":28967,"template":"","meta":{"_acf_changed":false},"product_brand":[],"product_cat":[528],"product_tag":[],"class_list":{"0":"post-29208","1":"product","2":"type-product","3":"status-publish","4":"has-post-thumbnail","6":"product_cat-kasviuutteet","7":"pa_certyfikaty-halal-fi","8":"pa_certyfikaty-kosher-sertifikaatti","9":"pa_czesc-rosliny-kukka","11":"first","12":"instock","13":"shipping-taxable","14":"product-type-simple"},"acf":[],"yoast_head":"<!-- This site is optimized with the Yoast SEO plugin v27.5 - https:\/\/yoast.com\/product\/yoast-seo-wordpress\/ -->\n<title>Siank\u00e4rs\u00e4m\u00f6uute - Tukkudistribuutio<\/title>\n<meta name=\"description\" content=\"Siank\u00e4rs\u00e4m\u00f6uutetta (Achillea Millefolium) k\u00e4ytet\u00e4\u00e4n laajalti ravintolisiss\u00e4 ja kosmetiikassa. Sill\u00e4 on anti-inflammatorisia vaikutuksia.\" \/>\n<meta name=\"robots\" content=\"index, follow, max-snippet:-1, max-image-preview:large, max-video-preview:-1\" \/>\n<link rel=\"canonical\" href=\"https:\/\/naturalpoland.com\/fi\/tuotteet\/kasviuutteet\/siankarsamouute\/\" \/>\n<meta property=\"og:locale\" content=\"fi_FI\" \/>\n<meta property=\"og:type\" content=\"article\" \/>\n<meta property=\"og:title\" content=\"Siank\u00e4rs\u00e4m\u00f6uute - Tukkudistribuutio\" \/>\n<meta property=\"og:description\" content=\"Siank\u00e4rs\u00e4m\u00f6uutetta (Achillea Millefolium) k\u00e4ytet\u00e4\u00e4n laajalti ravintolisiss\u00e4 ja kosmetiikassa. Sill\u00e4 on anti-inflammatorisia vaikutuksia.\" \/>\n<meta property=\"og:url\" content=\"https:\/\/naturalpoland.com\/fi\/tuotteet\/kasviuutteet\/siankarsamouute\/\" \/>\n<meta property=\"og:site_name\" content=\"NATURAL POLAND - RAAKA-AINEIDEN TUKKUJAKELIJA\" \/>\n<meta property=\"article:publisher\" content=\"https:\/\/www.facebook.com\/naturalpoland.b2b\" \/>\n<meta property=\"og:image\" content=\"https:\/\/naturalpoland.com\/wp-content\/uploads\/achillea_millefolia_extract.webp\" \/>\n\t<meta property=\"og:image:width\" content=\"612\" \/>\n\t<meta property=\"og:image:height\" content=\"612\" \/>\n\t<meta property=\"og:image:type\" content=\"image\/webp\" \/>\n<script type=\"application\/ld+json\" class=\"yoast-schema-graph\">{\"@context\":\"https:\\\/\\\/schema.org\",\"@graph\":[{\"@type\":\"WebPage\",\"@id\":\"https:\\\/\\\/naturalpoland.com\\\/fi\\\/tuotteet\\\/kasviuutteet\\\/siankarsamouute\\\/\",\"url\":\"https:\\\/\\\/naturalpoland.com\\\/fi\\\/tuotteet\\\/kasviuutteet\\\/siankarsamouute\\\/\",\"name\":\"Siank\u00e4rs\u00e4m\u00f6uute - Tukkudistribuutio\",\"isPartOf\":{\"@id\":\"https:\\\/\\\/naturalpoland.com\\\/fi\\\/#website\"},\"primaryImageOfPage\":{\"@id\":\"https:\\\/\\\/naturalpoland.com\\\/fi\\\/tuotteet\\\/kasviuutteet\\\/siankarsamouute\\\/#primaryimage\"},\"image\":{\"@id\":\"https:\\\/\\\/naturalpoland.com\\\/fi\\\/tuotteet\\\/kasviuutteet\\\/siankarsamouute\\\/#primaryimage\"},\"thumbnailUrl\":\"https:\\\/\\\/naturalpoland.com\\\/wp-content\\\/uploads\\\/achillea_millefolia_extract.webp\",\"datePublished\":\"2024-01-05T09:27:45+00:00\",\"description\":\"Siank\u00e4rs\u00e4m\u00f6uutetta (Achillea Millefolium) k\u00e4ytet\u00e4\u00e4n laajalti ravintolisiss\u00e4 ja kosmetiikassa. Sill\u00e4 on anti-inflammatorisia vaikutuksia.\",\"breadcrumb\":{\"@id\":\"https:\\\/\\\/naturalpoland.com\\\/fi\\\/tuotteet\\\/kasviuutteet\\\/siankarsamouute\\\/#breadcrumb\"},\"inLanguage\":\"fi\",\"potentialAction\":[{\"@type\":\"ReadAction\",\"target\":[\"https:\\\/\\\/naturalpoland.com\\\/fi\\\/tuotteet\\\/kasviuutteet\\\/siankarsamouute\\\/\"]}]},{\"@type\":\"ImageObject\",\"inLanguage\":\"fi\",\"@id\":\"https:\\\/\\\/naturalpoland.com\\\/fi\\\/tuotteet\\\/kasviuutteet\\\/siankarsamouute\\\/#primaryimage\",\"url\":\"https:\\\/\\\/naturalpoland.com\\\/wp-content\\\/uploads\\\/achillea_millefolia_extract.webp\",\"contentUrl\":\"https:\\\/\\\/naturalpoland.com\\\/wp-content\\\/uploads\\\/achillea_millefolia_extract.webp\",\"width\":612,\"height\":612,\"caption\":\"Achillea Millefolia -uute\"},{\"@type\":\"BreadcrumbList\",\"@id\":\"https:\\\/\\\/naturalpoland.com\\\/fi\\\/tuotteet\\\/kasviuutteet\\\/siankarsamouute\\\/#breadcrumb\",\"itemListElement\":[{\"@type\":\"ListItem\",\"position\":1,\"name\":\"Etusivu\",\"item\":\"https:\\\/\\\/naturalpoland.com\\\/fi\\\/\"},{\"@type\":\"ListItem\",\"position\":2,\"name\":\"Tuotteet\",\"item\":\"https:\\\/\\\/naturalpoland.com\\\/fi\\\/tuotteet\\\/\"},{\"@type\":\"ListItem\",\"position\":3,\"name\":\"Siank\u00e4rs\u00e4m\u00f6uute\"}]},{\"@type\":\"WebSite\",\"@id\":\"https:\\\/\\\/naturalpoland.com\\\/fi\\\/#website\",\"url\":\"https:\\\/\\\/naturalpoland.com\\\/fi\\\/\",\"name\":\"NATURAL POLAND - RAAKA-AINEIDEN TUKKUJAKELIJA\",\"description\":\"Surowce dla przemys\u0142u spo\u017cywczego, kosmetycznego i farmaceutycznego\",\"publisher\":{\"@id\":\"https:\\\/\\\/naturalpoland.com\\\/fi\\\/#organization\"},\"potentialAction\":[{\"@type\":\"SearchAction\",\"target\":{\"@type\":\"EntryPoint\",\"urlTemplate\":\"https:\\\/\\\/naturalpoland.com\\\/fi\\\/?s={search_term_string}\"},\"query-input\":{\"@type\":\"PropertyValueSpecification\",\"valueRequired\":true,\"valueName\":\"search_term_string\"}}],\"inLanguage\":\"fi\"},{\"@type\":\"Organization\",\"@id\":\"https:\\\/\\\/naturalpoland.com\\\/fi\\\/#organization\",\"name\":\"Natural Poland\",\"url\":\"https:\\\/\\\/naturalpoland.com\\\/fi\\\/\",\"logo\":{\"@type\":\"ImageObject\",\"inLanguage\":\"fi\",\"@id\":\"https:\\\/\\\/naturalpoland.com\\\/fi\\\/#\\\/schema\\\/logo\\\/image\\\/\",\"url\":\"https:\\\/\\\/naturalpoland.com\\\/wp-content\\\/uploads\\\/2021\\\/05\\\/natural-poland-icon.png\",\"contentUrl\":\"https:\\\/\\\/naturalpoland.com\\\/wp-content\\\/uploads\\\/2021\\\/05\\\/natural-poland-icon.png\",\"width\":512,\"height\":512,\"caption\":\"Natural Poland\"},\"image\":{\"@id\":\"https:\\\/\\\/naturalpoland.com\\\/fi\\\/#\\\/schema\\\/logo\\\/image\\\/\"},\"sameAs\":[\"https:\\\/\\\/www.facebook.com\\\/naturalpoland.b2b\",\"https:\\\/\\\/pl.linkedin.com\\\/company\\\/natural-poland\",\"https:\\\/\\\/www.youtube.com\\\/channel\\\/UCgeGGkvOMahZo-xu_MSEWxg\"]}]}<\/script>\n<!-- \/ Yoast SEO plugin. -->","yoast_head_json":{"title":"Siank\u00e4rs\u00e4m\u00f6uute - Tukkudistribuutio","description":"Siank\u00e4rs\u00e4m\u00f6uutetta (Achillea Millefolium) k\u00e4ytet\u00e4\u00e4n laajalti ravintolisiss\u00e4 ja kosmetiikassa. Sill\u00e4 on anti-inflammatorisia vaikutuksia.","robots":{"index":"index","follow":"follow","max-snippet":"max-snippet:-1","max-image-preview":"max-image-preview:large","max-video-preview":"max-video-preview:-1"},"canonical":"https:\/\/naturalpoland.com\/fi\/tuotteet\/kasviuutteet\/siankarsamouute\/","og_locale":"fi_FI","og_type":"article","og_title":"Siank\u00e4rs\u00e4m\u00f6uute - Tukkudistribuutio","og_description":"Siank\u00e4rs\u00e4m\u00f6uutetta (Achillea Millefolium) k\u00e4ytet\u00e4\u00e4n laajalti ravintolisiss\u00e4 ja kosmetiikassa. Sill\u00e4 on anti-inflammatorisia vaikutuksia.","og_url":"https:\/\/naturalpoland.com\/fi\/tuotteet\/kasviuutteet\/siankarsamouute\/","og_site_name":"NATURAL POLAND - RAAKA-AINEIDEN TUKKUJAKELIJA","article_publisher":"https:\/\/www.facebook.com\/naturalpoland.b2b","og_image":[{"width":612,"height":612,"url":"https:\/\/naturalpoland.com\/wp-content\/uploads\/achillea_millefolia_extract.webp","type":"image\/webp"}],"schema":{"@context":"https:\/\/schema.org","@graph":[{"@type":"WebPage","@id":"https:\/\/naturalpoland.com\/fi\/tuotteet\/kasviuutteet\/siankarsamouute\/","url":"https:\/\/naturalpoland.com\/fi\/tuotteet\/kasviuutteet\/siankarsamouute\/","name":"Siank\u00e4rs\u00e4m\u00f6uute - Tukkudistribuutio","isPartOf":{"@id":"https:\/\/naturalpoland.com\/fi\/#website"},"primaryImageOfPage":{"@id":"https:\/\/naturalpoland.com\/fi\/tuotteet\/kasviuutteet\/siankarsamouute\/#primaryimage"},"image":{"@id":"https:\/\/naturalpoland.com\/fi\/tuotteet\/kasviuutteet\/siankarsamouute\/#primaryimage"},"thumbnailUrl":"https:\/\/naturalpoland.com\/wp-content\/uploads\/achillea_millefolia_extract.webp","datePublished":"2024-01-05T09:27:45+00:00","description":"Siank\u00e4rs\u00e4m\u00f6uutetta (Achillea Millefolium) k\u00e4ytet\u00e4\u00e4n laajalti ravintolisiss\u00e4 ja kosmetiikassa. Sill\u00e4 on anti-inflammatorisia vaikutuksia.","breadcrumb":{"@id":"https:\/\/naturalpoland.com\/fi\/tuotteet\/kasviuutteet\/siankarsamouute\/#breadcrumb"},"inLanguage":"fi","potentialAction":[{"@type":"ReadAction","target":["https:\/\/naturalpoland.com\/fi\/tuotteet\/kasviuutteet\/siankarsamouute\/"]}]},{"@type":"ImageObject","inLanguage":"fi","@id":"https:\/\/naturalpoland.com\/fi\/tuotteet\/kasviuutteet\/siankarsamouute\/#primaryimage","url":"https:\/\/naturalpoland.com\/wp-content\/uploads\/achillea_millefolia_extract.webp","contentUrl":"https:\/\/naturalpoland.com\/wp-content\/uploads\/achillea_millefolia_extract.webp","width":612,"height":612,"caption":"Achillea Millefolia -uute"},{"@type":"BreadcrumbList","@id":"https:\/\/naturalpoland.com\/fi\/tuotteet\/kasviuutteet\/siankarsamouute\/#breadcrumb","itemListElement":[{"@type":"ListItem","position":1,"name":"Etusivu","item":"https:\/\/naturalpoland.com\/fi\/"},{"@type":"ListItem","position":2,"name":"Tuotteet","item":"https:\/\/naturalpoland.com\/fi\/tuotteet\/"},{"@type":"ListItem","position":3,"name":"Siank\u00e4rs\u00e4m\u00f6uute"}]},{"@type":"WebSite","@id":"https:\/\/naturalpoland.com\/fi\/#website","url":"https:\/\/naturalpoland.com\/fi\/","name":"NATURAL POLAND - RAAKA-AINEIDEN TUKKUJAKELIJA","description":"Surowce dla przemys\u0142u spo\u017cywczego, kosmetycznego i farmaceutycznego","publisher":{"@id":"https:\/\/naturalpoland.com\/fi\/#organization"},"potentialAction":[{"@type":"SearchAction","target":{"@type":"EntryPoint","urlTemplate":"https:\/\/naturalpoland.com\/fi\/?s={search_term_string}"},"query-input":{"@type":"PropertyValueSpecification","valueRequired":true,"valueName":"search_term_string"}}],"inLanguage":"fi"},{"@type":"Organization","@id":"https:\/\/naturalpoland.com\/fi\/#organization","name":"Natural Poland","url":"https:\/\/naturalpoland.com\/fi\/","logo":{"@type":"ImageObject","inLanguage":"fi","@id":"https:\/\/naturalpoland.com\/fi\/#\/schema\/logo\/image\/","url":"https:\/\/naturalpoland.com\/wp-content\/uploads\/2021\/05\/natural-poland-icon.png","contentUrl":"https:\/\/naturalpoland.com\/wp-content\/uploads\/2021\/05\/natural-poland-icon.png","width":512,"height":512,"caption":"Natural Poland"},"image":{"@id":"https:\/\/naturalpoland.com\/fi\/#\/schema\/logo\/image\/"},"sameAs":["https:\/\/www.facebook.com\/naturalpoland.b2b","https:\/\/pl.linkedin.com\/company\/natural-poland","https:\/\/www.youtube.com\/channel\/UCgeGGkvOMahZo-xu_MSEWxg"]}]}},"_links":{"self":[{"href":"https:\/\/naturalpoland.com\/fi\/wp-json\/wp\/v2\/product\/29208","targetHints":{"allow":["GET"]}}],"collection":[{"href":"https:\/\/naturalpoland.com\/fi\/wp-json\/wp\/v2\/product"}],"about":[{"href":"https:\/\/naturalpoland.com\/fi\/wp-json\/wp\/v2\/types\/product"}],"wp:featuredmedia":[{"embeddable":true,"href":"https:\/\/naturalpoland.com\/fi\/wp-json\/wp\/v2\/media\/28967"}],"wp:attachment":[{"href":"https:\/\/naturalpoland.com\/fi\/wp-json\/wp\/v2\/media?parent=29208"}],"wp:term":[{"taxonomy":"product_brand","embeddable":true,"href":"https:\/\/naturalpoland.com\/fi\/wp-json\/wp\/v2\/product_brand?post=29208"},{"taxonomy":"product_cat","embeddable":true,"href":"https:\/\/naturalpoland.com\/fi\/wp-json\/wp\/v2\/product_cat?post=29208"},{"taxonomy":"product_tag","embeddable":true,"href":"https:\/\/naturalpoland.com\/fi\/wp-json\/wp\/v2\/product_tag?post=29208"}],"curies":[{"name":"wp","href":"https:\/\/api.w.org\/{rel}","templated":true}]}}