{"id":29253,"date":"2023-12-28T15:19:18","date_gmt":"2024-01-05T09:34:59","guid":{"rendered":"https:\/\/naturalpoland.com\/produkty\/Ei-luokiteltu\/kaenkaaliuute\/"},"modified":"2024-01-05T10:34:59","modified_gmt":"2024-01-05T09:34:59","slug":"kaenkaaliuute","status":"publish","type":"product","link":"https:\/\/naturalpoland.com\/fi\/tuotteet\/kasviuutteet\/kaenkaaliuute\/","title":{"rendered":"K\u00e4enkaaliuute"},"content":{"rendered":"<p>M\u00e4kikuismauutteen ominaisuuksiin kuuluu antioksidanttinen aktiivisuus ja terveyden edist\u00e4minen, mik\u00e4 tekee siit\u00e4 arvostetun ravintolisien ainesosan. T\u00e4m\u00e4n uutteen pitoisuus on 10:1, mik\u00e4 viittaa korkeaan aktiivisten ainesosien pitoisuuteen. Se on ruskeankeltainen jauhe, jolla on ominainen maku ja haju.<\/p>\n<p>M\u00e4kikuismauute sis\u00e4lt\u00e4\u00e4 artemisiiniini\u00e4, jolla on malariaa ehk\u00e4isevi\u00e4 vaikutuksia, sek\u00e4 muita terveytt\u00e4 tukevia bioaktiivisia ainesosia. Sen mahdollisia hy\u00f6tyj\u00e4 eri sairauksien, kuten joidenkin sy\u00f6p\u00e4muotojen, hoidossa tutkitaan. Se toimii my\u00f6s luonnollisena antioksidanttina, joka tukee elimist\u00f6n puolustuskyky\u00e4 vapaiden radikaalien aiheuttamia vaurioita vastaan. Sit\u00e4 k\u00e4ytet\u00e4\u00e4n ravintolisiss\u00e4 yleisen terveyden parantajana sek\u00e4 parantamaan immuniteettia ja suojaamaan tartuntataudeilta.<\/p>\n","protected":false},"excerpt":{"rendered":"<p>Mugwort (Artemisia annua) -uute on eritt\u00e4in puhdas tuote, joka on uutettu samannimisest\u00e4 kasvista.<\/p>\n","protected":false},"featured_media":28954,"template":"","meta":{"_acf_changed":false},"product_brand":[],"product_cat":[528],"product_tag":[],"class_list":{"0":"post-29253","1":"product","2":"type-product","3":"status-publish","4":"has-post-thumbnail","6":"product_cat-kasviuutteet","7":"pa_certyfikaty-halal-fi","8":"pa_certyfikaty-kosher-sertifikaatti","10":"first","11":"instock","12":"shipping-taxable","13":"product-type-simple"},"acf":[],"yoast_head":"<!-- This site is optimized with the Yoast SEO plugin v27.5 - https:\/\/yoast.com\/product\/yoast-seo-wordpress\/ -->\n<title>K\u00e4enkaaliuute - Tukkudistribuutio<\/title>\n<meta name=\"description\" content=\"Mugwort (Artemisia annua) -uute on eritt\u00e4in puhdas tuote, joka on uutettu samannimisest\u00e4 kasvista.\" \/>\n<meta name=\"robots\" content=\"index, follow, max-snippet:-1, max-image-preview:large, max-video-preview:-1\" \/>\n<link rel=\"canonical\" href=\"https:\/\/naturalpoland.com\/fi\/tuotteet\/kasviuutteet\/kaenkaaliuute\/\" \/>\n<meta property=\"og:locale\" content=\"fi_FI\" \/>\n<meta property=\"og:type\" content=\"article\" \/>\n<meta property=\"og:title\" content=\"K\u00e4enkaaliuute - Tukkudistribuutio\" \/>\n<meta property=\"og:description\" content=\"Mugwort (Artemisia annua) -uute on eritt\u00e4in puhdas tuote, joka on uutettu samannimisest\u00e4 kasvista.\" \/>\n<meta property=\"og:url\" content=\"https:\/\/naturalpoland.com\/fi\/tuotteet\/kasviuutteet\/kaenkaaliuute\/\" \/>\n<meta property=\"og:site_name\" content=\"NATURAL POLAND - RAAKA-AINEIDEN TUKKUJAKELIJA\" \/>\n<meta property=\"article:publisher\" content=\"https:\/\/www.facebook.com\/naturalpoland.b2b\" \/>\n<meta property=\"og:image\" content=\"https:\/\/naturalpoland.com\/wp-content\/uploads\/artemisia_annua_extract.webp\" \/>\n\t<meta property=\"og:image:width\" content=\"612\" \/>\n\t<meta property=\"og:image:height\" content=\"612\" \/>\n\t<meta property=\"og:image:type\" content=\"image\/webp\" \/>\n<script type=\"application\/ld+json\" class=\"yoast-schema-graph\">{\"@context\":\"https:\\\/\\\/schema.org\",\"@graph\":[{\"@type\":\"WebPage\",\"@id\":\"https:\\\/\\\/naturalpoland.com\\\/fi\\\/tuotteet\\\/kasviuutteet\\\/kaenkaaliuute\\\/\",\"url\":\"https:\\\/\\\/naturalpoland.com\\\/fi\\\/tuotteet\\\/kasviuutteet\\\/kaenkaaliuute\\\/\",\"name\":\"K\u00e4enkaaliuute - Tukkudistribuutio\",\"isPartOf\":{\"@id\":\"https:\\\/\\\/naturalpoland.com\\\/fi\\\/#website\"},\"primaryImageOfPage\":{\"@id\":\"https:\\\/\\\/naturalpoland.com\\\/fi\\\/tuotteet\\\/kasviuutteet\\\/kaenkaaliuute\\\/#primaryimage\"},\"image\":{\"@id\":\"https:\\\/\\\/naturalpoland.com\\\/fi\\\/tuotteet\\\/kasviuutteet\\\/kaenkaaliuute\\\/#primaryimage\"},\"thumbnailUrl\":\"https:\\\/\\\/naturalpoland.com\\\/wp-content\\\/uploads\\\/artemisia_annua_extract.webp\",\"datePublished\":\"2024-01-05T09:34:59+00:00\",\"description\":\"Mugwort (Artemisia annua) -uute on eritt\u00e4in puhdas tuote, joka on uutettu samannimisest\u00e4 kasvista.\",\"breadcrumb\":{\"@id\":\"https:\\\/\\\/naturalpoland.com\\\/fi\\\/tuotteet\\\/kasviuutteet\\\/kaenkaaliuute\\\/#breadcrumb\"},\"inLanguage\":\"fi\",\"potentialAction\":[{\"@type\":\"ReadAction\",\"target\":[\"https:\\\/\\\/naturalpoland.com\\\/fi\\\/tuotteet\\\/kasviuutteet\\\/kaenkaaliuute\\\/\"]}]},{\"@type\":\"ImageObject\",\"inLanguage\":\"fi\",\"@id\":\"https:\\\/\\\/naturalpoland.com\\\/fi\\\/tuotteet\\\/kasviuutteet\\\/kaenkaaliuute\\\/#primaryimage\",\"url\":\"https:\\\/\\\/naturalpoland.com\\\/wp-content\\\/uploads\\\/artemisia_annua_extract.webp\",\"contentUrl\":\"https:\\\/\\\/naturalpoland.com\\\/wp-content\\\/uploads\\\/artemisia_annua_extract.webp\",\"width\":612,\"height\":612,\"caption\":\"K\u00e4enkaaliuute\"},{\"@type\":\"BreadcrumbList\",\"@id\":\"https:\\\/\\\/naturalpoland.com\\\/fi\\\/tuotteet\\\/kasviuutteet\\\/kaenkaaliuute\\\/#breadcrumb\",\"itemListElement\":[{\"@type\":\"ListItem\",\"position\":1,\"name\":\"Etusivu\",\"item\":\"https:\\\/\\\/naturalpoland.com\\\/fi\\\/\"},{\"@type\":\"ListItem\",\"position\":2,\"name\":\"Tuotteet\",\"item\":\"https:\\\/\\\/naturalpoland.com\\\/fi\\\/tuotteet\\\/\"},{\"@type\":\"ListItem\",\"position\":3,\"name\":\"K\u00e4enkaaliuute\"}]},{\"@type\":\"WebSite\",\"@id\":\"https:\\\/\\\/naturalpoland.com\\\/fi\\\/#website\",\"url\":\"https:\\\/\\\/naturalpoland.com\\\/fi\\\/\",\"name\":\"NATURAL POLAND - RAAKA-AINEIDEN TUKKUJAKELIJA\",\"description\":\"Surowce dla przemys\u0142u spo\u017cywczego, kosmetycznego i farmaceutycznego\",\"publisher\":{\"@id\":\"https:\\\/\\\/naturalpoland.com\\\/fi\\\/#organization\"},\"potentialAction\":[{\"@type\":\"SearchAction\",\"target\":{\"@type\":\"EntryPoint\",\"urlTemplate\":\"https:\\\/\\\/naturalpoland.com\\\/fi\\\/?s={search_term_string}\"},\"query-input\":{\"@type\":\"PropertyValueSpecification\",\"valueRequired\":true,\"valueName\":\"search_term_string\"}}],\"inLanguage\":\"fi\"},{\"@type\":\"Organization\",\"@id\":\"https:\\\/\\\/naturalpoland.com\\\/fi\\\/#organization\",\"name\":\"Natural Poland\",\"url\":\"https:\\\/\\\/naturalpoland.com\\\/fi\\\/\",\"logo\":{\"@type\":\"ImageObject\",\"inLanguage\":\"fi\",\"@id\":\"https:\\\/\\\/naturalpoland.com\\\/fi\\\/#\\\/schema\\\/logo\\\/image\\\/\",\"url\":\"https:\\\/\\\/naturalpoland.com\\\/wp-content\\\/uploads\\\/2021\\\/05\\\/natural-poland-icon.png\",\"contentUrl\":\"https:\\\/\\\/naturalpoland.com\\\/wp-content\\\/uploads\\\/2021\\\/05\\\/natural-poland-icon.png\",\"width\":512,\"height\":512,\"caption\":\"Natural Poland\"},\"image\":{\"@id\":\"https:\\\/\\\/naturalpoland.com\\\/fi\\\/#\\\/schema\\\/logo\\\/image\\\/\"},\"sameAs\":[\"https:\\\/\\\/www.facebook.com\\\/naturalpoland.b2b\",\"https:\\\/\\\/pl.linkedin.com\\\/company\\\/natural-poland\",\"https:\\\/\\\/www.youtube.com\\\/channel\\\/UCgeGGkvOMahZo-xu_MSEWxg\"]}]}<\/script>\n<!-- \/ Yoast SEO plugin. -->","yoast_head_json":{"title":"K\u00e4enkaaliuute - Tukkudistribuutio","description":"Mugwort (Artemisia annua) -uute on eritt\u00e4in puhdas tuote, joka on uutettu samannimisest\u00e4 kasvista.","robots":{"index":"index","follow":"follow","max-snippet":"max-snippet:-1","max-image-preview":"max-image-preview:large","max-video-preview":"max-video-preview:-1"},"canonical":"https:\/\/naturalpoland.com\/fi\/tuotteet\/kasviuutteet\/kaenkaaliuute\/","og_locale":"fi_FI","og_type":"article","og_title":"K\u00e4enkaaliuute - Tukkudistribuutio","og_description":"Mugwort (Artemisia annua) -uute on eritt\u00e4in puhdas tuote, joka on uutettu samannimisest\u00e4 kasvista.","og_url":"https:\/\/naturalpoland.com\/fi\/tuotteet\/kasviuutteet\/kaenkaaliuute\/","og_site_name":"NATURAL POLAND - RAAKA-AINEIDEN TUKKUJAKELIJA","article_publisher":"https:\/\/www.facebook.com\/naturalpoland.b2b","og_image":[{"width":612,"height":612,"url":"https:\/\/naturalpoland.com\/wp-content\/uploads\/artemisia_annua_extract.webp","type":"image\/webp"}],"schema":{"@context":"https:\/\/schema.org","@graph":[{"@type":"WebPage","@id":"https:\/\/naturalpoland.com\/fi\/tuotteet\/kasviuutteet\/kaenkaaliuute\/","url":"https:\/\/naturalpoland.com\/fi\/tuotteet\/kasviuutteet\/kaenkaaliuute\/","name":"K\u00e4enkaaliuute - Tukkudistribuutio","isPartOf":{"@id":"https:\/\/naturalpoland.com\/fi\/#website"},"primaryImageOfPage":{"@id":"https:\/\/naturalpoland.com\/fi\/tuotteet\/kasviuutteet\/kaenkaaliuute\/#primaryimage"},"image":{"@id":"https:\/\/naturalpoland.com\/fi\/tuotteet\/kasviuutteet\/kaenkaaliuute\/#primaryimage"},"thumbnailUrl":"https:\/\/naturalpoland.com\/wp-content\/uploads\/artemisia_annua_extract.webp","datePublished":"2024-01-05T09:34:59+00:00","description":"Mugwort (Artemisia annua) -uute on eritt\u00e4in puhdas tuote, joka on uutettu samannimisest\u00e4 kasvista.","breadcrumb":{"@id":"https:\/\/naturalpoland.com\/fi\/tuotteet\/kasviuutteet\/kaenkaaliuute\/#breadcrumb"},"inLanguage":"fi","potentialAction":[{"@type":"ReadAction","target":["https:\/\/naturalpoland.com\/fi\/tuotteet\/kasviuutteet\/kaenkaaliuute\/"]}]},{"@type":"ImageObject","inLanguage":"fi","@id":"https:\/\/naturalpoland.com\/fi\/tuotteet\/kasviuutteet\/kaenkaaliuute\/#primaryimage","url":"https:\/\/naturalpoland.com\/wp-content\/uploads\/artemisia_annua_extract.webp","contentUrl":"https:\/\/naturalpoland.com\/wp-content\/uploads\/artemisia_annua_extract.webp","width":612,"height":612,"caption":"K\u00e4enkaaliuute"},{"@type":"BreadcrumbList","@id":"https:\/\/naturalpoland.com\/fi\/tuotteet\/kasviuutteet\/kaenkaaliuute\/#breadcrumb","itemListElement":[{"@type":"ListItem","position":1,"name":"Etusivu","item":"https:\/\/naturalpoland.com\/fi\/"},{"@type":"ListItem","position":2,"name":"Tuotteet","item":"https:\/\/naturalpoland.com\/fi\/tuotteet\/"},{"@type":"ListItem","position":3,"name":"K\u00e4enkaaliuute"}]},{"@type":"WebSite","@id":"https:\/\/naturalpoland.com\/fi\/#website","url":"https:\/\/naturalpoland.com\/fi\/","name":"NATURAL POLAND - RAAKA-AINEIDEN TUKKUJAKELIJA","description":"Surowce dla przemys\u0142u spo\u017cywczego, kosmetycznego i farmaceutycznego","publisher":{"@id":"https:\/\/naturalpoland.com\/fi\/#organization"},"potentialAction":[{"@type":"SearchAction","target":{"@type":"EntryPoint","urlTemplate":"https:\/\/naturalpoland.com\/fi\/?s={search_term_string}"},"query-input":{"@type":"PropertyValueSpecification","valueRequired":true,"valueName":"search_term_string"}}],"inLanguage":"fi"},{"@type":"Organization","@id":"https:\/\/naturalpoland.com\/fi\/#organization","name":"Natural Poland","url":"https:\/\/naturalpoland.com\/fi\/","logo":{"@type":"ImageObject","inLanguage":"fi","@id":"https:\/\/naturalpoland.com\/fi\/#\/schema\/logo\/image\/","url":"https:\/\/naturalpoland.com\/wp-content\/uploads\/2021\/05\/natural-poland-icon.png","contentUrl":"https:\/\/naturalpoland.com\/wp-content\/uploads\/2021\/05\/natural-poland-icon.png","width":512,"height":512,"caption":"Natural Poland"},"image":{"@id":"https:\/\/naturalpoland.com\/fi\/#\/schema\/logo\/image\/"},"sameAs":["https:\/\/www.facebook.com\/naturalpoland.b2b","https:\/\/pl.linkedin.com\/company\/natural-poland","https:\/\/www.youtube.com\/channel\/UCgeGGkvOMahZo-xu_MSEWxg"]}]}},"_links":{"self":[{"href":"https:\/\/naturalpoland.com\/fi\/wp-json\/wp\/v2\/product\/29253","targetHints":{"allow":["GET"]}}],"collection":[{"href":"https:\/\/naturalpoland.com\/fi\/wp-json\/wp\/v2\/product"}],"about":[{"href":"https:\/\/naturalpoland.com\/fi\/wp-json\/wp\/v2\/types\/product"}],"wp:featuredmedia":[{"embeddable":true,"href":"https:\/\/naturalpoland.com\/fi\/wp-json\/wp\/v2\/media\/28954"}],"wp:attachment":[{"href":"https:\/\/naturalpoland.com\/fi\/wp-json\/wp\/v2\/media?parent=29253"}],"wp:term":[{"taxonomy":"product_brand","embeddable":true,"href":"https:\/\/naturalpoland.com\/fi\/wp-json\/wp\/v2\/product_brand?post=29253"},{"taxonomy":"product_cat","embeddable":true,"href":"https:\/\/naturalpoland.com\/fi\/wp-json\/wp\/v2\/product_cat?post=29253"},{"taxonomy":"product_tag","embeddable":true,"href":"https:\/\/naturalpoland.com\/fi\/wp-json\/wp\/v2\/product_tag?post=29253"}],"curies":[{"name":"wp","href":"https:\/\/api.w.org\/{rel}","templated":true}]}}