{"id":29323,"date":"2024-01-08T11:53:06","date_gmt":"2024-01-10T11:33:46","guid":{"rendered":"https:\/\/naturalpoland.com\/produkty\/Ei-luokiteltu\/palmitoyylitetrapeptidi-7\/"},"modified":"2024-01-10T12:33:46","modified_gmt":"2024-01-10T11:33:46","slug":"palmitoyylitetrapeptidi-7","status":"publish","type":"product","link":"https:\/\/naturalpoland.com\/fi\/tuotteet\/kosmetiikkateollisuuden-tuotteet\/peptidit\/palmitoyylitetrapeptidi-7\/","title":{"rendered":"Palmitoyylitetrapeptidi-7"},"content":{"rendered":"<p><strong>Vaikutusmekanismi:<\/strong><\/p>\n<p>Palmitoyylitripeptidi-7 vaikuttaa keratinosyytteihin v\u00e4hent\u00e4en interleukiini 6:n (IL6) erityst\u00e4. T\u00e4m\u00e4 yll\u00e4pit\u00e4\u00e4 ihon solutasapainoa ja minimoi tulehdusreaktion. N\u00e4in ollen t\u00e4m\u00e4 ainesosa parantaa tehokkaasti ihon kiinteytt\u00e4 ja kimmoisuutta. Lis\u00e4ksi se toimii soluviestimen\u00e4, joka stimuloi kollageenin (tyypit I, II ja IV) ja elastiinin synteesi\u00e4 ihossa, mik\u00e4 edist\u00e4\u00e4 kollageenikuitujen uudistumista.<\/p>\n<p><strong>Kokeilu ryppyj\u00e4 ehk\u00e4isev\u00e4st\u00e4 tehosta:<\/strong><\/p>\n<p>Tutkimuksessa, johon osallistui 28 koehenkil\u00f6\u00e4, palmitoyylitripeptidi-7:\u00e4\u00e4 levitettiin kasvoille. Tulokset osoittivat, ett\u00e4 ainesosan kahden kuukauden k\u00e4yt\u00f6n j\u00e4lkeen ihon kuitupitoisuus kasvoi merkitt\u00e4v\u00e4sti l\u00e4ht\u00f6tilanteeseen verrattuna.<\/p>\n<p><strong>Sovellukset:<\/strong><\/p>\n<p>Palmitoyylitripeptidi-7:\u00e4\u00e4 k\u00e4ytet\u00e4\u00e4n laajalti kosmetiikkatuotteissa, joilla on anti-ageing-, ryppyj\u00e4 ehk\u00e4isevi\u00e4, anti-inflammatorisia, kiinteytt\u00e4vi\u00e4, antiallergisia ja muita vaikutuksia. Se on keskeinen ainesosa tuotteissa, kuten geeleiss\u00e4, voiteissa, p\u00e4iv\u00e4- ja y\u00f6voiteissa, silm\u00e4seerumeissa ja kasvonaamioissa.<\/p>\n<p>Suositeltu pitoisuus tuotteissa k\u00e4ytett\u00e4v\u00e4ksi on 0,002-0,01 %.<\/p>\n","protected":false},"excerpt":{"rendered":"<p>Palmitoyylitripeptidi-7 on tehokas kosmetiikassa k\u00e4ytetty aktiivinen ainesosa, jonka p\u00e4\u00e4teht\u00e4v\u00e4n\u00e4 on v\u00e4hent\u00e4\u00e4 tulehdusprosesseja ihossa, mik\u00e4 parantaa ihon kiinteytt\u00e4 ja kimmoisuutta.<\/p>\n","protected":false},"featured_media":29297,"template":"","meta":{"_acf_changed":false},"product_brand":[],"product_cat":[2490],"product_tag":[],"class_list":{"0":"post-29323","1":"product","2":"type-product","3":"status-publish","4":"has-post-thumbnail","6":"product_cat-peptidit","7":"pa_metoda-pozyskiwania-biologinen-kayminen","9":"first","10":"instock","11":"shipping-taxable","12":"product-type-simple"},"acf":[],"yoast_head":"<!-- This site is optimized with the Yoast SEO plugin v27.5 - https:\/\/yoast.com\/product\/yoast-seo-wordpress\/ -->\n<title>Palmitoyylitetrapeptidi-7 - Tukkudistribuutio<\/title>\n<meta name=\"description\" content=\"Palmitoyylitripeptidi-7 on tehokas kosmetiikassa k\u00e4ytetty aktiivinen ainesosa, jonka p\u00e4\u00e4teht\u00e4v\u00e4n\u00e4 on v\u00e4hent\u00e4\u00e4 ihon tulehdusprosesseja.\" \/>\n<meta name=\"robots\" content=\"index, follow, max-snippet:-1, max-image-preview:large, max-video-preview:-1\" \/>\n<link rel=\"canonical\" href=\"https:\/\/naturalpoland.com\/fi\/tuotteet\/kosmetiikkateollisuuden-tuotteet\/peptidit\/palmitoyylitetrapeptidi-7\/\" \/>\n<meta property=\"og:locale\" content=\"fi_FI\" \/>\n<meta property=\"og:type\" content=\"article\" \/>\n<meta property=\"og:title\" content=\"Palmitoyylitetrapeptidi-7 - Tukkudistribuutio\" \/>\n<meta property=\"og:description\" content=\"Palmitoyylitripeptidi-7 on tehokas kosmetiikassa k\u00e4ytetty aktiivinen ainesosa, jonka p\u00e4\u00e4teht\u00e4v\u00e4n\u00e4 on v\u00e4hent\u00e4\u00e4 ihon tulehdusprosesseja.\" \/>\n<meta property=\"og:url\" content=\"https:\/\/naturalpoland.com\/fi\/tuotteet\/kosmetiikkateollisuuden-tuotteet\/peptidit\/palmitoyylitetrapeptidi-7\/\" \/>\n<meta property=\"og:site_name\" content=\"NATURAL POLAND - RAAKA-AINEIDEN TUKKUJAKELIJA\" \/>\n<meta property=\"article:publisher\" content=\"https:\/\/www.facebook.com\/naturalpoland.b2b\" \/>\n<meta property=\"og:image\" content=\"https:\/\/naturalpoland.com\/wp-content\/uploads\/copper_peptide.webp\" \/>\n\t<meta property=\"og:image:width\" content=\"618\" \/>\n\t<meta property=\"og:image:height\" content=\"618\" \/>\n\t<meta property=\"og:image:type\" content=\"image\/webp\" \/>\n<script type=\"application\/ld+json\" class=\"yoast-schema-graph\">{\"@context\":\"https:\\\/\\\/schema.org\",\"@graph\":[{\"@type\":\"WebPage\",\"@id\":\"https:\\\/\\\/naturalpoland.com\\\/fi\\\/tuotteet\\\/kosmetiikkateollisuuden-tuotteet\\\/peptidit\\\/palmitoyylitetrapeptidi-7\\\/\",\"url\":\"https:\\\/\\\/naturalpoland.com\\\/fi\\\/tuotteet\\\/kosmetiikkateollisuuden-tuotteet\\\/peptidit\\\/palmitoyylitetrapeptidi-7\\\/\",\"name\":\"Palmitoyylitetrapeptidi-7 - Tukkudistribuutio\",\"isPartOf\":{\"@id\":\"https:\\\/\\\/naturalpoland.com\\\/fi\\\/#website\"},\"primaryImageOfPage\":{\"@id\":\"https:\\\/\\\/naturalpoland.com\\\/fi\\\/tuotteet\\\/kosmetiikkateollisuuden-tuotteet\\\/peptidit\\\/palmitoyylitetrapeptidi-7\\\/#primaryimage\"},\"image\":{\"@id\":\"https:\\\/\\\/naturalpoland.com\\\/fi\\\/tuotteet\\\/kosmetiikkateollisuuden-tuotteet\\\/peptidit\\\/palmitoyylitetrapeptidi-7\\\/#primaryimage\"},\"thumbnailUrl\":\"https:\\\/\\\/naturalpoland.com\\\/wp-content\\\/uploads\\\/copper_peptide.webp\",\"datePublished\":\"2024-01-10T11:33:46+00:00\",\"description\":\"Palmitoyylitripeptidi-7 on tehokas kosmetiikassa k\u00e4ytetty aktiivinen ainesosa, jonka p\u00e4\u00e4teht\u00e4v\u00e4n\u00e4 on v\u00e4hent\u00e4\u00e4 ihon tulehdusprosesseja.\",\"breadcrumb\":{\"@id\":\"https:\\\/\\\/naturalpoland.com\\\/fi\\\/tuotteet\\\/kosmetiikkateollisuuden-tuotteet\\\/peptidit\\\/palmitoyylitetrapeptidi-7\\\/#breadcrumb\"},\"inLanguage\":\"fi\",\"potentialAction\":[{\"@type\":\"ReadAction\",\"target\":[\"https:\\\/\\\/naturalpoland.com\\\/fi\\\/tuotteet\\\/kosmetiikkateollisuuden-tuotteet\\\/peptidit\\\/palmitoyylitetrapeptidi-7\\\/\"]}]},{\"@type\":\"ImageObject\",\"inLanguage\":\"fi\",\"@id\":\"https:\\\/\\\/naturalpoland.com\\\/fi\\\/tuotteet\\\/kosmetiikkateollisuuden-tuotteet\\\/peptidit\\\/palmitoyylitetrapeptidi-7\\\/#primaryimage\",\"url\":\"https:\\\/\\\/naturalpoland.com\\\/wp-content\\\/uploads\\\/copper_peptide.webp\",\"contentUrl\":\"https:\\\/\\\/naturalpoland.com\\\/wp-content\\\/uploads\\\/copper_peptide.webp\",\"width\":618,\"height\":618,\"caption\":\"kuparipeptidi\"},{\"@type\":\"BreadcrumbList\",\"@id\":\"https:\\\/\\\/naturalpoland.com\\\/fi\\\/tuotteet\\\/kosmetiikkateollisuuden-tuotteet\\\/peptidit\\\/palmitoyylitetrapeptidi-7\\\/#breadcrumb\",\"itemListElement\":[{\"@type\":\"ListItem\",\"position\":1,\"name\":\"Etusivu\",\"item\":\"https:\\\/\\\/naturalpoland.com\\\/fi\\\/\"},{\"@type\":\"ListItem\",\"position\":2,\"name\":\"Tuotteet\",\"item\":\"https:\\\/\\\/naturalpoland.com\\\/fi\\\/tuotteet\\\/\"},{\"@type\":\"ListItem\",\"position\":3,\"name\":\"Palmitoyylitetrapeptidi-7\"}]},{\"@type\":\"WebSite\",\"@id\":\"https:\\\/\\\/naturalpoland.com\\\/fi\\\/#website\",\"url\":\"https:\\\/\\\/naturalpoland.com\\\/fi\\\/\",\"name\":\"NATURAL POLAND - RAAKA-AINEIDEN TUKKUJAKELIJA\",\"description\":\"Surowce dla przemys\u0142u spo\u017cywczego, kosmetycznego i farmaceutycznego\",\"publisher\":{\"@id\":\"https:\\\/\\\/naturalpoland.com\\\/fi\\\/#organization\"},\"potentialAction\":[{\"@type\":\"SearchAction\",\"target\":{\"@type\":\"EntryPoint\",\"urlTemplate\":\"https:\\\/\\\/naturalpoland.com\\\/fi\\\/?s={search_term_string}\"},\"query-input\":{\"@type\":\"PropertyValueSpecification\",\"valueRequired\":true,\"valueName\":\"search_term_string\"}}],\"inLanguage\":\"fi\"},{\"@type\":\"Organization\",\"@id\":\"https:\\\/\\\/naturalpoland.com\\\/fi\\\/#organization\",\"name\":\"Natural Poland\",\"url\":\"https:\\\/\\\/naturalpoland.com\\\/fi\\\/\",\"logo\":{\"@type\":\"ImageObject\",\"inLanguage\":\"fi\",\"@id\":\"https:\\\/\\\/naturalpoland.com\\\/fi\\\/#\\\/schema\\\/logo\\\/image\\\/\",\"url\":\"https:\\\/\\\/naturalpoland.com\\\/wp-content\\\/uploads\\\/2021\\\/05\\\/natural-poland-icon.png\",\"contentUrl\":\"https:\\\/\\\/naturalpoland.com\\\/wp-content\\\/uploads\\\/2021\\\/05\\\/natural-poland-icon.png\",\"width\":512,\"height\":512,\"caption\":\"Natural Poland\"},\"image\":{\"@id\":\"https:\\\/\\\/naturalpoland.com\\\/fi\\\/#\\\/schema\\\/logo\\\/image\\\/\"},\"sameAs\":[\"https:\\\/\\\/www.facebook.com\\\/naturalpoland.b2b\",\"https:\\\/\\\/pl.linkedin.com\\\/company\\\/natural-poland\",\"https:\\\/\\\/www.youtube.com\\\/channel\\\/UCgeGGkvOMahZo-xu_MSEWxg\"]}]}<\/script>\n<!-- \/ Yoast SEO plugin. -->","yoast_head_json":{"title":"Palmitoyylitetrapeptidi-7 - Tukkudistribuutio","description":"Palmitoyylitripeptidi-7 on tehokas kosmetiikassa k\u00e4ytetty aktiivinen ainesosa, jonka p\u00e4\u00e4teht\u00e4v\u00e4n\u00e4 on v\u00e4hent\u00e4\u00e4 ihon tulehdusprosesseja.","robots":{"index":"index","follow":"follow","max-snippet":"max-snippet:-1","max-image-preview":"max-image-preview:large","max-video-preview":"max-video-preview:-1"},"canonical":"https:\/\/naturalpoland.com\/fi\/tuotteet\/kosmetiikkateollisuuden-tuotteet\/peptidit\/palmitoyylitetrapeptidi-7\/","og_locale":"fi_FI","og_type":"article","og_title":"Palmitoyylitetrapeptidi-7 - Tukkudistribuutio","og_description":"Palmitoyylitripeptidi-7 on tehokas kosmetiikassa k\u00e4ytetty aktiivinen ainesosa, jonka p\u00e4\u00e4teht\u00e4v\u00e4n\u00e4 on v\u00e4hent\u00e4\u00e4 ihon tulehdusprosesseja.","og_url":"https:\/\/naturalpoland.com\/fi\/tuotteet\/kosmetiikkateollisuuden-tuotteet\/peptidit\/palmitoyylitetrapeptidi-7\/","og_site_name":"NATURAL POLAND - RAAKA-AINEIDEN TUKKUJAKELIJA","article_publisher":"https:\/\/www.facebook.com\/naturalpoland.b2b","og_image":[{"width":618,"height":618,"url":"https:\/\/naturalpoland.com\/wp-content\/uploads\/copper_peptide.webp","type":"image\/webp"}],"schema":{"@context":"https:\/\/schema.org","@graph":[{"@type":"WebPage","@id":"https:\/\/naturalpoland.com\/fi\/tuotteet\/kosmetiikkateollisuuden-tuotteet\/peptidit\/palmitoyylitetrapeptidi-7\/","url":"https:\/\/naturalpoland.com\/fi\/tuotteet\/kosmetiikkateollisuuden-tuotteet\/peptidit\/palmitoyylitetrapeptidi-7\/","name":"Palmitoyylitetrapeptidi-7 - Tukkudistribuutio","isPartOf":{"@id":"https:\/\/naturalpoland.com\/fi\/#website"},"primaryImageOfPage":{"@id":"https:\/\/naturalpoland.com\/fi\/tuotteet\/kosmetiikkateollisuuden-tuotteet\/peptidit\/palmitoyylitetrapeptidi-7\/#primaryimage"},"image":{"@id":"https:\/\/naturalpoland.com\/fi\/tuotteet\/kosmetiikkateollisuuden-tuotteet\/peptidit\/palmitoyylitetrapeptidi-7\/#primaryimage"},"thumbnailUrl":"https:\/\/naturalpoland.com\/wp-content\/uploads\/copper_peptide.webp","datePublished":"2024-01-10T11:33:46+00:00","description":"Palmitoyylitripeptidi-7 on tehokas kosmetiikassa k\u00e4ytetty aktiivinen ainesosa, jonka p\u00e4\u00e4teht\u00e4v\u00e4n\u00e4 on v\u00e4hent\u00e4\u00e4 ihon tulehdusprosesseja.","breadcrumb":{"@id":"https:\/\/naturalpoland.com\/fi\/tuotteet\/kosmetiikkateollisuuden-tuotteet\/peptidit\/palmitoyylitetrapeptidi-7\/#breadcrumb"},"inLanguage":"fi","potentialAction":[{"@type":"ReadAction","target":["https:\/\/naturalpoland.com\/fi\/tuotteet\/kosmetiikkateollisuuden-tuotteet\/peptidit\/palmitoyylitetrapeptidi-7\/"]}]},{"@type":"ImageObject","inLanguage":"fi","@id":"https:\/\/naturalpoland.com\/fi\/tuotteet\/kosmetiikkateollisuuden-tuotteet\/peptidit\/palmitoyylitetrapeptidi-7\/#primaryimage","url":"https:\/\/naturalpoland.com\/wp-content\/uploads\/copper_peptide.webp","contentUrl":"https:\/\/naturalpoland.com\/wp-content\/uploads\/copper_peptide.webp","width":618,"height":618,"caption":"kuparipeptidi"},{"@type":"BreadcrumbList","@id":"https:\/\/naturalpoland.com\/fi\/tuotteet\/kosmetiikkateollisuuden-tuotteet\/peptidit\/palmitoyylitetrapeptidi-7\/#breadcrumb","itemListElement":[{"@type":"ListItem","position":1,"name":"Etusivu","item":"https:\/\/naturalpoland.com\/fi\/"},{"@type":"ListItem","position":2,"name":"Tuotteet","item":"https:\/\/naturalpoland.com\/fi\/tuotteet\/"},{"@type":"ListItem","position":3,"name":"Palmitoyylitetrapeptidi-7"}]},{"@type":"WebSite","@id":"https:\/\/naturalpoland.com\/fi\/#website","url":"https:\/\/naturalpoland.com\/fi\/","name":"NATURAL POLAND - RAAKA-AINEIDEN TUKKUJAKELIJA","description":"Surowce dla przemys\u0142u spo\u017cywczego, kosmetycznego i farmaceutycznego","publisher":{"@id":"https:\/\/naturalpoland.com\/fi\/#organization"},"potentialAction":[{"@type":"SearchAction","target":{"@type":"EntryPoint","urlTemplate":"https:\/\/naturalpoland.com\/fi\/?s={search_term_string}"},"query-input":{"@type":"PropertyValueSpecification","valueRequired":true,"valueName":"search_term_string"}}],"inLanguage":"fi"},{"@type":"Organization","@id":"https:\/\/naturalpoland.com\/fi\/#organization","name":"Natural Poland","url":"https:\/\/naturalpoland.com\/fi\/","logo":{"@type":"ImageObject","inLanguage":"fi","@id":"https:\/\/naturalpoland.com\/fi\/#\/schema\/logo\/image\/","url":"https:\/\/naturalpoland.com\/wp-content\/uploads\/2021\/05\/natural-poland-icon.png","contentUrl":"https:\/\/naturalpoland.com\/wp-content\/uploads\/2021\/05\/natural-poland-icon.png","width":512,"height":512,"caption":"Natural Poland"},"image":{"@id":"https:\/\/naturalpoland.com\/fi\/#\/schema\/logo\/image\/"},"sameAs":["https:\/\/www.facebook.com\/naturalpoland.b2b","https:\/\/pl.linkedin.com\/company\/natural-poland","https:\/\/www.youtube.com\/channel\/UCgeGGkvOMahZo-xu_MSEWxg"]}]}},"_links":{"self":[{"href":"https:\/\/naturalpoland.com\/fi\/wp-json\/wp\/v2\/product\/29323","targetHints":{"allow":["GET"]}}],"collection":[{"href":"https:\/\/naturalpoland.com\/fi\/wp-json\/wp\/v2\/product"}],"about":[{"href":"https:\/\/naturalpoland.com\/fi\/wp-json\/wp\/v2\/types\/product"}],"wp:featuredmedia":[{"embeddable":true,"href":"https:\/\/naturalpoland.com\/fi\/wp-json\/wp\/v2\/media\/29297"}],"wp:attachment":[{"href":"https:\/\/naturalpoland.com\/fi\/wp-json\/wp\/v2\/media?parent=29323"}],"wp:term":[{"taxonomy":"product_brand","embeddable":true,"href":"https:\/\/naturalpoland.com\/fi\/wp-json\/wp\/v2\/product_brand?post=29323"},{"taxonomy":"product_cat","embeddable":true,"href":"https:\/\/naturalpoland.com\/fi\/wp-json\/wp\/v2\/product_cat?post=29323"},{"taxonomy":"product_tag","embeddable":true,"href":"https:\/\/naturalpoland.com\/fi\/wp-json\/wp\/v2\/product_tag?post=29323"}],"curies":[{"name":"wp","href":"https:\/\/api.w.org\/{rel}","templated":true}]}}